{"id":281387,"date":"2022-06-28T10:17:11","date_gmt":"2022-06-28T09:17:11","guid":{"rendered":"https:\/\/ecosupplements.be\/product\/esophageal-guardian-berry-flavor-60-comprimes-a-macher-vegetariens\/"},"modified":"2025-08-27T11:19:09","modified_gmt":"2025-08-27T10:19:09","slug":"esophageal-guardian-berry-flavor-60-comprimes-a-macher-vegetariens","status":"publish","type":"product","link":"https:\/\/ecosupplements.be\/fr\/produit\/esophageal-guardian-berry-flavor-60-comprimes-a-macher-vegetariens\/","title":{"rendered":"Esophageal Guardian, Berry Flavor &#8211; 60 comprim\u00e9s \u00e0 m\u00e2cher v\u00e9g\u00e9tariens"},"content":{"rendered":"<h1 style=\"text-align: center;\">Life Extension &#8211; Gardien de l&#8217;\u0153sophage<\/h1>\n<h3 style=\"text-align: center;\">Favorise la sant\u00e9 gastro-\u0153sophagienne<\/h3>\n<p>Esophageal Guardian est un compl\u00e9ment \u00e0 m\u00e2cher qui aide \u00e0 prot\u00e9ger la d\u00e9licate paroi de votre \u0153sophage des acides gastriques pendant la digestion en cr\u00e9ant une barri\u00e8re temporaire en mousse au-dessus du contenu de votre estomac. <\/p>\n<p>Esophageal Guardian aide \u00e0 prot\u00e9ger la d\u00e9licate paroi de votre \u0153sophage contre les acides agressifs de l&#8217;estomac. Moins d&#8217;une minute apr\u00e8s que vous ayez m\u00e2ch\u00e9 et aval\u00e9 deux comprim\u00e9s au go\u00fbt de baies, cette formule cr\u00e9e une couche de mousse temporaire sur le contenu de votre estomac. Des \u00e9tudes cliniques montrent que cette barri\u00e8re aide \u00e0 prot\u00e9ger les tissus de l&#8217;\u0153sophage.<br \/>\nEsophageal Guardian cr\u00e9e une barri\u00e8re qui aide \u00e0 prot\u00e9ger la d\u00e9licate muqueuse de votre \u0153sophage contre les acides agressifs de l&#8217;estomac.<br \/>\nAvantages du gardien de l&#8217;\u0153sophage<br \/>\nFournit jusqu&#8217;\u00e0 4 heures de confort et de soulagement digestif<br \/>\nForme une barri\u00e8re temporaire de mousse sur le contenu de l&#8217;estomac<br \/>\nAide \u00e0 prot\u00e9ger la d\u00e9licate paroi de l&#8217;\u0153sophage<br \/>\nAide \u00e0 soulager les troubles gastriques<\/p>\n<p><img decoding=\"async\" src=\"https:\/\/ecosupplements.be\/wp-content\/uploads\/2025\/08\/gluten-free-1.png\" title=\"Sans gluten\" alt=\"Gluten free\"><img decoding=\"async\" src=\"https:\/\/ecosupplements.be\/wp-content\/uploads\/2025\/08\/non-gmo-1.png\" title=\"Non-OGM\" alt=\"Non-GMO\"><\/p>\n","protected":false},"excerpt":{"rendered":"<p>Life Extension &#8211; Gardien de l&#8217;\u0153sophage Favorise la sant\u00e9 gastro-\u0153sophagienne Esophageal Guardian est un compl\u00e9ment \u00e0 m\u00e2cher qui aide \u00e0 prot\u00e9ger la d\u00e9licate paroi de votre \u0153sophage des acides gastriques pendant la digestion en cr\u00e9ant une barri\u00e8re temporaire en mousse au-dessus du contenu de votre estomac. Esophageal Guardian aide \u00e0 prot\u00e9ger la d\u00e9licate paroi de [&#8230;]\n","protected":false},"featured_media":247304,"comment_status":"open","ping_status":"open","template":"","meta":[],"product_brand":[4723],"product_cat":[5093,5087,5052],"product_tag":[5069],"class_list":{"0":"post-281387","1":"product","2":"type-product","3":"status-publish","4":"has-post-thumbnail","6":"product_brand-life-extension-2","7":"product_cat-sante-digestive","8":"product_cat-sante-digestive-fibres","9":"product_cat-sante-et-bien-etre","10":"product_tag-topeco-2","12":"first","13":"instock","14":"taxable","15":"shipping-taxable","16":"purchasable","17":"product-type-simple"},"yoast_head":"<!-- This site is optimized with the Yoast SEO Premium plugin v27.5 (Yoast SEO v27.5) - https:\/\/yoast.com\/product\/yoast-seo-premium-wordpress\/ -->\n<title>Esophageal Guardian, Berry Flavor - 60 comprim\u00e9s \u00e0 m\u00e2cher v\u00e9g\u00e9tariens - ECO Supplements<\/title>\n<meta name=\"description\" content=\"Wij hebben een ruime keuze aan producten van Esophageal Guardian, Berry Flavor - 60 comprim\u00e9s \u00e0 m\u00e2cher v\u00e9g\u00e9tariens . Winkel bij Eco Supplements altijd gratis verzending boven 100\u20ac\" \/>\n<meta name=\"robots\" content=\"index, follow, max-snippet:-1, max-image-preview:large, max-video-preview:-1\" \/>\n<link rel=\"canonical\" href=\"https:\/\/ecosupplements.be\/fr\/produit\/esophageal-guardian-berry-flavor-60-comprimes-a-macher-vegetariens\/\" \/>\n<meta property=\"og:locale\" content=\"fr_FR\" \/>\n<meta property=\"og:type\" content=\"article\" \/>\n<meta property=\"og:title\" content=\"Esophageal Guardian, Berry Flavor - 60 comprim\u00e9s \u00e0 m\u00e2cher v\u00e9g\u00e9tariens\" \/>\n<meta property=\"og:description\" content=\"Wij hebben een ruime keuze aan producten van Esophageal Guardian, Berry Flavor - 60 comprim\u00e9s \u00e0 m\u00e2cher v\u00e9g\u00e9tariens . Winkel bij Eco Supplements altijd gratis verzending boven 100\u20ac\" \/>\n<meta property=\"og:url\" content=\"https:\/\/ecosupplements.be\/fr\/produit\/esophageal-guardian-berry-flavor-60-comprimes-a-macher-vegetariens\/\" \/>\n<meta property=\"og:site_name\" content=\"ECO Supplements\" \/>\n<meta property=\"article:modified_time\" content=\"2025-08-27T10:19:09+00:00\" \/>\n<meta property=\"og:image\" content=\"https:\/\/ecosupplements.be\/wp-content\/uploads\/2025\/08\/Esophageal-Guardian-Berry-Flavor-60-vegetarian-chewable-tabs-1.jpg\" \/>\n\t<meta property=\"og:image:width\" content=\"750\" \/>\n\t<meta property=\"og:image:height\" content=\"750\" \/>\n\t<meta property=\"og:image:type\" content=\"image\/jpeg\" \/>\n<meta name=\"twitter:card\" content=\"summary_large_image\" \/>\n<meta name=\"twitter:label1\" content=\"Prix\" \/>\n\t<meta name=\"twitter:data1\" content=\"36.16&nbsp;&euro;\" \/>\n\t<meta name=\"twitter:label2\" content=\"Disponibilit\u00e9\" \/>\n\t<meta name=\"twitter:data2\" content=\"En stock\" \/>\n<script type=\"application\/ld+json\" class=\"yoast-schema-graph\">{\"@context\":\"https:\\\/\\\/schema.org\",\"@graph\":[{\"@type\":[\"WebPage\",\"ItemPage\"],\"@id\":\"https:\\\/\\\/ecosupplements.be\\\/fr\\\/produit\\\/esophageal-guardian-berry-flavor-60-comprimes-a-macher-vegetariens\\\/\",\"url\":\"https:\\\/\\\/ecosupplements.be\\\/fr\\\/produit\\\/esophageal-guardian-berry-flavor-60-comprimes-a-macher-vegetariens\\\/\",\"name\":\"Esophageal Guardian, Berry Flavor - 60 comprim\u00e9s \u00e0 m\u00e2cher v\u00e9g\u00e9tariens - ECO Supplements\",\"isPartOf\":{\"@id\":\"https:\\\/\\\/ecosupplements.be\\\/fr\\\/#website\"},\"primaryImageOfPage\":{\"@id\":\"https:\\\/\\\/ecosupplements.be\\\/fr\\\/produit\\\/esophageal-guardian-berry-flavor-60-comprimes-a-macher-vegetariens\\\/#primaryimage\"},\"image\":{\"@id\":\"https:\\\/\\\/ecosupplements.be\\\/fr\\\/produit\\\/esophageal-guardian-berry-flavor-60-comprimes-a-macher-vegetariens\\\/#primaryimage\"},\"thumbnailUrl\":\"https:\\\/\\\/ecosupplements.be\\\/wp-content\\\/uploads\\\/2025\\\/08\\\/Esophageal-Guardian-Berry-Flavor-60-vegetarian-chewable-tabs-1.jpg\",\"datePublished\":\"2022-06-28T09:17:11+00:00\",\"dateModified\":\"2025-08-27T10:19:09+00:00\",\"description\":\"Wij hebben een ruime keuze aan producten van Esophageal Guardian, Berry Flavor - 60 comprim\u00e9s \u00e0 m\u00e2cher v\u00e9g\u00e9tariens . Winkel bij Eco Supplements altijd gratis verzending boven 100\u20ac\",\"breadcrumb\":{\"@id\":\"https:\\\/\\\/ecosupplements.be\\\/fr\\\/produit\\\/esophageal-guardian-berry-flavor-60-comprimes-a-macher-vegetariens\\\/#breadcrumb\"},\"inLanguage\":\"fr-FR\",\"potentialAction\":[{\"@type\":\"ReadAction\",\"target\":[\"https:\\\/\\\/ecosupplements.be\\\/fr\\\/produit\\\/esophageal-guardian-berry-flavor-60-comprimes-a-macher-vegetariens\\\/\"]}]},{\"@type\":\"ImageObject\",\"inLanguage\":\"fr-FR\",\"@id\":\"https:\\\/\\\/ecosupplements.be\\\/fr\\\/produit\\\/esophageal-guardian-berry-flavor-60-comprimes-a-macher-vegetariens\\\/#primaryimage\",\"url\":\"https:\\\/\\\/ecosupplements.be\\\/wp-content\\\/uploads\\\/2025\\\/08\\\/Esophageal-Guardian-Berry-Flavor-60-vegetarian-chewable-tabs-1.jpg\",\"contentUrl\":\"https:\\\/\\\/ecosupplements.be\\\/wp-content\\\/uploads\\\/2025\\\/08\\\/Esophageal-Guardian-Berry-Flavor-60-vegetarian-chewable-tabs-1.jpg\",\"width\":750,\"height\":750},{\"@type\":\"BreadcrumbList\",\"@id\":\"https:\\\/\\\/ecosupplements.be\\\/fr\\\/produit\\\/esophageal-guardian-berry-flavor-60-comprimes-a-macher-vegetariens\\\/#breadcrumb\",\"itemListElement\":[{\"@type\":\"ListItem\",\"position\":1,\"name\":\"Home\",\"item\":\"https:\\\/\\\/ecosupplements.be\\\/fr\\\/\"},{\"@type\":\"ListItem\",\"position\":2,\"name\":\"Boutique\",\"item\":\"https:\\\/\\\/ecosupplements.be\\\/fr\\\/boutique\\\/\"},{\"@type\":\"ListItem\",\"position\":3,\"name\":\"Esophageal Guardian, Berry Flavor &#8211; 60 comprim\u00e9s \u00e0 m\u00e2cher v\u00e9g\u00e9tariens\"}]},{\"@type\":\"WebSite\",\"@id\":\"https:\\\/\\\/ecosupplements.be\\\/fr\\\/#website\",\"url\":\"https:\\\/\\\/ecosupplements.be\\\/fr\\\/\",\"name\":\"ECO Supplements\",\"description\":\"Eco Supplements - Gezonde supplementen\",\"publisher\":{\"@id\":\"https:\\\/\\\/ecosupplements.be\\\/fr\\\/#organization\"},\"potentialAction\":[{\"@type\":\"SearchAction\",\"target\":{\"@type\":\"EntryPoint\",\"urlTemplate\":\"https:\\\/\\\/ecosupplements.be\\\/fr\\\/?s={search_term_string}\"},\"query-input\":{\"@type\":\"PropertyValueSpecification\",\"valueRequired\":true,\"valueName\":\"search_term_string\"}}],\"inLanguage\":\"fr-FR\"},{\"@type\":\"Organization\",\"@id\":\"https:\\\/\\\/ecosupplements.be\\\/fr\\\/#organization\",\"name\":\"Eco Supplements\",\"url\":\"https:\\\/\\\/ecosupplements.be\\\/fr\\\/\",\"logo\":{\"@type\":\"ImageObject\",\"inLanguage\":\"fr-FR\",\"@id\":\"https:\\\/\\\/ecosupplements.be\\\/fr\\\/#\\\/schema\\\/logo\\\/image\\\/\",\"url\":\"https:\\\/\\\/ecosupplements.be\\\/wp-content\\\/uploads\\\/2022\\\/06\\\/ecosupplement-family.png\",\"contentUrl\":\"https:\\\/\\\/ecosupplements.be\\\/wp-content\\\/uploads\\\/2022\\\/06\\\/ecosupplement-family.png\",\"width\":593,\"height\":374,\"caption\":\"Eco Supplements\"},\"image\":{\"@id\":\"https:\\\/\\\/ecosupplements.be\\\/fr\\\/#\\\/schema\\\/logo\\\/image\\\/\"}}]}<\/script>\n<meta property=\"product:brand\" content=\"Life Extension\" \/>\n<meta property=\"product:price:amount\" content=\"36.16\" \/>\n<meta property=\"product:price:currency\" content=\"EUR\" \/>\n<meta property=\"og:availability\" content=\"instock\" \/>\n<meta property=\"product:availability\" content=\"instock\" \/>\n<meta property=\"product:retailer_item_id\" content=\"737870173762\" \/>\n<meta property=\"product:condition\" content=\"new\" \/>\n<!-- \/ Yoast SEO Premium plugin. -->","yoast_head_json":{"title":"Esophageal Guardian, Berry Flavor - 60 comprim\u00e9s \u00e0 m\u00e2cher v\u00e9g\u00e9tariens - ECO Supplements","description":"Wij hebben een ruime keuze aan producten van Esophageal Guardian, Berry Flavor - 60 comprim\u00e9s \u00e0 m\u00e2cher v\u00e9g\u00e9tariens . Winkel bij Eco Supplements altijd gratis verzending boven 100\u20ac","robots":{"index":"index","follow":"follow","max-snippet":"max-snippet:-1","max-image-preview":"max-image-preview:large","max-video-preview":"max-video-preview:-1"},"canonical":"https:\/\/ecosupplements.be\/fr\/produit\/esophageal-guardian-berry-flavor-60-comprimes-a-macher-vegetariens\/","og_locale":"fr_FR","og_type":"article","og_title":"Esophageal Guardian, Berry Flavor - 60 comprim\u00e9s \u00e0 m\u00e2cher v\u00e9g\u00e9tariens","og_description":"Wij hebben een ruime keuze aan producten van Esophageal Guardian, Berry Flavor - 60 comprim\u00e9s \u00e0 m\u00e2cher v\u00e9g\u00e9tariens . Winkel bij Eco Supplements altijd gratis verzending boven 100\u20ac","og_url":"https:\/\/ecosupplements.be\/fr\/produit\/esophageal-guardian-berry-flavor-60-comprimes-a-macher-vegetariens\/","og_site_name":"ECO Supplements","article_modified_time":"2025-08-27T10:19:09+00:00","og_image":[{"width":750,"height":750,"url":"https:\/\/ecosupplements.be\/wp-content\/uploads\/2025\/08\/Esophageal-Guardian-Berry-Flavor-60-vegetarian-chewable-tabs-1.jpg","type":"image\/jpeg"}],"twitter_card":"summary_large_image","twitter_misc":{"Prix":"36.16&nbsp;&euro;","Disponibilit\u00e9":"En stock"},"schema":{"@context":"https:\/\/schema.org","@graph":[{"@type":["WebPage","ItemPage"],"@id":"https:\/\/ecosupplements.be\/fr\/produit\/esophageal-guardian-berry-flavor-60-comprimes-a-macher-vegetariens\/","url":"https:\/\/ecosupplements.be\/fr\/produit\/esophageal-guardian-berry-flavor-60-comprimes-a-macher-vegetariens\/","name":"Esophageal Guardian, Berry Flavor - 60 comprim\u00e9s \u00e0 m\u00e2cher v\u00e9g\u00e9tariens - ECO Supplements","isPartOf":{"@id":"https:\/\/ecosupplements.be\/fr\/#website"},"primaryImageOfPage":{"@id":"https:\/\/ecosupplements.be\/fr\/produit\/esophageal-guardian-berry-flavor-60-comprimes-a-macher-vegetariens\/#primaryimage"},"image":{"@id":"https:\/\/ecosupplements.be\/fr\/produit\/esophageal-guardian-berry-flavor-60-comprimes-a-macher-vegetariens\/#primaryimage"},"thumbnailUrl":"https:\/\/ecosupplements.be\/wp-content\/uploads\/2025\/08\/Esophageal-Guardian-Berry-Flavor-60-vegetarian-chewable-tabs-1.jpg","datePublished":"2022-06-28T09:17:11+00:00","dateModified":"2025-08-27T10:19:09+00:00","description":"Wij hebben een ruime keuze aan producten van Esophageal Guardian, Berry Flavor - 60 comprim\u00e9s \u00e0 m\u00e2cher v\u00e9g\u00e9tariens . Winkel bij Eco Supplements altijd gratis verzending boven 100\u20ac","breadcrumb":{"@id":"https:\/\/ecosupplements.be\/fr\/produit\/esophageal-guardian-berry-flavor-60-comprimes-a-macher-vegetariens\/#breadcrumb"},"inLanguage":"fr-FR","potentialAction":[{"@type":"ReadAction","target":["https:\/\/ecosupplements.be\/fr\/produit\/esophageal-guardian-berry-flavor-60-comprimes-a-macher-vegetariens\/"]}]},{"@type":"ImageObject","inLanguage":"fr-FR","@id":"https:\/\/ecosupplements.be\/fr\/produit\/esophageal-guardian-berry-flavor-60-comprimes-a-macher-vegetariens\/#primaryimage","url":"https:\/\/ecosupplements.be\/wp-content\/uploads\/2025\/08\/Esophageal-Guardian-Berry-Flavor-60-vegetarian-chewable-tabs-1.jpg","contentUrl":"https:\/\/ecosupplements.be\/wp-content\/uploads\/2025\/08\/Esophageal-Guardian-Berry-Flavor-60-vegetarian-chewable-tabs-1.jpg","width":750,"height":750},{"@type":"BreadcrumbList","@id":"https:\/\/ecosupplements.be\/fr\/produit\/esophageal-guardian-berry-flavor-60-comprimes-a-macher-vegetariens\/#breadcrumb","itemListElement":[{"@type":"ListItem","position":1,"name":"Home","item":"https:\/\/ecosupplements.be\/fr\/"},{"@type":"ListItem","position":2,"name":"Boutique","item":"https:\/\/ecosupplements.be\/fr\/boutique\/"},{"@type":"ListItem","position":3,"name":"Esophageal Guardian, Berry Flavor &#8211; 60 comprim\u00e9s \u00e0 m\u00e2cher v\u00e9g\u00e9tariens"}]},{"@type":"WebSite","@id":"https:\/\/ecosupplements.be\/fr\/#website","url":"https:\/\/ecosupplements.be\/fr\/","name":"ECO Supplements","description":"Eco Supplements - Gezonde supplementen","publisher":{"@id":"https:\/\/ecosupplements.be\/fr\/#organization"},"potentialAction":[{"@type":"SearchAction","target":{"@type":"EntryPoint","urlTemplate":"https:\/\/ecosupplements.be\/fr\/?s={search_term_string}"},"query-input":{"@type":"PropertyValueSpecification","valueRequired":true,"valueName":"search_term_string"}}],"inLanguage":"fr-FR"},{"@type":"Organization","@id":"https:\/\/ecosupplements.be\/fr\/#organization","name":"Eco Supplements","url":"https:\/\/ecosupplements.be\/fr\/","logo":{"@type":"ImageObject","inLanguage":"fr-FR","@id":"https:\/\/ecosupplements.be\/fr\/#\/schema\/logo\/image\/","url":"https:\/\/ecosupplements.be\/wp-content\/uploads\/2022\/06\/ecosupplement-family.png","contentUrl":"https:\/\/ecosupplements.be\/wp-content\/uploads\/2022\/06\/ecosupplement-family.png","width":593,"height":374,"caption":"Eco Supplements"},"image":{"@id":"https:\/\/ecosupplements.be\/fr\/#\/schema\/logo\/image\/"}}]},"product_brand":"Life Extension","product_price_amount":"36.16","product_price_currency":"EUR","og_availability":"instock","product_availability":"instock","product_retailer_item_id":"737870173762","product_condition":"new"},"_links":{"self":[{"href":"https:\/\/ecosupplements.be\/fr\/wp-json\/wp\/v2\/product\/281387","targetHints":{"allow":["GET"]}}],"collection":[{"href":"https:\/\/ecosupplements.be\/fr\/wp-json\/wp\/v2\/product"}],"about":[{"href":"https:\/\/ecosupplements.be\/fr\/wp-json\/wp\/v2\/types\/product"}],"replies":[{"embeddable":true,"href":"https:\/\/ecosupplements.be\/fr\/wp-json\/wp\/v2\/comments?post=281387"}],"wp:featuredmedia":[{"embeddable":true,"href":"https:\/\/ecosupplements.be\/fr\/wp-json\/wp\/v2\/media\/247304"}],"wp:attachment":[{"href":"https:\/\/ecosupplements.be\/fr\/wp-json\/wp\/v2\/media?parent=281387"}],"wp:term":[{"taxonomy":"product_brand","embeddable":true,"href":"https:\/\/ecosupplements.be\/fr\/wp-json\/wp\/v2\/product_brand?post=281387"},{"taxonomy":"product_cat","embeddable":true,"href":"https:\/\/ecosupplements.be\/fr\/wp-json\/wp\/v2\/product_cat?post=281387"},{"taxonomy":"product_tag","embeddable":true,"href":"https:\/\/ecosupplements.be\/fr\/wp-json\/wp\/v2\/product_tag?post=281387"}],"curies":[{"name":"wp","href":"https:\/\/api.w.org\/{rel}","templated":true}]}}