{"id":281388,"date":"2022-06-28T10:17:11","date_gmt":"2022-06-28T09:17:11","guid":{"rendered":"https:\/\/ecosupplements.be\/product\/estrogen-for-women-30-comprimes-vegetariens\/"},"modified":"2025-08-27T11:19:12","modified_gmt":"2025-08-27T10:19:12","slug":"estrogen-for-women-30-comprimes-vegetariens","status":"publish","type":"product","link":"https:\/\/ecosupplements.be\/fr\/produit\/estrogen-for-women-30-comprimes-vegetariens\/","title":{"rendered":"Estrogen For Women &#8211; 30 comprim\u00e9s v\u00e9g\u00e9tariens"},"content":{"rendered":"<h1 style=\"text-align: center;\">Life Extension &#8211; \u0152strog\u00e8ne pour les femmes<\/h1>\n<h3 style=\"text-align: center;\">Pour un soutien hormonal f\u00e9minin sain<\/h3>\n<p>Estrogen for Women est une formule unique, \u00e0 base de plantes, con\u00e7ue pour r\u00e9duire les sympt\u00f4mes de la m\u00e9nopause et soutenir un m\u00e9tabolisme sain des \u0153strog\u00e8nes. Elle contient des isoflavones de soja, du calcium et des plantes puissantes comme des extraits concentr\u00e9s de houblon, des extraits de brocoli, de r\u00e9glisse et de gattilier, du dong quai, et plus encore. Maintenant, un seul comprim\u00e9 par jour. Obtenez un soulagement des sympt\u00f4mes de la m\u00e9nopause avec Estrogen for Women !<\/p>\n<p>Les avantages en un coup d&#8217;\u0153il :<\/p>\n<p>&nbsp;Soutien cibl\u00e9 pour les femmes pendant et apr\u00e8s la m\u00e9nopause<br \/>\n&nbsp;Les extraits de plantes r\u00e9duisent les sympt\u00f4mes de la m\u00e9nopause<br \/>\n&nbsp;Un comprim\u00e9 par jour aide \u00e0 att\u00e9nuer les bouff\u00e9es de chaleur<br \/>\n&nbsp;De puissants phytonutriments aident \u00e0 bloquer les effets ind\u00e9sirables des \u0153strog\u00e8nes.<br \/>\n&nbsp;Favorise \u00e9galement un m\u00e9tabolisme sain des \u0153strog\u00e8nes<\/p>\n<p>Nous commen\u00e7ons par un extrait d&#8217;isoflavones de soja standardis\u00e9 et du calcium, car les compos\u00e9s du soja appel\u00e9s phytoestrog\u00e8nes offrent une vari\u00e9t\u00e9 de bienfaits pour la sant\u00e9. Et \u00e0 mesure que vous vieillissez, l&#8217;apport en calcium est important. Mais Estrogen for Women est bien plus qu&#8217;un simple suppl\u00e9ment de soja ou de calcium : C&#8217;est un soutien nutritionnel puissant et cibl\u00e9 pour les femmes pendant la m\u00e9nopause et au-del\u00e0.<\/p>\n<p>R\u00e9duire les bouff\u00e9es de chaleur et l&#8217;inconfort<\/p>\n<p>Estrogen for Women contient maintenant Estro8PN, un extrait de houblon ultra-concentr\u00e9, ainsi que des extraits de racine de r\u00e9glisse et de lignanes d&#8217;\u00e9pinette de Norv\u00e8ge pour aider \u00e0 r\u00e9duire les bouff\u00e9es de chaleur, les sueurs nocturnes et les autres d\u00e9sagr\u00e9ments de la m\u00e9nopause. Il a \u00e9t\u00e9 d\u00e9montr\u00e9 que l&#8217;extrait de houblon r\u00e9duit la fr\u00e9quence des bouff\u00e9es de chaleur.1 L&#8217;extrait de r\u00e9glisse r\u00e9duit la s\u00e9v\u00e9rit\u00e9 des bouff\u00e9es de chaleur,2 et il a \u00e9t\u00e9 d\u00e9montr\u00e9 que les lignanes de graines de lin r\u00e9duisent la fr\u00e9quence des bouff\u00e9es de chaleur.2<\/p>\n<p>Favoriser un m\u00e9tabolisme sain des \u0153strog\u00e8nes<\/p>\n<p>Estrogen for Women contient un extrait de brocoli super-concentr\u00e9 pour encourager un m\u00e9tabolisme sain des \u0153strog\u00e8nes et favoriser une division cellulaire saine.3 Le dong quai, une herbe utilis\u00e9e dans la m\u00e9decine traditionnelle chinoise, est cens\u00e9 aider \u00e0 maintenir la sant\u00e9 menstruelle et \u00e0 att\u00e9nuer les sympt\u00f4mes de la m\u00e9nopause, et le gattilier (Vitex agnus-castus) soutient l&#8217;\u00e9quilibre des hormones f\u00e9minines et des neurotransmetteurs &#8211; deux facteurs importants lorsqu&#8217;il s&#8217;agit de soulager la m\u00e9nopause.<\/p>\n<p>Notre formulation pour le soulagement de la m\u00e9nopause offre des extraits \u00e0 base de plantes ainsi que des nutriments vitaux pour r\u00e9duire l&#8217;impact de la m\u00e9nopause. Essayez Estrogen for Women d\u00e8s aujourd&#8217;hui !<\/p>\n<p><img decoding=\"async\" src=\"https:\/\/ecosupplements.be\/wp-content\/uploads\/2025\/08\/non-gmo-1.png\" title=\"Non-OGM\" alt=\"Non-GMO\"><\/p>\n<p>Compl\u00e9ment alimentaire :<br \/>\nTaille de la portion : 1 comprim\u00e9 v\u00e9g\u00e9tarien<br \/>\nPortions par conteneur : 30<\/p>\n<p>Quantit\u00e9 par portion :<br \/>\nCalcium (sous forme de phosphate dicalcique) 70 mg 5%<br \/>\nPhosphore (sous forme de phosphate dicalcique) 50 mg 4%<br \/>\nExtrait super concentr\u00e9 de brocoli (graine, plante, a\u00e9rien) [fournissant des glucosinolates] 300 mg<br \/>\nConcentr\u00e9 d&#8217;isoflavones de soja Novasoy [std. \u00e0 40% isoflavones] 137,5 mg<br \/>\nHMRlignan Extrait de lignane d&#8217;\u00e9pic\u00e9a de Norv\u00e8ge (Picea abies) (bois de n\u0153ud) [std. au complexe hydroxymatairesinol-potassium 90%] 56 mg<br \/>\nExtrait de Dong quai (racine) [std. \u00e0 1% ligustilide] 25 mg<br \/>\nExtrait de r\u00e9glisse (racine) 25 mg<br \/>\nExtrait de gattilier (fruit) [titr\u00e9 en flavono\u00efdes 5%] 20 mg<br \/>\nEstro8PN extrait de houblon (fleur) [std. \u00e0 1.0% 8-prenylnaringenin] 14.4 mg<\/p>\n<p>\u0152strog\u00e8ne pour les femmes Autres ingr\u00e9dients :<br \/>\nCellulose microcristalline, acide st\u00e9arique, croscarmellose sodique, maltodextrine, st\u00e9arate v\u00e9g\u00e9tal, silice, pelliculage aqueux (eau purifi\u00e9e, hydroxypropylm\u00e9thylcellulose, glyc\u00e9rine). Contient : Soja<\/p>\n<p>\u0152strog\u00e8ne pour les femmes Utilisation recommand\u00e9e :<br \/>\nPrendre un (1) comprim\u00e9 le matin, ou selon les recommandations de votre professionnel de la sant\u00e9. Consultez votre professionnel de la sant\u00e9 si vous avez ou avez des ant\u00e9c\u00e9dents de tumeurs \u0153strog\u00e9no-d\u00e9pendantes.&nbsp;<\/p>\n<p>Avertissements :<br \/>\nTenir hors de port\u00e9e des enfants.<br \/>\nNe pas d\u00e9passer la dose recommand\u00e9e.<br \/>\nN&#8217;achetez pas si le joint ext\u00e9rieur est cass\u00e9 ou endommag\u00e9.<br \/>\nLorsque vous utilisez des compl\u00e9ments alimentaires, veuillez consulter votre m\u00e9decin si vous suivez un traitement pour un probl\u00e8me m\u00e9dical ou si vous \u00eates enceinte ou allaitante.&nbsp;<br \/>\nConservez-la bien ferm\u00e9e dans un endroit frais et sec.<\/p>\n","protected":false},"excerpt":{"rendered":"<p>Life Extension &#8211; \u0152strog\u00e8ne pour les femmes Pour un soutien hormonal f\u00e9minin sain Estrogen for Women est une formule unique, \u00e0 base de plantes, con\u00e7ue pour r\u00e9duire les sympt\u00f4mes de la m\u00e9nopause et soutenir un m\u00e9tabolisme sain des \u0153strog\u00e8nes. Elle contient des isoflavones de soja, du calcium et des plantes puissantes comme des extraits concentr\u00e9s [&#8230;]\n","protected":false},"featured_media":247309,"comment_status":"open","ping_status":"open","template":"","meta":[],"product_brand":[4723],"product_cat":[5089,5052,5113,5053],"product_tag":[5069],"class_list":{"0":"post-281388","1":"product","2":"type-product","3":"status-publish","4":"has-post-thumbnail","6":"product_brand-life-extension-2","7":"product_cat-complements-alimentaires-pour-femmes","8":"product_cat-sante-et-bien-etre","9":"product_cat-supplements-pour-les-femmes","10":"product_cat-vitamines-et-mineraux","11":"product_tag-topeco-2","13":"first","14":"instock","15":"taxable","16":"shipping-taxable","17":"purchasable","18":"product-type-simple"},"yoast_head":"<!-- This site is optimized with the Yoast SEO Premium plugin v27.3 (Yoast SEO v27.3) - https:\/\/yoast.com\/product\/yoast-seo-premium-wordpress\/ -->\n<title>Estrogen For Women - 30 comprim\u00e9s v\u00e9g\u00e9tariens - ECO Supplements<\/title>\n<meta name=\"description\" content=\"Wij hebben een ruime keuze aan producten van Estrogen For Women - 30 comprim\u00e9s v\u00e9g\u00e9tariens . Winkel bij Eco Supplements altijd gratis verzending boven 100\u20ac\" \/>\n<meta name=\"robots\" content=\"index, follow, max-snippet:-1, max-image-preview:large, max-video-preview:-1\" \/>\n<link rel=\"canonical\" href=\"https:\/\/ecosupplements.be\/fr\/produit\/estrogen-for-women-30-comprimes-vegetariens\/\" \/>\n<meta property=\"og:locale\" content=\"fr_FR\" \/>\n<meta property=\"og:type\" content=\"article\" \/>\n<meta property=\"og:title\" content=\"Estrogen For Women - 30 comprim\u00e9s v\u00e9g\u00e9tariens\" \/>\n<meta property=\"og:description\" content=\"Wij hebben een ruime keuze aan producten van Estrogen For Women - 30 comprim\u00e9s v\u00e9g\u00e9tariens . Winkel bij Eco Supplements altijd gratis verzending boven 100\u20ac\" \/>\n<meta property=\"og:url\" content=\"https:\/\/ecosupplements.be\/fr\/produit\/estrogen-for-women-30-comprimes-vegetariens\/\" \/>\n<meta property=\"og:site_name\" content=\"ECO Supplements\" \/>\n<meta property=\"article:modified_time\" content=\"2025-08-27T10:19:12+00:00\" \/>\n<meta property=\"og:image\" content=\"https:\/\/ecosupplements.be\/wp-content\/uploads\/2025\/08\/Life-Extension-Estrogen-For-Women-30-Vegetarian-Tabs-1.jpg\" \/>\n\t<meta property=\"og:image:width\" content=\"750\" \/>\n\t<meta property=\"og:image:height\" content=\"750\" \/>\n\t<meta property=\"og:image:type\" content=\"image\/jpeg\" \/>\n<meta name=\"twitter:card\" content=\"summary_large_image\" \/>\n<meta name=\"twitter:label1\" content=\"Prix\" \/>\n\t<meta name=\"twitter:data1\" content=\"38.29&nbsp;&euro;\" \/>\n\t<meta name=\"twitter:label2\" content=\"Disponibilit\u00e9\" \/>\n\t<meta name=\"twitter:data2\" content=\"En stock\" \/>\n<script type=\"application\/ld+json\" class=\"yoast-schema-graph\">{\"@context\":\"https:\\\/\\\/schema.org\",\"@graph\":[{\"@type\":[\"WebPage\",\"ItemPage\"],\"@id\":\"https:\\\/\\\/ecosupplements.be\\\/fr\\\/produit\\\/estrogen-for-women-30-comprimes-vegetariens\\\/\",\"url\":\"https:\\\/\\\/ecosupplements.be\\\/fr\\\/produit\\\/estrogen-for-women-30-comprimes-vegetariens\\\/\",\"name\":\"Estrogen For Women - 30 comprim\u00e9s v\u00e9g\u00e9tariens - ECO Supplements\",\"isPartOf\":{\"@id\":\"https:\\\/\\\/ecosupplements.be\\\/fr\\\/#website\"},\"primaryImageOfPage\":{\"@id\":\"https:\\\/\\\/ecosupplements.be\\\/fr\\\/produit\\\/estrogen-for-women-30-comprimes-vegetariens\\\/#primaryimage\"},\"image\":{\"@id\":\"https:\\\/\\\/ecosupplements.be\\\/fr\\\/produit\\\/estrogen-for-women-30-comprimes-vegetariens\\\/#primaryimage\"},\"thumbnailUrl\":\"https:\\\/\\\/ecosupplements.be\\\/wp-content\\\/uploads\\\/2025\\\/08\\\/Life-Extension-Estrogen-For-Women-30-Vegetarian-Tabs-1.jpg\",\"datePublished\":\"2022-06-28T09:17:11+00:00\",\"dateModified\":\"2025-08-27T10:19:12+00:00\",\"description\":\"Wij hebben een ruime keuze aan producten van Estrogen For Women - 30 comprim\u00e9s v\u00e9g\u00e9tariens . Winkel bij Eco Supplements altijd gratis verzending boven 100\u20ac\",\"breadcrumb\":{\"@id\":\"https:\\\/\\\/ecosupplements.be\\\/fr\\\/produit\\\/estrogen-for-women-30-comprimes-vegetariens\\\/#breadcrumb\"},\"inLanguage\":\"fr-FR\",\"potentialAction\":[{\"@type\":\"ReadAction\",\"target\":[\"https:\\\/\\\/ecosupplements.be\\\/fr\\\/produit\\\/estrogen-for-women-30-comprimes-vegetariens\\\/\"]}]},{\"@type\":\"ImageObject\",\"inLanguage\":\"fr-FR\",\"@id\":\"https:\\\/\\\/ecosupplements.be\\\/fr\\\/produit\\\/estrogen-for-women-30-comprimes-vegetariens\\\/#primaryimage\",\"url\":\"https:\\\/\\\/ecosupplements.be\\\/wp-content\\\/uploads\\\/2025\\\/08\\\/Life-Extension-Estrogen-For-Women-30-Vegetarian-Tabs-1.jpg\",\"contentUrl\":\"https:\\\/\\\/ecosupplements.be\\\/wp-content\\\/uploads\\\/2025\\\/08\\\/Life-Extension-Estrogen-For-Women-30-Vegetarian-Tabs-1.jpg\",\"width\":750,\"height\":750},{\"@type\":\"BreadcrumbList\",\"@id\":\"https:\\\/\\\/ecosupplements.be\\\/fr\\\/produit\\\/estrogen-for-women-30-comprimes-vegetariens\\\/#breadcrumb\",\"itemListElement\":[{\"@type\":\"ListItem\",\"position\":1,\"name\":\"Home\",\"item\":\"https:\\\/\\\/ecosupplements.be\\\/fr\\\/\"},{\"@type\":\"ListItem\",\"position\":2,\"name\":\"Boutique\",\"item\":\"https:\\\/\\\/ecosupplements.be\\\/fr\\\/boutique\\\/\"},{\"@type\":\"ListItem\",\"position\":3,\"name\":\"Estrogen For Women &#8211; 30 comprim\u00e9s v\u00e9g\u00e9tariens\"}]},{\"@type\":\"WebSite\",\"@id\":\"https:\\\/\\\/ecosupplements.be\\\/fr\\\/#website\",\"url\":\"https:\\\/\\\/ecosupplements.be\\\/fr\\\/\",\"name\":\"ECO Supplements\",\"description\":\"Eco Supplements - Gezonde supplementen\",\"publisher\":{\"@id\":\"https:\\\/\\\/ecosupplements.be\\\/fr\\\/#organization\"},\"potentialAction\":[{\"@type\":\"SearchAction\",\"target\":{\"@type\":\"EntryPoint\",\"urlTemplate\":\"https:\\\/\\\/ecosupplements.be\\\/fr\\\/?s={search_term_string}\"},\"query-input\":{\"@type\":\"PropertyValueSpecification\",\"valueRequired\":true,\"valueName\":\"search_term_string\"}}],\"inLanguage\":\"fr-FR\"},{\"@type\":\"Organization\",\"@id\":\"https:\\\/\\\/ecosupplements.be\\\/fr\\\/#organization\",\"name\":\"Eco Supplements\",\"url\":\"https:\\\/\\\/ecosupplements.be\\\/fr\\\/\",\"logo\":{\"@type\":\"ImageObject\",\"inLanguage\":\"fr-FR\",\"@id\":\"https:\\\/\\\/ecosupplements.be\\\/fr\\\/#\\\/schema\\\/logo\\\/image\\\/\",\"url\":\"https:\\\/\\\/ecosupplements.be\\\/wp-content\\\/uploads\\\/2022\\\/06\\\/ecosupplement-family.png\",\"contentUrl\":\"https:\\\/\\\/ecosupplements.be\\\/wp-content\\\/uploads\\\/2022\\\/06\\\/ecosupplement-family.png\",\"width\":593,\"height\":374,\"caption\":\"Eco Supplements\"},\"image\":{\"@id\":\"https:\\\/\\\/ecosupplements.be\\\/fr\\\/#\\\/schema\\\/logo\\\/image\\\/\"}}]}<\/script>\n<meta property=\"product:brand\" content=\"Life Extension\" \/>\n<meta property=\"product:price:amount\" content=\"38.29\" \/>\n<meta property=\"product:price:currency\" content=\"EUR\" \/>\n<meta property=\"og:availability\" content=\"instock\" \/>\n<meta property=\"product:availability\" content=\"instock\" \/>\n<meta property=\"product:retailer_item_id\" content=\"737870189435\" \/>\n<meta property=\"product:condition\" content=\"new\" \/>\n<!-- \/ Yoast SEO Premium plugin. -->","yoast_head_json":{"title":"Estrogen For Women - 30 comprim\u00e9s v\u00e9g\u00e9tariens - ECO Supplements","description":"Wij hebben een ruime keuze aan producten van Estrogen For Women - 30 comprim\u00e9s v\u00e9g\u00e9tariens . Winkel bij Eco Supplements altijd gratis verzending boven 100\u20ac","robots":{"index":"index","follow":"follow","max-snippet":"max-snippet:-1","max-image-preview":"max-image-preview:large","max-video-preview":"max-video-preview:-1"},"canonical":"https:\/\/ecosupplements.be\/fr\/produit\/estrogen-for-women-30-comprimes-vegetariens\/","og_locale":"fr_FR","og_type":"article","og_title":"Estrogen For Women - 30 comprim\u00e9s v\u00e9g\u00e9tariens","og_description":"Wij hebben een ruime keuze aan producten van Estrogen For Women - 30 comprim\u00e9s v\u00e9g\u00e9tariens . Winkel bij Eco Supplements altijd gratis verzending boven 100\u20ac","og_url":"https:\/\/ecosupplements.be\/fr\/produit\/estrogen-for-women-30-comprimes-vegetariens\/","og_site_name":"ECO Supplements","article_modified_time":"2025-08-27T10:19:12+00:00","og_image":[{"width":750,"height":750,"url":"https:\/\/ecosupplements.be\/wp-content\/uploads\/2025\/08\/Life-Extension-Estrogen-For-Women-30-Vegetarian-Tabs-1.jpg","type":"image\/jpeg"}],"twitter_card":"summary_large_image","twitter_misc":{"Prix":"38.29&nbsp;&euro;","Disponibilit\u00e9":"En stock"},"schema":{"@context":"https:\/\/schema.org","@graph":[{"@type":["WebPage","ItemPage"],"@id":"https:\/\/ecosupplements.be\/fr\/produit\/estrogen-for-women-30-comprimes-vegetariens\/","url":"https:\/\/ecosupplements.be\/fr\/produit\/estrogen-for-women-30-comprimes-vegetariens\/","name":"Estrogen For Women - 30 comprim\u00e9s v\u00e9g\u00e9tariens - ECO Supplements","isPartOf":{"@id":"https:\/\/ecosupplements.be\/fr\/#website"},"primaryImageOfPage":{"@id":"https:\/\/ecosupplements.be\/fr\/produit\/estrogen-for-women-30-comprimes-vegetariens\/#primaryimage"},"image":{"@id":"https:\/\/ecosupplements.be\/fr\/produit\/estrogen-for-women-30-comprimes-vegetariens\/#primaryimage"},"thumbnailUrl":"https:\/\/ecosupplements.be\/wp-content\/uploads\/2025\/08\/Life-Extension-Estrogen-For-Women-30-Vegetarian-Tabs-1.jpg","datePublished":"2022-06-28T09:17:11+00:00","dateModified":"2025-08-27T10:19:12+00:00","description":"Wij hebben een ruime keuze aan producten van Estrogen For Women - 30 comprim\u00e9s v\u00e9g\u00e9tariens . Winkel bij Eco Supplements altijd gratis verzending boven 100\u20ac","breadcrumb":{"@id":"https:\/\/ecosupplements.be\/fr\/produit\/estrogen-for-women-30-comprimes-vegetariens\/#breadcrumb"},"inLanguage":"fr-FR","potentialAction":[{"@type":"ReadAction","target":["https:\/\/ecosupplements.be\/fr\/produit\/estrogen-for-women-30-comprimes-vegetariens\/"]}]},{"@type":"ImageObject","inLanguage":"fr-FR","@id":"https:\/\/ecosupplements.be\/fr\/produit\/estrogen-for-women-30-comprimes-vegetariens\/#primaryimage","url":"https:\/\/ecosupplements.be\/wp-content\/uploads\/2025\/08\/Life-Extension-Estrogen-For-Women-30-Vegetarian-Tabs-1.jpg","contentUrl":"https:\/\/ecosupplements.be\/wp-content\/uploads\/2025\/08\/Life-Extension-Estrogen-For-Women-30-Vegetarian-Tabs-1.jpg","width":750,"height":750},{"@type":"BreadcrumbList","@id":"https:\/\/ecosupplements.be\/fr\/produit\/estrogen-for-women-30-comprimes-vegetariens\/#breadcrumb","itemListElement":[{"@type":"ListItem","position":1,"name":"Home","item":"https:\/\/ecosupplements.be\/fr\/"},{"@type":"ListItem","position":2,"name":"Boutique","item":"https:\/\/ecosupplements.be\/fr\/boutique\/"},{"@type":"ListItem","position":3,"name":"Estrogen For Women &#8211; 30 comprim\u00e9s v\u00e9g\u00e9tariens"}]},{"@type":"WebSite","@id":"https:\/\/ecosupplements.be\/fr\/#website","url":"https:\/\/ecosupplements.be\/fr\/","name":"ECO Supplements","description":"Eco Supplements - Gezonde supplementen","publisher":{"@id":"https:\/\/ecosupplements.be\/fr\/#organization"},"potentialAction":[{"@type":"SearchAction","target":{"@type":"EntryPoint","urlTemplate":"https:\/\/ecosupplements.be\/fr\/?s={search_term_string}"},"query-input":{"@type":"PropertyValueSpecification","valueRequired":true,"valueName":"search_term_string"}}],"inLanguage":"fr-FR"},{"@type":"Organization","@id":"https:\/\/ecosupplements.be\/fr\/#organization","name":"Eco Supplements","url":"https:\/\/ecosupplements.be\/fr\/","logo":{"@type":"ImageObject","inLanguage":"fr-FR","@id":"https:\/\/ecosupplements.be\/fr\/#\/schema\/logo\/image\/","url":"https:\/\/ecosupplements.be\/wp-content\/uploads\/2022\/06\/ecosupplement-family.png","contentUrl":"https:\/\/ecosupplements.be\/wp-content\/uploads\/2022\/06\/ecosupplement-family.png","width":593,"height":374,"caption":"Eco Supplements"},"image":{"@id":"https:\/\/ecosupplements.be\/fr\/#\/schema\/logo\/image\/"}}]},"product_brand":"Life Extension","product_price_amount":"38.29","product_price_currency":"EUR","og_availability":"instock","product_availability":"instock","product_retailer_item_id":"737870189435","product_condition":"new"},"_links":{"self":[{"href":"https:\/\/ecosupplements.be\/fr\/wp-json\/wp\/v2\/product\/281388","targetHints":{"allow":["GET"]}}],"collection":[{"href":"https:\/\/ecosupplements.be\/fr\/wp-json\/wp\/v2\/product"}],"about":[{"href":"https:\/\/ecosupplements.be\/fr\/wp-json\/wp\/v2\/types\/product"}],"replies":[{"embeddable":true,"href":"https:\/\/ecosupplements.be\/fr\/wp-json\/wp\/v2\/comments?post=281388"}],"wp:featuredmedia":[{"embeddable":true,"href":"https:\/\/ecosupplements.be\/fr\/wp-json\/wp\/v2\/media\/247309"}],"wp:attachment":[{"href":"https:\/\/ecosupplements.be\/fr\/wp-json\/wp\/v2\/media?parent=281388"}],"wp:term":[{"taxonomy":"product_brand","embeddable":true,"href":"https:\/\/ecosupplements.be\/fr\/wp-json\/wp\/v2\/product_brand?post=281388"},{"taxonomy":"product_cat","embeddable":true,"href":"https:\/\/ecosupplements.be\/fr\/wp-json\/wp\/v2\/product_cat?post=281388"},{"taxonomy":"product_tag","embeddable":true,"href":"https:\/\/ecosupplements.be\/fr\/wp-json\/wp\/v2\/product_tag?post=281388"}],"curies":[{"name":"wp","href":"https:\/\/api.w.org\/{rel}","templated":true}]}}