{"id":281389,"date":"2022-06-28T10:17:11","date_gmt":"2022-06-28T09:17:11","guid":{"rendered":"https:\/\/ecosupplements.be\/product\/magnesium-a-liberation-prolongee-60-vcaps\/"},"modified":"2025-08-27T11:19:17","modified_gmt":"2025-08-27T10:19:17","slug":"magnesium-a-liberation-prolongee-60-vcaps","status":"publish","type":"product","link":"https:\/\/ecosupplements.be\/fr\/produit\/magnesium-a-liberation-prolongee-60-vcaps\/","title":{"rendered":"Magn\u00e9sium \u00e0 lib\u00e9ration prolong\u00e9e &#8211; 60 vcaps"},"content":{"rendered":"<h1 style=\"text-align: center;\">Life Extension &#8211; Magn\u00e9sium \u00e0 lib\u00e9ration prolong\u00e9e<\/h1>\n<p>Votre corps a besoin de magn\u00e9sium pour plus de 300 r\u00e9actions biochimiques essentielles, mais la plupart d&#8217;entre nous n&#8217;obtiennent pas suffisamment de magn\u00e9sium \u00e0 partir des seules sources alimentaires. Le magn\u00e9sium \u00e0 lib\u00e9ration prolong\u00e9e est formul\u00e9 avec de l&#8217;oxyde de magn\u00e9sium pour une lib\u00e9ration prolong\u00e9e et du citrate de magn\u00e9sium pour une absorption imm\u00e9diate. En combinant un magn\u00e9sium optimis\u00e9 pour une absorption imm\u00e9diate et prolong\u00e9e, cette formule avanc\u00e9e fournit des r\u00e9sultats plus constants.<br \/>\nLes avantages en un coup d&#8217;\u0153il :<br \/>\nOxyde de magn\u00e9sium pour une absorption \u00e0 long terme<br \/>\nCitrate de magn\u00e9sium pour une absorption imm\u00e9diate<br \/>\nEssentiel pour plus de 300 r\u00e9actions biochimiques<br \/>\nCombat l&#8217;insuffisance g\u00e9n\u00e9ralis\u00e9e de magn\u00e9sium<br \/>\nSoutient la sant\u00e9 cardiovasculaire, la sant\u00e9 des os et plus encore.<br \/>\nLe magn\u00e9sium quand et o\u00f9 vous en avez le plus besoin<br \/>\nLes clients de Life Extension connaissent les bienfaits du magn\u00e9sium pour la sant\u00e9 depuis des ann\u00e9es. Maintenant, Life Extension propose le magn\u00e9sium \u00e0 lib\u00e9ration prolong\u00e9e. Formul\u00e9 avec deux types de magn\u00e9sium, Extend-Release Magnesium est optimis\u00e9 pour une dissolution et une absorption \u00e0 la fois imm\u00e9diates et prolong\u00e9es. Extend-Release Magnesium vous assure d&#8217;obtenir le maximum de b\u00e9n\u00e9fices pour la sant\u00e9 que le magn\u00e9sium peut fournir, ce qui en fait notre suppl\u00e9ment de magn\u00e9sium le plus avanc\u00e9 \u00e0 ce jour.<br \/>\nSant\u00e9 cardiovasculaire<br \/>\nLe magn\u00e9sium d\u00e9tend les muscles lisses des vaisseaux sanguins, favorisant ainsi la sant\u00e9 cardiovasculaire. Le magn\u00e9sium favorise la synth\u00e8se de la s\u00e9rotonine et de l&#8217;oxyde nitrique.<br \/>\nSant\u00e9 des os<br \/>\nLe magn\u00e9sium influence positivement la matrice min\u00e9rale osseuse et sa capacit\u00e9 \u00e0 m\u00e9taboliser les min\u00e9raux n\u00e9cessaires \u00e0 une sant\u00e9 osseuse optimale. La litt\u00e9rature scientifique documente le besoin d&#8217;un certain nombre de min\u00e9raux, dont le calcium et le magn\u00e9sium, pour aider \u00e0 maintenir des os forts et sains.<br \/>\nSant\u00e9 du corps entier<br \/>\nLe magn\u00e9sium alimentaire am\u00e9liore \u00e9galement le profil m\u00e9tabolique, a un impact b\u00e9n\u00e9fique sur la r\u00e9sistance \u00e0 l&#8217;insuline, les profils lipidiques s\u00e9riques, favorise une r\u00e9ponse inflammatoire saine, soutient une fonction endoth\u00e9liale saine et prot\u00e8ge contre le stress oxydatif.<\/p>\n<p><img decoding=\"async\" src=\"https:\/\/ecosupplements.be\/wp-content\/uploads\/2025\/08\/gluten-free-1.png\" title=\"Sans gluten\" alt=\"Gluten free\"><img decoding=\"async\" src=\"https:\/\/ecosupplements.be\/wp-content\/uploads\/2025\/08\/non-gmo-1.png\" title=\"Non-OGM\" alt=\"Non-GMO\"><\/p>\n","protected":false},"excerpt":{"rendered":"<p>Life Extension &#8211; Magn\u00e9sium \u00e0 lib\u00e9ration prolong\u00e9e Votre corps a besoin de magn\u00e9sium pour plus de 300 r\u00e9actions biochimiques essentielles, mais la plupart d&#8217;entre nous n&#8217;obtiennent pas suffisamment de magn\u00e9sium \u00e0 partir des seules sources alimentaires. Le magn\u00e9sium \u00e0 lib\u00e9ration prolong\u00e9e est formul\u00e9 avec de l&#8217;oxyde de magn\u00e9sium pour une lib\u00e9ration prolong\u00e9e et du citrate [&#8230;]\n","protected":false},"featured_media":247314,"comment_status":"open","ping_status":"open","template":"","meta":[],"product_brand":[4723],"product_cat":[5066,5064,5052,5053],"product_tag":[],"class_list":{"0":"post-281389","1":"product","2":"type-product","3":"status-publish","4":"has-post-thumbnail","6":"product_brand-life-extension-2","7":"product_cat-magnesium-mineraux-simples","8":"product_cat-mineraux-simples","9":"product_cat-sante-et-bien-etre","10":"product_cat-vitamines-et-mineraux","12":"first","13":"instock","14":"taxable","15":"shipping-taxable","16":"purchasable","17":"product-type-simple"},"yoast_head":"<!-- This site is optimized with the Yoast SEO Premium plugin v27.5 (Yoast SEO v27.5) - https:\/\/yoast.com\/product\/yoast-seo-premium-wordpress\/ -->\n<title>Magn\u00e9sium \u00e0 lib\u00e9ration prolong\u00e9e - 60 vcaps - ECO Supplements<\/title>\n<meta name=\"description\" content=\"Wij hebben een ruime keuze aan producten van Magn\u00e9sium \u00e0 lib\u00e9ration prolong\u00e9e - 60 vcaps . Winkel bij Eco Supplements altijd gratis verzending boven 100\u20ac\" \/>\n<meta name=\"robots\" content=\"index, follow, max-snippet:-1, max-image-preview:large, max-video-preview:-1\" \/>\n<link rel=\"canonical\" href=\"https:\/\/ecosupplements.be\/fr\/produit\/magnesium-a-liberation-prolongee-60-vcaps\/\" \/>\n<meta property=\"og:locale\" content=\"fr_FR\" \/>\n<meta property=\"og:type\" content=\"article\" \/>\n<meta property=\"og:title\" content=\"Magn\u00e9sium \u00e0 lib\u00e9ration prolong\u00e9e - 60 vcaps\" \/>\n<meta property=\"og:description\" content=\"Wij hebben een ruime keuze aan producten van Magn\u00e9sium \u00e0 lib\u00e9ration prolong\u00e9e - 60 vcaps . Winkel bij Eco Supplements altijd gratis verzending boven 100\u20ac\" \/>\n<meta property=\"og:url\" content=\"https:\/\/ecosupplements.be\/fr\/produit\/magnesium-a-liberation-prolongee-60-vcaps\/\" \/>\n<meta property=\"og:site_name\" content=\"ECO Supplements\" \/>\n<meta property=\"article:modified_time\" content=\"2025-08-27T10:19:17+00:00\" \/>\n<meta property=\"og:image\" content=\"https:\/\/ecosupplements.be\/wp-content\/uploads\/2025\/08\/Life-Extension-Extend-Release-Magnesium-60-vcaps-1.jpg\" \/>\n\t<meta property=\"og:image:width\" content=\"750\" \/>\n\t<meta property=\"og:image:height\" content=\"750\" \/>\n\t<meta property=\"og:image:type\" content=\"image\/jpeg\" \/>\n<meta name=\"twitter:card\" content=\"summary_large_image\" \/>\n<meta name=\"twitter:label1\" content=\"Prix\" \/>\n\t<meta name=\"twitter:data1\" content=\"14.96&nbsp;&euro;\" \/>\n\t<meta name=\"twitter:label2\" content=\"Disponibilit\u00e9\" \/>\n\t<meta name=\"twitter:data2\" content=\"En stock\" \/>\n<script type=\"application\/ld+json\" class=\"yoast-schema-graph\">{\"@context\":\"https:\\\/\\\/schema.org\",\"@graph\":[{\"@type\":[\"WebPage\",\"ItemPage\"],\"@id\":\"https:\\\/\\\/ecosupplements.be\\\/fr\\\/produit\\\/magnesium-a-liberation-prolongee-60-vcaps\\\/\",\"url\":\"https:\\\/\\\/ecosupplements.be\\\/fr\\\/produit\\\/magnesium-a-liberation-prolongee-60-vcaps\\\/\",\"name\":\"Magn\u00e9sium \u00e0 lib\u00e9ration prolong\u00e9e - 60 vcaps - ECO Supplements\",\"isPartOf\":{\"@id\":\"https:\\\/\\\/ecosupplements.be\\\/fr\\\/#website\"},\"primaryImageOfPage\":{\"@id\":\"https:\\\/\\\/ecosupplements.be\\\/fr\\\/produit\\\/magnesium-a-liberation-prolongee-60-vcaps\\\/#primaryimage\"},\"image\":{\"@id\":\"https:\\\/\\\/ecosupplements.be\\\/fr\\\/produit\\\/magnesium-a-liberation-prolongee-60-vcaps\\\/#primaryimage\"},\"thumbnailUrl\":\"https:\\\/\\\/ecosupplements.be\\\/wp-content\\\/uploads\\\/2025\\\/08\\\/Life-Extension-Extend-Release-Magnesium-60-vcaps-1.jpg\",\"datePublished\":\"2022-06-28T09:17:11+00:00\",\"dateModified\":\"2025-08-27T10:19:17+00:00\",\"description\":\"Wij hebben een ruime keuze aan producten van Magn\u00e9sium \u00e0 lib\u00e9ration prolong\u00e9e - 60 vcaps . Winkel bij Eco Supplements altijd gratis verzending boven 100\u20ac\",\"breadcrumb\":{\"@id\":\"https:\\\/\\\/ecosupplements.be\\\/fr\\\/produit\\\/magnesium-a-liberation-prolongee-60-vcaps\\\/#breadcrumb\"},\"inLanguage\":\"fr-FR\",\"potentialAction\":[{\"@type\":\"ReadAction\",\"target\":[\"https:\\\/\\\/ecosupplements.be\\\/fr\\\/produit\\\/magnesium-a-liberation-prolongee-60-vcaps\\\/\"]}]},{\"@type\":\"ImageObject\",\"inLanguage\":\"fr-FR\",\"@id\":\"https:\\\/\\\/ecosupplements.be\\\/fr\\\/produit\\\/magnesium-a-liberation-prolongee-60-vcaps\\\/#primaryimage\",\"url\":\"https:\\\/\\\/ecosupplements.be\\\/wp-content\\\/uploads\\\/2025\\\/08\\\/Life-Extension-Extend-Release-Magnesium-60-vcaps-1.jpg\",\"contentUrl\":\"https:\\\/\\\/ecosupplements.be\\\/wp-content\\\/uploads\\\/2025\\\/08\\\/Life-Extension-Extend-Release-Magnesium-60-vcaps-1.jpg\",\"width\":750,\"height\":750},{\"@type\":\"BreadcrumbList\",\"@id\":\"https:\\\/\\\/ecosupplements.be\\\/fr\\\/produit\\\/magnesium-a-liberation-prolongee-60-vcaps\\\/#breadcrumb\",\"itemListElement\":[{\"@type\":\"ListItem\",\"position\":1,\"name\":\"Home\",\"item\":\"https:\\\/\\\/ecosupplements.be\\\/fr\\\/\"},{\"@type\":\"ListItem\",\"position\":2,\"name\":\"Boutique\",\"item\":\"https:\\\/\\\/ecosupplements.be\\\/fr\\\/boutique\\\/\"},{\"@type\":\"ListItem\",\"position\":3,\"name\":\"Magn\u00e9sium \u00e0 lib\u00e9ration prolong\u00e9e &#8211; 60 vcaps\"}]},{\"@type\":\"WebSite\",\"@id\":\"https:\\\/\\\/ecosupplements.be\\\/fr\\\/#website\",\"url\":\"https:\\\/\\\/ecosupplements.be\\\/fr\\\/\",\"name\":\"ECO Supplements\",\"description\":\"Eco Supplements - Gezonde supplementen\",\"publisher\":{\"@id\":\"https:\\\/\\\/ecosupplements.be\\\/fr\\\/#organization\"},\"potentialAction\":[{\"@type\":\"SearchAction\",\"target\":{\"@type\":\"EntryPoint\",\"urlTemplate\":\"https:\\\/\\\/ecosupplements.be\\\/fr\\\/?s={search_term_string}\"},\"query-input\":{\"@type\":\"PropertyValueSpecification\",\"valueRequired\":true,\"valueName\":\"search_term_string\"}}],\"inLanguage\":\"fr-FR\"},{\"@type\":\"Organization\",\"@id\":\"https:\\\/\\\/ecosupplements.be\\\/fr\\\/#organization\",\"name\":\"Eco Supplements\",\"url\":\"https:\\\/\\\/ecosupplements.be\\\/fr\\\/\",\"logo\":{\"@type\":\"ImageObject\",\"inLanguage\":\"fr-FR\",\"@id\":\"https:\\\/\\\/ecosupplements.be\\\/fr\\\/#\\\/schema\\\/logo\\\/image\\\/\",\"url\":\"https:\\\/\\\/ecosupplements.be\\\/wp-content\\\/uploads\\\/2022\\\/06\\\/ecosupplement-family.png\",\"contentUrl\":\"https:\\\/\\\/ecosupplements.be\\\/wp-content\\\/uploads\\\/2022\\\/06\\\/ecosupplement-family.png\",\"width\":593,\"height\":374,\"caption\":\"Eco Supplements\"},\"image\":{\"@id\":\"https:\\\/\\\/ecosupplements.be\\\/fr\\\/#\\\/schema\\\/logo\\\/image\\\/\"}}]}<\/script>\n<meta property=\"product:brand\" content=\"Life Extension\" \/>\n<meta property=\"product:price:amount\" content=\"14.96\" \/>\n<meta property=\"product:price:currency\" content=\"EUR\" \/>\n<meta property=\"og:availability\" content=\"instock\" \/>\n<meta property=\"product:availability\" content=\"instock\" \/>\n<meta property=\"product:retailer_item_id\" content=\"737870210764\" \/>\n<meta property=\"product:condition\" content=\"new\" \/>\n<!-- \/ Yoast SEO Premium plugin. -->","yoast_head_json":{"title":"Magn\u00e9sium \u00e0 lib\u00e9ration prolong\u00e9e - 60 vcaps - ECO Supplements","description":"Wij hebben een ruime keuze aan producten van Magn\u00e9sium \u00e0 lib\u00e9ration prolong\u00e9e - 60 vcaps . Winkel bij Eco Supplements altijd gratis verzending boven 100\u20ac","robots":{"index":"index","follow":"follow","max-snippet":"max-snippet:-1","max-image-preview":"max-image-preview:large","max-video-preview":"max-video-preview:-1"},"canonical":"https:\/\/ecosupplements.be\/fr\/produit\/magnesium-a-liberation-prolongee-60-vcaps\/","og_locale":"fr_FR","og_type":"article","og_title":"Magn\u00e9sium \u00e0 lib\u00e9ration prolong\u00e9e - 60 vcaps","og_description":"Wij hebben een ruime keuze aan producten van Magn\u00e9sium \u00e0 lib\u00e9ration prolong\u00e9e - 60 vcaps . Winkel bij Eco Supplements altijd gratis verzending boven 100\u20ac","og_url":"https:\/\/ecosupplements.be\/fr\/produit\/magnesium-a-liberation-prolongee-60-vcaps\/","og_site_name":"ECO Supplements","article_modified_time":"2025-08-27T10:19:17+00:00","og_image":[{"width":750,"height":750,"url":"https:\/\/ecosupplements.be\/wp-content\/uploads\/2025\/08\/Life-Extension-Extend-Release-Magnesium-60-vcaps-1.jpg","type":"image\/jpeg"}],"twitter_card":"summary_large_image","twitter_misc":{"Prix":"14.96&nbsp;&euro;","Disponibilit\u00e9":"En stock"},"schema":{"@context":"https:\/\/schema.org","@graph":[{"@type":["WebPage","ItemPage"],"@id":"https:\/\/ecosupplements.be\/fr\/produit\/magnesium-a-liberation-prolongee-60-vcaps\/","url":"https:\/\/ecosupplements.be\/fr\/produit\/magnesium-a-liberation-prolongee-60-vcaps\/","name":"Magn\u00e9sium \u00e0 lib\u00e9ration prolong\u00e9e - 60 vcaps - ECO Supplements","isPartOf":{"@id":"https:\/\/ecosupplements.be\/fr\/#website"},"primaryImageOfPage":{"@id":"https:\/\/ecosupplements.be\/fr\/produit\/magnesium-a-liberation-prolongee-60-vcaps\/#primaryimage"},"image":{"@id":"https:\/\/ecosupplements.be\/fr\/produit\/magnesium-a-liberation-prolongee-60-vcaps\/#primaryimage"},"thumbnailUrl":"https:\/\/ecosupplements.be\/wp-content\/uploads\/2025\/08\/Life-Extension-Extend-Release-Magnesium-60-vcaps-1.jpg","datePublished":"2022-06-28T09:17:11+00:00","dateModified":"2025-08-27T10:19:17+00:00","description":"Wij hebben een ruime keuze aan producten van Magn\u00e9sium \u00e0 lib\u00e9ration prolong\u00e9e - 60 vcaps . Winkel bij Eco Supplements altijd gratis verzending boven 100\u20ac","breadcrumb":{"@id":"https:\/\/ecosupplements.be\/fr\/produit\/magnesium-a-liberation-prolongee-60-vcaps\/#breadcrumb"},"inLanguage":"fr-FR","potentialAction":[{"@type":"ReadAction","target":["https:\/\/ecosupplements.be\/fr\/produit\/magnesium-a-liberation-prolongee-60-vcaps\/"]}]},{"@type":"ImageObject","inLanguage":"fr-FR","@id":"https:\/\/ecosupplements.be\/fr\/produit\/magnesium-a-liberation-prolongee-60-vcaps\/#primaryimage","url":"https:\/\/ecosupplements.be\/wp-content\/uploads\/2025\/08\/Life-Extension-Extend-Release-Magnesium-60-vcaps-1.jpg","contentUrl":"https:\/\/ecosupplements.be\/wp-content\/uploads\/2025\/08\/Life-Extension-Extend-Release-Magnesium-60-vcaps-1.jpg","width":750,"height":750},{"@type":"BreadcrumbList","@id":"https:\/\/ecosupplements.be\/fr\/produit\/magnesium-a-liberation-prolongee-60-vcaps\/#breadcrumb","itemListElement":[{"@type":"ListItem","position":1,"name":"Home","item":"https:\/\/ecosupplements.be\/fr\/"},{"@type":"ListItem","position":2,"name":"Boutique","item":"https:\/\/ecosupplements.be\/fr\/boutique\/"},{"@type":"ListItem","position":3,"name":"Magn\u00e9sium \u00e0 lib\u00e9ration prolong\u00e9e &#8211; 60 vcaps"}]},{"@type":"WebSite","@id":"https:\/\/ecosupplements.be\/fr\/#website","url":"https:\/\/ecosupplements.be\/fr\/","name":"ECO Supplements","description":"Eco Supplements - Gezonde supplementen","publisher":{"@id":"https:\/\/ecosupplements.be\/fr\/#organization"},"potentialAction":[{"@type":"SearchAction","target":{"@type":"EntryPoint","urlTemplate":"https:\/\/ecosupplements.be\/fr\/?s={search_term_string}"},"query-input":{"@type":"PropertyValueSpecification","valueRequired":true,"valueName":"search_term_string"}}],"inLanguage":"fr-FR"},{"@type":"Organization","@id":"https:\/\/ecosupplements.be\/fr\/#organization","name":"Eco Supplements","url":"https:\/\/ecosupplements.be\/fr\/","logo":{"@type":"ImageObject","inLanguage":"fr-FR","@id":"https:\/\/ecosupplements.be\/fr\/#\/schema\/logo\/image\/","url":"https:\/\/ecosupplements.be\/wp-content\/uploads\/2022\/06\/ecosupplement-family.png","contentUrl":"https:\/\/ecosupplements.be\/wp-content\/uploads\/2022\/06\/ecosupplement-family.png","width":593,"height":374,"caption":"Eco Supplements"},"image":{"@id":"https:\/\/ecosupplements.be\/fr\/#\/schema\/logo\/image\/"}}]},"product_brand":"Life Extension","product_price_amount":"14.96","product_price_currency":"EUR","og_availability":"instock","product_availability":"instock","product_retailer_item_id":"737870210764","product_condition":"new"},"_links":{"self":[{"href":"https:\/\/ecosupplements.be\/fr\/wp-json\/wp\/v2\/product\/281389","targetHints":{"allow":["GET"]}}],"collection":[{"href":"https:\/\/ecosupplements.be\/fr\/wp-json\/wp\/v2\/product"}],"about":[{"href":"https:\/\/ecosupplements.be\/fr\/wp-json\/wp\/v2\/types\/product"}],"replies":[{"embeddable":true,"href":"https:\/\/ecosupplements.be\/fr\/wp-json\/wp\/v2\/comments?post=281389"}],"wp:featuredmedia":[{"embeddable":true,"href":"https:\/\/ecosupplements.be\/fr\/wp-json\/wp\/v2\/media\/247314"}],"wp:attachment":[{"href":"https:\/\/ecosupplements.be\/fr\/wp-json\/wp\/v2\/media?parent=281389"}],"wp:term":[{"taxonomy":"product_brand","embeddable":true,"href":"https:\/\/ecosupplements.be\/fr\/wp-json\/wp\/v2\/product_brand?post=281389"},{"taxonomy":"product_cat","embeddable":true,"href":"https:\/\/ecosupplements.be\/fr\/wp-json\/wp\/v2\/product_cat?post=281389"},{"taxonomy":"product_tag","embeddable":true,"href":"https:\/\/ecosupplements.be\/fr\/wp-json\/wp\/v2\/product_tag?post=281389"}],"curies":[{"name":"wp","href":"https:\/\/api.w.org\/{rel}","templated":true}]}}