{"id":281391,"date":"2022-06-28T10:17:11","date_gmt":"2022-06-28T09:17:11","guid":{"rendered":"https:\/\/ecosupplements.be\/product\/soutien-de-la-pression-oculaire-avec-mirtogenol-30-vcaps\/"},"modified":"2025-08-27T11:19:25","modified_gmt":"2025-08-27T10:19:25","slug":"soutien-de-la-pression-oculaire-avec-mirtogenol-30-vcaps","status":"publish","type":"product","link":"https:\/\/ecosupplements.be\/fr\/produit\/soutien-de-la-pression-oculaire-avec-mirtogenol-30-vcaps\/","title":{"rendered":"Soutien de la pression oculaire avec Mirtogenol &#8211; 30 vcaps"},"content":{"rendered":"<h1 style=\"text-align: center;\">Life Extension &#8211; Soutien de la pression oculaire avec Mirtogenol<\/h1>\n<h3 style=\"text-align: center;\">Formule europ\u00e9enne test\u00e9e cliniquement<\/h3>\n<p>En vieillissant, la pression du liquide \u00e0 l&#8217;int\u00e9rieur de vos yeux peut augmenter progressivement et de mani\u00e8re imperceptible. Eye Pressure Support with Mirtogenol contient un puissant m\u00e9lange d&#8217;ingr\u00e9dients qui est utilis\u00e9 en Europe pour soutenir la pression du liquide dans des yeux d\u00e9j\u00e0 sains. Mirtogenol contient des extraits standardis\u00e9s de myrtille europ\u00e9enne et d&#8217;\u00e9corce de pin maritime fran\u00e7ais, dont il a \u00e9t\u00e9 d\u00e9montr\u00e9 qu&#8217;ils favorisent une circulation sanguine saine dans tout le corps.<\/p>\n<p>Les avantages en un coup d&#8217;\u0153il<\/p>\n<p>Soutenir la pression oculaire qui se situe d\u00e9j\u00e0 dans la fourchette normale<br \/>\nM\u00e9lange unique de puissants phytonutriments qui favorise une circulation sanguine saine<br \/>\n\u00c9tudi\u00e9 cliniquement en Europe<\/p>\n<p>L&#8217;\u0153il est l&#8217;un des organes les plus sensibles du corps humain. Toute augmentation de la pression du liquide \u00e0 l&#8217;int\u00e9rieur de la chambre oculaire peut augmenter votre risque de souffrir de probl\u00e8mes de vision li\u00e9s \u00e0 l&#8217;\u00e2ge. L&#8217;Eye Pressure Support avec Mirtogenol de Life Extension a \u00e9t\u00e9 d\u00e9velopp\u00e9 pour inhiber cette lente augmentation de la pression du fluide. Le c\u0153ur de Eye Pressure Support with Mirtogenol est un m\u00e9lange exclusif de deux extraits de plantes dont il a \u00e9t\u00e9 d\u00e9montr\u00e9 qu&#8217;ils soutiennent une circulation sanguine saine dans tout le corps et favorisent une pression oculaire d\u00e9j\u00e0 dans la fourchette normale.<\/p>\n<p>Mirtoselect est d\u00e9riv\u00e9 de la plante de myrtille europ\u00e9enne.<br \/>\nLe pycnog\u00e9nol est un extrait d&#8217;\u00e9corce de pin maritime fran\u00e7ais.<\/p>\n<p>Dans une \u00e9tude r\u00e9volutionnaire de 2010, la combinaison de ces deux extraits dans le Mirtogenol a induit jusqu&#8217;\u00e0 24% de r\u00e9duction de la pression oculaire d\u00e9j\u00e0 saine.<\/p>\n<p>Prot\u00e9gez vos yeux \u00e0 l&#8217;avenir en ajoutant le soutien de la pression oculaire avec Mirtogenol \u00e0 votre r\u00e9gime de suppl\u00e9mentation d\u00e8s aujourd&#8217;hui.<\/p>\n<p><img decoding=\"async\" src=\"https:\/\/ecosupplements.be\/wp-content\/uploads\/2025\/08\/gluten-free-1.png\" title=\"Sans gluten\" alt=\"Gluten free\"><img decoding=\"async\" src=\"https:\/\/ecosupplements.be\/wp-content\/uploads\/2025\/08\/non-gmo-1.png\" title=\"Non-OGM\" alt=\"Non-GMO\"><\/p>\n","protected":false},"excerpt":{"rendered":"<p>Life Extension &#8211; Soutien de la pression oculaire avec Mirtogenol Formule europ\u00e9enne test\u00e9e cliniquement En vieillissant, la pression du liquide \u00e0 l&#8217;int\u00e9rieur de vos yeux peut augmenter progressivement et de mani\u00e8re imperceptible. Eye Pressure Support with Mirtogenol contient un puissant m\u00e9lange d&#8217;ingr\u00e9dients qui est utilis\u00e9 en Europe pour soutenir la pression du liquide dans des [&#8230;]\n","protected":false},"featured_media":247324,"comment_status":"open","ping_status":"open","template":"","meta":[],"product_brand":[4723],"product_cat":[5103,5052,5104],"product_tag":[5069],"class_list":{"0":"post-281391","1":"product","2":"type-product","3":"status-publish","4":"has-post-thumbnail","6":"product_brand-life-extension-2","7":"product_cat-sante-des-yeux","8":"product_cat-sante-et-bien-etre","9":"product_cat-sante-oculaire","10":"product_tag-topeco-2","12":"first","13":"instock","14":"taxable","15":"shipping-taxable","16":"purchasable","17":"product-type-simple"},"yoast_head":"<!-- This site is optimized with the Yoast SEO Premium plugin v27.3 (Yoast SEO v27.3) - https:\/\/yoast.com\/product\/yoast-seo-premium-wordpress\/ -->\n<title>Soutien de la pression oculaire avec Mirtogenol - 30 vcaps - ECO Supplements<\/title>\n<meta name=\"description\" content=\"Wij hebben een ruime keuze aan producten van Soutien de la pression oculaire avec Mirtogenol - 30 vcaps . Winkel bij Eco Supplements altijd gratis verzending boven 100\u20ac\" \/>\n<meta name=\"robots\" content=\"index, follow, max-snippet:-1, max-image-preview:large, max-video-preview:-1\" \/>\n<link rel=\"canonical\" href=\"https:\/\/ecosupplements.be\/fr\/produit\/soutien-de-la-pression-oculaire-avec-mirtogenol-30-vcaps\/\" \/>\n<meta property=\"og:locale\" content=\"fr_FR\" \/>\n<meta property=\"og:type\" content=\"article\" \/>\n<meta property=\"og:title\" content=\"Soutien de la pression oculaire avec Mirtogenol - 30 vcaps\" \/>\n<meta property=\"og:description\" content=\"Wij hebben een ruime keuze aan producten van Soutien de la pression oculaire avec Mirtogenol - 30 vcaps . Winkel bij Eco Supplements altijd gratis verzending boven 100\u20ac\" \/>\n<meta property=\"og:url\" content=\"https:\/\/ecosupplements.be\/fr\/produit\/soutien-de-la-pression-oculaire-avec-mirtogenol-30-vcaps\/\" \/>\n<meta property=\"og:site_name\" content=\"ECO Supplements\" \/>\n<meta property=\"article:modified_time\" content=\"2025-08-27T10:19:25+00:00\" \/>\n<meta property=\"og:image\" content=\"https:\/\/ecosupplements.be\/wp-content\/uploads\/2025\/08\/Life-Extension-Eye-Pressure-Support-with-Mirtogenol-30-vcaps-1.jpg\" \/>\n\t<meta property=\"og:image:width\" content=\"750\" \/>\n\t<meta property=\"og:image:height\" content=\"750\" \/>\n\t<meta property=\"og:image:type\" content=\"image\/jpeg\" \/>\n<meta name=\"twitter:card\" content=\"summary_large_image\" \/>\n<meta name=\"twitter:label1\" content=\"Prix\" \/>\n\t<meta name=\"twitter:data1\" content=\"49.34&nbsp;&euro;\" \/>\n\t<meta name=\"twitter:label2\" content=\"Disponibilit\u00e9\" \/>\n\t<meta name=\"twitter:data2\" content=\"En stock\" \/>\n<script type=\"application\/ld+json\" class=\"yoast-schema-graph\">{\"@context\":\"https:\\\/\\\/schema.org\",\"@graph\":[{\"@type\":[\"WebPage\",\"ItemPage\"],\"@id\":\"https:\\\/\\\/ecosupplements.be\\\/fr\\\/produit\\\/soutien-de-la-pression-oculaire-avec-mirtogenol-30-vcaps\\\/\",\"url\":\"https:\\\/\\\/ecosupplements.be\\\/fr\\\/produit\\\/soutien-de-la-pression-oculaire-avec-mirtogenol-30-vcaps\\\/\",\"name\":\"Soutien de la pression oculaire avec Mirtogenol - 30 vcaps - ECO Supplements\",\"isPartOf\":{\"@id\":\"https:\\\/\\\/ecosupplements.be\\\/fr\\\/#website\"},\"primaryImageOfPage\":{\"@id\":\"https:\\\/\\\/ecosupplements.be\\\/fr\\\/produit\\\/soutien-de-la-pression-oculaire-avec-mirtogenol-30-vcaps\\\/#primaryimage\"},\"image\":{\"@id\":\"https:\\\/\\\/ecosupplements.be\\\/fr\\\/produit\\\/soutien-de-la-pression-oculaire-avec-mirtogenol-30-vcaps\\\/#primaryimage\"},\"thumbnailUrl\":\"https:\\\/\\\/ecosupplements.be\\\/wp-content\\\/uploads\\\/2025\\\/08\\\/Life-Extension-Eye-Pressure-Support-with-Mirtogenol-30-vcaps-1.jpg\",\"datePublished\":\"2022-06-28T09:17:11+00:00\",\"dateModified\":\"2025-08-27T10:19:25+00:00\",\"description\":\"Wij hebben een ruime keuze aan producten van Soutien de la pression oculaire avec Mirtogenol - 30 vcaps . Winkel bij Eco Supplements altijd gratis verzending boven 100\u20ac\",\"breadcrumb\":{\"@id\":\"https:\\\/\\\/ecosupplements.be\\\/fr\\\/produit\\\/soutien-de-la-pression-oculaire-avec-mirtogenol-30-vcaps\\\/#breadcrumb\"},\"inLanguage\":\"fr-FR\",\"potentialAction\":[{\"@type\":\"ReadAction\",\"target\":[\"https:\\\/\\\/ecosupplements.be\\\/fr\\\/produit\\\/soutien-de-la-pression-oculaire-avec-mirtogenol-30-vcaps\\\/\"]}]},{\"@type\":\"ImageObject\",\"inLanguage\":\"fr-FR\",\"@id\":\"https:\\\/\\\/ecosupplements.be\\\/fr\\\/produit\\\/soutien-de-la-pression-oculaire-avec-mirtogenol-30-vcaps\\\/#primaryimage\",\"url\":\"https:\\\/\\\/ecosupplements.be\\\/wp-content\\\/uploads\\\/2025\\\/08\\\/Life-Extension-Eye-Pressure-Support-with-Mirtogenol-30-vcaps-1.jpg\",\"contentUrl\":\"https:\\\/\\\/ecosupplements.be\\\/wp-content\\\/uploads\\\/2025\\\/08\\\/Life-Extension-Eye-Pressure-Support-with-Mirtogenol-30-vcaps-1.jpg\",\"width\":750,\"height\":750},{\"@type\":\"BreadcrumbList\",\"@id\":\"https:\\\/\\\/ecosupplements.be\\\/fr\\\/produit\\\/soutien-de-la-pression-oculaire-avec-mirtogenol-30-vcaps\\\/#breadcrumb\",\"itemListElement\":[{\"@type\":\"ListItem\",\"position\":1,\"name\":\"Home\",\"item\":\"https:\\\/\\\/ecosupplements.be\\\/fr\\\/\"},{\"@type\":\"ListItem\",\"position\":2,\"name\":\"Boutique\",\"item\":\"https:\\\/\\\/ecosupplements.be\\\/fr\\\/boutique\\\/\"},{\"@type\":\"ListItem\",\"position\":3,\"name\":\"Soutien de la pression oculaire avec Mirtogenol &#8211; 30 vcaps\"}]},{\"@type\":\"WebSite\",\"@id\":\"https:\\\/\\\/ecosupplements.be\\\/fr\\\/#website\",\"url\":\"https:\\\/\\\/ecosupplements.be\\\/fr\\\/\",\"name\":\"ECO Supplements\",\"description\":\"Eco Supplements - Gezonde supplementen\",\"publisher\":{\"@id\":\"https:\\\/\\\/ecosupplements.be\\\/fr\\\/#organization\"},\"potentialAction\":[{\"@type\":\"SearchAction\",\"target\":{\"@type\":\"EntryPoint\",\"urlTemplate\":\"https:\\\/\\\/ecosupplements.be\\\/fr\\\/?s={search_term_string}\"},\"query-input\":{\"@type\":\"PropertyValueSpecification\",\"valueRequired\":true,\"valueName\":\"search_term_string\"}}],\"inLanguage\":\"fr-FR\"},{\"@type\":\"Organization\",\"@id\":\"https:\\\/\\\/ecosupplements.be\\\/fr\\\/#organization\",\"name\":\"Eco Supplements\",\"url\":\"https:\\\/\\\/ecosupplements.be\\\/fr\\\/\",\"logo\":{\"@type\":\"ImageObject\",\"inLanguage\":\"fr-FR\",\"@id\":\"https:\\\/\\\/ecosupplements.be\\\/fr\\\/#\\\/schema\\\/logo\\\/image\\\/\",\"url\":\"https:\\\/\\\/ecosupplements.be\\\/wp-content\\\/uploads\\\/2022\\\/06\\\/ecosupplement-family.png\",\"contentUrl\":\"https:\\\/\\\/ecosupplements.be\\\/wp-content\\\/uploads\\\/2022\\\/06\\\/ecosupplement-family.png\",\"width\":593,\"height\":374,\"caption\":\"Eco Supplements\"},\"image\":{\"@id\":\"https:\\\/\\\/ecosupplements.be\\\/fr\\\/#\\\/schema\\\/logo\\\/image\\\/\"}}]}<\/script>\n<meta property=\"product:brand\" content=\"Life Extension\" \/>\n<meta property=\"product:price:amount\" content=\"49.34\" \/>\n<meta property=\"product:price:currency\" content=\"EUR\" \/>\n<meta property=\"og:availability\" content=\"instock\" \/>\n<meta property=\"product:availability\" content=\"instock\" \/>\n<meta property=\"product:retailer_item_id\" content=\"737870151432\" \/>\n<meta property=\"product:condition\" content=\"new\" \/>\n<!-- \/ Yoast SEO Premium plugin. -->","yoast_head_json":{"title":"Soutien de la pression oculaire avec Mirtogenol - 30 vcaps - ECO Supplements","description":"Wij hebben een ruime keuze aan producten van Soutien de la pression oculaire avec Mirtogenol - 30 vcaps . Winkel bij Eco Supplements altijd gratis verzending boven 100\u20ac","robots":{"index":"index","follow":"follow","max-snippet":"max-snippet:-1","max-image-preview":"max-image-preview:large","max-video-preview":"max-video-preview:-1"},"canonical":"https:\/\/ecosupplements.be\/fr\/produit\/soutien-de-la-pression-oculaire-avec-mirtogenol-30-vcaps\/","og_locale":"fr_FR","og_type":"article","og_title":"Soutien de la pression oculaire avec Mirtogenol - 30 vcaps","og_description":"Wij hebben een ruime keuze aan producten van Soutien de la pression oculaire avec Mirtogenol - 30 vcaps . Winkel bij Eco Supplements altijd gratis verzending boven 100\u20ac","og_url":"https:\/\/ecosupplements.be\/fr\/produit\/soutien-de-la-pression-oculaire-avec-mirtogenol-30-vcaps\/","og_site_name":"ECO Supplements","article_modified_time":"2025-08-27T10:19:25+00:00","og_image":[{"width":750,"height":750,"url":"https:\/\/ecosupplements.be\/wp-content\/uploads\/2025\/08\/Life-Extension-Eye-Pressure-Support-with-Mirtogenol-30-vcaps-1.jpg","type":"image\/jpeg"}],"twitter_card":"summary_large_image","twitter_misc":{"Prix":"49.34&nbsp;&euro;","Disponibilit\u00e9":"En stock"},"schema":{"@context":"https:\/\/schema.org","@graph":[{"@type":["WebPage","ItemPage"],"@id":"https:\/\/ecosupplements.be\/fr\/produit\/soutien-de-la-pression-oculaire-avec-mirtogenol-30-vcaps\/","url":"https:\/\/ecosupplements.be\/fr\/produit\/soutien-de-la-pression-oculaire-avec-mirtogenol-30-vcaps\/","name":"Soutien de la pression oculaire avec Mirtogenol - 30 vcaps - ECO Supplements","isPartOf":{"@id":"https:\/\/ecosupplements.be\/fr\/#website"},"primaryImageOfPage":{"@id":"https:\/\/ecosupplements.be\/fr\/produit\/soutien-de-la-pression-oculaire-avec-mirtogenol-30-vcaps\/#primaryimage"},"image":{"@id":"https:\/\/ecosupplements.be\/fr\/produit\/soutien-de-la-pression-oculaire-avec-mirtogenol-30-vcaps\/#primaryimage"},"thumbnailUrl":"https:\/\/ecosupplements.be\/wp-content\/uploads\/2025\/08\/Life-Extension-Eye-Pressure-Support-with-Mirtogenol-30-vcaps-1.jpg","datePublished":"2022-06-28T09:17:11+00:00","dateModified":"2025-08-27T10:19:25+00:00","description":"Wij hebben een ruime keuze aan producten van Soutien de la pression oculaire avec Mirtogenol - 30 vcaps . Winkel bij Eco Supplements altijd gratis verzending boven 100\u20ac","breadcrumb":{"@id":"https:\/\/ecosupplements.be\/fr\/produit\/soutien-de-la-pression-oculaire-avec-mirtogenol-30-vcaps\/#breadcrumb"},"inLanguage":"fr-FR","potentialAction":[{"@type":"ReadAction","target":["https:\/\/ecosupplements.be\/fr\/produit\/soutien-de-la-pression-oculaire-avec-mirtogenol-30-vcaps\/"]}]},{"@type":"ImageObject","inLanguage":"fr-FR","@id":"https:\/\/ecosupplements.be\/fr\/produit\/soutien-de-la-pression-oculaire-avec-mirtogenol-30-vcaps\/#primaryimage","url":"https:\/\/ecosupplements.be\/wp-content\/uploads\/2025\/08\/Life-Extension-Eye-Pressure-Support-with-Mirtogenol-30-vcaps-1.jpg","contentUrl":"https:\/\/ecosupplements.be\/wp-content\/uploads\/2025\/08\/Life-Extension-Eye-Pressure-Support-with-Mirtogenol-30-vcaps-1.jpg","width":750,"height":750},{"@type":"BreadcrumbList","@id":"https:\/\/ecosupplements.be\/fr\/produit\/soutien-de-la-pression-oculaire-avec-mirtogenol-30-vcaps\/#breadcrumb","itemListElement":[{"@type":"ListItem","position":1,"name":"Home","item":"https:\/\/ecosupplements.be\/fr\/"},{"@type":"ListItem","position":2,"name":"Boutique","item":"https:\/\/ecosupplements.be\/fr\/boutique\/"},{"@type":"ListItem","position":3,"name":"Soutien de la pression oculaire avec Mirtogenol &#8211; 30 vcaps"}]},{"@type":"WebSite","@id":"https:\/\/ecosupplements.be\/fr\/#website","url":"https:\/\/ecosupplements.be\/fr\/","name":"ECO Supplements","description":"Eco Supplements - Gezonde supplementen","publisher":{"@id":"https:\/\/ecosupplements.be\/fr\/#organization"},"potentialAction":[{"@type":"SearchAction","target":{"@type":"EntryPoint","urlTemplate":"https:\/\/ecosupplements.be\/fr\/?s={search_term_string}"},"query-input":{"@type":"PropertyValueSpecification","valueRequired":true,"valueName":"search_term_string"}}],"inLanguage":"fr-FR"},{"@type":"Organization","@id":"https:\/\/ecosupplements.be\/fr\/#organization","name":"Eco Supplements","url":"https:\/\/ecosupplements.be\/fr\/","logo":{"@type":"ImageObject","inLanguage":"fr-FR","@id":"https:\/\/ecosupplements.be\/fr\/#\/schema\/logo\/image\/","url":"https:\/\/ecosupplements.be\/wp-content\/uploads\/2022\/06\/ecosupplement-family.png","contentUrl":"https:\/\/ecosupplements.be\/wp-content\/uploads\/2022\/06\/ecosupplement-family.png","width":593,"height":374,"caption":"Eco Supplements"},"image":{"@id":"https:\/\/ecosupplements.be\/fr\/#\/schema\/logo\/image\/"}}]},"product_brand":"Life Extension","product_price_amount":"49.34","product_price_currency":"EUR","og_availability":"instock","product_availability":"instock","product_retailer_item_id":"737870151432","product_condition":"new"},"_links":{"self":[{"href":"https:\/\/ecosupplements.be\/fr\/wp-json\/wp\/v2\/product\/281391","targetHints":{"allow":["GET"]}}],"collection":[{"href":"https:\/\/ecosupplements.be\/fr\/wp-json\/wp\/v2\/product"}],"about":[{"href":"https:\/\/ecosupplements.be\/fr\/wp-json\/wp\/v2\/types\/product"}],"replies":[{"embeddable":true,"href":"https:\/\/ecosupplements.be\/fr\/wp-json\/wp\/v2\/comments?post=281391"}],"wp:featuredmedia":[{"embeddable":true,"href":"https:\/\/ecosupplements.be\/fr\/wp-json\/wp\/v2\/media\/247324"}],"wp:attachment":[{"href":"https:\/\/ecosupplements.be\/fr\/wp-json\/wp\/v2\/media?parent=281391"}],"wp:term":[{"taxonomy":"product_brand","embeddable":true,"href":"https:\/\/ecosupplements.be\/fr\/wp-json\/wp\/v2\/product_brand?post=281391"},{"taxonomy":"product_cat","embeddable":true,"href":"https:\/\/ecosupplements.be\/fr\/wp-json\/wp\/v2\/product_cat?post=281391"},{"taxonomy":"product_tag","embeddable":true,"href":"https:\/\/ecosupplements.be\/fr\/wp-json\/wp\/v2\/product_tag?post=281391"}],"curies":[{"name":"wp","href":"https:\/\/api.w.org\/{rel}","templated":true}]}}