{"id":281397,"date":"2022-06-28T10:17:11","date_gmt":"2022-06-28T09:17:11","guid":{"rendered":"https:\/\/ecosupplements.be\/product\/florassist-hygiene-buccale-30-pastilles-vegetariennes\/"},"modified":"2025-08-27T11:19:43","modified_gmt":"2025-08-27T10:19:43","slug":"florassist-hygiene-buccale-30-pastilles-vegetariennes","status":"publish","type":"product","link":"https:\/\/ecosupplements.be\/fr\/produit\/florassist-hygiene-buccale-30-pastilles-vegetariennes\/","title":{"rendered":"Florassist Hygi\u00e8ne buccale &#8211; 30 pastilles v\u00e9g\u00e9tariennes"},"content":{"rendered":"<h1 style=\"text-align: center;\">Life Extension &#8211; Hygi\u00e8ne buccale Florassist<\/h1>\n<h3 style=\"text-align: center;\">Probiotique pour la sant\u00e9 dentaire<\/h3>\n<p>Probiotique pour la sant\u00e9 dentaire<br \/>\nSuppl\u00e9ment alimentaire<\/p>\n<p>Les troubles de la sant\u00e9 bucco-dentaire font partie des probl\u00e8mes de sant\u00e9 les plus courants chez les adultes am\u00e9ricains.<\/p>\n<p>Un brossage r\u00e9gulier et l&#8217;utilisation du fil dentaire ne suffisent souvent pas \u00e0 atteindre une sant\u00e9 bucco-dentaire optimale. La bouche \u00e9tant la principale porte d&#8217;entr\u00e9e du corps, le maintien d&#8217;une bonne hygi\u00e8ne buccale est important pour la sant\u00e9 globale.<\/p>\n<p>Les chercheurs ont d\u00e9velopp\u00e9 une approche innovante pour atteindre une sant\u00e9 bucco-dentaire maximale. Les bact\u00e9ries b\u00e9n\u00e9fiques contenues dans FLORASSIST Oral Hygiene aident \u00e0 inhiber les bact\u00e9ries ind\u00e9sirables qui se d\u00e9veloppent dans la bouche et peuvent affecter la sant\u00e9 de vos dents et de vos gencives. FLORASSIST Oral Hygiene compl\u00e8te tout programme de soins bucco-dentaires.<\/p>\n<p>FLORASSIST Hygi\u00e8ne buccale contient la souche probiotique b\u00e9n\u00e9fique et cliniquement \u00e9tudi\u00e9e &#8211; S. salivarius BLIS M18. Cette formule fournit \u00e9galement le puissant probiotique Lactobacillus plantarum L-137 (Immuno-LP20), dont il a \u00e9t\u00e9 d\u00e9montr\u00e9 qu&#8217;il soutient la fonction immunitaire orale et une r\u00e9ponse inflammatoire saine.<\/p>\n<p>L&#8217;hygi\u00e8ne buccale FLORASSIST fournit des bact\u00e9ries saines qui colonisent la bouche et inhibent la croissance des bact\u00e9ries buccales ind\u00e9sirables. Cela contribue \u00e0 cr\u00e9er un environnement sain dans la cavit\u00e9 buccale.<\/p>\n<p>Comme l&#8217;hygi\u00e8ne buccale FLORASSIST se pr\u00e9sente sous forme de pastilles, elle fournit rapidement des probiotiques sains et cibl\u00e9s \u00e0 la cavit\u00e9 buccale.<br \/>\nEn dissolvant quotidiennement une pastille de FLORASSIST Oral Hygiene dans votre bouche, vous pouvez maximiser votre sant\u00e9 buccale en optimisant le pH buccal, en att\u00e9nuant l&#8217;inflammation et en favorisant une colonisation bact\u00e9rienne saine dans toute la bouche.<\/p>\n","protected":false},"excerpt":{"rendered":"<p>Life Extension &#8211; Hygi\u00e8ne buccale Florassist Probiotique pour la sant\u00e9 dentaire Probiotique pour la sant\u00e9 dentaire Suppl\u00e9ment alimentaire Les troubles de la sant\u00e9 bucco-dentaire font partie des probl\u00e8mes de sant\u00e9 les plus courants chez les adultes am\u00e9ricains. Un brossage r\u00e9gulier et l&#8217;utilisation du fil dentaire ne suffisent souvent pas \u00e0 atteindre une sant\u00e9 bucco-dentaire optimale. [&#8230;]\n","protected":false},"featured_media":247356,"comment_status":"open","ping_status":"open","template":"","meta":[],"product_brand":[4723],"product_cat":[5052,5123,5124],"product_tag":[5069],"class_list":{"0":"post-281397","1":"product","2":"type-product","3":"status-publish","4":"has-post-thumbnail","6":"product_brand-life-extension-2","7":"product_cat-sante-et-bien-etre","8":"product_cat-soutien-du-systeme-immunitaire","9":"product_cat-systeme-immunitaire","10":"product_tag-topeco-2","12":"first","13":"instock","14":"sale","15":"taxable","16":"shipping-taxable","17":"purchasable","18":"product-type-simple"},"yoast_head":"<!-- This site is optimized with the Yoast SEO Premium plugin v27.3 (Yoast SEO v27.3) - https:\/\/yoast.com\/product\/yoast-seo-premium-wordpress\/ -->\n<title>Florassist Hygi\u00e8ne buccale - 30 pastilles v\u00e9g\u00e9tariennes - ECO Supplements<\/title>\n<meta name=\"description\" content=\"Wij hebben een ruime keuze aan producten van Florassist Hygi\u00e8ne buccale - 30 pastilles v\u00e9g\u00e9tariennes . Winkel bij Eco Supplements altijd gratis verzending boven 100\u20ac\" \/>\n<meta name=\"robots\" content=\"index, follow, max-snippet:-1, max-image-preview:large, max-video-preview:-1\" \/>\n<link rel=\"canonical\" href=\"https:\/\/ecosupplements.be\/fr\/produit\/florassist-hygiene-buccale-30-pastilles-vegetariennes\/\" \/>\n<meta property=\"og:locale\" content=\"fr_FR\" \/>\n<meta property=\"og:type\" content=\"article\" \/>\n<meta property=\"og:title\" content=\"Florassist Hygi\u00e8ne buccale - 30 pastilles v\u00e9g\u00e9tariennes\" \/>\n<meta property=\"og:description\" content=\"Wij hebben een ruime keuze aan producten van Florassist Hygi\u00e8ne buccale - 30 pastilles v\u00e9g\u00e9tariennes . Winkel bij Eco Supplements altijd gratis verzending boven 100\u20ac\" \/>\n<meta property=\"og:url\" content=\"https:\/\/ecosupplements.be\/fr\/produit\/florassist-hygiene-buccale-30-pastilles-vegetariennes\/\" \/>\n<meta property=\"og:site_name\" content=\"ECO Supplements\" \/>\n<meta property=\"article:modified_time\" content=\"2025-08-27T10:19:43+00:00\" \/>\n<meta property=\"og:image\" content=\"https:\/\/ecosupplements.be\/wp-content\/uploads\/2025\/08\/Life-Extension-Florassist-Oral-Hygiene-30-lozenges.jpg\" \/>\n\t<meta property=\"og:image:width\" content=\"750\" \/>\n\t<meta property=\"og:image:height\" content=\"750\" \/>\n\t<meta property=\"og:image:type\" content=\"image\/jpeg\" \/>\n<meta name=\"twitter:card\" content=\"summary_large_image\" \/>\n<meta name=\"twitter:label1\" content=\"Prix\" \/>\n\t<meta name=\"twitter:data1\" content=\"20.34&nbsp;&euro;\" \/>\n\t<meta name=\"twitter:label2\" content=\"Disponibilit\u00e9\" \/>\n\t<meta name=\"twitter:data2\" content=\"En stock\" \/>\n<script type=\"application\/ld+json\" class=\"yoast-schema-graph\">{\"@context\":\"https:\\\/\\\/schema.org\",\"@graph\":[{\"@type\":[\"WebPage\",\"ItemPage\"],\"@id\":\"https:\\\/\\\/ecosupplements.be\\\/fr\\\/produit\\\/florassist-hygiene-buccale-30-pastilles-vegetariennes\\\/\",\"url\":\"https:\\\/\\\/ecosupplements.be\\\/fr\\\/produit\\\/florassist-hygiene-buccale-30-pastilles-vegetariennes\\\/\",\"name\":\"Florassist Hygi\u00e8ne buccale - 30 pastilles v\u00e9g\u00e9tariennes - ECO Supplements\",\"isPartOf\":{\"@id\":\"https:\\\/\\\/ecosupplements.be\\\/fr\\\/#website\"},\"primaryImageOfPage\":{\"@id\":\"https:\\\/\\\/ecosupplements.be\\\/fr\\\/produit\\\/florassist-hygiene-buccale-30-pastilles-vegetariennes\\\/#primaryimage\"},\"image\":{\"@id\":\"https:\\\/\\\/ecosupplements.be\\\/fr\\\/produit\\\/florassist-hygiene-buccale-30-pastilles-vegetariennes\\\/#primaryimage\"},\"thumbnailUrl\":\"https:\\\/\\\/ecosupplements.be\\\/wp-content\\\/uploads\\\/2025\\\/08\\\/Life-Extension-Florassist-Oral-Hygiene-30-lozenges-1.jpg\",\"datePublished\":\"2022-06-28T09:17:11+00:00\",\"dateModified\":\"2025-08-27T10:19:43+00:00\",\"description\":\"Wij hebben een ruime keuze aan producten van Florassist Hygi\u00e8ne buccale - 30 pastilles v\u00e9g\u00e9tariennes . Winkel bij Eco Supplements altijd gratis verzending boven 100\u20ac\",\"breadcrumb\":{\"@id\":\"https:\\\/\\\/ecosupplements.be\\\/fr\\\/produit\\\/florassist-hygiene-buccale-30-pastilles-vegetariennes\\\/#breadcrumb\"},\"inLanguage\":\"fr-FR\",\"potentialAction\":[{\"@type\":\"ReadAction\",\"target\":[\"https:\\\/\\\/ecosupplements.be\\\/fr\\\/produit\\\/florassist-hygiene-buccale-30-pastilles-vegetariennes\\\/\"]}]},{\"@type\":\"ImageObject\",\"inLanguage\":\"fr-FR\",\"@id\":\"https:\\\/\\\/ecosupplements.be\\\/fr\\\/produit\\\/florassist-hygiene-buccale-30-pastilles-vegetariennes\\\/#primaryimage\",\"url\":\"https:\\\/\\\/ecosupplements.be\\\/wp-content\\\/uploads\\\/2025\\\/08\\\/Life-Extension-Florassist-Oral-Hygiene-30-lozenges-1.jpg\",\"contentUrl\":\"https:\\\/\\\/ecosupplements.be\\\/wp-content\\\/uploads\\\/2025\\\/08\\\/Life-Extension-Florassist-Oral-Hygiene-30-lozenges-1.jpg\",\"width\":750,\"height\":750},{\"@type\":\"BreadcrumbList\",\"@id\":\"https:\\\/\\\/ecosupplements.be\\\/fr\\\/produit\\\/florassist-hygiene-buccale-30-pastilles-vegetariennes\\\/#breadcrumb\",\"itemListElement\":[{\"@type\":\"ListItem\",\"position\":1,\"name\":\"Home\",\"item\":\"https:\\\/\\\/ecosupplements.be\\\/fr\\\/\"},{\"@type\":\"ListItem\",\"position\":2,\"name\":\"Boutique\",\"item\":\"https:\\\/\\\/ecosupplements.be\\\/fr\\\/boutique\\\/\"},{\"@type\":\"ListItem\",\"position\":3,\"name\":\"Florassist Hygi\u00e8ne buccale &#8211; 30 pastilles v\u00e9g\u00e9tariennes\"}]},{\"@type\":\"WebSite\",\"@id\":\"https:\\\/\\\/ecosupplements.be\\\/fr\\\/#website\",\"url\":\"https:\\\/\\\/ecosupplements.be\\\/fr\\\/\",\"name\":\"ECO Supplements\",\"description\":\"Eco Supplements - Gezonde supplementen\",\"publisher\":{\"@id\":\"https:\\\/\\\/ecosupplements.be\\\/fr\\\/#organization\"},\"potentialAction\":[{\"@type\":\"SearchAction\",\"target\":{\"@type\":\"EntryPoint\",\"urlTemplate\":\"https:\\\/\\\/ecosupplements.be\\\/fr\\\/?s={search_term_string}\"},\"query-input\":{\"@type\":\"PropertyValueSpecification\",\"valueRequired\":true,\"valueName\":\"search_term_string\"}}],\"inLanguage\":\"fr-FR\"},{\"@type\":\"Organization\",\"@id\":\"https:\\\/\\\/ecosupplements.be\\\/fr\\\/#organization\",\"name\":\"Eco Supplements\",\"url\":\"https:\\\/\\\/ecosupplements.be\\\/fr\\\/\",\"logo\":{\"@type\":\"ImageObject\",\"inLanguage\":\"fr-FR\",\"@id\":\"https:\\\/\\\/ecosupplements.be\\\/fr\\\/#\\\/schema\\\/logo\\\/image\\\/\",\"url\":\"https:\\\/\\\/ecosupplements.be\\\/wp-content\\\/uploads\\\/2022\\\/06\\\/ecosupplement-family.png\",\"contentUrl\":\"https:\\\/\\\/ecosupplements.be\\\/wp-content\\\/uploads\\\/2022\\\/06\\\/ecosupplement-family.png\",\"width\":593,\"height\":374,\"caption\":\"Eco Supplements\"},\"image\":{\"@id\":\"https:\\\/\\\/ecosupplements.be\\\/fr\\\/#\\\/schema\\\/logo\\\/image\\\/\"}}]}<\/script>\n<meta property=\"product:brand\" content=\"Life Extension\" \/>\n<meta property=\"product:price:amount\" content=\"20.34\" \/>\n<meta property=\"product:price:currency\" content=\"EUR\" \/>\n<meta property=\"og:availability\" content=\"instock\" \/>\n<meta property=\"product:availability\" content=\"instock\" \/>\n<meta property=\"product:retailer_item_id\" content=\"737870212034\" \/>\n<meta property=\"product:condition\" content=\"new\" \/>\n<!-- \/ Yoast SEO Premium plugin. -->","yoast_head_json":{"title":"Florassist Hygi\u00e8ne buccale - 30 pastilles v\u00e9g\u00e9tariennes - ECO Supplements","description":"Wij hebben een ruime keuze aan producten van Florassist Hygi\u00e8ne buccale - 30 pastilles v\u00e9g\u00e9tariennes . Winkel bij Eco Supplements altijd gratis verzending boven 100\u20ac","robots":{"index":"index","follow":"follow","max-snippet":"max-snippet:-1","max-image-preview":"max-image-preview:large","max-video-preview":"max-video-preview:-1"},"canonical":"https:\/\/ecosupplements.be\/fr\/produit\/florassist-hygiene-buccale-30-pastilles-vegetariennes\/","og_locale":"fr_FR","og_type":"article","og_title":"Florassist Hygi\u00e8ne buccale - 30 pastilles v\u00e9g\u00e9tariennes","og_description":"Wij hebben een ruime keuze aan producten van Florassist Hygi\u00e8ne buccale - 30 pastilles v\u00e9g\u00e9tariennes . Winkel bij Eco Supplements altijd gratis verzending boven 100\u20ac","og_url":"https:\/\/ecosupplements.be\/fr\/produit\/florassist-hygiene-buccale-30-pastilles-vegetariennes\/","og_site_name":"ECO Supplements","article_modified_time":"2025-08-27T10:19:43+00:00","og_image":[{"width":750,"height":750,"url":"https:\/\/ecosupplements.be\/wp-content\/uploads\/2025\/08\/Life-Extension-Florassist-Oral-Hygiene-30-lozenges.jpg","type":"image\/jpeg"}],"twitter_card":"summary_large_image","twitter_misc":{"Prix":"20.34&nbsp;&euro;","Disponibilit\u00e9":"En stock"},"schema":{"@context":"https:\/\/schema.org","@graph":[{"@type":["WebPage","ItemPage"],"@id":"https:\/\/ecosupplements.be\/fr\/produit\/florassist-hygiene-buccale-30-pastilles-vegetariennes\/","url":"https:\/\/ecosupplements.be\/fr\/produit\/florassist-hygiene-buccale-30-pastilles-vegetariennes\/","name":"Florassist Hygi\u00e8ne buccale - 30 pastilles v\u00e9g\u00e9tariennes - ECO Supplements","isPartOf":{"@id":"https:\/\/ecosupplements.be\/fr\/#website"},"primaryImageOfPage":{"@id":"https:\/\/ecosupplements.be\/fr\/produit\/florassist-hygiene-buccale-30-pastilles-vegetariennes\/#primaryimage"},"image":{"@id":"https:\/\/ecosupplements.be\/fr\/produit\/florassist-hygiene-buccale-30-pastilles-vegetariennes\/#primaryimage"},"thumbnailUrl":"https:\/\/ecosupplements.be\/wp-content\/uploads\/2025\/08\/Life-Extension-Florassist-Oral-Hygiene-30-lozenges-1.jpg","datePublished":"2022-06-28T09:17:11+00:00","dateModified":"2025-08-27T10:19:43+00:00","description":"Wij hebben een ruime keuze aan producten van Florassist Hygi\u00e8ne buccale - 30 pastilles v\u00e9g\u00e9tariennes . Winkel bij Eco Supplements altijd gratis verzending boven 100\u20ac","breadcrumb":{"@id":"https:\/\/ecosupplements.be\/fr\/produit\/florassist-hygiene-buccale-30-pastilles-vegetariennes\/#breadcrumb"},"inLanguage":"fr-FR","potentialAction":[{"@type":"ReadAction","target":["https:\/\/ecosupplements.be\/fr\/produit\/florassist-hygiene-buccale-30-pastilles-vegetariennes\/"]}]},{"@type":"ImageObject","inLanguage":"fr-FR","@id":"https:\/\/ecosupplements.be\/fr\/produit\/florassist-hygiene-buccale-30-pastilles-vegetariennes\/#primaryimage","url":"https:\/\/ecosupplements.be\/wp-content\/uploads\/2025\/08\/Life-Extension-Florassist-Oral-Hygiene-30-lozenges-1.jpg","contentUrl":"https:\/\/ecosupplements.be\/wp-content\/uploads\/2025\/08\/Life-Extension-Florassist-Oral-Hygiene-30-lozenges-1.jpg","width":750,"height":750},{"@type":"BreadcrumbList","@id":"https:\/\/ecosupplements.be\/fr\/produit\/florassist-hygiene-buccale-30-pastilles-vegetariennes\/#breadcrumb","itemListElement":[{"@type":"ListItem","position":1,"name":"Home","item":"https:\/\/ecosupplements.be\/fr\/"},{"@type":"ListItem","position":2,"name":"Boutique","item":"https:\/\/ecosupplements.be\/fr\/boutique\/"},{"@type":"ListItem","position":3,"name":"Florassist Hygi\u00e8ne buccale &#8211; 30 pastilles v\u00e9g\u00e9tariennes"}]},{"@type":"WebSite","@id":"https:\/\/ecosupplements.be\/fr\/#website","url":"https:\/\/ecosupplements.be\/fr\/","name":"ECO Supplements","description":"Eco Supplements - Gezonde supplementen","publisher":{"@id":"https:\/\/ecosupplements.be\/fr\/#organization"},"potentialAction":[{"@type":"SearchAction","target":{"@type":"EntryPoint","urlTemplate":"https:\/\/ecosupplements.be\/fr\/?s={search_term_string}"},"query-input":{"@type":"PropertyValueSpecification","valueRequired":true,"valueName":"search_term_string"}}],"inLanguage":"fr-FR"},{"@type":"Organization","@id":"https:\/\/ecosupplements.be\/fr\/#organization","name":"Eco Supplements","url":"https:\/\/ecosupplements.be\/fr\/","logo":{"@type":"ImageObject","inLanguage":"fr-FR","@id":"https:\/\/ecosupplements.be\/fr\/#\/schema\/logo\/image\/","url":"https:\/\/ecosupplements.be\/wp-content\/uploads\/2022\/06\/ecosupplement-family.png","contentUrl":"https:\/\/ecosupplements.be\/wp-content\/uploads\/2022\/06\/ecosupplement-family.png","width":593,"height":374,"caption":"Eco Supplements"},"image":{"@id":"https:\/\/ecosupplements.be\/fr\/#\/schema\/logo\/image\/"}}]},"product_brand":"Life Extension","product_price_amount":"20.34","product_price_currency":"EUR","og_availability":"instock","product_availability":"instock","product_retailer_item_id":"737870212034","product_condition":"new"},"_links":{"self":[{"href":"https:\/\/ecosupplements.be\/fr\/wp-json\/wp\/v2\/product\/281397","targetHints":{"allow":["GET"]}}],"collection":[{"href":"https:\/\/ecosupplements.be\/fr\/wp-json\/wp\/v2\/product"}],"about":[{"href":"https:\/\/ecosupplements.be\/fr\/wp-json\/wp\/v2\/types\/product"}],"replies":[{"embeddable":true,"href":"https:\/\/ecosupplements.be\/fr\/wp-json\/wp\/v2\/comments?post=281397"}],"wp:featuredmedia":[{"embeddable":true,"href":"https:\/\/ecosupplements.be\/fr\/wp-json\/wp\/v2\/media\/247356"}],"wp:attachment":[{"href":"https:\/\/ecosupplements.be\/fr\/wp-json\/wp\/v2\/media?parent=281397"}],"wp:term":[{"taxonomy":"product_brand","embeddable":true,"href":"https:\/\/ecosupplements.be\/fr\/wp-json\/wp\/v2\/product_brand?post=281397"},{"taxonomy":"product_cat","embeddable":true,"href":"https:\/\/ecosupplements.be\/fr\/wp-json\/wp\/v2\/product_cat?post=281397"},{"taxonomy":"product_tag","embeddable":true,"href":"https:\/\/ecosupplements.be\/fr\/wp-json\/wp\/v2\/product_tag?post=281397"}],"curies":[{"name":"wp","href":"https:\/\/api.w.org\/{rel}","templated":true}]}}