{"id":281400,"date":"2022-06-28T10:17:18","date_gmt":"2022-06-28T09:17:18","guid":{"rendered":"https:\/\/ecosupplements.be\/product\/gamma-e-tocopherols-et-tocotrienols-melanges-60-softgels\/"},"modified":"2025-08-27T11:19:53","modified_gmt":"2025-08-27T10:19:53","slug":"gamma-e-tocopherols-et-tocotrienols-melanges-60-softgels","status":"publish","type":"product","link":"https:\/\/ecosupplements.be\/fr\/produit\/gamma-e-tocopherols-et-tocotrienols-melanges-60-softgels\/","title":{"rendered":"Gamma E Tocoph\u00e9rols et Tocotri\u00e9nols m\u00e9lang\u00e9s &#8211; 60 softgels"},"content":{"rendered":"<h1 style=\"text-align: center;\">Life Extension &#8211; Gamma E Tocoph\u00e9rols et Tocotri\u00e9nols m\u00e9lang\u00e9s<\/h1>\n<h3 style=\"text-align: center;\">Vitamine E compl\u00e8te<\/h3>\n<p>Gamma E Mixed Tocopherols &amp; Tocotrienols est une formule orale qui fournit un spectre complet de vitamine E pour une puissante protection antioxydante. Le terme &#8220;vitamine E&#8221; fait r\u00e9f\u00e9rence \u00e0 une famille de huit compos\u00e9s antioxydants apparent\u00e9s, liposolubles, largement pr\u00e9sents dans les plantes. Les sous-familles du tocoph\u00e9rol et du tocotri\u00e9nol sont chacune compos\u00e9es de fractions alpha, b\u00eata, gamma et delta ayant des effets biologiques uniques. Gamma E Mixed Tocopherols &amp; Tocotrienols contient le spectre complet des huit formes de vitamine E tocopherol et tocotrienol.<\/p>\n<p>Les avantages en un coup d&#8217;\u0153il<\/p>\n<p>Vitamine E \u00e0 spectre complet<br \/>\nProtection antioxydante puissante<br \/>\nFournit les deux membres de la famille des vitamines E &#8211; tocoph\u00e9rols et tocotri\u00e9nols<br \/>\nFournit la quantit\u00e9 et le rapport optimaux des sous-familles alpha, b\u00eata, gamma et delta<\/p>\n<p><img decoding=\"async\" src=\"https:\/\/ecosupplements.be\/wp-content\/uploads\/2025\/08\/non-gmo-1.png\" title=\"Non-OGM\" alt=\"Non-GMO\"><\/p>\n<p>Compl\u00e9ment alimentaire :<br \/>\nPortion : 1 Softgel<br \/>\nPortions par conteneur : 30<\/p>\n<p>Quantit\u00e9 par portion :<br \/>\nVitamine E (en tant que D-alpha tocoph\u00e9rol) 30.15mg 201%<br \/>\nGamma E tocoph\u00e9rols mixtes 360mg<br \/>\nComplexe mixte de tocotri\u00e9nols\/tocoph\u00e9rols 145mg<\/p>\n<p>Gamma E Tocoph\u00e9rols et Tocotri\u00e9nols m\u00e9lang\u00e9s Autres ingr\u00e9dients :<br \/>\nG\u00e9latine, glyc\u00e9rine, huile de triglyc\u00e9rides \u00e0 cha\u00eene moyenne, eau purifi\u00e9e, huile de tournesol, extrait de romarin.<\/p>\n<p>Gamma E Tocoph\u00e9rols et Tocotri\u00e9nols m\u00e9lang\u00e9s Utilisation recommand\u00e9e :<br \/>\nPrendre une (1) softgel une ou deux fois par jour avec de la nourriture ou selon les recommandations d&#8217;un professionnel de la sant\u00e9.<\/p>\n<p>Avertissements :<br \/>\nLa s\u00e9paration naturelle des ingr\u00e9dients actifs peut se produire.&nbsp;<br \/>\nConservez-la bien ferm\u00e9e dans un endroit frais et sec.<br \/>\nTenir hors de port\u00e9e des enfants.<br \/>\nNe pas d\u00e9passer la dose recommand\u00e9e.<br \/>\nN&#8217;achetez pas si le joint ext\u00e9rieur est cass\u00e9 ou endommag\u00e9.<br \/>\nLorsque vous utilisez des compl\u00e9ments alimentaires, veuillez consulter votre m\u00e9decin si vous suivez un traitement pour un probl\u00e8me m\u00e9dical ou si vous \u00eates enceinte ou allaitante.<\/p>\n","protected":false},"excerpt":{"rendered":"<p>Life Extension &#8211; Gamma E Tocoph\u00e9rols et Tocotri\u00e9nols m\u00e9lang\u00e9s Vitamine E compl\u00e8te Gamma E Mixed Tocopherols &amp; Tocotrienols est une formule orale qui fournit un spectre complet de vitamine E pour une puissante protection antioxydante. Le terme &#8220;vitamine E&#8221; fait r\u00e9f\u00e9rence \u00e0 une famille de huit compos\u00e9s antioxydants apparent\u00e9s, liposolubles, largement pr\u00e9sents dans les plantes. [&#8230;]\n","protected":false},"featured_media":247371,"comment_status":"open","ping_status":"open","template":"","meta":[],"product_brand":[4723],"product_cat":[5052,5053],"product_tag":[5069],"class_list":{"0":"post-281400","1":"product","2":"type-product","3":"status-publish","4":"has-post-thumbnail","6":"product_brand-life-extension-2","7":"product_cat-sante-et-bien-etre","8":"product_cat-vitamines-et-mineraux","9":"product_tag-topeco-2","11":"first","12":"instock","13":"sale","14":"taxable","15":"shipping-taxable","16":"purchasable","17":"product-type-simple"},"yoast_head":"<!-- This site is optimized with the Yoast SEO Premium plugin v27.3 (Yoast SEO v27.3) - https:\/\/yoast.com\/product\/yoast-seo-premium-wordpress\/ -->\n<title>Gamma E Tocoph\u00e9rols et Tocotri\u00e9nols m\u00e9lang\u00e9s - 60 softgels - ECO Supplements<\/title>\n<meta name=\"description\" content=\"Wij hebben een ruime keuze aan producten van Gamma E Tocoph\u00e9rols et Tocotri\u00e9nols m\u00e9lang\u00e9s - 60 softgels . Winkel bij Eco Supplements altijd gratis verzending boven 100\u20ac\" \/>\n<meta name=\"robots\" content=\"index, follow, max-snippet:-1, max-image-preview:large, max-video-preview:-1\" \/>\n<link rel=\"canonical\" href=\"https:\/\/ecosupplements.be\/fr\/produit\/gamma-e-tocopherols-et-tocotrienols-melanges-60-softgels\/\" \/>\n<meta property=\"og:locale\" content=\"fr_FR\" \/>\n<meta property=\"og:type\" content=\"article\" \/>\n<meta property=\"og:title\" content=\"Gamma E Tocoph\u00e9rols et Tocotri\u00e9nols m\u00e9lang\u00e9s - 60 softgels\" \/>\n<meta property=\"og:description\" content=\"Wij hebben een ruime keuze aan producten van Gamma E Tocoph\u00e9rols et Tocotri\u00e9nols m\u00e9lang\u00e9s - 60 softgels . Winkel bij Eco Supplements altijd gratis verzending boven 100\u20ac\" \/>\n<meta property=\"og:url\" content=\"https:\/\/ecosupplements.be\/fr\/produit\/gamma-e-tocopherols-et-tocotrienols-melanges-60-softgels\/\" \/>\n<meta property=\"og:site_name\" content=\"ECO Supplements\" \/>\n<meta property=\"article:modified_time\" content=\"2025-08-27T10:19:53+00:00\" \/>\n<meta property=\"og:image\" content=\"https:\/\/ecosupplements.be\/wp-content\/uploads\/2025\/08\/Life-Extension-Gamma-E-Mixed-Tocopherols-Tocotrienols-60-softgels-1.jpg\" \/>\n\t<meta property=\"og:image:width\" content=\"750\" \/>\n\t<meta property=\"og:image:height\" content=\"750\" \/>\n\t<meta property=\"og:image:type\" content=\"image\/jpeg\" \/>\n<meta name=\"twitter:card\" content=\"summary_large_image\" \/>\n<meta name=\"twitter:label1\" content=\"Prix\" \/>\n\t<meta name=\"twitter:data1\" content=\"37.88&nbsp;&euro;\" \/>\n\t<meta name=\"twitter:label2\" content=\"Disponibilit\u00e9\" \/>\n\t<meta name=\"twitter:data2\" content=\"En stock\" \/>\n<script type=\"application\/ld+json\" class=\"yoast-schema-graph\">{\"@context\":\"https:\\\/\\\/schema.org\",\"@graph\":[{\"@type\":[\"WebPage\",\"ItemPage\"],\"@id\":\"https:\\\/\\\/ecosupplements.be\\\/fr\\\/produit\\\/gamma-e-tocopherols-et-tocotrienols-melanges-60-softgels\\\/\",\"url\":\"https:\\\/\\\/ecosupplements.be\\\/fr\\\/produit\\\/gamma-e-tocopherols-et-tocotrienols-melanges-60-softgels\\\/\",\"name\":\"Gamma E Tocoph\u00e9rols et Tocotri\u00e9nols m\u00e9lang\u00e9s - 60 softgels - ECO Supplements\",\"isPartOf\":{\"@id\":\"https:\\\/\\\/ecosupplements.be\\\/fr\\\/#website\"},\"primaryImageOfPage\":{\"@id\":\"https:\\\/\\\/ecosupplements.be\\\/fr\\\/produit\\\/gamma-e-tocopherols-et-tocotrienols-melanges-60-softgels\\\/#primaryimage\"},\"image\":{\"@id\":\"https:\\\/\\\/ecosupplements.be\\\/fr\\\/produit\\\/gamma-e-tocopherols-et-tocotrienols-melanges-60-softgels\\\/#primaryimage\"},\"thumbnailUrl\":\"https:\\\/\\\/ecosupplements.be\\\/wp-content\\\/uploads\\\/2025\\\/08\\\/Life-Extension-Gamma-E-Mixed-Tocopherols-Tocotrienols-60-softgels-1.jpg\",\"datePublished\":\"2022-06-28T09:17:18+00:00\",\"dateModified\":\"2025-08-27T10:19:53+00:00\",\"description\":\"Wij hebben een ruime keuze aan producten van Gamma E Tocoph\u00e9rols et Tocotri\u00e9nols m\u00e9lang\u00e9s - 60 softgels . Winkel bij Eco Supplements altijd gratis verzending boven 100\u20ac\",\"breadcrumb\":{\"@id\":\"https:\\\/\\\/ecosupplements.be\\\/fr\\\/produit\\\/gamma-e-tocopherols-et-tocotrienols-melanges-60-softgels\\\/#breadcrumb\"},\"inLanguage\":\"fr-FR\",\"potentialAction\":[{\"@type\":\"ReadAction\",\"target\":[\"https:\\\/\\\/ecosupplements.be\\\/fr\\\/produit\\\/gamma-e-tocopherols-et-tocotrienols-melanges-60-softgels\\\/\"]}]},{\"@type\":\"ImageObject\",\"inLanguage\":\"fr-FR\",\"@id\":\"https:\\\/\\\/ecosupplements.be\\\/fr\\\/produit\\\/gamma-e-tocopherols-et-tocotrienols-melanges-60-softgels\\\/#primaryimage\",\"url\":\"https:\\\/\\\/ecosupplements.be\\\/wp-content\\\/uploads\\\/2025\\\/08\\\/Life-Extension-Gamma-E-Mixed-Tocopherols-Tocotrienols-60-softgels-1.jpg\",\"contentUrl\":\"https:\\\/\\\/ecosupplements.be\\\/wp-content\\\/uploads\\\/2025\\\/08\\\/Life-Extension-Gamma-E-Mixed-Tocopherols-Tocotrienols-60-softgels-1.jpg\",\"width\":750,\"height\":750},{\"@type\":\"BreadcrumbList\",\"@id\":\"https:\\\/\\\/ecosupplements.be\\\/fr\\\/produit\\\/gamma-e-tocopherols-et-tocotrienols-melanges-60-softgels\\\/#breadcrumb\",\"itemListElement\":[{\"@type\":\"ListItem\",\"position\":1,\"name\":\"Home\",\"item\":\"https:\\\/\\\/ecosupplements.be\\\/fr\\\/\"},{\"@type\":\"ListItem\",\"position\":2,\"name\":\"Boutique\",\"item\":\"https:\\\/\\\/ecosupplements.be\\\/fr\\\/boutique\\\/\"},{\"@type\":\"ListItem\",\"position\":3,\"name\":\"Gamma E Tocoph\u00e9rols et Tocotri\u00e9nols m\u00e9lang\u00e9s &#8211; 60 softgels\"}]},{\"@type\":\"WebSite\",\"@id\":\"https:\\\/\\\/ecosupplements.be\\\/fr\\\/#website\",\"url\":\"https:\\\/\\\/ecosupplements.be\\\/fr\\\/\",\"name\":\"ECO Supplements\",\"description\":\"Eco Supplements - Gezonde supplementen\",\"publisher\":{\"@id\":\"https:\\\/\\\/ecosupplements.be\\\/fr\\\/#organization\"},\"potentialAction\":[{\"@type\":\"SearchAction\",\"target\":{\"@type\":\"EntryPoint\",\"urlTemplate\":\"https:\\\/\\\/ecosupplements.be\\\/fr\\\/?s={search_term_string}\"},\"query-input\":{\"@type\":\"PropertyValueSpecification\",\"valueRequired\":true,\"valueName\":\"search_term_string\"}}],\"inLanguage\":\"fr-FR\"},{\"@type\":\"Organization\",\"@id\":\"https:\\\/\\\/ecosupplements.be\\\/fr\\\/#organization\",\"name\":\"Eco Supplements\",\"url\":\"https:\\\/\\\/ecosupplements.be\\\/fr\\\/\",\"logo\":{\"@type\":\"ImageObject\",\"inLanguage\":\"fr-FR\",\"@id\":\"https:\\\/\\\/ecosupplements.be\\\/fr\\\/#\\\/schema\\\/logo\\\/image\\\/\",\"url\":\"https:\\\/\\\/ecosupplements.be\\\/wp-content\\\/uploads\\\/2022\\\/06\\\/ecosupplement-family.png\",\"contentUrl\":\"https:\\\/\\\/ecosupplements.be\\\/wp-content\\\/uploads\\\/2022\\\/06\\\/ecosupplement-family.png\",\"width\":593,\"height\":374,\"caption\":\"Eco Supplements\"},\"image\":{\"@id\":\"https:\\\/\\\/ecosupplements.be\\\/fr\\\/#\\\/schema\\\/logo\\\/image\\\/\"}}]}<\/script>\n<meta property=\"product:brand\" content=\"Life Extension\" \/>\n<meta property=\"product:price:amount\" content=\"37.88\" \/>\n<meta property=\"product:price:currency\" content=\"EUR\" \/>\n<meta property=\"og:availability\" content=\"instock\" \/>\n<meta property=\"product:availability\" content=\"instock\" \/>\n<meta property=\"product:retailer_item_id\" content=\"737870207061\" \/>\n<meta property=\"product:condition\" content=\"new\" \/>\n<!-- \/ Yoast SEO Premium plugin. -->","yoast_head_json":{"title":"Gamma E Tocoph\u00e9rols et Tocotri\u00e9nols m\u00e9lang\u00e9s - 60 softgels - ECO Supplements","description":"Wij hebben een ruime keuze aan producten van Gamma E Tocoph\u00e9rols et Tocotri\u00e9nols m\u00e9lang\u00e9s - 60 softgels . Winkel bij Eco Supplements altijd gratis verzending boven 100\u20ac","robots":{"index":"index","follow":"follow","max-snippet":"max-snippet:-1","max-image-preview":"max-image-preview:large","max-video-preview":"max-video-preview:-1"},"canonical":"https:\/\/ecosupplements.be\/fr\/produit\/gamma-e-tocopherols-et-tocotrienols-melanges-60-softgels\/","og_locale":"fr_FR","og_type":"article","og_title":"Gamma E Tocoph\u00e9rols et Tocotri\u00e9nols m\u00e9lang\u00e9s - 60 softgels","og_description":"Wij hebben een ruime keuze aan producten van Gamma E Tocoph\u00e9rols et Tocotri\u00e9nols m\u00e9lang\u00e9s - 60 softgels . Winkel bij Eco Supplements altijd gratis verzending boven 100\u20ac","og_url":"https:\/\/ecosupplements.be\/fr\/produit\/gamma-e-tocopherols-et-tocotrienols-melanges-60-softgels\/","og_site_name":"ECO Supplements","article_modified_time":"2025-08-27T10:19:53+00:00","og_image":[{"width":750,"height":750,"url":"https:\/\/ecosupplements.be\/wp-content\/uploads\/2025\/08\/Life-Extension-Gamma-E-Mixed-Tocopherols-Tocotrienols-60-softgels-1.jpg","type":"image\/jpeg"}],"twitter_card":"summary_large_image","twitter_misc":{"Prix":"37.88&nbsp;&euro;","Disponibilit\u00e9":"En stock"},"schema":{"@context":"https:\/\/schema.org","@graph":[{"@type":["WebPage","ItemPage"],"@id":"https:\/\/ecosupplements.be\/fr\/produit\/gamma-e-tocopherols-et-tocotrienols-melanges-60-softgels\/","url":"https:\/\/ecosupplements.be\/fr\/produit\/gamma-e-tocopherols-et-tocotrienols-melanges-60-softgels\/","name":"Gamma E Tocoph\u00e9rols et Tocotri\u00e9nols m\u00e9lang\u00e9s - 60 softgels - ECO Supplements","isPartOf":{"@id":"https:\/\/ecosupplements.be\/fr\/#website"},"primaryImageOfPage":{"@id":"https:\/\/ecosupplements.be\/fr\/produit\/gamma-e-tocopherols-et-tocotrienols-melanges-60-softgels\/#primaryimage"},"image":{"@id":"https:\/\/ecosupplements.be\/fr\/produit\/gamma-e-tocopherols-et-tocotrienols-melanges-60-softgels\/#primaryimage"},"thumbnailUrl":"https:\/\/ecosupplements.be\/wp-content\/uploads\/2025\/08\/Life-Extension-Gamma-E-Mixed-Tocopherols-Tocotrienols-60-softgels-1.jpg","datePublished":"2022-06-28T09:17:18+00:00","dateModified":"2025-08-27T10:19:53+00:00","description":"Wij hebben een ruime keuze aan producten van Gamma E Tocoph\u00e9rols et Tocotri\u00e9nols m\u00e9lang\u00e9s - 60 softgels . Winkel bij Eco Supplements altijd gratis verzending boven 100\u20ac","breadcrumb":{"@id":"https:\/\/ecosupplements.be\/fr\/produit\/gamma-e-tocopherols-et-tocotrienols-melanges-60-softgels\/#breadcrumb"},"inLanguage":"fr-FR","potentialAction":[{"@type":"ReadAction","target":["https:\/\/ecosupplements.be\/fr\/produit\/gamma-e-tocopherols-et-tocotrienols-melanges-60-softgels\/"]}]},{"@type":"ImageObject","inLanguage":"fr-FR","@id":"https:\/\/ecosupplements.be\/fr\/produit\/gamma-e-tocopherols-et-tocotrienols-melanges-60-softgels\/#primaryimage","url":"https:\/\/ecosupplements.be\/wp-content\/uploads\/2025\/08\/Life-Extension-Gamma-E-Mixed-Tocopherols-Tocotrienols-60-softgels-1.jpg","contentUrl":"https:\/\/ecosupplements.be\/wp-content\/uploads\/2025\/08\/Life-Extension-Gamma-E-Mixed-Tocopherols-Tocotrienols-60-softgels-1.jpg","width":750,"height":750},{"@type":"BreadcrumbList","@id":"https:\/\/ecosupplements.be\/fr\/produit\/gamma-e-tocopherols-et-tocotrienols-melanges-60-softgels\/#breadcrumb","itemListElement":[{"@type":"ListItem","position":1,"name":"Home","item":"https:\/\/ecosupplements.be\/fr\/"},{"@type":"ListItem","position":2,"name":"Boutique","item":"https:\/\/ecosupplements.be\/fr\/boutique\/"},{"@type":"ListItem","position":3,"name":"Gamma E Tocoph\u00e9rols et Tocotri\u00e9nols m\u00e9lang\u00e9s &#8211; 60 softgels"}]},{"@type":"WebSite","@id":"https:\/\/ecosupplements.be\/fr\/#website","url":"https:\/\/ecosupplements.be\/fr\/","name":"ECO Supplements","description":"Eco Supplements - Gezonde supplementen","publisher":{"@id":"https:\/\/ecosupplements.be\/fr\/#organization"},"potentialAction":[{"@type":"SearchAction","target":{"@type":"EntryPoint","urlTemplate":"https:\/\/ecosupplements.be\/fr\/?s={search_term_string}"},"query-input":{"@type":"PropertyValueSpecification","valueRequired":true,"valueName":"search_term_string"}}],"inLanguage":"fr-FR"},{"@type":"Organization","@id":"https:\/\/ecosupplements.be\/fr\/#organization","name":"Eco Supplements","url":"https:\/\/ecosupplements.be\/fr\/","logo":{"@type":"ImageObject","inLanguage":"fr-FR","@id":"https:\/\/ecosupplements.be\/fr\/#\/schema\/logo\/image\/","url":"https:\/\/ecosupplements.be\/wp-content\/uploads\/2022\/06\/ecosupplement-family.png","contentUrl":"https:\/\/ecosupplements.be\/wp-content\/uploads\/2022\/06\/ecosupplement-family.png","width":593,"height":374,"caption":"Eco Supplements"},"image":{"@id":"https:\/\/ecosupplements.be\/fr\/#\/schema\/logo\/image\/"}}]},"product_brand":"Life Extension","product_price_amount":"37.88","product_price_currency":"EUR","og_availability":"instock","product_availability":"instock","product_retailer_item_id":"737870207061","product_condition":"new"},"_links":{"self":[{"href":"https:\/\/ecosupplements.be\/fr\/wp-json\/wp\/v2\/product\/281400","targetHints":{"allow":["GET"]}}],"collection":[{"href":"https:\/\/ecosupplements.be\/fr\/wp-json\/wp\/v2\/product"}],"about":[{"href":"https:\/\/ecosupplements.be\/fr\/wp-json\/wp\/v2\/types\/product"}],"replies":[{"embeddable":true,"href":"https:\/\/ecosupplements.be\/fr\/wp-json\/wp\/v2\/comments?post=281400"}],"wp:featuredmedia":[{"embeddable":true,"href":"https:\/\/ecosupplements.be\/fr\/wp-json\/wp\/v2\/media\/247371"}],"wp:attachment":[{"href":"https:\/\/ecosupplements.be\/fr\/wp-json\/wp\/v2\/media?parent=281400"}],"wp:term":[{"taxonomy":"product_brand","embeddable":true,"href":"https:\/\/ecosupplements.be\/fr\/wp-json\/wp\/v2\/product_brand?post=281400"},{"taxonomy":"product_cat","embeddable":true,"href":"https:\/\/ecosupplements.be\/fr\/wp-json\/wp\/v2\/product_cat?post=281400"},{"taxonomy":"product_tag","embeddable":true,"href":"https:\/\/ecosupplements.be\/fr\/wp-json\/wp\/v2\/product_tag?post=281400"}],"curies":[{"name":"wp","href":"https:\/\/api.w.org\/{rel}","templated":true}]}}