{"id":281408,"date":"2022-06-28T10:17:18","date_gmt":"2022-06-28T09:17:18","guid":{"rendered":"https:\/\/ecosupplements.be\/product\/hepatopro-phosphatidylcholine-polyinsaturee-900mg-60-softgels\/"},"modified":"2025-08-27T11:20:16","modified_gmt":"2025-08-27T10:20:16","slug":"hepatopro-phosphatidylcholine-polyinsaturee-900mg-60-softgels","status":"publish","type":"product","link":"https:\/\/ecosupplements.be\/fr\/produit\/hepatopro-phosphatidylcholine-polyinsaturee-900mg-60-softgels\/","title":{"rendered":"HepatoPro Phosphatidylcholine polyinsatur\u00e9e, 900mg &#8211; 60 softgels"},"content":{"rendered":"<h1 style=\"text-align: center;\">Life Extension &#8211; Phosphatidylcholine polyinsatur\u00e9e HepatoPro<\/h1>\n<h3 style=\"text-align: center;\">Pour un foie sain<\/h3>\n<p>Phosphatidylcholine polyinsatur\u00e9e<br \/>\nPour un foie sain<br \/>\nSuppl\u00e9ment alimentaire<br \/>\nNon-OGM<\/p>\n<p>Le foie est un grand organe glandulaire, dont les fonctions comprennent la d\u00e9composition des globules rouges, la synth\u00e8se des prot\u00e9ines plasmatiques, la production d&#8217;hormones, la s\u00e9cr\u00e9tion de la bile et la conversion des sucres en glycog\u00e8ne, qu&#8217;il stocke. Le foie est \u00e9galement responsable de la transformation de nombreuses vitamines et nutriments en une forme utilisable par l&#8217;organisme, ainsi que de la d\u00e9toxification de diverses substances. La vie moderne implique une exposition quotidienne \u00e0 des substances toxiques pour notre organisme, ce qui impose une lourde charge au foie. Par cons\u00e9quent, un foie sain est essentiel au bien-\u00eatre. Il est plus important de s&#8217;assurer que le foie est maintenu \u00e0 son meilleur niveau fonctionnel pour une sant\u00e9 optimale.<\/p>\n<p>Le phospholipide endog\u00e8ne fait partie int\u00e9grante de toutes les membranes cellulaires et est essentiel \u00e0 leur int\u00e9grit\u00e9 structurelle et fonctionnelle. La structure chimique d&#8217;un extrait de graines de soja appel\u00e9 PPC (poly\u00e9nylphosphatidylcholine) correspond \u00e0 celle du phospholipide endog\u00e8ne et s&#8217;int\u00e8gre dans la membrane cellulaire, devenant ainsi l&#8217;\u00e9l\u00e9ment constitutif de la cellule. La PPC poss\u00e8de une sup\u00e9riorit\u00e9 fonctionnelle en raison de sa teneur en acides gras insatur\u00e9s. Le PPC a des effets antioxydants, cytoprotecteurs et r\u00e9gulateurs de fluides et il a \u00e9t\u00e9 d\u00e9montr\u00e9 qu&#8217;il am\u00e9liore la fonction de la membrane cellulaire dans tout le corps.<\/p>\n<p>On pense que l&#8217;effet b\u00e9n\u00e9fique du PPC repose sur sa capacit\u00e9 \u00e0 \u00eatre incorpor\u00e9 dans les membranes des cellules h\u00e9patiques pour aider \u00e0 restaurer sa structure et le fonctionnement des enzymes correspondantes. Il en r\u00e9sulte une augmentation de la fluidit\u00e9 de la membrane et de l&#8217;activit\u00e9 de transport \u00e0 travers la membrane.<\/p>\n<p>Le PPC a \u00e9galement de fortes propri\u00e9t\u00e9s antioxydantes, ce qui signifie qu&#8217;il peut r\u00e9duire le stress oxydatif (changements cellulaires qui g\u00e9n\u00e8rent des radicaux libres), peut aider \u00e0 prot\u00e9ger le foie en modulant sa r\u00e9ponse immunitaire.<\/p>\n<p>Le PPC est \u00e9galement incorpor\u00e9 aux lipoprot\u00e9ines sanguines, ce qui permet d&#8217;\u00e9tendre ses bienfaits au-del\u00e0 du foie pour promouvoir la sant\u00e9 art\u00e9rielle.<\/p>\n<p>Des preuves croissantes sugg\u00e8rent que la suppl\u00e9mentation en PPC soutient de mani\u00e8re b\u00e9n\u00e9fique le processus critique du transport inverse du cholest\u00e9rol. Ce processus est une fonction bien document\u00e9e de la lipoprot\u00e9ine de haute densit\u00e9 (HDL) qui implique le transport du cholest\u00e9rol des parois art\u00e9rielles vers le foie pour traitement.<\/p>\n<p>La recherche soutient \u00e9galement le r\u00f4le essentiel du PPC pour aider \u00e0 r\u00e9duire l&#8217;oxydation des LDL. En fait, un nombre croissant de recherches montre que le PPC peut aider \u00e0 maintenir des profils lipoprot\u00e9iques sains chez ceux qui se trouvent d\u00e9j\u00e0 dans la fourchette normale.<\/p>\n<p>HepatoPro contient de la PPC (poly\u00e9nylphosphatidylcholine). Chaque softgel de 900 mg de PPC est bien absorb\u00e9 lorsqu&#8217;il est pris par voie orale et ne pr\u00e9sente aucune contre-indication, effet secondaire ou interaction m\u00e9dicamenteuse connus.<\/p>\n<p><img decoding=\"async\" src=\"https:\/\/ecosupplements.be\/wp-content\/uploads\/2025\/08\/gluten-free-1.png\" title=\"Sans gluten\" alt=\"Gluten free\"><img decoding=\"async\" src=\"https:\/\/ecosupplements.be\/wp-content\/uploads\/2025\/08\/non-gmo-1.png\" title=\"Non-OGM\" alt=\"Non-GMO\"><\/p>\n","protected":false},"excerpt":{"rendered":"<p>Life Extension &#8211; Phosphatidylcholine polyinsatur\u00e9e HepatoPro Pour un foie sain Phosphatidylcholine polyinsatur\u00e9e Pour un foie sain Suppl\u00e9ment alimentaire Non-OGM Le foie est un grand organe glandulaire, dont les fonctions comprennent la d\u00e9composition des globules rouges, la synth\u00e8se des prot\u00e9ines plasmatiques, la production d&#8217;hormones, la s\u00e9cr\u00e9tion de la bile et la conversion des sucres en glycog\u00e8ne, [&#8230;]\n","protected":false},"featured_media":247409,"comment_status":"open","ping_status":"open","template":"","meta":[],"product_brand":[4723],"product_cat":[5052,5153,5053],"product_tag":[5071],"class_list":{"0":"post-281408","1":"product","2":"type-product","3":"status-publish","4":"has-post-thumbnail","6":"product_brand-life-extension-2","7":"product_cat-sante-et-bien-etre","8":"product_cat-soutien-du-foie","9":"product_cat-vitamines-et-mineraux","10":"product_tag-ecoplus-2","12":"first","13":"instock","14":"taxable","15":"shipping-taxable","16":"purchasable","17":"product-type-simple"},"yoast_head":"<!-- This site is optimized with the Yoast SEO Premium plugin v27.3 (Yoast SEO v27.3) - https:\/\/yoast.com\/product\/yoast-seo-premium-wordpress\/ -->\n<title>HepatoPro Phosphatidylcholine polyinsatur\u00e9e, 900mg - 60 softgels - ECO Supplements<\/title>\n<meta name=\"description\" content=\"Wij hebben een ruime keuze aan producten van HepatoPro Phosphatidylcholine polyinsatur\u00e9e, 900mg - 60 softgels . Winkel bij Eco Supplements altijd gratis verzending boven 100\u20ac\" \/>\n<meta name=\"robots\" content=\"index, follow, max-snippet:-1, max-image-preview:large, max-video-preview:-1\" \/>\n<link rel=\"canonical\" href=\"https:\/\/ecosupplements.be\/fr\/produit\/hepatopro-phosphatidylcholine-polyinsaturee-900mg-60-softgels\/\" \/>\n<meta property=\"og:locale\" content=\"fr_FR\" \/>\n<meta property=\"og:type\" content=\"article\" \/>\n<meta property=\"og:title\" content=\"HepatoPro Phosphatidylcholine polyinsatur\u00e9e, 900mg - 60 softgels\" \/>\n<meta property=\"og:description\" content=\"Wij hebben een ruime keuze aan producten van HepatoPro Phosphatidylcholine polyinsatur\u00e9e, 900mg - 60 softgels . Winkel bij Eco Supplements altijd gratis verzending boven 100\u20ac\" \/>\n<meta property=\"og:url\" content=\"https:\/\/ecosupplements.be\/fr\/produit\/hepatopro-phosphatidylcholine-polyinsaturee-900mg-60-softgels\/\" \/>\n<meta property=\"og:site_name\" content=\"ECO Supplements\" \/>\n<meta property=\"article:modified_time\" content=\"2025-08-27T10:20:16+00:00\" \/>\n<meta property=\"og:image\" content=\"https:\/\/ecosupplements.be\/wp-content\/uploads\/2025\/08\/Life-Extension-HepatoPro-Polyunsaturated-Phosphatidylcholine-900mg-60-softgels-1.jpg\" \/>\n\t<meta property=\"og:image:width\" content=\"750\" \/>\n\t<meta property=\"og:image:height\" content=\"750\" \/>\n\t<meta property=\"og:image:type\" content=\"image\/jpeg\" \/>\n<meta name=\"twitter:card\" content=\"summary_large_image\" \/>\n<meta name=\"twitter:label1\" content=\"Prix\" \/>\n\t<meta name=\"twitter:data1\" content=\"65.51&nbsp;&euro;\" \/>\n\t<meta name=\"twitter:label2\" content=\"Disponibilit\u00e9\" \/>\n\t<meta name=\"twitter:data2\" content=\"En stock\" \/>\n<script type=\"application\/ld+json\" class=\"yoast-schema-graph\">{\"@context\":\"https:\\\/\\\/schema.org\",\"@graph\":[{\"@type\":[\"WebPage\",\"ItemPage\"],\"@id\":\"https:\\\/\\\/ecosupplements.be\\\/fr\\\/produit\\\/hepatopro-phosphatidylcholine-polyinsaturee-900mg-60-softgels\\\/\",\"url\":\"https:\\\/\\\/ecosupplements.be\\\/fr\\\/produit\\\/hepatopro-phosphatidylcholine-polyinsaturee-900mg-60-softgels\\\/\",\"name\":\"HepatoPro Phosphatidylcholine polyinsatur\u00e9e, 900mg - 60 softgels - ECO Supplements\",\"isPartOf\":{\"@id\":\"https:\\\/\\\/ecosupplements.be\\\/fr\\\/#website\"},\"primaryImageOfPage\":{\"@id\":\"https:\\\/\\\/ecosupplements.be\\\/fr\\\/produit\\\/hepatopro-phosphatidylcholine-polyinsaturee-900mg-60-softgels\\\/#primaryimage\"},\"image\":{\"@id\":\"https:\\\/\\\/ecosupplements.be\\\/fr\\\/produit\\\/hepatopro-phosphatidylcholine-polyinsaturee-900mg-60-softgels\\\/#primaryimage\"},\"thumbnailUrl\":\"https:\\\/\\\/ecosupplements.be\\\/wp-content\\\/uploads\\\/2025\\\/08\\\/Life-Extension-HepatoPro-Polyunsaturated-Phosphatidylcholine-900mg-60-softgels-1.jpg\",\"datePublished\":\"2022-06-28T09:17:18+00:00\",\"dateModified\":\"2025-08-27T10:20:16+00:00\",\"description\":\"Wij hebben een ruime keuze aan producten van HepatoPro Phosphatidylcholine polyinsatur\u00e9e, 900mg - 60 softgels . Winkel bij Eco Supplements altijd gratis verzending boven 100\u20ac\",\"breadcrumb\":{\"@id\":\"https:\\\/\\\/ecosupplements.be\\\/fr\\\/produit\\\/hepatopro-phosphatidylcholine-polyinsaturee-900mg-60-softgels\\\/#breadcrumb\"},\"inLanguage\":\"fr-FR\",\"potentialAction\":[{\"@type\":\"ReadAction\",\"target\":[\"https:\\\/\\\/ecosupplements.be\\\/fr\\\/produit\\\/hepatopro-phosphatidylcholine-polyinsaturee-900mg-60-softgels\\\/\"]}]},{\"@type\":\"ImageObject\",\"inLanguage\":\"fr-FR\",\"@id\":\"https:\\\/\\\/ecosupplements.be\\\/fr\\\/produit\\\/hepatopro-phosphatidylcholine-polyinsaturee-900mg-60-softgels\\\/#primaryimage\",\"url\":\"https:\\\/\\\/ecosupplements.be\\\/wp-content\\\/uploads\\\/2025\\\/08\\\/Life-Extension-HepatoPro-Polyunsaturated-Phosphatidylcholine-900mg-60-softgels-1.jpg\",\"contentUrl\":\"https:\\\/\\\/ecosupplements.be\\\/wp-content\\\/uploads\\\/2025\\\/08\\\/Life-Extension-HepatoPro-Polyunsaturated-Phosphatidylcholine-900mg-60-softgels-1.jpg\",\"width\":750,\"height\":750},{\"@type\":\"BreadcrumbList\",\"@id\":\"https:\\\/\\\/ecosupplements.be\\\/fr\\\/produit\\\/hepatopro-phosphatidylcholine-polyinsaturee-900mg-60-softgels\\\/#breadcrumb\",\"itemListElement\":[{\"@type\":\"ListItem\",\"position\":1,\"name\":\"Home\",\"item\":\"https:\\\/\\\/ecosupplements.be\\\/fr\\\/\"},{\"@type\":\"ListItem\",\"position\":2,\"name\":\"Boutique\",\"item\":\"https:\\\/\\\/ecosupplements.be\\\/fr\\\/boutique\\\/\"},{\"@type\":\"ListItem\",\"position\":3,\"name\":\"HepatoPro Phosphatidylcholine polyinsatur\u00e9e, 900mg &#8211; 60 softgels\"}]},{\"@type\":\"WebSite\",\"@id\":\"https:\\\/\\\/ecosupplements.be\\\/fr\\\/#website\",\"url\":\"https:\\\/\\\/ecosupplements.be\\\/fr\\\/\",\"name\":\"ECO Supplements\",\"description\":\"Eco Supplements - Gezonde supplementen\",\"publisher\":{\"@id\":\"https:\\\/\\\/ecosupplements.be\\\/fr\\\/#organization\"},\"potentialAction\":[{\"@type\":\"SearchAction\",\"target\":{\"@type\":\"EntryPoint\",\"urlTemplate\":\"https:\\\/\\\/ecosupplements.be\\\/fr\\\/?s={search_term_string}\"},\"query-input\":{\"@type\":\"PropertyValueSpecification\",\"valueRequired\":true,\"valueName\":\"search_term_string\"}}],\"inLanguage\":\"fr-FR\"},{\"@type\":\"Organization\",\"@id\":\"https:\\\/\\\/ecosupplements.be\\\/fr\\\/#organization\",\"name\":\"Eco Supplements\",\"url\":\"https:\\\/\\\/ecosupplements.be\\\/fr\\\/\",\"logo\":{\"@type\":\"ImageObject\",\"inLanguage\":\"fr-FR\",\"@id\":\"https:\\\/\\\/ecosupplements.be\\\/fr\\\/#\\\/schema\\\/logo\\\/image\\\/\",\"url\":\"https:\\\/\\\/ecosupplements.be\\\/wp-content\\\/uploads\\\/2022\\\/06\\\/ecosupplement-family.png\",\"contentUrl\":\"https:\\\/\\\/ecosupplements.be\\\/wp-content\\\/uploads\\\/2022\\\/06\\\/ecosupplement-family.png\",\"width\":593,\"height\":374,\"caption\":\"Eco Supplements\"},\"image\":{\"@id\":\"https:\\\/\\\/ecosupplements.be\\\/fr\\\/#\\\/schema\\\/logo\\\/image\\\/\"}}]}<\/script>\n<meta property=\"product:brand\" content=\"Life Extension\" \/>\n<meta property=\"product:price:amount\" content=\"65.51\" \/>\n<meta property=\"product:price:currency\" content=\"EUR\" \/>\n<meta property=\"og:availability\" content=\"instock\" \/>\n<meta property=\"product:availability\" content=\"instock\" \/>\n<meta property=\"product:retailer_item_id\" content=\"737870139362\" \/>\n<meta property=\"product:condition\" content=\"new\" \/>\n<!-- \/ Yoast SEO Premium plugin. -->","yoast_head_json":{"title":"HepatoPro Phosphatidylcholine polyinsatur\u00e9e, 900mg - 60 softgels - ECO Supplements","description":"Wij hebben een ruime keuze aan producten van HepatoPro Phosphatidylcholine polyinsatur\u00e9e, 900mg - 60 softgels . Winkel bij Eco Supplements altijd gratis verzending boven 100\u20ac","robots":{"index":"index","follow":"follow","max-snippet":"max-snippet:-1","max-image-preview":"max-image-preview:large","max-video-preview":"max-video-preview:-1"},"canonical":"https:\/\/ecosupplements.be\/fr\/produit\/hepatopro-phosphatidylcholine-polyinsaturee-900mg-60-softgels\/","og_locale":"fr_FR","og_type":"article","og_title":"HepatoPro Phosphatidylcholine polyinsatur\u00e9e, 900mg - 60 softgels","og_description":"Wij hebben een ruime keuze aan producten van HepatoPro Phosphatidylcholine polyinsatur\u00e9e, 900mg - 60 softgels . Winkel bij Eco Supplements altijd gratis verzending boven 100\u20ac","og_url":"https:\/\/ecosupplements.be\/fr\/produit\/hepatopro-phosphatidylcholine-polyinsaturee-900mg-60-softgels\/","og_site_name":"ECO Supplements","article_modified_time":"2025-08-27T10:20:16+00:00","og_image":[{"width":750,"height":750,"url":"https:\/\/ecosupplements.be\/wp-content\/uploads\/2025\/08\/Life-Extension-HepatoPro-Polyunsaturated-Phosphatidylcholine-900mg-60-softgels-1.jpg","type":"image\/jpeg"}],"twitter_card":"summary_large_image","twitter_misc":{"Prix":"65.51&nbsp;&euro;","Disponibilit\u00e9":"En stock"},"schema":{"@context":"https:\/\/schema.org","@graph":[{"@type":["WebPage","ItemPage"],"@id":"https:\/\/ecosupplements.be\/fr\/produit\/hepatopro-phosphatidylcholine-polyinsaturee-900mg-60-softgels\/","url":"https:\/\/ecosupplements.be\/fr\/produit\/hepatopro-phosphatidylcholine-polyinsaturee-900mg-60-softgels\/","name":"HepatoPro Phosphatidylcholine polyinsatur\u00e9e, 900mg - 60 softgels - ECO Supplements","isPartOf":{"@id":"https:\/\/ecosupplements.be\/fr\/#website"},"primaryImageOfPage":{"@id":"https:\/\/ecosupplements.be\/fr\/produit\/hepatopro-phosphatidylcholine-polyinsaturee-900mg-60-softgels\/#primaryimage"},"image":{"@id":"https:\/\/ecosupplements.be\/fr\/produit\/hepatopro-phosphatidylcholine-polyinsaturee-900mg-60-softgels\/#primaryimage"},"thumbnailUrl":"https:\/\/ecosupplements.be\/wp-content\/uploads\/2025\/08\/Life-Extension-HepatoPro-Polyunsaturated-Phosphatidylcholine-900mg-60-softgels-1.jpg","datePublished":"2022-06-28T09:17:18+00:00","dateModified":"2025-08-27T10:20:16+00:00","description":"Wij hebben een ruime keuze aan producten van HepatoPro Phosphatidylcholine polyinsatur\u00e9e, 900mg - 60 softgels . Winkel bij Eco Supplements altijd gratis verzending boven 100\u20ac","breadcrumb":{"@id":"https:\/\/ecosupplements.be\/fr\/produit\/hepatopro-phosphatidylcholine-polyinsaturee-900mg-60-softgels\/#breadcrumb"},"inLanguage":"fr-FR","potentialAction":[{"@type":"ReadAction","target":["https:\/\/ecosupplements.be\/fr\/produit\/hepatopro-phosphatidylcholine-polyinsaturee-900mg-60-softgels\/"]}]},{"@type":"ImageObject","inLanguage":"fr-FR","@id":"https:\/\/ecosupplements.be\/fr\/produit\/hepatopro-phosphatidylcholine-polyinsaturee-900mg-60-softgels\/#primaryimage","url":"https:\/\/ecosupplements.be\/wp-content\/uploads\/2025\/08\/Life-Extension-HepatoPro-Polyunsaturated-Phosphatidylcholine-900mg-60-softgels-1.jpg","contentUrl":"https:\/\/ecosupplements.be\/wp-content\/uploads\/2025\/08\/Life-Extension-HepatoPro-Polyunsaturated-Phosphatidylcholine-900mg-60-softgels-1.jpg","width":750,"height":750},{"@type":"BreadcrumbList","@id":"https:\/\/ecosupplements.be\/fr\/produit\/hepatopro-phosphatidylcholine-polyinsaturee-900mg-60-softgels\/#breadcrumb","itemListElement":[{"@type":"ListItem","position":1,"name":"Home","item":"https:\/\/ecosupplements.be\/fr\/"},{"@type":"ListItem","position":2,"name":"Boutique","item":"https:\/\/ecosupplements.be\/fr\/boutique\/"},{"@type":"ListItem","position":3,"name":"HepatoPro Phosphatidylcholine polyinsatur\u00e9e, 900mg &#8211; 60 softgels"}]},{"@type":"WebSite","@id":"https:\/\/ecosupplements.be\/fr\/#website","url":"https:\/\/ecosupplements.be\/fr\/","name":"ECO Supplements","description":"Eco Supplements - Gezonde supplementen","publisher":{"@id":"https:\/\/ecosupplements.be\/fr\/#organization"},"potentialAction":[{"@type":"SearchAction","target":{"@type":"EntryPoint","urlTemplate":"https:\/\/ecosupplements.be\/fr\/?s={search_term_string}"},"query-input":{"@type":"PropertyValueSpecification","valueRequired":true,"valueName":"search_term_string"}}],"inLanguage":"fr-FR"},{"@type":"Organization","@id":"https:\/\/ecosupplements.be\/fr\/#organization","name":"Eco Supplements","url":"https:\/\/ecosupplements.be\/fr\/","logo":{"@type":"ImageObject","inLanguage":"fr-FR","@id":"https:\/\/ecosupplements.be\/fr\/#\/schema\/logo\/image\/","url":"https:\/\/ecosupplements.be\/wp-content\/uploads\/2022\/06\/ecosupplement-family.png","contentUrl":"https:\/\/ecosupplements.be\/wp-content\/uploads\/2022\/06\/ecosupplement-family.png","width":593,"height":374,"caption":"Eco Supplements"},"image":{"@id":"https:\/\/ecosupplements.be\/fr\/#\/schema\/logo\/image\/"}}]},"product_brand":"Life Extension","product_price_amount":"65.51","product_price_currency":"EUR","og_availability":"instock","product_availability":"instock","product_retailer_item_id":"737870139362","product_condition":"new"},"_links":{"self":[{"href":"https:\/\/ecosupplements.be\/fr\/wp-json\/wp\/v2\/product\/281408","targetHints":{"allow":["GET"]}}],"collection":[{"href":"https:\/\/ecosupplements.be\/fr\/wp-json\/wp\/v2\/product"}],"about":[{"href":"https:\/\/ecosupplements.be\/fr\/wp-json\/wp\/v2\/types\/product"}],"replies":[{"embeddable":true,"href":"https:\/\/ecosupplements.be\/fr\/wp-json\/wp\/v2\/comments?post=281408"}],"wp:featuredmedia":[{"embeddable":true,"href":"https:\/\/ecosupplements.be\/fr\/wp-json\/wp\/v2\/media\/247409"}],"wp:attachment":[{"href":"https:\/\/ecosupplements.be\/fr\/wp-json\/wp\/v2\/media?parent=281408"}],"wp:term":[{"taxonomy":"product_brand","embeddable":true,"href":"https:\/\/ecosupplements.be\/fr\/wp-json\/wp\/v2\/product_brand?post=281408"},{"taxonomy":"product_cat","embeddable":true,"href":"https:\/\/ecosupplements.be\/fr\/wp-json\/wp\/v2\/product_cat?post=281408"},{"taxonomy":"product_tag","embeddable":true,"href":"https:\/\/ecosupplements.be\/fr\/wp-json\/wp\/v2\/product_tag?post=281408"}],"curies":[{"name":"wp","href":"https:\/\/api.w.org\/{rel}","templated":true}]}}