{"id":281409,"date":"2022-06-28T10:17:18","date_gmt":"2022-06-28T09:17:18","guid":{"rendered":"https:\/\/ecosupplements.be\/product\/folate-optimise-haute-puissance-30-comprimes-vegetariens\/"},"modified":"2025-08-27T11:20:21","modified_gmt":"2025-08-27T10:20:21","slug":"folate-optimise-haute-puissance-30-comprimes-vegetariens","status":"publish","type":"product","link":"https:\/\/ecosupplements.be\/fr\/produit\/folate-optimise-haute-puissance-30-comprimes-vegetariens\/","title":{"rendered":"Folate optimis\u00e9 haute puissance &#8211; 30 comprim\u00e9s v\u00e9g\u00e9tariens"},"content":{"rendered":"<h1 style=\"text-align: center;\">Life Extension &#8211; Folate optimis\u00e9 haute puissance<\/h1>\n<p>Faisant partie de la famille des vitamines B, le folate est un nutriment important qui favorise la sant\u00e9 cardiovasculaire, soutient la sant\u00e9 cognitive, et plus encore. Cependant, tout le monde ne peut pas convertir le folate en sa forme la plus biologiquement active. Cette forme de folate, appel\u00e9e 5-MTHF ou L-m\u00e9thylfolate, offre les plus grands avantages pour la sant\u00e9. Notre Folate optimis\u00e9 haute puissance fournit 8500 mcg de 5-MTHF.<br \/>\nLes avantages en un coup d&#8217;\u0153il :<br \/>\nDose super puissante de folate 5-MTHF biodisponible<br \/>\nSoutient \u00e0 la fois la sant\u00e9 cardiaque et cognitive<br \/>\nFavorise des niveaux sains d&#8217;homocyst\u00e9ine<br \/>\nLe folate 5-MTHF surmonte le barrage de l&#8217;inefficacit\u00e9 enzymatique<br \/>\nPlus d&#8217;informations sur Folate optimis\u00e9 haute puissance (L-M\u00e9thylfolate)<br \/>\nLes folates se pr\u00e9sentent sous la forme la plus courante des suppl\u00e9ments d&#8217;acide folique. Une fois ing\u00e9r\u00e9, votre organisme est cens\u00e9 convertir l&#8217;acide folique, une version synth\u00e9tique du folate, en 5-m\u00e9thylt\u00e9trahydrofolate, ou 5-MTHF. Mais les recherches montrent qu&#8217;une partie importante de la population n&#8217;a pas une activit\u00e9 robuste de l&#8217;enzyme n\u00e9cessaire pour convertir l&#8217;acide folique en 5-MTHF. Une approche plus utile consiste \u00e0 prendre directement du 5-MTHF.<br \/>\n5-MTHF, homocyst\u00e9ine et sant\u00e9 cardiovasculaire<br \/>\nLes folates aident \u00e0 maintenir des niveaux d&#8217;homocyst\u00e9ine sains, d\u00e9j\u00e0 dans la fourchette normale. En aidant \u00e0 inhiber l&#8217;exc\u00e8s d&#8217;homocyst\u00e9ine, le folate soutient des niveaux sains de cet important biomarqueur de la sant\u00e9 cardiovasculaire. Et parce que le 5-MTHF est jusqu&#8217;\u00e0 sept fois plus biodisponible que l&#8217;acide folique, il augmente de mani\u00e8re significative les niveaux de folate dans les globules rouges.<br \/>\n5-MTHF, homocyst\u00e9ine et sant\u00e9 cognitive<br \/>\nLa plus grande biodisponibilit\u00e9 du 5-MTHF est particuli\u00e8rement importante pour les personnes qui n&#8217;ont pas une activit\u00e9 suffisante de l&#8217;enzyme n\u00e9cessaire pour convertir l&#8217;acide folique en sa forme biologiquement active. \u00c9tant donn\u00e9 que les personnes pr\u00e9sentant des taux \u00e9lev\u00e9s d&#8217;homocyst\u00e9ine ont un risque plus \u00e9lev\u00e9 de d\u00e9clin cognitif4, l&#8217;efficacit\u00e9 accrue du 5-MTHF pour soutenir un statut sain en folates est particuli\u00e8rement cruciale pour les personnes vieillissantes.<br \/>\nPrendre seul ou avec la B12 pour un effet renforc\u00e9<br \/>\nL&#8217;ANR pour le folate est de 400 mcg par jour, mais cette formule haute puissance fournit 8500 mcg de cette forme super biodisponible de folate. Pour des avantages encore plus grands pour la sant\u00e9, prenez le folate 5-MTHF avec la m\u00e9thylcobalamine (la forme active de la vitamine B12), la vitamine B6 et\/ou la riboflavine.<br \/>\nQue vous le preniez seul ou avec d&#8217;autres vitamines B, assurez-vous d&#8217;ajouter le folate optimis\u00e9 haute puissance \u00e0 votre r\u00e9gime nutritionnel d\u00e8s aujourd&#8217;hui !<\/p>\n<p><img decoding=\"async\" src=\"https:\/\/ecosupplements.be\/wp-content\/uploads\/2025\/08\/non-gmo-1.png\" title=\"Non-OGM\" alt=\"Non-GMO\"><\/p>\n","protected":false},"excerpt":{"rendered":"<p>Life Extension &#8211; Folate optimis\u00e9 haute puissance Faisant partie de la famille des vitamines B, le folate est un nutriment important qui favorise la sant\u00e9 cardiovasculaire, soutient la sant\u00e9 cognitive, et plus encore. Cependant, tout le monde ne peut pas convertir le folate en sa forme la plus biologiquement active. Cette forme de folate, appel\u00e9e [&#8230;]\n","protected":false},"featured_media":247414,"comment_status":"open","ping_status":"open","template":"","meta":[],"product_brand":[4723],"product_cat":[5117,5053,5059],"product_tag":[],"class_list":{"0":"post-281409","1":"product","2":"type-product","3":"status-publish","4":"has-post-thumbnail","6":"product_brand-life-extension-2","7":"product_cat-folate","8":"product_cat-vitamines-et-mineraux","9":"product_cat-vitamines-simples","11":"first","12":"instock","13":"taxable","14":"shipping-taxable","15":"purchasable","16":"product-type-simple"},"yoast_head":"<!-- This site is optimized with the Yoast SEO Premium plugin v27.3 (Yoast SEO v27.3) - https:\/\/yoast.com\/product\/yoast-seo-premium-wordpress\/ -->\n<title>Folate optimis\u00e9 haute puissance - 30 comprim\u00e9s v\u00e9g\u00e9tariens - ECO Supplements<\/title>\n<meta name=\"description\" content=\"Wij hebben een ruime keuze aan producten van Folate optimis\u00e9 haute puissance - 30 comprim\u00e9s v\u00e9g\u00e9tariens . Winkel bij Eco Supplements altijd gratis verzending boven 100\u20ac\" \/>\n<meta name=\"robots\" content=\"index, follow, max-snippet:-1, max-image-preview:large, max-video-preview:-1\" \/>\n<link rel=\"canonical\" href=\"https:\/\/ecosupplements.be\/fr\/produit\/folate-optimise-haute-puissance-30-comprimes-vegetariens\/\" \/>\n<meta property=\"og:locale\" content=\"fr_FR\" \/>\n<meta property=\"og:type\" content=\"article\" \/>\n<meta property=\"og:title\" content=\"Folate optimis\u00e9 haute puissance - 30 comprim\u00e9s v\u00e9g\u00e9tariens\" \/>\n<meta property=\"og:description\" content=\"Wij hebben een ruime keuze aan producten van Folate optimis\u00e9 haute puissance - 30 comprim\u00e9s v\u00e9g\u00e9tariens . Winkel bij Eco Supplements altijd gratis verzending boven 100\u20ac\" \/>\n<meta property=\"og:url\" content=\"https:\/\/ecosupplements.be\/fr\/produit\/folate-optimise-haute-puissance-30-comprimes-vegetariens\/\" \/>\n<meta property=\"og:site_name\" content=\"ECO Supplements\" \/>\n<meta property=\"article:modified_time\" content=\"2025-08-27T10:20:21+00:00\" \/>\n<meta property=\"og:image\" content=\"https:\/\/ecosupplements.be\/wp-content\/uploads\/2025\/08\/Life-Extension-High-Potency-Optimized-Folate-5000mcg-30-vegetarian-tabs-1.jpg\" \/>\n\t<meta property=\"og:image:width\" content=\"750\" \/>\n\t<meta property=\"og:image:height\" content=\"750\" \/>\n\t<meta property=\"og:image:type\" content=\"image\/jpeg\" \/>\n<meta name=\"twitter:card\" content=\"summary_large_image\" \/>\n<meta name=\"twitter:label1\" content=\"Prix\" \/>\n\t<meta name=\"twitter:data1\" content=\"23.69&nbsp;&euro;\" \/>\n\t<meta name=\"twitter:label2\" content=\"Disponibilit\u00e9\" \/>\n\t<meta name=\"twitter:data2\" content=\"En stock\" \/>\n<script type=\"application\/ld+json\" class=\"yoast-schema-graph\">{\"@context\":\"https:\\\/\\\/schema.org\",\"@graph\":[{\"@type\":[\"WebPage\",\"ItemPage\"],\"@id\":\"https:\\\/\\\/ecosupplements.be\\\/fr\\\/produit\\\/folate-optimise-haute-puissance-30-comprimes-vegetariens\\\/\",\"url\":\"https:\\\/\\\/ecosupplements.be\\\/fr\\\/produit\\\/folate-optimise-haute-puissance-30-comprimes-vegetariens\\\/\",\"name\":\"Folate optimis\u00e9 haute puissance - 30 comprim\u00e9s v\u00e9g\u00e9tariens - ECO Supplements\",\"isPartOf\":{\"@id\":\"https:\\\/\\\/ecosupplements.be\\\/fr\\\/#website\"},\"primaryImageOfPage\":{\"@id\":\"https:\\\/\\\/ecosupplements.be\\\/fr\\\/produit\\\/folate-optimise-haute-puissance-30-comprimes-vegetariens\\\/#primaryimage\"},\"image\":{\"@id\":\"https:\\\/\\\/ecosupplements.be\\\/fr\\\/produit\\\/folate-optimise-haute-puissance-30-comprimes-vegetariens\\\/#primaryimage\"},\"thumbnailUrl\":\"https:\\\/\\\/ecosupplements.be\\\/wp-content\\\/uploads\\\/2025\\\/08\\\/Life-Extension-High-Potency-Optimized-Folate-5000mcg-30-vegetarian-tabs-1.jpg\",\"datePublished\":\"2022-06-28T09:17:18+00:00\",\"dateModified\":\"2025-08-27T10:20:21+00:00\",\"description\":\"Wij hebben een ruime keuze aan producten van Folate optimis\u00e9 haute puissance - 30 comprim\u00e9s v\u00e9g\u00e9tariens . Winkel bij Eco Supplements altijd gratis verzending boven 100\u20ac\",\"breadcrumb\":{\"@id\":\"https:\\\/\\\/ecosupplements.be\\\/fr\\\/produit\\\/folate-optimise-haute-puissance-30-comprimes-vegetariens\\\/#breadcrumb\"},\"inLanguage\":\"fr-FR\",\"potentialAction\":[{\"@type\":\"ReadAction\",\"target\":[\"https:\\\/\\\/ecosupplements.be\\\/fr\\\/produit\\\/folate-optimise-haute-puissance-30-comprimes-vegetariens\\\/\"]}]},{\"@type\":\"ImageObject\",\"inLanguage\":\"fr-FR\",\"@id\":\"https:\\\/\\\/ecosupplements.be\\\/fr\\\/produit\\\/folate-optimise-haute-puissance-30-comprimes-vegetariens\\\/#primaryimage\",\"url\":\"https:\\\/\\\/ecosupplements.be\\\/wp-content\\\/uploads\\\/2025\\\/08\\\/Life-Extension-High-Potency-Optimized-Folate-5000mcg-30-vegetarian-tabs-1.jpg\",\"contentUrl\":\"https:\\\/\\\/ecosupplements.be\\\/wp-content\\\/uploads\\\/2025\\\/08\\\/Life-Extension-High-Potency-Optimized-Folate-5000mcg-30-vegetarian-tabs-1.jpg\",\"width\":750,\"height\":750},{\"@type\":\"BreadcrumbList\",\"@id\":\"https:\\\/\\\/ecosupplements.be\\\/fr\\\/produit\\\/folate-optimise-haute-puissance-30-comprimes-vegetariens\\\/#breadcrumb\",\"itemListElement\":[{\"@type\":\"ListItem\",\"position\":1,\"name\":\"Home\",\"item\":\"https:\\\/\\\/ecosupplements.be\\\/fr\\\/\"},{\"@type\":\"ListItem\",\"position\":2,\"name\":\"Boutique\",\"item\":\"https:\\\/\\\/ecosupplements.be\\\/fr\\\/boutique\\\/\"},{\"@type\":\"ListItem\",\"position\":3,\"name\":\"Folate optimis\u00e9 haute puissance &#8211; 30 comprim\u00e9s v\u00e9g\u00e9tariens\"}]},{\"@type\":\"WebSite\",\"@id\":\"https:\\\/\\\/ecosupplements.be\\\/fr\\\/#website\",\"url\":\"https:\\\/\\\/ecosupplements.be\\\/fr\\\/\",\"name\":\"ECO Supplements\",\"description\":\"Eco Supplements - Gezonde supplementen\",\"publisher\":{\"@id\":\"https:\\\/\\\/ecosupplements.be\\\/fr\\\/#organization\"},\"potentialAction\":[{\"@type\":\"SearchAction\",\"target\":{\"@type\":\"EntryPoint\",\"urlTemplate\":\"https:\\\/\\\/ecosupplements.be\\\/fr\\\/?s={search_term_string}\"},\"query-input\":{\"@type\":\"PropertyValueSpecification\",\"valueRequired\":true,\"valueName\":\"search_term_string\"}}],\"inLanguage\":\"fr-FR\"},{\"@type\":\"Organization\",\"@id\":\"https:\\\/\\\/ecosupplements.be\\\/fr\\\/#organization\",\"name\":\"Eco Supplements\",\"url\":\"https:\\\/\\\/ecosupplements.be\\\/fr\\\/\",\"logo\":{\"@type\":\"ImageObject\",\"inLanguage\":\"fr-FR\",\"@id\":\"https:\\\/\\\/ecosupplements.be\\\/fr\\\/#\\\/schema\\\/logo\\\/image\\\/\",\"url\":\"https:\\\/\\\/ecosupplements.be\\\/wp-content\\\/uploads\\\/2022\\\/06\\\/ecosupplement-family.png\",\"contentUrl\":\"https:\\\/\\\/ecosupplements.be\\\/wp-content\\\/uploads\\\/2022\\\/06\\\/ecosupplement-family.png\",\"width\":593,\"height\":374,\"caption\":\"Eco Supplements\"},\"image\":{\"@id\":\"https:\\\/\\\/ecosupplements.be\\\/fr\\\/#\\\/schema\\\/logo\\\/image\\\/\"}}]}<\/script>\n<meta property=\"product:brand\" content=\"Life Extension\" \/>\n<meta property=\"product:price:amount\" content=\"23.69\" \/>\n<meta property=\"product:price:currency\" content=\"EUR\" \/>\n<meta property=\"og:availability\" content=\"instock\" \/>\n<meta property=\"product:availability\" content=\"instock\" \/>\n<meta property=\"product:retailer_item_id\" content=\"737870191339\" \/>\n<meta property=\"product:condition\" content=\"new\" \/>\n<!-- \/ Yoast SEO Premium plugin. -->","yoast_head_json":{"title":"Folate optimis\u00e9 haute puissance - 30 comprim\u00e9s v\u00e9g\u00e9tariens - ECO Supplements","description":"Wij hebben een ruime keuze aan producten van Folate optimis\u00e9 haute puissance - 30 comprim\u00e9s v\u00e9g\u00e9tariens . Winkel bij Eco Supplements altijd gratis verzending boven 100\u20ac","robots":{"index":"index","follow":"follow","max-snippet":"max-snippet:-1","max-image-preview":"max-image-preview:large","max-video-preview":"max-video-preview:-1"},"canonical":"https:\/\/ecosupplements.be\/fr\/produit\/folate-optimise-haute-puissance-30-comprimes-vegetariens\/","og_locale":"fr_FR","og_type":"article","og_title":"Folate optimis\u00e9 haute puissance - 30 comprim\u00e9s v\u00e9g\u00e9tariens","og_description":"Wij hebben een ruime keuze aan producten van Folate optimis\u00e9 haute puissance - 30 comprim\u00e9s v\u00e9g\u00e9tariens . Winkel bij Eco Supplements altijd gratis verzending boven 100\u20ac","og_url":"https:\/\/ecosupplements.be\/fr\/produit\/folate-optimise-haute-puissance-30-comprimes-vegetariens\/","og_site_name":"ECO Supplements","article_modified_time":"2025-08-27T10:20:21+00:00","og_image":[{"width":750,"height":750,"url":"https:\/\/ecosupplements.be\/wp-content\/uploads\/2025\/08\/Life-Extension-High-Potency-Optimized-Folate-5000mcg-30-vegetarian-tabs-1.jpg","type":"image\/jpeg"}],"twitter_card":"summary_large_image","twitter_misc":{"Prix":"23.69&nbsp;&euro;","Disponibilit\u00e9":"En stock"},"schema":{"@context":"https:\/\/schema.org","@graph":[{"@type":["WebPage","ItemPage"],"@id":"https:\/\/ecosupplements.be\/fr\/produit\/folate-optimise-haute-puissance-30-comprimes-vegetariens\/","url":"https:\/\/ecosupplements.be\/fr\/produit\/folate-optimise-haute-puissance-30-comprimes-vegetariens\/","name":"Folate optimis\u00e9 haute puissance - 30 comprim\u00e9s v\u00e9g\u00e9tariens - ECO Supplements","isPartOf":{"@id":"https:\/\/ecosupplements.be\/fr\/#website"},"primaryImageOfPage":{"@id":"https:\/\/ecosupplements.be\/fr\/produit\/folate-optimise-haute-puissance-30-comprimes-vegetariens\/#primaryimage"},"image":{"@id":"https:\/\/ecosupplements.be\/fr\/produit\/folate-optimise-haute-puissance-30-comprimes-vegetariens\/#primaryimage"},"thumbnailUrl":"https:\/\/ecosupplements.be\/wp-content\/uploads\/2025\/08\/Life-Extension-High-Potency-Optimized-Folate-5000mcg-30-vegetarian-tabs-1.jpg","datePublished":"2022-06-28T09:17:18+00:00","dateModified":"2025-08-27T10:20:21+00:00","description":"Wij hebben een ruime keuze aan producten van Folate optimis\u00e9 haute puissance - 30 comprim\u00e9s v\u00e9g\u00e9tariens . Winkel bij Eco Supplements altijd gratis verzending boven 100\u20ac","breadcrumb":{"@id":"https:\/\/ecosupplements.be\/fr\/produit\/folate-optimise-haute-puissance-30-comprimes-vegetariens\/#breadcrumb"},"inLanguage":"fr-FR","potentialAction":[{"@type":"ReadAction","target":["https:\/\/ecosupplements.be\/fr\/produit\/folate-optimise-haute-puissance-30-comprimes-vegetariens\/"]}]},{"@type":"ImageObject","inLanguage":"fr-FR","@id":"https:\/\/ecosupplements.be\/fr\/produit\/folate-optimise-haute-puissance-30-comprimes-vegetariens\/#primaryimage","url":"https:\/\/ecosupplements.be\/wp-content\/uploads\/2025\/08\/Life-Extension-High-Potency-Optimized-Folate-5000mcg-30-vegetarian-tabs-1.jpg","contentUrl":"https:\/\/ecosupplements.be\/wp-content\/uploads\/2025\/08\/Life-Extension-High-Potency-Optimized-Folate-5000mcg-30-vegetarian-tabs-1.jpg","width":750,"height":750},{"@type":"BreadcrumbList","@id":"https:\/\/ecosupplements.be\/fr\/produit\/folate-optimise-haute-puissance-30-comprimes-vegetariens\/#breadcrumb","itemListElement":[{"@type":"ListItem","position":1,"name":"Home","item":"https:\/\/ecosupplements.be\/fr\/"},{"@type":"ListItem","position":2,"name":"Boutique","item":"https:\/\/ecosupplements.be\/fr\/boutique\/"},{"@type":"ListItem","position":3,"name":"Folate optimis\u00e9 haute puissance &#8211; 30 comprim\u00e9s v\u00e9g\u00e9tariens"}]},{"@type":"WebSite","@id":"https:\/\/ecosupplements.be\/fr\/#website","url":"https:\/\/ecosupplements.be\/fr\/","name":"ECO Supplements","description":"Eco Supplements - Gezonde supplementen","publisher":{"@id":"https:\/\/ecosupplements.be\/fr\/#organization"},"potentialAction":[{"@type":"SearchAction","target":{"@type":"EntryPoint","urlTemplate":"https:\/\/ecosupplements.be\/fr\/?s={search_term_string}"},"query-input":{"@type":"PropertyValueSpecification","valueRequired":true,"valueName":"search_term_string"}}],"inLanguage":"fr-FR"},{"@type":"Organization","@id":"https:\/\/ecosupplements.be\/fr\/#organization","name":"Eco Supplements","url":"https:\/\/ecosupplements.be\/fr\/","logo":{"@type":"ImageObject","inLanguage":"fr-FR","@id":"https:\/\/ecosupplements.be\/fr\/#\/schema\/logo\/image\/","url":"https:\/\/ecosupplements.be\/wp-content\/uploads\/2022\/06\/ecosupplement-family.png","contentUrl":"https:\/\/ecosupplements.be\/wp-content\/uploads\/2022\/06\/ecosupplement-family.png","width":593,"height":374,"caption":"Eco Supplements"},"image":{"@id":"https:\/\/ecosupplements.be\/fr\/#\/schema\/logo\/image\/"}}]},"product_brand":"Life Extension","product_price_amount":"23.69","product_price_currency":"EUR","og_availability":"instock","product_availability":"instock","product_retailer_item_id":"737870191339","product_condition":"new"},"_links":{"self":[{"href":"https:\/\/ecosupplements.be\/fr\/wp-json\/wp\/v2\/product\/281409","targetHints":{"allow":["GET"]}}],"collection":[{"href":"https:\/\/ecosupplements.be\/fr\/wp-json\/wp\/v2\/product"}],"about":[{"href":"https:\/\/ecosupplements.be\/fr\/wp-json\/wp\/v2\/types\/product"}],"replies":[{"embeddable":true,"href":"https:\/\/ecosupplements.be\/fr\/wp-json\/wp\/v2\/comments?post=281409"}],"wp:featuredmedia":[{"embeddable":true,"href":"https:\/\/ecosupplements.be\/fr\/wp-json\/wp\/v2\/media\/247414"}],"wp:attachment":[{"href":"https:\/\/ecosupplements.be\/fr\/wp-json\/wp\/v2\/media?parent=281409"}],"wp:term":[{"taxonomy":"product_brand","embeddable":true,"href":"https:\/\/ecosupplements.be\/fr\/wp-json\/wp\/v2\/product_brand?post=281409"},{"taxonomy":"product_cat","embeddable":true,"href":"https:\/\/ecosupplements.be\/fr\/wp-json\/wp\/v2\/product_cat?post=281409"},{"taxonomy":"product_tag","embeddable":true,"href":"https:\/\/ecosupplements.be\/fr\/wp-json\/wp\/v2\/product_tag?post=281409"}],"curies":[{"name":"wp","href":"https:\/\/api.w.org\/{rel}","templated":true}]}}