{"id":281410,"date":"2022-06-28T10:17:18","date_gmt":"2022-06-28T09:17:18","guid":{"rendered":"https:\/\/ecosupplements.be\/product\/homocysteine-resist-60-vcaps\/"},"modified":"2025-08-27T11:20:25","modified_gmt":"2025-08-27T10:20:25","slug":"homocysteine-resist-60-vcaps","status":"publish","type":"product","link":"https:\/\/ecosupplements.be\/fr\/produit\/homocysteine-resist-60-vcaps\/","title":{"rendered":"Homocysteine Resist &#8211; 60 vcaps"},"content":{"rendered":"<h1 style=\"text-align: center;\">Life Extension &#8211; R\u00e9sistance \u00e0 l&#8217;homocyst\u00e9ine<\/h1>\n<p>Homocysteine Resist contient une s\u00e9lection de vitamines B sp\u00e9cialement formul\u00e9es pour aider votre corps \u00e0 maintenir des niveaux d&#8217;homocyst\u00e9ine d\u00e9j\u00e0 sains et pour soutenir la sant\u00e9 du c\u0153ur et du cerveau. <\/p>\n<p>Qu&#8217;est-ce que l&#8217;Homocyst\u00e9ine Resist ?<br \/>\nHomocysteine Resist est un suppl\u00e9ment de vitamines B sp\u00e9cialement formul\u00e9 pour la sant\u00e9 du c\u0153ur et du cerveau. L&#8217;homocyst\u00e9ine est un compos\u00e9 naturel produit par vos cellules. Mais avec le temps, elle peut commencer \u00e0 s&#8217;accumuler dans la circulation sanguine, affectant la sant\u00e9 cardiovasculaire, les fonctions cognitives et plus encore.<br \/>\nCette formulation combine les vitamines B2 (riboflavine), B6 et B12, ainsi que du folate sous forme de L-5-m\u00e9thylt\u00e9trahydrofolate (L-5-MTHF).<\/p>\n<p>Avantages de la r\u00e9sistance \u00e0 l&#8217;homocyst\u00e9ine<br \/>\nFavorise des niveaux d&#8217;homocyst\u00e9ine sains pour le c\u0153ur et d\u00e9j\u00e0 dans la fourchette normale.<br \/>\nFavorise un syst\u00e8me vasculaire sain<br \/>\nEncourage la synth\u00e8se des neurotransmetteurs pour la sant\u00e9 cognitive<br \/>\nSoutient la production d&#8217;\u00e9nergie cellulaire gr\u00e2ce \u00e0 la vitamine B2<br \/>\nContient les formes les plus puissantes de vitamines B6, B12 et folate<\/p>\n<p><img decoding=\"async\" src=\"https:\/\/ecosupplements.be\/wp-content\/uploads\/2025\/08\/non-gmo-1.png\" title=\"Non-OGM\" alt=\"Non-GMO\"><\/p>\n<p>Compl\u00e9ment alimentaire :<br \/>\nPortion : 1 Capsule V\u00e9g\u00e9tarienne<br \/>\nPortions par conteneur : 60<br \/>\nQuantit\u00e9 par portion :<br \/>\nRiboflavine (vitamine B2) 25mg 11923%<br \/>\nVitamine B6 (sous forme de pyridoxyl 5\u2032-phosphate) 100mg 5882%<br \/>\nFolate (en tant que sel de calcium de L-5-m\u00e9thylt\u00e9trahydrofolate) 8500mcg 2125%<br \/>\nVitamine B12 (en tant que m\u00e9thylcobalamine) 1000mcg 41667%<br \/>\nHomocyst\u00e9ine Resist Autres ingr\u00e9dients :<br \/>\nCellulose microcristalline, cellulose v\u00e9g\u00e9tale (capsule), acide st\u00e9arique, silice, m\u00e9lange d&#8217;extraits de riz.<br \/>\nHomocyst\u00e9ine Resist Utilisation recommand\u00e9e :<br \/>\nPrendre une (1) capsule par jour avec de la nourriture, ou selon les recommandations d&#8217;un professionnel de la sant\u00e9.<br \/>\nAvertissements :<br \/>\nNe pas utiliser ce produit en cas de traitement par le m\u00e9thotrexate, le fluorouracile, la ph\u00e9nyto\u00efne, le ph\u00e9nobarbital, la primidone ou la l\u00e9vodopa avant de consulter votre prestataire de soins. Tenir hors de port\u00e9e des enfants. Ne pas d\u00e9passer l&#8217;usage recommand\u00e9.<br \/>\nN&#8217;achetez pas si le joint ext\u00e9rieur est cass\u00e9 ou endommag\u00e9.<br \/>\nLorsque vous utilisez des compl\u00e9ments alimentaires, veuillez consulter votre m\u00e9decin si vous suivez un traitement pour un probl\u00e8me m\u00e9dical ou si vous \u00eates enceinte ou allaitante.<\/p>\n","protected":false},"excerpt":{"rendered":"<p>Life Extension &#8211; R\u00e9sistance \u00e0 l&#8217;homocyst\u00e9ine Homocysteine Resist contient une s\u00e9lection de vitamines B sp\u00e9cialement formul\u00e9es pour aider votre corps \u00e0 maintenir des niveaux d&#8217;homocyst\u00e9ine d\u00e9j\u00e0 sains et pour soutenir la sant\u00e9 du c\u0153ur et du cerveau. Qu&#8217;est-ce que l&#8217;Homocyst\u00e9ine Resist ? Homocysteine Resist est un suppl\u00e9ment de vitamines B sp\u00e9cialement formul\u00e9 pour la sant\u00e9 [&#8230;]\n","protected":false},"featured_media":247419,"comment_status":"open","ping_status":"open","template":"","meta":[],"product_brand":[4723],"product_cat":[5100,5062,5052,5053],"product_tag":[5069],"class_list":{"0":"post-281410","1":"product","2":"type-product","3":"status-publish","4":"has-post-thumbnail","6":"product_brand-life-extension-2","7":"product_cat-multi-vitamines","8":"product_cat-multivitamines","9":"product_cat-sante-et-bien-etre","10":"product_cat-vitamines-et-mineraux","11":"product_tag-topeco-2","13":"first","14":"instock","15":"taxable","16":"shipping-taxable","17":"purchasable","18":"product-type-simple"},"yoast_head":"<!-- This site is optimized with the Yoast SEO Premium plugin v27.3 (Yoast SEO v27.3) - https:\/\/yoast.com\/product\/yoast-seo-premium-wordpress\/ -->\n<title>Homocysteine Resist - 60 vcaps - ECO Supplements<\/title>\n<meta name=\"description\" content=\"Wij hebben een ruime keuze aan producten van Homocysteine Resist - 60 vcaps . Winkel bij Eco Supplements altijd gratis verzending boven 100\u20ac\" \/>\n<meta name=\"robots\" content=\"index, follow, max-snippet:-1, max-image-preview:large, max-video-preview:-1\" \/>\n<link rel=\"canonical\" href=\"https:\/\/ecosupplements.be\/fr\/produit\/homocysteine-resist-60-vcaps\/\" \/>\n<meta property=\"og:locale\" content=\"fr_FR\" \/>\n<meta property=\"og:type\" content=\"article\" \/>\n<meta property=\"og:title\" content=\"Homocysteine Resist - 60 vcaps\" \/>\n<meta property=\"og:description\" content=\"Wij hebben een ruime keuze aan producten van Homocysteine Resist - 60 vcaps . Winkel bij Eco Supplements altijd gratis verzending boven 100\u20ac\" \/>\n<meta property=\"og:url\" content=\"https:\/\/ecosupplements.be\/fr\/produit\/homocysteine-resist-60-vcaps\/\" \/>\n<meta property=\"og:site_name\" content=\"ECO Supplements\" \/>\n<meta property=\"article:modified_time\" content=\"2025-08-27T10:20:25+00:00\" \/>\n<meta property=\"og:image\" content=\"https:\/\/ecosupplements.be\/wp-content\/uploads\/2025\/08\/Life-Extension-Homocysteine-Resist-60-vcaps-1.jpg\" \/>\n\t<meta property=\"og:image:width\" content=\"750\" \/>\n\t<meta property=\"og:image:height\" content=\"750\" \/>\n\t<meta property=\"og:image:type\" content=\"image\/jpeg\" \/>\n<meta name=\"twitter:card\" content=\"summary_large_image\" \/>\n<meta name=\"twitter:label1\" content=\"Prix\" \/>\n\t<meta name=\"twitter:data1\" content=\"29.98&nbsp;&euro;\" \/>\n\t<meta name=\"twitter:label2\" content=\"Disponibilit\u00e9\" \/>\n\t<meta name=\"twitter:data2\" content=\"En stock\" \/>\n<script type=\"application\/ld+json\" class=\"yoast-schema-graph\">{\"@context\":\"https:\\\/\\\/schema.org\",\"@graph\":[{\"@type\":[\"WebPage\",\"ItemPage\"],\"@id\":\"https:\\\/\\\/ecosupplements.be\\\/fr\\\/produit\\\/homocysteine-resist-60-vcaps\\\/\",\"url\":\"https:\\\/\\\/ecosupplements.be\\\/fr\\\/produit\\\/homocysteine-resist-60-vcaps\\\/\",\"name\":\"Homocysteine Resist - 60 vcaps - ECO Supplements\",\"isPartOf\":{\"@id\":\"https:\\\/\\\/ecosupplements.be\\\/fr\\\/#website\"},\"primaryImageOfPage\":{\"@id\":\"https:\\\/\\\/ecosupplements.be\\\/fr\\\/produit\\\/homocysteine-resist-60-vcaps\\\/#primaryimage\"},\"image\":{\"@id\":\"https:\\\/\\\/ecosupplements.be\\\/fr\\\/produit\\\/homocysteine-resist-60-vcaps\\\/#primaryimage\"},\"thumbnailUrl\":\"https:\\\/\\\/ecosupplements.be\\\/wp-content\\\/uploads\\\/2025\\\/08\\\/Life-Extension-Homocysteine-Resist-60-vcaps-1.jpg\",\"datePublished\":\"2022-06-28T09:17:18+00:00\",\"dateModified\":\"2025-08-27T10:20:25+00:00\",\"description\":\"Wij hebben een ruime keuze aan producten van Homocysteine Resist - 60 vcaps . Winkel bij Eco Supplements altijd gratis verzending boven 100\u20ac\",\"breadcrumb\":{\"@id\":\"https:\\\/\\\/ecosupplements.be\\\/fr\\\/produit\\\/homocysteine-resist-60-vcaps\\\/#breadcrumb\"},\"inLanguage\":\"fr-FR\",\"potentialAction\":[{\"@type\":\"ReadAction\",\"target\":[\"https:\\\/\\\/ecosupplements.be\\\/fr\\\/produit\\\/homocysteine-resist-60-vcaps\\\/\"]}]},{\"@type\":\"ImageObject\",\"inLanguage\":\"fr-FR\",\"@id\":\"https:\\\/\\\/ecosupplements.be\\\/fr\\\/produit\\\/homocysteine-resist-60-vcaps\\\/#primaryimage\",\"url\":\"https:\\\/\\\/ecosupplements.be\\\/wp-content\\\/uploads\\\/2025\\\/08\\\/Life-Extension-Homocysteine-Resist-60-vcaps-1.jpg\",\"contentUrl\":\"https:\\\/\\\/ecosupplements.be\\\/wp-content\\\/uploads\\\/2025\\\/08\\\/Life-Extension-Homocysteine-Resist-60-vcaps-1.jpg\",\"width\":750,\"height\":750},{\"@type\":\"BreadcrumbList\",\"@id\":\"https:\\\/\\\/ecosupplements.be\\\/fr\\\/produit\\\/homocysteine-resist-60-vcaps\\\/#breadcrumb\",\"itemListElement\":[{\"@type\":\"ListItem\",\"position\":1,\"name\":\"Home\",\"item\":\"https:\\\/\\\/ecosupplements.be\\\/fr\\\/\"},{\"@type\":\"ListItem\",\"position\":2,\"name\":\"Boutique\",\"item\":\"https:\\\/\\\/ecosupplements.be\\\/fr\\\/boutique\\\/\"},{\"@type\":\"ListItem\",\"position\":3,\"name\":\"Homocysteine Resist &#8211; 60 vcaps\"}]},{\"@type\":\"WebSite\",\"@id\":\"https:\\\/\\\/ecosupplements.be\\\/fr\\\/#website\",\"url\":\"https:\\\/\\\/ecosupplements.be\\\/fr\\\/\",\"name\":\"ECO Supplements\",\"description\":\"Eco Supplements - Gezonde supplementen\",\"publisher\":{\"@id\":\"https:\\\/\\\/ecosupplements.be\\\/fr\\\/#organization\"},\"potentialAction\":[{\"@type\":\"SearchAction\",\"target\":{\"@type\":\"EntryPoint\",\"urlTemplate\":\"https:\\\/\\\/ecosupplements.be\\\/fr\\\/?s={search_term_string}\"},\"query-input\":{\"@type\":\"PropertyValueSpecification\",\"valueRequired\":true,\"valueName\":\"search_term_string\"}}],\"inLanguage\":\"fr-FR\"},{\"@type\":\"Organization\",\"@id\":\"https:\\\/\\\/ecosupplements.be\\\/fr\\\/#organization\",\"name\":\"Eco Supplements\",\"url\":\"https:\\\/\\\/ecosupplements.be\\\/fr\\\/\",\"logo\":{\"@type\":\"ImageObject\",\"inLanguage\":\"fr-FR\",\"@id\":\"https:\\\/\\\/ecosupplements.be\\\/fr\\\/#\\\/schema\\\/logo\\\/image\\\/\",\"url\":\"https:\\\/\\\/ecosupplements.be\\\/wp-content\\\/uploads\\\/2022\\\/06\\\/ecosupplement-family.png\",\"contentUrl\":\"https:\\\/\\\/ecosupplements.be\\\/wp-content\\\/uploads\\\/2022\\\/06\\\/ecosupplement-family.png\",\"width\":593,\"height\":374,\"caption\":\"Eco Supplements\"},\"image\":{\"@id\":\"https:\\\/\\\/ecosupplements.be\\\/fr\\\/#\\\/schema\\\/logo\\\/image\\\/\"}}]}<\/script>\n<meta property=\"product:brand\" content=\"Life Extension\" \/>\n<meta property=\"product:price:amount\" content=\"29.98\" \/>\n<meta property=\"product:price:currency\" content=\"EUR\" \/>\n<meta property=\"og:availability\" content=\"instock\" \/>\n<meta property=\"product:availability\" content=\"instock\" \/>\n<meta property=\"product:retailer_item_id\" content=\"737870212164\" \/>\n<meta property=\"product:condition\" content=\"new\" \/>\n<!-- \/ Yoast SEO Premium plugin. -->","yoast_head_json":{"title":"Homocysteine Resist - 60 vcaps - ECO Supplements","description":"Wij hebben een ruime keuze aan producten van Homocysteine Resist - 60 vcaps . Winkel bij Eco Supplements altijd gratis verzending boven 100\u20ac","robots":{"index":"index","follow":"follow","max-snippet":"max-snippet:-1","max-image-preview":"max-image-preview:large","max-video-preview":"max-video-preview:-1"},"canonical":"https:\/\/ecosupplements.be\/fr\/produit\/homocysteine-resist-60-vcaps\/","og_locale":"fr_FR","og_type":"article","og_title":"Homocysteine Resist - 60 vcaps","og_description":"Wij hebben een ruime keuze aan producten van Homocysteine Resist - 60 vcaps . Winkel bij Eco Supplements altijd gratis verzending boven 100\u20ac","og_url":"https:\/\/ecosupplements.be\/fr\/produit\/homocysteine-resist-60-vcaps\/","og_site_name":"ECO Supplements","article_modified_time":"2025-08-27T10:20:25+00:00","og_image":[{"width":750,"height":750,"url":"https:\/\/ecosupplements.be\/wp-content\/uploads\/2025\/08\/Life-Extension-Homocysteine-Resist-60-vcaps-1.jpg","type":"image\/jpeg"}],"twitter_card":"summary_large_image","twitter_misc":{"Prix":"29.98&nbsp;&euro;","Disponibilit\u00e9":"En stock"},"schema":{"@context":"https:\/\/schema.org","@graph":[{"@type":["WebPage","ItemPage"],"@id":"https:\/\/ecosupplements.be\/fr\/produit\/homocysteine-resist-60-vcaps\/","url":"https:\/\/ecosupplements.be\/fr\/produit\/homocysteine-resist-60-vcaps\/","name":"Homocysteine Resist - 60 vcaps - ECO Supplements","isPartOf":{"@id":"https:\/\/ecosupplements.be\/fr\/#website"},"primaryImageOfPage":{"@id":"https:\/\/ecosupplements.be\/fr\/produit\/homocysteine-resist-60-vcaps\/#primaryimage"},"image":{"@id":"https:\/\/ecosupplements.be\/fr\/produit\/homocysteine-resist-60-vcaps\/#primaryimage"},"thumbnailUrl":"https:\/\/ecosupplements.be\/wp-content\/uploads\/2025\/08\/Life-Extension-Homocysteine-Resist-60-vcaps-1.jpg","datePublished":"2022-06-28T09:17:18+00:00","dateModified":"2025-08-27T10:20:25+00:00","description":"Wij hebben een ruime keuze aan producten van Homocysteine Resist - 60 vcaps . Winkel bij Eco Supplements altijd gratis verzending boven 100\u20ac","breadcrumb":{"@id":"https:\/\/ecosupplements.be\/fr\/produit\/homocysteine-resist-60-vcaps\/#breadcrumb"},"inLanguage":"fr-FR","potentialAction":[{"@type":"ReadAction","target":["https:\/\/ecosupplements.be\/fr\/produit\/homocysteine-resist-60-vcaps\/"]}]},{"@type":"ImageObject","inLanguage":"fr-FR","@id":"https:\/\/ecosupplements.be\/fr\/produit\/homocysteine-resist-60-vcaps\/#primaryimage","url":"https:\/\/ecosupplements.be\/wp-content\/uploads\/2025\/08\/Life-Extension-Homocysteine-Resist-60-vcaps-1.jpg","contentUrl":"https:\/\/ecosupplements.be\/wp-content\/uploads\/2025\/08\/Life-Extension-Homocysteine-Resist-60-vcaps-1.jpg","width":750,"height":750},{"@type":"BreadcrumbList","@id":"https:\/\/ecosupplements.be\/fr\/produit\/homocysteine-resist-60-vcaps\/#breadcrumb","itemListElement":[{"@type":"ListItem","position":1,"name":"Home","item":"https:\/\/ecosupplements.be\/fr\/"},{"@type":"ListItem","position":2,"name":"Boutique","item":"https:\/\/ecosupplements.be\/fr\/boutique\/"},{"@type":"ListItem","position":3,"name":"Homocysteine Resist &#8211; 60 vcaps"}]},{"@type":"WebSite","@id":"https:\/\/ecosupplements.be\/fr\/#website","url":"https:\/\/ecosupplements.be\/fr\/","name":"ECO Supplements","description":"Eco Supplements - Gezonde supplementen","publisher":{"@id":"https:\/\/ecosupplements.be\/fr\/#organization"},"potentialAction":[{"@type":"SearchAction","target":{"@type":"EntryPoint","urlTemplate":"https:\/\/ecosupplements.be\/fr\/?s={search_term_string}"},"query-input":{"@type":"PropertyValueSpecification","valueRequired":true,"valueName":"search_term_string"}}],"inLanguage":"fr-FR"},{"@type":"Organization","@id":"https:\/\/ecosupplements.be\/fr\/#organization","name":"Eco Supplements","url":"https:\/\/ecosupplements.be\/fr\/","logo":{"@type":"ImageObject","inLanguage":"fr-FR","@id":"https:\/\/ecosupplements.be\/fr\/#\/schema\/logo\/image\/","url":"https:\/\/ecosupplements.be\/wp-content\/uploads\/2022\/06\/ecosupplement-family.png","contentUrl":"https:\/\/ecosupplements.be\/wp-content\/uploads\/2022\/06\/ecosupplement-family.png","width":593,"height":374,"caption":"Eco Supplements"},"image":{"@id":"https:\/\/ecosupplements.be\/fr\/#\/schema\/logo\/image\/"}}]},"product_brand":"Life Extension","product_price_amount":"29.98","product_price_currency":"EUR","og_availability":"instock","product_availability":"instock","product_retailer_item_id":"737870212164","product_condition":"new"},"_links":{"self":[{"href":"https:\/\/ecosupplements.be\/fr\/wp-json\/wp\/v2\/product\/281410","targetHints":{"allow":["GET"]}}],"collection":[{"href":"https:\/\/ecosupplements.be\/fr\/wp-json\/wp\/v2\/product"}],"about":[{"href":"https:\/\/ecosupplements.be\/fr\/wp-json\/wp\/v2\/types\/product"}],"replies":[{"embeddable":true,"href":"https:\/\/ecosupplements.be\/fr\/wp-json\/wp\/v2\/comments?post=281410"}],"wp:featuredmedia":[{"embeddable":true,"href":"https:\/\/ecosupplements.be\/fr\/wp-json\/wp\/v2\/media\/247419"}],"wp:attachment":[{"href":"https:\/\/ecosupplements.be\/fr\/wp-json\/wp\/v2\/media?parent=281410"}],"wp:term":[{"taxonomy":"product_brand","embeddable":true,"href":"https:\/\/ecosupplements.be\/fr\/wp-json\/wp\/v2\/product_brand?post=281410"},{"taxonomy":"product_cat","embeddable":true,"href":"https:\/\/ecosupplements.be\/fr\/wp-json\/wp\/v2\/product_cat?post=281410"},{"taxonomy":"product_tag","embeddable":true,"href":"https:\/\/ecosupplements.be\/fr\/wp-json\/wp\/v2\/product_tag?post=281410"}],"curies":[{"name":"wp","href":"https:\/\/api.w.org\/{rel}","templated":true}]}}