{"id":281417,"date":"2022-06-28T10:17:25","date_gmt":"2022-06-28T09:17:25","guid":{"rendered":"https:\/\/ecosupplements.be\/product\/l-lysine-620mg-100-vcaps\/"},"modified":"2025-08-27T11:20:43","modified_gmt":"2025-08-27T10:20:43","slug":"l-lysine-620mg-100-vcaps","status":"publish","type":"product","link":"https:\/\/ecosupplements.be\/fr\/produit\/l-lysine-620mg-100-vcaps\/","title":{"rendered":"L-Lysine, 620mg &#8211; 100 vcaps"},"content":{"rendered":"<h1 style=\"text-align: center;\">Life Extension &#8211; L-Lysine<\/h1>\n<p>La lysine est un acide amin\u00e9 essentiel n\u00e9cessaire \u00e0 la croissance et au maintien de l&#8217;\u00e9quilibre azot\u00e9 dans l&#8217;organisme. Elle peut contribuer \u00e0 favoriser un bon \u00e9quilibre azot\u00e9 dans l&#8217;organisme et \u00e0 inhiber la glycation, la liaison d&#8217;un sucre et d&#8217;une mol\u00e9cule de prot\u00e9ine ou de lipide acc\u00e9l\u00e9r\u00e9e par des taux \u00e9lev\u00e9s de sucre dans le sang.<br \/>\nLa lysine a de nombreuses fonctions dans l&#8217;organisme car elle est incorpor\u00e9e dans de nombreuses prot\u00e9ines, qui sont utilis\u00e9es \u00e0 des fins diverses.<br \/>\nLa plupart des gens consomment des quantit\u00e9s ad\u00e9quates de lysine. Cependant, les v\u00e9g\u00e9taliens dont le r\u00e9gime alimentaire contient de grandes quantit\u00e9s de c\u00e9r\u00e9ales et seulement des quantit\u00e9s minimes de haricots pourraient devenir d\u00e9ficients en lysine. Les athl\u00e8tes pratiquant fr\u00e9quemment des exercices vigoureux ont un besoin accru en acides amin\u00e9s essentiels, bien que la plupart des r\u00e9gimes alimentaires r\u00e9pondent \u00e0 ces besoins accrus. Il a \u00e9t\u00e9 d\u00e9montr\u00e9 que la suppl\u00e9mentation en lysine augmente l&#8217;absorption et la r\u00e9tention du calcium.<br \/>\nLa lysine travaille avec d&#8217;autres acides amin\u00e9s essentiels pour maintenir la croissance, la masse corporelle maigre et les r\u00e9serves d&#8217;azote de l&#8217;organisme. En outre, il a \u00e9t\u00e9 d\u00e9montr\u00e9 qu&#8217;une suppl\u00e9mentation alimentaire en L-lysine, un acide amin\u00e9 essentiel, favorise la relaxation chez les humains ayant un faible apport alimentaire en L-lysine. Il a \u00e9t\u00e9 d\u00e9montr\u00e9 que la L-lysine, associ\u00e9e \u00e0 l&#8217;arginine, favorise des r\u00e9ponses hormonales saines au stress chez les humains.<\/p>\n<p><img decoding=\"async\" src=\"https:\/\/ecosupplements.be\/wp-content\/uploads\/2025\/08\/gluten-free-1.png\" title=\"Sans gluten\" alt=\"Gluten free\"><img decoding=\"async\" src=\"https:\/\/ecosupplements.be\/wp-content\/uploads\/2025\/08\/non-gmo-1.png\" title=\"Non-OGM\" alt=\"Non-GMO\"><\/p>\n","protected":false},"excerpt":{"rendered":"<p>Life Extension &#8211; L-Lysine La lysine est un acide amin\u00e9 essentiel n\u00e9cessaire \u00e0 la croissance et au maintien de l&#8217;\u00e9quilibre azot\u00e9 dans l&#8217;organisme. Elle peut contribuer \u00e0 favoriser un bon \u00e9quilibre azot\u00e9 dans l&#8217;organisme et \u00e0 inhiber la glycation, la liaison d&#8217;un sucre et d&#8217;une mol\u00e9cule de prot\u00e9ine ou de lipide acc\u00e9l\u00e9r\u00e9e par des taux [&#8230;]\n","protected":false},"featured_media":247454,"comment_status":"open","ping_status":"open","template":"","meta":[],"product_brand":[4723],"product_cat":[5067,5111,5112,5048,5053],"product_tag":[],"class_list":{"0":"post-281417","1":"product","2":"type-product","3":"status-publish","4":"has-post-thumbnail","6":"product_brand-life-extension-2","7":"product_cat-acides-amines-et-bcaa","8":"product_cat-acides-amines-et-bcaas","9":"product_cat-acides-amines-individuels","10":"product_cat-aptitude","11":"product_cat-vitamines-et-mineraux","13":"first","14":"instock","15":"taxable","16":"shipping-taxable","17":"purchasable","18":"product-type-simple"},"yoast_head":"<!-- This site is optimized with the Yoast SEO Premium plugin v27.3 (Yoast SEO v27.3) - https:\/\/yoast.com\/product\/yoast-seo-premium-wordpress\/ -->\n<title>L-Lysine, 620mg - 100 vcaps - ECO Supplements<\/title>\n<meta name=\"description\" content=\"Wij hebben een ruime keuze aan producten van L-Lysine, 620mg - 100 vcaps . Winkel bij Eco Supplements altijd gratis verzending boven 100\u20ac\" \/>\n<meta name=\"robots\" content=\"index, follow, max-snippet:-1, max-image-preview:large, max-video-preview:-1\" \/>\n<link rel=\"canonical\" href=\"https:\/\/ecosupplements.be\/fr\/produit\/l-lysine-620mg-100-vcaps\/\" \/>\n<meta property=\"og:locale\" content=\"fr_FR\" \/>\n<meta property=\"og:type\" content=\"article\" \/>\n<meta property=\"og:title\" content=\"L-Lysine, 620mg - 100 vcaps\" \/>\n<meta property=\"og:description\" content=\"Wij hebben een ruime keuze aan producten van L-Lysine, 620mg - 100 vcaps . Winkel bij Eco Supplements altijd gratis verzending boven 100\u20ac\" \/>\n<meta property=\"og:url\" content=\"https:\/\/ecosupplements.be\/fr\/produit\/l-lysine-620mg-100-vcaps\/\" \/>\n<meta property=\"og:site_name\" content=\"ECO Supplements\" \/>\n<meta property=\"article:modified_time\" content=\"2025-08-27T10:20:43+00:00\" \/>\n<meta property=\"og:image\" content=\"https:\/\/ecosupplements.be\/wp-content\/uploads\/2025\/08\/Life-Extension-L-Lysine-100-vcaps-1.jpg\" \/>\n\t<meta property=\"og:image:width\" content=\"750\" \/>\n\t<meta property=\"og:image:height\" content=\"750\" \/>\n\t<meta property=\"og:image:type\" content=\"image\/jpeg\" \/>\n<meta name=\"twitter:card\" content=\"summary_large_image\" \/>\n<meta name=\"twitter:label1\" content=\"Prix\" \/>\n\t<meta name=\"twitter:data1\" content=\"13.04&nbsp;&euro;\" \/>\n\t<meta name=\"twitter:label2\" content=\"Disponibilit\u00e9\" \/>\n\t<meta name=\"twitter:data2\" content=\"En stock\" \/>\n<script type=\"application\/ld+json\" class=\"yoast-schema-graph\">{\"@context\":\"https:\\\/\\\/schema.org\",\"@graph\":[{\"@type\":[\"WebPage\",\"ItemPage\"],\"@id\":\"https:\\\/\\\/ecosupplements.be\\\/fr\\\/produit\\\/l-lysine-620mg-100-vcaps\\\/\",\"url\":\"https:\\\/\\\/ecosupplements.be\\\/fr\\\/produit\\\/l-lysine-620mg-100-vcaps\\\/\",\"name\":\"L-Lysine, 620mg - 100 vcaps - ECO Supplements\",\"isPartOf\":{\"@id\":\"https:\\\/\\\/ecosupplements.be\\\/fr\\\/#website\"},\"primaryImageOfPage\":{\"@id\":\"https:\\\/\\\/ecosupplements.be\\\/fr\\\/produit\\\/l-lysine-620mg-100-vcaps\\\/#primaryimage\"},\"image\":{\"@id\":\"https:\\\/\\\/ecosupplements.be\\\/fr\\\/produit\\\/l-lysine-620mg-100-vcaps\\\/#primaryimage\"},\"thumbnailUrl\":\"https:\\\/\\\/ecosupplements.be\\\/wp-content\\\/uploads\\\/2025\\\/08\\\/Life-Extension-L-Lysine-100-vcaps-1.jpg\",\"datePublished\":\"2022-06-28T09:17:25+00:00\",\"dateModified\":\"2025-08-27T10:20:43+00:00\",\"description\":\"Wij hebben een ruime keuze aan producten van L-Lysine, 620mg - 100 vcaps . Winkel bij Eco Supplements altijd gratis verzending boven 100\u20ac\",\"breadcrumb\":{\"@id\":\"https:\\\/\\\/ecosupplements.be\\\/fr\\\/produit\\\/l-lysine-620mg-100-vcaps\\\/#breadcrumb\"},\"inLanguage\":\"fr-FR\",\"potentialAction\":[{\"@type\":\"ReadAction\",\"target\":[\"https:\\\/\\\/ecosupplements.be\\\/fr\\\/produit\\\/l-lysine-620mg-100-vcaps\\\/\"]}]},{\"@type\":\"ImageObject\",\"inLanguage\":\"fr-FR\",\"@id\":\"https:\\\/\\\/ecosupplements.be\\\/fr\\\/produit\\\/l-lysine-620mg-100-vcaps\\\/#primaryimage\",\"url\":\"https:\\\/\\\/ecosupplements.be\\\/wp-content\\\/uploads\\\/2025\\\/08\\\/Life-Extension-L-Lysine-100-vcaps-1.jpg\",\"contentUrl\":\"https:\\\/\\\/ecosupplements.be\\\/wp-content\\\/uploads\\\/2025\\\/08\\\/Life-Extension-L-Lysine-100-vcaps-1.jpg\",\"width\":750,\"height\":750},{\"@type\":\"BreadcrumbList\",\"@id\":\"https:\\\/\\\/ecosupplements.be\\\/fr\\\/produit\\\/l-lysine-620mg-100-vcaps\\\/#breadcrumb\",\"itemListElement\":[{\"@type\":\"ListItem\",\"position\":1,\"name\":\"Home\",\"item\":\"https:\\\/\\\/ecosupplements.be\\\/fr\\\/\"},{\"@type\":\"ListItem\",\"position\":2,\"name\":\"Boutique\",\"item\":\"https:\\\/\\\/ecosupplements.be\\\/fr\\\/boutique\\\/\"},{\"@type\":\"ListItem\",\"position\":3,\"name\":\"L-Lysine, 620mg &#8211; 100 vcaps\"}]},{\"@type\":\"WebSite\",\"@id\":\"https:\\\/\\\/ecosupplements.be\\\/fr\\\/#website\",\"url\":\"https:\\\/\\\/ecosupplements.be\\\/fr\\\/\",\"name\":\"ECO Supplements\",\"description\":\"Eco Supplements - Gezonde supplementen\",\"publisher\":{\"@id\":\"https:\\\/\\\/ecosupplements.be\\\/fr\\\/#organization\"},\"potentialAction\":[{\"@type\":\"SearchAction\",\"target\":{\"@type\":\"EntryPoint\",\"urlTemplate\":\"https:\\\/\\\/ecosupplements.be\\\/fr\\\/?s={search_term_string}\"},\"query-input\":{\"@type\":\"PropertyValueSpecification\",\"valueRequired\":true,\"valueName\":\"search_term_string\"}}],\"inLanguage\":\"fr-FR\"},{\"@type\":\"Organization\",\"@id\":\"https:\\\/\\\/ecosupplements.be\\\/fr\\\/#organization\",\"name\":\"Eco Supplements\",\"url\":\"https:\\\/\\\/ecosupplements.be\\\/fr\\\/\",\"logo\":{\"@type\":\"ImageObject\",\"inLanguage\":\"fr-FR\",\"@id\":\"https:\\\/\\\/ecosupplements.be\\\/fr\\\/#\\\/schema\\\/logo\\\/image\\\/\",\"url\":\"https:\\\/\\\/ecosupplements.be\\\/wp-content\\\/uploads\\\/2022\\\/06\\\/ecosupplement-family.png\",\"contentUrl\":\"https:\\\/\\\/ecosupplements.be\\\/wp-content\\\/uploads\\\/2022\\\/06\\\/ecosupplement-family.png\",\"width\":593,\"height\":374,\"caption\":\"Eco Supplements\"},\"image\":{\"@id\":\"https:\\\/\\\/ecosupplements.be\\\/fr\\\/#\\\/schema\\\/logo\\\/image\\\/\"}}]}<\/script>\n<meta property=\"product:brand\" content=\"Life Extension\" \/>\n<meta property=\"product:price:amount\" content=\"13.04\" \/>\n<meta property=\"product:price:currency\" content=\"EUR\" \/>\n<meta property=\"og:availability\" content=\"instock\" \/>\n<meta property=\"product:availability\" content=\"instock\" \/>\n<meta property=\"product:retailer_item_id\" content=\"737870167815\" \/>\n<meta property=\"product:condition\" content=\"new\" \/>\n<!-- \/ Yoast SEO Premium plugin. -->","yoast_head_json":{"title":"L-Lysine, 620mg - 100 vcaps - ECO Supplements","description":"Wij hebben een ruime keuze aan producten van L-Lysine, 620mg - 100 vcaps . Winkel bij Eco Supplements altijd gratis verzending boven 100\u20ac","robots":{"index":"index","follow":"follow","max-snippet":"max-snippet:-1","max-image-preview":"max-image-preview:large","max-video-preview":"max-video-preview:-1"},"canonical":"https:\/\/ecosupplements.be\/fr\/produit\/l-lysine-620mg-100-vcaps\/","og_locale":"fr_FR","og_type":"article","og_title":"L-Lysine, 620mg - 100 vcaps","og_description":"Wij hebben een ruime keuze aan producten van L-Lysine, 620mg - 100 vcaps . Winkel bij Eco Supplements altijd gratis verzending boven 100\u20ac","og_url":"https:\/\/ecosupplements.be\/fr\/produit\/l-lysine-620mg-100-vcaps\/","og_site_name":"ECO Supplements","article_modified_time":"2025-08-27T10:20:43+00:00","og_image":[{"width":750,"height":750,"url":"https:\/\/ecosupplements.be\/wp-content\/uploads\/2025\/08\/Life-Extension-L-Lysine-100-vcaps-1.jpg","type":"image\/jpeg"}],"twitter_card":"summary_large_image","twitter_misc":{"Prix":"13.04&nbsp;&euro;","Disponibilit\u00e9":"En stock"},"schema":{"@context":"https:\/\/schema.org","@graph":[{"@type":["WebPage","ItemPage"],"@id":"https:\/\/ecosupplements.be\/fr\/produit\/l-lysine-620mg-100-vcaps\/","url":"https:\/\/ecosupplements.be\/fr\/produit\/l-lysine-620mg-100-vcaps\/","name":"L-Lysine, 620mg - 100 vcaps - ECO Supplements","isPartOf":{"@id":"https:\/\/ecosupplements.be\/fr\/#website"},"primaryImageOfPage":{"@id":"https:\/\/ecosupplements.be\/fr\/produit\/l-lysine-620mg-100-vcaps\/#primaryimage"},"image":{"@id":"https:\/\/ecosupplements.be\/fr\/produit\/l-lysine-620mg-100-vcaps\/#primaryimage"},"thumbnailUrl":"https:\/\/ecosupplements.be\/wp-content\/uploads\/2025\/08\/Life-Extension-L-Lysine-100-vcaps-1.jpg","datePublished":"2022-06-28T09:17:25+00:00","dateModified":"2025-08-27T10:20:43+00:00","description":"Wij hebben een ruime keuze aan producten van L-Lysine, 620mg - 100 vcaps . Winkel bij Eco Supplements altijd gratis verzending boven 100\u20ac","breadcrumb":{"@id":"https:\/\/ecosupplements.be\/fr\/produit\/l-lysine-620mg-100-vcaps\/#breadcrumb"},"inLanguage":"fr-FR","potentialAction":[{"@type":"ReadAction","target":["https:\/\/ecosupplements.be\/fr\/produit\/l-lysine-620mg-100-vcaps\/"]}]},{"@type":"ImageObject","inLanguage":"fr-FR","@id":"https:\/\/ecosupplements.be\/fr\/produit\/l-lysine-620mg-100-vcaps\/#primaryimage","url":"https:\/\/ecosupplements.be\/wp-content\/uploads\/2025\/08\/Life-Extension-L-Lysine-100-vcaps-1.jpg","contentUrl":"https:\/\/ecosupplements.be\/wp-content\/uploads\/2025\/08\/Life-Extension-L-Lysine-100-vcaps-1.jpg","width":750,"height":750},{"@type":"BreadcrumbList","@id":"https:\/\/ecosupplements.be\/fr\/produit\/l-lysine-620mg-100-vcaps\/#breadcrumb","itemListElement":[{"@type":"ListItem","position":1,"name":"Home","item":"https:\/\/ecosupplements.be\/fr\/"},{"@type":"ListItem","position":2,"name":"Boutique","item":"https:\/\/ecosupplements.be\/fr\/boutique\/"},{"@type":"ListItem","position":3,"name":"L-Lysine, 620mg &#8211; 100 vcaps"}]},{"@type":"WebSite","@id":"https:\/\/ecosupplements.be\/fr\/#website","url":"https:\/\/ecosupplements.be\/fr\/","name":"ECO Supplements","description":"Eco Supplements - Gezonde supplementen","publisher":{"@id":"https:\/\/ecosupplements.be\/fr\/#organization"},"potentialAction":[{"@type":"SearchAction","target":{"@type":"EntryPoint","urlTemplate":"https:\/\/ecosupplements.be\/fr\/?s={search_term_string}"},"query-input":{"@type":"PropertyValueSpecification","valueRequired":true,"valueName":"search_term_string"}}],"inLanguage":"fr-FR"},{"@type":"Organization","@id":"https:\/\/ecosupplements.be\/fr\/#organization","name":"Eco Supplements","url":"https:\/\/ecosupplements.be\/fr\/","logo":{"@type":"ImageObject","inLanguage":"fr-FR","@id":"https:\/\/ecosupplements.be\/fr\/#\/schema\/logo\/image\/","url":"https:\/\/ecosupplements.be\/wp-content\/uploads\/2022\/06\/ecosupplement-family.png","contentUrl":"https:\/\/ecosupplements.be\/wp-content\/uploads\/2022\/06\/ecosupplement-family.png","width":593,"height":374,"caption":"Eco Supplements"},"image":{"@id":"https:\/\/ecosupplements.be\/fr\/#\/schema\/logo\/image\/"}}]},"product_brand":"Life Extension","product_price_amount":"13.04","product_price_currency":"EUR","og_availability":"instock","product_availability":"instock","product_retailer_item_id":"737870167815","product_condition":"new"},"_links":{"self":[{"href":"https:\/\/ecosupplements.be\/fr\/wp-json\/wp\/v2\/product\/281417","targetHints":{"allow":["GET"]}}],"collection":[{"href":"https:\/\/ecosupplements.be\/fr\/wp-json\/wp\/v2\/product"}],"about":[{"href":"https:\/\/ecosupplements.be\/fr\/wp-json\/wp\/v2\/types\/product"}],"replies":[{"embeddable":true,"href":"https:\/\/ecosupplements.be\/fr\/wp-json\/wp\/v2\/comments?post=281417"}],"wp:featuredmedia":[{"embeddable":true,"href":"https:\/\/ecosupplements.be\/fr\/wp-json\/wp\/v2\/media\/247454"}],"wp:attachment":[{"href":"https:\/\/ecosupplements.be\/fr\/wp-json\/wp\/v2\/media?parent=281417"}],"wp:term":[{"taxonomy":"product_brand","embeddable":true,"href":"https:\/\/ecosupplements.be\/fr\/wp-json\/wp\/v2\/product_brand?post=281417"},{"taxonomy":"product_cat","embeddable":true,"href":"https:\/\/ecosupplements.be\/fr\/wp-json\/wp\/v2\/product_cat?post=281417"},{"taxonomy":"product_tag","embeddable":true,"href":"https:\/\/ecosupplements.be\/fr\/wp-json\/wp\/v2\/product_tag?post=281417"}],"curies":[{"name":"wp","href":"https:\/\/api.w.org\/{rel}","templated":true}]}}