{"id":281424,"date":"2022-06-28T10:17:25","date_gmt":"2022-06-28T09:17:25","guid":{"rendered":"https:\/\/ecosupplements.be\/product\/formule-defficacite-du-foie-30-vcaps\/"},"modified":"2025-08-27T11:21:03","modified_gmt":"2025-08-27T10:21:03","slug":"formule-defficacite-du-foie-30-vcaps","status":"publish","type":"product","link":"https:\/\/ecosupplements.be\/fr\/produit\/formule-defficacite-du-foie-30-vcaps\/","title":{"rendered":"Formule d&#8217;efficacit\u00e9 du foie &#8211; 30 vcaps"},"content":{"rendered":"<h1 style=\"text-align: center;\">Life Extension &#8211; Formule d&#8217;efficacit\u00e9 du foie<\/h1>\n<p>Le foie est un grand organe glandulaire, dont les fonctions comprennent la d\u00e9composition des globules rouges, la synth\u00e8se des prot\u00e9ines plasmatiques, la production d&#8217;hormones, la s\u00e9cr\u00e9tion de la bile et la conversion des sucres en glycog\u00e8ne, qu&#8217;il stocke. Le foie est \u00e9galement responsable de la transformation de nombreuses vitamines et nutriments en une forme utilisable par l&#8217;organisme, ainsi que de la d\u00e9toxification de diverses substances. La vie moderne implique une exposition quotidienne \u00e0 des substances toxiques pour notre organisme, ce qui impose une lourde charge au foie. Par cons\u00e9quent, un foie sain est essentiel au bien-\u00eatre. Il est important de s&#8217;assurer que le foie est maintenu \u00e0 son meilleur niveau fonctionnel pour une sant\u00e9 optimale.<br \/>\nVotre foie est soumis \u00e0 une exposition continue aux radicaux libres et est particuli\u00e8rement vuln\u00e9rable \u00e0 la d\u00e9gradation des mitochondries. La r\u00e9duction de la production d&#8217;\u00e9nergie cellulaire dans le foie a un impact n\u00e9gatif sur un pourcentage croissant de la population.8 Selon les estimations les plus r\u00e9centes, un tiers des Am\u00e9ricains ont d\u00e9sormais besoin d&#8217;un soutien cibl\u00e9 pour une fonction h\u00e9patique saine.<br \/>\nLiver Efficiency Formula comporte deux \u00e9nergisants mol\u00e9culaires de pointe dont il est d\u00e9montr\u00e9 qu&#8217;ils favorisent une fonction h\u00e9patique saine au niveau cellulaire. Le premier est le Schisandra chinensis, une vigne adaptog\u00e8ne originaire d&#8217;Asie avec un demi-si\u00e8cle de recherche et pr\u00e8s de 400 \u00e9tudes publi\u00e9es qui valident ses avantages pour l&#8217;ensemble du syst\u00e8me. Les chercheurs ont d\u00e9couvert que les lignanes du fruit de Schisandra soutiennent sp\u00e9cifiquement des niveaux sains de glutathion &#8211; le propre syst\u00e8me de d\u00e9fense antioxydant de la cellule. Des \u00e9tudes pr\u00e9cliniques ont montr\u00e9 que les compos\u00e9s bioactifs de Schisandra sont facilement absorb\u00e9s dans tous les segments de l&#8217;intestin. Et dans les \u00e9tudes animales, il a \u00e9t\u00e9 d\u00e9montr\u00e9 que Schisandra am\u00e9liore consid\u00e9rablement le statut du glutathion dans les cellules h\u00e9patiques \u00e9puis\u00e9es.<br \/>\nLa Formule Efficacit\u00e9 Foie contient \u00e9galement de l&#8217;Extramel, un concentr\u00e9 de fruit d\u00e9riv\u00e9 du melon musqu\u00e9 (Cucumis melo) non OGM, une source naturelle de l&#8217;antioxydant superoxyde dismutase ou SOD &#8211; l&#8217;un des plus puissants neutralisateurs de radicaux libres du corps humain. L&#8217;efficacit\u00e9 et la s\u00e9curit\u00e9 d&#8217;Extramel sont soutenues par des recherches cliniques publi\u00e9es. Dans un essai contr\u00f4l\u00e9 par placebo, un groupe de 70 volontaires \u00e2g\u00e9s de 30 \u00e0 55 ans prenant 10 mg d&#8217;Extramel par jour a connu des niveaux d&#8217;\u00e9nergie significativement plus \u00e9lev\u00e9s, une am\u00e9lioration des performances physiques et une meilleure humeur apr\u00e8s seulement quatre semaines.<\/p>\n<p><img decoding=\"async\" src=\"https:\/\/ecosupplements.be\/wp-content\/uploads\/2025\/08\/gluten-free-1.png\" title=\"Sans gluten\" alt=\"Gluten free\"><img decoding=\"async\" src=\"https:\/\/ecosupplements.be\/wp-content\/uploads\/2025\/08\/non-gmo-1.png\" title=\"Non-OGM\" alt=\"Non-GMO\"><\/p>\n","protected":false},"excerpt":{"rendered":"<p>Life Extension &#8211; Formule d&#8217;efficacit\u00e9 du foie Le foie est un grand organe glandulaire, dont les fonctions comprennent la d\u00e9composition des globules rouges, la synth\u00e8se des prot\u00e9ines plasmatiques, la production d&#8217;hormones, la s\u00e9cr\u00e9tion de la bile et la conversion des sucres en glycog\u00e8ne, qu&#8217;il stocke. Le foie est \u00e9galement responsable de la transformation de nombreuses [&#8230;]\n","protected":false},"featured_media":247489,"comment_status":"open","ping_status":"open","template":"","meta":[],"product_brand":[4723],"product_cat":[5052,5153,5053],"product_tag":[],"class_list":{"0":"post-281424","1":"product","2":"type-product","3":"status-publish","4":"has-post-thumbnail","6":"product_brand-life-extension-2","7":"product_cat-sante-et-bien-etre","8":"product_cat-soutien-du-foie","9":"product_cat-vitamines-et-mineraux","11":"first","12":"instock","13":"taxable","14":"shipping-taxable","15":"purchasable","16":"product-type-simple"},"yoast_head":"<!-- This site is optimized with the Yoast SEO Premium plugin v27.3 (Yoast SEO v27.3) - https:\/\/yoast.com\/product\/yoast-seo-premium-wordpress\/ -->\n<title>Formule d&#039;efficacit\u00e9 du foie - 30 vcaps - ECO Supplements<\/title>\n<meta name=\"description\" content=\"Wij hebben een ruime keuze aan producten van Formule d&#039;efficacit\u00e9 du foie - 30 vcaps . Winkel bij Eco Supplements altijd gratis verzending boven 100\u20ac\" \/>\n<meta name=\"robots\" content=\"index, follow, max-snippet:-1, max-image-preview:large, max-video-preview:-1\" \/>\n<link rel=\"canonical\" href=\"https:\/\/ecosupplements.be\/fr\/produit\/formule-defficacite-du-foie-30-vcaps\/\" \/>\n<meta property=\"og:locale\" content=\"fr_FR\" \/>\n<meta property=\"og:type\" content=\"article\" \/>\n<meta property=\"og:title\" content=\"Formule d&#039;efficacit\u00e9 du foie - 30 vcaps\" \/>\n<meta property=\"og:description\" content=\"Wij hebben een ruime keuze aan producten van Formule d&#039;efficacit\u00e9 du foie - 30 vcaps . Winkel bij Eco Supplements altijd gratis verzending boven 100\u20ac\" \/>\n<meta property=\"og:url\" content=\"https:\/\/ecosupplements.be\/fr\/produit\/formule-defficacite-du-foie-30-vcaps\/\" \/>\n<meta property=\"og:site_name\" content=\"ECO Supplements\" \/>\n<meta property=\"article:modified_time\" content=\"2025-08-27T10:21:03+00:00\" \/>\n<meta property=\"og:image\" content=\"https:\/\/ecosupplements.be\/wp-content\/uploads\/2025\/08\/Life-Extension-Liver-Efficiency-Formula-30-vcaps-1.jpg\" \/>\n\t<meta property=\"og:image:width\" content=\"750\" \/>\n\t<meta property=\"og:image:height\" content=\"750\" \/>\n\t<meta property=\"og:image:type\" content=\"image\/jpeg\" \/>\n<meta name=\"twitter:card\" content=\"summary_large_image\" \/>\n<meta name=\"twitter:label1\" content=\"Prix\" \/>\n\t<meta name=\"twitter:data1\" content=\"24.11&nbsp;&euro;\" \/>\n\t<meta name=\"twitter:label2\" content=\"Disponibilit\u00e9\" \/>\n\t<meta name=\"twitter:data2\" content=\"En stock\" \/>\n<script type=\"application\/ld+json\" class=\"yoast-schema-graph\">{\"@context\":\"https:\\\/\\\/schema.org\",\"@graph\":[{\"@type\":[\"WebPage\",\"ItemPage\"],\"@id\":\"https:\\\/\\\/ecosupplements.be\\\/fr\\\/produit\\\/formule-defficacite-du-foie-30-vcaps\\\/\",\"url\":\"https:\\\/\\\/ecosupplements.be\\\/fr\\\/produit\\\/formule-defficacite-du-foie-30-vcaps\\\/\",\"name\":\"Formule d'efficacit\u00e9 du foie - 30 vcaps - ECO Supplements\",\"isPartOf\":{\"@id\":\"https:\\\/\\\/ecosupplements.be\\\/fr\\\/#website\"},\"primaryImageOfPage\":{\"@id\":\"https:\\\/\\\/ecosupplements.be\\\/fr\\\/produit\\\/formule-defficacite-du-foie-30-vcaps\\\/#primaryimage\"},\"image\":{\"@id\":\"https:\\\/\\\/ecosupplements.be\\\/fr\\\/produit\\\/formule-defficacite-du-foie-30-vcaps\\\/#primaryimage\"},\"thumbnailUrl\":\"https:\\\/\\\/ecosupplements.be\\\/wp-content\\\/uploads\\\/2025\\\/08\\\/Life-Extension-Liver-Efficiency-Formula-30-vcaps-1.jpg\",\"datePublished\":\"2022-06-28T09:17:25+00:00\",\"dateModified\":\"2025-08-27T10:21:03+00:00\",\"description\":\"Wij hebben een ruime keuze aan producten van Formule d'efficacit\u00e9 du foie - 30 vcaps . Winkel bij Eco Supplements altijd gratis verzending boven 100\u20ac\",\"breadcrumb\":{\"@id\":\"https:\\\/\\\/ecosupplements.be\\\/fr\\\/produit\\\/formule-defficacite-du-foie-30-vcaps\\\/#breadcrumb\"},\"inLanguage\":\"fr-FR\",\"potentialAction\":[{\"@type\":\"ReadAction\",\"target\":[\"https:\\\/\\\/ecosupplements.be\\\/fr\\\/produit\\\/formule-defficacite-du-foie-30-vcaps\\\/\"]}]},{\"@type\":\"ImageObject\",\"inLanguage\":\"fr-FR\",\"@id\":\"https:\\\/\\\/ecosupplements.be\\\/fr\\\/produit\\\/formule-defficacite-du-foie-30-vcaps\\\/#primaryimage\",\"url\":\"https:\\\/\\\/ecosupplements.be\\\/wp-content\\\/uploads\\\/2025\\\/08\\\/Life-Extension-Liver-Efficiency-Formula-30-vcaps-1.jpg\",\"contentUrl\":\"https:\\\/\\\/ecosupplements.be\\\/wp-content\\\/uploads\\\/2025\\\/08\\\/Life-Extension-Liver-Efficiency-Formula-30-vcaps-1.jpg\",\"width\":750,\"height\":750},{\"@type\":\"BreadcrumbList\",\"@id\":\"https:\\\/\\\/ecosupplements.be\\\/fr\\\/produit\\\/formule-defficacite-du-foie-30-vcaps\\\/#breadcrumb\",\"itemListElement\":[{\"@type\":\"ListItem\",\"position\":1,\"name\":\"Home\",\"item\":\"https:\\\/\\\/ecosupplements.be\\\/fr\\\/\"},{\"@type\":\"ListItem\",\"position\":2,\"name\":\"Boutique\",\"item\":\"https:\\\/\\\/ecosupplements.be\\\/fr\\\/boutique\\\/\"},{\"@type\":\"ListItem\",\"position\":3,\"name\":\"Formule d&#8217;efficacit\u00e9 du foie &#8211; 30 vcaps\"}]},{\"@type\":\"WebSite\",\"@id\":\"https:\\\/\\\/ecosupplements.be\\\/fr\\\/#website\",\"url\":\"https:\\\/\\\/ecosupplements.be\\\/fr\\\/\",\"name\":\"ECO Supplements\",\"description\":\"Eco Supplements - Gezonde supplementen\",\"publisher\":{\"@id\":\"https:\\\/\\\/ecosupplements.be\\\/fr\\\/#organization\"},\"potentialAction\":[{\"@type\":\"SearchAction\",\"target\":{\"@type\":\"EntryPoint\",\"urlTemplate\":\"https:\\\/\\\/ecosupplements.be\\\/fr\\\/?s={search_term_string}\"},\"query-input\":{\"@type\":\"PropertyValueSpecification\",\"valueRequired\":true,\"valueName\":\"search_term_string\"}}],\"inLanguage\":\"fr-FR\"},{\"@type\":\"Organization\",\"@id\":\"https:\\\/\\\/ecosupplements.be\\\/fr\\\/#organization\",\"name\":\"Eco Supplements\",\"url\":\"https:\\\/\\\/ecosupplements.be\\\/fr\\\/\",\"logo\":{\"@type\":\"ImageObject\",\"inLanguage\":\"fr-FR\",\"@id\":\"https:\\\/\\\/ecosupplements.be\\\/fr\\\/#\\\/schema\\\/logo\\\/image\\\/\",\"url\":\"https:\\\/\\\/ecosupplements.be\\\/wp-content\\\/uploads\\\/2022\\\/06\\\/ecosupplement-family.png\",\"contentUrl\":\"https:\\\/\\\/ecosupplements.be\\\/wp-content\\\/uploads\\\/2022\\\/06\\\/ecosupplement-family.png\",\"width\":593,\"height\":374,\"caption\":\"Eco Supplements\"},\"image\":{\"@id\":\"https:\\\/\\\/ecosupplements.be\\\/fr\\\/#\\\/schema\\\/logo\\\/image\\\/\"}}]}<\/script>\n<meta property=\"product:brand\" content=\"Life Extension\" \/>\n<meta property=\"product:price:amount\" content=\"24.11\" \/>\n<meta property=\"product:price:currency\" content=\"EUR\" \/>\n<meta property=\"og:availability\" content=\"instock\" \/>\n<meta property=\"product:availability\" content=\"instock\" \/>\n<meta property=\"product:retailer_item_id\" content=\"737870160830\" \/>\n<meta property=\"product:condition\" content=\"new\" \/>\n<!-- \/ Yoast SEO Premium plugin. -->","yoast_head_json":{"title":"Formule d'efficacit\u00e9 du foie - 30 vcaps - ECO Supplements","description":"Wij hebben een ruime keuze aan producten van Formule d'efficacit\u00e9 du foie - 30 vcaps . Winkel bij Eco Supplements altijd gratis verzending boven 100\u20ac","robots":{"index":"index","follow":"follow","max-snippet":"max-snippet:-1","max-image-preview":"max-image-preview:large","max-video-preview":"max-video-preview:-1"},"canonical":"https:\/\/ecosupplements.be\/fr\/produit\/formule-defficacite-du-foie-30-vcaps\/","og_locale":"fr_FR","og_type":"article","og_title":"Formule d'efficacit\u00e9 du foie - 30 vcaps","og_description":"Wij hebben een ruime keuze aan producten van Formule d'efficacit\u00e9 du foie - 30 vcaps . Winkel bij Eco Supplements altijd gratis verzending boven 100\u20ac","og_url":"https:\/\/ecosupplements.be\/fr\/produit\/formule-defficacite-du-foie-30-vcaps\/","og_site_name":"ECO Supplements","article_modified_time":"2025-08-27T10:21:03+00:00","og_image":[{"width":750,"height":750,"url":"https:\/\/ecosupplements.be\/wp-content\/uploads\/2025\/08\/Life-Extension-Liver-Efficiency-Formula-30-vcaps-1.jpg","type":"image\/jpeg"}],"twitter_card":"summary_large_image","twitter_misc":{"Prix":"24.11&nbsp;&euro;","Disponibilit\u00e9":"En stock"},"schema":{"@context":"https:\/\/schema.org","@graph":[{"@type":["WebPage","ItemPage"],"@id":"https:\/\/ecosupplements.be\/fr\/produit\/formule-defficacite-du-foie-30-vcaps\/","url":"https:\/\/ecosupplements.be\/fr\/produit\/formule-defficacite-du-foie-30-vcaps\/","name":"Formule d'efficacit\u00e9 du foie - 30 vcaps - ECO Supplements","isPartOf":{"@id":"https:\/\/ecosupplements.be\/fr\/#website"},"primaryImageOfPage":{"@id":"https:\/\/ecosupplements.be\/fr\/produit\/formule-defficacite-du-foie-30-vcaps\/#primaryimage"},"image":{"@id":"https:\/\/ecosupplements.be\/fr\/produit\/formule-defficacite-du-foie-30-vcaps\/#primaryimage"},"thumbnailUrl":"https:\/\/ecosupplements.be\/wp-content\/uploads\/2025\/08\/Life-Extension-Liver-Efficiency-Formula-30-vcaps-1.jpg","datePublished":"2022-06-28T09:17:25+00:00","dateModified":"2025-08-27T10:21:03+00:00","description":"Wij hebben een ruime keuze aan producten van Formule d'efficacit\u00e9 du foie - 30 vcaps . Winkel bij Eco Supplements altijd gratis verzending boven 100\u20ac","breadcrumb":{"@id":"https:\/\/ecosupplements.be\/fr\/produit\/formule-defficacite-du-foie-30-vcaps\/#breadcrumb"},"inLanguage":"fr-FR","potentialAction":[{"@type":"ReadAction","target":["https:\/\/ecosupplements.be\/fr\/produit\/formule-defficacite-du-foie-30-vcaps\/"]}]},{"@type":"ImageObject","inLanguage":"fr-FR","@id":"https:\/\/ecosupplements.be\/fr\/produit\/formule-defficacite-du-foie-30-vcaps\/#primaryimage","url":"https:\/\/ecosupplements.be\/wp-content\/uploads\/2025\/08\/Life-Extension-Liver-Efficiency-Formula-30-vcaps-1.jpg","contentUrl":"https:\/\/ecosupplements.be\/wp-content\/uploads\/2025\/08\/Life-Extension-Liver-Efficiency-Formula-30-vcaps-1.jpg","width":750,"height":750},{"@type":"BreadcrumbList","@id":"https:\/\/ecosupplements.be\/fr\/produit\/formule-defficacite-du-foie-30-vcaps\/#breadcrumb","itemListElement":[{"@type":"ListItem","position":1,"name":"Home","item":"https:\/\/ecosupplements.be\/fr\/"},{"@type":"ListItem","position":2,"name":"Boutique","item":"https:\/\/ecosupplements.be\/fr\/boutique\/"},{"@type":"ListItem","position":3,"name":"Formule d&#8217;efficacit\u00e9 du foie &#8211; 30 vcaps"}]},{"@type":"WebSite","@id":"https:\/\/ecosupplements.be\/fr\/#website","url":"https:\/\/ecosupplements.be\/fr\/","name":"ECO Supplements","description":"Eco Supplements - Gezonde supplementen","publisher":{"@id":"https:\/\/ecosupplements.be\/fr\/#organization"},"potentialAction":[{"@type":"SearchAction","target":{"@type":"EntryPoint","urlTemplate":"https:\/\/ecosupplements.be\/fr\/?s={search_term_string}"},"query-input":{"@type":"PropertyValueSpecification","valueRequired":true,"valueName":"search_term_string"}}],"inLanguage":"fr-FR"},{"@type":"Organization","@id":"https:\/\/ecosupplements.be\/fr\/#organization","name":"Eco Supplements","url":"https:\/\/ecosupplements.be\/fr\/","logo":{"@type":"ImageObject","inLanguage":"fr-FR","@id":"https:\/\/ecosupplements.be\/fr\/#\/schema\/logo\/image\/","url":"https:\/\/ecosupplements.be\/wp-content\/uploads\/2022\/06\/ecosupplement-family.png","contentUrl":"https:\/\/ecosupplements.be\/wp-content\/uploads\/2022\/06\/ecosupplement-family.png","width":593,"height":374,"caption":"Eco Supplements"},"image":{"@id":"https:\/\/ecosupplements.be\/fr\/#\/schema\/logo\/image\/"}}]},"product_brand":"Life Extension","product_price_amount":"24.11","product_price_currency":"EUR","og_availability":"instock","product_availability":"instock","product_retailer_item_id":"737870160830","product_condition":"new"},"_links":{"self":[{"href":"https:\/\/ecosupplements.be\/fr\/wp-json\/wp\/v2\/product\/281424","targetHints":{"allow":["GET"]}}],"collection":[{"href":"https:\/\/ecosupplements.be\/fr\/wp-json\/wp\/v2\/product"}],"about":[{"href":"https:\/\/ecosupplements.be\/fr\/wp-json\/wp\/v2\/types\/product"}],"replies":[{"embeddable":true,"href":"https:\/\/ecosupplements.be\/fr\/wp-json\/wp\/v2\/comments?post=281424"}],"wp:featuredmedia":[{"embeddable":true,"href":"https:\/\/ecosupplements.be\/fr\/wp-json\/wp\/v2\/media\/247489"}],"wp:attachment":[{"href":"https:\/\/ecosupplements.be\/fr\/wp-json\/wp\/v2\/media?parent=281424"}],"wp:term":[{"taxonomy":"product_brand","embeddable":true,"href":"https:\/\/ecosupplements.be\/fr\/wp-json\/wp\/v2\/product_brand?post=281424"},{"taxonomy":"product_cat","embeddable":true,"href":"https:\/\/ecosupplements.be\/fr\/wp-json\/wp\/v2\/product_cat?post=281424"},{"taxonomy":"product_tag","embeddable":true,"href":"https:\/\/ecosupplements.be\/fr\/wp-json\/wp\/v2\/product_tag?post=281424"}],"curies":[{"name":"wp","href":"https:\/\/api.w.org\/{rel}","templated":true}]}}