{"id":281430,"date":"2022-06-28T10:17:32","date_gmt":"2022-06-28T09:17:32","guid":{"rendered":"https:\/\/ecosupplements.be\/product\/male-vascular-sexual-support-30-vcaps\/"},"modified":"2025-08-27T11:21:23","modified_gmt":"2025-08-27T10:21:23","slug":"male-vascular-sexual-support-30-vcaps","status":"publish","type":"product","link":"https:\/\/ecosupplements.be\/fr\/produit\/male-vascular-sexual-support-30-vcaps\/","title":{"rendered":"Male Vascular Sexual Support &#8211; 30 vcaps"},"content":{"rendered":"<h1 style=\"text-align: center;\">Life Extension &#8211; Soutien sexuel vasculaire masculin<\/h1>\n<p>La sant\u00e9 sexuelle fait partie int\u00e9grante de la qualit\u00e9 de vie d&#8217;un homme. Notre NOUVELLE formule de soutien sexuel vasculaire masculin contient KaempMax, un extrait unique de Kaempferia parviflora. Un membre de la famille du gingembre, KaempMax K. parviflora soutient une fonction sexuelle masculine saine, favorise une r\u00e9ponse sexuelle masculine saine, et soutient la sant\u00e9 sexuelle masculine globale.<\/p>\n<p>Les avantages en un coup d&#8217;\u0153il :<\/p>\n<p>&nbsp;Favorise une fonction sexuelle masculine saine<br \/>\n&nbsp;Encourage la production d&#8217;oxyde nitrique pour un flux sanguin sain<br \/>\n&nbsp;Soutient une r\u00e9ponse sexuelle saine chez l&#8217;homme<br \/>\n&nbsp;Aide \u00e0 inhiber une enzyme qui affecte la fonction sexuelle masculine4<\/p>\n<p>Les rapports d&#8217;insatisfaction sexuelle chez les jeunes hommes \u00e9tant en hausse, Life Extension est fier de proposer Male Vascular Sexual Support &#8211; un suppl\u00e9ment de soutien \u00e0 la sant\u00e9 sexuelle pour les hommes de tout \u00e2ge.<\/p>\n<p>Plus de faits sur le soutien sexuel vasculaire masculin<\/p>\n<p>\u00c9galement connu sous le nom de gingembre noir tha\u00eflandais, le K. parviflora est originaire d&#8217;Asie du Sud-Est. Il est utilis\u00e9 pour promouvoir la sant\u00e9 sexuelle masculine depuis des ann\u00e9es, mais ce n&#8217;est que maintenant que le K. parviflora a \u00e9t\u00e9 \u00e9tudi\u00e9 en Occident. Et les r\u00e9sultats sont impressionnants : deux \u00e9tudes cliniques se r\u00e9v\u00e8lent prometteuses pour la fonction sexuelle masculine, la r\u00e9ponse, la performance et la satisfaction, avec des r\u00e9sultats observ\u00e9s apr\u00e8s 30 jours.<\/p>\n<p>K. parviflora agit en favorisant la synth\u00e8se de l&#8217;oxyde nitrique3, qui d\u00e9tend les vaisseaux sanguins et permet un flux sanguin sain5, la cl\u00e9 d&#8217;une r\u00e9ponse sexuelle masculine saine. Il encourage \u00e9galement une r\u00e9ponse c\u00e9r\u00e9brale saine aux stimuli sexuels6 et aide \u00e0 inhiber une enzyme qui peut affecter la r\u00e9ponse sexuelle masculine. Et il fait ces deux choses ind\u00e9pendamment des niveaux d&#8217;hormones.<\/p>\n<p>\u00c9tudes cliniques<\/p>\n<p>Dans une \u00e9tude clinique randomis\u00e9e en double aveugle de huit semaines, l&#8217;extrait de K. parviflora a favoris\u00e9 une r\u00e9ponse sexuelle masculine saine par rapport au placebo. Impressionn\u00e9s par ces r\u00e9sultats, les formulateurs de Life Extension ont entrepris de confirmer les conclusions de l&#8217;\u00e9tude. Dans notre propre \u00e9tude clinique, les sujets prenant l&#8217;extrait KaempMax de K. parviflora standardis\u00e9 pour 5% du compos\u00e9 actif, la 7-dim\u00e9thoxyflavone pendant 30 jours ont rapport\u00e9 une fonction et une satisfaction sexuelles saines.<\/p>\n<p>Le K. parviflora n&#8217;a pas affect\u00e9 de mani\u00e8re significative les niveaux d&#8217;hormones dans les deux \u00e9tudes cliniques, ce qui en fait un excellent compl\u00e9ment aux suppl\u00e9ments de sant\u00e9 pour la st\u00e9rone.<\/p>\n<p>Notre Male Vascular Sexual Support est la seule formule fabriqu\u00e9e avec l&#8217;extrait de K. parviflora KaempMax \u00e9tudi\u00e9 cliniquement et standardis\u00e9 \u00e0 5%, 7-dim\u00e9thoxyflavone. Si vous cherchez \u00e0 ajouter \u00e0 votre r\u00e9gime alimentaire un suppl\u00e9ment pour la sant\u00e9 sexuelle \u00e0 prendre une fois par jour, essayez Male Vascular Sexual Support d\u00e8s aujourd&#8217;hui.<\/p>\n<p><img decoding=\"async\" src=\"https:\/\/ecosupplements.be\/wp-content\/uploads\/2025\/08\/non-gmo-1.png\" title=\"Non-OGM\" alt=\"Non-GMO\"><\/p>\n","protected":false},"excerpt":{"rendered":"<p>Life Extension &#8211; Soutien sexuel vasculaire masculin La sant\u00e9 sexuelle fait partie int\u00e9grante de la qualit\u00e9 de vie d&#8217;un homme. Notre NOUVELLE formule de soutien sexuel vasculaire masculin contient KaempMax, un extrait unique de Kaempferia parviflora. Un membre de la famille du gingembre, KaempMax K. parviflora soutient une fonction sexuelle masculine saine, favorise une r\u00e9ponse [&#8230;]\n","protected":false},"featured_media":247519,"comment_status":"open","ping_status":"open","template":"","meta":[],"product_brand":[4723],"product_cat":[5048,5080,5052,5180,5079,5053,5161],"product_tag":[5069],"class_list":{"0":"post-281430","1":"product","2":"type-product","3":"status-publish","4":"has-post-thumbnail","6":"product_brand-life-extension-2","7":"product_cat-aptitude","8":"product_cat-elevateurs-en-t-naturels","9":"product_cat-sante-et-bien-etre","10":"product_cat-sante-urinaire","11":"product_cat-support-en-t-naturel","12":"product_cat-vitamines-et-mineraux","13":"product_cat-vitamines-pour-hommes","14":"product_tag-topeco-2","16":"first","17":"instock","18":"taxable","19":"shipping-taxable","20":"purchasable","21":"product-type-simple"},"yoast_head":"<!-- This site is optimized with the Yoast SEO Premium plugin v27.5 (Yoast SEO v27.5) - https:\/\/yoast.com\/product\/yoast-seo-premium-wordpress\/ -->\n<title>Male Vascular Sexual Support - 30 vcaps - ECO Supplements<\/title>\n<meta name=\"description\" content=\"Wij hebben een ruime keuze aan producten van Male Vascular Sexual Support - 30 vcaps . Winkel bij Eco Supplements altijd gratis verzending boven 100\u20ac\" \/>\n<meta name=\"robots\" content=\"index, follow, max-snippet:-1, max-image-preview:large, max-video-preview:-1\" \/>\n<link rel=\"canonical\" href=\"https:\/\/ecosupplements.be\/fr\/produit\/male-vascular-sexual-support-30-vcaps\/\" \/>\n<meta property=\"og:locale\" content=\"fr_FR\" \/>\n<meta property=\"og:type\" content=\"article\" \/>\n<meta property=\"og:title\" content=\"Male Vascular Sexual Support - 30 vcaps\" \/>\n<meta property=\"og:description\" content=\"Wij hebben een ruime keuze aan producten van Male Vascular Sexual Support - 30 vcaps . Winkel bij Eco Supplements altijd gratis verzending boven 100\u20ac\" \/>\n<meta property=\"og:url\" content=\"https:\/\/ecosupplements.be\/fr\/produit\/male-vascular-sexual-support-30-vcaps\/\" \/>\n<meta property=\"og:site_name\" content=\"ECO Supplements\" \/>\n<meta property=\"article:modified_time\" content=\"2025-08-27T10:21:23+00:00\" \/>\n<meta property=\"og:image\" content=\"https:\/\/ecosupplements.be\/wp-content\/uploads\/2025\/08\/Life-Extension-Male-Vascular-Sexual-Support-30-vcaps-1.jpg\" \/>\n\t<meta property=\"og:image:width\" content=\"750\" \/>\n\t<meta property=\"og:image:height\" content=\"750\" \/>\n\t<meta property=\"og:image:type\" content=\"image\/jpeg\" \/>\n<meta name=\"twitter:card\" content=\"summary_large_image\" \/>\n<meta name=\"twitter:label1\" content=\"Prix\" \/>\n\t<meta name=\"twitter:data1\" content=\"31.09&nbsp;&euro;\" \/>\n\t<meta name=\"twitter:label2\" content=\"Disponibilit\u00e9\" \/>\n\t<meta name=\"twitter:data2\" content=\"En stock\" \/>\n<script type=\"application\/ld+json\" class=\"yoast-schema-graph\">{\"@context\":\"https:\\\/\\\/schema.org\",\"@graph\":[{\"@type\":[\"WebPage\",\"ItemPage\"],\"@id\":\"https:\\\/\\\/ecosupplements.be\\\/fr\\\/produit\\\/male-vascular-sexual-support-30-vcaps\\\/\",\"url\":\"https:\\\/\\\/ecosupplements.be\\\/fr\\\/produit\\\/male-vascular-sexual-support-30-vcaps\\\/\",\"name\":\"Male Vascular Sexual Support - 30 vcaps - ECO Supplements\",\"isPartOf\":{\"@id\":\"https:\\\/\\\/ecosupplements.be\\\/fr\\\/#website\"},\"primaryImageOfPage\":{\"@id\":\"https:\\\/\\\/ecosupplements.be\\\/fr\\\/produit\\\/male-vascular-sexual-support-30-vcaps\\\/#primaryimage\"},\"image\":{\"@id\":\"https:\\\/\\\/ecosupplements.be\\\/fr\\\/produit\\\/male-vascular-sexual-support-30-vcaps\\\/#primaryimage\"},\"thumbnailUrl\":\"https:\\\/\\\/ecosupplements.be\\\/wp-content\\\/uploads\\\/2025\\\/08\\\/Life-Extension-Male-Vascular-Sexual-Support-30-vcaps-1.jpg\",\"datePublished\":\"2022-06-28T09:17:32+00:00\",\"dateModified\":\"2025-08-27T10:21:23+00:00\",\"description\":\"Wij hebben een ruime keuze aan producten van Male Vascular Sexual Support - 30 vcaps . Winkel bij Eco Supplements altijd gratis verzending boven 100\u20ac\",\"breadcrumb\":{\"@id\":\"https:\\\/\\\/ecosupplements.be\\\/fr\\\/produit\\\/male-vascular-sexual-support-30-vcaps\\\/#breadcrumb\"},\"inLanguage\":\"fr-FR\",\"potentialAction\":[{\"@type\":\"ReadAction\",\"target\":[\"https:\\\/\\\/ecosupplements.be\\\/fr\\\/produit\\\/male-vascular-sexual-support-30-vcaps\\\/\"]}]},{\"@type\":\"ImageObject\",\"inLanguage\":\"fr-FR\",\"@id\":\"https:\\\/\\\/ecosupplements.be\\\/fr\\\/produit\\\/male-vascular-sexual-support-30-vcaps\\\/#primaryimage\",\"url\":\"https:\\\/\\\/ecosupplements.be\\\/wp-content\\\/uploads\\\/2025\\\/08\\\/Life-Extension-Male-Vascular-Sexual-Support-30-vcaps-1.jpg\",\"contentUrl\":\"https:\\\/\\\/ecosupplements.be\\\/wp-content\\\/uploads\\\/2025\\\/08\\\/Life-Extension-Male-Vascular-Sexual-Support-30-vcaps-1.jpg\",\"width\":750,\"height\":750},{\"@type\":\"BreadcrumbList\",\"@id\":\"https:\\\/\\\/ecosupplements.be\\\/fr\\\/produit\\\/male-vascular-sexual-support-30-vcaps\\\/#breadcrumb\",\"itemListElement\":[{\"@type\":\"ListItem\",\"position\":1,\"name\":\"Home\",\"item\":\"https:\\\/\\\/ecosupplements.be\\\/fr\\\/\"},{\"@type\":\"ListItem\",\"position\":2,\"name\":\"Boutique\",\"item\":\"https:\\\/\\\/ecosupplements.be\\\/fr\\\/boutique\\\/\"},{\"@type\":\"ListItem\",\"position\":3,\"name\":\"Male Vascular Sexual Support &#8211; 30 vcaps\"}]},{\"@type\":\"WebSite\",\"@id\":\"https:\\\/\\\/ecosupplements.be\\\/fr\\\/#website\",\"url\":\"https:\\\/\\\/ecosupplements.be\\\/fr\\\/\",\"name\":\"ECO Supplements\",\"description\":\"Eco Supplements - Gezonde supplementen\",\"publisher\":{\"@id\":\"https:\\\/\\\/ecosupplements.be\\\/fr\\\/#organization\"},\"potentialAction\":[{\"@type\":\"SearchAction\",\"target\":{\"@type\":\"EntryPoint\",\"urlTemplate\":\"https:\\\/\\\/ecosupplements.be\\\/fr\\\/?s={search_term_string}\"},\"query-input\":{\"@type\":\"PropertyValueSpecification\",\"valueRequired\":true,\"valueName\":\"search_term_string\"}}],\"inLanguage\":\"fr-FR\"},{\"@type\":\"Organization\",\"@id\":\"https:\\\/\\\/ecosupplements.be\\\/fr\\\/#organization\",\"name\":\"Eco Supplements\",\"url\":\"https:\\\/\\\/ecosupplements.be\\\/fr\\\/\",\"logo\":{\"@type\":\"ImageObject\",\"inLanguage\":\"fr-FR\",\"@id\":\"https:\\\/\\\/ecosupplements.be\\\/fr\\\/#\\\/schema\\\/logo\\\/image\\\/\",\"url\":\"https:\\\/\\\/ecosupplements.be\\\/wp-content\\\/uploads\\\/2022\\\/06\\\/ecosupplement-family.png\",\"contentUrl\":\"https:\\\/\\\/ecosupplements.be\\\/wp-content\\\/uploads\\\/2022\\\/06\\\/ecosupplement-family.png\",\"width\":593,\"height\":374,\"caption\":\"Eco Supplements\"},\"image\":{\"@id\":\"https:\\\/\\\/ecosupplements.be\\\/fr\\\/#\\\/schema\\\/logo\\\/image\\\/\"}}]}<\/script>\n<meta property=\"product:brand\" content=\"Life Extension\" \/>\n<meta property=\"product:price:amount\" content=\"31.09\" \/>\n<meta property=\"product:price:currency\" content=\"EUR\" \/>\n<meta property=\"og:availability\" content=\"instock\" \/>\n<meta property=\"product:availability\" content=\"instock\" \/>\n<meta property=\"product:retailer_item_id\" content=\"737870220930\" \/>\n<meta property=\"product:condition\" content=\"new\" \/>\n<!-- \/ Yoast SEO Premium plugin. -->","yoast_head_json":{"title":"Male Vascular Sexual Support - 30 vcaps - ECO Supplements","description":"Wij hebben een ruime keuze aan producten van Male Vascular Sexual Support - 30 vcaps . Winkel bij Eco Supplements altijd gratis verzending boven 100\u20ac","robots":{"index":"index","follow":"follow","max-snippet":"max-snippet:-1","max-image-preview":"max-image-preview:large","max-video-preview":"max-video-preview:-1"},"canonical":"https:\/\/ecosupplements.be\/fr\/produit\/male-vascular-sexual-support-30-vcaps\/","og_locale":"fr_FR","og_type":"article","og_title":"Male Vascular Sexual Support - 30 vcaps","og_description":"Wij hebben een ruime keuze aan producten van Male Vascular Sexual Support - 30 vcaps . Winkel bij Eco Supplements altijd gratis verzending boven 100\u20ac","og_url":"https:\/\/ecosupplements.be\/fr\/produit\/male-vascular-sexual-support-30-vcaps\/","og_site_name":"ECO Supplements","article_modified_time":"2025-08-27T10:21:23+00:00","og_image":[{"width":750,"height":750,"url":"https:\/\/ecosupplements.be\/wp-content\/uploads\/2025\/08\/Life-Extension-Male-Vascular-Sexual-Support-30-vcaps-1.jpg","type":"image\/jpeg"}],"twitter_card":"summary_large_image","twitter_misc":{"Prix":"31.09&nbsp;&euro;","Disponibilit\u00e9":"En stock"},"schema":{"@context":"https:\/\/schema.org","@graph":[{"@type":["WebPage","ItemPage"],"@id":"https:\/\/ecosupplements.be\/fr\/produit\/male-vascular-sexual-support-30-vcaps\/","url":"https:\/\/ecosupplements.be\/fr\/produit\/male-vascular-sexual-support-30-vcaps\/","name":"Male Vascular Sexual Support - 30 vcaps - ECO Supplements","isPartOf":{"@id":"https:\/\/ecosupplements.be\/fr\/#website"},"primaryImageOfPage":{"@id":"https:\/\/ecosupplements.be\/fr\/produit\/male-vascular-sexual-support-30-vcaps\/#primaryimage"},"image":{"@id":"https:\/\/ecosupplements.be\/fr\/produit\/male-vascular-sexual-support-30-vcaps\/#primaryimage"},"thumbnailUrl":"https:\/\/ecosupplements.be\/wp-content\/uploads\/2025\/08\/Life-Extension-Male-Vascular-Sexual-Support-30-vcaps-1.jpg","datePublished":"2022-06-28T09:17:32+00:00","dateModified":"2025-08-27T10:21:23+00:00","description":"Wij hebben een ruime keuze aan producten van Male Vascular Sexual Support - 30 vcaps . Winkel bij Eco Supplements altijd gratis verzending boven 100\u20ac","breadcrumb":{"@id":"https:\/\/ecosupplements.be\/fr\/produit\/male-vascular-sexual-support-30-vcaps\/#breadcrumb"},"inLanguage":"fr-FR","potentialAction":[{"@type":"ReadAction","target":["https:\/\/ecosupplements.be\/fr\/produit\/male-vascular-sexual-support-30-vcaps\/"]}]},{"@type":"ImageObject","inLanguage":"fr-FR","@id":"https:\/\/ecosupplements.be\/fr\/produit\/male-vascular-sexual-support-30-vcaps\/#primaryimage","url":"https:\/\/ecosupplements.be\/wp-content\/uploads\/2025\/08\/Life-Extension-Male-Vascular-Sexual-Support-30-vcaps-1.jpg","contentUrl":"https:\/\/ecosupplements.be\/wp-content\/uploads\/2025\/08\/Life-Extension-Male-Vascular-Sexual-Support-30-vcaps-1.jpg","width":750,"height":750},{"@type":"BreadcrumbList","@id":"https:\/\/ecosupplements.be\/fr\/produit\/male-vascular-sexual-support-30-vcaps\/#breadcrumb","itemListElement":[{"@type":"ListItem","position":1,"name":"Home","item":"https:\/\/ecosupplements.be\/fr\/"},{"@type":"ListItem","position":2,"name":"Boutique","item":"https:\/\/ecosupplements.be\/fr\/boutique\/"},{"@type":"ListItem","position":3,"name":"Male Vascular Sexual Support &#8211; 30 vcaps"}]},{"@type":"WebSite","@id":"https:\/\/ecosupplements.be\/fr\/#website","url":"https:\/\/ecosupplements.be\/fr\/","name":"ECO Supplements","description":"Eco Supplements - Gezonde supplementen","publisher":{"@id":"https:\/\/ecosupplements.be\/fr\/#organization"},"potentialAction":[{"@type":"SearchAction","target":{"@type":"EntryPoint","urlTemplate":"https:\/\/ecosupplements.be\/fr\/?s={search_term_string}"},"query-input":{"@type":"PropertyValueSpecification","valueRequired":true,"valueName":"search_term_string"}}],"inLanguage":"fr-FR"},{"@type":"Organization","@id":"https:\/\/ecosupplements.be\/fr\/#organization","name":"Eco Supplements","url":"https:\/\/ecosupplements.be\/fr\/","logo":{"@type":"ImageObject","inLanguage":"fr-FR","@id":"https:\/\/ecosupplements.be\/fr\/#\/schema\/logo\/image\/","url":"https:\/\/ecosupplements.be\/wp-content\/uploads\/2022\/06\/ecosupplement-family.png","contentUrl":"https:\/\/ecosupplements.be\/wp-content\/uploads\/2022\/06\/ecosupplement-family.png","width":593,"height":374,"caption":"Eco Supplements"},"image":{"@id":"https:\/\/ecosupplements.be\/fr\/#\/schema\/logo\/image\/"}}]},"product_brand":"Life Extension","product_price_amount":"31.09","product_price_currency":"EUR","og_availability":"instock","product_availability":"instock","product_retailer_item_id":"737870220930","product_condition":"new"},"_links":{"self":[{"href":"https:\/\/ecosupplements.be\/fr\/wp-json\/wp\/v2\/product\/281430","targetHints":{"allow":["GET"]}}],"collection":[{"href":"https:\/\/ecosupplements.be\/fr\/wp-json\/wp\/v2\/product"}],"about":[{"href":"https:\/\/ecosupplements.be\/fr\/wp-json\/wp\/v2\/types\/product"}],"replies":[{"embeddable":true,"href":"https:\/\/ecosupplements.be\/fr\/wp-json\/wp\/v2\/comments?post=281430"}],"wp:featuredmedia":[{"embeddable":true,"href":"https:\/\/ecosupplements.be\/fr\/wp-json\/wp\/v2\/media\/247519"}],"wp:attachment":[{"href":"https:\/\/ecosupplements.be\/fr\/wp-json\/wp\/v2\/media?parent=281430"}],"wp:term":[{"taxonomy":"product_brand","embeddable":true,"href":"https:\/\/ecosupplements.be\/fr\/wp-json\/wp\/v2\/product_brand?post=281430"},{"taxonomy":"product_cat","embeddable":true,"href":"https:\/\/ecosupplements.be\/fr\/wp-json\/wp\/v2\/product_cat?post=281430"},{"taxonomy":"product_tag","embeddable":true,"href":"https:\/\/ecosupplements.be\/fr\/wp-json\/wp\/v2\/product_tag?post=281430"}],"curies":[{"name":"wp","href":"https:\/\/api.w.org\/{rel}","templated":true}]}}