{"id":281433,"date":"2022-06-28T10:17:32","date_gmt":"2022-06-28T09:17:32","guid":{"rendered":"https:\/\/ecosupplements.be\/product\/mega-gla-avec-lignanes-de-sesame-30-softgels\/"},"modified":"2025-08-27T11:21:31","modified_gmt":"2025-08-27T10:21:31","slug":"mega-gla-avec-lignanes-de-sesame-30-softgels","status":"publish","type":"product","link":"https:\/\/ecosupplements.be\/fr\/produit\/mega-gla-avec-lignanes-de-sesame-30-softgels\/","title":{"rendered":"Mega GLA avec lignanes de s\u00e9same &#8211; 30 softgels"},"content":{"rendered":"<h1 style=\"text-align: center;\">Life Extension &#8211; Mega GLA avec lignanes de s\u00e9same<\/h1>\n<p>Le corps a besoin d&#8217;acides gras pour survivre et est capable de les fabriquer tous sauf deux : l&#8217;acide linol\u00e9ique (LA), de la famille des om\u00e9ga-6, et l&#8217;acide alpha-linol\u00e9nique (ALA), de la famille des om\u00e9ga-3. Ces deux acides gras doivent \u00eatre fournis par l&#8217;alimentation et sont donc consid\u00e9r\u00e9s comme des acides gras essentiels (AGE).<br \/>\nLes acides gras om\u00e9ga-6 sont bien fournis dans l&#8217;alimentation par la viande et les huiles v\u00e9g\u00e9tales. Cependant, tous les acides gras om\u00e9ga-6 ne sont pas de valeur \u00e9gale. L&#8217;acide arachidonique (AA) a tendance \u00e0 \u00eatre mauvais pour la sant\u00e9 car il est le pr\u00e9curseur d&#8217;eicosano\u00efdes inflammatoires &#8211; comme la prostaglandine E2 (PGE2), le thromboxane A2 et le leucotri\u00e8ne B4 &#8211; qui favorisent l&#8217;inflammation. En revanche, l&#8217;acide gamma-linol\u00e9nique (AGL), pr\u00e9sent dans l&#8217;huile d&#8217;onagre, l&#8217;huile de bourrache et l&#8217;huile de cassis, est un acide gras important qui joue un r\u00f4le b\u00e9n\u00e9fique dans la formation saine de prostaglandine (PGE1) et la r\u00e9duction des m\u00e9diateurs pro-inflammatoires.<br \/>\nLes personnes soucieuses de leur sant\u00e9 ont aval\u00e9 beaucoup de suppl\u00e9ments d&#8217;huile de bourrache pour obtenir de l&#8217;AGL (acide gamma linol\u00e9nique), le parent de l&#8217;acide DGLA (acide dihomogamma linol\u00e9nique) biologiquement actif.<br \/>\nLife Extension ajoute 10 mg de lignanes de s\u00e9same \u00e0 chaque softgel d&#8217;huile de bourrache Mega GLA. Les lignanes de s\u00e9same augmentent non seulement le DGLA b\u00e9n\u00e9fique mais ils emp\u00eachent \u00e9galement la conversion du GLA en acide arachidonique, un m\u00e9diateur pro-inflammatoire. Le blocage de cette voie diminue la formation des agents pro-inflammatoires que sont la prostaglandine E2 et le leucotri\u00e8ne B4.<br \/>\nDe nombreuses \u00e9tudes documentent les multiples effets du GLA sur la sant\u00e9. L&#8217;ajout de lignanes de s\u00e9same \u00e0 ce suppl\u00e9ment permet au GLA d&#8217;agir beaucoup mieux dans l&#8217;organisme, ce qui permet \u00e0 un plus grand nombre de personnes de b\u00e9n\u00e9ficier d&#8217;un suppl\u00e9ment de GLA.<\/p>\n<p><img decoding=\"async\" src=\"https:\/\/ecosupplements.be\/wp-content\/uploads\/2025\/08\/non-gmo-1.png\" title=\"Non-OGM\" alt=\"Non-GMO\"><\/p>\n","protected":false},"excerpt":{"rendered":"<p>Life Extension &#8211; Mega GLA avec lignanes de s\u00e9same Le corps a besoin d&#8217;acides gras pour survivre et est capable de les fabriquer tous sauf deux : l&#8217;acide linol\u00e9ique (LA), de la famille des om\u00e9ga-6, et l&#8217;acide alpha-linol\u00e9nique (ALA), de la famille des om\u00e9ga-3. Ces deux acides gras doivent \u00eatre fournis par l&#8217;alimentation et sont [&#8230;]\n","protected":false},"featured_media":247534,"comment_status":"open","ping_status":"open","template":"","meta":[],"product_brand":[4723],"product_cat":[5102,5081,5082,5052,5053],"product_tag":[],"class_list":{"0":"post-281433","1":"product","2":"type-product","3":"status-publish","4":"has-post-thumbnail","6":"product_brand-life-extension-2","7":"product_cat-omega-et-huile-de-poisson","8":"product_cat-omegas-age-alc-huiles","9":"product_cat-omegas-efa-cla-huiles","10":"product_cat-sante-et-bien-etre","11":"product_cat-vitamines-et-mineraux","13":"first","14":"instock","15":"taxable","16":"shipping-taxable","17":"purchasable","18":"product-type-simple"},"yoast_head":"<!-- This site is optimized with the Yoast SEO Premium plugin v27.5 (Yoast SEO v27.5) - https:\/\/yoast.com\/product\/yoast-seo-premium-wordpress\/ -->\n<title>Mega GLA avec lignanes de s\u00e9same - 30 softgels - ECO Supplements<\/title>\n<meta name=\"description\" content=\"Wij hebben een ruime keuze aan producten van Mega GLA avec lignanes de s\u00e9same - 30 softgels . Winkel bij Eco Supplements altijd gratis verzending boven 100\u20ac\" \/>\n<meta name=\"robots\" content=\"index, follow, max-snippet:-1, max-image-preview:large, max-video-preview:-1\" \/>\n<link rel=\"canonical\" href=\"https:\/\/ecosupplements.be\/fr\/produit\/mega-gla-avec-lignanes-de-sesame-30-softgels\/\" \/>\n<meta property=\"og:locale\" content=\"fr_FR\" \/>\n<meta property=\"og:type\" content=\"article\" \/>\n<meta property=\"og:title\" content=\"Mega GLA avec lignanes de s\u00e9same - 30 softgels\" \/>\n<meta property=\"og:description\" content=\"Wij hebben een ruime keuze aan producten van Mega GLA avec lignanes de s\u00e9same - 30 softgels . Winkel bij Eco Supplements altijd gratis verzending boven 100\u20ac\" \/>\n<meta property=\"og:url\" content=\"https:\/\/ecosupplements.be\/fr\/produit\/mega-gla-avec-lignanes-de-sesame-30-softgels\/\" \/>\n<meta property=\"og:site_name\" content=\"ECO Supplements\" \/>\n<meta property=\"article:modified_time\" content=\"2025-08-27T10:21:31+00:00\" \/>\n<meta property=\"og:image\" content=\"https:\/\/ecosupplements.be\/wp-content\/uploads\/2025\/08\/Life-Extension-Mega-GLA-with-Sesame-Lignans-30-softgels-1.jpg\" \/>\n\t<meta property=\"og:image:width\" content=\"750\" \/>\n\t<meta property=\"og:image:height\" content=\"750\" \/>\n\t<meta property=\"og:image:type\" content=\"image\/jpeg\" \/>\n<meta name=\"twitter:card\" content=\"summary_large_image\" \/>\n<meta name=\"twitter:label1\" content=\"Prix\" \/>\n\t<meta name=\"twitter:data1\" content=\"28.93&nbsp;&euro;\" \/>\n\t<meta name=\"twitter:label2\" content=\"Disponibilit\u00e9\" \/>\n\t<meta name=\"twitter:data2\" content=\"En stock\" \/>\n<script type=\"application\/ld+json\" class=\"yoast-schema-graph\">{\"@context\":\"https:\\\/\\\/schema.org\",\"@graph\":[{\"@type\":[\"WebPage\",\"ItemPage\"],\"@id\":\"https:\\\/\\\/ecosupplements.be\\\/fr\\\/produit\\\/mega-gla-avec-lignanes-de-sesame-30-softgels\\\/\",\"url\":\"https:\\\/\\\/ecosupplements.be\\\/fr\\\/produit\\\/mega-gla-avec-lignanes-de-sesame-30-softgels\\\/\",\"name\":\"Mega GLA avec lignanes de s\u00e9same - 30 softgels - ECO Supplements\",\"isPartOf\":{\"@id\":\"https:\\\/\\\/ecosupplements.be\\\/fr\\\/#website\"},\"primaryImageOfPage\":{\"@id\":\"https:\\\/\\\/ecosupplements.be\\\/fr\\\/produit\\\/mega-gla-avec-lignanes-de-sesame-30-softgels\\\/#primaryimage\"},\"image\":{\"@id\":\"https:\\\/\\\/ecosupplements.be\\\/fr\\\/produit\\\/mega-gla-avec-lignanes-de-sesame-30-softgels\\\/#primaryimage\"},\"thumbnailUrl\":\"https:\\\/\\\/ecosupplements.be\\\/wp-content\\\/uploads\\\/2025\\\/08\\\/Life-Extension-Mega-GLA-with-Sesame-Lignans-30-softgels-1.jpg\",\"datePublished\":\"2022-06-28T09:17:32+00:00\",\"dateModified\":\"2025-08-27T10:21:31+00:00\",\"description\":\"Wij hebben een ruime keuze aan producten van Mega GLA avec lignanes de s\u00e9same - 30 softgels . Winkel bij Eco Supplements altijd gratis verzending boven 100\u20ac\",\"breadcrumb\":{\"@id\":\"https:\\\/\\\/ecosupplements.be\\\/fr\\\/produit\\\/mega-gla-avec-lignanes-de-sesame-30-softgels\\\/#breadcrumb\"},\"inLanguage\":\"fr-FR\",\"potentialAction\":[{\"@type\":\"ReadAction\",\"target\":[\"https:\\\/\\\/ecosupplements.be\\\/fr\\\/produit\\\/mega-gla-avec-lignanes-de-sesame-30-softgels\\\/\"]}]},{\"@type\":\"ImageObject\",\"inLanguage\":\"fr-FR\",\"@id\":\"https:\\\/\\\/ecosupplements.be\\\/fr\\\/produit\\\/mega-gla-avec-lignanes-de-sesame-30-softgels\\\/#primaryimage\",\"url\":\"https:\\\/\\\/ecosupplements.be\\\/wp-content\\\/uploads\\\/2025\\\/08\\\/Life-Extension-Mega-GLA-with-Sesame-Lignans-30-softgels-1.jpg\",\"contentUrl\":\"https:\\\/\\\/ecosupplements.be\\\/wp-content\\\/uploads\\\/2025\\\/08\\\/Life-Extension-Mega-GLA-with-Sesame-Lignans-30-softgels-1.jpg\",\"width\":750,\"height\":750},{\"@type\":\"BreadcrumbList\",\"@id\":\"https:\\\/\\\/ecosupplements.be\\\/fr\\\/produit\\\/mega-gla-avec-lignanes-de-sesame-30-softgels\\\/#breadcrumb\",\"itemListElement\":[{\"@type\":\"ListItem\",\"position\":1,\"name\":\"Home\",\"item\":\"https:\\\/\\\/ecosupplements.be\\\/fr\\\/\"},{\"@type\":\"ListItem\",\"position\":2,\"name\":\"Boutique\",\"item\":\"https:\\\/\\\/ecosupplements.be\\\/fr\\\/boutique\\\/\"},{\"@type\":\"ListItem\",\"position\":3,\"name\":\"Mega GLA avec lignanes de s\u00e9same &#8211; 30 softgels\"}]},{\"@type\":\"WebSite\",\"@id\":\"https:\\\/\\\/ecosupplements.be\\\/fr\\\/#website\",\"url\":\"https:\\\/\\\/ecosupplements.be\\\/fr\\\/\",\"name\":\"ECO Supplements\",\"description\":\"Eco Supplements - Gezonde supplementen\",\"publisher\":{\"@id\":\"https:\\\/\\\/ecosupplements.be\\\/fr\\\/#organization\"},\"potentialAction\":[{\"@type\":\"SearchAction\",\"target\":{\"@type\":\"EntryPoint\",\"urlTemplate\":\"https:\\\/\\\/ecosupplements.be\\\/fr\\\/?s={search_term_string}\"},\"query-input\":{\"@type\":\"PropertyValueSpecification\",\"valueRequired\":true,\"valueName\":\"search_term_string\"}}],\"inLanguage\":\"fr-FR\"},{\"@type\":\"Organization\",\"@id\":\"https:\\\/\\\/ecosupplements.be\\\/fr\\\/#organization\",\"name\":\"Eco Supplements\",\"url\":\"https:\\\/\\\/ecosupplements.be\\\/fr\\\/\",\"logo\":{\"@type\":\"ImageObject\",\"inLanguage\":\"fr-FR\",\"@id\":\"https:\\\/\\\/ecosupplements.be\\\/fr\\\/#\\\/schema\\\/logo\\\/image\\\/\",\"url\":\"https:\\\/\\\/ecosupplements.be\\\/wp-content\\\/uploads\\\/2022\\\/06\\\/ecosupplement-family.png\",\"contentUrl\":\"https:\\\/\\\/ecosupplements.be\\\/wp-content\\\/uploads\\\/2022\\\/06\\\/ecosupplement-family.png\",\"width\":593,\"height\":374,\"caption\":\"Eco Supplements\"},\"image\":{\"@id\":\"https:\\\/\\\/ecosupplements.be\\\/fr\\\/#\\\/schema\\\/logo\\\/image\\\/\"}}]}<\/script>\n<meta property=\"product:brand\" content=\"Life Extension\" \/>\n<meta property=\"product:price:amount\" content=\"28.93\" \/>\n<meta property=\"product:price:currency\" content=\"EUR\" \/>\n<meta property=\"og:availability\" content=\"instock\" \/>\n<meta property=\"product:availability\" content=\"instock\" \/>\n<meta property=\"product:retailer_item_id\" content=\"737870221838\" \/>\n<meta property=\"product:condition\" content=\"new\" \/>\n<!-- \/ Yoast SEO Premium plugin. -->","yoast_head_json":{"title":"Mega GLA avec lignanes de s\u00e9same - 30 softgels - ECO Supplements","description":"Wij hebben een ruime keuze aan producten van Mega GLA avec lignanes de s\u00e9same - 30 softgels . Winkel bij Eco Supplements altijd gratis verzending boven 100\u20ac","robots":{"index":"index","follow":"follow","max-snippet":"max-snippet:-1","max-image-preview":"max-image-preview:large","max-video-preview":"max-video-preview:-1"},"canonical":"https:\/\/ecosupplements.be\/fr\/produit\/mega-gla-avec-lignanes-de-sesame-30-softgels\/","og_locale":"fr_FR","og_type":"article","og_title":"Mega GLA avec lignanes de s\u00e9same - 30 softgels","og_description":"Wij hebben een ruime keuze aan producten van Mega GLA avec lignanes de s\u00e9same - 30 softgels . Winkel bij Eco Supplements altijd gratis verzending boven 100\u20ac","og_url":"https:\/\/ecosupplements.be\/fr\/produit\/mega-gla-avec-lignanes-de-sesame-30-softgels\/","og_site_name":"ECO Supplements","article_modified_time":"2025-08-27T10:21:31+00:00","og_image":[{"width":750,"height":750,"url":"https:\/\/ecosupplements.be\/wp-content\/uploads\/2025\/08\/Life-Extension-Mega-GLA-with-Sesame-Lignans-30-softgels-1.jpg","type":"image\/jpeg"}],"twitter_card":"summary_large_image","twitter_misc":{"Prix":"28.93&nbsp;&euro;","Disponibilit\u00e9":"En stock"},"schema":{"@context":"https:\/\/schema.org","@graph":[{"@type":["WebPage","ItemPage"],"@id":"https:\/\/ecosupplements.be\/fr\/produit\/mega-gla-avec-lignanes-de-sesame-30-softgels\/","url":"https:\/\/ecosupplements.be\/fr\/produit\/mega-gla-avec-lignanes-de-sesame-30-softgels\/","name":"Mega GLA avec lignanes de s\u00e9same - 30 softgels - ECO Supplements","isPartOf":{"@id":"https:\/\/ecosupplements.be\/fr\/#website"},"primaryImageOfPage":{"@id":"https:\/\/ecosupplements.be\/fr\/produit\/mega-gla-avec-lignanes-de-sesame-30-softgels\/#primaryimage"},"image":{"@id":"https:\/\/ecosupplements.be\/fr\/produit\/mega-gla-avec-lignanes-de-sesame-30-softgels\/#primaryimage"},"thumbnailUrl":"https:\/\/ecosupplements.be\/wp-content\/uploads\/2025\/08\/Life-Extension-Mega-GLA-with-Sesame-Lignans-30-softgels-1.jpg","datePublished":"2022-06-28T09:17:32+00:00","dateModified":"2025-08-27T10:21:31+00:00","description":"Wij hebben een ruime keuze aan producten van Mega GLA avec lignanes de s\u00e9same - 30 softgels . Winkel bij Eco Supplements altijd gratis verzending boven 100\u20ac","breadcrumb":{"@id":"https:\/\/ecosupplements.be\/fr\/produit\/mega-gla-avec-lignanes-de-sesame-30-softgels\/#breadcrumb"},"inLanguage":"fr-FR","potentialAction":[{"@type":"ReadAction","target":["https:\/\/ecosupplements.be\/fr\/produit\/mega-gla-avec-lignanes-de-sesame-30-softgels\/"]}]},{"@type":"ImageObject","inLanguage":"fr-FR","@id":"https:\/\/ecosupplements.be\/fr\/produit\/mega-gla-avec-lignanes-de-sesame-30-softgels\/#primaryimage","url":"https:\/\/ecosupplements.be\/wp-content\/uploads\/2025\/08\/Life-Extension-Mega-GLA-with-Sesame-Lignans-30-softgels-1.jpg","contentUrl":"https:\/\/ecosupplements.be\/wp-content\/uploads\/2025\/08\/Life-Extension-Mega-GLA-with-Sesame-Lignans-30-softgels-1.jpg","width":750,"height":750},{"@type":"BreadcrumbList","@id":"https:\/\/ecosupplements.be\/fr\/produit\/mega-gla-avec-lignanes-de-sesame-30-softgels\/#breadcrumb","itemListElement":[{"@type":"ListItem","position":1,"name":"Home","item":"https:\/\/ecosupplements.be\/fr\/"},{"@type":"ListItem","position":2,"name":"Boutique","item":"https:\/\/ecosupplements.be\/fr\/boutique\/"},{"@type":"ListItem","position":3,"name":"Mega GLA avec lignanes de s\u00e9same &#8211; 30 softgels"}]},{"@type":"WebSite","@id":"https:\/\/ecosupplements.be\/fr\/#website","url":"https:\/\/ecosupplements.be\/fr\/","name":"ECO Supplements","description":"Eco Supplements - Gezonde supplementen","publisher":{"@id":"https:\/\/ecosupplements.be\/fr\/#organization"},"potentialAction":[{"@type":"SearchAction","target":{"@type":"EntryPoint","urlTemplate":"https:\/\/ecosupplements.be\/fr\/?s={search_term_string}"},"query-input":{"@type":"PropertyValueSpecification","valueRequired":true,"valueName":"search_term_string"}}],"inLanguage":"fr-FR"},{"@type":"Organization","@id":"https:\/\/ecosupplements.be\/fr\/#organization","name":"Eco Supplements","url":"https:\/\/ecosupplements.be\/fr\/","logo":{"@type":"ImageObject","inLanguage":"fr-FR","@id":"https:\/\/ecosupplements.be\/fr\/#\/schema\/logo\/image\/","url":"https:\/\/ecosupplements.be\/wp-content\/uploads\/2022\/06\/ecosupplement-family.png","contentUrl":"https:\/\/ecosupplements.be\/wp-content\/uploads\/2022\/06\/ecosupplement-family.png","width":593,"height":374,"caption":"Eco Supplements"},"image":{"@id":"https:\/\/ecosupplements.be\/fr\/#\/schema\/logo\/image\/"}}]},"product_brand":"Life Extension","product_price_amount":"28.93","product_price_currency":"EUR","og_availability":"instock","product_availability":"instock","product_retailer_item_id":"737870221838","product_condition":"new"},"_links":{"self":[{"href":"https:\/\/ecosupplements.be\/fr\/wp-json\/wp\/v2\/product\/281433","targetHints":{"allow":["GET"]}}],"collection":[{"href":"https:\/\/ecosupplements.be\/fr\/wp-json\/wp\/v2\/product"}],"about":[{"href":"https:\/\/ecosupplements.be\/fr\/wp-json\/wp\/v2\/types\/product"}],"replies":[{"embeddable":true,"href":"https:\/\/ecosupplements.be\/fr\/wp-json\/wp\/v2\/comments?post=281433"}],"wp:featuredmedia":[{"embeddable":true,"href":"https:\/\/ecosupplements.be\/fr\/wp-json\/wp\/v2\/media\/247534"}],"wp:attachment":[{"href":"https:\/\/ecosupplements.be\/fr\/wp-json\/wp\/v2\/media?parent=281433"}],"wp:term":[{"taxonomy":"product_brand","embeddable":true,"href":"https:\/\/ecosupplements.be\/fr\/wp-json\/wp\/v2\/product_brand?post=281433"},{"taxonomy":"product_cat","embeddable":true,"href":"https:\/\/ecosupplements.be\/fr\/wp-json\/wp\/v2\/product_cat?post=281433"},{"taxonomy":"product_tag","embeddable":true,"href":"https:\/\/ecosupplements.be\/fr\/wp-json\/wp\/v2\/product_tag?post=281433"}],"curies":[{"name":"wp","href":"https:\/\/api.w.org\/{rel}","templated":true}]}}