{"id":281437,"date":"2022-06-28T10:17:32","date_gmt":"2022-06-28T09:17:32","guid":{"rendered":"https:\/\/ecosupplements.be\/product\/melatonine-6-hour-timed-release-750mcg-60-comprimes-vegetariens\/"},"modified":"2025-08-27T11:21:43","modified_gmt":"2025-08-27T10:21:43","slug":"melatonine-6-hour-timed-release-750mcg-60-comprimes-vegetariens","status":"publish","type":"product","link":"https:\/\/ecosupplements.be\/fr\/produit\/melatonine-6-hour-timed-release-750mcg-60-comprimes-vegetariens\/","title":{"rendered":"M\u00e9latonine 6 Hour Timed Release, 750mcg &#8211; 60 comprim\u00e9s v\u00e9g\u00e9tariens"},"content":{"rendered":"<h1 style=\"text-align: center;\">Life Extension &#8211; M\u00e9latonine 6 heures \u00e0 lib\u00e9ration retard\u00e9e<\/h1>\n<p>La m\u00e9latonine est connue pour aider \u00e0 s&#8217;endormir. Notre formule lib\u00e8re 300 mcg de m\u00e9latonine sur une p\u00e9riode de six heures pour vous aider \u00e0 vous endormir et \u00e0 rester endormi.<\/p>\n<p>Une suppl\u00e9mentation en m\u00e9latonine pr\u00e9sente des avantages qui vont au-del\u00e0 du sommeil. La m\u00e9latonine soutient et module une r\u00e9ponse saine du syst\u00e8me immunitaire. Elle soutient \u00e9galement l&#8217;ADN cellulaire et la sant\u00e9 des mitochondries, notamment en aidant \u00e0 inhiber les dommages oxydatifs.<\/p>\n<p>La m\u00e9latonine augmente la rapidit\u00e9 de l&#8217;endormissement et favorise la qualit\u00e9 du sommeil. De plus, elle pr\u00e9sente de grands avantages pour la sant\u00e9 de l&#8217;ensemble du corps.<\/p>\n<p>Avantages de la m\u00e9latonine \u00e0 lib\u00e9ration diff\u00e9r\u00e9e sur 6 heures<br \/>\nFavorise un sommeil optimal gr\u00e2ce \u00e0 une formule \u00e0 lib\u00e9ration de six heures<br \/>\nAide \u00e0 soutenir le rythme circadien et la fonction immunitaire<br \/>\nAide \u00e0 promouvoir la sant\u00e9 cellulaire et de l&#8217;ADN<br \/>\nAide \u00e0 inhiber le stress oxydatif et \u00e0 prot\u00e9ger les mitochondries<\/p>\n<p>Pour les insomnies occasionnelles.<\/p>\n","protected":false},"excerpt":{"rendered":"<p>Life Extension &#8211; M\u00e9latonine 6 heures \u00e0 lib\u00e9ration retard\u00e9e La m\u00e9latonine est connue pour aider \u00e0 s&#8217;endormir. Notre formule lib\u00e8re 300 mcg de m\u00e9latonine sur une p\u00e9riode de six heures pour vous aider \u00e0 vous endormir et \u00e0 rester endormi. Une suppl\u00e9mentation en m\u00e9latonine pr\u00e9sente des avantages qui vont au-del\u00e0 du sommeil. La m\u00e9latonine soutient [&#8230;]\n","protected":false},"featured_media":247556,"comment_status":"open","ping_status":"open","template":"","meta":[],"product_brand":[4723],"product_cat":[5067,5159,5119,5120,5160,5052,5053],"product_tag":[5069],"class_list":{"0":"post-281437","1":"product","2":"type-product","3":"status-publish","4":"has-post-thumbnail","6":"product_brand-life-extension-2","7":"product_cat-acides-amines-et-bcaa","8":"product_cat-aide-au-sommeil","9":"product_cat-amelioration-de-lhumeur","10":"product_cat-ameliorer-lhumeur","11":"product_cat-melatonine-aide-au-sommeil","12":"product_cat-sante-et-bien-etre","13":"product_cat-vitamines-et-mineraux","14":"product_tag-topeco-2","16":"first","17":"instock","18":"taxable","19":"shipping-taxable","20":"purchasable","21":"product-type-simple"},"yoast_head":"<!-- This site is optimized with the Yoast SEO Premium plugin v27.3 (Yoast SEO v27.3) - https:\/\/yoast.com\/product\/yoast-seo-premium-wordpress\/ -->\n<title>M\u00e9latonine 6 Hour Timed Release, 750mcg - 60 comprim\u00e9s v\u00e9g\u00e9tariens - ECO Supplements<\/title>\n<meta name=\"description\" content=\"Wij hebben een ruime keuze aan producten van M\u00e9latonine 6 Hour Timed Release, 750mcg - 60 comprim\u00e9s v\u00e9g\u00e9tariens . Winkel bij Eco Supplements altijd gratis verzending boven 100\u20ac\" \/>\n<meta name=\"robots\" content=\"index, follow, max-snippet:-1, max-image-preview:large, max-video-preview:-1\" \/>\n<link rel=\"canonical\" href=\"https:\/\/ecosupplements.be\/fr\/produit\/melatonine-6-hour-timed-release-750mcg-60-comprimes-vegetariens\/\" \/>\n<meta property=\"og:locale\" content=\"fr_FR\" \/>\n<meta property=\"og:type\" content=\"article\" \/>\n<meta property=\"og:title\" content=\"M\u00e9latonine 6 Hour Timed Release, 750mcg - 60 comprim\u00e9s v\u00e9g\u00e9tariens\" \/>\n<meta property=\"og:description\" content=\"Wij hebben een ruime keuze aan producten van M\u00e9latonine 6 Hour Timed Release, 750mcg - 60 comprim\u00e9s v\u00e9g\u00e9tariens . Winkel bij Eco Supplements altijd gratis verzending boven 100\u20ac\" \/>\n<meta property=\"og:url\" content=\"https:\/\/ecosupplements.be\/fr\/produit\/melatonine-6-hour-timed-release-750mcg-60-comprimes-vegetariens\/\" \/>\n<meta property=\"og:site_name\" content=\"ECO Supplements\" \/>\n<meta property=\"article:modified_time\" content=\"2025-08-27T10:21:43+00:00\" \/>\n<meta property=\"og:image\" content=\"https:\/\/ecosupplements.be\/wp-content\/uploads\/2025\/08\/Life-Extension-Melatonin-6-Hour-Timed-Release-750mcg-60-vegetarian-tabs.jpg\" \/>\n\t<meta property=\"og:image:width\" content=\"750\" \/>\n\t<meta property=\"og:image:height\" content=\"750\" \/>\n\t<meta property=\"og:image:type\" content=\"image\/jpeg\" \/>\n<meta name=\"twitter:card\" content=\"summary_large_image\" \/>\n<meta name=\"twitter:label1\" content=\"Prix\" \/>\n\t<meta name=\"twitter:data1\" content=\"14.05&nbsp;&euro;\" \/>\n\t<meta name=\"twitter:label2\" content=\"Disponibilit\u00e9\" \/>\n\t<meta name=\"twitter:data2\" content=\"En stock\" \/>\n<script type=\"application\/ld+json\" class=\"yoast-schema-graph\">{\"@context\":\"https:\\\/\\\/schema.org\",\"@graph\":[{\"@type\":[\"WebPage\",\"ItemPage\"],\"@id\":\"https:\\\/\\\/ecosupplements.be\\\/fr\\\/produit\\\/melatonine-6-hour-timed-release-750mcg-60-comprimes-vegetariens\\\/\",\"url\":\"https:\\\/\\\/ecosupplements.be\\\/fr\\\/produit\\\/melatonine-6-hour-timed-release-750mcg-60-comprimes-vegetariens\\\/\",\"name\":\"M\u00e9latonine 6 Hour Timed Release, 750mcg - 60 comprim\u00e9s v\u00e9g\u00e9tariens - ECO Supplements\",\"isPartOf\":{\"@id\":\"https:\\\/\\\/ecosupplements.be\\\/fr\\\/#website\"},\"primaryImageOfPage\":{\"@id\":\"https:\\\/\\\/ecosupplements.be\\\/fr\\\/produit\\\/melatonine-6-hour-timed-release-750mcg-60-comprimes-vegetariens\\\/#primaryimage\"},\"image\":{\"@id\":\"https:\\\/\\\/ecosupplements.be\\\/fr\\\/produit\\\/melatonine-6-hour-timed-release-750mcg-60-comprimes-vegetariens\\\/#primaryimage\"},\"thumbnailUrl\":\"https:\\\/\\\/ecosupplements.be\\\/wp-content\\\/uploads\\\/2025\\\/08\\\/Life-Extension-Melatonin-6-Hour-Timed-Release-750mcg-60-vegetarian-tabs-1.jpg\",\"datePublished\":\"2022-06-28T09:17:32+00:00\",\"dateModified\":\"2025-08-27T10:21:43+00:00\",\"description\":\"Wij hebben een ruime keuze aan producten van M\u00e9latonine 6 Hour Timed Release, 750mcg - 60 comprim\u00e9s v\u00e9g\u00e9tariens . Winkel bij Eco Supplements altijd gratis verzending boven 100\u20ac\",\"breadcrumb\":{\"@id\":\"https:\\\/\\\/ecosupplements.be\\\/fr\\\/produit\\\/melatonine-6-hour-timed-release-750mcg-60-comprimes-vegetariens\\\/#breadcrumb\"},\"inLanguage\":\"fr-FR\",\"potentialAction\":[{\"@type\":\"ReadAction\",\"target\":[\"https:\\\/\\\/ecosupplements.be\\\/fr\\\/produit\\\/melatonine-6-hour-timed-release-750mcg-60-comprimes-vegetariens\\\/\"]}]},{\"@type\":\"ImageObject\",\"inLanguage\":\"fr-FR\",\"@id\":\"https:\\\/\\\/ecosupplements.be\\\/fr\\\/produit\\\/melatonine-6-hour-timed-release-750mcg-60-comprimes-vegetariens\\\/#primaryimage\",\"url\":\"https:\\\/\\\/ecosupplements.be\\\/wp-content\\\/uploads\\\/2025\\\/08\\\/Life-Extension-Melatonin-6-Hour-Timed-Release-750mcg-60-vegetarian-tabs-1.jpg\",\"contentUrl\":\"https:\\\/\\\/ecosupplements.be\\\/wp-content\\\/uploads\\\/2025\\\/08\\\/Life-Extension-Melatonin-6-Hour-Timed-Release-750mcg-60-vegetarian-tabs-1.jpg\",\"width\":750,\"height\":750},{\"@type\":\"BreadcrumbList\",\"@id\":\"https:\\\/\\\/ecosupplements.be\\\/fr\\\/produit\\\/melatonine-6-hour-timed-release-750mcg-60-comprimes-vegetariens\\\/#breadcrumb\",\"itemListElement\":[{\"@type\":\"ListItem\",\"position\":1,\"name\":\"Home\",\"item\":\"https:\\\/\\\/ecosupplements.be\\\/fr\\\/\"},{\"@type\":\"ListItem\",\"position\":2,\"name\":\"Boutique\",\"item\":\"https:\\\/\\\/ecosupplements.be\\\/fr\\\/boutique\\\/\"},{\"@type\":\"ListItem\",\"position\":3,\"name\":\"M\u00e9latonine 6 Hour Timed Release, 750mcg &#8211; 60 comprim\u00e9s v\u00e9g\u00e9tariens\"}]},{\"@type\":\"WebSite\",\"@id\":\"https:\\\/\\\/ecosupplements.be\\\/fr\\\/#website\",\"url\":\"https:\\\/\\\/ecosupplements.be\\\/fr\\\/\",\"name\":\"ECO Supplements\",\"description\":\"Eco Supplements - Gezonde supplementen\",\"publisher\":{\"@id\":\"https:\\\/\\\/ecosupplements.be\\\/fr\\\/#organization\"},\"potentialAction\":[{\"@type\":\"SearchAction\",\"target\":{\"@type\":\"EntryPoint\",\"urlTemplate\":\"https:\\\/\\\/ecosupplements.be\\\/fr\\\/?s={search_term_string}\"},\"query-input\":{\"@type\":\"PropertyValueSpecification\",\"valueRequired\":true,\"valueName\":\"search_term_string\"}}],\"inLanguage\":\"fr-FR\"},{\"@type\":\"Organization\",\"@id\":\"https:\\\/\\\/ecosupplements.be\\\/fr\\\/#organization\",\"name\":\"Eco Supplements\",\"url\":\"https:\\\/\\\/ecosupplements.be\\\/fr\\\/\",\"logo\":{\"@type\":\"ImageObject\",\"inLanguage\":\"fr-FR\",\"@id\":\"https:\\\/\\\/ecosupplements.be\\\/fr\\\/#\\\/schema\\\/logo\\\/image\\\/\",\"url\":\"https:\\\/\\\/ecosupplements.be\\\/wp-content\\\/uploads\\\/2022\\\/06\\\/ecosupplement-family.png\",\"contentUrl\":\"https:\\\/\\\/ecosupplements.be\\\/wp-content\\\/uploads\\\/2022\\\/06\\\/ecosupplement-family.png\",\"width\":593,\"height\":374,\"caption\":\"Eco Supplements\"},\"image\":{\"@id\":\"https:\\\/\\\/ecosupplements.be\\\/fr\\\/#\\\/schema\\\/logo\\\/image\\\/\"}}]}<\/script>\n<meta property=\"product:brand\" content=\"Life Extension\" \/>\n<meta property=\"product:price:amount\" content=\"14.05\" \/>\n<meta property=\"product:price:currency\" content=\"EUR\" \/>\n<meta property=\"og:availability\" content=\"instock\" \/>\n<meta property=\"product:availability\" content=\"instock\" \/>\n<meta property=\"product:retailer_item_id\" content=\"737870178866\" \/>\n<meta property=\"product:condition\" content=\"new\" \/>\n<!-- \/ Yoast SEO Premium plugin. -->","yoast_head_json":{"title":"M\u00e9latonine 6 Hour Timed Release, 750mcg - 60 comprim\u00e9s v\u00e9g\u00e9tariens - ECO Supplements","description":"Wij hebben een ruime keuze aan producten van M\u00e9latonine 6 Hour Timed Release, 750mcg - 60 comprim\u00e9s v\u00e9g\u00e9tariens . Winkel bij Eco Supplements altijd gratis verzending boven 100\u20ac","robots":{"index":"index","follow":"follow","max-snippet":"max-snippet:-1","max-image-preview":"max-image-preview:large","max-video-preview":"max-video-preview:-1"},"canonical":"https:\/\/ecosupplements.be\/fr\/produit\/melatonine-6-hour-timed-release-750mcg-60-comprimes-vegetariens\/","og_locale":"fr_FR","og_type":"article","og_title":"M\u00e9latonine 6 Hour Timed Release, 750mcg - 60 comprim\u00e9s v\u00e9g\u00e9tariens","og_description":"Wij hebben een ruime keuze aan producten van M\u00e9latonine 6 Hour Timed Release, 750mcg - 60 comprim\u00e9s v\u00e9g\u00e9tariens . Winkel bij Eco Supplements altijd gratis verzending boven 100\u20ac","og_url":"https:\/\/ecosupplements.be\/fr\/produit\/melatonine-6-hour-timed-release-750mcg-60-comprimes-vegetariens\/","og_site_name":"ECO Supplements","article_modified_time":"2025-08-27T10:21:43+00:00","og_image":[{"width":750,"height":750,"url":"https:\/\/ecosupplements.be\/wp-content\/uploads\/2025\/08\/Life-Extension-Melatonin-6-Hour-Timed-Release-750mcg-60-vegetarian-tabs.jpg","type":"image\/jpeg"}],"twitter_card":"summary_large_image","twitter_misc":{"Prix":"14.05&nbsp;&euro;","Disponibilit\u00e9":"En stock"},"schema":{"@context":"https:\/\/schema.org","@graph":[{"@type":["WebPage","ItemPage"],"@id":"https:\/\/ecosupplements.be\/fr\/produit\/melatonine-6-hour-timed-release-750mcg-60-comprimes-vegetariens\/","url":"https:\/\/ecosupplements.be\/fr\/produit\/melatonine-6-hour-timed-release-750mcg-60-comprimes-vegetariens\/","name":"M\u00e9latonine 6 Hour Timed Release, 750mcg - 60 comprim\u00e9s v\u00e9g\u00e9tariens - ECO Supplements","isPartOf":{"@id":"https:\/\/ecosupplements.be\/fr\/#website"},"primaryImageOfPage":{"@id":"https:\/\/ecosupplements.be\/fr\/produit\/melatonine-6-hour-timed-release-750mcg-60-comprimes-vegetariens\/#primaryimage"},"image":{"@id":"https:\/\/ecosupplements.be\/fr\/produit\/melatonine-6-hour-timed-release-750mcg-60-comprimes-vegetariens\/#primaryimage"},"thumbnailUrl":"https:\/\/ecosupplements.be\/wp-content\/uploads\/2025\/08\/Life-Extension-Melatonin-6-Hour-Timed-Release-750mcg-60-vegetarian-tabs-1.jpg","datePublished":"2022-06-28T09:17:32+00:00","dateModified":"2025-08-27T10:21:43+00:00","description":"Wij hebben een ruime keuze aan producten van M\u00e9latonine 6 Hour Timed Release, 750mcg - 60 comprim\u00e9s v\u00e9g\u00e9tariens . Winkel bij Eco Supplements altijd gratis verzending boven 100\u20ac","breadcrumb":{"@id":"https:\/\/ecosupplements.be\/fr\/produit\/melatonine-6-hour-timed-release-750mcg-60-comprimes-vegetariens\/#breadcrumb"},"inLanguage":"fr-FR","potentialAction":[{"@type":"ReadAction","target":["https:\/\/ecosupplements.be\/fr\/produit\/melatonine-6-hour-timed-release-750mcg-60-comprimes-vegetariens\/"]}]},{"@type":"ImageObject","inLanguage":"fr-FR","@id":"https:\/\/ecosupplements.be\/fr\/produit\/melatonine-6-hour-timed-release-750mcg-60-comprimes-vegetariens\/#primaryimage","url":"https:\/\/ecosupplements.be\/wp-content\/uploads\/2025\/08\/Life-Extension-Melatonin-6-Hour-Timed-Release-750mcg-60-vegetarian-tabs-1.jpg","contentUrl":"https:\/\/ecosupplements.be\/wp-content\/uploads\/2025\/08\/Life-Extension-Melatonin-6-Hour-Timed-Release-750mcg-60-vegetarian-tabs-1.jpg","width":750,"height":750},{"@type":"BreadcrumbList","@id":"https:\/\/ecosupplements.be\/fr\/produit\/melatonine-6-hour-timed-release-750mcg-60-comprimes-vegetariens\/#breadcrumb","itemListElement":[{"@type":"ListItem","position":1,"name":"Home","item":"https:\/\/ecosupplements.be\/fr\/"},{"@type":"ListItem","position":2,"name":"Boutique","item":"https:\/\/ecosupplements.be\/fr\/boutique\/"},{"@type":"ListItem","position":3,"name":"M\u00e9latonine 6 Hour Timed Release, 750mcg &#8211; 60 comprim\u00e9s v\u00e9g\u00e9tariens"}]},{"@type":"WebSite","@id":"https:\/\/ecosupplements.be\/fr\/#website","url":"https:\/\/ecosupplements.be\/fr\/","name":"ECO Supplements","description":"Eco Supplements - Gezonde supplementen","publisher":{"@id":"https:\/\/ecosupplements.be\/fr\/#organization"},"potentialAction":[{"@type":"SearchAction","target":{"@type":"EntryPoint","urlTemplate":"https:\/\/ecosupplements.be\/fr\/?s={search_term_string}"},"query-input":{"@type":"PropertyValueSpecification","valueRequired":true,"valueName":"search_term_string"}}],"inLanguage":"fr-FR"},{"@type":"Organization","@id":"https:\/\/ecosupplements.be\/fr\/#organization","name":"Eco Supplements","url":"https:\/\/ecosupplements.be\/fr\/","logo":{"@type":"ImageObject","inLanguage":"fr-FR","@id":"https:\/\/ecosupplements.be\/fr\/#\/schema\/logo\/image\/","url":"https:\/\/ecosupplements.be\/wp-content\/uploads\/2022\/06\/ecosupplement-family.png","contentUrl":"https:\/\/ecosupplements.be\/wp-content\/uploads\/2022\/06\/ecosupplement-family.png","width":593,"height":374,"caption":"Eco Supplements"},"image":{"@id":"https:\/\/ecosupplements.be\/fr\/#\/schema\/logo\/image\/"}}]},"product_brand":"Life Extension","product_price_amount":"14.05","product_price_currency":"EUR","og_availability":"instock","product_availability":"instock","product_retailer_item_id":"737870178866","product_condition":"new"},"_links":{"self":[{"href":"https:\/\/ecosupplements.be\/fr\/wp-json\/wp\/v2\/product\/281437","targetHints":{"allow":["GET"]}}],"collection":[{"href":"https:\/\/ecosupplements.be\/fr\/wp-json\/wp\/v2\/product"}],"about":[{"href":"https:\/\/ecosupplements.be\/fr\/wp-json\/wp\/v2\/types\/product"}],"replies":[{"embeddable":true,"href":"https:\/\/ecosupplements.be\/fr\/wp-json\/wp\/v2\/comments?post=281437"}],"wp:featuredmedia":[{"embeddable":true,"href":"https:\/\/ecosupplements.be\/fr\/wp-json\/wp\/v2\/media\/247556"}],"wp:attachment":[{"href":"https:\/\/ecosupplements.be\/fr\/wp-json\/wp\/v2\/media?parent=281437"}],"wp:term":[{"taxonomy":"product_brand","embeddable":true,"href":"https:\/\/ecosupplements.be\/fr\/wp-json\/wp\/v2\/product_brand?post=281437"},{"taxonomy":"product_cat","embeddable":true,"href":"https:\/\/ecosupplements.be\/fr\/wp-json\/wp\/v2\/product_cat?post=281437"},{"taxonomy":"product_tag","embeddable":true,"href":"https:\/\/ecosupplements.be\/fr\/wp-json\/wp\/v2\/product_tag?post=281437"}],"curies":[{"name":"wp","href":"https:\/\/api.w.org\/{rel}","templated":true}]}}