{"id":281442,"date":"2022-06-28T10:17:32","date_gmt":"2022-06-28T09:17:32","guid":{"rendered":"https:\/\/ecosupplements.be\/product\/menopause-731-30-comprimes\/"},"modified":"2025-08-27T11:21:54","modified_gmt":"2025-08-27T10:21:54","slug":"menopause-731-30-comprimes","status":"publish","type":"product","link":"https:\/\/ecosupplements.be\/fr\/produit\/menopause-731-30-comprimes\/","title":{"rendered":"M\u00e9nopause 731 &#8211; 30 comprim\u00e9s"},"content":{"rendered":"<h1 style=\"text-align: center;\">Life Extension &#8211; M\u00e9nopause 731<\/h1>\n<h3 style=\"text-align: center;\">All\u00e9gement global<\/h3>\n<p>Menopause 731 utilise un extrait unique de rhubarbe de Sib\u00e9rie, \u00e9tudi\u00e9 en clinique, pour traiter 11 d\u00e9sagr\u00e9ments courants de la m\u00e9nopause : bouff\u00e9es de chaleur, sueurs nocturnes, irritabilit\u00e9, sautes d&#8217;humeur, troubles du sommeil, \u00e9puisement, inconfort articulaire et musculaire, s\u00e9cheresse vaginale, sant\u00e9 urinaire et fonction sexuelle. C&#8217;est un soulagement complet de la m\u00e9nopause dans un comprim\u00e9 pratique \u00e0 prendre une fois par jour.<\/p>\n<p>Les avantages en un coup d&#8217;\u0153il :<\/p>\n<p>Aide \u00e0 soulager 11 d\u00e9sagr\u00e9ments courants et peu courants de la m\u00e9nopause<br \/>\nActive s\u00e9lectivement le ER-\u03b2, un r\u00e9cepteur d&#8217;\u0153strog\u00e8nes sp\u00e9cifique, pour un soulagement global<br \/>\nParticuli\u00e8rement efficace pour les bouff\u00e9es de chaleur, les sueurs nocturnes et les sautes d&#8217;humeur<br \/>\nDes r\u00e9sultats extr\u00eamement positifs ont \u00e9t\u00e9 rapport\u00e9s chez plus de 400 femmes.<br \/>\nExtrait ERr 731 \u00e9tudi\u00e9 cliniquement et standardis\u00e9 pour ses compos\u00e9s actifs<\/p>\n<p>Plus de faits sur la m\u00e9nopause 731<\/p>\n<p>Menopause 731 contient un extrait de rhubarbe sib\u00e9rienne (R. rhaponticum) normalis\u00e9 pour deux compos\u00e9s uniques : la rhaponticine et la d\u00e9soxyrhaponticine. Dans les \u00e9tudes pr\u00e9cliniques, cet extrait unique a activ\u00e9 s\u00e9lectivement un r\u00e9cepteur d&#8217;\u0153strog\u00e8ne sp\u00e9cifique, ER-\u03b2, tout en laissant le r\u00e9cepteur ER-\u03b1 seul.1 Les scientifiques pensent que c&#8217;est la raison pour laquelle Menopause 731 soulage l&#8217;inconfort g\u00e9n\u00e9ralis\u00e9 de la m\u00e9nopause.<\/p>\n<p>\u00c9valu\u00e9e cliniquement chez plus de 400 femmes<\/p>\n<p>L&#8217;extrait normalis\u00e9 de notre formule Menopause 731 a \u00e9t\u00e9 \u00e9tudi\u00e9 dans le cadre d&#8217;essais cliniques randomis\u00e9s, contr\u00f4l\u00e9s par placebo, allant de 12 semaines \u00e0 deux ans. Les r\u00e9sultats ont \u00e9t\u00e9 mesur\u00e9s \u00e0 l&#8217;aide de questionnaires de recherche normalis\u00e9s con\u00e7us pour \u00e9valuer les malaises li\u00e9s \u00e0 la m\u00e9nopause ; ainsi que d&#8217;une enqu\u00eate sp\u00e9cialis\u00e9e qui \u00e9value l&#8217;humeur et la sant\u00e9 \u00e9motionnelle des patients.<\/p>\n<p>La recherche a r\u00e9v\u00e9l\u00e9 que l&#8217;extrait de R. rhaponticum produisait :<\/p>\n<p>Jusqu&#8217;\u00e0 83% de r\u00e9duction des d\u00e9sagr\u00e9ments totaux de la m\u00e9nopause<br \/>\nJusqu&#8217;\u00e0 83% de r\u00e9duction des bouff\u00e9es de chaleur<br \/>\nJusqu&#8217;\u00e0 66% de r\u00e9duction de l&#8217;irritabilit\u00e9 et des sautes d&#8217;humeur<\/p>\n<p>Bouff\u00e9es de chaleur, irritabilit\u00e9, sautes d&#8217;humeur, etc.<\/p>\n<p>Cet extrait a apport\u00e9 un soulagement significatif \u00e0 11 d\u00e9sagr\u00e9ments distincts de la m\u00e9nopause, en particulier pour les femmes souffrant de bouff\u00e9es de chaleur, de sueurs nocturnes, d&#8217;irritabilit\u00e9 et de sautes d&#8217;humeur. De fa\u00e7on remarquable, les participantes \u00e0 l&#8217;\u00e9tude ont signal\u00e9 une am\u00e9lioration de tous leurs d\u00e9sagr\u00e9ments, y compris les troubles du sommeil, l&#8217;\u00e9puisement, les d\u00e9sagr\u00e9ments articulaires et musculaires et la s\u00e9cheresse vaginale, ainsi que la sant\u00e9 urinaire et sexuelle.<\/p>\n<p>Ne vous fiez pas aux formules de suppl\u00e9ments d\u00e9su\u00e8tes qui ne traitent qu&#8217;un ou deux aspects de la m\u00e9nopause. Obtenez un soulagement complet de la m\u00e9nopause &#8211; ajoutez Menopause 731 \u00e0 votre r\u00e9gime d\u00e8s aujourd&#8217;hui !<\/p>\n","protected":false},"excerpt":{"rendered":"<p>Life Extension &#8211; M\u00e9nopause 731 All\u00e9gement global Menopause 731 utilise un extrait unique de rhubarbe de Sib\u00e9rie, \u00e9tudi\u00e9 en clinique, pour traiter 11 d\u00e9sagr\u00e9ments courants de la m\u00e9nopause : bouff\u00e9es de chaleur, sueurs nocturnes, irritabilit\u00e9, sautes d&#8217;humeur, troubles du sommeil, \u00e9puisement, inconfort articulaire et musculaire, s\u00e9cheresse vaginale, sant\u00e9 urinaire et fonction sexuelle. C&#8217;est un soulagement [&#8230;]\n","protected":false},"featured_media":247581,"comment_status":"open","ping_status":"open","template":"","meta":[],"product_brand":[4723],"product_cat":[5089,5052,5113,5053,5175],"product_tag":[5069],"class_list":{"0":"post-281442","1":"product","2":"type-product","3":"status-publish","4":"has-post-thumbnail","6":"product_brand-life-extension-2","7":"product_cat-complements-alimentaires-pour-femmes","8":"product_cat-sante-et-bien-etre","9":"product_cat-supplements-pour-les-femmes","10":"product_cat-vitamines-et-mineraux","11":"product_cat-vitamines-pour-femmes","12":"product_tag-topeco-2","14":"first","15":"instock","16":"taxable","17":"shipping-taxable","18":"purchasable","19":"product-type-simple"},"yoast_head":"<!-- This site is optimized with the Yoast SEO Premium plugin v27.3 (Yoast SEO v27.3) - https:\/\/yoast.com\/product\/yoast-seo-premium-wordpress\/ -->\n<title>M\u00e9nopause 731 - 30 comprim\u00e9s - ECO Supplements<\/title>\n<meta name=\"description\" content=\"Wij hebben een ruime keuze aan producten van M\u00e9nopause 731 - 30 comprim\u00e9s . Winkel bij Eco Supplements altijd gratis verzending boven 100\u20ac\" \/>\n<meta name=\"robots\" content=\"index, follow, max-snippet:-1, max-image-preview:large, max-video-preview:-1\" \/>\n<link rel=\"canonical\" href=\"https:\/\/ecosupplements.be\/fr\/produit\/menopause-731-30-comprimes\/\" \/>\n<meta property=\"og:locale\" content=\"fr_FR\" \/>\n<meta property=\"og:type\" content=\"article\" \/>\n<meta property=\"og:title\" content=\"M\u00e9nopause 731 - 30 comprim\u00e9s\" \/>\n<meta property=\"og:description\" content=\"Wij hebben een ruime keuze aan producten van M\u00e9nopause 731 - 30 comprim\u00e9s . Winkel bij Eco Supplements altijd gratis verzending boven 100\u20ac\" \/>\n<meta property=\"og:url\" content=\"https:\/\/ecosupplements.be\/fr\/produit\/menopause-731-30-comprimes\/\" \/>\n<meta property=\"og:site_name\" content=\"ECO Supplements\" \/>\n<meta property=\"article:modified_time\" content=\"2025-08-27T10:21:54+00:00\" \/>\n<meta property=\"og:image\" content=\"https:\/\/ecosupplements.be\/wp-content\/uploads\/2025\/08\/Life-Extension-Menopause-731-30-tablets.jpg\" \/>\n\t<meta property=\"og:image:width\" content=\"750\" \/>\n\t<meta property=\"og:image:height\" content=\"750\" \/>\n\t<meta property=\"og:image:type\" content=\"image\/jpeg\" \/>\n<meta name=\"twitter:card\" content=\"summary_large_image\" \/>\n<meta name=\"twitter:label1\" content=\"Prix\" \/>\n\t<meta name=\"twitter:data1\" content=\"32.31&nbsp;&euro;\" \/>\n\t<meta name=\"twitter:label2\" content=\"Disponibilit\u00e9\" \/>\n\t<meta name=\"twitter:data2\" content=\"En stock\" \/>\n<script type=\"application\/ld+json\" class=\"yoast-schema-graph\">{\"@context\":\"https:\\\/\\\/schema.org\",\"@graph\":[{\"@type\":[\"WebPage\",\"ItemPage\"],\"@id\":\"https:\\\/\\\/ecosupplements.be\\\/fr\\\/produit\\\/menopause-731-30-comprimes\\\/\",\"url\":\"https:\\\/\\\/ecosupplements.be\\\/fr\\\/produit\\\/menopause-731-30-comprimes\\\/\",\"name\":\"M\u00e9nopause 731 - 30 comprim\u00e9s - ECO Supplements\",\"isPartOf\":{\"@id\":\"https:\\\/\\\/ecosupplements.be\\\/fr\\\/#website\"},\"primaryImageOfPage\":{\"@id\":\"https:\\\/\\\/ecosupplements.be\\\/fr\\\/produit\\\/menopause-731-30-comprimes\\\/#primaryimage\"},\"image\":{\"@id\":\"https:\\\/\\\/ecosupplements.be\\\/fr\\\/produit\\\/menopause-731-30-comprimes\\\/#primaryimage\"},\"thumbnailUrl\":\"https:\\\/\\\/ecosupplements.be\\\/wp-content\\\/uploads\\\/2025\\\/08\\\/Life-Extension-Menopause-731-30-tablets-1.jpg\",\"datePublished\":\"2022-06-28T09:17:32+00:00\",\"dateModified\":\"2025-08-27T10:21:54+00:00\",\"description\":\"Wij hebben een ruime keuze aan producten van M\u00e9nopause 731 - 30 comprim\u00e9s . Winkel bij Eco Supplements altijd gratis verzending boven 100\u20ac\",\"breadcrumb\":{\"@id\":\"https:\\\/\\\/ecosupplements.be\\\/fr\\\/produit\\\/menopause-731-30-comprimes\\\/#breadcrumb\"},\"inLanguage\":\"fr-FR\",\"potentialAction\":[{\"@type\":\"ReadAction\",\"target\":[\"https:\\\/\\\/ecosupplements.be\\\/fr\\\/produit\\\/menopause-731-30-comprimes\\\/\"]}]},{\"@type\":\"ImageObject\",\"inLanguage\":\"fr-FR\",\"@id\":\"https:\\\/\\\/ecosupplements.be\\\/fr\\\/produit\\\/menopause-731-30-comprimes\\\/#primaryimage\",\"url\":\"https:\\\/\\\/ecosupplements.be\\\/wp-content\\\/uploads\\\/2025\\\/08\\\/Life-Extension-Menopause-731-30-tablets-1.jpg\",\"contentUrl\":\"https:\\\/\\\/ecosupplements.be\\\/wp-content\\\/uploads\\\/2025\\\/08\\\/Life-Extension-Menopause-731-30-tablets-1.jpg\",\"width\":750,\"height\":750},{\"@type\":\"BreadcrumbList\",\"@id\":\"https:\\\/\\\/ecosupplements.be\\\/fr\\\/produit\\\/menopause-731-30-comprimes\\\/#breadcrumb\",\"itemListElement\":[{\"@type\":\"ListItem\",\"position\":1,\"name\":\"Home\",\"item\":\"https:\\\/\\\/ecosupplements.be\\\/fr\\\/\"},{\"@type\":\"ListItem\",\"position\":2,\"name\":\"Boutique\",\"item\":\"https:\\\/\\\/ecosupplements.be\\\/fr\\\/boutique\\\/\"},{\"@type\":\"ListItem\",\"position\":3,\"name\":\"M\u00e9nopause 731 &#8211; 30 comprim\u00e9s\"}]},{\"@type\":\"WebSite\",\"@id\":\"https:\\\/\\\/ecosupplements.be\\\/fr\\\/#website\",\"url\":\"https:\\\/\\\/ecosupplements.be\\\/fr\\\/\",\"name\":\"ECO Supplements\",\"description\":\"Eco Supplements - Gezonde supplementen\",\"publisher\":{\"@id\":\"https:\\\/\\\/ecosupplements.be\\\/fr\\\/#organization\"},\"potentialAction\":[{\"@type\":\"SearchAction\",\"target\":{\"@type\":\"EntryPoint\",\"urlTemplate\":\"https:\\\/\\\/ecosupplements.be\\\/fr\\\/?s={search_term_string}\"},\"query-input\":{\"@type\":\"PropertyValueSpecification\",\"valueRequired\":true,\"valueName\":\"search_term_string\"}}],\"inLanguage\":\"fr-FR\"},{\"@type\":\"Organization\",\"@id\":\"https:\\\/\\\/ecosupplements.be\\\/fr\\\/#organization\",\"name\":\"Eco Supplements\",\"url\":\"https:\\\/\\\/ecosupplements.be\\\/fr\\\/\",\"logo\":{\"@type\":\"ImageObject\",\"inLanguage\":\"fr-FR\",\"@id\":\"https:\\\/\\\/ecosupplements.be\\\/fr\\\/#\\\/schema\\\/logo\\\/image\\\/\",\"url\":\"https:\\\/\\\/ecosupplements.be\\\/wp-content\\\/uploads\\\/2022\\\/06\\\/ecosupplement-family.png\",\"contentUrl\":\"https:\\\/\\\/ecosupplements.be\\\/wp-content\\\/uploads\\\/2022\\\/06\\\/ecosupplement-family.png\",\"width\":593,\"height\":374,\"caption\":\"Eco Supplements\"},\"image\":{\"@id\":\"https:\\\/\\\/ecosupplements.be\\\/fr\\\/#\\\/schema\\\/logo\\\/image\\\/\"}}]}<\/script>\n<meta property=\"product:brand\" content=\"Life Extension\" \/>\n<meta property=\"product:price:amount\" content=\"32.31\" \/>\n<meta property=\"product:price:currency\" content=\"EUR\" \/>\n<meta property=\"og:availability\" content=\"instock\" \/>\n<meta property=\"product:availability\" content=\"instock\" \/>\n<meta property=\"product:retailer_item_id\" content=\"737870220435\" \/>\n<meta property=\"product:condition\" content=\"new\" \/>\n<!-- \/ Yoast SEO Premium plugin. -->","yoast_head_json":{"title":"M\u00e9nopause 731 - 30 comprim\u00e9s - ECO Supplements","description":"Wij hebben een ruime keuze aan producten van M\u00e9nopause 731 - 30 comprim\u00e9s . Winkel bij Eco Supplements altijd gratis verzending boven 100\u20ac","robots":{"index":"index","follow":"follow","max-snippet":"max-snippet:-1","max-image-preview":"max-image-preview:large","max-video-preview":"max-video-preview:-1"},"canonical":"https:\/\/ecosupplements.be\/fr\/produit\/menopause-731-30-comprimes\/","og_locale":"fr_FR","og_type":"article","og_title":"M\u00e9nopause 731 - 30 comprim\u00e9s","og_description":"Wij hebben een ruime keuze aan producten van M\u00e9nopause 731 - 30 comprim\u00e9s . Winkel bij Eco Supplements altijd gratis verzending boven 100\u20ac","og_url":"https:\/\/ecosupplements.be\/fr\/produit\/menopause-731-30-comprimes\/","og_site_name":"ECO Supplements","article_modified_time":"2025-08-27T10:21:54+00:00","og_image":[{"width":750,"height":750,"url":"https:\/\/ecosupplements.be\/wp-content\/uploads\/2025\/08\/Life-Extension-Menopause-731-30-tablets.jpg","type":"image\/jpeg"}],"twitter_card":"summary_large_image","twitter_misc":{"Prix":"32.31&nbsp;&euro;","Disponibilit\u00e9":"En stock"},"schema":{"@context":"https:\/\/schema.org","@graph":[{"@type":["WebPage","ItemPage"],"@id":"https:\/\/ecosupplements.be\/fr\/produit\/menopause-731-30-comprimes\/","url":"https:\/\/ecosupplements.be\/fr\/produit\/menopause-731-30-comprimes\/","name":"M\u00e9nopause 731 - 30 comprim\u00e9s - ECO Supplements","isPartOf":{"@id":"https:\/\/ecosupplements.be\/fr\/#website"},"primaryImageOfPage":{"@id":"https:\/\/ecosupplements.be\/fr\/produit\/menopause-731-30-comprimes\/#primaryimage"},"image":{"@id":"https:\/\/ecosupplements.be\/fr\/produit\/menopause-731-30-comprimes\/#primaryimage"},"thumbnailUrl":"https:\/\/ecosupplements.be\/wp-content\/uploads\/2025\/08\/Life-Extension-Menopause-731-30-tablets-1.jpg","datePublished":"2022-06-28T09:17:32+00:00","dateModified":"2025-08-27T10:21:54+00:00","description":"Wij hebben een ruime keuze aan producten van M\u00e9nopause 731 - 30 comprim\u00e9s . Winkel bij Eco Supplements altijd gratis verzending boven 100\u20ac","breadcrumb":{"@id":"https:\/\/ecosupplements.be\/fr\/produit\/menopause-731-30-comprimes\/#breadcrumb"},"inLanguage":"fr-FR","potentialAction":[{"@type":"ReadAction","target":["https:\/\/ecosupplements.be\/fr\/produit\/menopause-731-30-comprimes\/"]}]},{"@type":"ImageObject","inLanguage":"fr-FR","@id":"https:\/\/ecosupplements.be\/fr\/produit\/menopause-731-30-comprimes\/#primaryimage","url":"https:\/\/ecosupplements.be\/wp-content\/uploads\/2025\/08\/Life-Extension-Menopause-731-30-tablets-1.jpg","contentUrl":"https:\/\/ecosupplements.be\/wp-content\/uploads\/2025\/08\/Life-Extension-Menopause-731-30-tablets-1.jpg","width":750,"height":750},{"@type":"BreadcrumbList","@id":"https:\/\/ecosupplements.be\/fr\/produit\/menopause-731-30-comprimes\/#breadcrumb","itemListElement":[{"@type":"ListItem","position":1,"name":"Home","item":"https:\/\/ecosupplements.be\/fr\/"},{"@type":"ListItem","position":2,"name":"Boutique","item":"https:\/\/ecosupplements.be\/fr\/boutique\/"},{"@type":"ListItem","position":3,"name":"M\u00e9nopause 731 &#8211; 30 comprim\u00e9s"}]},{"@type":"WebSite","@id":"https:\/\/ecosupplements.be\/fr\/#website","url":"https:\/\/ecosupplements.be\/fr\/","name":"ECO Supplements","description":"Eco Supplements - Gezonde supplementen","publisher":{"@id":"https:\/\/ecosupplements.be\/fr\/#organization"},"potentialAction":[{"@type":"SearchAction","target":{"@type":"EntryPoint","urlTemplate":"https:\/\/ecosupplements.be\/fr\/?s={search_term_string}"},"query-input":{"@type":"PropertyValueSpecification","valueRequired":true,"valueName":"search_term_string"}}],"inLanguage":"fr-FR"},{"@type":"Organization","@id":"https:\/\/ecosupplements.be\/fr\/#organization","name":"Eco Supplements","url":"https:\/\/ecosupplements.be\/fr\/","logo":{"@type":"ImageObject","inLanguage":"fr-FR","@id":"https:\/\/ecosupplements.be\/fr\/#\/schema\/logo\/image\/","url":"https:\/\/ecosupplements.be\/wp-content\/uploads\/2022\/06\/ecosupplement-family.png","contentUrl":"https:\/\/ecosupplements.be\/wp-content\/uploads\/2022\/06\/ecosupplement-family.png","width":593,"height":374,"caption":"Eco Supplements"},"image":{"@id":"https:\/\/ecosupplements.be\/fr\/#\/schema\/logo\/image\/"}}]},"product_brand":"Life Extension","product_price_amount":"32.31","product_price_currency":"EUR","og_availability":"instock","product_availability":"instock","product_retailer_item_id":"737870220435","product_condition":"new"},"_links":{"self":[{"href":"https:\/\/ecosupplements.be\/fr\/wp-json\/wp\/v2\/product\/281442","targetHints":{"allow":["GET"]}}],"collection":[{"href":"https:\/\/ecosupplements.be\/fr\/wp-json\/wp\/v2\/product"}],"about":[{"href":"https:\/\/ecosupplements.be\/fr\/wp-json\/wp\/v2\/types\/product"}],"replies":[{"embeddable":true,"href":"https:\/\/ecosupplements.be\/fr\/wp-json\/wp\/v2\/comments?post=281442"}],"wp:featuredmedia":[{"embeddable":true,"href":"https:\/\/ecosupplements.be\/fr\/wp-json\/wp\/v2\/media\/247581"}],"wp:attachment":[{"href":"https:\/\/ecosupplements.be\/fr\/wp-json\/wp\/v2\/media?parent=281442"}],"wp:term":[{"taxonomy":"product_brand","embeddable":true,"href":"https:\/\/ecosupplements.be\/fr\/wp-json\/wp\/v2\/product_brand?post=281442"},{"taxonomy":"product_cat","embeddable":true,"href":"https:\/\/ecosupplements.be\/fr\/wp-json\/wp\/v2\/product_cat?post=281442"},{"taxonomy":"product_tag","embeddable":true,"href":"https:\/\/ecosupplements.be\/fr\/wp-json\/wp\/v2\/product_tag?post=281442"}],"curies":[{"name":"wp","href":"https:\/\/api.w.org\/{rel}","templated":true}]}}