{"id":281444,"date":"2022-06-28T10:17:32","date_gmt":"2022-06-28T09:17:32","guid":{"rendered":"https:\/\/ecosupplements.be\/product\/migra-eeze-60-gelules\/"},"modified":"2025-08-27T11:22:00","modified_gmt":"2025-08-27T10:22:00","slug":"migra-eeze-60-gelules","status":"publish","type":"product","link":"https:\/\/ecosupplements.be\/fr\/produit\/migra-eeze-60-gelules\/","title":{"rendered":"Migra-Eeze &#8211; 60 g\u00e9lules"},"content":{"rendered":"<h1 style=\"text-align: center;\">Life Extension &#8211; Migra-Eeze<\/h1>\n<p>En Allemagne, les m\u00e9decins recommandent un extrait naturel de la plante p\u00e9tasite (Petasites hybridus) pour maintenir le confort de la cavit\u00e9 cr\u00e2nienne.1-3 Lors d&#8217;essais cliniques men\u00e9s en Allemagne et aux \u00c9tats-Unis, la p\u00e9tasite a r\u00e9duit l&#8217;incidence des inconforts de la cavit\u00e9 cr\u00e2nienne d&#8217;environ 61%.<br \/>\nLa p\u00e9tasine, principal constituant actif de la p\u00e9tasite, att\u00e9nue l&#8217;inconfort musculaire et aide \u00e0 d\u00e9tendre la constriction des vaisseaux sanguins c\u00e9r\u00e9braux. La capacit\u00e9 de la p\u00e9tasite \u00e0 d\u00e9tendre les art\u00e8res et les muscles lisses resserr\u00e9s peut aider \u00e0 contr\u00f4ler l&#8217;inconfort de la cavit\u00e9 c\u00e9phalique.<br \/>\nMigra-Eeze contient un extrait de racine de p\u00e9tasite normalis\u00e9 pour fournir 22,5 mg de p\u00e9tasines \u00e0 chaque dose quotidienne de deux g\u00e9lules. La riboflavine (vitamine B2) et le gingembre sont inclus en raison de la capacit\u00e9 de ces nutriments \u00e0 exercer des changements fonctionnels qui peuvent \u00e9galement prot\u00e9ger contre l&#8217;inconfort cr\u00e2nien.<\/p>\n<p><img decoding=\"async\" src=\"https:\/\/ecosupplements.be\/wp-content\/uploads\/2025\/08\/gluten-free-1.png\" title=\"Sans gluten\" alt=\"Gluten free\"><\/p>\n<p>Compl\u00e9ment alimentaire :<br \/>\nPortion : 2 g\u00e9lules<br \/>\nPortions par conteneur : 30<br \/>\nQuantit\u00e9 par portion :<br \/>\nRiboflavine (vitamine B2) (sous forme de riboflavine et de riboflavine 5\u2032 phosphate) 400mg 30.769%<br \/>\nExtrait CO2 de p\u00e9tasite (racine) [std. \u00e0 15% p\u00e9tasines (22,5 mg)] 150mg<br \/>\nExtrait de gingembre (racine) [titr\u00e9 en 5% ging\u00e9rols (12,5 mg)] 250mg<br \/>\nMigra-Eeze Autres ingr\u00e9dients :<br \/>\nHuile de tournesol, g\u00e9latine, sorbitol, glyc\u00e9rine, cire d&#8217;abeille, eau purifi\u00e9e, caroube, l\u00e9cithine. Contient du soja.<br \/>\nMigra-Eeze Utilisation recommand\u00e9e :<br \/>\nPrendre deux (2) capsules molles par jour en doses divis\u00e9es avec ou sans nourriture, ou selon les recommandations d&#8217;un professionnel de la sant\u00e9.<br \/>\nAvertissements :<br \/>\nTenir hors de port\u00e9e des enfants. Ne pas d\u00e9passer la dose recommand\u00e9e. Ne pas acheter si le sceau ext\u00e9rieur est bris\u00e9 ou endommag\u00e9.<br \/>\nLorsque vous utilisez des compl\u00e9ments alimentaires, veuillez consulter votre m\u00e9decin si vous suivez un traitement pour un probl\u00e8me m\u00e9dical ou si vous \u00eates enceinte ou allaitante.<\/p>\n","protected":false},"excerpt":{"rendered":"<p>Life Extension &#8211; Migra-Eeze En Allemagne, les m\u00e9decins recommandent un extrait naturel de la plante p\u00e9tasite (Petasites hybridus) pour maintenir le confort de la cavit\u00e9 cr\u00e2nienne.1-3 Lors d&#8217;essais cliniques men\u00e9s en Allemagne et aux \u00c9tats-Unis, la p\u00e9tasite a r\u00e9duit l&#8217;incidence des inconforts de la cavit\u00e9 cr\u00e2nienne d&#8217;environ 61%. La p\u00e9tasine, principal constituant actif de la [&#8230;]\n","protected":false},"featured_media":247591,"comment_status":"open","ping_status":"open","template":"","meta":[],"product_brand":[4723],"product_cat":[5078,5052],"product_tag":[5069],"class_list":{"0":"post-281444","1":"product","2":"type-product","3":"status-publish","4":"has-post-thumbnail","6":"product_brand-life-extension-2","7":"product_cat-formule-speciale","8":"product_cat-sante-et-bien-etre","9":"product_tag-topeco-2","11":"first","12":"instock","13":"sale","14":"taxable","15":"shipping-taxable","16":"purchasable","17":"product-type-simple"},"yoast_head":"<!-- This site is optimized with the Yoast SEO Premium plugin v27.3 (Yoast SEO v27.3) - https:\/\/yoast.com\/product\/yoast-seo-premium-wordpress\/ -->\n<title>Migra-Eeze - 60 g\u00e9lules - ECO Supplements<\/title>\n<meta name=\"description\" content=\"Wij hebben een ruime keuze aan producten van Migra-Eeze - 60 g\u00e9lules . Winkel bij Eco Supplements altijd gratis verzending boven 100\u20ac\" \/>\n<meta name=\"robots\" content=\"index, follow, max-snippet:-1, max-image-preview:large, max-video-preview:-1\" \/>\n<link rel=\"canonical\" href=\"https:\/\/ecosupplements.be\/fr\/produit\/migra-eeze-60-gelules\/\" \/>\n<meta property=\"og:locale\" content=\"fr_FR\" \/>\n<meta property=\"og:type\" content=\"article\" \/>\n<meta property=\"og:title\" content=\"Migra-Eeze - 60 g\u00e9lules\" \/>\n<meta property=\"og:description\" content=\"Wij hebben een ruime keuze aan producten van Migra-Eeze - 60 g\u00e9lules . Winkel bij Eco Supplements altijd gratis verzending boven 100\u20ac\" \/>\n<meta property=\"og:url\" content=\"https:\/\/ecosupplements.be\/fr\/produit\/migra-eeze-60-gelules\/\" \/>\n<meta property=\"og:site_name\" content=\"ECO Supplements\" \/>\n<meta property=\"article:modified_time\" content=\"2025-08-27T10:22:00+00:00\" \/>\n<meta property=\"og:image\" content=\"https:\/\/ecosupplements.be\/wp-content\/uploads\/2025\/08\/Life-Extension-Migra-Eeze-60-softgels-1.jpg\" \/>\n\t<meta property=\"og:image:width\" content=\"750\" \/>\n\t<meta property=\"og:image:height\" content=\"750\" \/>\n\t<meta property=\"og:image:type\" content=\"image\/jpeg\" \/>\n<meta name=\"twitter:card\" content=\"summary_large_image\" \/>\n<meta name=\"twitter:label1\" content=\"Prix\" \/>\n\t<meta name=\"twitter:data1\" content=\"43.40&nbsp;&euro;\" \/>\n\t<meta name=\"twitter:label2\" content=\"Disponibilit\u00e9\" \/>\n\t<meta name=\"twitter:data2\" content=\"En stock\" \/>\n<script type=\"application\/ld+json\" class=\"yoast-schema-graph\">{\"@context\":\"https:\\\/\\\/schema.org\",\"@graph\":[{\"@type\":[\"WebPage\",\"ItemPage\"],\"@id\":\"https:\\\/\\\/ecosupplements.be\\\/fr\\\/produit\\\/migra-eeze-60-gelules\\\/\",\"url\":\"https:\\\/\\\/ecosupplements.be\\\/fr\\\/produit\\\/migra-eeze-60-gelules\\\/\",\"name\":\"Migra-Eeze - 60 g\u00e9lules - ECO Supplements\",\"isPartOf\":{\"@id\":\"https:\\\/\\\/ecosupplements.be\\\/fr\\\/#website\"},\"primaryImageOfPage\":{\"@id\":\"https:\\\/\\\/ecosupplements.be\\\/fr\\\/produit\\\/migra-eeze-60-gelules\\\/#primaryimage\"},\"image\":{\"@id\":\"https:\\\/\\\/ecosupplements.be\\\/fr\\\/produit\\\/migra-eeze-60-gelules\\\/#primaryimage\"},\"thumbnailUrl\":\"https:\\\/\\\/ecosupplements.be\\\/wp-content\\\/uploads\\\/2025\\\/08\\\/Life-Extension-Migra-Eeze-60-softgels-1.jpg\",\"datePublished\":\"2022-06-28T09:17:32+00:00\",\"dateModified\":\"2025-08-27T10:22:00+00:00\",\"description\":\"Wij hebben een ruime keuze aan producten van Migra-Eeze - 60 g\u00e9lules . Winkel bij Eco Supplements altijd gratis verzending boven 100\u20ac\",\"breadcrumb\":{\"@id\":\"https:\\\/\\\/ecosupplements.be\\\/fr\\\/produit\\\/migra-eeze-60-gelules\\\/#breadcrumb\"},\"inLanguage\":\"fr-FR\",\"potentialAction\":[{\"@type\":\"ReadAction\",\"target\":[\"https:\\\/\\\/ecosupplements.be\\\/fr\\\/produit\\\/migra-eeze-60-gelules\\\/\"]}]},{\"@type\":\"ImageObject\",\"inLanguage\":\"fr-FR\",\"@id\":\"https:\\\/\\\/ecosupplements.be\\\/fr\\\/produit\\\/migra-eeze-60-gelules\\\/#primaryimage\",\"url\":\"https:\\\/\\\/ecosupplements.be\\\/wp-content\\\/uploads\\\/2025\\\/08\\\/Life-Extension-Migra-Eeze-60-softgels-1.jpg\",\"contentUrl\":\"https:\\\/\\\/ecosupplements.be\\\/wp-content\\\/uploads\\\/2025\\\/08\\\/Life-Extension-Migra-Eeze-60-softgels-1.jpg\",\"width\":750,\"height\":750},{\"@type\":\"BreadcrumbList\",\"@id\":\"https:\\\/\\\/ecosupplements.be\\\/fr\\\/produit\\\/migra-eeze-60-gelules\\\/#breadcrumb\",\"itemListElement\":[{\"@type\":\"ListItem\",\"position\":1,\"name\":\"Home\",\"item\":\"https:\\\/\\\/ecosupplements.be\\\/fr\\\/\"},{\"@type\":\"ListItem\",\"position\":2,\"name\":\"Boutique\",\"item\":\"https:\\\/\\\/ecosupplements.be\\\/fr\\\/boutique\\\/\"},{\"@type\":\"ListItem\",\"position\":3,\"name\":\"Migra-Eeze &#8211; 60 g\u00e9lules\"}]},{\"@type\":\"WebSite\",\"@id\":\"https:\\\/\\\/ecosupplements.be\\\/fr\\\/#website\",\"url\":\"https:\\\/\\\/ecosupplements.be\\\/fr\\\/\",\"name\":\"ECO Supplements\",\"description\":\"Eco Supplements - Gezonde supplementen\",\"publisher\":{\"@id\":\"https:\\\/\\\/ecosupplements.be\\\/fr\\\/#organization\"},\"potentialAction\":[{\"@type\":\"SearchAction\",\"target\":{\"@type\":\"EntryPoint\",\"urlTemplate\":\"https:\\\/\\\/ecosupplements.be\\\/fr\\\/?s={search_term_string}\"},\"query-input\":{\"@type\":\"PropertyValueSpecification\",\"valueRequired\":true,\"valueName\":\"search_term_string\"}}],\"inLanguage\":\"fr-FR\"},{\"@type\":\"Organization\",\"@id\":\"https:\\\/\\\/ecosupplements.be\\\/fr\\\/#organization\",\"name\":\"Eco Supplements\",\"url\":\"https:\\\/\\\/ecosupplements.be\\\/fr\\\/\",\"logo\":{\"@type\":\"ImageObject\",\"inLanguage\":\"fr-FR\",\"@id\":\"https:\\\/\\\/ecosupplements.be\\\/fr\\\/#\\\/schema\\\/logo\\\/image\\\/\",\"url\":\"https:\\\/\\\/ecosupplements.be\\\/wp-content\\\/uploads\\\/2022\\\/06\\\/ecosupplement-family.png\",\"contentUrl\":\"https:\\\/\\\/ecosupplements.be\\\/wp-content\\\/uploads\\\/2022\\\/06\\\/ecosupplement-family.png\",\"width\":593,\"height\":374,\"caption\":\"Eco Supplements\"},\"image\":{\"@id\":\"https:\\\/\\\/ecosupplements.be\\\/fr\\\/#\\\/schema\\\/logo\\\/image\\\/\"}}]}<\/script>\n<meta property=\"product:brand\" content=\"Life Extension\" \/>\n<meta property=\"product:price:amount\" content=\"43.40\" \/>\n<meta property=\"product:price:currency\" content=\"EUR\" \/>\n<meta property=\"og:availability\" content=\"instock\" \/>\n<meta property=\"product:availability\" content=\"instock\" \/>\n<meta property=\"product:retailer_item_id\" content=\"737870709060\" \/>\n<meta property=\"product:condition\" content=\"new\" \/>\n<!-- \/ Yoast SEO Premium plugin. -->","yoast_head_json":{"title":"Migra-Eeze - 60 g\u00e9lules - ECO Supplements","description":"Wij hebben een ruime keuze aan producten van Migra-Eeze - 60 g\u00e9lules . Winkel bij Eco Supplements altijd gratis verzending boven 100\u20ac","robots":{"index":"index","follow":"follow","max-snippet":"max-snippet:-1","max-image-preview":"max-image-preview:large","max-video-preview":"max-video-preview:-1"},"canonical":"https:\/\/ecosupplements.be\/fr\/produit\/migra-eeze-60-gelules\/","og_locale":"fr_FR","og_type":"article","og_title":"Migra-Eeze - 60 g\u00e9lules","og_description":"Wij hebben een ruime keuze aan producten van Migra-Eeze - 60 g\u00e9lules . Winkel bij Eco Supplements altijd gratis verzending boven 100\u20ac","og_url":"https:\/\/ecosupplements.be\/fr\/produit\/migra-eeze-60-gelules\/","og_site_name":"ECO Supplements","article_modified_time":"2025-08-27T10:22:00+00:00","og_image":[{"width":750,"height":750,"url":"https:\/\/ecosupplements.be\/wp-content\/uploads\/2025\/08\/Life-Extension-Migra-Eeze-60-softgels-1.jpg","type":"image\/jpeg"}],"twitter_card":"summary_large_image","twitter_misc":{"Prix":"43.40&nbsp;&euro;","Disponibilit\u00e9":"En stock"},"schema":{"@context":"https:\/\/schema.org","@graph":[{"@type":["WebPage","ItemPage"],"@id":"https:\/\/ecosupplements.be\/fr\/produit\/migra-eeze-60-gelules\/","url":"https:\/\/ecosupplements.be\/fr\/produit\/migra-eeze-60-gelules\/","name":"Migra-Eeze - 60 g\u00e9lules - ECO Supplements","isPartOf":{"@id":"https:\/\/ecosupplements.be\/fr\/#website"},"primaryImageOfPage":{"@id":"https:\/\/ecosupplements.be\/fr\/produit\/migra-eeze-60-gelules\/#primaryimage"},"image":{"@id":"https:\/\/ecosupplements.be\/fr\/produit\/migra-eeze-60-gelules\/#primaryimage"},"thumbnailUrl":"https:\/\/ecosupplements.be\/wp-content\/uploads\/2025\/08\/Life-Extension-Migra-Eeze-60-softgels-1.jpg","datePublished":"2022-06-28T09:17:32+00:00","dateModified":"2025-08-27T10:22:00+00:00","description":"Wij hebben een ruime keuze aan producten van Migra-Eeze - 60 g\u00e9lules . Winkel bij Eco Supplements altijd gratis verzending boven 100\u20ac","breadcrumb":{"@id":"https:\/\/ecosupplements.be\/fr\/produit\/migra-eeze-60-gelules\/#breadcrumb"},"inLanguage":"fr-FR","potentialAction":[{"@type":"ReadAction","target":["https:\/\/ecosupplements.be\/fr\/produit\/migra-eeze-60-gelules\/"]}]},{"@type":"ImageObject","inLanguage":"fr-FR","@id":"https:\/\/ecosupplements.be\/fr\/produit\/migra-eeze-60-gelules\/#primaryimage","url":"https:\/\/ecosupplements.be\/wp-content\/uploads\/2025\/08\/Life-Extension-Migra-Eeze-60-softgels-1.jpg","contentUrl":"https:\/\/ecosupplements.be\/wp-content\/uploads\/2025\/08\/Life-Extension-Migra-Eeze-60-softgels-1.jpg","width":750,"height":750},{"@type":"BreadcrumbList","@id":"https:\/\/ecosupplements.be\/fr\/produit\/migra-eeze-60-gelules\/#breadcrumb","itemListElement":[{"@type":"ListItem","position":1,"name":"Home","item":"https:\/\/ecosupplements.be\/fr\/"},{"@type":"ListItem","position":2,"name":"Boutique","item":"https:\/\/ecosupplements.be\/fr\/boutique\/"},{"@type":"ListItem","position":3,"name":"Migra-Eeze &#8211; 60 g\u00e9lules"}]},{"@type":"WebSite","@id":"https:\/\/ecosupplements.be\/fr\/#website","url":"https:\/\/ecosupplements.be\/fr\/","name":"ECO Supplements","description":"Eco Supplements - Gezonde supplementen","publisher":{"@id":"https:\/\/ecosupplements.be\/fr\/#organization"},"potentialAction":[{"@type":"SearchAction","target":{"@type":"EntryPoint","urlTemplate":"https:\/\/ecosupplements.be\/fr\/?s={search_term_string}"},"query-input":{"@type":"PropertyValueSpecification","valueRequired":true,"valueName":"search_term_string"}}],"inLanguage":"fr-FR"},{"@type":"Organization","@id":"https:\/\/ecosupplements.be\/fr\/#organization","name":"Eco Supplements","url":"https:\/\/ecosupplements.be\/fr\/","logo":{"@type":"ImageObject","inLanguage":"fr-FR","@id":"https:\/\/ecosupplements.be\/fr\/#\/schema\/logo\/image\/","url":"https:\/\/ecosupplements.be\/wp-content\/uploads\/2022\/06\/ecosupplement-family.png","contentUrl":"https:\/\/ecosupplements.be\/wp-content\/uploads\/2022\/06\/ecosupplement-family.png","width":593,"height":374,"caption":"Eco Supplements"},"image":{"@id":"https:\/\/ecosupplements.be\/fr\/#\/schema\/logo\/image\/"}}]},"product_brand":"Life Extension","product_price_amount":"43.40","product_price_currency":"EUR","og_availability":"instock","product_availability":"instock","product_retailer_item_id":"737870709060","product_condition":"new"},"_links":{"self":[{"href":"https:\/\/ecosupplements.be\/fr\/wp-json\/wp\/v2\/product\/281444","targetHints":{"allow":["GET"]}}],"collection":[{"href":"https:\/\/ecosupplements.be\/fr\/wp-json\/wp\/v2\/product"}],"about":[{"href":"https:\/\/ecosupplements.be\/fr\/wp-json\/wp\/v2\/types\/product"}],"replies":[{"embeddable":true,"href":"https:\/\/ecosupplements.be\/fr\/wp-json\/wp\/v2\/comments?post=281444"}],"wp:featuredmedia":[{"embeddable":true,"href":"https:\/\/ecosupplements.be\/fr\/wp-json\/wp\/v2\/media\/247591"}],"wp:attachment":[{"href":"https:\/\/ecosupplements.be\/fr\/wp-json\/wp\/v2\/media?parent=281444"}],"wp:term":[{"taxonomy":"product_brand","embeddable":true,"href":"https:\/\/ecosupplements.be\/fr\/wp-json\/wp\/v2\/product_brand?post=281444"},{"taxonomy":"product_cat","embeddable":true,"href":"https:\/\/ecosupplements.be\/fr\/wp-json\/wp\/v2\/product_cat?post=281444"},{"taxonomy":"product_tag","embeddable":true,"href":"https:\/\/ecosupplements.be\/fr\/wp-json\/wp\/v2\/product_tag?post=281444"}],"curies":[{"name":"wp","href":"https:\/\/api.w.org\/{rel}","templated":true}]}}