{"id":281445,"date":"2022-06-28T10:17:32","date_gmt":"2022-06-28T09:17:32","guid":{"rendered":"https:\/\/ecosupplements.be\/product\/chardon-marie-silymarine-silibinins-isosilybin-a-b-60-vcaps\/"},"modified":"2025-08-27T11:22:03","modified_gmt":"2025-08-27T10:22:03","slug":"chardon-marie-silymarine-silibinins-isosilybin-a-b-60-vcaps","status":"publish","type":"product","link":"https:\/\/ecosupplements.be\/fr\/produit\/chardon-marie-silymarine-silibinins-isosilybin-a-b-60-vcaps\/","title":{"rendered":"Chardon Marie, Silymarine-Silibinins-Isosilybin A &#038; B &#8211; 60 vcaps"},"content":{"rendered":"<h1 style=\"text-align: center;\">Life Extension &#8211; Chardon Marie<\/h1>\n<h3 style=\"text-align: center;\">Pour un foie sain<\/h3>\n<p>Le foie est un grand organe glandulaire, dont les fonctions comprennent la d\u00e9composition des globules rouges, la synth\u00e8se des prot\u00e9ines plasmatiques, la production d&#8217;hormones, la s\u00e9cr\u00e9tion de la bile et la conversion des sucres en glycog\u00e8ne, qu&#8217;il stocke. Le foie est \u00e9galement responsable de la transformation de nombreuses vitamines et nutriments en une forme utilisable par l&#8217;organisme, ainsi que de la d\u00e9toxification de diverses substances. La vie moderne implique une exposition quotidienne \u00e0 des substances toxiques pour notre organisme, ce qui impose une lourde charge au foie. Par cons\u00e9quent, un foie sain est essentiel au bien-\u00eatre. Il est important de s&#8217;assurer que le foie est maintenu \u00e0 son meilleur niveau fonctionnel pour une sant\u00e9 optimale.<\/p>\n<p>En Europe et en Asie, les toniques h\u00e9patiques \u00e0 base de plantes sont couramment utilis\u00e9s depuis des si\u00e8cles. L&#8217;efficacit\u00e9 des herbes utilis\u00e9es a \u00e9t\u00e9 valid\u00e9e au cours des derni\u00e8res d\u00e9cennies par des recherches modernes et des \u00e9tudes cliniques. Ces herbes contiennent g\u00e9n\u00e9ralement des antioxydants, des agents stabilisateurs de la membrane cellulaire, des compos\u00e9s favorisant la s\u00e9cr\u00e9tion de la bile ou des nutriments qui inhibent l&#8217;\u00e9puisement des antioxydants endog\u00e8nes comme le glutathion. L&#8217;h\u00e9patoprotection est b\u00e9n\u00e9fique non seulement pour le foie, mais aussi pour la sant\u00e9 et la vitalit\u00e9 g\u00e9n\u00e9rales de l&#8217;organisme.<\/p>\n<p>L&#8217;extrait de chardon-marie est appr\u00e9ci\u00e9 depuis longtemps pour son r\u00f4le dans le bon fonctionnement du foie, et c&#8217;est aussi un puissant antioxydant. L&#8217;extrait de chardon-marie est compos\u00e9 de silibinines et d&#8217;autres compos\u00e9s similaires. Jusqu&#8217;\u00e0 r\u00e9cemment, les scientifiques ont concentr\u00e9 leurs recherches sur les silibinines, car elles constituaient l&#8217;ingr\u00e9dient le plus abondant et le plus actif biologiquement que l&#8217;on trouve dans l&#8217;extrait de chardon-marie.7,8 Une technologie d&#8217;extraction tr\u00e8s avanc\u00e9e a maintenant permis aux scientifiques d&#8217;isoler d&#8217;autres constituants de la silymarine et de tester leur efficacit\u00e9 contre diverses lign\u00e9es cellulaires. Parmi les compos\u00e9s test\u00e9s, un constituant de la silymarine appel\u00e9 isosilybine B s&#8217;est av\u00e9r\u00e9 \u00eatre le plus efficace pour maintenir une division cellulaire saine.<\/p>\n<p>Le Chardon Marie Europ\u00e9en contient des puissances standardis\u00e9es de qualit\u00e9 sup\u00e9rieure de silymarine, de silibinines, d&#8217;isosilybine A et d&#8217;isosilybine B, fournissant le spectre complet des compos\u00e9s du chardon Marie qui soutiennent le foie et la prostate.<\/p>\n<p>L&#8217;extrait botanique contenu dans le Chardon Marie Europ\u00e9en est un extrait de chardon Marie triplement standardis\u00e9. En plus d&#8217;une standardisation optimale 80% des principaux compos\u00e9s actifs, les flavonolignanes silymarines, cette formule est encore standardis\u00e9e en trois isom\u00e8res hautement actifs &#8211; les silibinines et les isosilybines A et B.<\/p>\n<p><img decoding=\"async\" src=\"https:\/\/ecosupplements.be\/wp-content\/uploads\/2025\/08\/gluten-free-1.png\" title=\"Sans gluten\" alt=\"Gluten free\"><img decoding=\"async\" src=\"https:\/\/ecosupplements.be\/wp-content\/uploads\/2025\/08\/non-gmo-1.png\" title=\"Non-OGM\" alt=\"Non-GMO\"><\/p>\n","protected":false},"excerpt":{"rendered":"<p>Life Extension &#8211; Chardon Marie Pour un foie sain Le foie est un grand organe glandulaire, dont les fonctions comprennent la d\u00e9composition des globules rouges, la synth\u00e8se des prot\u00e9ines plasmatiques, la production d&#8217;hormones, la s\u00e9cr\u00e9tion de la bile et la conversion des sucres en glycog\u00e8ne, qu&#8217;il stocke. Le foie est \u00e9galement responsable de la transformation [&#8230;]\n","protected":false},"featured_media":247596,"comment_status":"open","ping_status":"open","template":"","meta":[],"product_brand":[4723],"product_cat":[5152,5052,5153],"product_tag":[5069],"class_list":{"0":"post-281445","1":"product","2":"type-product","3":"status-publish","4":"has-post-thumbnail","6":"product_brand-life-extension-2","7":"product_cat-chardon-marie","8":"product_cat-sante-et-bien-etre","9":"product_cat-soutien-du-foie","10":"product_tag-topeco-2","12":"first","13":"instock","14":"taxable","15":"shipping-taxable","16":"purchasable","17":"product-type-simple"},"yoast_head":"<!-- This site is optimized with the Yoast SEO Premium plugin v27.3 (Yoast SEO v27.3) - https:\/\/yoast.com\/product\/yoast-seo-premium-wordpress\/ -->\n<title>Chardon Marie, Silymarine-Silibinins-Isosilybin A &amp; B - 60 vcaps - ECO Supplements<\/title>\n<meta name=\"description\" content=\"Wij hebben een ruime keuze aan producten van Chardon Marie, Silymarine-Silibinins-Isosilybin A &amp; B - 60 vcaps . Winkel bij Eco Supplements altijd gratis verzending boven 100\u20ac\" \/>\n<meta name=\"robots\" content=\"index, follow, max-snippet:-1, max-image-preview:large, max-video-preview:-1\" \/>\n<link rel=\"canonical\" href=\"https:\/\/ecosupplements.be\/fr\/produit\/chardon-marie-silymarine-silibinins-isosilybin-a-b-60-vcaps\/\" \/>\n<meta property=\"og:locale\" content=\"fr_FR\" \/>\n<meta property=\"og:type\" content=\"article\" \/>\n<meta property=\"og:title\" content=\"Chardon Marie, Silymarine-Silibinins-Isosilybin A &amp; B - 60 vcaps\" \/>\n<meta property=\"og:description\" content=\"Wij hebben een ruime keuze aan producten van Chardon Marie, Silymarine-Silibinins-Isosilybin A &amp; B - 60 vcaps . Winkel bij Eco Supplements altijd gratis verzending boven 100\u20ac\" \/>\n<meta property=\"og:url\" content=\"https:\/\/ecosupplements.be\/fr\/produit\/chardon-marie-silymarine-silibinins-isosilybin-a-b-60-vcaps\/\" \/>\n<meta property=\"og:site_name\" content=\"ECO Supplements\" \/>\n<meta property=\"article:modified_time\" content=\"2025-08-27T10:22:03+00:00\" \/>\n<meta property=\"og:image\" content=\"https:\/\/ecosupplements.be\/wp-content\/uploads\/2025\/08\/Life-Extension-European-Milk-Thistle-Silymarin-Silibinins-Isosilybin-A-B-60-vcaps-1.jpg\" \/>\n\t<meta property=\"og:image:width\" content=\"750\" \/>\n\t<meta property=\"og:image:height\" content=\"750\" \/>\n\t<meta property=\"og:image:type\" content=\"image\/jpeg\" \/>\n<meta name=\"twitter:card\" content=\"summary_large_image\" \/>\n<meta name=\"twitter:label1\" content=\"Prix\" \/>\n\t<meta name=\"twitter:data1\" content=\"52.84&nbsp;&euro;\" \/>\n\t<meta name=\"twitter:label2\" content=\"Disponibilit\u00e9\" \/>\n\t<meta name=\"twitter:data2\" content=\"En stock\" \/>\n<script type=\"application\/ld+json\" class=\"yoast-schema-graph\">{\"@context\":\"https:\\\/\\\/schema.org\",\"@graph\":[{\"@type\":[\"WebPage\",\"ItemPage\"],\"@id\":\"https:\\\/\\\/ecosupplements.be\\\/fr\\\/produit\\\/chardon-marie-silymarine-silibinins-isosilybin-a-b-60-vcaps\\\/\",\"url\":\"https:\\\/\\\/ecosupplements.be\\\/fr\\\/produit\\\/chardon-marie-silymarine-silibinins-isosilybin-a-b-60-vcaps\\\/\",\"name\":\"Chardon Marie, Silymarine-Silibinins-Isosilybin A & B - 60 vcaps - ECO Supplements\",\"isPartOf\":{\"@id\":\"https:\\\/\\\/ecosupplements.be\\\/fr\\\/#website\"},\"primaryImageOfPage\":{\"@id\":\"https:\\\/\\\/ecosupplements.be\\\/fr\\\/produit\\\/chardon-marie-silymarine-silibinins-isosilybin-a-b-60-vcaps\\\/#primaryimage\"},\"image\":{\"@id\":\"https:\\\/\\\/ecosupplements.be\\\/fr\\\/produit\\\/chardon-marie-silymarine-silibinins-isosilybin-a-b-60-vcaps\\\/#primaryimage\"},\"thumbnailUrl\":\"https:\\\/\\\/ecosupplements.be\\\/wp-content\\\/uploads\\\/2025\\\/08\\\/Life-Extension-European-Milk-Thistle-Silymarin-Silibinins-Isosilybin-A-B-60-vcaps-1.jpg\",\"datePublished\":\"2022-06-28T09:17:32+00:00\",\"dateModified\":\"2025-08-27T10:22:03+00:00\",\"description\":\"Wij hebben een ruime keuze aan producten van Chardon Marie, Silymarine-Silibinins-Isosilybin A & B - 60 vcaps . Winkel bij Eco Supplements altijd gratis verzending boven 100\u20ac\",\"breadcrumb\":{\"@id\":\"https:\\\/\\\/ecosupplements.be\\\/fr\\\/produit\\\/chardon-marie-silymarine-silibinins-isosilybin-a-b-60-vcaps\\\/#breadcrumb\"},\"inLanguage\":\"fr-FR\",\"potentialAction\":[{\"@type\":\"ReadAction\",\"target\":[\"https:\\\/\\\/ecosupplements.be\\\/fr\\\/produit\\\/chardon-marie-silymarine-silibinins-isosilybin-a-b-60-vcaps\\\/\"]}]},{\"@type\":\"ImageObject\",\"inLanguage\":\"fr-FR\",\"@id\":\"https:\\\/\\\/ecosupplements.be\\\/fr\\\/produit\\\/chardon-marie-silymarine-silibinins-isosilybin-a-b-60-vcaps\\\/#primaryimage\",\"url\":\"https:\\\/\\\/ecosupplements.be\\\/wp-content\\\/uploads\\\/2025\\\/08\\\/Life-Extension-European-Milk-Thistle-Silymarin-Silibinins-Isosilybin-A-B-60-vcaps-1.jpg\",\"contentUrl\":\"https:\\\/\\\/ecosupplements.be\\\/wp-content\\\/uploads\\\/2025\\\/08\\\/Life-Extension-European-Milk-Thistle-Silymarin-Silibinins-Isosilybin-A-B-60-vcaps-1.jpg\",\"width\":750,\"height\":750},{\"@type\":\"BreadcrumbList\",\"@id\":\"https:\\\/\\\/ecosupplements.be\\\/fr\\\/produit\\\/chardon-marie-silymarine-silibinins-isosilybin-a-b-60-vcaps\\\/#breadcrumb\",\"itemListElement\":[{\"@type\":\"ListItem\",\"position\":1,\"name\":\"Home\",\"item\":\"https:\\\/\\\/ecosupplements.be\\\/fr\\\/\"},{\"@type\":\"ListItem\",\"position\":2,\"name\":\"Boutique\",\"item\":\"https:\\\/\\\/ecosupplements.be\\\/fr\\\/boutique\\\/\"},{\"@type\":\"ListItem\",\"position\":3,\"name\":\"Chardon Marie, Silymarine-Silibinins-Isosilybin A &#038; B &#8211; 60 vcaps\"}]},{\"@type\":\"WebSite\",\"@id\":\"https:\\\/\\\/ecosupplements.be\\\/fr\\\/#website\",\"url\":\"https:\\\/\\\/ecosupplements.be\\\/fr\\\/\",\"name\":\"ECO Supplements\",\"description\":\"Eco Supplements - Gezonde supplementen\",\"publisher\":{\"@id\":\"https:\\\/\\\/ecosupplements.be\\\/fr\\\/#organization\"},\"potentialAction\":[{\"@type\":\"SearchAction\",\"target\":{\"@type\":\"EntryPoint\",\"urlTemplate\":\"https:\\\/\\\/ecosupplements.be\\\/fr\\\/?s={search_term_string}\"},\"query-input\":{\"@type\":\"PropertyValueSpecification\",\"valueRequired\":true,\"valueName\":\"search_term_string\"}}],\"inLanguage\":\"fr-FR\"},{\"@type\":\"Organization\",\"@id\":\"https:\\\/\\\/ecosupplements.be\\\/fr\\\/#organization\",\"name\":\"Eco Supplements\",\"url\":\"https:\\\/\\\/ecosupplements.be\\\/fr\\\/\",\"logo\":{\"@type\":\"ImageObject\",\"inLanguage\":\"fr-FR\",\"@id\":\"https:\\\/\\\/ecosupplements.be\\\/fr\\\/#\\\/schema\\\/logo\\\/image\\\/\",\"url\":\"https:\\\/\\\/ecosupplements.be\\\/wp-content\\\/uploads\\\/2022\\\/06\\\/ecosupplement-family.png\",\"contentUrl\":\"https:\\\/\\\/ecosupplements.be\\\/wp-content\\\/uploads\\\/2022\\\/06\\\/ecosupplement-family.png\",\"width\":593,\"height\":374,\"caption\":\"Eco Supplements\"},\"image\":{\"@id\":\"https:\\\/\\\/ecosupplements.be\\\/fr\\\/#\\\/schema\\\/logo\\\/image\\\/\"}}]}<\/script>\n<meta property=\"product:brand\" content=\"Life Extension\" \/>\n<meta property=\"product:price:amount\" content=\"52.84\" \/>\n<meta property=\"product:price:currency\" content=\"EUR\" \/>\n<meta property=\"og:availability\" content=\"instock\" \/>\n<meta property=\"product:availability\" content=\"instock\" \/>\n<meta property=\"product:retailer_item_id\" content=\"737870152262\" \/>\n<meta property=\"product:condition\" content=\"new\" \/>\n<!-- \/ Yoast SEO Premium plugin. -->","yoast_head_json":{"title":"Chardon Marie, Silymarine-Silibinins-Isosilybin A & B - 60 vcaps - ECO Supplements","description":"Wij hebben een ruime keuze aan producten van Chardon Marie, Silymarine-Silibinins-Isosilybin A & B - 60 vcaps . Winkel bij Eco Supplements altijd gratis verzending boven 100\u20ac","robots":{"index":"index","follow":"follow","max-snippet":"max-snippet:-1","max-image-preview":"max-image-preview:large","max-video-preview":"max-video-preview:-1"},"canonical":"https:\/\/ecosupplements.be\/fr\/produit\/chardon-marie-silymarine-silibinins-isosilybin-a-b-60-vcaps\/","og_locale":"fr_FR","og_type":"article","og_title":"Chardon Marie, Silymarine-Silibinins-Isosilybin A & B - 60 vcaps","og_description":"Wij hebben een ruime keuze aan producten van Chardon Marie, Silymarine-Silibinins-Isosilybin A & B - 60 vcaps . Winkel bij Eco Supplements altijd gratis verzending boven 100\u20ac","og_url":"https:\/\/ecosupplements.be\/fr\/produit\/chardon-marie-silymarine-silibinins-isosilybin-a-b-60-vcaps\/","og_site_name":"ECO Supplements","article_modified_time":"2025-08-27T10:22:03+00:00","og_image":[{"width":750,"height":750,"url":"https:\/\/ecosupplements.be\/wp-content\/uploads\/2025\/08\/Life-Extension-European-Milk-Thistle-Silymarin-Silibinins-Isosilybin-A-B-60-vcaps-1.jpg","type":"image\/jpeg"}],"twitter_card":"summary_large_image","twitter_misc":{"Prix":"52.84&nbsp;&euro;","Disponibilit\u00e9":"En stock"},"schema":{"@context":"https:\/\/schema.org","@graph":[{"@type":["WebPage","ItemPage"],"@id":"https:\/\/ecosupplements.be\/fr\/produit\/chardon-marie-silymarine-silibinins-isosilybin-a-b-60-vcaps\/","url":"https:\/\/ecosupplements.be\/fr\/produit\/chardon-marie-silymarine-silibinins-isosilybin-a-b-60-vcaps\/","name":"Chardon Marie, Silymarine-Silibinins-Isosilybin A & B - 60 vcaps - ECO Supplements","isPartOf":{"@id":"https:\/\/ecosupplements.be\/fr\/#website"},"primaryImageOfPage":{"@id":"https:\/\/ecosupplements.be\/fr\/produit\/chardon-marie-silymarine-silibinins-isosilybin-a-b-60-vcaps\/#primaryimage"},"image":{"@id":"https:\/\/ecosupplements.be\/fr\/produit\/chardon-marie-silymarine-silibinins-isosilybin-a-b-60-vcaps\/#primaryimage"},"thumbnailUrl":"https:\/\/ecosupplements.be\/wp-content\/uploads\/2025\/08\/Life-Extension-European-Milk-Thistle-Silymarin-Silibinins-Isosilybin-A-B-60-vcaps-1.jpg","datePublished":"2022-06-28T09:17:32+00:00","dateModified":"2025-08-27T10:22:03+00:00","description":"Wij hebben een ruime keuze aan producten van Chardon Marie, Silymarine-Silibinins-Isosilybin A & B - 60 vcaps . Winkel bij Eco Supplements altijd gratis verzending boven 100\u20ac","breadcrumb":{"@id":"https:\/\/ecosupplements.be\/fr\/produit\/chardon-marie-silymarine-silibinins-isosilybin-a-b-60-vcaps\/#breadcrumb"},"inLanguage":"fr-FR","potentialAction":[{"@type":"ReadAction","target":["https:\/\/ecosupplements.be\/fr\/produit\/chardon-marie-silymarine-silibinins-isosilybin-a-b-60-vcaps\/"]}]},{"@type":"ImageObject","inLanguage":"fr-FR","@id":"https:\/\/ecosupplements.be\/fr\/produit\/chardon-marie-silymarine-silibinins-isosilybin-a-b-60-vcaps\/#primaryimage","url":"https:\/\/ecosupplements.be\/wp-content\/uploads\/2025\/08\/Life-Extension-European-Milk-Thistle-Silymarin-Silibinins-Isosilybin-A-B-60-vcaps-1.jpg","contentUrl":"https:\/\/ecosupplements.be\/wp-content\/uploads\/2025\/08\/Life-Extension-European-Milk-Thistle-Silymarin-Silibinins-Isosilybin-A-B-60-vcaps-1.jpg","width":750,"height":750},{"@type":"BreadcrumbList","@id":"https:\/\/ecosupplements.be\/fr\/produit\/chardon-marie-silymarine-silibinins-isosilybin-a-b-60-vcaps\/#breadcrumb","itemListElement":[{"@type":"ListItem","position":1,"name":"Home","item":"https:\/\/ecosupplements.be\/fr\/"},{"@type":"ListItem","position":2,"name":"Boutique","item":"https:\/\/ecosupplements.be\/fr\/boutique\/"},{"@type":"ListItem","position":3,"name":"Chardon Marie, Silymarine-Silibinins-Isosilybin A &#038; B &#8211; 60 vcaps"}]},{"@type":"WebSite","@id":"https:\/\/ecosupplements.be\/fr\/#website","url":"https:\/\/ecosupplements.be\/fr\/","name":"ECO Supplements","description":"Eco Supplements - Gezonde supplementen","publisher":{"@id":"https:\/\/ecosupplements.be\/fr\/#organization"},"potentialAction":[{"@type":"SearchAction","target":{"@type":"EntryPoint","urlTemplate":"https:\/\/ecosupplements.be\/fr\/?s={search_term_string}"},"query-input":{"@type":"PropertyValueSpecification","valueRequired":true,"valueName":"search_term_string"}}],"inLanguage":"fr-FR"},{"@type":"Organization","@id":"https:\/\/ecosupplements.be\/fr\/#organization","name":"Eco Supplements","url":"https:\/\/ecosupplements.be\/fr\/","logo":{"@type":"ImageObject","inLanguage":"fr-FR","@id":"https:\/\/ecosupplements.be\/fr\/#\/schema\/logo\/image\/","url":"https:\/\/ecosupplements.be\/wp-content\/uploads\/2022\/06\/ecosupplement-family.png","contentUrl":"https:\/\/ecosupplements.be\/wp-content\/uploads\/2022\/06\/ecosupplement-family.png","width":593,"height":374,"caption":"Eco Supplements"},"image":{"@id":"https:\/\/ecosupplements.be\/fr\/#\/schema\/logo\/image\/"}}]},"product_brand":"Life Extension","product_price_amount":"52.84","product_price_currency":"EUR","og_availability":"instock","product_availability":"instock","product_retailer_item_id":"737870152262","product_condition":"new"},"_links":{"self":[{"href":"https:\/\/ecosupplements.be\/fr\/wp-json\/wp\/v2\/product\/281445","targetHints":{"allow":["GET"]}}],"collection":[{"href":"https:\/\/ecosupplements.be\/fr\/wp-json\/wp\/v2\/product"}],"about":[{"href":"https:\/\/ecosupplements.be\/fr\/wp-json\/wp\/v2\/types\/product"}],"replies":[{"embeddable":true,"href":"https:\/\/ecosupplements.be\/fr\/wp-json\/wp\/v2\/comments?post=281445"}],"wp:featuredmedia":[{"embeddable":true,"href":"https:\/\/ecosupplements.be\/fr\/wp-json\/wp\/v2\/media\/247596"}],"wp:attachment":[{"href":"https:\/\/ecosupplements.be\/fr\/wp-json\/wp\/v2\/media?parent=281445"}],"wp:term":[{"taxonomy":"product_brand","embeddable":true,"href":"https:\/\/ecosupplements.be\/fr\/wp-json\/wp\/v2\/product_brand?post=281445"},{"taxonomy":"product_cat","embeddable":true,"href":"https:\/\/ecosupplements.be\/fr\/wp-json\/wp\/v2\/product_cat?post=281445"},{"taxonomy":"product_tag","embeddable":true,"href":"https:\/\/ecosupplements.be\/fr\/wp-json\/wp\/v2\/product_tag?post=281445"}],"curies":[{"name":"wp","href":"https:\/\/api.w.org\/{rel}","templated":true}]}}