{"id":281449,"date":"2022-06-28T10:17:40","date_gmt":"2022-06-28T09:17:40","guid":{"rendered":"https:\/\/ecosupplements.be\/product\/n-acetyl-l-cysteine-600mg-60-caps\/"},"modified":"2025-08-27T11:22:17","modified_gmt":"2025-08-27T10:22:17","slug":"n-acetyl-l-cysteine-600mg-60-caps","status":"publish","type":"product","link":"https:\/\/ecosupplements.be\/fr\/produit\/n-acetyl-l-cysteine-600mg-60-caps\/","title":{"rendered":"N-Ac\u00e9tyl-L-Cyst\u00e9ine, 600mg &#8211; 60 caps"},"content":{"rendered":"<h1 style=\"text-align: center;\">Life Extension &#8211; N-Ac\u00e9tyl-L-Cyst\u00e9ine<\/h1>\n<p>La N-ac\u00e9tyl-L-cyst\u00e9ine est un nutriment hautement biodisponible qui favorise la sant\u00e9 des bronches et des voies respiratoires. La N-ac\u00e9tyl-L-cyst\u00e9ine favorise des niveaux sains de glutathion au niveau cellulaire. Le glutathion est un puissant antioxydant qui aide \u00e0 prot\u00e9ger les neurones contre le stress oxydatif et les insultes des compos\u00e9s \u00e9trangers. La N-ac\u00e9tyl-L-cyst\u00e9ine offre \u00e9galement un soutien puissant aux fonctions h\u00e9patiques et immunitaires.<br \/>\nLes avantages en un coup d&#8217;\u0153il<br \/>\nFavorise des niveaux de glutathion cellulaires sains<br \/>\nFournit un soutien antioxydant puissant<br \/>\nSoutient la sant\u00e9 du syst\u00e8me immunitaire<br \/>\nencourage la sant\u00e9 et la fonction du foie<br \/>\nFavorise la sant\u00e9 des bronches et des voies respiratoires<br \/>\nGlutathion &#8211; d\u00e9fense contre les oxydants au niveau cellulaire<br \/>\nLa N-ac\u00e9tyl-L-cyst\u00e9ine est un nutriment facilement absorbable qui pr\u00e9sente de puissants avantages pour la sant\u00e9 de tout le corps. La N-ac\u00e9tyl-L-cyst\u00e9ine est \u00e9galement le pr\u00e9curseur chimique du glutathion. Le glutathion est un puissant antioxydant qui prot\u00e8ge les cellules des dommages caus\u00e9s par les radicaux libres. Il se d\u00e9fend \u00e9galement contre les insultes des compos\u00e9s \u00e9trangers au niveau cellulaire et prot\u00e8ge les neurones vuln\u00e9rables du stress oxydatif.<br \/>\nSoutien du foie, sant\u00e9 immunitaire, et plus encore<br \/>\nEn raison de son taux d&#8217;absorption rapide, la N-ac\u00e9tyl-L-cyst\u00e9ine est un puissant nutriment \u00e0 part enti\u00e8re. Ce compos\u00e9 favorise une fonction respiratoire saine ainsi que la sant\u00e9 des bronches. La N-ac\u00e9tyl-L-cyst\u00e9ine encourage une fonction h\u00e9patique saine et favorise \u00e9galement la sant\u00e9 du syst\u00e8me immunitaire. Et plus de 30 \u00e9tudes contr\u00f4l\u00e9es par placebo sur le glutathion cellulaire ont montr\u00e9 que la N-ac\u00e9tyl-L-cyst\u00e9ine peut affecter favorablement la production d&#8217;\u00e9nergie, le bien-\u00eatre et la qualit\u00e9 de vie.<br \/>\nChaque capsule de notre formule de N-Ac\u00e9tyl-L-Cyst\u00e9ine contient 600 mg de ce puissant nutriment. Soutenez donc la sant\u00e9 immunitaire, la fonction h\u00e9patique et prot\u00e9gez-vous des dommages caus\u00e9s par les radicaux libres oxydatifs au niveau cellulaire. Ajoutez d\u00e8s aujourd&#8217;hui la N-Ac\u00e9tyl-L-Cyst\u00e9ine \u00e0 votre r\u00e9gime de compl\u00e9ments alimentaires.<\/p>\n<p><img decoding=\"async\" src=\"https:\/\/ecosupplements.be\/wp-content\/uploads\/2025\/08\/non-gmo-1.png\" title=\"Non-OGM\" alt=\"Non-GMO\"><\/p>\n","protected":false},"excerpt":{"rendered":"<p>Life Extension &#8211; N-Ac\u00e9tyl-L-Cyst\u00e9ine La N-ac\u00e9tyl-L-cyst\u00e9ine est un nutriment hautement biodisponible qui favorise la sant\u00e9 des bronches et des voies respiratoires. La N-ac\u00e9tyl-L-cyst\u00e9ine favorise des niveaux sains de glutathion au niveau cellulaire. Le glutathion est un puissant antioxydant qui aide \u00e0 prot\u00e9ger les neurones contre le stress oxydatif et les insultes des compos\u00e9s \u00e9trangers. La [&#8230;]\n","protected":false},"featured_media":247616,"comment_status":"open","ping_status":"open","template":"","meta":[],"product_brand":[4723],"product_cat":[5067,5111,5112,5048,5053],"product_tag":[],"class_list":{"0":"post-281449","1":"product","2":"type-product","3":"status-publish","4":"has-post-thumbnail","6":"product_brand-life-extension-2","7":"product_cat-acides-amines-et-bcaa","8":"product_cat-acides-amines-et-bcaas","9":"product_cat-acides-amines-individuels","10":"product_cat-aptitude","11":"product_cat-vitamines-et-mineraux","13":"first","14":"instock","15":"taxable","16":"shipping-taxable","17":"purchasable","18":"product-type-simple"},"yoast_head":"<!-- This site is optimized with the Yoast SEO Premium plugin v27.3 (Yoast SEO v27.3) - https:\/\/yoast.com\/product\/yoast-seo-premium-wordpress\/ -->\n<title>N-Ac\u00e9tyl-L-Cyst\u00e9ine, 600mg - 60 caps - ECO Supplements<\/title>\n<meta name=\"description\" content=\"Wij hebben een ruime keuze aan producten van N-Ac\u00e9tyl-L-Cyst\u00e9ine, 600mg - 60 caps . Winkel bij Eco Supplements altijd gratis verzending boven 100\u20ac\" \/>\n<meta name=\"robots\" content=\"index, follow, max-snippet:-1, max-image-preview:large, max-video-preview:-1\" \/>\n<link rel=\"canonical\" href=\"https:\/\/ecosupplements.be\/fr\/produit\/n-acetyl-l-cysteine-600mg-60-caps\/\" \/>\n<meta property=\"og:locale\" content=\"fr_FR\" \/>\n<meta property=\"og:type\" content=\"article\" \/>\n<meta property=\"og:title\" content=\"N-Ac\u00e9tyl-L-Cyst\u00e9ine, 600mg - 60 caps\" \/>\n<meta property=\"og:description\" content=\"Wij hebben een ruime keuze aan producten van N-Ac\u00e9tyl-L-Cyst\u00e9ine, 600mg - 60 caps . Winkel bij Eco Supplements altijd gratis verzending boven 100\u20ac\" \/>\n<meta property=\"og:url\" content=\"https:\/\/ecosupplements.be\/fr\/produit\/n-acetyl-l-cysteine-600mg-60-caps\/\" \/>\n<meta property=\"og:site_name\" content=\"ECO Supplements\" \/>\n<meta property=\"article:modified_time\" content=\"2025-08-27T10:22:17+00:00\" \/>\n<meta property=\"og:image\" content=\"https:\/\/ecosupplements.be\/wp-content\/uploads\/2025\/08\/Life-Extension-N-Acetyl-L-Cysteine-60-vcaps-1.jpg\" \/>\n\t<meta property=\"og:image:width\" content=\"750\" \/>\n\t<meta property=\"og:image:height\" content=\"750\" \/>\n\t<meta property=\"og:image:type\" content=\"image\/jpeg\" \/>\n<meta name=\"twitter:card\" content=\"summary_large_image\" \/>\n<meta name=\"twitter:label1\" content=\"Prix\" \/>\n\t<meta name=\"twitter:data1\" content=\"17.69&nbsp;&euro;\" \/>\n\t<meta name=\"twitter:label2\" content=\"Disponibilit\u00e9\" \/>\n\t<meta name=\"twitter:data2\" content=\"En stock\" \/>\n<script type=\"application\/ld+json\" class=\"yoast-schema-graph\">{\"@context\":\"https:\\\/\\\/schema.org\",\"@graph\":[{\"@type\":[\"WebPage\",\"ItemPage\"],\"@id\":\"https:\\\/\\\/ecosupplements.be\\\/fr\\\/produit\\\/n-acetyl-l-cysteine-600mg-60-caps\\\/\",\"url\":\"https:\\\/\\\/ecosupplements.be\\\/fr\\\/produit\\\/n-acetyl-l-cysteine-600mg-60-caps\\\/\",\"name\":\"N-Ac\u00e9tyl-L-Cyst\u00e9ine, 600mg - 60 caps - ECO Supplements\",\"isPartOf\":{\"@id\":\"https:\\\/\\\/ecosupplements.be\\\/fr\\\/#website\"},\"primaryImageOfPage\":{\"@id\":\"https:\\\/\\\/ecosupplements.be\\\/fr\\\/produit\\\/n-acetyl-l-cysteine-600mg-60-caps\\\/#primaryimage\"},\"image\":{\"@id\":\"https:\\\/\\\/ecosupplements.be\\\/fr\\\/produit\\\/n-acetyl-l-cysteine-600mg-60-caps\\\/#primaryimage\"},\"thumbnailUrl\":\"https:\\\/\\\/ecosupplements.be\\\/wp-content\\\/uploads\\\/2025\\\/08\\\/Life-Extension-N-Acetyl-L-Cysteine-60-vcaps-1.jpg\",\"datePublished\":\"2022-06-28T09:17:40+00:00\",\"dateModified\":\"2025-08-27T10:22:17+00:00\",\"description\":\"Wij hebben een ruime keuze aan producten van N-Ac\u00e9tyl-L-Cyst\u00e9ine, 600mg - 60 caps . Winkel bij Eco Supplements altijd gratis verzending boven 100\u20ac\",\"breadcrumb\":{\"@id\":\"https:\\\/\\\/ecosupplements.be\\\/fr\\\/produit\\\/n-acetyl-l-cysteine-600mg-60-caps\\\/#breadcrumb\"},\"inLanguage\":\"fr-FR\",\"potentialAction\":[{\"@type\":\"ReadAction\",\"target\":[\"https:\\\/\\\/ecosupplements.be\\\/fr\\\/produit\\\/n-acetyl-l-cysteine-600mg-60-caps\\\/\"]}]},{\"@type\":\"ImageObject\",\"inLanguage\":\"fr-FR\",\"@id\":\"https:\\\/\\\/ecosupplements.be\\\/fr\\\/produit\\\/n-acetyl-l-cysteine-600mg-60-caps\\\/#primaryimage\",\"url\":\"https:\\\/\\\/ecosupplements.be\\\/wp-content\\\/uploads\\\/2025\\\/08\\\/Life-Extension-N-Acetyl-L-Cysteine-60-vcaps-1.jpg\",\"contentUrl\":\"https:\\\/\\\/ecosupplements.be\\\/wp-content\\\/uploads\\\/2025\\\/08\\\/Life-Extension-N-Acetyl-L-Cysteine-60-vcaps-1.jpg\",\"width\":750,\"height\":750},{\"@type\":\"BreadcrumbList\",\"@id\":\"https:\\\/\\\/ecosupplements.be\\\/fr\\\/produit\\\/n-acetyl-l-cysteine-600mg-60-caps\\\/#breadcrumb\",\"itemListElement\":[{\"@type\":\"ListItem\",\"position\":1,\"name\":\"Home\",\"item\":\"https:\\\/\\\/ecosupplements.be\\\/fr\\\/\"},{\"@type\":\"ListItem\",\"position\":2,\"name\":\"Boutique\",\"item\":\"https:\\\/\\\/ecosupplements.be\\\/fr\\\/boutique\\\/\"},{\"@type\":\"ListItem\",\"position\":3,\"name\":\"N-Ac\u00e9tyl-L-Cyst\u00e9ine, 600mg &#8211; 60 caps\"}]},{\"@type\":\"WebSite\",\"@id\":\"https:\\\/\\\/ecosupplements.be\\\/fr\\\/#website\",\"url\":\"https:\\\/\\\/ecosupplements.be\\\/fr\\\/\",\"name\":\"ECO Supplements\",\"description\":\"Eco Supplements - Gezonde supplementen\",\"publisher\":{\"@id\":\"https:\\\/\\\/ecosupplements.be\\\/fr\\\/#organization\"},\"potentialAction\":[{\"@type\":\"SearchAction\",\"target\":{\"@type\":\"EntryPoint\",\"urlTemplate\":\"https:\\\/\\\/ecosupplements.be\\\/fr\\\/?s={search_term_string}\"},\"query-input\":{\"@type\":\"PropertyValueSpecification\",\"valueRequired\":true,\"valueName\":\"search_term_string\"}}],\"inLanguage\":\"fr-FR\"},{\"@type\":\"Organization\",\"@id\":\"https:\\\/\\\/ecosupplements.be\\\/fr\\\/#organization\",\"name\":\"Eco Supplements\",\"url\":\"https:\\\/\\\/ecosupplements.be\\\/fr\\\/\",\"logo\":{\"@type\":\"ImageObject\",\"inLanguage\":\"fr-FR\",\"@id\":\"https:\\\/\\\/ecosupplements.be\\\/fr\\\/#\\\/schema\\\/logo\\\/image\\\/\",\"url\":\"https:\\\/\\\/ecosupplements.be\\\/wp-content\\\/uploads\\\/2022\\\/06\\\/ecosupplement-family.png\",\"contentUrl\":\"https:\\\/\\\/ecosupplements.be\\\/wp-content\\\/uploads\\\/2022\\\/06\\\/ecosupplement-family.png\",\"width\":593,\"height\":374,\"caption\":\"Eco Supplements\"},\"image\":{\"@id\":\"https:\\\/\\\/ecosupplements.be\\\/fr\\\/#\\\/schema\\\/logo\\\/image\\\/\"}}]}<\/script>\n<meta property=\"product:brand\" content=\"Life Extension\" \/>\n<meta property=\"product:price:amount\" content=\"17.69\" \/>\n<meta property=\"product:price:currency\" content=\"EUR\" \/>\n<meta property=\"og:availability\" content=\"instock\" \/>\n<meta property=\"product:availability\" content=\"instock\" \/>\n<meta property=\"product:retailer_item_id\" content=\"737870154365\" \/>\n<meta property=\"product:condition\" content=\"new\" \/>\n<!-- \/ Yoast SEO Premium plugin. -->","yoast_head_json":{"title":"N-Ac\u00e9tyl-L-Cyst\u00e9ine, 600mg - 60 caps - ECO Supplements","description":"Wij hebben een ruime keuze aan producten van N-Ac\u00e9tyl-L-Cyst\u00e9ine, 600mg - 60 caps . Winkel bij Eco Supplements altijd gratis verzending boven 100\u20ac","robots":{"index":"index","follow":"follow","max-snippet":"max-snippet:-1","max-image-preview":"max-image-preview:large","max-video-preview":"max-video-preview:-1"},"canonical":"https:\/\/ecosupplements.be\/fr\/produit\/n-acetyl-l-cysteine-600mg-60-caps\/","og_locale":"fr_FR","og_type":"article","og_title":"N-Ac\u00e9tyl-L-Cyst\u00e9ine, 600mg - 60 caps","og_description":"Wij hebben een ruime keuze aan producten van N-Ac\u00e9tyl-L-Cyst\u00e9ine, 600mg - 60 caps . Winkel bij Eco Supplements altijd gratis verzending boven 100\u20ac","og_url":"https:\/\/ecosupplements.be\/fr\/produit\/n-acetyl-l-cysteine-600mg-60-caps\/","og_site_name":"ECO Supplements","article_modified_time":"2025-08-27T10:22:17+00:00","og_image":[{"width":750,"height":750,"url":"https:\/\/ecosupplements.be\/wp-content\/uploads\/2025\/08\/Life-Extension-N-Acetyl-L-Cysteine-60-vcaps-1.jpg","type":"image\/jpeg"}],"twitter_card":"summary_large_image","twitter_misc":{"Prix":"17.69&nbsp;&euro;","Disponibilit\u00e9":"En stock"},"schema":{"@context":"https:\/\/schema.org","@graph":[{"@type":["WebPage","ItemPage"],"@id":"https:\/\/ecosupplements.be\/fr\/produit\/n-acetyl-l-cysteine-600mg-60-caps\/","url":"https:\/\/ecosupplements.be\/fr\/produit\/n-acetyl-l-cysteine-600mg-60-caps\/","name":"N-Ac\u00e9tyl-L-Cyst\u00e9ine, 600mg - 60 caps - ECO Supplements","isPartOf":{"@id":"https:\/\/ecosupplements.be\/fr\/#website"},"primaryImageOfPage":{"@id":"https:\/\/ecosupplements.be\/fr\/produit\/n-acetyl-l-cysteine-600mg-60-caps\/#primaryimage"},"image":{"@id":"https:\/\/ecosupplements.be\/fr\/produit\/n-acetyl-l-cysteine-600mg-60-caps\/#primaryimage"},"thumbnailUrl":"https:\/\/ecosupplements.be\/wp-content\/uploads\/2025\/08\/Life-Extension-N-Acetyl-L-Cysteine-60-vcaps-1.jpg","datePublished":"2022-06-28T09:17:40+00:00","dateModified":"2025-08-27T10:22:17+00:00","description":"Wij hebben een ruime keuze aan producten van N-Ac\u00e9tyl-L-Cyst\u00e9ine, 600mg - 60 caps . Winkel bij Eco Supplements altijd gratis verzending boven 100\u20ac","breadcrumb":{"@id":"https:\/\/ecosupplements.be\/fr\/produit\/n-acetyl-l-cysteine-600mg-60-caps\/#breadcrumb"},"inLanguage":"fr-FR","potentialAction":[{"@type":"ReadAction","target":["https:\/\/ecosupplements.be\/fr\/produit\/n-acetyl-l-cysteine-600mg-60-caps\/"]}]},{"@type":"ImageObject","inLanguage":"fr-FR","@id":"https:\/\/ecosupplements.be\/fr\/produit\/n-acetyl-l-cysteine-600mg-60-caps\/#primaryimage","url":"https:\/\/ecosupplements.be\/wp-content\/uploads\/2025\/08\/Life-Extension-N-Acetyl-L-Cysteine-60-vcaps-1.jpg","contentUrl":"https:\/\/ecosupplements.be\/wp-content\/uploads\/2025\/08\/Life-Extension-N-Acetyl-L-Cysteine-60-vcaps-1.jpg","width":750,"height":750},{"@type":"BreadcrumbList","@id":"https:\/\/ecosupplements.be\/fr\/produit\/n-acetyl-l-cysteine-600mg-60-caps\/#breadcrumb","itemListElement":[{"@type":"ListItem","position":1,"name":"Home","item":"https:\/\/ecosupplements.be\/fr\/"},{"@type":"ListItem","position":2,"name":"Boutique","item":"https:\/\/ecosupplements.be\/fr\/boutique\/"},{"@type":"ListItem","position":3,"name":"N-Ac\u00e9tyl-L-Cyst\u00e9ine, 600mg &#8211; 60 caps"}]},{"@type":"WebSite","@id":"https:\/\/ecosupplements.be\/fr\/#website","url":"https:\/\/ecosupplements.be\/fr\/","name":"ECO Supplements","description":"Eco Supplements - Gezonde supplementen","publisher":{"@id":"https:\/\/ecosupplements.be\/fr\/#organization"},"potentialAction":[{"@type":"SearchAction","target":{"@type":"EntryPoint","urlTemplate":"https:\/\/ecosupplements.be\/fr\/?s={search_term_string}"},"query-input":{"@type":"PropertyValueSpecification","valueRequired":true,"valueName":"search_term_string"}}],"inLanguage":"fr-FR"},{"@type":"Organization","@id":"https:\/\/ecosupplements.be\/fr\/#organization","name":"Eco Supplements","url":"https:\/\/ecosupplements.be\/fr\/","logo":{"@type":"ImageObject","inLanguage":"fr-FR","@id":"https:\/\/ecosupplements.be\/fr\/#\/schema\/logo\/image\/","url":"https:\/\/ecosupplements.be\/wp-content\/uploads\/2022\/06\/ecosupplement-family.png","contentUrl":"https:\/\/ecosupplements.be\/wp-content\/uploads\/2022\/06\/ecosupplement-family.png","width":593,"height":374,"caption":"Eco Supplements"},"image":{"@id":"https:\/\/ecosupplements.be\/fr\/#\/schema\/logo\/image\/"}}]},"product_brand":"Life Extension","product_price_amount":"17.69","product_price_currency":"EUR","og_availability":"instock","product_availability":"instock","product_retailer_item_id":"737870154365","product_condition":"new"},"_links":{"self":[{"href":"https:\/\/ecosupplements.be\/fr\/wp-json\/wp\/v2\/product\/281449","targetHints":{"allow":["GET"]}}],"collection":[{"href":"https:\/\/ecosupplements.be\/fr\/wp-json\/wp\/v2\/product"}],"about":[{"href":"https:\/\/ecosupplements.be\/fr\/wp-json\/wp\/v2\/types\/product"}],"replies":[{"embeddable":true,"href":"https:\/\/ecosupplements.be\/fr\/wp-json\/wp\/v2\/comments?post=281449"}],"wp:featuredmedia":[{"embeddable":true,"href":"https:\/\/ecosupplements.be\/fr\/wp-json\/wp\/v2\/media\/247616"}],"wp:attachment":[{"href":"https:\/\/ecosupplements.be\/fr\/wp-json\/wp\/v2\/media?parent=281449"}],"wp:term":[{"taxonomy":"product_brand","embeddable":true,"href":"https:\/\/ecosupplements.be\/fr\/wp-json\/wp\/v2\/product_brand?post=281449"},{"taxonomy":"product_cat","embeddable":true,"href":"https:\/\/ecosupplements.be\/fr\/wp-json\/wp\/v2\/product_cat?post=281449"},{"taxonomy":"product_tag","embeddable":true,"href":"https:\/\/ecosupplements.be\/fr\/wp-json\/wp\/v2\/product_tag?post=281449"}],"curies":[{"name":"wp","href":"https:\/\/api.w.org\/{rel}","templated":true}]}}