{"id":281451,"date":"2022-06-28T10:17:40","date_gmt":"2022-06-28T09:17:40","guid":{"rendered":"https:\/\/ecosupplements.be\/product\/activateur-de-cellules-nk-30-comprimes-vegetariens\/"},"modified":"2025-08-27T11:22:25","modified_gmt":"2025-08-27T10:22:25","slug":"activateur-de-cellules-nk-30-comprimes-vegetariens","status":"publish","type":"product","link":"https:\/\/ecosupplements.be\/fr\/produit\/activateur-de-cellules-nk-30-comprimes-vegetariens\/","title":{"rendered":"Activateur de cellules NK &#8211; 30 comprim\u00e9s v\u00e9g\u00e9tariens"},"content":{"rendered":"<h1 style=\"text-align: center;\">Life Extension &#8211; Activateur de cellules NK<\/h1>\n<h3 style=\"text-align: center;\">Favorise la fonction saine des cellules tueuses naturelles<\/h3>\n<p>Favorise la fonction saine des cellules tueuses naturelles<br \/>\nSuppl\u00e9ment alimentaire<br \/>\nNon-OGM <\/p>\n<p>Les cellules tueuses naturelles (NK) fonctionnent comme les premiers intervenants de l&#8217;organisme. D\u00e8s que les cellules NK d\u00e9tectent une invasion potentielle, elles sont sur place pour initier la protection immunitaire. Les cellules tueuses naturelles favorisent le soutien saisonnier du syst\u00e8me de d\u00e9fense naturel de l&#8217;organisme.<\/p>\n<p>En outre, les cellules NK fonctionnelles reconnaissent et \u00e9liminent les cellules s\u00e9nescentes qui s&#8217;accumulent dans les tissus \u00e2g\u00e9s et cr\u00e9ent des perturbations m\u00e9taboliques. Avec l&#8217;\u00e2ge, l&#8217;activit\u00e9 des cellules tueuses naturelles diminue nettement, ce qui entra\u00eene un affaiblissement simultan\u00e9 des fonctions immunitaires normales.<\/p>\n<p>Pour une protection saisonni\u00e8re cibl\u00e9e, une formule appel\u00e9e NK Cell Activator a \u00e9t\u00e9 d\u00e9velopp\u00e9e, qui contient un son de riz modifi\u00e9 dont il a \u00e9t\u00e9 d\u00e9montr\u00e9 qu&#8217;il est un puissant modulateur immunitaire. NK Cell Activator soutient l&#8217;activit\u00e9 des cellules tueuses naturelles (NK) &#8211; des composants cruciaux du syst\u00e8me immunitaire inn\u00e9.<\/p>\n<p>Dans une \u00e9tude clinique, les scientifiques ont document\u00e9 une multiplication par trois de l&#8217;activit\u00e9 des cellules tueuses naturelles chez des individus en bonne sant\u00e9, dans les trois \u00e0 quatre semaines qui ont suivi la prise quotidienne de 500 mg du compos\u00e9 de son de riz pr\u00e9sent dans NK Cell Activator.<\/p>\n<p>Dans une autre \u00e9tude en double aveugle, randomis\u00e9e et contr\u00f4l\u00e9e par placebo, les chercheurs ont not\u00e9 que les sujets prenant le son de riz modifi\u00e9 contenu dans NK Cell Activator ont connu une augmentation des cellules dendritiques my\u00e9lo\u00efdes &#8211; des cellules qui agissent comme messagers cl\u00e9s entre les syst\u00e8mes immunitaires inn\u00e9 et adaptatif.<\/p>\n<p>Une strat\u00e9gie pour b\u00e9n\u00e9ficier des effets fonctionnels uniques de NK Cell Activator consiste \u00e0 prendre une capsule par jour pendant quatre mois durant la saison hivernale.<\/p>\n<p><img decoding=\"async\" src=\"https:\/\/ecosupplements.be\/wp-content\/uploads\/2025\/08\/gluten-free-1.png\" title=\"Sans gluten\" alt=\"Gluten free\"><img decoding=\"async\" src=\"https:\/\/ecosupplements.be\/wp-content\/uploads\/2025\/08\/non-gmo-1.png\" title=\"Non-OGM\" alt=\"Non-GMO\"><\/p>\n","protected":false},"excerpt":{"rendered":"<p>Life Extension &#8211; Activateur de cellules NK Favorise la fonction saine des cellules tueuses naturelles Favorise la fonction saine des cellules tueuses naturelles Suppl\u00e9ment alimentaire Non-OGM Les cellules tueuses naturelles (NK) fonctionnent comme les premiers intervenants de l&#8217;organisme. D\u00e8s que les cellules NK d\u00e9tectent une invasion potentielle, elles sont sur place pour initier la protection [&#8230;]\n","protected":false},"featured_media":247626,"comment_status":"open","ping_status":"open","template":"","meta":[],"product_brand":[4723],"product_cat":[5052,5123,5124,5053],"product_tag":[5071],"class_list":{"0":"post-281451","1":"product","2":"type-product","3":"status-publish","4":"has-post-thumbnail","6":"product_brand-life-extension-2","7":"product_cat-sante-et-bien-etre","8":"product_cat-soutien-du-systeme-immunitaire","9":"product_cat-systeme-immunitaire","10":"product_cat-vitamines-et-mineraux","11":"product_tag-ecoplus-2","13":"first","14":"instock","15":"taxable","16":"shipping-taxable","17":"purchasable","18":"product-type-simple"},"yoast_head":"<!-- This site is optimized with the Yoast SEO Premium plugin v27.3 (Yoast SEO v27.3) - https:\/\/yoast.com\/product\/yoast-seo-premium-wordpress\/ -->\n<title>Activateur de cellules NK - 30 comprim\u00e9s v\u00e9g\u00e9tariens - ECO Supplements<\/title>\n<meta name=\"description\" content=\"Wij hebben een ruime keuze aan producten van Activateur de cellules NK - 30 comprim\u00e9s v\u00e9g\u00e9tariens . Winkel bij Eco Supplements altijd gratis verzending boven 100\u20ac\" \/>\n<meta name=\"robots\" content=\"index, follow, max-snippet:-1, max-image-preview:large, max-video-preview:-1\" \/>\n<link rel=\"canonical\" href=\"https:\/\/ecosupplements.be\/fr\/produit\/activateur-de-cellules-nk-30-comprimes-vegetariens\/\" \/>\n<meta property=\"og:locale\" content=\"fr_FR\" \/>\n<meta property=\"og:type\" content=\"article\" \/>\n<meta property=\"og:title\" content=\"Activateur de cellules NK - 30 comprim\u00e9s v\u00e9g\u00e9tariens\" \/>\n<meta property=\"og:description\" content=\"Wij hebben een ruime keuze aan producten van Activateur de cellules NK - 30 comprim\u00e9s v\u00e9g\u00e9tariens . Winkel bij Eco Supplements altijd gratis verzending boven 100\u20ac\" \/>\n<meta property=\"og:url\" content=\"https:\/\/ecosupplements.be\/fr\/produit\/activateur-de-cellules-nk-30-comprimes-vegetariens\/\" \/>\n<meta property=\"og:site_name\" content=\"ECO Supplements\" \/>\n<meta property=\"article:modified_time\" content=\"2025-08-27T10:22:25+00:00\" \/>\n<meta property=\"og:image\" content=\"https:\/\/ecosupplements.be\/wp-content\/uploads\/2025\/08\/Life-Extension-NK-Cell-Activator-30-vegetarian-tabs-1.jpg\" \/>\n\t<meta property=\"og:image:width\" content=\"750\" \/>\n\t<meta property=\"og:image:height\" content=\"750\" \/>\n\t<meta property=\"og:image:type\" content=\"image\/jpeg\" \/>\n<meta name=\"twitter:card\" content=\"summary_large_image\" \/>\n<meta name=\"twitter:label1\" content=\"Prix\" \/>\n\t<meta name=\"twitter:data1\" content=\"48.91&nbsp;&euro;\" \/>\n\t<meta name=\"twitter:label2\" content=\"Disponibilit\u00e9\" \/>\n\t<meta name=\"twitter:data2\" content=\"En stock\" \/>\n<script type=\"application\/ld+json\" class=\"yoast-schema-graph\">{\"@context\":\"https:\\\/\\\/schema.org\",\"@graph\":[{\"@type\":[\"WebPage\",\"ItemPage\"],\"@id\":\"https:\\\/\\\/ecosupplements.be\\\/fr\\\/produit\\\/activateur-de-cellules-nk-30-comprimes-vegetariens\\\/\",\"url\":\"https:\\\/\\\/ecosupplements.be\\\/fr\\\/produit\\\/activateur-de-cellules-nk-30-comprimes-vegetariens\\\/\",\"name\":\"Activateur de cellules NK - 30 comprim\u00e9s v\u00e9g\u00e9tariens - ECO Supplements\",\"isPartOf\":{\"@id\":\"https:\\\/\\\/ecosupplements.be\\\/fr\\\/#website\"},\"primaryImageOfPage\":{\"@id\":\"https:\\\/\\\/ecosupplements.be\\\/fr\\\/produit\\\/activateur-de-cellules-nk-30-comprimes-vegetariens\\\/#primaryimage\"},\"image\":{\"@id\":\"https:\\\/\\\/ecosupplements.be\\\/fr\\\/produit\\\/activateur-de-cellules-nk-30-comprimes-vegetariens\\\/#primaryimage\"},\"thumbnailUrl\":\"https:\\\/\\\/ecosupplements.be\\\/wp-content\\\/uploads\\\/2025\\\/08\\\/Life-Extension-NK-Cell-Activator-30-vegetarian-tabs-1.jpg\",\"datePublished\":\"2022-06-28T09:17:40+00:00\",\"dateModified\":\"2025-08-27T10:22:25+00:00\",\"description\":\"Wij hebben een ruime keuze aan producten van Activateur de cellules NK - 30 comprim\u00e9s v\u00e9g\u00e9tariens . Winkel bij Eco Supplements altijd gratis verzending boven 100\u20ac\",\"breadcrumb\":{\"@id\":\"https:\\\/\\\/ecosupplements.be\\\/fr\\\/produit\\\/activateur-de-cellules-nk-30-comprimes-vegetariens\\\/#breadcrumb\"},\"inLanguage\":\"fr-FR\",\"potentialAction\":[{\"@type\":\"ReadAction\",\"target\":[\"https:\\\/\\\/ecosupplements.be\\\/fr\\\/produit\\\/activateur-de-cellules-nk-30-comprimes-vegetariens\\\/\"]}]},{\"@type\":\"ImageObject\",\"inLanguage\":\"fr-FR\",\"@id\":\"https:\\\/\\\/ecosupplements.be\\\/fr\\\/produit\\\/activateur-de-cellules-nk-30-comprimes-vegetariens\\\/#primaryimage\",\"url\":\"https:\\\/\\\/ecosupplements.be\\\/wp-content\\\/uploads\\\/2025\\\/08\\\/Life-Extension-NK-Cell-Activator-30-vegetarian-tabs-1.jpg\",\"contentUrl\":\"https:\\\/\\\/ecosupplements.be\\\/wp-content\\\/uploads\\\/2025\\\/08\\\/Life-Extension-NK-Cell-Activator-30-vegetarian-tabs-1.jpg\",\"width\":750,\"height\":750},{\"@type\":\"BreadcrumbList\",\"@id\":\"https:\\\/\\\/ecosupplements.be\\\/fr\\\/produit\\\/activateur-de-cellules-nk-30-comprimes-vegetariens\\\/#breadcrumb\",\"itemListElement\":[{\"@type\":\"ListItem\",\"position\":1,\"name\":\"Home\",\"item\":\"https:\\\/\\\/ecosupplements.be\\\/fr\\\/\"},{\"@type\":\"ListItem\",\"position\":2,\"name\":\"Boutique\",\"item\":\"https:\\\/\\\/ecosupplements.be\\\/fr\\\/boutique\\\/\"},{\"@type\":\"ListItem\",\"position\":3,\"name\":\"Activateur de cellules NK &#8211; 30 comprim\u00e9s v\u00e9g\u00e9tariens\"}]},{\"@type\":\"WebSite\",\"@id\":\"https:\\\/\\\/ecosupplements.be\\\/fr\\\/#website\",\"url\":\"https:\\\/\\\/ecosupplements.be\\\/fr\\\/\",\"name\":\"ECO Supplements\",\"description\":\"Eco Supplements - Gezonde supplementen\",\"publisher\":{\"@id\":\"https:\\\/\\\/ecosupplements.be\\\/fr\\\/#organization\"},\"potentialAction\":[{\"@type\":\"SearchAction\",\"target\":{\"@type\":\"EntryPoint\",\"urlTemplate\":\"https:\\\/\\\/ecosupplements.be\\\/fr\\\/?s={search_term_string}\"},\"query-input\":{\"@type\":\"PropertyValueSpecification\",\"valueRequired\":true,\"valueName\":\"search_term_string\"}}],\"inLanguage\":\"fr-FR\"},{\"@type\":\"Organization\",\"@id\":\"https:\\\/\\\/ecosupplements.be\\\/fr\\\/#organization\",\"name\":\"Eco Supplements\",\"url\":\"https:\\\/\\\/ecosupplements.be\\\/fr\\\/\",\"logo\":{\"@type\":\"ImageObject\",\"inLanguage\":\"fr-FR\",\"@id\":\"https:\\\/\\\/ecosupplements.be\\\/fr\\\/#\\\/schema\\\/logo\\\/image\\\/\",\"url\":\"https:\\\/\\\/ecosupplements.be\\\/wp-content\\\/uploads\\\/2022\\\/06\\\/ecosupplement-family.png\",\"contentUrl\":\"https:\\\/\\\/ecosupplements.be\\\/wp-content\\\/uploads\\\/2022\\\/06\\\/ecosupplement-family.png\",\"width\":593,\"height\":374,\"caption\":\"Eco Supplements\"},\"image\":{\"@id\":\"https:\\\/\\\/ecosupplements.be\\\/fr\\\/#\\\/schema\\\/logo\\\/image\\\/\"}}]}<\/script>\n<meta property=\"product:brand\" content=\"Life Extension\" \/>\n<meta property=\"product:price:amount\" content=\"48.91\" \/>\n<meta property=\"product:price:currency\" content=\"EUR\" \/>\n<meta property=\"og:availability\" content=\"instock\" \/>\n<meta property=\"product:availability\" content=\"instock\" \/>\n<meta property=\"product:retailer_item_id\" content=\"737870190332\" \/>\n<meta property=\"product:condition\" content=\"new\" \/>\n<!-- \/ Yoast SEO Premium plugin. -->","yoast_head_json":{"title":"Activateur de cellules NK - 30 comprim\u00e9s v\u00e9g\u00e9tariens - ECO Supplements","description":"Wij hebben een ruime keuze aan producten van Activateur de cellules NK - 30 comprim\u00e9s v\u00e9g\u00e9tariens . Winkel bij Eco Supplements altijd gratis verzending boven 100\u20ac","robots":{"index":"index","follow":"follow","max-snippet":"max-snippet:-1","max-image-preview":"max-image-preview:large","max-video-preview":"max-video-preview:-1"},"canonical":"https:\/\/ecosupplements.be\/fr\/produit\/activateur-de-cellules-nk-30-comprimes-vegetariens\/","og_locale":"fr_FR","og_type":"article","og_title":"Activateur de cellules NK - 30 comprim\u00e9s v\u00e9g\u00e9tariens","og_description":"Wij hebben een ruime keuze aan producten van Activateur de cellules NK - 30 comprim\u00e9s v\u00e9g\u00e9tariens . Winkel bij Eco Supplements altijd gratis verzending boven 100\u20ac","og_url":"https:\/\/ecosupplements.be\/fr\/produit\/activateur-de-cellules-nk-30-comprimes-vegetariens\/","og_site_name":"ECO Supplements","article_modified_time":"2025-08-27T10:22:25+00:00","og_image":[{"width":750,"height":750,"url":"https:\/\/ecosupplements.be\/wp-content\/uploads\/2025\/08\/Life-Extension-NK-Cell-Activator-30-vegetarian-tabs-1.jpg","type":"image\/jpeg"}],"twitter_card":"summary_large_image","twitter_misc":{"Prix":"48.91&nbsp;&euro;","Disponibilit\u00e9":"En stock"},"schema":{"@context":"https:\/\/schema.org","@graph":[{"@type":["WebPage","ItemPage"],"@id":"https:\/\/ecosupplements.be\/fr\/produit\/activateur-de-cellules-nk-30-comprimes-vegetariens\/","url":"https:\/\/ecosupplements.be\/fr\/produit\/activateur-de-cellules-nk-30-comprimes-vegetariens\/","name":"Activateur de cellules NK - 30 comprim\u00e9s v\u00e9g\u00e9tariens - ECO Supplements","isPartOf":{"@id":"https:\/\/ecosupplements.be\/fr\/#website"},"primaryImageOfPage":{"@id":"https:\/\/ecosupplements.be\/fr\/produit\/activateur-de-cellules-nk-30-comprimes-vegetariens\/#primaryimage"},"image":{"@id":"https:\/\/ecosupplements.be\/fr\/produit\/activateur-de-cellules-nk-30-comprimes-vegetariens\/#primaryimage"},"thumbnailUrl":"https:\/\/ecosupplements.be\/wp-content\/uploads\/2025\/08\/Life-Extension-NK-Cell-Activator-30-vegetarian-tabs-1.jpg","datePublished":"2022-06-28T09:17:40+00:00","dateModified":"2025-08-27T10:22:25+00:00","description":"Wij hebben een ruime keuze aan producten van Activateur de cellules NK - 30 comprim\u00e9s v\u00e9g\u00e9tariens . Winkel bij Eco Supplements altijd gratis verzending boven 100\u20ac","breadcrumb":{"@id":"https:\/\/ecosupplements.be\/fr\/produit\/activateur-de-cellules-nk-30-comprimes-vegetariens\/#breadcrumb"},"inLanguage":"fr-FR","potentialAction":[{"@type":"ReadAction","target":["https:\/\/ecosupplements.be\/fr\/produit\/activateur-de-cellules-nk-30-comprimes-vegetariens\/"]}]},{"@type":"ImageObject","inLanguage":"fr-FR","@id":"https:\/\/ecosupplements.be\/fr\/produit\/activateur-de-cellules-nk-30-comprimes-vegetariens\/#primaryimage","url":"https:\/\/ecosupplements.be\/wp-content\/uploads\/2025\/08\/Life-Extension-NK-Cell-Activator-30-vegetarian-tabs-1.jpg","contentUrl":"https:\/\/ecosupplements.be\/wp-content\/uploads\/2025\/08\/Life-Extension-NK-Cell-Activator-30-vegetarian-tabs-1.jpg","width":750,"height":750},{"@type":"BreadcrumbList","@id":"https:\/\/ecosupplements.be\/fr\/produit\/activateur-de-cellules-nk-30-comprimes-vegetariens\/#breadcrumb","itemListElement":[{"@type":"ListItem","position":1,"name":"Home","item":"https:\/\/ecosupplements.be\/fr\/"},{"@type":"ListItem","position":2,"name":"Boutique","item":"https:\/\/ecosupplements.be\/fr\/boutique\/"},{"@type":"ListItem","position":3,"name":"Activateur de cellules NK &#8211; 30 comprim\u00e9s v\u00e9g\u00e9tariens"}]},{"@type":"WebSite","@id":"https:\/\/ecosupplements.be\/fr\/#website","url":"https:\/\/ecosupplements.be\/fr\/","name":"ECO Supplements","description":"Eco Supplements - Gezonde supplementen","publisher":{"@id":"https:\/\/ecosupplements.be\/fr\/#organization"},"potentialAction":[{"@type":"SearchAction","target":{"@type":"EntryPoint","urlTemplate":"https:\/\/ecosupplements.be\/fr\/?s={search_term_string}"},"query-input":{"@type":"PropertyValueSpecification","valueRequired":true,"valueName":"search_term_string"}}],"inLanguage":"fr-FR"},{"@type":"Organization","@id":"https:\/\/ecosupplements.be\/fr\/#organization","name":"Eco Supplements","url":"https:\/\/ecosupplements.be\/fr\/","logo":{"@type":"ImageObject","inLanguage":"fr-FR","@id":"https:\/\/ecosupplements.be\/fr\/#\/schema\/logo\/image\/","url":"https:\/\/ecosupplements.be\/wp-content\/uploads\/2022\/06\/ecosupplement-family.png","contentUrl":"https:\/\/ecosupplements.be\/wp-content\/uploads\/2022\/06\/ecosupplement-family.png","width":593,"height":374,"caption":"Eco Supplements"},"image":{"@id":"https:\/\/ecosupplements.be\/fr\/#\/schema\/logo\/image\/"}}]},"product_brand":"Life Extension","product_price_amount":"48.91","product_price_currency":"EUR","og_availability":"instock","product_availability":"instock","product_retailer_item_id":"737870190332","product_condition":"new"},"_links":{"self":[{"href":"https:\/\/ecosupplements.be\/fr\/wp-json\/wp\/v2\/product\/281451","targetHints":{"allow":["GET"]}}],"collection":[{"href":"https:\/\/ecosupplements.be\/fr\/wp-json\/wp\/v2\/product"}],"about":[{"href":"https:\/\/ecosupplements.be\/fr\/wp-json\/wp\/v2\/types\/product"}],"replies":[{"embeddable":true,"href":"https:\/\/ecosupplements.be\/fr\/wp-json\/wp\/v2\/comments?post=281451"}],"wp:featuredmedia":[{"embeddable":true,"href":"https:\/\/ecosupplements.be\/fr\/wp-json\/wp\/v2\/media\/247626"}],"wp:attachment":[{"href":"https:\/\/ecosupplements.be\/fr\/wp-json\/wp\/v2\/media?parent=281451"}],"wp:term":[{"taxonomy":"product_brand","embeddable":true,"href":"https:\/\/ecosupplements.be\/fr\/wp-json\/wp\/v2\/product_brand?post=281451"},{"taxonomy":"product_cat","embeddable":true,"href":"https:\/\/ecosupplements.be\/fr\/wp-json\/wp\/v2\/product_cat?post=281451"},{"taxonomy":"product_tag","embeddable":true,"href":"https:\/\/ecosupplements.be\/fr\/wp-json\/wp\/v2\/product_tag?post=281451"}],"curies":[{"name":"wp","href":"https:\/\/api.w.org\/{rel}","templated":true}]}}