{"id":281455,"date":"2022-06-28T10:17:40","date_gmt":"2022-06-28T09:17:40","guid":{"rendered":"https:\/\/ecosupplements.be\/product\/only-trace-minerals-90-vcaps\/"},"modified":"2025-08-27T11:22:38","modified_gmt":"2025-08-27T10:22:38","slug":"only-trace-minerals-90-vcaps","status":"publish","type":"product","link":"https:\/\/ecosupplements.be\/fr\/produit\/only-trace-minerals-90-vcaps\/","title":{"rendered":"Only Trace Minerals &#8211; 90 vcaps"},"content":{"rendered":"<h1 style=\"text-align: center;\">Life Extension &#8211; Seulement des oligo-\u00e9l\u00e9ments<\/h1>\n<h3 style=\"text-align: center;\">Booster min\u00e9ral<\/h3>\n<p>La carence en zinc devient plus fr\u00e9quente \u00e0 mesure que nous vieillissons, ce qui rend sa suppl\u00e9mentation essentielle pour la sant\u00e9 immunitaire. Seule Trace Minerals peut aider \u00e0 maintenir des niveaux optimaux. <\/p>\n<p>Que sont les oligo-\u00e9l\u00e9ments ?<br \/>\nLes oligo-\u00e9l\u00e9ments jouent un r\u00f4le important dans des centaines de fonctions corporelles, du soutien du syst\u00e8me immunitaire \u00e0 la sant\u00e9 des os et des articulations. Only Trace Minerals fournit des formes biodisponibles de min\u00e9raux dans un suppl\u00e9ment pratique.<br \/>\nNotre corps n&#8217;a besoin que de petites quantit\u00e9s d&#8217;oligo-\u00e9l\u00e9ments, mais ils sont n\u00e9anmoins vitaux pour notre sant\u00e9.<\/p>\n<p>Avantages de Only Trace Minerals<br \/>\nSoutient une fonction corporelle saine<br \/>\nPromotes healthy immune function<br \/>\nAide \u00e0 maintenir des niveaux de glyc\u00e9mie d\u00e9j\u00e0 sains<\/p>\n<p><img decoding=\"async\" src=\"https:\/\/ecosupplements.be\/wp-content\/uploads\/2025\/08\/gluten-free-1.png\" title=\"Sans gluten\" alt=\"Gluten free\"><img decoding=\"async\" src=\"https:\/\/ecosupplements.be\/wp-content\/uploads\/2025\/08\/non-gmo-1.png\" title=\"Non-OGM\" alt=\"Non-GMO\"><\/p>\n<p>Compl\u00e9ment alimentaire :<br \/>\nPortion : 1 Capsule V\u00e9g\u00e9tarienne<br \/>\nPortions par conteneur : 90<\/p>\n<p>Quantit\u00e9 par portion :<br \/>\nZinc (en tant que OptiZinc zinc monom\u00e9thionine) 20 mg 182%<br \/>\nCuivre (sous forme de ch\u00e9late de bisglycinate de cuivre) 2 mg 222%<br \/>\nMangan\u00e8se (sous forme de sulfate de mangan\u00e8se) 2 mg 87%<br \/>\nChrome (sous forme de ch\u00e9late de nicotinate glycinate de chrome) 400 mcg 1143%<br \/>\nMolybd\u00e8ne (sous forme de ch\u00e9late de glycinate de molybd\u00e8ne) 250 mcg 556%<br \/>\nBore (sous forme de complexe de citrate, aspartate et glycinate de bore) 3 mg<br \/>\nSulfate de vanadyle (apportant 750 mcg de vanadium) 3,75 mg<\/p>\n<p>Uniquement des oligo-\u00e9l\u00e9ments Autres ingr\u00e9dients :<br \/>\nCellulose microcristalline, cellulose v\u00e9g\u00e9tale (capsule), maltodextrine, acide st\u00e9arique.<\/p>\n<p>Seulement des oligo-\u00e9l\u00e9ments Utilisation recommand\u00e9e :<br \/>\nPrendre une (1) capsule par jour avec de la nourriture, ou selon les recommandations d&#8217;un professionnel de la sant\u00e9.<\/p>\n<p>Avertissements :<br \/>\nTenir hors de port\u00e9e des enfants.<br \/>\nNe pas d\u00e9passer la dose recommand\u00e9e.<br \/>\nN&#8217;achetez pas si le joint ext\u00e9rieur est cass\u00e9 ou endommag\u00e9.<br \/>\nLorsque vous utilisez des compl\u00e9ments alimentaires, veuillez consulter votre m\u00e9decin si vous suivez un traitement pour un probl\u00e8me m\u00e9dical ou si vous \u00eates enceinte ou allaitante.<br \/>\nConservez-la bien ferm\u00e9e dans un endroit frais et sec.<\/p>\n","protected":false},"excerpt":{"rendered":"<p>Life Extension &#8211; Seulement des oligo-\u00e9l\u00e9ments Booster min\u00e9ral La carence en zinc devient plus fr\u00e9quente \u00e0 mesure que nous vieillissons, ce qui rend sa suppl\u00e9mentation essentielle pour la sant\u00e9 immunitaire. Seule Trace Minerals peut aider \u00e0 maintenir des niveaux optimaux. Que sont les oligo-\u00e9l\u00e9ments ? Les oligo-\u00e9l\u00e9ments jouent un r\u00f4le important dans des centaines de [&#8230;]\n","protected":false},"featured_media":247648,"comment_status":"open","ping_status":"open","template":"","meta":[],"product_brand":[4723],"product_cat":[5099,5101,5052,5053],"product_tag":[],"class_list":{"0":"post-281455","1":"product","2":"type-product","3":"status-publish","4":"has-post-thumbnail","6":"product_brand-life-extension-2","7":"product_cat-multi-mineraux","8":"product_cat-multimineraux","9":"product_cat-sante-et-bien-etre","10":"product_cat-vitamines-et-mineraux","12":"first","13":"instock","14":"taxable","15":"shipping-taxable","16":"purchasable","17":"product-type-simple"},"yoast_head":"<!-- This site is optimized with the Yoast SEO Premium plugin v27.3 (Yoast SEO v27.3) - https:\/\/yoast.com\/product\/yoast-seo-premium-wordpress\/ -->\n<title>Only Trace Minerals - 90 vcaps - ECO Supplements<\/title>\n<meta name=\"description\" content=\"Wij hebben een ruime keuze aan producten van Only Trace Minerals - 90 vcaps . Winkel bij Eco Supplements altijd gratis verzending boven 100\u20ac\" \/>\n<meta name=\"robots\" content=\"index, follow, max-snippet:-1, max-image-preview:large, max-video-preview:-1\" \/>\n<link rel=\"canonical\" href=\"https:\/\/ecosupplements.be\/fr\/produit\/only-trace-minerals-90-vcaps\/\" \/>\n<meta property=\"og:locale\" content=\"fr_FR\" \/>\n<meta property=\"og:type\" content=\"article\" \/>\n<meta property=\"og:title\" content=\"Only Trace Minerals - 90 vcaps\" \/>\n<meta property=\"og:description\" content=\"Wij hebben een ruime keuze aan producten van Only Trace Minerals - 90 vcaps . Winkel bij Eco Supplements altijd gratis verzending boven 100\u20ac\" \/>\n<meta property=\"og:url\" content=\"https:\/\/ecosupplements.be\/fr\/produit\/only-trace-minerals-90-vcaps\/\" \/>\n<meta property=\"og:site_name\" content=\"ECO Supplements\" \/>\n<meta property=\"article:modified_time\" content=\"2025-08-27T10:22:38+00:00\" \/>\n<meta property=\"og:image\" content=\"https:\/\/ecosupplements.be\/wp-content\/uploads\/2025\/08\/Life-Extension-Only-Trace-Minerals-90-vcaps-1.jpg\" \/>\n\t<meta property=\"og:image:width\" content=\"750\" \/>\n\t<meta property=\"og:image:height\" content=\"750\" \/>\n\t<meta property=\"og:image:type\" content=\"image\/jpeg\" \/>\n<meta name=\"twitter:card\" content=\"summary_large_image\" \/>\n<meta name=\"twitter:label1\" content=\"Prix\" \/>\n\t<meta name=\"twitter:data1\" content=\"19.53&nbsp;&euro;\" \/>\n\t<meta name=\"twitter:label2\" content=\"Disponibilit\u00e9\" \/>\n\t<meta name=\"twitter:data2\" content=\"En stock\" \/>\n<script type=\"application\/ld+json\" class=\"yoast-schema-graph\">{\"@context\":\"https:\\\/\\\/schema.org\",\"@graph\":[{\"@type\":[\"WebPage\",\"ItemPage\"],\"@id\":\"https:\\\/\\\/ecosupplements.be\\\/fr\\\/produit\\\/only-trace-minerals-90-vcaps\\\/\",\"url\":\"https:\\\/\\\/ecosupplements.be\\\/fr\\\/produit\\\/only-trace-minerals-90-vcaps\\\/\",\"name\":\"Only Trace Minerals - 90 vcaps - ECO Supplements\",\"isPartOf\":{\"@id\":\"https:\\\/\\\/ecosupplements.be\\\/fr\\\/#website\"},\"primaryImageOfPage\":{\"@id\":\"https:\\\/\\\/ecosupplements.be\\\/fr\\\/produit\\\/only-trace-minerals-90-vcaps\\\/#primaryimage\"},\"image\":{\"@id\":\"https:\\\/\\\/ecosupplements.be\\\/fr\\\/produit\\\/only-trace-minerals-90-vcaps\\\/#primaryimage\"},\"thumbnailUrl\":\"https:\\\/\\\/ecosupplements.be\\\/wp-content\\\/uploads\\\/2025\\\/08\\\/Life-Extension-Only-Trace-Minerals-90-vcaps-1.jpg\",\"datePublished\":\"2022-06-28T09:17:40+00:00\",\"dateModified\":\"2025-08-27T10:22:38+00:00\",\"description\":\"Wij hebben een ruime keuze aan producten van Only Trace Minerals - 90 vcaps . Winkel bij Eco Supplements altijd gratis verzending boven 100\u20ac\",\"breadcrumb\":{\"@id\":\"https:\\\/\\\/ecosupplements.be\\\/fr\\\/produit\\\/only-trace-minerals-90-vcaps\\\/#breadcrumb\"},\"inLanguage\":\"fr-FR\",\"potentialAction\":[{\"@type\":\"ReadAction\",\"target\":[\"https:\\\/\\\/ecosupplements.be\\\/fr\\\/produit\\\/only-trace-minerals-90-vcaps\\\/\"]}]},{\"@type\":\"ImageObject\",\"inLanguage\":\"fr-FR\",\"@id\":\"https:\\\/\\\/ecosupplements.be\\\/fr\\\/produit\\\/only-trace-minerals-90-vcaps\\\/#primaryimage\",\"url\":\"https:\\\/\\\/ecosupplements.be\\\/wp-content\\\/uploads\\\/2025\\\/08\\\/Life-Extension-Only-Trace-Minerals-90-vcaps-1.jpg\",\"contentUrl\":\"https:\\\/\\\/ecosupplements.be\\\/wp-content\\\/uploads\\\/2025\\\/08\\\/Life-Extension-Only-Trace-Minerals-90-vcaps-1.jpg\",\"width\":750,\"height\":750},{\"@type\":\"BreadcrumbList\",\"@id\":\"https:\\\/\\\/ecosupplements.be\\\/fr\\\/produit\\\/only-trace-minerals-90-vcaps\\\/#breadcrumb\",\"itemListElement\":[{\"@type\":\"ListItem\",\"position\":1,\"name\":\"Home\",\"item\":\"https:\\\/\\\/ecosupplements.be\\\/fr\\\/\"},{\"@type\":\"ListItem\",\"position\":2,\"name\":\"Boutique\",\"item\":\"https:\\\/\\\/ecosupplements.be\\\/fr\\\/boutique\\\/\"},{\"@type\":\"ListItem\",\"position\":3,\"name\":\"Only Trace Minerals &#8211; 90 vcaps\"}]},{\"@type\":\"WebSite\",\"@id\":\"https:\\\/\\\/ecosupplements.be\\\/fr\\\/#website\",\"url\":\"https:\\\/\\\/ecosupplements.be\\\/fr\\\/\",\"name\":\"ECO Supplements\",\"description\":\"Eco Supplements - Gezonde supplementen\",\"publisher\":{\"@id\":\"https:\\\/\\\/ecosupplements.be\\\/fr\\\/#organization\"},\"potentialAction\":[{\"@type\":\"SearchAction\",\"target\":{\"@type\":\"EntryPoint\",\"urlTemplate\":\"https:\\\/\\\/ecosupplements.be\\\/fr\\\/?s={search_term_string}\"},\"query-input\":{\"@type\":\"PropertyValueSpecification\",\"valueRequired\":true,\"valueName\":\"search_term_string\"}}],\"inLanguage\":\"fr-FR\"},{\"@type\":\"Organization\",\"@id\":\"https:\\\/\\\/ecosupplements.be\\\/fr\\\/#organization\",\"name\":\"Eco Supplements\",\"url\":\"https:\\\/\\\/ecosupplements.be\\\/fr\\\/\",\"logo\":{\"@type\":\"ImageObject\",\"inLanguage\":\"fr-FR\",\"@id\":\"https:\\\/\\\/ecosupplements.be\\\/fr\\\/#\\\/schema\\\/logo\\\/image\\\/\",\"url\":\"https:\\\/\\\/ecosupplements.be\\\/wp-content\\\/uploads\\\/2022\\\/06\\\/ecosupplement-family.png\",\"contentUrl\":\"https:\\\/\\\/ecosupplements.be\\\/wp-content\\\/uploads\\\/2022\\\/06\\\/ecosupplement-family.png\",\"width\":593,\"height\":374,\"caption\":\"Eco Supplements\"},\"image\":{\"@id\":\"https:\\\/\\\/ecosupplements.be\\\/fr\\\/#\\\/schema\\\/logo\\\/image\\\/\"}}]}<\/script>\n<meta property=\"product:brand\" content=\"Life Extension\" \/>\n<meta property=\"product:price:amount\" content=\"19.53\" \/>\n<meta property=\"product:price:currency\" content=\"EUR\" \/>\n<meta property=\"og:availability\" content=\"instock\" \/>\n<meta property=\"product:availability\" content=\"instock\" \/>\n<meta property=\"product:retailer_item_id\" content=\"737870132899\" \/>\n<meta property=\"product:condition\" content=\"new\" \/>\n<!-- \/ Yoast SEO Premium plugin. -->","yoast_head_json":{"title":"Only Trace Minerals - 90 vcaps - ECO Supplements","description":"Wij hebben een ruime keuze aan producten van Only Trace Minerals - 90 vcaps . Winkel bij Eco Supplements altijd gratis verzending boven 100\u20ac","robots":{"index":"index","follow":"follow","max-snippet":"max-snippet:-1","max-image-preview":"max-image-preview:large","max-video-preview":"max-video-preview:-1"},"canonical":"https:\/\/ecosupplements.be\/fr\/produit\/only-trace-minerals-90-vcaps\/","og_locale":"fr_FR","og_type":"article","og_title":"Only Trace Minerals - 90 vcaps","og_description":"Wij hebben een ruime keuze aan producten van Only Trace Minerals - 90 vcaps . Winkel bij Eco Supplements altijd gratis verzending boven 100\u20ac","og_url":"https:\/\/ecosupplements.be\/fr\/produit\/only-trace-minerals-90-vcaps\/","og_site_name":"ECO Supplements","article_modified_time":"2025-08-27T10:22:38+00:00","og_image":[{"width":750,"height":750,"url":"https:\/\/ecosupplements.be\/wp-content\/uploads\/2025\/08\/Life-Extension-Only-Trace-Minerals-90-vcaps-1.jpg","type":"image\/jpeg"}],"twitter_card":"summary_large_image","twitter_misc":{"Prix":"19.53&nbsp;&euro;","Disponibilit\u00e9":"En stock"},"schema":{"@context":"https:\/\/schema.org","@graph":[{"@type":["WebPage","ItemPage"],"@id":"https:\/\/ecosupplements.be\/fr\/produit\/only-trace-minerals-90-vcaps\/","url":"https:\/\/ecosupplements.be\/fr\/produit\/only-trace-minerals-90-vcaps\/","name":"Only Trace Minerals - 90 vcaps - ECO Supplements","isPartOf":{"@id":"https:\/\/ecosupplements.be\/fr\/#website"},"primaryImageOfPage":{"@id":"https:\/\/ecosupplements.be\/fr\/produit\/only-trace-minerals-90-vcaps\/#primaryimage"},"image":{"@id":"https:\/\/ecosupplements.be\/fr\/produit\/only-trace-minerals-90-vcaps\/#primaryimage"},"thumbnailUrl":"https:\/\/ecosupplements.be\/wp-content\/uploads\/2025\/08\/Life-Extension-Only-Trace-Minerals-90-vcaps-1.jpg","datePublished":"2022-06-28T09:17:40+00:00","dateModified":"2025-08-27T10:22:38+00:00","description":"Wij hebben een ruime keuze aan producten van Only Trace Minerals - 90 vcaps . Winkel bij Eco Supplements altijd gratis verzending boven 100\u20ac","breadcrumb":{"@id":"https:\/\/ecosupplements.be\/fr\/produit\/only-trace-minerals-90-vcaps\/#breadcrumb"},"inLanguage":"fr-FR","potentialAction":[{"@type":"ReadAction","target":["https:\/\/ecosupplements.be\/fr\/produit\/only-trace-minerals-90-vcaps\/"]}]},{"@type":"ImageObject","inLanguage":"fr-FR","@id":"https:\/\/ecosupplements.be\/fr\/produit\/only-trace-minerals-90-vcaps\/#primaryimage","url":"https:\/\/ecosupplements.be\/wp-content\/uploads\/2025\/08\/Life-Extension-Only-Trace-Minerals-90-vcaps-1.jpg","contentUrl":"https:\/\/ecosupplements.be\/wp-content\/uploads\/2025\/08\/Life-Extension-Only-Trace-Minerals-90-vcaps-1.jpg","width":750,"height":750},{"@type":"BreadcrumbList","@id":"https:\/\/ecosupplements.be\/fr\/produit\/only-trace-minerals-90-vcaps\/#breadcrumb","itemListElement":[{"@type":"ListItem","position":1,"name":"Home","item":"https:\/\/ecosupplements.be\/fr\/"},{"@type":"ListItem","position":2,"name":"Boutique","item":"https:\/\/ecosupplements.be\/fr\/boutique\/"},{"@type":"ListItem","position":3,"name":"Only Trace Minerals &#8211; 90 vcaps"}]},{"@type":"WebSite","@id":"https:\/\/ecosupplements.be\/fr\/#website","url":"https:\/\/ecosupplements.be\/fr\/","name":"ECO Supplements","description":"Eco Supplements - Gezonde supplementen","publisher":{"@id":"https:\/\/ecosupplements.be\/fr\/#organization"},"potentialAction":[{"@type":"SearchAction","target":{"@type":"EntryPoint","urlTemplate":"https:\/\/ecosupplements.be\/fr\/?s={search_term_string}"},"query-input":{"@type":"PropertyValueSpecification","valueRequired":true,"valueName":"search_term_string"}}],"inLanguage":"fr-FR"},{"@type":"Organization","@id":"https:\/\/ecosupplements.be\/fr\/#organization","name":"Eco Supplements","url":"https:\/\/ecosupplements.be\/fr\/","logo":{"@type":"ImageObject","inLanguage":"fr-FR","@id":"https:\/\/ecosupplements.be\/fr\/#\/schema\/logo\/image\/","url":"https:\/\/ecosupplements.be\/wp-content\/uploads\/2022\/06\/ecosupplement-family.png","contentUrl":"https:\/\/ecosupplements.be\/wp-content\/uploads\/2022\/06\/ecosupplement-family.png","width":593,"height":374,"caption":"Eco Supplements"},"image":{"@id":"https:\/\/ecosupplements.be\/fr\/#\/schema\/logo\/image\/"}}]},"product_brand":"Life Extension","product_price_amount":"19.53","product_price_currency":"EUR","og_availability":"instock","product_availability":"instock","product_retailer_item_id":"737870132899","product_condition":"new"},"_links":{"self":[{"href":"https:\/\/ecosupplements.be\/fr\/wp-json\/wp\/v2\/product\/281455","targetHints":{"allow":["GET"]}}],"collection":[{"href":"https:\/\/ecosupplements.be\/fr\/wp-json\/wp\/v2\/product"}],"about":[{"href":"https:\/\/ecosupplements.be\/fr\/wp-json\/wp\/v2\/types\/product"}],"replies":[{"embeddable":true,"href":"https:\/\/ecosupplements.be\/fr\/wp-json\/wp\/v2\/comments?post=281455"}],"wp:featuredmedia":[{"embeddable":true,"href":"https:\/\/ecosupplements.be\/fr\/wp-json\/wp\/v2\/media\/247648"}],"wp:attachment":[{"href":"https:\/\/ecosupplements.be\/fr\/wp-json\/wp\/v2\/media?parent=281455"}],"wp:term":[{"taxonomy":"product_brand","embeddable":true,"href":"https:\/\/ecosupplements.be\/fr\/wp-json\/wp\/v2\/product_brand?post=281455"},{"taxonomy":"product_cat","embeddable":true,"href":"https:\/\/ecosupplements.be\/fr\/wp-json\/wp\/v2\/product_cat?post=281455"},{"taxonomy":"product_tag","embeddable":true,"href":"https:\/\/ecosupplements.be\/fr\/wp-json\/wp\/v2\/product_tag?post=281455"}],"curies":[{"name":"wp","href":"https:\/\/api.w.org\/{rel}","templated":true}]}}