{"id":281472,"date":"2022-06-28T10:17:47","date_gmt":"2022-06-28T09:17:47","guid":{"rendered":"https:\/\/ecosupplements.be\/product\/potassium-avec-magnesium-a-liberation-prolongee-60-vcaps\/"},"modified":"2025-08-27T11:23:28","modified_gmt":"2025-08-27T10:23:28","slug":"potassium-avec-magnesium-a-liberation-prolongee-60-vcaps","status":"publish","type":"product","link":"https:\/\/ecosupplements.be\/fr\/produit\/potassium-avec-magnesium-a-liberation-prolongee-60-vcaps\/","title":{"rendered":"Potassium avec Magn\u00e9sium \u00e0 lib\u00e9ration prolong\u00e9e &#8211; 60 vcaps"},"content":{"rendered":"<h1 style=\"text-align: center;\">Life Extension &#8211; Potassium avec magn\u00e9sium \u00e0 lib\u00e9ration prolong\u00e9e<\/h1>\n<h3 style=\"text-align: center;\">Potassium IR avec magn\u00e9sium XR 6 heures<\/h3>\n<p>Potassium IR avec magn\u00e9sium XR 6 heures<br \/>\nSuppl\u00e9ment alimentaire<br \/>\nNon-OGM <\/p>\n<p>Le magn\u00e9sium et le potassium sont tous deux n\u00e9cessaires au maintien d&#8217;une tension art\u00e9rielle saine, d\u00e9j\u00e0 dans la fourchette normale. Mais la plupart d&#8217;entre nous ne consomment pas assez de magn\u00e9sium dans notre alimentation. Il en va de m\u00eame pour le potassium. Nous avons donc combin\u00e9 notre magn\u00e9sium \u00e0 lib\u00e9ration imm\u00e9diate et prolong\u00e9e avec une dose saine de potassium. Ce suppl\u00e9ment \u00e0 double action fournit un soutien puissant \u00e0 la pression art\u00e9rielle.<\/p>\n<p>Les avantages en un coup d&#8217;\u0153il :<\/p>\n<p>Favorise une tension art\u00e9rielle saine, d\u00e9j\u00e0 dans la fourchette normale<br \/>\nLe magn\u00e9sium favorise une bonne circulation sanguine en d\u00e9tendant les muscles lisses de vos vaisseaux sanguins.<br \/>\nLe potassium favorise la sant\u00e9 cardiovasculaire en soutenant une vasodilatation saine et en encourageant l&#8217;organisme \u00e0 expulser le sodium4.<br \/>\nLa combinaison de ces deux ingr\u00e9dients offre un soutien puissant \u00e0 la pression art\u00e9rielle<\/p>\n<p>Plus d&#8217;informations sur le Potassium avec Magn\u00e9sium \u00e0 lib\u00e9ration prolong\u00e9e<\/p>\n<p>La pression art\u00e9rielle est un probl\u00e8me de sant\u00e9 majeur pour de nombreux Am\u00e9ricains. Le magn\u00e9sium et le potassium sont essentiels pour favoriser une pression art\u00e9rielle saine. Cependant, l&#8217;apport de ces 2 min\u00e9raux dans votre alimentation habituelle est souvent insuffisant. Nous avons donc cr\u00e9\u00e9 un suppl\u00e9ment de magn\u00e9sium\/potassium qui favorise la sant\u00e9 cardiovasculaire, aide \u00e0 la r\u00e9gulation de la tension art\u00e9rielle et peut \u00eatre pris avec ou sans les autres suppl\u00e9ments Life Extension de soutien de la tension art\u00e9rielle.<\/p>\n<p><img decoding=\"async\" src=\"https:\/\/ecosupplements.be\/wp-content\/uploads\/2025\/08\/non-gmo-1.png\" title=\"Non-OGM\" alt=\"Non-GMO\"><\/p>\n","protected":false},"excerpt":{"rendered":"<p>Life Extension &#8211; Potassium avec magn\u00e9sium \u00e0 lib\u00e9ration prolong\u00e9e Potassium IR avec magn\u00e9sium XR 6 heures Potassium IR avec magn\u00e9sium XR 6 heures Suppl\u00e9ment alimentaire Non-OGM Le magn\u00e9sium et le potassium sont tous deux n\u00e9cessaires au maintien d&#8217;une tension art\u00e9rielle saine, d\u00e9j\u00e0 dans la fourchette normale. Mais la plupart d&#8217;entre nous ne consomment pas assez [&#8230;]\n","protected":false},"featured_media":247733,"comment_status":"open","ping_status":"open","template":"","meta":[],"product_brand":[4723],"product_cat":[5066,5064,5099,5101,5053],"product_tag":[],"class_list":{"0":"post-281472","1":"product","2":"type-product","3":"status-publish","4":"has-post-thumbnail","6":"product_brand-life-extension-2","7":"product_cat-magnesium-mineraux-simples","8":"product_cat-mineraux-simples","9":"product_cat-multi-mineraux","10":"product_cat-multimineraux","11":"product_cat-vitamines-et-mineraux","13":"first","14":"instock","15":"taxable","16":"shipping-taxable","17":"purchasable","18":"product-type-simple"},"yoast_head":"<!-- This site is optimized with the Yoast SEO Premium plugin v27.3 (Yoast SEO v27.3) - https:\/\/yoast.com\/product\/yoast-seo-premium-wordpress\/ -->\n<title>Potassium avec Magn\u00e9sium \u00e0 lib\u00e9ration prolong\u00e9e - 60 vcaps - ECO Supplements<\/title>\n<meta name=\"description\" content=\"Wij hebben een ruime keuze aan producten van Potassium avec Magn\u00e9sium \u00e0 lib\u00e9ration prolong\u00e9e - 60 vcaps . Winkel bij Eco Supplements altijd gratis verzending boven 100\u20ac\" \/>\n<meta name=\"robots\" content=\"index, follow, max-snippet:-1, max-image-preview:large, max-video-preview:-1\" \/>\n<link rel=\"canonical\" href=\"https:\/\/ecosupplements.be\/fr\/produit\/potassium-avec-magnesium-a-liberation-prolongee-60-vcaps\/\" \/>\n<meta property=\"og:locale\" content=\"fr_FR\" \/>\n<meta property=\"og:type\" content=\"article\" \/>\n<meta property=\"og:title\" content=\"Potassium avec Magn\u00e9sium \u00e0 lib\u00e9ration prolong\u00e9e - 60 vcaps\" \/>\n<meta property=\"og:description\" content=\"Wij hebben een ruime keuze aan producten van Potassium avec Magn\u00e9sium \u00e0 lib\u00e9ration prolong\u00e9e - 60 vcaps . Winkel bij Eco Supplements altijd gratis verzending boven 100\u20ac\" \/>\n<meta property=\"og:url\" content=\"https:\/\/ecosupplements.be\/fr\/produit\/potassium-avec-magnesium-a-liberation-prolongee-60-vcaps\/\" \/>\n<meta property=\"og:site_name\" content=\"ECO Supplements\" \/>\n<meta property=\"article:modified_time\" content=\"2025-08-27T10:23:28+00:00\" \/>\n<meta property=\"og:image\" content=\"https:\/\/ecosupplements.be\/wp-content\/uploads\/2025\/08\/Life-Extension-Potassium-with-Extend-Release-Magnesium-60-vcaps-1.jpg\" \/>\n\t<meta property=\"og:image:width\" content=\"750\" \/>\n\t<meta property=\"og:image:height\" content=\"750\" \/>\n\t<meta property=\"og:image:type\" content=\"image\/jpeg\" \/>\n<meta name=\"twitter:card\" content=\"summary_large_image\" \/>\n<meta name=\"twitter:label1\" content=\"Prix\" \/>\n\t<meta name=\"twitter:data1\" content=\"19.64&nbsp;&euro;\" \/>\n\t<meta name=\"twitter:label2\" content=\"Disponibilit\u00e9\" \/>\n\t<meta name=\"twitter:data2\" content=\"En stock\" \/>\n<script type=\"application\/ld+json\" class=\"yoast-schema-graph\">{\"@context\":\"https:\\\/\\\/schema.org\",\"@graph\":[{\"@type\":[\"WebPage\",\"ItemPage\"],\"@id\":\"https:\\\/\\\/ecosupplements.be\\\/fr\\\/produit\\\/potassium-avec-magnesium-a-liberation-prolongee-60-vcaps\\\/\",\"url\":\"https:\\\/\\\/ecosupplements.be\\\/fr\\\/produit\\\/potassium-avec-magnesium-a-liberation-prolongee-60-vcaps\\\/\",\"name\":\"Potassium avec Magn\u00e9sium \u00e0 lib\u00e9ration prolong\u00e9e - 60 vcaps - ECO Supplements\",\"isPartOf\":{\"@id\":\"https:\\\/\\\/ecosupplements.be\\\/fr\\\/#website\"},\"primaryImageOfPage\":{\"@id\":\"https:\\\/\\\/ecosupplements.be\\\/fr\\\/produit\\\/potassium-avec-magnesium-a-liberation-prolongee-60-vcaps\\\/#primaryimage\"},\"image\":{\"@id\":\"https:\\\/\\\/ecosupplements.be\\\/fr\\\/produit\\\/potassium-avec-magnesium-a-liberation-prolongee-60-vcaps\\\/#primaryimage\"},\"thumbnailUrl\":\"https:\\\/\\\/ecosupplements.be\\\/wp-content\\\/uploads\\\/2025\\\/08\\\/Life-Extension-Potassium-with-Extend-Release-Magnesium-60-vcaps-1.jpg\",\"datePublished\":\"2022-06-28T09:17:47+00:00\",\"dateModified\":\"2025-08-27T10:23:28+00:00\",\"description\":\"Wij hebben een ruime keuze aan producten van Potassium avec Magn\u00e9sium \u00e0 lib\u00e9ration prolong\u00e9e - 60 vcaps . Winkel bij Eco Supplements altijd gratis verzending boven 100\u20ac\",\"breadcrumb\":{\"@id\":\"https:\\\/\\\/ecosupplements.be\\\/fr\\\/produit\\\/potassium-avec-magnesium-a-liberation-prolongee-60-vcaps\\\/#breadcrumb\"},\"inLanguage\":\"fr-FR\",\"potentialAction\":[{\"@type\":\"ReadAction\",\"target\":[\"https:\\\/\\\/ecosupplements.be\\\/fr\\\/produit\\\/potassium-avec-magnesium-a-liberation-prolongee-60-vcaps\\\/\"]}]},{\"@type\":\"ImageObject\",\"inLanguage\":\"fr-FR\",\"@id\":\"https:\\\/\\\/ecosupplements.be\\\/fr\\\/produit\\\/potassium-avec-magnesium-a-liberation-prolongee-60-vcaps\\\/#primaryimage\",\"url\":\"https:\\\/\\\/ecosupplements.be\\\/wp-content\\\/uploads\\\/2025\\\/08\\\/Life-Extension-Potassium-with-Extend-Release-Magnesium-60-vcaps-1.jpg\",\"contentUrl\":\"https:\\\/\\\/ecosupplements.be\\\/wp-content\\\/uploads\\\/2025\\\/08\\\/Life-Extension-Potassium-with-Extend-Release-Magnesium-60-vcaps-1.jpg\",\"width\":750,\"height\":750},{\"@type\":\"BreadcrumbList\",\"@id\":\"https:\\\/\\\/ecosupplements.be\\\/fr\\\/produit\\\/potassium-avec-magnesium-a-liberation-prolongee-60-vcaps\\\/#breadcrumb\",\"itemListElement\":[{\"@type\":\"ListItem\",\"position\":1,\"name\":\"Home\",\"item\":\"https:\\\/\\\/ecosupplements.be\\\/fr\\\/\"},{\"@type\":\"ListItem\",\"position\":2,\"name\":\"Boutique\",\"item\":\"https:\\\/\\\/ecosupplements.be\\\/fr\\\/boutique\\\/\"},{\"@type\":\"ListItem\",\"position\":3,\"name\":\"Potassium avec Magn\u00e9sium \u00e0 lib\u00e9ration prolong\u00e9e &#8211; 60 vcaps\"}]},{\"@type\":\"WebSite\",\"@id\":\"https:\\\/\\\/ecosupplements.be\\\/fr\\\/#website\",\"url\":\"https:\\\/\\\/ecosupplements.be\\\/fr\\\/\",\"name\":\"ECO Supplements\",\"description\":\"Eco Supplements - Gezonde supplementen\",\"publisher\":{\"@id\":\"https:\\\/\\\/ecosupplements.be\\\/fr\\\/#organization\"},\"potentialAction\":[{\"@type\":\"SearchAction\",\"target\":{\"@type\":\"EntryPoint\",\"urlTemplate\":\"https:\\\/\\\/ecosupplements.be\\\/fr\\\/?s={search_term_string}\"},\"query-input\":{\"@type\":\"PropertyValueSpecification\",\"valueRequired\":true,\"valueName\":\"search_term_string\"}}],\"inLanguage\":\"fr-FR\"},{\"@type\":\"Organization\",\"@id\":\"https:\\\/\\\/ecosupplements.be\\\/fr\\\/#organization\",\"name\":\"Eco Supplements\",\"url\":\"https:\\\/\\\/ecosupplements.be\\\/fr\\\/\",\"logo\":{\"@type\":\"ImageObject\",\"inLanguage\":\"fr-FR\",\"@id\":\"https:\\\/\\\/ecosupplements.be\\\/fr\\\/#\\\/schema\\\/logo\\\/image\\\/\",\"url\":\"https:\\\/\\\/ecosupplements.be\\\/wp-content\\\/uploads\\\/2022\\\/06\\\/ecosupplement-family.png\",\"contentUrl\":\"https:\\\/\\\/ecosupplements.be\\\/wp-content\\\/uploads\\\/2022\\\/06\\\/ecosupplement-family.png\",\"width\":593,\"height\":374,\"caption\":\"Eco Supplements\"},\"image\":{\"@id\":\"https:\\\/\\\/ecosupplements.be\\\/fr\\\/#\\\/schema\\\/logo\\\/image\\\/\"}}]}<\/script>\n<meta property=\"product:brand\" content=\"Life Extension\" \/>\n<meta property=\"product:price:amount\" content=\"19.64\" \/>\n<meta property=\"product:price:currency\" content=\"EUR\" \/>\n<meta property=\"og:availability\" content=\"instock\" \/>\n<meta property=\"product:availability\" content=\"instock\" \/>\n<meta property=\"product:retailer_item_id\" content=\"737870230960\" \/>\n<meta property=\"product:condition\" content=\"new\" \/>\n<!-- \/ Yoast SEO Premium plugin. -->","yoast_head_json":{"title":"Potassium avec Magn\u00e9sium \u00e0 lib\u00e9ration prolong\u00e9e - 60 vcaps - ECO Supplements","description":"Wij hebben een ruime keuze aan producten van Potassium avec Magn\u00e9sium \u00e0 lib\u00e9ration prolong\u00e9e - 60 vcaps . Winkel bij Eco Supplements altijd gratis verzending boven 100\u20ac","robots":{"index":"index","follow":"follow","max-snippet":"max-snippet:-1","max-image-preview":"max-image-preview:large","max-video-preview":"max-video-preview:-1"},"canonical":"https:\/\/ecosupplements.be\/fr\/produit\/potassium-avec-magnesium-a-liberation-prolongee-60-vcaps\/","og_locale":"fr_FR","og_type":"article","og_title":"Potassium avec Magn\u00e9sium \u00e0 lib\u00e9ration prolong\u00e9e - 60 vcaps","og_description":"Wij hebben een ruime keuze aan producten van Potassium avec Magn\u00e9sium \u00e0 lib\u00e9ration prolong\u00e9e - 60 vcaps . Winkel bij Eco Supplements altijd gratis verzending boven 100\u20ac","og_url":"https:\/\/ecosupplements.be\/fr\/produit\/potassium-avec-magnesium-a-liberation-prolongee-60-vcaps\/","og_site_name":"ECO Supplements","article_modified_time":"2025-08-27T10:23:28+00:00","og_image":[{"width":750,"height":750,"url":"https:\/\/ecosupplements.be\/wp-content\/uploads\/2025\/08\/Life-Extension-Potassium-with-Extend-Release-Magnesium-60-vcaps-1.jpg","type":"image\/jpeg"}],"twitter_card":"summary_large_image","twitter_misc":{"Prix":"19.64&nbsp;&euro;","Disponibilit\u00e9":"En stock"},"schema":{"@context":"https:\/\/schema.org","@graph":[{"@type":["WebPage","ItemPage"],"@id":"https:\/\/ecosupplements.be\/fr\/produit\/potassium-avec-magnesium-a-liberation-prolongee-60-vcaps\/","url":"https:\/\/ecosupplements.be\/fr\/produit\/potassium-avec-magnesium-a-liberation-prolongee-60-vcaps\/","name":"Potassium avec Magn\u00e9sium \u00e0 lib\u00e9ration prolong\u00e9e - 60 vcaps - ECO Supplements","isPartOf":{"@id":"https:\/\/ecosupplements.be\/fr\/#website"},"primaryImageOfPage":{"@id":"https:\/\/ecosupplements.be\/fr\/produit\/potassium-avec-magnesium-a-liberation-prolongee-60-vcaps\/#primaryimage"},"image":{"@id":"https:\/\/ecosupplements.be\/fr\/produit\/potassium-avec-magnesium-a-liberation-prolongee-60-vcaps\/#primaryimage"},"thumbnailUrl":"https:\/\/ecosupplements.be\/wp-content\/uploads\/2025\/08\/Life-Extension-Potassium-with-Extend-Release-Magnesium-60-vcaps-1.jpg","datePublished":"2022-06-28T09:17:47+00:00","dateModified":"2025-08-27T10:23:28+00:00","description":"Wij hebben een ruime keuze aan producten van Potassium avec Magn\u00e9sium \u00e0 lib\u00e9ration prolong\u00e9e - 60 vcaps . Winkel bij Eco Supplements altijd gratis verzending boven 100\u20ac","breadcrumb":{"@id":"https:\/\/ecosupplements.be\/fr\/produit\/potassium-avec-magnesium-a-liberation-prolongee-60-vcaps\/#breadcrumb"},"inLanguage":"fr-FR","potentialAction":[{"@type":"ReadAction","target":["https:\/\/ecosupplements.be\/fr\/produit\/potassium-avec-magnesium-a-liberation-prolongee-60-vcaps\/"]}]},{"@type":"ImageObject","inLanguage":"fr-FR","@id":"https:\/\/ecosupplements.be\/fr\/produit\/potassium-avec-magnesium-a-liberation-prolongee-60-vcaps\/#primaryimage","url":"https:\/\/ecosupplements.be\/wp-content\/uploads\/2025\/08\/Life-Extension-Potassium-with-Extend-Release-Magnesium-60-vcaps-1.jpg","contentUrl":"https:\/\/ecosupplements.be\/wp-content\/uploads\/2025\/08\/Life-Extension-Potassium-with-Extend-Release-Magnesium-60-vcaps-1.jpg","width":750,"height":750},{"@type":"BreadcrumbList","@id":"https:\/\/ecosupplements.be\/fr\/produit\/potassium-avec-magnesium-a-liberation-prolongee-60-vcaps\/#breadcrumb","itemListElement":[{"@type":"ListItem","position":1,"name":"Home","item":"https:\/\/ecosupplements.be\/fr\/"},{"@type":"ListItem","position":2,"name":"Boutique","item":"https:\/\/ecosupplements.be\/fr\/boutique\/"},{"@type":"ListItem","position":3,"name":"Potassium avec Magn\u00e9sium \u00e0 lib\u00e9ration prolong\u00e9e &#8211; 60 vcaps"}]},{"@type":"WebSite","@id":"https:\/\/ecosupplements.be\/fr\/#website","url":"https:\/\/ecosupplements.be\/fr\/","name":"ECO Supplements","description":"Eco Supplements - Gezonde supplementen","publisher":{"@id":"https:\/\/ecosupplements.be\/fr\/#organization"},"potentialAction":[{"@type":"SearchAction","target":{"@type":"EntryPoint","urlTemplate":"https:\/\/ecosupplements.be\/fr\/?s={search_term_string}"},"query-input":{"@type":"PropertyValueSpecification","valueRequired":true,"valueName":"search_term_string"}}],"inLanguage":"fr-FR"},{"@type":"Organization","@id":"https:\/\/ecosupplements.be\/fr\/#organization","name":"Eco Supplements","url":"https:\/\/ecosupplements.be\/fr\/","logo":{"@type":"ImageObject","inLanguage":"fr-FR","@id":"https:\/\/ecosupplements.be\/fr\/#\/schema\/logo\/image\/","url":"https:\/\/ecosupplements.be\/wp-content\/uploads\/2022\/06\/ecosupplement-family.png","contentUrl":"https:\/\/ecosupplements.be\/wp-content\/uploads\/2022\/06\/ecosupplement-family.png","width":593,"height":374,"caption":"Eco Supplements"},"image":{"@id":"https:\/\/ecosupplements.be\/fr\/#\/schema\/logo\/image\/"}}]},"product_brand":"Life Extension","product_price_amount":"19.64","product_price_currency":"EUR","og_availability":"instock","product_availability":"instock","product_retailer_item_id":"737870230960","product_condition":"new"},"_links":{"self":[{"href":"https:\/\/ecosupplements.be\/fr\/wp-json\/wp\/v2\/product\/281472","targetHints":{"allow":["GET"]}}],"collection":[{"href":"https:\/\/ecosupplements.be\/fr\/wp-json\/wp\/v2\/product"}],"about":[{"href":"https:\/\/ecosupplements.be\/fr\/wp-json\/wp\/v2\/types\/product"}],"replies":[{"embeddable":true,"href":"https:\/\/ecosupplements.be\/fr\/wp-json\/wp\/v2\/comments?post=281472"}],"wp:featuredmedia":[{"embeddable":true,"href":"https:\/\/ecosupplements.be\/fr\/wp-json\/wp\/v2\/media\/247733"}],"wp:attachment":[{"href":"https:\/\/ecosupplements.be\/fr\/wp-json\/wp\/v2\/media?parent=281472"}],"wp:term":[{"taxonomy":"product_brand","embeddable":true,"href":"https:\/\/ecosupplements.be\/fr\/wp-json\/wp\/v2\/product_brand?post=281472"},{"taxonomy":"product_cat","embeddable":true,"href":"https:\/\/ecosupplements.be\/fr\/wp-json\/wp\/v2\/product_cat?post=281472"},{"taxonomy":"product_tag","embeddable":true,"href":"https:\/\/ecosupplements.be\/fr\/wp-json\/wp\/v2\/product_tag?post=281472"}],"curies":[{"name":"wp","href":"https:\/\/api.w.org\/{rel}","templated":true}]}}