{"id":281482,"date":"2022-06-28T10:17:54","date_gmt":"2022-06-28T09:17:54","guid":{"rendered":"https:\/\/ecosupplements.be\/product\/same-s-adenosyl-methionine-200mg-30-comprimes-a-enrobage-enterique\/"},"modified":"2025-08-27T11:23:55","modified_gmt":"2025-08-27T10:23:55","slug":"same-s-adenosyl-methionine-200mg-30-comprimes-a-enrobage-enterique","status":"publish","type":"product","link":"https:\/\/ecosupplements.be\/fr\/produit\/same-s-adenosyl-methionine-200mg-30-comprimes-a-enrobage-enterique\/","title":{"rendered":"SAMe S-Adenosyl-Methionine, 200mg &#8211; 30 comprim\u00e9s \u00e0 enrobage ent\u00e9rique"},"content":{"rendered":"<h1 style=\"text-align: center;\">Life Extension &#8211; SAMe S-Adenosyl-M\u00e9thionine<\/h1>\n<p>Notre meilleure vente SAMe, ou S-Adenosyl-Methionine, profite \u00e0 de nombreuses fonctions m\u00e9taboliques critiques dans le corps. Ce compos\u00e9 \u00e9tonnant aide \u00e0 maintenir une humeur stable et soutient la sant\u00e9 des articulations et du foie. <\/p>\n<p>La SAMe participe \u00e0 de nombreuses fonctions m\u00e9taboliques critiques en donnant des groupes m\u00e9thyles \u00e0 d&#8217;autres mol\u00e9cules. Les groupes m\u00e9thyles doivent \u00eatre transf\u00e9r\u00e9s entre les compos\u00e9s dans le corps pour aider \u00e0 des choses comme la signalisation des neurotransmetteurs et la fonction des prot\u00e9ines. Des recherches en laboratoire ont montr\u00e9 que les niveaux de SAMe semblent diminuer avec le temps.<br \/>\nLa SAMe est un compos\u00e9 qui a \u00e9t\u00e9 \u00e9tudi\u00e9 par de nombreux scientifiques, chercheurs et m\u00eame par le gouvernement am\u00e9ricain.<br \/>\nAvantages de la SAMe<br \/>\nAide \u00e0 maintenir une humeur stable<br \/>\nPromotes liver health<br \/>\nFavorise une fonction articulaire saine<\/p>\n<p><img decoding=\"async\" src=\"https:\/\/ecosupplements.be\/wp-content\/uploads\/2025\/08\/non-gmo-1.png\" title=\"Non-OGM\" alt=\"Non-GMO\"><\/p>\n","protected":false},"excerpt":{"rendered":"<p>Life Extension &#8211; SAMe S-Adenosyl-M\u00e9thionine Notre meilleure vente SAMe, ou S-Adenosyl-Methionine, profite \u00e0 de nombreuses fonctions m\u00e9taboliques critiques dans le corps. Ce compos\u00e9 \u00e9tonnant aide \u00e0 maintenir une humeur stable et soutient la sant\u00e9 des articulations et du foie. La SAMe participe \u00e0 de nombreuses fonctions m\u00e9taboliques critiques en donnant des groupes m\u00e9thyles \u00e0 d&#8217;autres [&#8230;]\n","protected":false},"featured_media":247785,"comment_status":"open","ping_status":"open","template":"","meta":[],"product_brand":[4723],"product_cat":[5067,5052,5083,5085,5053],"product_tag":[5069],"class_list":{"0":"post-281482","1":"product","2":"type-product","3":"status-publish","4":"has-post-thumbnail","6":"product_brand-life-extension-2","7":"product_cat-acides-amines-et-bcaa","8":"product_cat-sante-et-bien-etre","9":"product_cat-soutien-aux-articulations","10":"product_cat-soutien-pour-les-articulations","11":"product_cat-vitamines-et-mineraux","12":"product_tag-topeco-2","14":"first","15":"instock","16":"taxable","17":"shipping-taxable","18":"purchasable","19":"product-type-simple"},"yoast_head":"<!-- This site is optimized with the Yoast SEO Premium plugin v27.3 (Yoast SEO v27.3) - https:\/\/yoast.com\/product\/yoast-seo-premium-wordpress\/ -->\n<title>SAMe S-Adenosyl-Methionine, 200mg - 30 comprim\u00e9s \u00e0 enrobage ent\u00e9rique - ECO Supplements<\/title>\n<meta name=\"description\" content=\"Wij hebben een ruime keuze aan producten van SAMe S-Adenosyl-Methionine, 200mg - 30 comprim\u00e9s \u00e0 enrobage ent\u00e9rique . Winkel bij Eco Supplements altijd gratis verzending boven 100\u20ac\" \/>\n<meta name=\"robots\" content=\"index, follow, max-snippet:-1, max-image-preview:large, max-video-preview:-1\" \/>\n<link rel=\"canonical\" href=\"https:\/\/ecosupplements.be\/fr\/produit\/same-s-adenosyl-methionine-200mg-30-comprimes-a-enrobage-enterique\/\" \/>\n<meta property=\"og:locale\" content=\"fr_FR\" \/>\n<meta property=\"og:type\" content=\"article\" \/>\n<meta property=\"og:title\" content=\"SAMe S-Adenosyl-Methionine, 200mg - 30 comprim\u00e9s \u00e0 enrobage ent\u00e9rique\" \/>\n<meta property=\"og:description\" content=\"Wij hebben een ruime keuze aan producten van SAMe S-Adenosyl-Methionine, 200mg - 30 comprim\u00e9s \u00e0 enrobage ent\u00e9rique . Winkel bij Eco Supplements altijd gratis verzending boven 100\u20ac\" \/>\n<meta property=\"og:url\" content=\"https:\/\/ecosupplements.be\/fr\/produit\/same-s-adenosyl-methionine-200mg-30-comprimes-a-enrobage-enterique\/\" \/>\n<meta property=\"og:site_name\" content=\"ECO Supplements\" \/>\n<meta property=\"article:modified_time\" content=\"2025-08-27T10:23:55+00:00\" \/>\n<meta property=\"og:image\" content=\"https:\/\/ecosupplements.be\/wp-content\/uploads\/2025\/08\/Life-Extension-SAMe-S-Adenosyl-Methionine-200mg-30-enteric-coated-tabs-1.jpg\" \/>\n\t<meta property=\"og:image:width\" content=\"750\" \/>\n\t<meta property=\"og:image:height\" content=\"750\" \/>\n\t<meta property=\"og:image:type\" content=\"image\/jpeg\" \/>\n<meta name=\"twitter:card\" content=\"summary_large_image\" \/>\n<meta name=\"twitter:label1\" content=\"Prix\" \/>\n\t<meta name=\"twitter:data1\" content=\"34.71&nbsp;&euro;\" \/>\n\t<meta name=\"twitter:label2\" content=\"Disponibilit\u00e9\" \/>\n\t<meta name=\"twitter:data2\" content=\"En stock\" \/>\n<script type=\"application\/ld+json\" class=\"yoast-schema-graph\">{\"@context\":\"https:\\\/\\\/schema.org\",\"@graph\":[{\"@type\":[\"WebPage\",\"ItemPage\"],\"@id\":\"https:\\\/\\\/ecosupplements.be\\\/fr\\\/produit\\\/same-s-adenosyl-methionine-200mg-30-comprimes-a-enrobage-enterique\\\/\",\"url\":\"https:\\\/\\\/ecosupplements.be\\\/fr\\\/produit\\\/same-s-adenosyl-methionine-200mg-30-comprimes-a-enrobage-enterique\\\/\",\"name\":\"SAMe S-Adenosyl-Methionine, 200mg - 30 comprim\u00e9s \u00e0 enrobage ent\u00e9rique - ECO Supplements\",\"isPartOf\":{\"@id\":\"https:\\\/\\\/ecosupplements.be\\\/fr\\\/#website\"},\"primaryImageOfPage\":{\"@id\":\"https:\\\/\\\/ecosupplements.be\\\/fr\\\/produit\\\/same-s-adenosyl-methionine-200mg-30-comprimes-a-enrobage-enterique\\\/#primaryimage\"},\"image\":{\"@id\":\"https:\\\/\\\/ecosupplements.be\\\/fr\\\/produit\\\/same-s-adenosyl-methionine-200mg-30-comprimes-a-enrobage-enterique\\\/#primaryimage\"},\"thumbnailUrl\":\"https:\\\/\\\/ecosupplements.be\\\/wp-content\\\/uploads\\\/2025\\\/08\\\/Life-Extension-SAMe-S-Adenosyl-Methionine-200mg-30-enteric-coated-tabs-1.jpg\",\"datePublished\":\"2022-06-28T09:17:54+00:00\",\"dateModified\":\"2025-08-27T10:23:55+00:00\",\"description\":\"Wij hebben een ruime keuze aan producten van SAMe S-Adenosyl-Methionine, 200mg - 30 comprim\u00e9s \u00e0 enrobage ent\u00e9rique . Winkel bij Eco Supplements altijd gratis verzending boven 100\u20ac\",\"breadcrumb\":{\"@id\":\"https:\\\/\\\/ecosupplements.be\\\/fr\\\/produit\\\/same-s-adenosyl-methionine-200mg-30-comprimes-a-enrobage-enterique\\\/#breadcrumb\"},\"inLanguage\":\"fr-FR\",\"potentialAction\":[{\"@type\":\"ReadAction\",\"target\":[\"https:\\\/\\\/ecosupplements.be\\\/fr\\\/produit\\\/same-s-adenosyl-methionine-200mg-30-comprimes-a-enrobage-enterique\\\/\"]}]},{\"@type\":\"ImageObject\",\"inLanguage\":\"fr-FR\",\"@id\":\"https:\\\/\\\/ecosupplements.be\\\/fr\\\/produit\\\/same-s-adenosyl-methionine-200mg-30-comprimes-a-enrobage-enterique\\\/#primaryimage\",\"url\":\"https:\\\/\\\/ecosupplements.be\\\/wp-content\\\/uploads\\\/2025\\\/08\\\/Life-Extension-SAMe-S-Adenosyl-Methionine-200mg-30-enteric-coated-tabs-1.jpg\",\"contentUrl\":\"https:\\\/\\\/ecosupplements.be\\\/wp-content\\\/uploads\\\/2025\\\/08\\\/Life-Extension-SAMe-S-Adenosyl-Methionine-200mg-30-enteric-coated-tabs-1.jpg\",\"width\":750,\"height\":750},{\"@type\":\"BreadcrumbList\",\"@id\":\"https:\\\/\\\/ecosupplements.be\\\/fr\\\/produit\\\/same-s-adenosyl-methionine-200mg-30-comprimes-a-enrobage-enterique\\\/#breadcrumb\",\"itemListElement\":[{\"@type\":\"ListItem\",\"position\":1,\"name\":\"Home\",\"item\":\"https:\\\/\\\/ecosupplements.be\\\/fr\\\/\"},{\"@type\":\"ListItem\",\"position\":2,\"name\":\"Boutique\",\"item\":\"https:\\\/\\\/ecosupplements.be\\\/fr\\\/boutique\\\/\"},{\"@type\":\"ListItem\",\"position\":3,\"name\":\"SAMe S-Adenosyl-Methionine, 200mg &#8211; 30 comprim\u00e9s \u00e0 enrobage ent\u00e9rique\"}]},{\"@type\":\"WebSite\",\"@id\":\"https:\\\/\\\/ecosupplements.be\\\/fr\\\/#website\",\"url\":\"https:\\\/\\\/ecosupplements.be\\\/fr\\\/\",\"name\":\"ECO Supplements\",\"description\":\"Eco Supplements - Gezonde supplementen\",\"publisher\":{\"@id\":\"https:\\\/\\\/ecosupplements.be\\\/fr\\\/#organization\"},\"potentialAction\":[{\"@type\":\"SearchAction\",\"target\":{\"@type\":\"EntryPoint\",\"urlTemplate\":\"https:\\\/\\\/ecosupplements.be\\\/fr\\\/?s={search_term_string}\"},\"query-input\":{\"@type\":\"PropertyValueSpecification\",\"valueRequired\":true,\"valueName\":\"search_term_string\"}}],\"inLanguage\":\"fr-FR\"},{\"@type\":\"Organization\",\"@id\":\"https:\\\/\\\/ecosupplements.be\\\/fr\\\/#organization\",\"name\":\"Eco Supplements\",\"url\":\"https:\\\/\\\/ecosupplements.be\\\/fr\\\/\",\"logo\":{\"@type\":\"ImageObject\",\"inLanguage\":\"fr-FR\",\"@id\":\"https:\\\/\\\/ecosupplements.be\\\/fr\\\/#\\\/schema\\\/logo\\\/image\\\/\",\"url\":\"https:\\\/\\\/ecosupplements.be\\\/wp-content\\\/uploads\\\/2022\\\/06\\\/ecosupplement-family.png\",\"contentUrl\":\"https:\\\/\\\/ecosupplements.be\\\/wp-content\\\/uploads\\\/2022\\\/06\\\/ecosupplement-family.png\",\"width\":593,\"height\":374,\"caption\":\"Eco Supplements\"},\"image\":{\"@id\":\"https:\\\/\\\/ecosupplements.be\\\/fr\\\/#\\\/schema\\\/logo\\\/image\\\/\"}}]}<\/script>\n<meta property=\"product:brand\" content=\"Life Extension\" \/>\n<meta property=\"product:price:amount\" content=\"34.71\" \/>\n<meta property=\"product:price:currency\" content=\"EUR\" \/>\n<meta property=\"og:availability\" content=\"instock\" \/>\n<meta property=\"product:availability\" content=\"instock\" \/>\n<meta property=\"product:retailer_item_id\" content=\"737870217534\" \/>\n<meta property=\"product:condition\" content=\"new\" \/>\n<!-- \/ Yoast SEO Premium plugin. -->","yoast_head_json":{"title":"SAMe S-Adenosyl-Methionine, 200mg - 30 comprim\u00e9s \u00e0 enrobage ent\u00e9rique - ECO Supplements","description":"Wij hebben een ruime keuze aan producten van SAMe S-Adenosyl-Methionine, 200mg - 30 comprim\u00e9s \u00e0 enrobage ent\u00e9rique . Winkel bij Eco Supplements altijd gratis verzending boven 100\u20ac","robots":{"index":"index","follow":"follow","max-snippet":"max-snippet:-1","max-image-preview":"max-image-preview:large","max-video-preview":"max-video-preview:-1"},"canonical":"https:\/\/ecosupplements.be\/fr\/produit\/same-s-adenosyl-methionine-200mg-30-comprimes-a-enrobage-enterique\/","og_locale":"fr_FR","og_type":"article","og_title":"SAMe S-Adenosyl-Methionine, 200mg - 30 comprim\u00e9s \u00e0 enrobage ent\u00e9rique","og_description":"Wij hebben een ruime keuze aan producten van SAMe S-Adenosyl-Methionine, 200mg - 30 comprim\u00e9s \u00e0 enrobage ent\u00e9rique . Winkel bij Eco Supplements altijd gratis verzending boven 100\u20ac","og_url":"https:\/\/ecosupplements.be\/fr\/produit\/same-s-adenosyl-methionine-200mg-30-comprimes-a-enrobage-enterique\/","og_site_name":"ECO Supplements","article_modified_time":"2025-08-27T10:23:55+00:00","og_image":[{"width":750,"height":750,"url":"https:\/\/ecosupplements.be\/wp-content\/uploads\/2025\/08\/Life-Extension-SAMe-S-Adenosyl-Methionine-200mg-30-enteric-coated-tabs-1.jpg","type":"image\/jpeg"}],"twitter_card":"summary_large_image","twitter_misc":{"Prix":"34.71&nbsp;&euro;","Disponibilit\u00e9":"En stock"},"schema":{"@context":"https:\/\/schema.org","@graph":[{"@type":["WebPage","ItemPage"],"@id":"https:\/\/ecosupplements.be\/fr\/produit\/same-s-adenosyl-methionine-200mg-30-comprimes-a-enrobage-enterique\/","url":"https:\/\/ecosupplements.be\/fr\/produit\/same-s-adenosyl-methionine-200mg-30-comprimes-a-enrobage-enterique\/","name":"SAMe S-Adenosyl-Methionine, 200mg - 30 comprim\u00e9s \u00e0 enrobage ent\u00e9rique - ECO Supplements","isPartOf":{"@id":"https:\/\/ecosupplements.be\/fr\/#website"},"primaryImageOfPage":{"@id":"https:\/\/ecosupplements.be\/fr\/produit\/same-s-adenosyl-methionine-200mg-30-comprimes-a-enrobage-enterique\/#primaryimage"},"image":{"@id":"https:\/\/ecosupplements.be\/fr\/produit\/same-s-adenosyl-methionine-200mg-30-comprimes-a-enrobage-enterique\/#primaryimage"},"thumbnailUrl":"https:\/\/ecosupplements.be\/wp-content\/uploads\/2025\/08\/Life-Extension-SAMe-S-Adenosyl-Methionine-200mg-30-enteric-coated-tabs-1.jpg","datePublished":"2022-06-28T09:17:54+00:00","dateModified":"2025-08-27T10:23:55+00:00","description":"Wij hebben een ruime keuze aan producten van SAMe S-Adenosyl-Methionine, 200mg - 30 comprim\u00e9s \u00e0 enrobage ent\u00e9rique . Winkel bij Eco Supplements altijd gratis verzending boven 100\u20ac","breadcrumb":{"@id":"https:\/\/ecosupplements.be\/fr\/produit\/same-s-adenosyl-methionine-200mg-30-comprimes-a-enrobage-enterique\/#breadcrumb"},"inLanguage":"fr-FR","potentialAction":[{"@type":"ReadAction","target":["https:\/\/ecosupplements.be\/fr\/produit\/same-s-adenosyl-methionine-200mg-30-comprimes-a-enrobage-enterique\/"]}]},{"@type":"ImageObject","inLanguage":"fr-FR","@id":"https:\/\/ecosupplements.be\/fr\/produit\/same-s-adenosyl-methionine-200mg-30-comprimes-a-enrobage-enterique\/#primaryimage","url":"https:\/\/ecosupplements.be\/wp-content\/uploads\/2025\/08\/Life-Extension-SAMe-S-Adenosyl-Methionine-200mg-30-enteric-coated-tabs-1.jpg","contentUrl":"https:\/\/ecosupplements.be\/wp-content\/uploads\/2025\/08\/Life-Extension-SAMe-S-Adenosyl-Methionine-200mg-30-enteric-coated-tabs-1.jpg","width":750,"height":750},{"@type":"BreadcrumbList","@id":"https:\/\/ecosupplements.be\/fr\/produit\/same-s-adenosyl-methionine-200mg-30-comprimes-a-enrobage-enterique\/#breadcrumb","itemListElement":[{"@type":"ListItem","position":1,"name":"Home","item":"https:\/\/ecosupplements.be\/fr\/"},{"@type":"ListItem","position":2,"name":"Boutique","item":"https:\/\/ecosupplements.be\/fr\/boutique\/"},{"@type":"ListItem","position":3,"name":"SAMe S-Adenosyl-Methionine, 200mg &#8211; 30 comprim\u00e9s \u00e0 enrobage ent\u00e9rique"}]},{"@type":"WebSite","@id":"https:\/\/ecosupplements.be\/fr\/#website","url":"https:\/\/ecosupplements.be\/fr\/","name":"ECO Supplements","description":"Eco Supplements - Gezonde supplementen","publisher":{"@id":"https:\/\/ecosupplements.be\/fr\/#organization"},"potentialAction":[{"@type":"SearchAction","target":{"@type":"EntryPoint","urlTemplate":"https:\/\/ecosupplements.be\/fr\/?s={search_term_string}"},"query-input":{"@type":"PropertyValueSpecification","valueRequired":true,"valueName":"search_term_string"}}],"inLanguage":"fr-FR"},{"@type":"Organization","@id":"https:\/\/ecosupplements.be\/fr\/#organization","name":"Eco Supplements","url":"https:\/\/ecosupplements.be\/fr\/","logo":{"@type":"ImageObject","inLanguage":"fr-FR","@id":"https:\/\/ecosupplements.be\/fr\/#\/schema\/logo\/image\/","url":"https:\/\/ecosupplements.be\/wp-content\/uploads\/2022\/06\/ecosupplement-family.png","contentUrl":"https:\/\/ecosupplements.be\/wp-content\/uploads\/2022\/06\/ecosupplement-family.png","width":593,"height":374,"caption":"Eco Supplements"},"image":{"@id":"https:\/\/ecosupplements.be\/fr\/#\/schema\/logo\/image\/"}}]},"product_brand":"Life Extension","product_price_amount":"34.71","product_price_currency":"EUR","og_availability":"instock","product_availability":"instock","product_retailer_item_id":"737870217534","product_condition":"new"},"_links":{"self":[{"href":"https:\/\/ecosupplements.be\/fr\/wp-json\/wp\/v2\/product\/281482","targetHints":{"allow":["GET"]}}],"collection":[{"href":"https:\/\/ecosupplements.be\/fr\/wp-json\/wp\/v2\/product"}],"about":[{"href":"https:\/\/ecosupplements.be\/fr\/wp-json\/wp\/v2\/types\/product"}],"replies":[{"embeddable":true,"href":"https:\/\/ecosupplements.be\/fr\/wp-json\/wp\/v2\/comments?post=281482"}],"wp:featuredmedia":[{"embeddable":true,"href":"https:\/\/ecosupplements.be\/fr\/wp-json\/wp\/v2\/media\/247785"}],"wp:attachment":[{"href":"https:\/\/ecosupplements.be\/fr\/wp-json\/wp\/v2\/media?parent=281482"}],"wp:term":[{"taxonomy":"product_brand","embeddable":true,"href":"https:\/\/ecosupplements.be\/fr\/wp-json\/wp\/v2\/product_brand?post=281482"},{"taxonomy":"product_cat","embeddable":true,"href":"https:\/\/ecosupplements.be\/fr\/wp-json\/wp\/v2\/product_cat?post=281482"},{"taxonomy":"product_tag","embeddable":true,"href":"https:\/\/ecosupplements.be\/fr\/wp-json\/wp\/v2\/product_tag?post=281482"}],"curies":[{"name":"wp","href":"https:\/\/api.w.org\/{rel}","templated":true}]}}