{"id":281485,"date":"2022-06-28T10:17:54","date_gmt":"2022-06-28T09:17:54","guid":{"rendered":"https:\/\/ecosupplements.be\/product\/se-methyl-l-selenocysteine-200mcg-90-vcaps\/"},"modified":"2025-08-27T11:24:03","modified_gmt":"2025-08-27T10:24:03","slug":"se-methyl-l-selenocysteine-200mcg-90-vcaps","status":"publish","type":"product","link":"https:\/\/ecosupplements.be\/fr\/produit\/se-methyl-l-selenocysteine-200mcg-90-vcaps\/","title":{"rendered":"Se-Methyl L-Selenocysteine, 200mcg &#8211; 90 vcaps"},"content":{"rendered":"<h1 style=\"text-align: center;\">Life Extension &#8211; Se-Methyl L-Selenocysteine<\/h1>\n<h3 style=\"text-align: center;\">Forme avanc\u00e9e du s\u00e9l\u00e9nium<\/h3>\n<p>En tant que cofacteur essentiel de la glutathion peroxydase, le s\u00e9l\u00e9nium est un antioxydant important. Le s\u00e9l\u00e9nium est incorpor\u00e9 aux prot\u00e9ines pour fabriquer des s\u00e9l\u00e9noprot\u00e9ines, qui sont d&#8217;importantes enzymes antioxydantes. Les propri\u00e9t\u00e9s antioxydantes des s\u00e9l\u00e9noprot\u00e9ines aident \u00e0 bloquer les dommages cellulaires caus\u00e9s par les radicaux libres. Des doses \u00e9lev\u00e9es de vitamine C (plus d&#8217;un gramme) peuvent favoriser l&#8217;absorption du s\u00e9l\u00e9nium. Il est pr\u00e9f\u00e9rable de prendre ce min\u00e9ral en m\u00eame temps que des suppl\u00e9ments antioxydants, comme les vitamines C ou E.<\/p>\n<p>La Se-Methyl L-Selenocysteine (SeMC) est un acide s\u00e9l\u00e9no-amin\u00e9 naturel qui est synth\u00e9tis\u00e9 par des plantes telles que l&#8217;ail et le brocoli. Le SeMC est un compos\u00e9 organos\u00e9l\u00e9nium et est \u00e9galement plus bioabsorbable que les autres formes. Contrairement \u00e0 la s\u00e9l\u00e9nom\u00e9thionine qui est incorpor\u00e9e sans distinction dans les prot\u00e9ines \u00e0 la place de la m\u00e9thionine, le SeMC est s\u00e9lectivement incorpor\u00e9 dans les enzymes contenant du s\u00e9l\u00e9nium, c&#8217;est-\u00e0-dire les s\u00e9l\u00e9noprot\u00e9ines, comme la glutathion peroxydase.<\/p>\n<p><img decoding=\"async\" src=\"https:\/\/ecosupplements.be\/wp-content\/uploads\/2025\/08\/non-gmo-1.png\" title=\"Non-OGM\" alt=\"Non-GMO\"><\/p>\n","protected":false},"excerpt":{"rendered":"<p>Life Extension &#8211; Se-Methyl L-Selenocysteine Forme avanc\u00e9e du s\u00e9l\u00e9nium En tant que cofacteur essentiel de la glutathion peroxydase, le s\u00e9l\u00e9nium est un antioxydant important. Le s\u00e9l\u00e9nium est incorpor\u00e9 aux prot\u00e9ines pour fabriquer des s\u00e9l\u00e9noprot\u00e9ines, qui sont d&#8217;importantes enzymes antioxydantes. Les propri\u00e9t\u00e9s antioxydantes des s\u00e9l\u00e9noprot\u00e9ines aident \u00e0 bloquer les dommages cellulaires caus\u00e9s par les radicaux libres. [&#8230;]\n","protected":false},"featured_media":247800,"comment_status":"open","ping_status":"open","template":"","meta":[],"product_brand":[4723],"product_cat":[5067,5064,5053],"product_tag":[],"class_list":{"0":"post-281485","1":"product","2":"type-product","3":"status-publish","4":"has-post-thumbnail","6":"product_brand-life-extension-2","7":"product_cat-acides-amines-et-bcaa","8":"product_cat-mineraux-simples","9":"product_cat-vitamines-et-mineraux","11":"first","12":"instock","13":"taxable","14":"shipping-taxable","15":"purchasable","16":"product-type-simple"},"yoast_head":"<!-- This site is optimized with the Yoast SEO Premium plugin v27.3 (Yoast SEO v27.3) - https:\/\/yoast.com\/product\/yoast-seo-premium-wordpress\/ -->\n<title>Se-Methyl L-Selenocysteine, 200mcg - 90 vcaps - ECO Supplements<\/title>\n<meta name=\"description\" content=\"Wij hebben een ruime keuze aan producten van Se-Methyl L-Selenocysteine, 200mcg - 90 vcaps . Winkel bij Eco Supplements altijd gratis verzending boven 100\u20ac\" \/>\n<meta name=\"robots\" content=\"index, follow, max-snippet:-1, max-image-preview:large, max-video-preview:-1\" \/>\n<link rel=\"canonical\" href=\"https:\/\/ecosupplements.be\/fr\/produit\/se-methyl-l-selenocysteine-200mcg-90-vcaps\/\" \/>\n<meta property=\"og:locale\" content=\"fr_FR\" \/>\n<meta property=\"og:type\" content=\"article\" \/>\n<meta property=\"og:title\" content=\"Se-Methyl L-Selenocysteine, 200mcg - 90 vcaps\" \/>\n<meta property=\"og:description\" content=\"Wij hebben een ruime keuze aan producten van Se-Methyl L-Selenocysteine, 200mcg - 90 vcaps . Winkel bij Eco Supplements altijd gratis verzending boven 100\u20ac\" \/>\n<meta property=\"og:url\" content=\"https:\/\/ecosupplements.be\/fr\/produit\/se-methyl-l-selenocysteine-200mcg-90-vcaps\/\" \/>\n<meta property=\"og:site_name\" content=\"ECO Supplements\" \/>\n<meta property=\"article:modified_time\" content=\"2025-08-27T10:24:03+00:00\" \/>\n<meta property=\"og:image\" content=\"https:\/\/ecosupplements.be\/wp-content\/uploads\/2025\/08\/Life-Extension-Se-Methyl-L-Selenocysteine-90-vcaps-2.png\" \/>\n\t<meta property=\"og:image:width\" content=\"500\" \/>\n\t<meta property=\"og:image:height\" content=\"500\" \/>\n\t<meta property=\"og:image:type\" content=\"image\/png\" \/>\n<meta name=\"twitter:card\" content=\"summary_large_image\" \/>\n<meta name=\"twitter:label1\" content=\"Prix\" \/>\n\t<meta name=\"twitter:data1\" content=\"14.95&nbsp;&euro;\" \/>\n\t<meta name=\"twitter:label2\" content=\"Disponibilit\u00e9\" \/>\n\t<meta name=\"twitter:data2\" content=\"En stock\" \/>\n<script type=\"application\/ld+json\" class=\"yoast-schema-graph\">{\"@context\":\"https:\\\/\\\/schema.org\",\"@graph\":[{\"@type\":[\"WebPage\",\"ItemPage\"],\"@id\":\"https:\\\/\\\/ecosupplements.be\\\/fr\\\/produit\\\/se-methyl-l-selenocysteine-200mcg-90-vcaps\\\/\",\"url\":\"https:\\\/\\\/ecosupplements.be\\\/fr\\\/produit\\\/se-methyl-l-selenocysteine-200mcg-90-vcaps\\\/\",\"name\":\"Se-Methyl L-Selenocysteine, 200mcg - 90 vcaps - ECO Supplements\",\"isPartOf\":{\"@id\":\"https:\\\/\\\/ecosupplements.be\\\/fr\\\/#website\"},\"primaryImageOfPage\":{\"@id\":\"https:\\\/\\\/ecosupplements.be\\\/fr\\\/produit\\\/se-methyl-l-selenocysteine-200mcg-90-vcaps\\\/#primaryimage\"},\"image\":{\"@id\":\"https:\\\/\\\/ecosupplements.be\\\/fr\\\/produit\\\/se-methyl-l-selenocysteine-200mcg-90-vcaps\\\/#primaryimage\"},\"thumbnailUrl\":\"https:\\\/\\\/ecosupplements.be\\\/wp-content\\\/uploads\\\/2025\\\/08\\\/Life-Extension-Se-Methyl-L-Selenocysteine-90-vcaps-2.png\",\"datePublished\":\"2022-06-28T09:17:54+00:00\",\"dateModified\":\"2025-08-27T10:24:03+00:00\",\"description\":\"Wij hebben een ruime keuze aan producten van Se-Methyl L-Selenocysteine, 200mcg - 90 vcaps . Winkel bij Eco Supplements altijd gratis verzending boven 100\u20ac\",\"breadcrumb\":{\"@id\":\"https:\\\/\\\/ecosupplements.be\\\/fr\\\/produit\\\/se-methyl-l-selenocysteine-200mcg-90-vcaps\\\/#breadcrumb\"},\"inLanguage\":\"fr-FR\",\"potentialAction\":[{\"@type\":\"ReadAction\",\"target\":[\"https:\\\/\\\/ecosupplements.be\\\/fr\\\/produit\\\/se-methyl-l-selenocysteine-200mcg-90-vcaps\\\/\"]}]},{\"@type\":\"ImageObject\",\"inLanguage\":\"fr-FR\",\"@id\":\"https:\\\/\\\/ecosupplements.be\\\/fr\\\/produit\\\/se-methyl-l-selenocysteine-200mcg-90-vcaps\\\/#primaryimage\",\"url\":\"https:\\\/\\\/ecosupplements.be\\\/wp-content\\\/uploads\\\/2025\\\/08\\\/Life-Extension-Se-Methyl-L-Selenocysteine-90-vcaps-2.png\",\"contentUrl\":\"https:\\\/\\\/ecosupplements.be\\\/wp-content\\\/uploads\\\/2025\\\/08\\\/Life-Extension-Se-Methyl-L-Selenocysteine-90-vcaps-2.png\",\"width\":500,\"height\":500},{\"@type\":\"BreadcrumbList\",\"@id\":\"https:\\\/\\\/ecosupplements.be\\\/fr\\\/produit\\\/se-methyl-l-selenocysteine-200mcg-90-vcaps\\\/#breadcrumb\",\"itemListElement\":[{\"@type\":\"ListItem\",\"position\":1,\"name\":\"Home\",\"item\":\"https:\\\/\\\/ecosupplements.be\\\/fr\\\/\"},{\"@type\":\"ListItem\",\"position\":2,\"name\":\"Boutique\",\"item\":\"https:\\\/\\\/ecosupplements.be\\\/fr\\\/boutique\\\/\"},{\"@type\":\"ListItem\",\"position\":3,\"name\":\"Se-Methyl L-Selenocysteine, 200mcg &#8211; 90 vcaps\"}]},{\"@type\":\"WebSite\",\"@id\":\"https:\\\/\\\/ecosupplements.be\\\/fr\\\/#website\",\"url\":\"https:\\\/\\\/ecosupplements.be\\\/fr\\\/\",\"name\":\"ECO Supplements\",\"description\":\"Eco Supplements - Gezonde supplementen\",\"publisher\":{\"@id\":\"https:\\\/\\\/ecosupplements.be\\\/fr\\\/#organization\"},\"potentialAction\":[{\"@type\":\"SearchAction\",\"target\":{\"@type\":\"EntryPoint\",\"urlTemplate\":\"https:\\\/\\\/ecosupplements.be\\\/fr\\\/?s={search_term_string}\"},\"query-input\":{\"@type\":\"PropertyValueSpecification\",\"valueRequired\":true,\"valueName\":\"search_term_string\"}}],\"inLanguage\":\"fr-FR\"},{\"@type\":\"Organization\",\"@id\":\"https:\\\/\\\/ecosupplements.be\\\/fr\\\/#organization\",\"name\":\"Eco Supplements\",\"url\":\"https:\\\/\\\/ecosupplements.be\\\/fr\\\/\",\"logo\":{\"@type\":\"ImageObject\",\"inLanguage\":\"fr-FR\",\"@id\":\"https:\\\/\\\/ecosupplements.be\\\/fr\\\/#\\\/schema\\\/logo\\\/image\\\/\",\"url\":\"https:\\\/\\\/ecosupplements.be\\\/wp-content\\\/uploads\\\/2022\\\/06\\\/ecosupplement-family.png\",\"contentUrl\":\"https:\\\/\\\/ecosupplements.be\\\/wp-content\\\/uploads\\\/2022\\\/06\\\/ecosupplement-family.png\",\"width\":593,\"height\":374,\"caption\":\"Eco Supplements\"},\"image\":{\"@id\":\"https:\\\/\\\/ecosupplements.be\\\/fr\\\/#\\\/schema\\\/logo\\\/image\\\/\"}}]}<\/script>\n<meta property=\"product:brand\" content=\"Life Extension\" \/>\n<meta property=\"product:price:amount\" content=\"14.95\" \/>\n<meta property=\"product:price:currency\" content=\"EUR\" \/>\n<meta property=\"og:availability\" content=\"instock\" \/>\n<meta property=\"product:availability\" content=\"instock\" \/>\n<meta property=\"product:retailer_item_id\" content=\"737870187998\" \/>\n<meta property=\"product:condition\" content=\"new\" \/>\n<!-- \/ Yoast SEO Premium plugin. -->","yoast_head_json":{"title":"Se-Methyl L-Selenocysteine, 200mcg - 90 vcaps - ECO Supplements","description":"Wij hebben een ruime keuze aan producten van Se-Methyl L-Selenocysteine, 200mcg - 90 vcaps . Winkel bij Eco Supplements altijd gratis verzending boven 100\u20ac","robots":{"index":"index","follow":"follow","max-snippet":"max-snippet:-1","max-image-preview":"max-image-preview:large","max-video-preview":"max-video-preview:-1"},"canonical":"https:\/\/ecosupplements.be\/fr\/produit\/se-methyl-l-selenocysteine-200mcg-90-vcaps\/","og_locale":"fr_FR","og_type":"article","og_title":"Se-Methyl L-Selenocysteine, 200mcg - 90 vcaps","og_description":"Wij hebben een ruime keuze aan producten van Se-Methyl L-Selenocysteine, 200mcg - 90 vcaps . Winkel bij Eco Supplements altijd gratis verzending boven 100\u20ac","og_url":"https:\/\/ecosupplements.be\/fr\/produit\/se-methyl-l-selenocysteine-200mcg-90-vcaps\/","og_site_name":"ECO Supplements","article_modified_time":"2025-08-27T10:24:03+00:00","og_image":[{"width":500,"height":500,"url":"https:\/\/ecosupplements.be\/wp-content\/uploads\/2025\/08\/Life-Extension-Se-Methyl-L-Selenocysteine-90-vcaps-2.png","type":"image\/png"}],"twitter_card":"summary_large_image","twitter_misc":{"Prix":"14.95&nbsp;&euro;","Disponibilit\u00e9":"En stock"},"schema":{"@context":"https:\/\/schema.org","@graph":[{"@type":["WebPage","ItemPage"],"@id":"https:\/\/ecosupplements.be\/fr\/produit\/se-methyl-l-selenocysteine-200mcg-90-vcaps\/","url":"https:\/\/ecosupplements.be\/fr\/produit\/se-methyl-l-selenocysteine-200mcg-90-vcaps\/","name":"Se-Methyl L-Selenocysteine, 200mcg - 90 vcaps - ECO Supplements","isPartOf":{"@id":"https:\/\/ecosupplements.be\/fr\/#website"},"primaryImageOfPage":{"@id":"https:\/\/ecosupplements.be\/fr\/produit\/se-methyl-l-selenocysteine-200mcg-90-vcaps\/#primaryimage"},"image":{"@id":"https:\/\/ecosupplements.be\/fr\/produit\/se-methyl-l-selenocysteine-200mcg-90-vcaps\/#primaryimage"},"thumbnailUrl":"https:\/\/ecosupplements.be\/wp-content\/uploads\/2025\/08\/Life-Extension-Se-Methyl-L-Selenocysteine-90-vcaps-2.png","datePublished":"2022-06-28T09:17:54+00:00","dateModified":"2025-08-27T10:24:03+00:00","description":"Wij hebben een ruime keuze aan producten van Se-Methyl L-Selenocysteine, 200mcg - 90 vcaps . Winkel bij Eco Supplements altijd gratis verzending boven 100\u20ac","breadcrumb":{"@id":"https:\/\/ecosupplements.be\/fr\/produit\/se-methyl-l-selenocysteine-200mcg-90-vcaps\/#breadcrumb"},"inLanguage":"fr-FR","potentialAction":[{"@type":"ReadAction","target":["https:\/\/ecosupplements.be\/fr\/produit\/se-methyl-l-selenocysteine-200mcg-90-vcaps\/"]}]},{"@type":"ImageObject","inLanguage":"fr-FR","@id":"https:\/\/ecosupplements.be\/fr\/produit\/se-methyl-l-selenocysteine-200mcg-90-vcaps\/#primaryimage","url":"https:\/\/ecosupplements.be\/wp-content\/uploads\/2025\/08\/Life-Extension-Se-Methyl-L-Selenocysteine-90-vcaps-2.png","contentUrl":"https:\/\/ecosupplements.be\/wp-content\/uploads\/2025\/08\/Life-Extension-Se-Methyl-L-Selenocysteine-90-vcaps-2.png","width":500,"height":500},{"@type":"BreadcrumbList","@id":"https:\/\/ecosupplements.be\/fr\/produit\/se-methyl-l-selenocysteine-200mcg-90-vcaps\/#breadcrumb","itemListElement":[{"@type":"ListItem","position":1,"name":"Home","item":"https:\/\/ecosupplements.be\/fr\/"},{"@type":"ListItem","position":2,"name":"Boutique","item":"https:\/\/ecosupplements.be\/fr\/boutique\/"},{"@type":"ListItem","position":3,"name":"Se-Methyl L-Selenocysteine, 200mcg &#8211; 90 vcaps"}]},{"@type":"WebSite","@id":"https:\/\/ecosupplements.be\/fr\/#website","url":"https:\/\/ecosupplements.be\/fr\/","name":"ECO Supplements","description":"Eco Supplements - Gezonde supplementen","publisher":{"@id":"https:\/\/ecosupplements.be\/fr\/#organization"},"potentialAction":[{"@type":"SearchAction","target":{"@type":"EntryPoint","urlTemplate":"https:\/\/ecosupplements.be\/fr\/?s={search_term_string}"},"query-input":{"@type":"PropertyValueSpecification","valueRequired":true,"valueName":"search_term_string"}}],"inLanguage":"fr-FR"},{"@type":"Organization","@id":"https:\/\/ecosupplements.be\/fr\/#organization","name":"Eco Supplements","url":"https:\/\/ecosupplements.be\/fr\/","logo":{"@type":"ImageObject","inLanguage":"fr-FR","@id":"https:\/\/ecosupplements.be\/fr\/#\/schema\/logo\/image\/","url":"https:\/\/ecosupplements.be\/wp-content\/uploads\/2022\/06\/ecosupplement-family.png","contentUrl":"https:\/\/ecosupplements.be\/wp-content\/uploads\/2022\/06\/ecosupplement-family.png","width":593,"height":374,"caption":"Eco Supplements"},"image":{"@id":"https:\/\/ecosupplements.be\/fr\/#\/schema\/logo\/image\/"}}]},"product_brand":"Life Extension","product_price_amount":"14.95","product_price_currency":"EUR","og_availability":"instock","product_availability":"instock","product_retailer_item_id":"737870187998","product_condition":"new"},"_links":{"self":[{"href":"https:\/\/ecosupplements.be\/fr\/wp-json\/wp\/v2\/product\/281485","targetHints":{"allow":["GET"]}}],"collection":[{"href":"https:\/\/ecosupplements.be\/fr\/wp-json\/wp\/v2\/product"}],"about":[{"href":"https:\/\/ecosupplements.be\/fr\/wp-json\/wp\/v2\/types\/product"}],"replies":[{"embeddable":true,"href":"https:\/\/ecosupplements.be\/fr\/wp-json\/wp\/v2\/comments?post=281485"}],"wp:featuredmedia":[{"embeddable":true,"href":"https:\/\/ecosupplements.be\/fr\/wp-json\/wp\/v2\/media\/247800"}],"wp:attachment":[{"href":"https:\/\/ecosupplements.be\/fr\/wp-json\/wp\/v2\/media?parent=281485"}],"wp:term":[{"taxonomy":"product_brand","embeddable":true,"href":"https:\/\/ecosupplements.be\/fr\/wp-json\/wp\/v2\/product_brand?post=281485"},{"taxonomy":"product_cat","embeddable":true,"href":"https:\/\/ecosupplements.be\/fr\/wp-json\/wp\/v2\/product_cat?post=281485"},{"taxonomy":"product_tag","embeddable":true,"href":"https:\/\/ecosupplements.be\/fr\/wp-json\/wp\/v2\/product_tag?post=281485"}],"curies":[{"name":"wp","href":"https:\/\/api.w.org\/{rel}","templated":true}]}}