{"id":281486,"date":"2022-06-28T10:17:54","date_gmt":"2022-06-28T09:17:54","guid":{"rendered":"https:\/\/ecosupplements.be\/product\/iode-de-mer-1000mcg-60-vcaps\/"},"modified":"2025-08-27T11:24:05","modified_gmt":"2025-08-27T10:24:05","slug":"iode-de-mer-1000mcg-60-vcaps","status":"publish","type":"product","link":"https:\/\/ecosupplements.be\/fr\/produit\/iode-de-mer-1000mcg-60-vcaps\/","title":{"rendered":"Iode de mer, 1000mcg &#8211; 60 vcaps"},"content":{"rendered":"<h1 style=\"text-align: center;\">Life Extension &#8211; Iode de mer<\/h1>\n<p>Iode de mer<br \/>\nPendant des d\u00e9cennies, on a dit aux Am\u00e9ricains d&#8217;\u00e9viter le sel de table. Mais lorsque le sel de table iod\u00e9 est r\u00e9duit, les gens peuvent, sans le savoir, r\u00e9duire leur apport en iode \u00e0 des niveaux sous-optimaux. Les analyses de l&#8217;enqu\u00eate nationale sur la sant\u00e9 et la nutrition (NHANES) montrent que les taux d&#8217;iode urinaire ont chut\u00e9 depuis les ann\u00e9es 1970.<br \/>\nLa bonne nouvelle est que vous pouvez \u00e9viter le sel de table iod\u00e9 sans sacrifier les bienfaits de l&#8217;iode pour la sant\u00e9. Sea-Iodine est une formule exclusive peu co\u00fbteuse que les personnes soucieuses de leur sant\u00e9 peuvent prendre chaque jour pour soutenir un taux d&#8217;iode optimal. Utilisant des ingr\u00e9dients naturels r\u00e9colt\u00e9s \u00e0 partir d&#8217;un m\u00e9lange d&#8217;algues marines biologiques, Sea-Iodine vous apporte la sant\u00e9 de la mer tout en \u00e9vitant les dangers d&#8217;une consommation excessive de sel. Les algues pr\u00e9sentes dans Sea-Iodine vous apportent plus de 667% de la valeur quotidienne recommand\u00e9e en iode naturel.<br \/>\nL&#8217;iode est un oligo-\u00e9l\u00e9ment essentiel \u00e0 la vie et \u00e0 la sant\u00e9. Son principal r\u00f4le biologique r\u00e9side dans la production des hormones thyro\u00efdiennes, la triiodothyronine (T3) et la thyroxine (T4). La T4 et la T3 contiennent respectivement quatre et trois atomes d&#8217;iode par mol\u00e9cule. La glande thyro\u00efde absorbe activement l&#8217;iodure du sang pour fabriquer et lib\u00e9rer ces hormones dans le sang.<br \/>\nIl se trouve que l&#8217;iode se trouve en abondance dans les l\u00e9gumes et les plantes de la mer. Dans les r\u00e9gions o\u00f9 l&#8217;on ne consomme pas d&#8217;aliments marins, les gens ont des taux d&#8217;iode plus faibles. C&#8217;est pourquoi les fabricants am\u00e9ricains de sel commercial ont longtemps ajout\u00e9 de l&#8217;iode pour apporter cet ingr\u00e9dient cl\u00e9 \u00e0 votre alimentation. Cependant, nous connaissons maintenant les probl\u00e8mes li\u00e9s \u00e0 une consommation excessive de sel de table, ce qui fait resurgir le dilemme de savoir o\u00f9 trouver des sources saines d&#8217;iode.<br \/>\nIroniquement, les personnes soucieuses de leur sant\u00e9 sont souvent les plus susceptibles de d\u00e9velopper un faible taux d&#8217;iode. L&#8217;une des raisons est que les athl\u00e8tes et les personnes qui font des efforts physiques importants \u00e9puisent leurs r\u00e9serves naturelles de cet oligo-\u00e9l\u00e9ment par la transpiration. Les v\u00e9g\u00e9tariens sont \u00e9galement beaucoup plus susceptibles de pr\u00e9senter de faibles taux d&#8217;iode que les carnivores, car les aliments d&#8217;origine v\u00e9g\u00e9tale sont moins riches en iode que les aliments d&#8217;origine animale. Une \u00e9tude a d\u00e9montr\u00e9 une carence en iode chez 25% des v\u00e9g\u00e9tariens et un incroyable 80% des v\u00e9g\u00e9taliens.<br \/>\nPour ceux qui souhaitent b\u00e9n\u00e9ficier de la commodit\u00e9 et de l&#8217;\u00e9conomie de la prise de vitamine D et de leur iode marin en une seule pilule, Life Extension propose \u00e9galement la Vitamine D3 avec iode marin.<\/p>\n<p><img decoding=\"async\" src=\"https:\/\/ecosupplements.be\/wp-content\/uploads\/2025\/08\/non-gmo-1.png\" title=\"Non-OGM\" alt=\"Non-GMO\"><\/p>\n","protected":false},"excerpt":{"rendered":"<p>Life Extension &#8211; Iode de mer Iode de mer Pendant des d\u00e9cennies, on a dit aux Am\u00e9ricains d&#8217;\u00e9viter le sel de table. Mais lorsque le sel de table iod\u00e9 est r\u00e9duit, les gens peuvent, sans le savoir, r\u00e9duire leur apport en iode \u00e0 des niveaux sous-optimaux. Les analyses de l&#8217;enqu\u00eate nationale sur la sant\u00e9 et [&#8230;]\n","protected":false},"featured_media":247805,"comment_status":"open","ping_status":"open","template":"","meta":[],"product_brand":[4723],"product_cat":[5150,5077,5064,5053],"product_tag":[],"class_list":{"0":"post-281486","1":"product","2":"type-product","3":"status-publish","4":"has-post-thumbnail","6":"product_brand-life-extension-2","7":"product_cat-iode","8":"product_cat-le-fer","9":"product_cat-mineraux-simples","10":"product_cat-vitamines-et-mineraux","12":"first","13":"instock","14":"taxable","15":"shipping-taxable","16":"purchasable","17":"product-type-simple"},"yoast_head":"<!-- This site is optimized with the Yoast SEO Premium plugin v27.5 (Yoast SEO v27.5) - https:\/\/yoast.com\/product\/yoast-seo-premium-wordpress\/ -->\n<title>Iode de mer, 1000mcg - 60 vcaps - ECO Supplements<\/title>\n<meta name=\"description\" content=\"Wij hebben een ruime keuze aan producten van Iode de mer, 1000mcg - 60 vcaps . Winkel bij Eco Supplements altijd gratis verzending boven 100\u20ac\" \/>\n<meta name=\"robots\" content=\"index, follow, max-snippet:-1, max-image-preview:large, max-video-preview:-1\" \/>\n<link rel=\"canonical\" href=\"https:\/\/ecosupplements.be\/fr\/produit\/iode-de-mer-1000mcg-60-vcaps\/\" \/>\n<meta property=\"og:locale\" content=\"fr_FR\" \/>\n<meta property=\"og:type\" content=\"article\" \/>\n<meta property=\"og:title\" content=\"Iode de mer, 1000mcg - 60 vcaps\" \/>\n<meta property=\"og:description\" content=\"Wij hebben een ruime keuze aan producten van Iode de mer, 1000mcg - 60 vcaps . Winkel bij Eco Supplements altijd gratis verzending boven 100\u20ac\" \/>\n<meta property=\"og:url\" content=\"https:\/\/ecosupplements.be\/fr\/produit\/iode-de-mer-1000mcg-60-vcaps\/\" \/>\n<meta property=\"og:site_name\" content=\"ECO Supplements\" \/>\n<meta property=\"article:modified_time\" content=\"2025-08-27T10:24:05+00:00\" \/>\n<meta property=\"og:image\" content=\"https:\/\/ecosupplements.be\/wp-content\/uploads\/2025\/08\/Life-Extension-Sea-Iodine-60-vcaps-1.jpg\" \/>\n\t<meta property=\"og:image:width\" content=\"750\" \/>\n\t<meta property=\"og:image:height\" content=\"750\" \/>\n\t<meta property=\"og:image:type\" content=\"image\/jpeg\" \/>\n<meta name=\"twitter:card\" content=\"summary_large_image\" \/>\n<meta name=\"twitter:label1\" content=\"Prix\" \/>\n\t<meta name=\"twitter:data1\" content=\"12.06&nbsp;&euro;\" \/>\n\t<meta name=\"twitter:label2\" content=\"Disponibilit\u00e9\" \/>\n\t<meta name=\"twitter:data2\" content=\"En stock\" \/>\n<script type=\"application\/ld+json\" class=\"yoast-schema-graph\">{\"@context\":\"https:\\\/\\\/schema.org\",\"@graph\":[{\"@type\":[\"WebPage\",\"ItemPage\"],\"@id\":\"https:\\\/\\\/ecosupplements.be\\\/fr\\\/produit\\\/iode-de-mer-1000mcg-60-vcaps\\\/\",\"url\":\"https:\\\/\\\/ecosupplements.be\\\/fr\\\/produit\\\/iode-de-mer-1000mcg-60-vcaps\\\/\",\"name\":\"Iode de mer, 1000mcg - 60 vcaps - ECO Supplements\",\"isPartOf\":{\"@id\":\"https:\\\/\\\/ecosupplements.be\\\/fr\\\/#website\"},\"primaryImageOfPage\":{\"@id\":\"https:\\\/\\\/ecosupplements.be\\\/fr\\\/produit\\\/iode-de-mer-1000mcg-60-vcaps\\\/#primaryimage\"},\"image\":{\"@id\":\"https:\\\/\\\/ecosupplements.be\\\/fr\\\/produit\\\/iode-de-mer-1000mcg-60-vcaps\\\/#primaryimage\"},\"thumbnailUrl\":\"https:\\\/\\\/ecosupplements.be\\\/wp-content\\\/uploads\\\/2025\\\/08\\\/Life-Extension-Sea-Iodine-60-vcaps-1.jpg\",\"datePublished\":\"2022-06-28T09:17:54+00:00\",\"dateModified\":\"2025-08-27T10:24:05+00:00\",\"description\":\"Wij hebben een ruime keuze aan producten van Iode de mer, 1000mcg - 60 vcaps . Winkel bij Eco Supplements altijd gratis verzending boven 100\u20ac\",\"breadcrumb\":{\"@id\":\"https:\\\/\\\/ecosupplements.be\\\/fr\\\/produit\\\/iode-de-mer-1000mcg-60-vcaps\\\/#breadcrumb\"},\"inLanguage\":\"fr-FR\",\"potentialAction\":[{\"@type\":\"ReadAction\",\"target\":[\"https:\\\/\\\/ecosupplements.be\\\/fr\\\/produit\\\/iode-de-mer-1000mcg-60-vcaps\\\/\"]}]},{\"@type\":\"ImageObject\",\"inLanguage\":\"fr-FR\",\"@id\":\"https:\\\/\\\/ecosupplements.be\\\/fr\\\/produit\\\/iode-de-mer-1000mcg-60-vcaps\\\/#primaryimage\",\"url\":\"https:\\\/\\\/ecosupplements.be\\\/wp-content\\\/uploads\\\/2025\\\/08\\\/Life-Extension-Sea-Iodine-60-vcaps-1.jpg\",\"contentUrl\":\"https:\\\/\\\/ecosupplements.be\\\/wp-content\\\/uploads\\\/2025\\\/08\\\/Life-Extension-Sea-Iodine-60-vcaps-1.jpg\",\"width\":750,\"height\":750},{\"@type\":\"BreadcrumbList\",\"@id\":\"https:\\\/\\\/ecosupplements.be\\\/fr\\\/produit\\\/iode-de-mer-1000mcg-60-vcaps\\\/#breadcrumb\",\"itemListElement\":[{\"@type\":\"ListItem\",\"position\":1,\"name\":\"Home\",\"item\":\"https:\\\/\\\/ecosupplements.be\\\/fr\\\/\"},{\"@type\":\"ListItem\",\"position\":2,\"name\":\"Boutique\",\"item\":\"https:\\\/\\\/ecosupplements.be\\\/fr\\\/boutique\\\/\"},{\"@type\":\"ListItem\",\"position\":3,\"name\":\"Iode de mer, 1000mcg &#8211; 60 vcaps\"}]},{\"@type\":\"WebSite\",\"@id\":\"https:\\\/\\\/ecosupplements.be\\\/fr\\\/#website\",\"url\":\"https:\\\/\\\/ecosupplements.be\\\/fr\\\/\",\"name\":\"ECO Supplements\",\"description\":\"Eco Supplements - Gezonde supplementen\",\"publisher\":{\"@id\":\"https:\\\/\\\/ecosupplements.be\\\/fr\\\/#organization\"},\"potentialAction\":[{\"@type\":\"SearchAction\",\"target\":{\"@type\":\"EntryPoint\",\"urlTemplate\":\"https:\\\/\\\/ecosupplements.be\\\/fr\\\/?s={search_term_string}\"},\"query-input\":{\"@type\":\"PropertyValueSpecification\",\"valueRequired\":true,\"valueName\":\"search_term_string\"}}],\"inLanguage\":\"fr-FR\"},{\"@type\":\"Organization\",\"@id\":\"https:\\\/\\\/ecosupplements.be\\\/fr\\\/#organization\",\"name\":\"Eco Supplements\",\"url\":\"https:\\\/\\\/ecosupplements.be\\\/fr\\\/\",\"logo\":{\"@type\":\"ImageObject\",\"inLanguage\":\"fr-FR\",\"@id\":\"https:\\\/\\\/ecosupplements.be\\\/fr\\\/#\\\/schema\\\/logo\\\/image\\\/\",\"url\":\"https:\\\/\\\/ecosupplements.be\\\/wp-content\\\/uploads\\\/2022\\\/06\\\/ecosupplement-family.png\",\"contentUrl\":\"https:\\\/\\\/ecosupplements.be\\\/wp-content\\\/uploads\\\/2022\\\/06\\\/ecosupplement-family.png\",\"width\":593,\"height\":374,\"caption\":\"Eco Supplements\"},\"image\":{\"@id\":\"https:\\\/\\\/ecosupplements.be\\\/fr\\\/#\\\/schema\\\/logo\\\/image\\\/\"}}]}<\/script>\n<meta property=\"product:brand\" content=\"Life Extension\" \/>\n<meta property=\"product:price:amount\" content=\"12.06\" \/>\n<meta property=\"product:price:currency\" content=\"EUR\" \/>\n<meta property=\"og:availability\" content=\"instock\" \/>\n<meta property=\"product:availability\" content=\"instock\" \/>\n<meta property=\"product:retailer_item_id\" content=\"737870174066\" \/>\n<meta property=\"product:condition\" content=\"new\" \/>\n<!-- \/ Yoast SEO Premium plugin. -->","yoast_head_json":{"title":"Iode de mer, 1000mcg - 60 vcaps - ECO Supplements","description":"Wij hebben een ruime keuze aan producten van Iode de mer, 1000mcg - 60 vcaps . Winkel bij Eco Supplements altijd gratis verzending boven 100\u20ac","robots":{"index":"index","follow":"follow","max-snippet":"max-snippet:-1","max-image-preview":"max-image-preview:large","max-video-preview":"max-video-preview:-1"},"canonical":"https:\/\/ecosupplements.be\/fr\/produit\/iode-de-mer-1000mcg-60-vcaps\/","og_locale":"fr_FR","og_type":"article","og_title":"Iode de mer, 1000mcg - 60 vcaps","og_description":"Wij hebben een ruime keuze aan producten van Iode de mer, 1000mcg - 60 vcaps . Winkel bij Eco Supplements altijd gratis verzending boven 100\u20ac","og_url":"https:\/\/ecosupplements.be\/fr\/produit\/iode-de-mer-1000mcg-60-vcaps\/","og_site_name":"ECO Supplements","article_modified_time":"2025-08-27T10:24:05+00:00","og_image":[{"width":750,"height":750,"url":"https:\/\/ecosupplements.be\/wp-content\/uploads\/2025\/08\/Life-Extension-Sea-Iodine-60-vcaps-1.jpg","type":"image\/jpeg"}],"twitter_card":"summary_large_image","twitter_misc":{"Prix":"12.06&nbsp;&euro;","Disponibilit\u00e9":"En stock"},"schema":{"@context":"https:\/\/schema.org","@graph":[{"@type":["WebPage","ItemPage"],"@id":"https:\/\/ecosupplements.be\/fr\/produit\/iode-de-mer-1000mcg-60-vcaps\/","url":"https:\/\/ecosupplements.be\/fr\/produit\/iode-de-mer-1000mcg-60-vcaps\/","name":"Iode de mer, 1000mcg - 60 vcaps - ECO Supplements","isPartOf":{"@id":"https:\/\/ecosupplements.be\/fr\/#website"},"primaryImageOfPage":{"@id":"https:\/\/ecosupplements.be\/fr\/produit\/iode-de-mer-1000mcg-60-vcaps\/#primaryimage"},"image":{"@id":"https:\/\/ecosupplements.be\/fr\/produit\/iode-de-mer-1000mcg-60-vcaps\/#primaryimage"},"thumbnailUrl":"https:\/\/ecosupplements.be\/wp-content\/uploads\/2025\/08\/Life-Extension-Sea-Iodine-60-vcaps-1.jpg","datePublished":"2022-06-28T09:17:54+00:00","dateModified":"2025-08-27T10:24:05+00:00","description":"Wij hebben een ruime keuze aan producten van Iode de mer, 1000mcg - 60 vcaps . Winkel bij Eco Supplements altijd gratis verzending boven 100\u20ac","breadcrumb":{"@id":"https:\/\/ecosupplements.be\/fr\/produit\/iode-de-mer-1000mcg-60-vcaps\/#breadcrumb"},"inLanguage":"fr-FR","potentialAction":[{"@type":"ReadAction","target":["https:\/\/ecosupplements.be\/fr\/produit\/iode-de-mer-1000mcg-60-vcaps\/"]}]},{"@type":"ImageObject","inLanguage":"fr-FR","@id":"https:\/\/ecosupplements.be\/fr\/produit\/iode-de-mer-1000mcg-60-vcaps\/#primaryimage","url":"https:\/\/ecosupplements.be\/wp-content\/uploads\/2025\/08\/Life-Extension-Sea-Iodine-60-vcaps-1.jpg","contentUrl":"https:\/\/ecosupplements.be\/wp-content\/uploads\/2025\/08\/Life-Extension-Sea-Iodine-60-vcaps-1.jpg","width":750,"height":750},{"@type":"BreadcrumbList","@id":"https:\/\/ecosupplements.be\/fr\/produit\/iode-de-mer-1000mcg-60-vcaps\/#breadcrumb","itemListElement":[{"@type":"ListItem","position":1,"name":"Home","item":"https:\/\/ecosupplements.be\/fr\/"},{"@type":"ListItem","position":2,"name":"Boutique","item":"https:\/\/ecosupplements.be\/fr\/boutique\/"},{"@type":"ListItem","position":3,"name":"Iode de mer, 1000mcg &#8211; 60 vcaps"}]},{"@type":"WebSite","@id":"https:\/\/ecosupplements.be\/fr\/#website","url":"https:\/\/ecosupplements.be\/fr\/","name":"ECO Supplements","description":"Eco Supplements - Gezonde supplementen","publisher":{"@id":"https:\/\/ecosupplements.be\/fr\/#organization"},"potentialAction":[{"@type":"SearchAction","target":{"@type":"EntryPoint","urlTemplate":"https:\/\/ecosupplements.be\/fr\/?s={search_term_string}"},"query-input":{"@type":"PropertyValueSpecification","valueRequired":true,"valueName":"search_term_string"}}],"inLanguage":"fr-FR"},{"@type":"Organization","@id":"https:\/\/ecosupplements.be\/fr\/#organization","name":"Eco Supplements","url":"https:\/\/ecosupplements.be\/fr\/","logo":{"@type":"ImageObject","inLanguage":"fr-FR","@id":"https:\/\/ecosupplements.be\/fr\/#\/schema\/logo\/image\/","url":"https:\/\/ecosupplements.be\/wp-content\/uploads\/2022\/06\/ecosupplement-family.png","contentUrl":"https:\/\/ecosupplements.be\/wp-content\/uploads\/2022\/06\/ecosupplement-family.png","width":593,"height":374,"caption":"Eco Supplements"},"image":{"@id":"https:\/\/ecosupplements.be\/fr\/#\/schema\/logo\/image\/"}}]},"product_brand":"Life Extension","product_price_amount":"12.06","product_price_currency":"EUR","og_availability":"instock","product_availability":"instock","product_retailer_item_id":"737870174066","product_condition":"new"},"_links":{"self":[{"href":"https:\/\/ecosupplements.be\/fr\/wp-json\/wp\/v2\/product\/281486","targetHints":{"allow":["GET"]}}],"collection":[{"href":"https:\/\/ecosupplements.be\/fr\/wp-json\/wp\/v2\/product"}],"about":[{"href":"https:\/\/ecosupplements.be\/fr\/wp-json\/wp\/v2\/types\/product"}],"replies":[{"embeddable":true,"href":"https:\/\/ecosupplements.be\/fr\/wp-json\/wp\/v2\/comments?post=281486"}],"wp:featuredmedia":[{"embeddable":true,"href":"https:\/\/ecosupplements.be\/fr\/wp-json\/wp\/v2\/media\/247805"}],"wp:attachment":[{"href":"https:\/\/ecosupplements.be\/fr\/wp-json\/wp\/v2\/media?parent=281486"}],"wp:term":[{"taxonomy":"product_brand","embeddable":true,"href":"https:\/\/ecosupplements.be\/fr\/wp-json\/wp\/v2\/product_brand?post=281486"},{"taxonomy":"product_cat","embeddable":true,"href":"https:\/\/ecosupplements.be\/fr\/wp-json\/wp\/v2\/product_cat?post=281486"},{"taxonomy":"product_tag","embeddable":true,"href":"https:\/\/ecosupplements.be\/fr\/wp-json\/wp\/v2\/product_tag?post=281486"}],"curies":[{"name":"wp","href":"https:\/\/api.w.org\/{rel}","templated":true}]}}