{"id":281495,"date":"2022-06-28T10:18:01","date_gmt":"2022-06-28T09:18:01","guid":{"rendered":"https:\/\/ecosupplements.be\/product\/super-omega-3-epa-dha-avec-lignanes-de-sesame-et-extrait-dolive-120-softgels\/"},"modified":"2025-08-27T11:24:38","modified_gmt":"2025-08-27T10:24:38","slug":"super-omega-3-epa-dha-avec-lignanes-de-sesame-et-extrait-dolive-120-softgels","status":"publish","type":"product","link":"https:\/\/ecosupplements.be\/fr\/produit\/super-omega-3-epa-dha-avec-lignanes-de-sesame-et-extrait-dolive-120-softgels\/","title":{"rendered":"Super om\u00e9ga-3 EPA\/DHA avec lignanes de s\u00e9same et extrait d&#8217;olive &#8211; 120 softgels"},"content":{"rendered":"<h1 style=\"text-align: center;\">Life Extension &#8211; Super om\u00e9ga-3 EPA\/DHA avec lignanes de s\u00e9same et extrait d&#8217;olive<\/h1>\n<p>Notre formule Super Om\u00e9ga-3 EPA\/DHA la plus vendue est une huile de poisson certifi\u00e9e 5 \u00e9toiles par l&#8217;IFOS, remplie d&#8217;acides gras EPA et DHA, de polyph\u00e9nols d&#8217;olive et plus encore, pour favoriser la sant\u00e9 du c\u0153ur, du cerveau et plus encore. <\/p>\n<p>Les acides gras EPA et DHA de l&#8217;huile de poisson favorisent la sant\u00e9 cardiovasculaire, la sant\u00e9 du cerveau et bien plus encore. Inspir\u00e9 par le r\u00e9gime m\u00e9diterran\u00e9en, notre Super Om\u00e9ga-3 fournit les acides gras om\u00e9ga-3 EPA et DHA dont votre corps a besoin, ainsi que de puissants polyph\u00e9nols d&#8217;olive et des lignanes de s\u00e9same pour des bienfaits suppl\u00e9mentaires sur la sant\u00e9 cardiovasculaire, cognitive et du corps entier.<br \/>Prenez soin de votre c\u0153ur et de votre sant\u00e9 cognitive avec des doses optimales d&#8217;acides gras om\u00e9ga-3 EPA et DHA.<\/p>\n<p>Avantages de l&#8217;huile de poisson Super Om\u00e9ga-3 EPA\/DHA<br \/>Soutient la sant\u00e9 cardiovasculaire et cognitive<br \/>Aide \u00e0 maintenir des niveaux de cholest\u00e9rol LDL et HDL et de triglyc\u00e9rides d\u00e9j\u00e0 sains.<br \/>Contient des extraits d&#8217;olive et de s\u00e9same m\u00e9diterran\u00e9ens bons pour le c\u0153ur.<br \/>Anchois certifi\u00e9 IFOS et provenant de sources durables de la c\u00f4te Pacifique Sud du Chili<\/p>\n<\/p>\n<div class=\"facts-container\">\n<\/div>\n<\/p>\n<div class=\"tag-container\"><img decoding=\"async\" src=\"https:\/\/ecosupplements.se\/wp-content\/uploads\/2022\/02\/non-gmo-1.png\" title=\"Non-OGM\" alt=\"Non-GMO\">\n<\/div>\n","protected":false},"excerpt":{"rendered":"<p>Life Extension &#8211; Super om\u00e9ga-3 EPA\/DHA avec lignanes de s\u00e9same et extrait d&#8217;olive Notre formule Super Om\u00e9ga-3 EPA\/DHA la plus vendue est une huile de poisson certifi\u00e9e 5 \u00e9toiles par l&#8217;IFOS, remplie d&#8217;acides gras EPA et DHA, de polyph\u00e9nols d&#8217;olive et plus encore, pour favoriser la sant\u00e9 du c\u0153ur, du cerveau et plus encore. Les [&#8230;]\n","protected":false},"featured_media":247870,"comment_status":"open","ping_status":"open","template":"","meta":[],"product_brand":[4723],"product_cat":[5102,5082,5052,5053],"product_tag":[5069],"class_list":{"0":"post-281495","1":"product","2":"type-product","3":"status-publish","4":"has-post-thumbnail","6":"product_brand-life-extension-2","7":"product_cat-omega-et-huile-de-poisson","8":"product_cat-omegas-efa-cla-huiles","9":"product_cat-sante-et-bien-etre","10":"product_cat-vitamines-et-mineraux","11":"product_tag-topeco-2","13":"first","14":"instock","15":"taxable","16":"shipping-taxable","17":"purchasable","18":"product-type-simple"},"yoast_head":"<!-- This site is optimized with the Yoast SEO Premium plugin v27.3 (Yoast SEO v27.3) - https:\/\/yoast.com\/product\/yoast-seo-premium-wordpress\/ -->\n<title>Super om\u00e9ga-3 EPA\/DHA avec lignanes de s\u00e9same et extrait d&#039;olive - 120 softgels - ECO Supplements<\/title>\n<meta name=\"description\" content=\"Wij hebben een ruime keuze aan producten van Super om\u00e9ga-3 EPA\/DHA avec lignanes de s\u00e9same et extrait d&#039;olive - 120 softgels . Winkel bij Eco Supplements altijd gratis verzending boven 100\u20ac\" \/>\n<meta name=\"robots\" content=\"index, follow, max-snippet:-1, max-image-preview:large, max-video-preview:-1\" \/>\n<link rel=\"canonical\" href=\"https:\/\/ecosupplements.be\/fr\/produit\/super-omega-3-epa-dha-avec-lignanes-de-sesame-et-extrait-dolive-120-softgels\/\" \/>\n<meta property=\"og:locale\" content=\"fr_FR\" \/>\n<meta property=\"og:type\" content=\"article\" \/>\n<meta property=\"og:title\" content=\"Super om\u00e9ga-3 EPA\/DHA avec lignanes de s\u00e9same et extrait d&#039;olive - 120 softgels\" \/>\n<meta property=\"og:description\" content=\"Wij hebben een ruime keuze aan producten van Super om\u00e9ga-3 EPA\/DHA avec lignanes de s\u00e9same et extrait d&#039;olive - 120 softgels . Winkel bij Eco Supplements altijd gratis verzending boven 100\u20ac\" \/>\n<meta property=\"og:url\" content=\"https:\/\/ecosupplements.be\/fr\/produit\/super-omega-3-epa-dha-avec-lignanes-de-sesame-et-extrait-dolive-120-softgels\/\" \/>\n<meta property=\"og:site_name\" content=\"ECO Supplements\" \/>\n<meta property=\"article:modified_time\" content=\"2025-08-27T10:24:38+00:00\" \/>\n<meta property=\"og:image\" content=\"https:\/\/ecosupplements.be\/wp-content\/uploads\/2025\/08\/Life-Extension-Super-Omega-3-EPADHA-with-Sesame-Lignans-Olive-Extract-120-softgels-1.jpg\" \/>\n\t<meta property=\"og:image:width\" content=\"750\" \/>\n\t<meta property=\"og:image:height\" content=\"750\" \/>\n\t<meta property=\"og:image:type\" content=\"image\/jpeg\" \/>\n<meta name=\"twitter:card\" content=\"summary_large_image\" \/>\n<meta name=\"twitter:label1\" content=\"Prix\" \/>\n\t<meta name=\"twitter:data1\" content=\"46.77&nbsp;&euro;\" \/>\n\t<meta name=\"twitter:label2\" content=\"Disponibilit\u00e9\" \/>\n\t<meta name=\"twitter:data2\" content=\"En stock\" \/>\n<script type=\"application\/ld+json\" class=\"yoast-schema-graph\">{\"@context\":\"https:\\\/\\\/schema.org\",\"@graph\":[{\"@type\":[\"WebPage\",\"ItemPage\"],\"@id\":\"https:\\\/\\\/ecosupplements.be\\\/fr\\\/produit\\\/super-omega-3-epa-dha-avec-lignanes-de-sesame-et-extrait-dolive-120-softgels\\\/\",\"url\":\"https:\\\/\\\/ecosupplements.be\\\/fr\\\/produit\\\/super-omega-3-epa-dha-avec-lignanes-de-sesame-et-extrait-dolive-120-softgels\\\/\",\"name\":\"Super om\u00e9ga-3 EPA\\\/DHA avec lignanes de s\u00e9same et extrait d'olive - 120 softgels - ECO Supplements\",\"isPartOf\":{\"@id\":\"https:\\\/\\\/ecosupplements.be\\\/fr\\\/#website\"},\"primaryImageOfPage\":{\"@id\":\"https:\\\/\\\/ecosupplements.be\\\/fr\\\/produit\\\/super-omega-3-epa-dha-avec-lignanes-de-sesame-et-extrait-dolive-120-softgels\\\/#primaryimage\"},\"image\":{\"@id\":\"https:\\\/\\\/ecosupplements.be\\\/fr\\\/produit\\\/super-omega-3-epa-dha-avec-lignanes-de-sesame-et-extrait-dolive-120-softgels\\\/#primaryimage\"},\"thumbnailUrl\":\"https:\\\/\\\/ecosupplements.be\\\/wp-content\\\/uploads\\\/2025\\\/08\\\/Life-Extension-Super-Omega-3-EPADHA-with-Sesame-Lignans-Olive-Extract-120-softgels-1.jpg\",\"datePublished\":\"2022-06-28T09:18:01+00:00\",\"dateModified\":\"2025-08-27T10:24:38+00:00\",\"description\":\"Wij hebben een ruime keuze aan producten van Super om\u00e9ga-3 EPA\\\/DHA avec lignanes de s\u00e9same et extrait d'olive - 120 softgels . Winkel bij Eco Supplements altijd gratis verzending boven 100\u20ac\",\"breadcrumb\":{\"@id\":\"https:\\\/\\\/ecosupplements.be\\\/fr\\\/produit\\\/super-omega-3-epa-dha-avec-lignanes-de-sesame-et-extrait-dolive-120-softgels\\\/#breadcrumb\"},\"inLanguage\":\"fr-FR\",\"potentialAction\":[{\"@type\":\"ReadAction\",\"target\":[\"https:\\\/\\\/ecosupplements.be\\\/fr\\\/produit\\\/super-omega-3-epa-dha-avec-lignanes-de-sesame-et-extrait-dolive-120-softgels\\\/\"]}]},{\"@type\":\"ImageObject\",\"inLanguage\":\"fr-FR\",\"@id\":\"https:\\\/\\\/ecosupplements.be\\\/fr\\\/produit\\\/super-omega-3-epa-dha-avec-lignanes-de-sesame-et-extrait-dolive-120-softgels\\\/#primaryimage\",\"url\":\"https:\\\/\\\/ecosupplements.be\\\/wp-content\\\/uploads\\\/2025\\\/08\\\/Life-Extension-Super-Omega-3-EPADHA-with-Sesame-Lignans-Olive-Extract-120-softgels-1.jpg\",\"contentUrl\":\"https:\\\/\\\/ecosupplements.be\\\/wp-content\\\/uploads\\\/2025\\\/08\\\/Life-Extension-Super-Omega-3-EPADHA-with-Sesame-Lignans-Olive-Extract-120-softgels-1.jpg\",\"width\":750,\"height\":750},{\"@type\":\"BreadcrumbList\",\"@id\":\"https:\\\/\\\/ecosupplements.be\\\/fr\\\/produit\\\/super-omega-3-epa-dha-avec-lignanes-de-sesame-et-extrait-dolive-120-softgels\\\/#breadcrumb\",\"itemListElement\":[{\"@type\":\"ListItem\",\"position\":1,\"name\":\"Home\",\"item\":\"https:\\\/\\\/ecosupplements.be\\\/fr\\\/\"},{\"@type\":\"ListItem\",\"position\":2,\"name\":\"Boutique\",\"item\":\"https:\\\/\\\/ecosupplements.be\\\/fr\\\/boutique\\\/\"},{\"@type\":\"ListItem\",\"position\":3,\"name\":\"Super om\u00e9ga-3 EPA\\\/DHA avec lignanes de s\u00e9same et extrait d&#8217;olive &#8211; 120 softgels\"}]},{\"@type\":\"WebSite\",\"@id\":\"https:\\\/\\\/ecosupplements.be\\\/fr\\\/#website\",\"url\":\"https:\\\/\\\/ecosupplements.be\\\/fr\\\/\",\"name\":\"ECO Supplements\",\"description\":\"Eco Supplements - Gezonde supplementen\",\"publisher\":{\"@id\":\"https:\\\/\\\/ecosupplements.be\\\/fr\\\/#organization\"},\"potentialAction\":[{\"@type\":\"SearchAction\",\"target\":{\"@type\":\"EntryPoint\",\"urlTemplate\":\"https:\\\/\\\/ecosupplements.be\\\/fr\\\/?s={search_term_string}\"},\"query-input\":{\"@type\":\"PropertyValueSpecification\",\"valueRequired\":true,\"valueName\":\"search_term_string\"}}],\"inLanguage\":\"fr-FR\"},{\"@type\":\"Organization\",\"@id\":\"https:\\\/\\\/ecosupplements.be\\\/fr\\\/#organization\",\"name\":\"Eco Supplements\",\"url\":\"https:\\\/\\\/ecosupplements.be\\\/fr\\\/\",\"logo\":{\"@type\":\"ImageObject\",\"inLanguage\":\"fr-FR\",\"@id\":\"https:\\\/\\\/ecosupplements.be\\\/fr\\\/#\\\/schema\\\/logo\\\/image\\\/\",\"url\":\"https:\\\/\\\/ecosupplements.be\\\/wp-content\\\/uploads\\\/2022\\\/06\\\/ecosupplement-family.png\",\"contentUrl\":\"https:\\\/\\\/ecosupplements.be\\\/wp-content\\\/uploads\\\/2022\\\/06\\\/ecosupplement-family.png\",\"width\":593,\"height\":374,\"caption\":\"Eco Supplements\"},\"image\":{\"@id\":\"https:\\\/\\\/ecosupplements.be\\\/fr\\\/#\\\/schema\\\/logo\\\/image\\\/\"}}]}<\/script>\n<meta property=\"product:brand\" content=\"Life Extension\" \/>\n<meta property=\"product:price:amount\" content=\"46.77\" \/>\n<meta property=\"product:price:currency\" content=\"EUR\" \/>\n<meta property=\"og:availability\" content=\"instock\" \/>\n<meta property=\"product:availability\" content=\"instock\" \/>\n<meta property=\"product:retailer_item_id\" content=\"737870198413\" \/>\n<meta property=\"product:condition\" content=\"new\" \/>\n<!-- \/ Yoast SEO Premium plugin. -->","yoast_head_json":{"title":"Super om\u00e9ga-3 EPA\/DHA avec lignanes de s\u00e9same et extrait d'olive - 120 softgels - ECO Supplements","description":"Wij hebben een ruime keuze aan producten van Super om\u00e9ga-3 EPA\/DHA avec lignanes de s\u00e9same et extrait d'olive - 120 softgels . Winkel bij Eco Supplements altijd gratis verzending boven 100\u20ac","robots":{"index":"index","follow":"follow","max-snippet":"max-snippet:-1","max-image-preview":"max-image-preview:large","max-video-preview":"max-video-preview:-1"},"canonical":"https:\/\/ecosupplements.be\/fr\/produit\/super-omega-3-epa-dha-avec-lignanes-de-sesame-et-extrait-dolive-120-softgels\/","og_locale":"fr_FR","og_type":"article","og_title":"Super om\u00e9ga-3 EPA\/DHA avec lignanes de s\u00e9same et extrait d'olive - 120 softgels","og_description":"Wij hebben een ruime keuze aan producten van Super om\u00e9ga-3 EPA\/DHA avec lignanes de s\u00e9same et extrait d'olive - 120 softgels . Winkel bij Eco Supplements altijd gratis verzending boven 100\u20ac","og_url":"https:\/\/ecosupplements.be\/fr\/produit\/super-omega-3-epa-dha-avec-lignanes-de-sesame-et-extrait-dolive-120-softgels\/","og_site_name":"ECO Supplements","article_modified_time":"2025-08-27T10:24:38+00:00","og_image":[{"width":750,"height":750,"url":"https:\/\/ecosupplements.be\/wp-content\/uploads\/2025\/08\/Life-Extension-Super-Omega-3-EPADHA-with-Sesame-Lignans-Olive-Extract-120-softgels-1.jpg","type":"image\/jpeg"}],"twitter_card":"summary_large_image","twitter_misc":{"Prix":"46.77&nbsp;&euro;","Disponibilit\u00e9":"En stock"},"schema":{"@context":"https:\/\/schema.org","@graph":[{"@type":["WebPage","ItemPage"],"@id":"https:\/\/ecosupplements.be\/fr\/produit\/super-omega-3-epa-dha-avec-lignanes-de-sesame-et-extrait-dolive-120-softgels\/","url":"https:\/\/ecosupplements.be\/fr\/produit\/super-omega-3-epa-dha-avec-lignanes-de-sesame-et-extrait-dolive-120-softgels\/","name":"Super om\u00e9ga-3 EPA\/DHA avec lignanes de s\u00e9same et extrait d'olive - 120 softgels - ECO Supplements","isPartOf":{"@id":"https:\/\/ecosupplements.be\/fr\/#website"},"primaryImageOfPage":{"@id":"https:\/\/ecosupplements.be\/fr\/produit\/super-omega-3-epa-dha-avec-lignanes-de-sesame-et-extrait-dolive-120-softgels\/#primaryimage"},"image":{"@id":"https:\/\/ecosupplements.be\/fr\/produit\/super-omega-3-epa-dha-avec-lignanes-de-sesame-et-extrait-dolive-120-softgels\/#primaryimage"},"thumbnailUrl":"https:\/\/ecosupplements.be\/wp-content\/uploads\/2025\/08\/Life-Extension-Super-Omega-3-EPADHA-with-Sesame-Lignans-Olive-Extract-120-softgels-1.jpg","datePublished":"2022-06-28T09:18:01+00:00","dateModified":"2025-08-27T10:24:38+00:00","description":"Wij hebben een ruime keuze aan producten van Super om\u00e9ga-3 EPA\/DHA avec lignanes de s\u00e9same et extrait d'olive - 120 softgels . Winkel bij Eco Supplements altijd gratis verzending boven 100\u20ac","breadcrumb":{"@id":"https:\/\/ecosupplements.be\/fr\/produit\/super-omega-3-epa-dha-avec-lignanes-de-sesame-et-extrait-dolive-120-softgels\/#breadcrumb"},"inLanguage":"fr-FR","potentialAction":[{"@type":"ReadAction","target":["https:\/\/ecosupplements.be\/fr\/produit\/super-omega-3-epa-dha-avec-lignanes-de-sesame-et-extrait-dolive-120-softgels\/"]}]},{"@type":"ImageObject","inLanguage":"fr-FR","@id":"https:\/\/ecosupplements.be\/fr\/produit\/super-omega-3-epa-dha-avec-lignanes-de-sesame-et-extrait-dolive-120-softgels\/#primaryimage","url":"https:\/\/ecosupplements.be\/wp-content\/uploads\/2025\/08\/Life-Extension-Super-Omega-3-EPADHA-with-Sesame-Lignans-Olive-Extract-120-softgels-1.jpg","contentUrl":"https:\/\/ecosupplements.be\/wp-content\/uploads\/2025\/08\/Life-Extension-Super-Omega-3-EPADHA-with-Sesame-Lignans-Olive-Extract-120-softgels-1.jpg","width":750,"height":750},{"@type":"BreadcrumbList","@id":"https:\/\/ecosupplements.be\/fr\/produit\/super-omega-3-epa-dha-avec-lignanes-de-sesame-et-extrait-dolive-120-softgels\/#breadcrumb","itemListElement":[{"@type":"ListItem","position":1,"name":"Home","item":"https:\/\/ecosupplements.be\/fr\/"},{"@type":"ListItem","position":2,"name":"Boutique","item":"https:\/\/ecosupplements.be\/fr\/boutique\/"},{"@type":"ListItem","position":3,"name":"Super om\u00e9ga-3 EPA\/DHA avec lignanes de s\u00e9same et extrait d&#8217;olive &#8211; 120 softgels"}]},{"@type":"WebSite","@id":"https:\/\/ecosupplements.be\/fr\/#website","url":"https:\/\/ecosupplements.be\/fr\/","name":"ECO Supplements","description":"Eco Supplements - Gezonde supplementen","publisher":{"@id":"https:\/\/ecosupplements.be\/fr\/#organization"},"potentialAction":[{"@type":"SearchAction","target":{"@type":"EntryPoint","urlTemplate":"https:\/\/ecosupplements.be\/fr\/?s={search_term_string}"},"query-input":{"@type":"PropertyValueSpecification","valueRequired":true,"valueName":"search_term_string"}}],"inLanguage":"fr-FR"},{"@type":"Organization","@id":"https:\/\/ecosupplements.be\/fr\/#organization","name":"Eco Supplements","url":"https:\/\/ecosupplements.be\/fr\/","logo":{"@type":"ImageObject","inLanguage":"fr-FR","@id":"https:\/\/ecosupplements.be\/fr\/#\/schema\/logo\/image\/","url":"https:\/\/ecosupplements.be\/wp-content\/uploads\/2022\/06\/ecosupplement-family.png","contentUrl":"https:\/\/ecosupplements.be\/wp-content\/uploads\/2022\/06\/ecosupplement-family.png","width":593,"height":374,"caption":"Eco Supplements"},"image":{"@id":"https:\/\/ecosupplements.be\/fr\/#\/schema\/logo\/image\/"}}]},"product_brand":"Life Extension","product_price_amount":"46.77","product_price_currency":"EUR","og_availability":"instock","product_availability":"instock","product_retailer_item_id":"737870198413","product_condition":"new"},"_links":{"self":[{"href":"https:\/\/ecosupplements.be\/fr\/wp-json\/wp\/v2\/product\/281495","targetHints":{"allow":["GET"]}}],"collection":[{"href":"https:\/\/ecosupplements.be\/fr\/wp-json\/wp\/v2\/product"}],"about":[{"href":"https:\/\/ecosupplements.be\/fr\/wp-json\/wp\/v2\/types\/product"}],"replies":[{"embeddable":true,"href":"https:\/\/ecosupplements.be\/fr\/wp-json\/wp\/v2\/comments?post=281495"}],"wp:featuredmedia":[{"embeddable":true,"href":"https:\/\/ecosupplements.be\/fr\/wp-json\/wp\/v2\/media\/247870"}],"wp:attachment":[{"href":"https:\/\/ecosupplements.be\/fr\/wp-json\/wp\/v2\/media?parent=281495"}],"wp:term":[{"taxonomy":"product_brand","embeddable":true,"href":"https:\/\/ecosupplements.be\/fr\/wp-json\/wp\/v2\/product_brand?post=281495"},{"taxonomy":"product_cat","embeddable":true,"href":"https:\/\/ecosupplements.be\/fr\/wp-json\/wp\/v2\/product_cat?post=281495"},{"taxonomy":"product_tag","embeddable":true,"href":"https:\/\/ecosupplements.be\/fr\/wp-json\/wp\/v2\/product_tag?post=281495"}],"curies":[{"name":"wp","href":"https:\/\/api.w.org\/{rel}","templated":true}]}}