{"id":281505,"date":"2022-06-28T10:19:05","date_gmt":"2022-06-28T09:19:05","guid":{"rendered":"https:\/\/ecosupplements.be\/product\/vitamine-b-12-a-dissolution-rapide-5000mcg-100-comprimes\/"},"modified":"2025-08-27T11:24:59","modified_gmt":"2025-08-27T10:24:59","slug":"vitamine-b-12-a-dissolution-rapide-5000mcg-100-comprimes","status":"publish","type":"product","link":"https:\/\/ecosupplements.be\/fr\/produit\/vitamine-b-12-a-dissolution-rapide-5000mcg-100-comprimes\/","title":{"rendered":"Vitamine B-12 \u00e0 dissolution rapide, 5000mcg &#8211; 100 comprim\u00e9s"},"content":{"rendered":"<h1 style=\"text-align: center;\">Natrol &#8211; Vitamine B-12 \u00e0 dissolution rapide<\/h1>\n<p>Soutien du syst\u00e8me nerveux et de l&#8217;\u00e9nergie \u00e0 haute puissance et \u00e0 action rapide !<\/p>\n<p>Vous vous sentez fatigu\u00e9 ou en manque d&#8217;\u00e9nergie ? La vitamine B-12 peut vous aider. La vitamine B-12 est une vitamine qui participe \u00e0 la synth\u00e8se de l&#8217;ADN et de l&#8217;ARN, \u00e0 la formation de globules rouges sains et \u00e0 la transformation des aliments que nous mangeons en \u00e9nergie pour alimenter notre m\u00e9tabolisme.<\/p>\n<p>La vitamine B-12 5000mcg Fast Dissolve de Natrol d\u00e9livre du B-12 \u00e0 haute puissance pour stimuler les niveaux d&#8217;\u00e9nergie naturelle et soutenir le syst\u00e8me nerveux. La dissolution rapide est une m\u00e9thode de livraison qui permet \u00e0 la vitamine B-12 de se dissoudre rapidement dans votre bouche et peut \u00eatre aval\u00e9e sans liquide.<\/p>\n<p>Natrol Vitamine B-12 5000mcg \u00e0 dissolution rapide :<br \/>\n&#8211; Favorise l&#8217;\u00e9nergie,<br \/>\n&#8211; Favorise un syst\u00e8me nerveux sain,<br \/>\n&#8211; Avec la technologie Rapid Dissolve,<br \/>\n&#8211; D\u00e9licieux, saveur de baies m\u00e9lang\u00e9es,<br \/>\n&#8211; 100% V\u00e9g\u00e9tarien.<\/p>\n<p>Boostez votre \u00e9nergie corporelle naturelle avec la vitamine B-12 5000mcg \u00e0 dissolution rapide de Natrol.<\/p>\n","protected":false},"excerpt":{"rendered":"<p>Natrol &#8211; Vitamine B-12 \u00e0 dissolution rapide Soutien du syst\u00e8me nerveux et de l&#8217;\u00e9nergie \u00e0 haute puissance et \u00e0 action rapide ! Vous vous sentez fatigu\u00e9 ou en manque d&#8217;\u00e9nergie ? La vitamine B-12 peut vous aider. La vitamine B-12 est une vitamine qui participe \u00e0 la synth\u00e8se de l&#8217;ADN et de l&#8217;ARN, \u00e0 la [&#8230;]\n","protected":false},"featured_media":248526,"comment_status":"open","ping_status":"open","template":"","meta":[],"product_brand":[4731],"product_cat":[5052,5073,5053,5059],"product_tag":[],"class_list":{"0":"post-281505","1":"product","2":"type-product","3":"status-publish","4":"has-post-thumbnail","6":"product_brand-natrol-2","7":"product_cat-sante-et-bien-etre","8":"product_cat-vitamine-b-vitamines-simples","9":"product_cat-vitamines-et-mineraux","10":"product_cat-vitamines-simples","12":"first","13":"instock","14":"sale","15":"taxable","16":"shipping-taxable","17":"purchasable","18":"product-type-simple"},"yoast_head":"<!-- This site is optimized with the Yoast SEO Premium plugin v27.3 (Yoast SEO v27.3) - https:\/\/yoast.com\/product\/yoast-seo-premium-wordpress\/ -->\n<title>Vitamine B-12 \u00e0 dissolution rapide, 5000mcg - 100 comprim\u00e9s - ECO Supplements<\/title>\n<meta name=\"description\" content=\"Wij hebben een ruime keuze aan producten van Vitamine B-12 \u00e0 dissolution rapide, 5000mcg - 100 comprim\u00e9s . Winkel bij Eco Supplements altijd gratis verzending boven 100\u20ac\" \/>\n<meta name=\"robots\" content=\"index, follow, max-snippet:-1, max-image-preview:large, max-video-preview:-1\" \/>\n<link rel=\"canonical\" href=\"https:\/\/ecosupplements.be\/fr\/produit\/vitamine-b-12-a-dissolution-rapide-5000mcg-100-comprimes\/\" \/>\n<meta property=\"og:locale\" content=\"fr_FR\" \/>\n<meta property=\"og:type\" content=\"article\" \/>\n<meta property=\"og:title\" content=\"Vitamine B-12 \u00e0 dissolution rapide, 5000mcg - 100 comprim\u00e9s\" \/>\n<meta property=\"og:description\" content=\"Wij hebben een ruime keuze aan producten van Vitamine B-12 \u00e0 dissolution rapide, 5000mcg - 100 comprim\u00e9s . Winkel bij Eco Supplements altijd gratis verzending boven 100\u20ac\" \/>\n<meta property=\"og:url\" content=\"https:\/\/ecosupplements.be\/fr\/produit\/vitamine-b-12-a-dissolution-rapide-5000mcg-100-comprimes\/\" \/>\n<meta property=\"og:site_name\" content=\"ECO Supplements\" \/>\n<meta property=\"article:modified_time\" content=\"2025-08-27T10:24:59+00:00\" \/>\n<meta property=\"og:image\" content=\"https:\/\/ecosupplements.be\/wp-content\/uploads\/2025\/08\/Natrol-Vitamin-B-12-Fast-Dissolve-5000mcg-100-tabs.jpg\" \/>\n\t<meta property=\"og:image:width\" content=\"750\" \/>\n\t<meta property=\"og:image:height\" content=\"750\" \/>\n\t<meta property=\"og:image:type\" content=\"image\/jpeg\" \/>\n<meta name=\"twitter:card\" content=\"summary_large_image\" \/>\n<meta name=\"twitter:label1\" content=\"Prix\" \/>\n\t<meta name=\"twitter:data1\" content=\"17.15&nbsp;&euro;\" \/>\n\t<meta name=\"twitter:label2\" content=\"Disponibilit\u00e9\" \/>\n\t<meta name=\"twitter:data2\" content=\"En stock\" \/>\n<script type=\"application\/ld+json\" class=\"yoast-schema-graph\">{\"@context\":\"https:\\\/\\\/schema.org\",\"@graph\":[{\"@type\":[\"WebPage\",\"ItemPage\"],\"@id\":\"https:\\\/\\\/ecosupplements.be\\\/fr\\\/produit\\\/vitamine-b-12-a-dissolution-rapide-5000mcg-100-comprimes\\\/\",\"url\":\"https:\\\/\\\/ecosupplements.be\\\/fr\\\/produit\\\/vitamine-b-12-a-dissolution-rapide-5000mcg-100-comprimes\\\/\",\"name\":\"Vitamine B-12 \u00e0 dissolution rapide, 5000mcg - 100 comprim\u00e9s - ECO Supplements\",\"isPartOf\":{\"@id\":\"https:\\\/\\\/ecosupplements.be\\\/fr\\\/#website\"},\"primaryImageOfPage\":{\"@id\":\"https:\\\/\\\/ecosupplements.be\\\/fr\\\/produit\\\/vitamine-b-12-a-dissolution-rapide-5000mcg-100-comprimes\\\/#primaryimage\"},\"image\":{\"@id\":\"https:\\\/\\\/ecosupplements.be\\\/fr\\\/produit\\\/vitamine-b-12-a-dissolution-rapide-5000mcg-100-comprimes\\\/#primaryimage\"},\"thumbnailUrl\":\"https:\\\/\\\/ecosupplements.be\\\/wp-content\\\/uploads\\\/2025\\\/08\\\/Natrol-Vitamin-B-12-Fast-Dissolve-5000mcg-100-tabs-1.jpg\",\"datePublished\":\"2022-06-28T09:19:05+00:00\",\"dateModified\":\"2025-08-27T10:24:59+00:00\",\"description\":\"Wij hebben een ruime keuze aan producten van Vitamine B-12 \u00e0 dissolution rapide, 5000mcg - 100 comprim\u00e9s . Winkel bij Eco Supplements altijd gratis verzending boven 100\u20ac\",\"breadcrumb\":{\"@id\":\"https:\\\/\\\/ecosupplements.be\\\/fr\\\/produit\\\/vitamine-b-12-a-dissolution-rapide-5000mcg-100-comprimes\\\/#breadcrumb\"},\"inLanguage\":\"fr-FR\",\"potentialAction\":[{\"@type\":\"ReadAction\",\"target\":[\"https:\\\/\\\/ecosupplements.be\\\/fr\\\/produit\\\/vitamine-b-12-a-dissolution-rapide-5000mcg-100-comprimes\\\/\"]}]},{\"@type\":\"ImageObject\",\"inLanguage\":\"fr-FR\",\"@id\":\"https:\\\/\\\/ecosupplements.be\\\/fr\\\/produit\\\/vitamine-b-12-a-dissolution-rapide-5000mcg-100-comprimes\\\/#primaryimage\",\"url\":\"https:\\\/\\\/ecosupplements.be\\\/wp-content\\\/uploads\\\/2025\\\/08\\\/Natrol-Vitamin-B-12-Fast-Dissolve-5000mcg-100-tabs-1.jpg\",\"contentUrl\":\"https:\\\/\\\/ecosupplements.be\\\/wp-content\\\/uploads\\\/2025\\\/08\\\/Natrol-Vitamin-B-12-Fast-Dissolve-5000mcg-100-tabs-1.jpg\",\"width\":750,\"height\":750},{\"@type\":\"BreadcrumbList\",\"@id\":\"https:\\\/\\\/ecosupplements.be\\\/fr\\\/produit\\\/vitamine-b-12-a-dissolution-rapide-5000mcg-100-comprimes\\\/#breadcrumb\",\"itemListElement\":[{\"@type\":\"ListItem\",\"position\":1,\"name\":\"Home\",\"item\":\"https:\\\/\\\/ecosupplements.be\\\/fr\\\/\"},{\"@type\":\"ListItem\",\"position\":2,\"name\":\"Boutique\",\"item\":\"https:\\\/\\\/ecosupplements.be\\\/fr\\\/boutique\\\/\"},{\"@type\":\"ListItem\",\"position\":3,\"name\":\"Vitamine B-12 \u00e0 dissolution rapide, 5000mcg &#8211; 100 comprim\u00e9s\"}]},{\"@type\":\"WebSite\",\"@id\":\"https:\\\/\\\/ecosupplements.be\\\/fr\\\/#website\",\"url\":\"https:\\\/\\\/ecosupplements.be\\\/fr\\\/\",\"name\":\"ECO Supplements\",\"description\":\"Eco Supplements - Gezonde supplementen\",\"publisher\":{\"@id\":\"https:\\\/\\\/ecosupplements.be\\\/fr\\\/#organization\"},\"potentialAction\":[{\"@type\":\"SearchAction\",\"target\":{\"@type\":\"EntryPoint\",\"urlTemplate\":\"https:\\\/\\\/ecosupplements.be\\\/fr\\\/?s={search_term_string}\"},\"query-input\":{\"@type\":\"PropertyValueSpecification\",\"valueRequired\":true,\"valueName\":\"search_term_string\"}}],\"inLanguage\":\"fr-FR\"},{\"@type\":\"Organization\",\"@id\":\"https:\\\/\\\/ecosupplements.be\\\/fr\\\/#organization\",\"name\":\"Eco Supplements\",\"url\":\"https:\\\/\\\/ecosupplements.be\\\/fr\\\/\",\"logo\":{\"@type\":\"ImageObject\",\"inLanguage\":\"fr-FR\",\"@id\":\"https:\\\/\\\/ecosupplements.be\\\/fr\\\/#\\\/schema\\\/logo\\\/image\\\/\",\"url\":\"https:\\\/\\\/ecosupplements.be\\\/wp-content\\\/uploads\\\/2022\\\/06\\\/ecosupplement-family.png\",\"contentUrl\":\"https:\\\/\\\/ecosupplements.be\\\/wp-content\\\/uploads\\\/2022\\\/06\\\/ecosupplement-family.png\",\"width\":593,\"height\":374,\"caption\":\"Eco Supplements\"},\"image\":{\"@id\":\"https:\\\/\\\/ecosupplements.be\\\/fr\\\/#\\\/schema\\\/logo\\\/image\\\/\"}}]}<\/script>\n<meta property=\"product:brand\" content=\"Natrol\" \/>\n<meta property=\"product:price:amount\" content=\"17.15\" \/>\n<meta property=\"product:price:currency\" content=\"EUR\" \/>\n<meta property=\"og:availability\" content=\"instock\" \/>\n<meta property=\"product:availability\" content=\"instock\" \/>\n<meta property=\"product:retailer_item_id\" content=\"047469066727\" \/>\n<meta property=\"product:condition\" content=\"new\" \/>\n<!-- \/ Yoast SEO Premium plugin. -->","yoast_head_json":{"title":"Vitamine B-12 \u00e0 dissolution rapide, 5000mcg - 100 comprim\u00e9s - ECO Supplements","description":"Wij hebben een ruime keuze aan producten van Vitamine B-12 \u00e0 dissolution rapide, 5000mcg - 100 comprim\u00e9s . Winkel bij Eco Supplements altijd gratis verzending boven 100\u20ac","robots":{"index":"index","follow":"follow","max-snippet":"max-snippet:-1","max-image-preview":"max-image-preview:large","max-video-preview":"max-video-preview:-1"},"canonical":"https:\/\/ecosupplements.be\/fr\/produit\/vitamine-b-12-a-dissolution-rapide-5000mcg-100-comprimes\/","og_locale":"fr_FR","og_type":"article","og_title":"Vitamine B-12 \u00e0 dissolution rapide, 5000mcg - 100 comprim\u00e9s","og_description":"Wij hebben een ruime keuze aan producten van Vitamine B-12 \u00e0 dissolution rapide, 5000mcg - 100 comprim\u00e9s . Winkel bij Eco Supplements altijd gratis verzending boven 100\u20ac","og_url":"https:\/\/ecosupplements.be\/fr\/produit\/vitamine-b-12-a-dissolution-rapide-5000mcg-100-comprimes\/","og_site_name":"ECO Supplements","article_modified_time":"2025-08-27T10:24:59+00:00","og_image":[{"width":750,"height":750,"url":"https:\/\/ecosupplements.be\/wp-content\/uploads\/2025\/08\/Natrol-Vitamin-B-12-Fast-Dissolve-5000mcg-100-tabs.jpg","type":"image\/jpeg"}],"twitter_card":"summary_large_image","twitter_misc":{"Prix":"17.15&nbsp;&euro;","Disponibilit\u00e9":"En stock"},"schema":{"@context":"https:\/\/schema.org","@graph":[{"@type":["WebPage","ItemPage"],"@id":"https:\/\/ecosupplements.be\/fr\/produit\/vitamine-b-12-a-dissolution-rapide-5000mcg-100-comprimes\/","url":"https:\/\/ecosupplements.be\/fr\/produit\/vitamine-b-12-a-dissolution-rapide-5000mcg-100-comprimes\/","name":"Vitamine B-12 \u00e0 dissolution rapide, 5000mcg - 100 comprim\u00e9s - ECO Supplements","isPartOf":{"@id":"https:\/\/ecosupplements.be\/fr\/#website"},"primaryImageOfPage":{"@id":"https:\/\/ecosupplements.be\/fr\/produit\/vitamine-b-12-a-dissolution-rapide-5000mcg-100-comprimes\/#primaryimage"},"image":{"@id":"https:\/\/ecosupplements.be\/fr\/produit\/vitamine-b-12-a-dissolution-rapide-5000mcg-100-comprimes\/#primaryimage"},"thumbnailUrl":"https:\/\/ecosupplements.be\/wp-content\/uploads\/2025\/08\/Natrol-Vitamin-B-12-Fast-Dissolve-5000mcg-100-tabs-1.jpg","datePublished":"2022-06-28T09:19:05+00:00","dateModified":"2025-08-27T10:24:59+00:00","description":"Wij hebben een ruime keuze aan producten van Vitamine B-12 \u00e0 dissolution rapide, 5000mcg - 100 comprim\u00e9s . Winkel bij Eco Supplements altijd gratis verzending boven 100\u20ac","breadcrumb":{"@id":"https:\/\/ecosupplements.be\/fr\/produit\/vitamine-b-12-a-dissolution-rapide-5000mcg-100-comprimes\/#breadcrumb"},"inLanguage":"fr-FR","potentialAction":[{"@type":"ReadAction","target":["https:\/\/ecosupplements.be\/fr\/produit\/vitamine-b-12-a-dissolution-rapide-5000mcg-100-comprimes\/"]}]},{"@type":"ImageObject","inLanguage":"fr-FR","@id":"https:\/\/ecosupplements.be\/fr\/produit\/vitamine-b-12-a-dissolution-rapide-5000mcg-100-comprimes\/#primaryimage","url":"https:\/\/ecosupplements.be\/wp-content\/uploads\/2025\/08\/Natrol-Vitamin-B-12-Fast-Dissolve-5000mcg-100-tabs-1.jpg","contentUrl":"https:\/\/ecosupplements.be\/wp-content\/uploads\/2025\/08\/Natrol-Vitamin-B-12-Fast-Dissolve-5000mcg-100-tabs-1.jpg","width":750,"height":750},{"@type":"BreadcrumbList","@id":"https:\/\/ecosupplements.be\/fr\/produit\/vitamine-b-12-a-dissolution-rapide-5000mcg-100-comprimes\/#breadcrumb","itemListElement":[{"@type":"ListItem","position":1,"name":"Home","item":"https:\/\/ecosupplements.be\/fr\/"},{"@type":"ListItem","position":2,"name":"Boutique","item":"https:\/\/ecosupplements.be\/fr\/boutique\/"},{"@type":"ListItem","position":3,"name":"Vitamine B-12 \u00e0 dissolution rapide, 5000mcg &#8211; 100 comprim\u00e9s"}]},{"@type":"WebSite","@id":"https:\/\/ecosupplements.be\/fr\/#website","url":"https:\/\/ecosupplements.be\/fr\/","name":"ECO Supplements","description":"Eco Supplements - Gezonde supplementen","publisher":{"@id":"https:\/\/ecosupplements.be\/fr\/#organization"},"potentialAction":[{"@type":"SearchAction","target":{"@type":"EntryPoint","urlTemplate":"https:\/\/ecosupplements.be\/fr\/?s={search_term_string}"},"query-input":{"@type":"PropertyValueSpecification","valueRequired":true,"valueName":"search_term_string"}}],"inLanguage":"fr-FR"},{"@type":"Organization","@id":"https:\/\/ecosupplements.be\/fr\/#organization","name":"Eco Supplements","url":"https:\/\/ecosupplements.be\/fr\/","logo":{"@type":"ImageObject","inLanguage":"fr-FR","@id":"https:\/\/ecosupplements.be\/fr\/#\/schema\/logo\/image\/","url":"https:\/\/ecosupplements.be\/wp-content\/uploads\/2022\/06\/ecosupplement-family.png","contentUrl":"https:\/\/ecosupplements.be\/wp-content\/uploads\/2022\/06\/ecosupplement-family.png","width":593,"height":374,"caption":"Eco Supplements"},"image":{"@id":"https:\/\/ecosupplements.be\/fr\/#\/schema\/logo\/image\/"}}]},"product_brand":"Natrol","product_price_amount":"17.15","product_price_currency":"EUR","og_availability":"instock","product_availability":"instock","product_retailer_item_id":"047469066727","product_condition":"new"},"_links":{"self":[{"href":"https:\/\/ecosupplements.be\/fr\/wp-json\/wp\/v2\/product\/281505","targetHints":{"allow":["GET"]}}],"collection":[{"href":"https:\/\/ecosupplements.be\/fr\/wp-json\/wp\/v2\/product"}],"about":[{"href":"https:\/\/ecosupplements.be\/fr\/wp-json\/wp\/v2\/types\/product"}],"replies":[{"embeddable":true,"href":"https:\/\/ecosupplements.be\/fr\/wp-json\/wp\/v2\/comments?post=281505"}],"wp:featuredmedia":[{"embeddable":true,"href":"https:\/\/ecosupplements.be\/fr\/wp-json\/wp\/v2\/media\/248526"}],"wp:attachment":[{"href":"https:\/\/ecosupplements.be\/fr\/wp-json\/wp\/v2\/media?parent=281505"}],"wp:term":[{"taxonomy":"product_brand","embeddable":true,"href":"https:\/\/ecosupplements.be\/fr\/wp-json\/wp\/v2\/product_brand?post=281505"},{"taxonomy":"product_cat","embeddable":true,"href":"https:\/\/ecosupplements.be\/fr\/wp-json\/wp\/v2\/product_cat?post=281505"},{"taxonomy":"product_tag","embeddable":true,"href":"https:\/\/ecosupplements.be\/fr\/wp-json\/wp\/v2\/product_tag?post=281505"}],"curies":[{"name":"wp","href":"https:\/\/api.w.org\/{rel}","templated":true}]}}