{"id":281539,"date":"2022-06-28T10:19:27","date_gmt":"2022-06-28T09:19:27","guid":{"rendered":"https:\/\/ecosupplements.be\/product\/super-collagene-type-1-3-non-aromatise-200g\/"},"modified":"2025-08-27T11:27:03","modified_gmt":"2025-08-27T10:27:03","slug":"super-collagene-type-1-3-non-aromatise-200g","status":"publish","type":"product","link":"https:\/\/ecosupplements.be\/fr\/produit\/super-collagene-type-1-3-non-aromatise-200g\/","title":{"rendered":"Super Collag\u00e8ne Type 1 &#038; 3 &#8211; non aromatis\u00e9 &#8211; 200g"},"content":{"rendered":"<h1 style=\"text-align: center;\">NeoCell &#8211; Super Collag\u00e8ne Type 1 &amp; 3 &#8211; Non aromatis\u00e9<\/h1>\n<p>Pourquoi le collag\u00e8ne ? Le collag\u00e8ne est une prot\u00e9ine complexe qui maintient la force et la flexibilit\u00e9 dans tout le corps. En vieillissant, nos r\u00e9serves naturelles de collag\u00e8ne diminuent, ce qui peut entra\u00eener des signes courants de vieillissement de la peau.*<\/p>\n<p>Voici la bonne nouvelle : des \u00e9tudes cliniques montrent que la prise de collag\u00e8ne peut favoriser une formation saine de collag\u00e8ne dans tout le corps, y compris dans votre peau. Mieux encore, NeoCell Super Collagen contient du collag\u00e8ne hydrolys\u00e9 (collag\u00e8ne d\u00e9compos\u00e9 en mol\u00e9cules plus petites, appel\u00e9es peptides). Cette forme hydrolys\u00e9e donne \u00e0 votre corps les \u00e9l\u00e9ments de base pour cr\u00e9er son propre collag\u00e8ne, ainsi que d&#8217;autres prot\u00e9ines comme la k\u00e9ratine, dont vos cheveux raffolent.*<\/p>\n<p>NeoCell Super Collagen vous permet de puiser facilement dans votre source int\u00e9rieure de beaut\u00e9 naturelle pour une peau jeune et radieuse. Vivez votre vie la plus vibrante !*<br \/>\nCollag\u00e8ne de types 1 et 3<br \/>\nFavorise la formation de collag\u00e8ne*<br \/>\nHydrolys\u00e9 pour une meilleure biodisponibilit\u00e9<br \/>\nVous \u00eates sain et radieux<\/p>\n<p><img decoding=\"async\" src=\"https:\/\/ecosupplements.be\/wp-content\/uploads\/2025\/08\/gluten-free-1.png\" title=\"Sans gluten\" alt=\"Gluten free\"><\/p>\n","protected":false},"excerpt":{"rendered":"<p>NeoCell &#8211; Super Collag\u00e8ne Type 1 &amp; 3 &#8211; Non aromatis\u00e9 Pourquoi le collag\u00e8ne ? Le collag\u00e8ne est une prot\u00e9ine complexe qui maintient la force et la flexibilit\u00e9 dans tout le corps. En vieillissant, nos r\u00e9serves naturelles de collag\u00e8ne diminuent, ce qui peut entra\u00eener des signes courants de vieillissement de la peau.* Voici la bonne [&#8230;]\n","protected":false},"featured_media":248747,"comment_status":"open","ping_status":"open","template":"","meta":[],"product_brand":[4857],"product_cat":[5121,5052,5083,5084,5085,5053],"product_tag":[5069],"class_list":{"0":"post-281539","1":"product","2":"type-product","3":"status-publish","4":"has-post-thumbnail","6":"product_brand-neocell-2","7":"product_cat-collagene","8":"product_cat-sante-et-bien-etre","9":"product_cat-soutien-aux-articulations","10":"product_cat-soutien-conjoint","11":"product_cat-soutien-pour-les-articulations","12":"product_cat-vitamines-et-mineraux","13":"product_tag-topeco-2","15":"first","16":"instock","17":"taxable","18":"shipping-taxable","19":"purchasable","20":"product-type-simple"},"yoast_head":"<!-- This site is optimized with the Yoast SEO Premium plugin v27.3 (Yoast SEO v27.3) - https:\/\/yoast.com\/product\/yoast-seo-premium-wordpress\/ -->\n<title>Super Collag\u00e8ne Type 1 &amp; 3 - non aromatis\u00e9 - 200g - ECO Supplements<\/title>\n<meta name=\"description\" content=\"Wij hebben een ruime keuze aan producten van Super Collag\u00e8ne Type 1 &amp; 3 - non aromatis\u00e9 - 200g . Winkel bij Eco Supplements altijd gratis verzending boven 100\u20ac\" \/>\n<meta name=\"robots\" content=\"index, follow, max-snippet:-1, max-image-preview:large, max-video-preview:-1\" \/>\n<link rel=\"canonical\" href=\"https:\/\/ecosupplements.be\/fr\/produit\/super-collagene-type-1-3-non-aromatise-200g\/\" \/>\n<meta property=\"og:locale\" content=\"fr_FR\" \/>\n<meta property=\"og:type\" content=\"article\" \/>\n<meta property=\"og:title\" content=\"Super Collag\u00e8ne Type 1 &amp; 3 - non aromatis\u00e9 - 200g\" \/>\n<meta property=\"og:description\" content=\"Wij hebben een ruime keuze aan producten van Super Collag\u00e8ne Type 1 &amp; 3 - non aromatis\u00e9 - 200g . Winkel bij Eco Supplements altijd gratis verzending boven 100\u20ac\" \/>\n<meta property=\"og:url\" content=\"https:\/\/ecosupplements.be\/fr\/produit\/super-collagene-type-1-3-non-aromatise-200g\/\" \/>\n<meta property=\"og:site_name\" content=\"ECO Supplements\" \/>\n<meta property=\"article:modified_time\" content=\"2025-08-27T10:27:03+00:00\" \/>\n<meta property=\"og:image\" content=\"https:\/\/ecosupplements.be\/wp-content\/uploads\/2025\/08\/NeoCell-Super-Powder-Collagen-198-grams-1.jpg\" \/>\n\t<meta property=\"og:image:width\" content=\"500\" \/>\n\t<meta property=\"og:image:height\" content=\"500\" \/>\n\t<meta property=\"og:image:type\" content=\"image\/jpeg\" \/>\n<meta name=\"twitter:card\" content=\"summary_large_image\" \/>\n<meta name=\"twitter:label1\" content=\"Prix\" \/>\n\t<meta name=\"twitter:data1\" content=\"22.44&nbsp;&euro;\" \/>\n\t<meta name=\"twitter:label2\" content=\"Disponibilit\u00e9\" \/>\n\t<meta name=\"twitter:data2\" content=\"En stock\" \/>\n<script type=\"application\/ld+json\" class=\"yoast-schema-graph\">{\"@context\":\"https:\\\/\\\/schema.org\",\"@graph\":[{\"@type\":[\"WebPage\",\"ItemPage\"],\"@id\":\"https:\\\/\\\/ecosupplements.be\\\/fr\\\/produit\\\/super-collagene-type-1-3-non-aromatise-200g\\\/\",\"url\":\"https:\\\/\\\/ecosupplements.be\\\/fr\\\/produit\\\/super-collagene-type-1-3-non-aromatise-200g\\\/\",\"name\":\"Super Collag\u00e8ne Type 1 & 3 - non aromatis\u00e9 - 200g - ECO Supplements\",\"isPartOf\":{\"@id\":\"https:\\\/\\\/ecosupplements.be\\\/fr\\\/#website\"},\"primaryImageOfPage\":{\"@id\":\"https:\\\/\\\/ecosupplements.be\\\/fr\\\/produit\\\/super-collagene-type-1-3-non-aromatise-200g\\\/#primaryimage\"},\"image\":{\"@id\":\"https:\\\/\\\/ecosupplements.be\\\/fr\\\/produit\\\/super-collagene-type-1-3-non-aromatise-200g\\\/#primaryimage\"},\"thumbnailUrl\":\"https:\\\/\\\/ecosupplements.be\\\/wp-content\\\/uploads\\\/2025\\\/08\\\/NeoCell-Super-Powder-Collagen-198-grams-1.jpg\",\"datePublished\":\"2022-06-28T09:19:27+00:00\",\"dateModified\":\"2025-08-27T10:27:03+00:00\",\"description\":\"Wij hebben een ruime keuze aan producten van Super Collag\u00e8ne Type 1 & 3 - non aromatis\u00e9 - 200g . Winkel bij Eco Supplements altijd gratis verzending boven 100\u20ac\",\"breadcrumb\":{\"@id\":\"https:\\\/\\\/ecosupplements.be\\\/fr\\\/produit\\\/super-collagene-type-1-3-non-aromatise-200g\\\/#breadcrumb\"},\"inLanguage\":\"fr-FR\",\"potentialAction\":[{\"@type\":\"ReadAction\",\"target\":[\"https:\\\/\\\/ecosupplements.be\\\/fr\\\/produit\\\/super-collagene-type-1-3-non-aromatise-200g\\\/\"]}]},{\"@type\":\"ImageObject\",\"inLanguage\":\"fr-FR\",\"@id\":\"https:\\\/\\\/ecosupplements.be\\\/fr\\\/produit\\\/super-collagene-type-1-3-non-aromatise-200g\\\/#primaryimage\",\"url\":\"https:\\\/\\\/ecosupplements.be\\\/wp-content\\\/uploads\\\/2025\\\/08\\\/NeoCell-Super-Powder-Collagen-198-grams-1.jpg\",\"contentUrl\":\"https:\\\/\\\/ecosupplements.be\\\/wp-content\\\/uploads\\\/2025\\\/08\\\/NeoCell-Super-Powder-Collagen-198-grams-1.jpg\",\"width\":500,\"height\":500},{\"@type\":\"BreadcrumbList\",\"@id\":\"https:\\\/\\\/ecosupplements.be\\\/fr\\\/produit\\\/super-collagene-type-1-3-non-aromatise-200g\\\/#breadcrumb\",\"itemListElement\":[{\"@type\":\"ListItem\",\"position\":1,\"name\":\"Home\",\"item\":\"https:\\\/\\\/ecosupplements.be\\\/fr\\\/\"},{\"@type\":\"ListItem\",\"position\":2,\"name\":\"Boutique\",\"item\":\"https:\\\/\\\/ecosupplements.be\\\/fr\\\/boutique\\\/\"},{\"@type\":\"ListItem\",\"position\":3,\"name\":\"Super Collag\u00e8ne Type 1 &#038; 3 &#8211; non aromatis\u00e9 &#8211; 200g\"}]},{\"@type\":\"WebSite\",\"@id\":\"https:\\\/\\\/ecosupplements.be\\\/fr\\\/#website\",\"url\":\"https:\\\/\\\/ecosupplements.be\\\/fr\\\/\",\"name\":\"ECO Supplements\",\"description\":\"Eco Supplements - Gezonde supplementen\",\"publisher\":{\"@id\":\"https:\\\/\\\/ecosupplements.be\\\/fr\\\/#organization\"},\"potentialAction\":[{\"@type\":\"SearchAction\",\"target\":{\"@type\":\"EntryPoint\",\"urlTemplate\":\"https:\\\/\\\/ecosupplements.be\\\/fr\\\/?s={search_term_string}\"},\"query-input\":{\"@type\":\"PropertyValueSpecification\",\"valueRequired\":true,\"valueName\":\"search_term_string\"}}],\"inLanguage\":\"fr-FR\"},{\"@type\":\"Organization\",\"@id\":\"https:\\\/\\\/ecosupplements.be\\\/fr\\\/#organization\",\"name\":\"Eco Supplements\",\"url\":\"https:\\\/\\\/ecosupplements.be\\\/fr\\\/\",\"logo\":{\"@type\":\"ImageObject\",\"inLanguage\":\"fr-FR\",\"@id\":\"https:\\\/\\\/ecosupplements.be\\\/fr\\\/#\\\/schema\\\/logo\\\/image\\\/\",\"url\":\"https:\\\/\\\/ecosupplements.be\\\/wp-content\\\/uploads\\\/2022\\\/06\\\/ecosupplement-family.png\",\"contentUrl\":\"https:\\\/\\\/ecosupplements.be\\\/wp-content\\\/uploads\\\/2022\\\/06\\\/ecosupplement-family.png\",\"width\":593,\"height\":374,\"caption\":\"Eco Supplements\"},\"image\":{\"@id\":\"https:\\\/\\\/ecosupplements.be\\\/fr\\\/#\\\/schema\\\/logo\\\/image\\\/\"}}]}<\/script>\n<meta property=\"product:brand\" content=\"NeoCell\" \/>\n<meta property=\"product:price:amount\" content=\"22.44\" \/>\n<meta property=\"product:price:currency\" content=\"EUR\" \/>\n<meta property=\"og:availability\" content=\"instock\" \/>\n<meta property=\"product:availability\" content=\"instock\" \/>\n<meta property=\"product:retailer_item_id\" content=\"016185019867\" \/>\n<meta property=\"product:condition\" content=\"new\" \/>\n<!-- \/ Yoast SEO Premium plugin. -->","yoast_head_json":{"title":"Super Collag\u00e8ne Type 1 & 3 - non aromatis\u00e9 - 200g - ECO Supplements","description":"Wij hebben een ruime keuze aan producten van Super Collag\u00e8ne Type 1 & 3 - non aromatis\u00e9 - 200g . Winkel bij Eco Supplements altijd gratis verzending boven 100\u20ac","robots":{"index":"index","follow":"follow","max-snippet":"max-snippet:-1","max-image-preview":"max-image-preview:large","max-video-preview":"max-video-preview:-1"},"canonical":"https:\/\/ecosupplements.be\/fr\/produit\/super-collagene-type-1-3-non-aromatise-200g\/","og_locale":"fr_FR","og_type":"article","og_title":"Super Collag\u00e8ne Type 1 & 3 - non aromatis\u00e9 - 200g","og_description":"Wij hebben een ruime keuze aan producten van Super Collag\u00e8ne Type 1 & 3 - non aromatis\u00e9 - 200g . Winkel bij Eco Supplements altijd gratis verzending boven 100\u20ac","og_url":"https:\/\/ecosupplements.be\/fr\/produit\/super-collagene-type-1-3-non-aromatise-200g\/","og_site_name":"ECO Supplements","article_modified_time":"2025-08-27T10:27:03+00:00","og_image":[{"width":500,"height":500,"url":"https:\/\/ecosupplements.be\/wp-content\/uploads\/2025\/08\/NeoCell-Super-Powder-Collagen-198-grams-1.jpg","type":"image\/jpeg"}],"twitter_card":"summary_large_image","twitter_misc":{"Prix":"22.44&nbsp;&euro;","Disponibilit\u00e9":"En stock"},"schema":{"@context":"https:\/\/schema.org","@graph":[{"@type":["WebPage","ItemPage"],"@id":"https:\/\/ecosupplements.be\/fr\/produit\/super-collagene-type-1-3-non-aromatise-200g\/","url":"https:\/\/ecosupplements.be\/fr\/produit\/super-collagene-type-1-3-non-aromatise-200g\/","name":"Super Collag\u00e8ne Type 1 & 3 - non aromatis\u00e9 - 200g - ECO Supplements","isPartOf":{"@id":"https:\/\/ecosupplements.be\/fr\/#website"},"primaryImageOfPage":{"@id":"https:\/\/ecosupplements.be\/fr\/produit\/super-collagene-type-1-3-non-aromatise-200g\/#primaryimage"},"image":{"@id":"https:\/\/ecosupplements.be\/fr\/produit\/super-collagene-type-1-3-non-aromatise-200g\/#primaryimage"},"thumbnailUrl":"https:\/\/ecosupplements.be\/wp-content\/uploads\/2025\/08\/NeoCell-Super-Powder-Collagen-198-grams-1.jpg","datePublished":"2022-06-28T09:19:27+00:00","dateModified":"2025-08-27T10:27:03+00:00","description":"Wij hebben een ruime keuze aan producten van Super Collag\u00e8ne Type 1 & 3 - non aromatis\u00e9 - 200g . Winkel bij Eco Supplements altijd gratis verzending boven 100\u20ac","breadcrumb":{"@id":"https:\/\/ecosupplements.be\/fr\/produit\/super-collagene-type-1-3-non-aromatise-200g\/#breadcrumb"},"inLanguage":"fr-FR","potentialAction":[{"@type":"ReadAction","target":["https:\/\/ecosupplements.be\/fr\/produit\/super-collagene-type-1-3-non-aromatise-200g\/"]}]},{"@type":"ImageObject","inLanguage":"fr-FR","@id":"https:\/\/ecosupplements.be\/fr\/produit\/super-collagene-type-1-3-non-aromatise-200g\/#primaryimage","url":"https:\/\/ecosupplements.be\/wp-content\/uploads\/2025\/08\/NeoCell-Super-Powder-Collagen-198-grams-1.jpg","contentUrl":"https:\/\/ecosupplements.be\/wp-content\/uploads\/2025\/08\/NeoCell-Super-Powder-Collagen-198-grams-1.jpg","width":500,"height":500},{"@type":"BreadcrumbList","@id":"https:\/\/ecosupplements.be\/fr\/produit\/super-collagene-type-1-3-non-aromatise-200g\/#breadcrumb","itemListElement":[{"@type":"ListItem","position":1,"name":"Home","item":"https:\/\/ecosupplements.be\/fr\/"},{"@type":"ListItem","position":2,"name":"Boutique","item":"https:\/\/ecosupplements.be\/fr\/boutique\/"},{"@type":"ListItem","position":3,"name":"Super Collag\u00e8ne Type 1 &#038; 3 &#8211; non aromatis\u00e9 &#8211; 200g"}]},{"@type":"WebSite","@id":"https:\/\/ecosupplements.be\/fr\/#website","url":"https:\/\/ecosupplements.be\/fr\/","name":"ECO Supplements","description":"Eco Supplements - Gezonde supplementen","publisher":{"@id":"https:\/\/ecosupplements.be\/fr\/#organization"},"potentialAction":[{"@type":"SearchAction","target":{"@type":"EntryPoint","urlTemplate":"https:\/\/ecosupplements.be\/fr\/?s={search_term_string}"},"query-input":{"@type":"PropertyValueSpecification","valueRequired":true,"valueName":"search_term_string"}}],"inLanguage":"fr-FR"},{"@type":"Organization","@id":"https:\/\/ecosupplements.be\/fr\/#organization","name":"Eco Supplements","url":"https:\/\/ecosupplements.be\/fr\/","logo":{"@type":"ImageObject","inLanguage":"fr-FR","@id":"https:\/\/ecosupplements.be\/fr\/#\/schema\/logo\/image\/","url":"https:\/\/ecosupplements.be\/wp-content\/uploads\/2022\/06\/ecosupplement-family.png","contentUrl":"https:\/\/ecosupplements.be\/wp-content\/uploads\/2022\/06\/ecosupplement-family.png","width":593,"height":374,"caption":"Eco Supplements"},"image":{"@id":"https:\/\/ecosupplements.be\/fr\/#\/schema\/logo\/image\/"}}]},"product_brand":"NeoCell","product_price_amount":"22.44","product_price_currency":"EUR","og_availability":"instock","product_availability":"instock","product_retailer_item_id":"016185019867","product_condition":"new"},"_links":{"self":[{"href":"https:\/\/ecosupplements.be\/fr\/wp-json\/wp\/v2\/product\/281539","targetHints":{"allow":["GET"]}}],"collection":[{"href":"https:\/\/ecosupplements.be\/fr\/wp-json\/wp\/v2\/product"}],"about":[{"href":"https:\/\/ecosupplements.be\/fr\/wp-json\/wp\/v2\/types\/product"}],"replies":[{"embeddable":true,"href":"https:\/\/ecosupplements.be\/fr\/wp-json\/wp\/v2\/comments?post=281539"}],"wp:featuredmedia":[{"embeddable":true,"href":"https:\/\/ecosupplements.be\/fr\/wp-json\/wp\/v2\/media\/248747"}],"wp:attachment":[{"href":"https:\/\/ecosupplements.be\/fr\/wp-json\/wp\/v2\/media?parent=281539"}],"wp:term":[{"taxonomy":"product_brand","embeddable":true,"href":"https:\/\/ecosupplements.be\/fr\/wp-json\/wp\/v2\/product_brand?post=281539"},{"taxonomy":"product_cat","embeddable":true,"href":"https:\/\/ecosupplements.be\/fr\/wp-json\/wp\/v2\/product_cat?post=281539"},{"taxonomy":"product_tag","embeddable":true,"href":"https:\/\/ecosupplements.be\/fr\/wp-json\/wp\/v2\/product_tag?post=281539"}],"curies":[{"name":"wp","href":"https:\/\/api.w.org\/{rel}","templated":true}]}}