{"id":281560,"date":"2022-06-28T10:21:21","date_gmt":"2022-06-28T09:21:21","guid":{"rendered":"https:\/\/ecosupplements.be\/product\/bcaa-acides-amines-a-chaine-ramifiee-240-gelules\/"},"modified":"2025-08-27T11:28:26","modified_gmt":"2025-08-27T10:28:26","slug":"bcaa-acides-amines-a-chaine-ramifiee-240-gelules","status":"publish","type":"product","link":"https:\/\/ecosupplements.be\/fr\/produit\/bcaa-acides-amines-a-chaine-ramifiee-240-gelules\/","title":{"rendered":"BCAA &#8211; Acides amin\u00e9s \u00e0 cha\u00eene ramifi\u00e9e &#8211; 240 g\u00e9lules"},"content":{"rendered":"<h1 style=\"text-align: center;\">NOW Foods &#8211; BCAA<\/h1>\n<p>Grade pharmaceutique<br \/>\nLes acides amin\u00e9s \u00e0 cha\u00eene ramifi\u00e9e (BCAA) Leucine, Isoleucine et Valine sont des acides amin\u00e9s essentiels, et ne peuvent donc pas \u00eatre fabriqu\u00e9s par l&#8217;organisme. Les BCAA sont essentiels \u00e0 la synth\u00e8se des prot\u00e9ines musculaires, et comme les BCAA peuvent \u00eatre utilis\u00e9s comme carburant pendant l&#8217;exercice, la suppl\u00e9mentation en BCAA peut aider \u00e0 pr\u00e9server le tissu musculaire existant. En outre, les BCAA peuvent soutenir le processus de r\u00e9cup\u00e9ration en favorisant les processus de r\u00e9paration normaux qui ont lieu apr\u00e8s l&#8217;effort. Les BCAA jouent \u00e9galement un r\u00f4le important dans le maintien du bon fonctionnement du syst\u00e8me immunitaire et le soutien d&#8217;un vieillissement sain.<\/p>\n<p><img decoding=\"async\" src=\"https:\/\/ecosupplements.be\/wp-content\/uploads\/2025\/08\/gluten-free-1.png\" title=\"Sans gluten\" alt=\"Gluten free\"><img decoding=\"async\" src=\"https:\/\/ecosupplements.be\/wp-content\/uploads\/2025\/08\/non-gmo-1.png\" title=\"Non-OGM\" alt=\"Non-GMO\"><\/p>\n","protected":false},"excerpt":{"rendered":"<p>NOW Foods &#8211; BCAA Grade pharmaceutique Les acides amin\u00e9s \u00e0 cha\u00eene ramifi\u00e9e (BCAA) Leucine, Isoleucine et Valine sont des acides amin\u00e9s essentiels, et ne peuvent donc pas \u00eatre fabriqu\u00e9s par l&#8217;organisme. Les BCAA sont essentiels \u00e0 la synth\u00e8se des prot\u00e9ines musculaires, et comme les BCAA peuvent \u00eatre utilis\u00e9s comme carburant pendant l&#8217;exercice, la suppl\u00e9mentation en [&#8230;]\n","protected":false},"featured_media":249173,"comment_status":"open","ping_status":"open","template":"","meta":[],"product_brand":[4733],"product_cat":[5067,5111,5048,5221,5222,5054,5055,5052],"product_tag":[5069],"class_list":{"0":"post-281560","1":"product","2":"type-product","3":"status-publish","4":"has-post-thumbnail","6":"product_brand-now-foods-2","7":"product_cat-acides-amines-et-bcaa","8":"product_cat-acides-amines-et-bcaas","9":"product_cat-aptitude","10":"product_cat-bcaa-amp-eaa","11":"product_cat-bcaas-eaas","12":"product_cat-nourriture-saine","13":"product_cat-produits-vegetaliens","14":"product_cat-sante-et-bien-etre","15":"product_tag-topeco-2","17":"first","18":"instock","19":"taxable","20":"shipping-taxable","21":"purchasable","22":"product-type-simple"},"yoast_head":"<!-- This site is optimized with the Yoast SEO Premium plugin v27.3 (Yoast SEO v27.3) - https:\/\/yoast.com\/product\/yoast-seo-premium-wordpress\/ -->\n<title>BCAA - Acides amin\u00e9s \u00e0 cha\u00eene ramifi\u00e9e - 240 g\u00e9lules - ECO Supplements<\/title>\n<meta name=\"description\" content=\"Wij hebben een ruime keuze aan producten van BCAA - Acides amin\u00e9s \u00e0 cha\u00eene ramifi\u00e9e - 240 g\u00e9lules . Winkel bij Eco Supplements altijd gratis verzending boven 100\u20ac\" \/>\n<meta name=\"robots\" content=\"index, follow, max-snippet:-1, max-image-preview:large, max-video-preview:-1\" \/>\n<link rel=\"canonical\" href=\"https:\/\/ecosupplements.be\/fr\/produit\/bcaa-acides-amines-a-chaine-ramifiee-240-gelules\/\" \/>\n<meta property=\"og:locale\" content=\"fr_FR\" \/>\n<meta property=\"og:type\" content=\"article\" \/>\n<meta property=\"og:title\" content=\"BCAA - Acides amin\u00e9s \u00e0 cha\u00eene ramifi\u00e9e - 240 g\u00e9lules\" \/>\n<meta property=\"og:description\" content=\"Wij hebben een ruime keuze aan producten van BCAA - Acides amin\u00e9s \u00e0 cha\u00eene ramifi\u00e9e - 240 g\u00e9lules . Winkel bij Eco Supplements altijd gratis verzending boven 100\u20ac\" \/>\n<meta property=\"og:url\" content=\"https:\/\/ecosupplements.be\/fr\/produit\/bcaa-acides-amines-a-chaine-ramifiee-240-gelules\/\" \/>\n<meta property=\"og:site_name\" content=\"ECO Supplements\" \/>\n<meta property=\"article:modified_time\" content=\"2025-08-27T10:28:26+00:00\" \/>\n<meta property=\"og:image\" content=\"https:\/\/ecosupplements.be\/wp-content\/uploads\/2025\/08\/NOW-Foods-Branched-Chain-Amino-Acids-Capsules-240-caps-1.jpg\" \/>\n\t<meta property=\"og:image:width\" content=\"750\" \/>\n\t<meta property=\"og:image:height\" content=\"750\" \/>\n\t<meta property=\"og:image:type\" content=\"image\/jpeg\" \/>\n<meta name=\"twitter:card\" content=\"summary_large_image\" \/>\n<meta name=\"twitter:label1\" content=\"Prix\" \/>\n\t<meta name=\"twitter:data1\" content=\"43.01&nbsp;&euro;\" \/>\n\t<meta name=\"twitter:label2\" content=\"Disponibilit\u00e9\" \/>\n\t<meta name=\"twitter:data2\" content=\"En stock\" \/>\n<script type=\"application\/ld+json\" class=\"yoast-schema-graph\">{\"@context\":\"https:\\\/\\\/schema.org\",\"@graph\":[{\"@type\":[\"WebPage\",\"ItemPage\"],\"@id\":\"https:\\\/\\\/ecosupplements.be\\\/fr\\\/produit\\\/bcaa-acides-amines-a-chaine-ramifiee-240-gelules\\\/\",\"url\":\"https:\\\/\\\/ecosupplements.be\\\/fr\\\/produit\\\/bcaa-acides-amines-a-chaine-ramifiee-240-gelules\\\/\",\"name\":\"BCAA - Acides amin\u00e9s \u00e0 cha\u00eene ramifi\u00e9e - 240 g\u00e9lules - ECO Supplements\",\"isPartOf\":{\"@id\":\"https:\\\/\\\/ecosupplements.be\\\/fr\\\/#website\"},\"primaryImageOfPage\":{\"@id\":\"https:\\\/\\\/ecosupplements.be\\\/fr\\\/produit\\\/bcaa-acides-amines-a-chaine-ramifiee-240-gelules\\\/#primaryimage\"},\"image\":{\"@id\":\"https:\\\/\\\/ecosupplements.be\\\/fr\\\/produit\\\/bcaa-acides-amines-a-chaine-ramifiee-240-gelules\\\/#primaryimage\"},\"thumbnailUrl\":\"https:\\\/\\\/ecosupplements.be\\\/wp-content\\\/uploads\\\/2025\\\/08\\\/NOW-Foods-Branched-Chain-Amino-Acids-Capsules-240-caps-1.jpg\",\"datePublished\":\"2022-06-28T09:21:21+00:00\",\"dateModified\":\"2025-08-27T10:28:26+00:00\",\"description\":\"Wij hebben een ruime keuze aan producten van BCAA - Acides amin\u00e9s \u00e0 cha\u00eene ramifi\u00e9e - 240 g\u00e9lules . Winkel bij Eco Supplements altijd gratis verzending boven 100\u20ac\",\"breadcrumb\":{\"@id\":\"https:\\\/\\\/ecosupplements.be\\\/fr\\\/produit\\\/bcaa-acides-amines-a-chaine-ramifiee-240-gelules\\\/#breadcrumb\"},\"inLanguage\":\"fr-FR\",\"potentialAction\":[{\"@type\":\"ReadAction\",\"target\":[\"https:\\\/\\\/ecosupplements.be\\\/fr\\\/produit\\\/bcaa-acides-amines-a-chaine-ramifiee-240-gelules\\\/\"]}]},{\"@type\":\"ImageObject\",\"inLanguage\":\"fr-FR\",\"@id\":\"https:\\\/\\\/ecosupplements.be\\\/fr\\\/produit\\\/bcaa-acides-amines-a-chaine-ramifiee-240-gelules\\\/#primaryimage\",\"url\":\"https:\\\/\\\/ecosupplements.be\\\/wp-content\\\/uploads\\\/2025\\\/08\\\/NOW-Foods-Branched-Chain-Amino-Acids-Capsules-240-caps-1.jpg\",\"contentUrl\":\"https:\\\/\\\/ecosupplements.be\\\/wp-content\\\/uploads\\\/2025\\\/08\\\/NOW-Foods-Branched-Chain-Amino-Acids-Capsules-240-caps-1.jpg\",\"width\":750,\"height\":750},{\"@type\":\"BreadcrumbList\",\"@id\":\"https:\\\/\\\/ecosupplements.be\\\/fr\\\/produit\\\/bcaa-acides-amines-a-chaine-ramifiee-240-gelules\\\/#breadcrumb\",\"itemListElement\":[{\"@type\":\"ListItem\",\"position\":1,\"name\":\"Home\",\"item\":\"https:\\\/\\\/ecosupplements.be\\\/fr\\\/\"},{\"@type\":\"ListItem\",\"position\":2,\"name\":\"Boutique\",\"item\":\"https:\\\/\\\/ecosupplements.be\\\/fr\\\/boutique\\\/\"},{\"@type\":\"ListItem\",\"position\":3,\"name\":\"BCAA &#8211; Acides amin\u00e9s \u00e0 cha\u00eene ramifi\u00e9e &#8211; 240 g\u00e9lules\"}]},{\"@type\":\"WebSite\",\"@id\":\"https:\\\/\\\/ecosupplements.be\\\/fr\\\/#website\",\"url\":\"https:\\\/\\\/ecosupplements.be\\\/fr\\\/\",\"name\":\"ECO Supplements\",\"description\":\"Eco Supplements - Gezonde supplementen\",\"publisher\":{\"@id\":\"https:\\\/\\\/ecosupplements.be\\\/fr\\\/#organization\"},\"potentialAction\":[{\"@type\":\"SearchAction\",\"target\":{\"@type\":\"EntryPoint\",\"urlTemplate\":\"https:\\\/\\\/ecosupplements.be\\\/fr\\\/?s={search_term_string}\"},\"query-input\":{\"@type\":\"PropertyValueSpecification\",\"valueRequired\":true,\"valueName\":\"search_term_string\"}}],\"inLanguage\":\"fr-FR\"},{\"@type\":\"Organization\",\"@id\":\"https:\\\/\\\/ecosupplements.be\\\/fr\\\/#organization\",\"name\":\"Eco Supplements\",\"url\":\"https:\\\/\\\/ecosupplements.be\\\/fr\\\/\",\"logo\":{\"@type\":\"ImageObject\",\"inLanguage\":\"fr-FR\",\"@id\":\"https:\\\/\\\/ecosupplements.be\\\/fr\\\/#\\\/schema\\\/logo\\\/image\\\/\",\"url\":\"https:\\\/\\\/ecosupplements.be\\\/wp-content\\\/uploads\\\/2022\\\/06\\\/ecosupplement-family.png\",\"contentUrl\":\"https:\\\/\\\/ecosupplements.be\\\/wp-content\\\/uploads\\\/2022\\\/06\\\/ecosupplement-family.png\",\"width\":593,\"height\":374,\"caption\":\"Eco Supplements\"},\"image\":{\"@id\":\"https:\\\/\\\/ecosupplements.be\\\/fr\\\/#\\\/schema\\\/logo\\\/image\\\/\"}}]}<\/script>\n<meta property=\"product:brand\" content=\"NOW Foods\" \/>\n<meta property=\"product:price:amount\" content=\"43.01\" \/>\n<meta property=\"product:price:currency\" content=\"EUR\" \/>\n<meta property=\"og:availability\" content=\"instock\" \/>\n<meta property=\"product:availability\" content=\"instock\" \/>\n<meta property=\"product:retailer_item_id\" content=\"733739000545\" \/>\n<meta property=\"product:condition\" content=\"new\" \/>\n<!-- \/ Yoast SEO Premium plugin. -->","yoast_head_json":{"title":"BCAA - Acides amin\u00e9s \u00e0 cha\u00eene ramifi\u00e9e - 240 g\u00e9lules - ECO Supplements","description":"Wij hebben een ruime keuze aan producten van BCAA - Acides amin\u00e9s \u00e0 cha\u00eene ramifi\u00e9e - 240 g\u00e9lules . Winkel bij Eco Supplements altijd gratis verzending boven 100\u20ac","robots":{"index":"index","follow":"follow","max-snippet":"max-snippet:-1","max-image-preview":"max-image-preview:large","max-video-preview":"max-video-preview:-1"},"canonical":"https:\/\/ecosupplements.be\/fr\/produit\/bcaa-acides-amines-a-chaine-ramifiee-240-gelules\/","og_locale":"fr_FR","og_type":"article","og_title":"BCAA - Acides amin\u00e9s \u00e0 cha\u00eene ramifi\u00e9e - 240 g\u00e9lules","og_description":"Wij hebben een ruime keuze aan producten van BCAA - Acides amin\u00e9s \u00e0 cha\u00eene ramifi\u00e9e - 240 g\u00e9lules . Winkel bij Eco Supplements altijd gratis verzending boven 100\u20ac","og_url":"https:\/\/ecosupplements.be\/fr\/produit\/bcaa-acides-amines-a-chaine-ramifiee-240-gelules\/","og_site_name":"ECO Supplements","article_modified_time":"2025-08-27T10:28:26+00:00","og_image":[{"width":750,"height":750,"url":"https:\/\/ecosupplements.be\/wp-content\/uploads\/2025\/08\/NOW-Foods-Branched-Chain-Amino-Acids-Capsules-240-caps-1.jpg","type":"image\/jpeg"}],"twitter_card":"summary_large_image","twitter_misc":{"Prix":"43.01&nbsp;&euro;","Disponibilit\u00e9":"En stock"},"schema":{"@context":"https:\/\/schema.org","@graph":[{"@type":["WebPage","ItemPage"],"@id":"https:\/\/ecosupplements.be\/fr\/produit\/bcaa-acides-amines-a-chaine-ramifiee-240-gelules\/","url":"https:\/\/ecosupplements.be\/fr\/produit\/bcaa-acides-amines-a-chaine-ramifiee-240-gelules\/","name":"BCAA - Acides amin\u00e9s \u00e0 cha\u00eene ramifi\u00e9e - 240 g\u00e9lules - ECO Supplements","isPartOf":{"@id":"https:\/\/ecosupplements.be\/fr\/#website"},"primaryImageOfPage":{"@id":"https:\/\/ecosupplements.be\/fr\/produit\/bcaa-acides-amines-a-chaine-ramifiee-240-gelules\/#primaryimage"},"image":{"@id":"https:\/\/ecosupplements.be\/fr\/produit\/bcaa-acides-amines-a-chaine-ramifiee-240-gelules\/#primaryimage"},"thumbnailUrl":"https:\/\/ecosupplements.be\/wp-content\/uploads\/2025\/08\/NOW-Foods-Branched-Chain-Amino-Acids-Capsules-240-caps-1.jpg","datePublished":"2022-06-28T09:21:21+00:00","dateModified":"2025-08-27T10:28:26+00:00","description":"Wij hebben een ruime keuze aan producten van BCAA - Acides amin\u00e9s \u00e0 cha\u00eene ramifi\u00e9e - 240 g\u00e9lules . Winkel bij Eco Supplements altijd gratis verzending boven 100\u20ac","breadcrumb":{"@id":"https:\/\/ecosupplements.be\/fr\/produit\/bcaa-acides-amines-a-chaine-ramifiee-240-gelules\/#breadcrumb"},"inLanguage":"fr-FR","potentialAction":[{"@type":"ReadAction","target":["https:\/\/ecosupplements.be\/fr\/produit\/bcaa-acides-amines-a-chaine-ramifiee-240-gelules\/"]}]},{"@type":"ImageObject","inLanguage":"fr-FR","@id":"https:\/\/ecosupplements.be\/fr\/produit\/bcaa-acides-amines-a-chaine-ramifiee-240-gelules\/#primaryimage","url":"https:\/\/ecosupplements.be\/wp-content\/uploads\/2025\/08\/NOW-Foods-Branched-Chain-Amino-Acids-Capsules-240-caps-1.jpg","contentUrl":"https:\/\/ecosupplements.be\/wp-content\/uploads\/2025\/08\/NOW-Foods-Branched-Chain-Amino-Acids-Capsules-240-caps-1.jpg","width":750,"height":750},{"@type":"BreadcrumbList","@id":"https:\/\/ecosupplements.be\/fr\/produit\/bcaa-acides-amines-a-chaine-ramifiee-240-gelules\/#breadcrumb","itemListElement":[{"@type":"ListItem","position":1,"name":"Home","item":"https:\/\/ecosupplements.be\/fr\/"},{"@type":"ListItem","position":2,"name":"Boutique","item":"https:\/\/ecosupplements.be\/fr\/boutique\/"},{"@type":"ListItem","position":3,"name":"BCAA &#8211; Acides amin\u00e9s \u00e0 cha\u00eene ramifi\u00e9e &#8211; 240 g\u00e9lules"}]},{"@type":"WebSite","@id":"https:\/\/ecosupplements.be\/fr\/#website","url":"https:\/\/ecosupplements.be\/fr\/","name":"ECO Supplements","description":"Eco Supplements - Gezonde supplementen","publisher":{"@id":"https:\/\/ecosupplements.be\/fr\/#organization"},"potentialAction":[{"@type":"SearchAction","target":{"@type":"EntryPoint","urlTemplate":"https:\/\/ecosupplements.be\/fr\/?s={search_term_string}"},"query-input":{"@type":"PropertyValueSpecification","valueRequired":true,"valueName":"search_term_string"}}],"inLanguage":"fr-FR"},{"@type":"Organization","@id":"https:\/\/ecosupplements.be\/fr\/#organization","name":"Eco Supplements","url":"https:\/\/ecosupplements.be\/fr\/","logo":{"@type":"ImageObject","inLanguage":"fr-FR","@id":"https:\/\/ecosupplements.be\/fr\/#\/schema\/logo\/image\/","url":"https:\/\/ecosupplements.be\/wp-content\/uploads\/2022\/06\/ecosupplement-family.png","contentUrl":"https:\/\/ecosupplements.be\/wp-content\/uploads\/2022\/06\/ecosupplement-family.png","width":593,"height":374,"caption":"Eco Supplements"},"image":{"@id":"https:\/\/ecosupplements.be\/fr\/#\/schema\/logo\/image\/"}}]},"product_brand":"NOW Foods","product_price_amount":"43.01","product_price_currency":"EUR","og_availability":"instock","product_availability":"instock","product_retailer_item_id":"733739000545","product_condition":"new"},"_links":{"self":[{"href":"https:\/\/ecosupplements.be\/fr\/wp-json\/wp\/v2\/product\/281560","targetHints":{"allow":["GET"]}}],"collection":[{"href":"https:\/\/ecosupplements.be\/fr\/wp-json\/wp\/v2\/product"}],"about":[{"href":"https:\/\/ecosupplements.be\/fr\/wp-json\/wp\/v2\/types\/product"}],"replies":[{"embeddable":true,"href":"https:\/\/ecosupplements.be\/fr\/wp-json\/wp\/v2\/comments?post=281560"}],"wp:featuredmedia":[{"embeddable":true,"href":"https:\/\/ecosupplements.be\/fr\/wp-json\/wp\/v2\/media\/249173"}],"wp:attachment":[{"href":"https:\/\/ecosupplements.be\/fr\/wp-json\/wp\/v2\/media?parent=281560"}],"wp:term":[{"taxonomy":"product_brand","embeddable":true,"href":"https:\/\/ecosupplements.be\/fr\/wp-json\/wp\/v2\/product_brand?post=281560"},{"taxonomy":"product_cat","embeddable":true,"href":"https:\/\/ecosupplements.be\/fr\/wp-json\/wp\/v2\/product_cat?post=281560"},{"taxonomy":"product_tag","embeddable":true,"href":"https:\/\/ecosupplements.be\/fr\/wp-json\/wp\/v2\/product_tag?post=281560"}],"curies":[{"name":"wp","href":"https:\/\/api.w.org\/{rel}","templated":true}]}}