{"id":281580,"date":"2022-06-28T10:21:29","date_gmt":"2022-06-28T09:21:29","guid":{"rendered":"https:\/\/ecosupplements.be\/product\/better-stevia-packets-french-vanilla-75-sachets\/"},"modified":"2025-08-27T11:29:47","modified_gmt":"2025-08-27T10:29:47","slug":"better-stevia-packets-french-vanilla-75-sachets","status":"publish","type":"product","link":"https:\/\/ecosupplements.be\/fr\/produit\/better-stevia-packets-french-vanilla-75-sachets\/","title":{"rendered":"Better Stevia Packets, French Vanilla &#8211; 75 sachets"},"content":{"rendered":"<h1 style=\"text-align: center;\">NOW Foods &#8211; Better Stevia Packets<\/h1>\n<p>Naturel<br \/>\nFaible taux de glyc\u00e9mie<br \/>\n\u00c9dulcorant z\u00e9ro-calorie<br \/>\nNouveau look, m\u00eame bon go\u00fbt<br \/>\nBetterStevia est un \u00e9dulcorant d&#8217;origine v\u00e9g\u00e9tale, z\u00e9ro calorie, \u00e0 faible indice glyc\u00e9mique, sans OGM, qui constitue un substitut parfaitement sain au sucre de table et aux \u00e9dulcorants artificiels. Contrairement aux \u00e9dulcorants chimiques, BetterStevia est un extrait pur de st\u00e9via et est facilement utilis\u00e9 par le corps et m\u00e9tabolis\u00e9 de la m\u00eame mani\u00e8re que les nutriments. Avec un go\u00fbt naturellement 60 \u00e0 100 fois plus sucr\u00e9 que le sucre raffin\u00e9, une toute petite quantit\u00e9 suffit pour sucrer vos boissons, aliments et desserts pr\u00e9f\u00e9r\u00e9s ! Cependant, toutes les st\u00e9vias ne sont pas identiques. Nous prenons des mesures sp\u00e9ciales pour pr\u00e9server les qualit\u00e9s naturelles de la st\u00e9via dans cette st\u00e9via unique, pure et de meilleur go\u00fbt.<br \/>\nBetterStevia utilise un extrait de feuille enti\u00e8re qui conserve la douceur pure de la v\u00e9ritable st\u00e9via, par opposition \u00e0 d&#8217;autres produits qui n&#8217;ont que des fractions isol\u00e9es, comme le Rebaudiana A (Reb A). Notre st\u00e9via est trait\u00e9 \u00e0 l&#8217;aide d&#8217;un traitement enzymatique sp\u00e9cial qui permet d&#8217;obtenir un extrait de st\u00e9via propre et au go\u00fbt sup\u00e9rieur. L&#8217;accent que nous mettons sur la qualit\u00e9 et la fra\u00eecheur donne \u00e0 BetterStevia un go\u00fbt sucr\u00e9 bien \u00e9quilibr\u00e9, tr\u00e8s proche de celui du sucre pur, sans les calories ni la culpabilit\u00e9. C&#8217;est pourquoi nous l&#8217;appelons BetterStevia. Essayez-le aujourd&#8217;hui et voyez comme il est doux !<\/p>\n<p><img decoding=\"async\" src=\"https:\/\/ecosupplements.be\/wp-content\/uploads\/2025\/08\/gluten-free-1.png\" title=\"Sans gluten\" alt=\"Gluten free\"><img decoding=\"async\" src=\"https:\/\/ecosupplements.be\/wp-content\/uploads\/2025\/08\/non-gmo-1.png\" title=\"Non-OGM\" alt=\"Non-GMO\"><img decoding=\"async\" src=\"https:\/\/ecosupplements.be\/wp-content\/uploads\/2025\/08\/sugar-free-1.png\" title=\"Sans sucre\" alt=\"Sugar free\"><img decoding=\"async\" src=\"https:\/\/ecosupplements.be\/wp-content\/uploads\/2025\/08\/vegan-1.png\" title=\"Vegan\" alt=\"Vegan\"><img decoding=\"async\" src=\"https:\/\/ecosupplements.be\/wp-content\/uploads\/2025\/08\/vegetarian-1.png\" title=\"V\u00e9g\u00e9tarien\" alt=\"Vegetarian\"><\/p>\n","protected":false},"excerpt":{"rendered":"<p>NOW Foods &#8211; Better Stevia Packets Naturel Faible taux de glyc\u00e9mie \u00c9dulcorant z\u00e9ro-calorie Nouveau look, m\u00eame bon go\u00fbt BetterStevia est un \u00e9dulcorant d&#8217;origine v\u00e9g\u00e9tale, z\u00e9ro calorie, \u00e0 faible indice glyc\u00e9mique, sans OGM, qui constitue un substitut parfaitement sain au sucre de table et aux \u00e9dulcorants artificiels. Contrairement aux \u00e9dulcorants chimiques, BetterStevia est un extrait pur [&#8230;]\n","protected":false},"featured_media":249275,"comment_status":"open","ping_status":"open","template":"","meta":[],"product_brand":[4733],"product_cat":[5125,5054,5055,5052,5053],"product_tag":[],"class_list":{"0":"post-281580","1":"product","2":"type-product","3":"status-publish","4":"has-post-thumbnail","6":"product_brand-now-foods-2","7":"product_cat-aliments-de-sante","8":"product_cat-nourriture-saine","9":"product_cat-produits-vegetaliens","10":"product_cat-sante-et-bien-etre","11":"product_cat-vitamines-et-mineraux","13":"first","14":"instock","15":"taxable","16":"shipping-taxable","17":"purchasable","18":"product-type-simple"},"yoast_head":"<!-- This site is optimized with the Yoast SEO Premium plugin v27.3 (Yoast SEO v27.3) - https:\/\/yoast.com\/product\/yoast-seo-premium-wordpress\/ -->\n<title>Better Stevia Packets, French Vanilla - 75 sachets - ECO Supplements<\/title>\n<meta name=\"description\" content=\"Wij hebben een ruime keuze aan producten van Better Stevia Packets, French Vanilla - 75 sachets . Winkel bij Eco Supplements altijd gratis verzending boven 100\u20ac\" \/>\n<meta name=\"robots\" content=\"index, follow, max-snippet:-1, max-image-preview:large, max-video-preview:-1\" \/>\n<link rel=\"canonical\" href=\"https:\/\/ecosupplements.be\/fr\/produit\/better-stevia-packets-french-vanilla-75-sachets\/\" \/>\n<meta property=\"og:locale\" content=\"fr_FR\" \/>\n<meta property=\"og:type\" content=\"article\" \/>\n<meta property=\"og:title\" content=\"Better Stevia Packets, French Vanilla - 75 sachets\" \/>\n<meta property=\"og:description\" content=\"Wij hebben een ruime keuze aan producten van Better Stevia Packets, French Vanilla - 75 sachets . Winkel bij Eco Supplements altijd gratis verzending boven 100\u20ac\" \/>\n<meta property=\"og:url\" content=\"https:\/\/ecosupplements.be\/fr\/produit\/better-stevia-packets-french-vanilla-75-sachets\/\" \/>\n<meta property=\"og:site_name\" content=\"ECO Supplements\" \/>\n<meta property=\"article:modified_time\" content=\"2025-08-27T10:29:47+00:00\" \/>\n<meta property=\"og:image\" content=\"https:\/\/ecosupplements.be\/wp-content\/uploads\/2025\/08\/NOW-Foods-Better-Stevia-Packets-French-Vanilla-75-packets-1.jpg\" \/>\n\t<meta property=\"og:image:width\" content=\"750\" \/>\n\t<meta property=\"og:image:height\" content=\"750\" \/>\n\t<meta property=\"og:image:type\" content=\"image\/jpeg\" \/>\n<meta name=\"twitter:card\" content=\"summary_large_image\" \/>\n<meta name=\"twitter:label1\" content=\"Prix\" \/>\n\t<meta name=\"twitter:data1\" content=\"21.75&nbsp;&euro;\" \/>\n\t<meta name=\"twitter:label2\" content=\"Disponibilit\u00e9\" \/>\n\t<meta name=\"twitter:data2\" content=\"En stock\" \/>\n<script type=\"application\/ld+json\" class=\"yoast-schema-graph\">{\"@context\":\"https:\\\/\\\/schema.org\",\"@graph\":[{\"@type\":[\"WebPage\",\"ItemPage\"],\"@id\":\"https:\\\/\\\/ecosupplements.be\\\/fr\\\/produit\\\/better-stevia-packets-french-vanilla-75-sachets\\\/\",\"url\":\"https:\\\/\\\/ecosupplements.be\\\/fr\\\/produit\\\/better-stevia-packets-french-vanilla-75-sachets\\\/\",\"name\":\"Better Stevia Packets, French Vanilla - 75 sachets - ECO Supplements\",\"isPartOf\":{\"@id\":\"https:\\\/\\\/ecosupplements.be\\\/fr\\\/#website\"},\"primaryImageOfPage\":{\"@id\":\"https:\\\/\\\/ecosupplements.be\\\/fr\\\/produit\\\/better-stevia-packets-french-vanilla-75-sachets\\\/#primaryimage\"},\"image\":{\"@id\":\"https:\\\/\\\/ecosupplements.be\\\/fr\\\/produit\\\/better-stevia-packets-french-vanilla-75-sachets\\\/#primaryimage\"},\"thumbnailUrl\":\"https:\\\/\\\/ecosupplements.be\\\/wp-content\\\/uploads\\\/2025\\\/08\\\/NOW-Foods-Better-Stevia-Packets-French-Vanilla-75-packets-1.jpg\",\"datePublished\":\"2022-06-28T09:21:29+00:00\",\"dateModified\":\"2025-08-27T10:29:47+00:00\",\"description\":\"Wij hebben een ruime keuze aan producten van Better Stevia Packets, French Vanilla - 75 sachets . Winkel bij Eco Supplements altijd gratis verzending boven 100\u20ac\",\"breadcrumb\":{\"@id\":\"https:\\\/\\\/ecosupplements.be\\\/fr\\\/produit\\\/better-stevia-packets-french-vanilla-75-sachets\\\/#breadcrumb\"},\"inLanguage\":\"fr-FR\",\"potentialAction\":[{\"@type\":\"ReadAction\",\"target\":[\"https:\\\/\\\/ecosupplements.be\\\/fr\\\/produit\\\/better-stevia-packets-french-vanilla-75-sachets\\\/\"]}]},{\"@type\":\"ImageObject\",\"inLanguage\":\"fr-FR\",\"@id\":\"https:\\\/\\\/ecosupplements.be\\\/fr\\\/produit\\\/better-stevia-packets-french-vanilla-75-sachets\\\/#primaryimage\",\"url\":\"https:\\\/\\\/ecosupplements.be\\\/wp-content\\\/uploads\\\/2025\\\/08\\\/NOW-Foods-Better-Stevia-Packets-French-Vanilla-75-packets-1.jpg\",\"contentUrl\":\"https:\\\/\\\/ecosupplements.be\\\/wp-content\\\/uploads\\\/2025\\\/08\\\/NOW-Foods-Better-Stevia-Packets-French-Vanilla-75-packets-1.jpg\",\"width\":750,\"height\":750},{\"@type\":\"BreadcrumbList\",\"@id\":\"https:\\\/\\\/ecosupplements.be\\\/fr\\\/produit\\\/better-stevia-packets-french-vanilla-75-sachets\\\/#breadcrumb\",\"itemListElement\":[{\"@type\":\"ListItem\",\"position\":1,\"name\":\"Home\",\"item\":\"https:\\\/\\\/ecosupplements.be\\\/fr\\\/\"},{\"@type\":\"ListItem\",\"position\":2,\"name\":\"Boutique\",\"item\":\"https:\\\/\\\/ecosupplements.be\\\/fr\\\/boutique\\\/\"},{\"@type\":\"ListItem\",\"position\":3,\"name\":\"Better Stevia Packets, French Vanilla &#8211; 75 sachets\"}]},{\"@type\":\"WebSite\",\"@id\":\"https:\\\/\\\/ecosupplements.be\\\/fr\\\/#website\",\"url\":\"https:\\\/\\\/ecosupplements.be\\\/fr\\\/\",\"name\":\"ECO Supplements\",\"description\":\"Eco Supplements - Gezonde supplementen\",\"publisher\":{\"@id\":\"https:\\\/\\\/ecosupplements.be\\\/fr\\\/#organization\"},\"potentialAction\":[{\"@type\":\"SearchAction\",\"target\":{\"@type\":\"EntryPoint\",\"urlTemplate\":\"https:\\\/\\\/ecosupplements.be\\\/fr\\\/?s={search_term_string}\"},\"query-input\":{\"@type\":\"PropertyValueSpecification\",\"valueRequired\":true,\"valueName\":\"search_term_string\"}}],\"inLanguage\":\"fr-FR\"},{\"@type\":\"Organization\",\"@id\":\"https:\\\/\\\/ecosupplements.be\\\/fr\\\/#organization\",\"name\":\"Eco Supplements\",\"url\":\"https:\\\/\\\/ecosupplements.be\\\/fr\\\/\",\"logo\":{\"@type\":\"ImageObject\",\"inLanguage\":\"fr-FR\",\"@id\":\"https:\\\/\\\/ecosupplements.be\\\/fr\\\/#\\\/schema\\\/logo\\\/image\\\/\",\"url\":\"https:\\\/\\\/ecosupplements.be\\\/wp-content\\\/uploads\\\/2022\\\/06\\\/ecosupplement-family.png\",\"contentUrl\":\"https:\\\/\\\/ecosupplements.be\\\/wp-content\\\/uploads\\\/2022\\\/06\\\/ecosupplement-family.png\",\"width\":593,\"height\":374,\"caption\":\"Eco Supplements\"},\"image\":{\"@id\":\"https:\\\/\\\/ecosupplements.be\\\/fr\\\/#\\\/schema\\\/logo\\\/image\\\/\"}}]}<\/script>\n<meta property=\"product:brand\" content=\"NOW Foods\" \/>\n<meta property=\"product:price:amount\" content=\"21.75\" \/>\n<meta property=\"product:price:currency\" content=\"EUR\" \/>\n<meta property=\"og:availability\" content=\"instock\" \/>\n<meta property=\"product:availability\" content=\"instock\" \/>\n<meta property=\"product:retailer_item_id\" content=\"733739068637\" \/>\n<meta property=\"product:condition\" content=\"new\" \/>\n<!-- \/ Yoast SEO Premium plugin. -->","yoast_head_json":{"title":"Better Stevia Packets, French Vanilla - 75 sachets - ECO Supplements","description":"Wij hebben een ruime keuze aan producten van Better Stevia Packets, French Vanilla - 75 sachets . Winkel bij Eco Supplements altijd gratis verzending boven 100\u20ac","robots":{"index":"index","follow":"follow","max-snippet":"max-snippet:-1","max-image-preview":"max-image-preview:large","max-video-preview":"max-video-preview:-1"},"canonical":"https:\/\/ecosupplements.be\/fr\/produit\/better-stevia-packets-french-vanilla-75-sachets\/","og_locale":"fr_FR","og_type":"article","og_title":"Better Stevia Packets, French Vanilla - 75 sachets","og_description":"Wij hebben een ruime keuze aan producten van Better Stevia Packets, French Vanilla - 75 sachets . Winkel bij Eco Supplements altijd gratis verzending boven 100\u20ac","og_url":"https:\/\/ecosupplements.be\/fr\/produit\/better-stevia-packets-french-vanilla-75-sachets\/","og_site_name":"ECO Supplements","article_modified_time":"2025-08-27T10:29:47+00:00","og_image":[{"width":750,"height":750,"url":"https:\/\/ecosupplements.be\/wp-content\/uploads\/2025\/08\/NOW-Foods-Better-Stevia-Packets-French-Vanilla-75-packets-1.jpg","type":"image\/jpeg"}],"twitter_card":"summary_large_image","twitter_misc":{"Prix":"21.75&nbsp;&euro;","Disponibilit\u00e9":"En stock"},"schema":{"@context":"https:\/\/schema.org","@graph":[{"@type":["WebPage","ItemPage"],"@id":"https:\/\/ecosupplements.be\/fr\/produit\/better-stevia-packets-french-vanilla-75-sachets\/","url":"https:\/\/ecosupplements.be\/fr\/produit\/better-stevia-packets-french-vanilla-75-sachets\/","name":"Better Stevia Packets, French Vanilla - 75 sachets - ECO Supplements","isPartOf":{"@id":"https:\/\/ecosupplements.be\/fr\/#website"},"primaryImageOfPage":{"@id":"https:\/\/ecosupplements.be\/fr\/produit\/better-stevia-packets-french-vanilla-75-sachets\/#primaryimage"},"image":{"@id":"https:\/\/ecosupplements.be\/fr\/produit\/better-stevia-packets-french-vanilla-75-sachets\/#primaryimage"},"thumbnailUrl":"https:\/\/ecosupplements.be\/wp-content\/uploads\/2025\/08\/NOW-Foods-Better-Stevia-Packets-French-Vanilla-75-packets-1.jpg","datePublished":"2022-06-28T09:21:29+00:00","dateModified":"2025-08-27T10:29:47+00:00","description":"Wij hebben een ruime keuze aan producten van Better Stevia Packets, French Vanilla - 75 sachets . Winkel bij Eco Supplements altijd gratis verzending boven 100\u20ac","breadcrumb":{"@id":"https:\/\/ecosupplements.be\/fr\/produit\/better-stevia-packets-french-vanilla-75-sachets\/#breadcrumb"},"inLanguage":"fr-FR","potentialAction":[{"@type":"ReadAction","target":["https:\/\/ecosupplements.be\/fr\/produit\/better-stevia-packets-french-vanilla-75-sachets\/"]}]},{"@type":"ImageObject","inLanguage":"fr-FR","@id":"https:\/\/ecosupplements.be\/fr\/produit\/better-stevia-packets-french-vanilla-75-sachets\/#primaryimage","url":"https:\/\/ecosupplements.be\/wp-content\/uploads\/2025\/08\/NOW-Foods-Better-Stevia-Packets-French-Vanilla-75-packets-1.jpg","contentUrl":"https:\/\/ecosupplements.be\/wp-content\/uploads\/2025\/08\/NOW-Foods-Better-Stevia-Packets-French-Vanilla-75-packets-1.jpg","width":750,"height":750},{"@type":"BreadcrumbList","@id":"https:\/\/ecosupplements.be\/fr\/produit\/better-stevia-packets-french-vanilla-75-sachets\/#breadcrumb","itemListElement":[{"@type":"ListItem","position":1,"name":"Home","item":"https:\/\/ecosupplements.be\/fr\/"},{"@type":"ListItem","position":2,"name":"Boutique","item":"https:\/\/ecosupplements.be\/fr\/boutique\/"},{"@type":"ListItem","position":3,"name":"Better Stevia Packets, French Vanilla &#8211; 75 sachets"}]},{"@type":"WebSite","@id":"https:\/\/ecosupplements.be\/fr\/#website","url":"https:\/\/ecosupplements.be\/fr\/","name":"ECO Supplements","description":"Eco Supplements - Gezonde supplementen","publisher":{"@id":"https:\/\/ecosupplements.be\/fr\/#organization"},"potentialAction":[{"@type":"SearchAction","target":{"@type":"EntryPoint","urlTemplate":"https:\/\/ecosupplements.be\/fr\/?s={search_term_string}"},"query-input":{"@type":"PropertyValueSpecification","valueRequired":true,"valueName":"search_term_string"}}],"inLanguage":"fr-FR"},{"@type":"Organization","@id":"https:\/\/ecosupplements.be\/fr\/#organization","name":"Eco Supplements","url":"https:\/\/ecosupplements.be\/fr\/","logo":{"@type":"ImageObject","inLanguage":"fr-FR","@id":"https:\/\/ecosupplements.be\/fr\/#\/schema\/logo\/image\/","url":"https:\/\/ecosupplements.be\/wp-content\/uploads\/2022\/06\/ecosupplement-family.png","contentUrl":"https:\/\/ecosupplements.be\/wp-content\/uploads\/2022\/06\/ecosupplement-family.png","width":593,"height":374,"caption":"Eco Supplements"},"image":{"@id":"https:\/\/ecosupplements.be\/fr\/#\/schema\/logo\/image\/"}}]},"product_brand":"NOW Foods","product_price_amount":"21.75","product_price_currency":"EUR","og_availability":"instock","product_availability":"instock","product_retailer_item_id":"733739068637","product_condition":"new"},"_links":{"self":[{"href":"https:\/\/ecosupplements.be\/fr\/wp-json\/wp\/v2\/product\/281580","targetHints":{"allow":["GET"]}}],"collection":[{"href":"https:\/\/ecosupplements.be\/fr\/wp-json\/wp\/v2\/product"}],"about":[{"href":"https:\/\/ecosupplements.be\/fr\/wp-json\/wp\/v2\/types\/product"}],"replies":[{"embeddable":true,"href":"https:\/\/ecosupplements.be\/fr\/wp-json\/wp\/v2\/comments?post=281580"}],"wp:featuredmedia":[{"embeddable":true,"href":"https:\/\/ecosupplements.be\/fr\/wp-json\/wp\/v2\/media\/249275"}],"wp:attachment":[{"href":"https:\/\/ecosupplements.be\/fr\/wp-json\/wp\/v2\/media?parent=281580"}],"wp:term":[{"taxonomy":"product_brand","embeddable":true,"href":"https:\/\/ecosupplements.be\/fr\/wp-json\/wp\/v2\/product_brand?post=281580"},{"taxonomy":"product_cat","embeddable":true,"href":"https:\/\/ecosupplements.be\/fr\/wp-json\/wp\/v2\/product_cat?post=281580"},{"taxonomy":"product_tag","embeddable":true,"href":"https:\/\/ecosupplements.be\/fr\/wp-json\/wp\/v2\/product_tag?post=281580"}],"curies":[{"name":"wp","href":"https:\/\/api.w.org\/{rel}","templated":true}]}}