{"id":281583,"date":"2022-06-28T10:21:33","date_gmt":"2022-06-28T09:21:33","guid":{"rendered":"https:\/\/ecosupplements.be\/product\/betterstevia-balance-avec-chrome-et-inuline-100-sachets\/"},"modified":"2025-08-27T11:30:04","modified_gmt":"2025-08-27T10:30:04","slug":"betterstevia-balance-avec-chrome-et-inuline-100-sachets","status":"publish","type":"product","link":"https:\/\/ecosupplements.be\/fr\/produit\/betterstevia-balance-avec-chrome-et-inuline-100-sachets\/","title":{"rendered":"BetterStevia Balance avec chrome et inuline &#8211; 100 sachets"},"content":{"rendered":"<h1 style=\"text-align: center;\">NOW Foods &#8211; BetterStevia Balance avec chrome et inuline<\/h1>\n<h3 style=\"text-align: center;\">Better Stevia &#8211; Z\u00e9ro Calories<\/h3>\n<p>Naturel<br \/>\nFaible taux de glyc\u00e9mie<br \/>\nZ\u00e9ro calorie<br \/>\nBetterStevia utilise un extrait de feuille enti\u00e8re qui conserve les propri\u00e9t\u00e9s naturelles de la vraie stevia, par opposition \u00e0 d&#8217;autres produits qui n&#8217;ont que des fractions isol\u00e9es, comme le Rebaudiana A (Reb A). Notre st\u00e9via est produit \u00e0 l&#8217;aide d&#8217;un traitement enzymatique sp\u00e9cial qui permet d&#8217;obtenir un extrait de st\u00e9via propre, pur, bien \u00e9quilibr\u00e9 et moins amer. L&#8217;accent que nous mettons sur la qualit\u00e9, la puret\u00e9 et la fra\u00eecheur donne \u00e0 notre st\u00e9via son profil bien \u00e9quilibr\u00e9, naturel et sans calories et met le meilleur dans BetterStevia !<br \/>\nBetterStevia Balance est un produit naturel unique qui associe la st\u00e9via, le chrome et l&#8217;inuline dans un seul paquet pratique qui convient parfaitement pour soutenir un m\u00e9tabolisme sain du glucose. L'&#8221;\u00e9quilibre&#8221; de BetterStevia Balance provient de l&#8217;inuline et du chrome. L&#8217;inuline est un glucide non digestible provenant des racines de la plante chicor\u00e9e qui est utilis\u00e9 comme nourriture par les bact\u00e9ries probiotiques saines de l&#8217;intestin. Le chrome est un min\u00e9ral alimentaire essentiel qui est n\u00e9cessaire au m\u00e9tabolisme normal du glucose dans le corps.<\/p>\n<p><img decoding=\"async\" src=\"https:\/\/ecosupplements.be\/wp-content\/uploads\/2025\/08\/gluten-free-1.png\" title=\"Sans gluten\" alt=\"Gluten free\"><img decoding=\"async\" src=\"https:\/\/ecosupplements.be\/wp-content\/uploads\/2025\/08\/non-gmo-1.png\" title=\"Non-OGM\" alt=\"Non-GMO\"><img decoding=\"async\" src=\"https:\/\/ecosupplements.be\/wp-content\/uploads\/2025\/08\/sugar-free-1.png\" title=\"Sans sucre\" alt=\"Sugar free\"><img decoding=\"async\" src=\"https:\/\/ecosupplements.be\/wp-content\/uploads\/2025\/08\/vegan-1.png\" title=\"Vegan\" alt=\"Vegan\"><img decoding=\"async\" src=\"https:\/\/ecosupplements.be\/wp-content\/uploads\/2025\/08\/vegetarian-1.png\" title=\"V\u00e9g\u00e9tarien\" alt=\"Vegetarian\"><\/p>\n","protected":false},"excerpt":{"rendered":"<p>NOW Foods &#8211; BetterStevia Balance avec chrome et inuline Better Stevia &#8211; Z\u00e9ro Calories Naturel Faible taux de glyc\u00e9mie Z\u00e9ro calorie BetterStevia utilise un extrait de feuille enti\u00e8re qui conserve les propri\u00e9t\u00e9s naturelles de la vraie stevia, par opposition \u00e0 d&#8217;autres produits qui n&#8217;ont que des fractions isol\u00e9es, comme le Rebaudiana A (Reb A). Notre [&#8230;]\n","protected":false},"featured_media":249288,"comment_status":"open","ping_status":"open","template":"","meta":[],"product_brand":[4733],"product_cat":[5125,5054,5055,5052,5053],"product_tag":[],"class_list":{"0":"post-281583","1":"product","2":"type-product","3":"status-publish","4":"has-post-thumbnail","6":"product_brand-now-foods-2","7":"product_cat-aliments-de-sante","8":"product_cat-nourriture-saine","9":"product_cat-produits-vegetaliens","10":"product_cat-sante-et-bien-etre","11":"product_cat-vitamines-et-mineraux","13":"first","14":"instock","15":"sale","16":"taxable","17":"shipping-taxable","18":"purchasable","19":"product-type-simple"},"yoast_head":"<!-- This site is optimized with the Yoast SEO Premium plugin v27.3 (Yoast SEO v27.3) - https:\/\/yoast.com\/product\/yoast-seo-premium-wordpress\/ -->\n<title>BetterStevia Balance avec chrome et inuline - 100 sachets - ECO Supplements<\/title>\n<meta name=\"description\" content=\"Wij hebben een ruime keuze aan producten van BetterStevia Balance avec chrome et inuline - 100 sachets . Winkel bij Eco Supplements altijd gratis verzending boven 100\u20ac\" \/>\n<meta name=\"robots\" content=\"index, follow, max-snippet:-1, max-image-preview:large, max-video-preview:-1\" \/>\n<link rel=\"canonical\" href=\"https:\/\/ecosupplements.be\/fr\/produit\/betterstevia-balance-avec-chrome-et-inuline-100-sachets\/\" \/>\n<meta property=\"og:locale\" content=\"fr_FR\" \/>\n<meta property=\"og:type\" content=\"article\" \/>\n<meta property=\"og:title\" content=\"BetterStevia Balance avec chrome et inuline - 100 sachets\" \/>\n<meta property=\"og:description\" content=\"Wij hebben een ruime keuze aan producten van BetterStevia Balance avec chrome et inuline - 100 sachets . Winkel bij Eco Supplements altijd gratis verzending boven 100\u20ac\" \/>\n<meta property=\"og:url\" content=\"https:\/\/ecosupplements.be\/fr\/produit\/betterstevia-balance-avec-chrome-et-inuline-100-sachets\/\" \/>\n<meta property=\"og:site_name\" content=\"ECO Supplements\" \/>\n<meta property=\"article:modified_time\" content=\"2025-08-27T10:30:04+00:00\" \/>\n<meta property=\"og:image\" content=\"https:\/\/ecosupplements.be\/wp-content\/uploads\/2025\/08\/NOW-Foods-BetterStevia-Balance-with-Chromium-Inulin-100-packets-1.jpg\" \/>\n\t<meta property=\"og:image:width\" content=\"750\" \/>\n\t<meta property=\"og:image:height\" content=\"750\" \/>\n\t<meta property=\"og:image:type\" content=\"image\/jpeg\" \/>\n<meta name=\"twitter:card\" content=\"summary_large_image\" \/>\n<meta name=\"twitter:label1\" content=\"Prix\" \/>\n\t<meta name=\"twitter:data1\" content=\"15.58&nbsp;&euro;\" \/>\n\t<meta name=\"twitter:label2\" content=\"Disponibilit\u00e9\" \/>\n\t<meta name=\"twitter:data2\" content=\"En stock\" \/>\n<script type=\"application\/ld+json\" class=\"yoast-schema-graph\">{\"@context\":\"https:\\\/\\\/schema.org\",\"@graph\":[{\"@type\":[\"WebPage\",\"ItemPage\"],\"@id\":\"https:\\\/\\\/ecosupplements.be\\\/fr\\\/produit\\\/betterstevia-balance-avec-chrome-et-inuline-100-sachets\\\/\",\"url\":\"https:\\\/\\\/ecosupplements.be\\\/fr\\\/produit\\\/betterstevia-balance-avec-chrome-et-inuline-100-sachets\\\/\",\"name\":\"BetterStevia Balance avec chrome et inuline - 100 sachets - ECO Supplements\",\"isPartOf\":{\"@id\":\"https:\\\/\\\/ecosupplements.be\\\/fr\\\/#website\"},\"primaryImageOfPage\":{\"@id\":\"https:\\\/\\\/ecosupplements.be\\\/fr\\\/produit\\\/betterstevia-balance-avec-chrome-et-inuline-100-sachets\\\/#primaryimage\"},\"image\":{\"@id\":\"https:\\\/\\\/ecosupplements.be\\\/fr\\\/produit\\\/betterstevia-balance-avec-chrome-et-inuline-100-sachets\\\/#primaryimage\"},\"thumbnailUrl\":\"https:\\\/\\\/ecosupplements.be\\\/wp-content\\\/uploads\\\/2025\\\/08\\\/NOW-Foods-BetterStevia-Balance-with-Chromium-Inulin-100-packets-1.jpg\",\"datePublished\":\"2022-06-28T09:21:33+00:00\",\"dateModified\":\"2025-08-27T10:30:04+00:00\",\"description\":\"Wij hebben een ruime keuze aan producten van BetterStevia Balance avec chrome et inuline - 100 sachets . Winkel bij Eco Supplements altijd gratis verzending boven 100\u20ac\",\"breadcrumb\":{\"@id\":\"https:\\\/\\\/ecosupplements.be\\\/fr\\\/produit\\\/betterstevia-balance-avec-chrome-et-inuline-100-sachets\\\/#breadcrumb\"},\"inLanguage\":\"fr-FR\",\"potentialAction\":[{\"@type\":\"ReadAction\",\"target\":[\"https:\\\/\\\/ecosupplements.be\\\/fr\\\/produit\\\/betterstevia-balance-avec-chrome-et-inuline-100-sachets\\\/\"]}]},{\"@type\":\"ImageObject\",\"inLanguage\":\"fr-FR\",\"@id\":\"https:\\\/\\\/ecosupplements.be\\\/fr\\\/produit\\\/betterstevia-balance-avec-chrome-et-inuline-100-sachets\\\/#primaryimage\",\"url\":\"https:\\\/\\\/ecosupplements.be\\\/wp-content\\\/uploads\\\/2025\\\/08\\\/NOW-Foods-BetterStevia-Balance-with-Chromium-Inulin-100-packets-1.jpg\",\"contentUrl\":\"https:\\\/\\\/ecosupplements.be\\\/wp-content\\\/uploads\\\/2025\\\/08\\\/NOW-Foods-BetterStevia-Balance-with-Chromium-Inulin-100-packets-1.jpg\",\"width\":750,\"height\":750},{\"@type\":\"BreadcrumbList\",\"@id\":\"https:\\\/\\\/ecosupplements.be\\\/fr\\\/produit\\\/betterstevia-balance-avec-chrome-et-inuline-100-sachets\\\/#breadcrumb\",\"itemListElement\":[{\"@type\":\"ListItem\",\"position\":1,\"name\":\"Home\",\"item\":\"https:\\\/\\\/ecosupplements.be\\\/fr\\\/\"},{\"@type\":\"ListItem\",\"position\":2,\"name\":\"Boutique\",\"item\":\"https:\\\/\\\/ecosupplements.be\\\/fr\\\/boutique\\\/\"},{\"@type\":\"ListItem\",\"position\":3,\"name\":\"BetterStevia Balance avec chrome et inuline &#8211; 100 sachets\"}]},{\"@type\":\"WebSite\",\"@id\":\"https:\\\/\\\/ecosupplements.be\\\/fr\\\/#website\",\"url\":\"https:\\\/\\\/ecosupplements.be\\\/fr\\\/\",\"name\":\"ECO Supplements\",\"description\":\"Eco Supplements - Gezonde supplementen\",\"publisher\":{\"@id\":\"https:\\\/\\\/ecosupplements.be\\\/fr\\\/#organization\"},\"potentialAction\":[{\"@type\":\"SearchAction\",\"target\":{\"@type\":\"EntryPoint\",\"urlTemplate\":\"https:\\\/\\\/ecosupplements.be\\\/fr\\\/?s={search_term_string}\"},\"query-input\":{\"@type\":\"PropertyValueSpecification\",\"valueRequired\":true,\"valueName\":\"search_term_string\"}}],\"inLanguage\":\"fr-FR\"},{\"@type\":\"Organization\",\"@id\":\"https:\\\/\\\/ecosupplements.be\\\/fr\\\/#organization\",\"name\":\"Eco Supplements\",\"url\":\"https:\\\/\\\/ecosupplements.be\\\/fr\\\/\",\"logo\":{\"@type\":\"ImageObject\",\"inLanguage\":\"fr-FR\",\"@id\":\"https:\\\/\\\/ecosupplements.be\\\/fr\\\/#\\\/schema\\\/logo\\\/image\\\/\",\"url\":\"https:\\\/\\\/ecosupplements.be\\\/wp-content\\\/uploads\\\/2022\\\/06\\\/ecosupplement-family.png\",\"contentUrl\":\"https:\\\/\\\/ecosupplements.be\\\/wp-content\\\/uploads\\\/2022\\\/06\\\/ecosupplement-family.png\",\"width\":593,\"height\":374,\"caption\":\"Eco Supplements\"},\"image\":{\"@id\":\"https:\\\/\\\/ecosupplements.be\\\/fr\\\/#\\\/schema\\\/logo\\\/image\\\/\"}}]}<\/script>\n<meta property=\"product:brand\" content=\"NOW Foods\" \/>\n<meta property=\"product:price:amount\" content=\"15.58\" \/>\n<meta property=\"product:price:currency\" content=\"EUR\" \/>\n<meta property=\"og:availability\" content=\"instock\" \/>\n<meta property=\"product:availability\" content=\"instock\" \/>\n<meta property=\"product:retailer_item_id\" content=\"733739069689\" \/>\n<meta property=\"product:condition\" content=\"new\" \/>\n<!-- \/ Yoast SEO Premium plugin. -->","yoast_head_json":{"title":"BetterStevia Balance avec chrome et inuline - 100 sachets - ECO Supplements","description":"Wij hebben een ruime keuze aan producten van BetterStevia Balance avec chrome et inuline - 100 sachets . Winkel bij Eco Supplements altijd gratis verzending boven 100\u20ac","robots":{"index":"index","follow":"follow","max-snippet":"max-snippet:-1","max-image-preview":"max-image-preview:large","max-video-preview":"max-video-preview:-1"},"canonical":"https:\/\/ecosupplements.be\/fr\/produit\/betterstevia-balance-avec-chrome-et-inuline-100-sachets\/","og_locale":"fr_FR","og_type":"article","og_title":"BetterStevia Balance avec chrome et inuline - 100 sachets","og_description":"Wij hebben een ruime keuze aan producten van BetterStevia Balance avec chrome et inuline - 100 sachets . Winkel bij Eco Supplements altijd gratis verzending boven 100\u20ac","og_url":"https:\/\/ecosupplements.be\/fr\/produit\/betterstevia-balance-avec-chrome-et-inuline-100-sachets\/","og_site_name":"ECO Supplements","article_modified_time":"2025-08-27T10:30:04+00:00","og_image":[{"width":750,"height":750,"url":"https:\/\/ecosupplements.be\/wp-content\/uploads\/2025\/08\/NOW-Foods-BetterStevia-Balance-with-Chromium-Inulin-100-packets-1.jpg","type":"image\/jpeg"}],"twitter_card":"summary_large_image","twitter_misc":{"Prix":"15.58&nbsp;&euro;","Disponibilit\u00e9":"En stock"},"schema":{"@context":"https:\/\/schema.org","@graph":[{"@type":["WebPage","ItemPage"],"@id":"https:\/\/ecosupplements.be\/fr\/produit\/betterstevia-balance-avec-chrome-et-inuline-100-sachets\/","url":"https:\/\/ecosupplements.be\/fr\/produit\/betterstevia-balance-avec-chrome-et-inuline-100-sachets\/","name":"BetterStevia Balance avec chrome et inuline - 100 sachets - ECO Supplements","isPartOf":{"@id":"https:\/\/ecosupplements.be\/fr\/#website"},"primaryImageOfPage":{"@id":"https:\/\/ecosupplements.be\/fr\/produit\/betterstevia-balance-avec-chrome-et-inuline-100-sachets\/#primaryimage"},"image":{"@id":"https:\/\/ecosupplements.be\/fr\/produit\/betterstevia-balance-avec-chrome-et-inuline-100-sachets\/#primaryimage"},"thumbnailUrl":"https:\/\/ecosupplements.be\/wp-content\/uploads\/2025\/08\/NOW-Foods-BetterStevia-Balance-with-Chromium-Inulin-100-packets-1.jpg","datePublished":"2022-06-28T09:21:33+00:00","dateModified":"2025-08-27T10:30:04+00:00","description":"Wij hebben een ruime keuze aan producten van BetterStevia Balance avec chrome et inuline - 100 sachets . Winkel bij Eco Supplements altijd gratis verzending boven 100\u20ac","breadcrumb":{"@id":"https:\/\/ecosupplements.be\/fr\/produit\/betterstevia-balance-avec-chrome-et-inuline-100-sachets\/#breadcrumb"},"inLanguage":"fr-FR","potentialAction":[{"@type":"ReadAction","target":["https:\/\/ecosupplements.be\/fr\/produit\/betterstevia-balance-avec-chrome-et-inuline-100-sachets\/"]}]},{"@type":"ImageObject","inLanguage":"fr-FR","@id":"https:\/\/ecosupplements.be\/fr\/produit\/betterstevia-balance-avec-chrome-et-inuline-100-sachets\/#primaryimage","url":"https:\/\/ecosupplements.be\/wp-content\/uploads\/2025\/08\/NOW-Foods-BetterStevia-Balance-with-Chromium-Inulin-100-packets-1.jpg","contentUrl":"https:\/\/ecosupplements.be\/wp-content\/uploads\/2025\/08\/NOW-Foods-BetterStevia-Balance-with-Chromium-Inulin-100-packets-1.jpg","width":750,"height":750},{"@type":"BreadcrumbList","@id":"https:\/\/ecosupplements.be\/fr\/produit\/betterstevia-balance-avec-chrome-et-inuline-100-sachets\/#breadcrumb","itemListElement":[{"@type":"ListItem","position":1,"name":"Home","item":"https:\/\/ecosupplements.be\/fr\/"},{"@type":"ListItem","position":2,"name":"Boutique","item":"https:\/\/ecosupplements.be\/fr\/boutique\/"},{"@type":"ListItem","position":3,"name":"BetterStevia Balance avec chrome et inuline &#8211; 100 sachets"}]},{"@type":"WebSite","@id":"https:\/\/ecosupplements.be\/fr\/#website","url":"https:\/\/ecosupplements.be\/fr\/","name":"ECO Supplements","description":"Eco Supplements - Gezonde supplementen","publisher":{"@id":"https:\/\/ecosupplements.be\/fr\/#organization"},"potentialAction":[{"@type":"SearchAction","target":{"@type":"EntryPoint","urlTemplate":"https:\/\/ecosupplements.be\/fr\/?s={search_term_string}"},"query-input":{"@type":"PropertyValueSpecification","valueRequired":true,"valueName":"search_term_string"}}],"inLanguage":"fr-FR"},{"@type":"Organization","@id":"https:\/\/ecosupplements.be\/fr\/#organization","name":"Eco Supplements","url":"https:\/\/ecosupplements.be\/fr\/","logo":{"@type":"ImageObject","inLanguage":"fr-FR","@id":"https:\/\/ecosupplements.be\/fr\/#\/schema\/logo\/image\/","url":"https:\/\/ecosupplements.be\/wp-content\/uploads\/2022\/06\/ecosupplement-family.png","contentUrl":"https:\/\/ecosupplements.be\/wp-content\/uploads\/2022\/06\/ecosupplement-family.png","width":593,"height":374,"caption":"Eco Supplements"},"image":{"@id":"https:\/\/ecosupplements.be\/fr\/#\/schema\/logo\/image\/"}}]},"product_brand":"NOW Foods","product_price_amount":"15.58","product_price_currency":"EUR","og_availability":"instock","product_availability":"instock","product_retailer_item_id":"733739069689","product_condition":"new"},"_links":{"self":[{"href":"https:\/\/ecosupplements.be\/fr\/wp-json\/wp\/v2\/product\/281583","targetHints":{"allow":["GET"]}}],"collection":[{"href":"https:\/\/ecosupplements.be\/fr\/wp-json\/wp\/v2\/product"}],"about":[{"href":"https:\/\/ecosupplements.be\/fr\/wp-json\/wp\/v2\/types\/product"}],"replies":[{"embeddable":true,"href":"https:\/\/ecosupplements.be\/fr\/wp-json\/wp\/v2\/comments?post=281583"}],"wp:featuredmedia":[{"embeddable":true,"href":"https:\/\/ecosupplements.be\/fr\/wp-json\/wp\/v2\/media\/249288"}],"wp:attachment":[{"href":"https:\/\/ecosupplements.be\/fr\/wp-json\/wp\/v2\/media?parent=281583"}],"wp:term":[{"taxonomy":"product_brand","embeddable":true,"href":"https:\/\/ecosupplements.be\/fr\/wp-json\/wp\/v2\/product_brand?post=281583"},{"taxonomy":"product_cat","embeddable":true,"href":"https:\/\/ecosupplements.be\/fr\/wp-json\/wp\/v2\/product_cat?post=281583"},{"taxonomy":"product_tag","embeddable":true,"href":"https:\/\/ecosupplements.be\/fr\/wp-json\/wp\/v2\/product_tag?post=281583"}],"curies":[{"name":"wp","href":"https:\/\/api.w.org\/{rel}","templated":true}]}}