{"id":281668,"date":"2022-06-28T10:22:14","date_gmt":"2022-06-28T09:22:14","guid":{"rendered":"https:\/\/ecosupplements.be\/product\/poudre-de-peptides-de-collagene-227g\/"},"modified":"2025-08-27T11:36:15","modified_gmt":"2025-08-27T10:36:15","slug":"poudre-de-peptides-de-collagene-227g","status":"publish","type":"product","link":"https:\/\/ecosupplements.be\/fr\/produit\/poudre-de-peptides-de-collagene-227g\/","title":{"rendered":"Poudre de peptides de collag\u00e8ne &#8211; 227g"},"content":{"rendered":"<h1 style=\"text-align: center;\">NOW Foods &#8211; Peptides de collag\u00e8ne en poudre<\/h1>\n<p>Favorise une peau saine<br \/>\nTest\u00e9 cliniquement<br \/>\nLes peptides de collag\u00e8ne provenant du collag\u00e8ne bovin de types 1 et 3 sont bien connus pour leur r\u00f4le dans la sant\u00e9 des os, des articulations et de la peau. En tant que prot\u00e9ine la plus abondante chez les mammif\u00e8res, le collag\u00e8ne constitue environ 30% des prot\u00e9ines du corps. Des \u00e9tudes indiquent que le collag\u00e8ne hydrolys\u00e9 peut contribuer \u00e0 la solidit\u00e9 des os et \u00e0 la sant\u00e9 des articulations, ainsi qu&#8217;\u00e0 la douceur et \u00e0 l&#8217;hydratation de la peau.<\/p>\n<p><img decoding=\"async\" src=\"https:\/\/ecosupplements.be\/wp-content\/uploads\/2025\/08\/gluten-free-1.png\" title=\"Sans gluten\" alt=\"Gluten free\"><img decoding=\"async\" src=\"https:\/\/ecosupplements.be\/wp-content\/uploads\/2025\/08\/non-gmo-1.png\" title=\"Non-OGM\" alt=\"Non-GMO\"><\/p>\n","protected":false},"excerpt":{"rendered":"<p>NOW Foods &#8211; Peptides de collag\u00e8ne en poudre Favorise une peau saine Test\u00e9 cliniquement Les peptides de collag\u00e8ne provenant du collag\u00e8ne bovin de types 1 et 3 sont bien connus pour leur r\u00f4le dans la sant\u00e9 des os, des articulations et de la peau. En tant que prot\u00e9ine la plus abondante chez les mammif\u00e8res, le [&#8230;]\n","protected":false},"featured_media":249720,"comment_status":"open","ping_status":"open","template":"","meta":[],"product_brand":[4733,4734],"product_cat":[5121,5052,5083,5084,5085,5053],"product_tag":[5069],"class_list":{"0":"post-281668","1":"product","2":"type-product","3":"status-publish","4":"has-post-thumbnail","6":"product_brand-now-foods-2","7":"product_brand-nownow-foods-2","8":"product_cat-collagene","9":"product_cat-sante-et-bien-etre","10":"product_cat-soutien-aux-articulations","11":"product_cat-soutien-conjoint","12":"product_cat-soutien-pour-les-articulations","13":"product_cat-vitamines-et-mineraux","14":"product_tag-topeco-2","16":"first","17":"instock","18":"taxable","19":"shipping-taxable","20":"purchasable","21":"product-type-simple"},"yoast_head":"<!-- This site is optimized with the Yoast SEO Premium plugin v27.3 (Yoast SEO v27.3) - https:\/\/yoast.com\/product\/yoast-seo-premium-wordpress\/ -->\n<title>Poudre de peptides de collag\u00e8ne - 227g - ECO Supplements<\/title>\n<meta name=\"description\" content=\"Wij hebben een ruime keuze aan producten van Poudre de peptides de collag\u00e8ne - 227g . Winkel bij Eco Supplements altijd gratis verzending boven 100\u20ac\" \/>\n<meta name=\"robots\" content=\"index, follow, max-snippet:-1, max-image-preview:large, max-video-preview:-1\" \/>\n<link rel=\"canonical\" href=\"https:\/\/ecosupplements.be\/fr\/produit\/poudre-de-peptides-de-collagene-227g\/\" \/>\n<meta property=\"og:locale\" content=\"fr_FR\" \/>\n<meta property=\"og:type\" content=\"article\" \/>\n<meta property=\"og:title\" content=\"Poudre de peptides de collag\u00e8ne - 227g\" \/>\n<meta property=\"og:description\" content=\"Wij hebben een ruime keuze aan producten van Poudre de peptides de collag\u00e8ne - 227g . Winkel bij Eco Supplements altijd gratis verzending boven 100\u20ac\" \/>\n<meta property=\"og:url\" content=\"https:\/\/ecosupplements.be\/fr\/produit\/poudre-de-peptides-de-collagene-227g\/\" \/>\n<meta property=\"og:site_name\" content=\"ECO Supplements\" \/>\n<meta property=\"article:modified_time\" content=\"2025-08-27T10:36:15+00:00\" \/>\n<meta property=\"og:image\" content=\"https:\/\/ecosupplements.be\/wp-content\/uploads\/2025\/08\/NOW-Foods-Collagen-Peptides-Powder-227g-1.jpg\" \/>\n\t<meta property=\"og:image:width\" content=\"750\" \/>\n\t<meta property=\"og:image:height\" content=\"750\" \/>\n\t<meta property=\"og:image:type\" content=\"image\/jpeg\" \/>\n<meta name=\"twitter:card\" content=\"summary_large_image\" \/>\n<meta name=\"twitter:label1\" content=\"Prix\" \/>\n\t<meta name=\"twitter:data1\" content=\"20.34&nbsp;&euro;\" \/>\n\t<meta name=\"twitter:label2\" content=\"Disponibilit\u00e9\" \/>\n\t<meta name=\"twitter:data2\" content=\"En stock\" \/>\n<script type=\"application\/ld+json\" class=\"yoast-schema-graph\">{\"@context\":\"https:\\\/\\\/schema.org\",\"@graph\":[{\"@type\":[\"WebPage\",\"ItemPage\"],\"@id\":\"https:\\\/\\\/ecosupplements.be\\\/fr\\\/produit\\\/poudre-de-peptides-de-collagene-227g\\\/\",\"url\":\"https:\\\/\\\/ecosupplements.be\\\/fr\\\/produit\\\/poudre-de-peptides-de-collagene-227g\\\/\",\"name\":\"Poudre de peptides de collag\u00e8ne - 227g - ECO Supplements\",\"isPartOf\":{\"@id\":\"https:\\\/\\\/ecosupplements.be\\\/fr\\\/#website\"},\"primaryImageOfPage\":{\"@id\":\"https:\\\/\\\/ecosupplements.be\\\/fr\\\/produit\\\/poudre-de-peptides-de-collagene-227g\\\/#primaryimage\"},\"image\":{\"@id\":\"https:\\\/\\\/ecosupplements.be\\\/fr\\\/produit\\\/poudre-de-peptides-de-collagene-227g\\\/#primaryimage\"},\"thumbnailUrl\":\"https:\\\/\\\/ecosupplements.be\\\/wp-content\\\/uploads\\\/2025\\\/08\\\/NOW-Foods-Collagen-Peptides-Powder-227g-1.jpg\",\"datePublished\":\"2022-06-28T09:22:14+00:00\",\"dateModified\":\"2025-08-27T10:36:15+00:00\",\"description\":\"Wij hebben een ruime keuze aan producten van Poudre de peptides de collag\u00e8ne - 227g . Winkel bij Eco Supplements altijd gratis verzending boven 100\u20ac\",\"breadcrumb\":{\"@id\":\"https:\\\/\\\/ecosupplements.be\\\/fr\\\/produit\\\/poudre-de-peptides-de-collagene-227g\\\/#breadcrumb\"},\"inLanguage\":\"fr-FR\",\"potentialAction\":[{\"@type\":\"ReadAction\",\"target\":[\"https:\\\/\\\/ecosupplements.be\\\/fr\\\/produit\\\/poudre-de-peptides-de-collagene-227g\\\/\"]}]},{\"@type\":\"ImageObject\",\"inLanguage\":\"fr-FR\",\"@id\":\"https:\\\/\\\/ecosupplements.be\\\/fr\\\/produit\\\/poudre-de-peptides-de-collagene-227g\\\/#primaryimage\",\"url\":\"https:\\\/\\\/ecosupplements.be\\\/wp-content\\\/uploads\\\/2025\\\/08\\\/NOW-Foods-Collagen-Peptides-Powder-227g-1.jpg\",\"contentUrl\":\"https:\\\/\\\/ecosupplements.be\\\/wp-content\\\/uploads\\\/2025\\\/08\\\/NOW-Foods-Collagen-Peptides-Powder-227g-1.jpg\",\"width\":750,\"height\":750},{\"@type\":\"BreadcrumbList\",\"@id\":\"https:\\\/\\\/ecosupplements.be\\\/fr\\\/produit\\\/poudre-de-peptides-de-collagene-227g\\\/#breadcrumb\",\"itemListElement\":[{\"@type\":\"ListItem\",\"position\":1,\"name\":\"Home\",\"item\":\"https:\\\/\\\/ecosupplements.be\\\/fr\\\/\"},{\"@type\":\"ListItem\",\"position\":2,\"name\":\"Boutique\",\"item\":\"https:\\\/\\\/ecosupplements.be\\\/fr\\\/boutique\\\/\"},{\"@type\":\"ListItem\",\"position\":3,\"name\":\"Poudre de peptides de collag\u00e8ne &#8211; 227g\"}]},{\"@type\":\"WebSite\",\"@id\":\"https:\\\/\\\/ecosupplements.be\\\/fr\\\/#website\",\"url\":\"https:\\\/\\\/ecosupplements.be\\\/fr\\\/\",\"name\":\"ECO Supplements\",\"description\":\"Eco Supplements - Gezonde supplementen\",\"publisher\":{\"@id\":\"https:\\\/\\\/ecosupplements.be\\\/fr\\\/#organization\"},\"potentialAction\":[{\"@type\":\"SearchAction\",\"target\":{\"@type\":\"EntryPoint\",\"urlTemplate\":\"https:\\\/\\\/ecosupplements.be\\\/fr\\\/?s={search_term_string}\"},\"query-input\":{\"@type\":\"PropertyValueSpecification\",\"valueRequired\":true,\"valueName\":\"search_term_string\"}}],\"inLanguage\":\"fr-FR\"},{\"@type\":\"Organization\",\"@id\":\"https:\\\/\\\/ecosupplements.be\\\/fr\\\/#organization\",\"name\":\"Eco Supplements\",\"url\":\"https:\\\/\\\/ecosupplements.be\\\/fr\\\/\",\"logo\":{\"@type\":\"ImageObject\",\"inLanguage\":\"fr-FR\",\"@id\":\"https:\\\/\\\/ecosupplements.be\\\/fr\\\/#\\\/schema\\\/logo\\\/image\\\/\",\"url\":\"https:\\\/\\\/ecosupplements.be\\\/wp-content\\\/uploads\\\/2022\\\/06\\\/ecosupplement-family.png\",\"contentUrl\":\"https:\\\/\\\/ecosupplements.be\\\/wp-content\\\/uploads\\\/2022\\\/06\\\/ecosupplement-family.png\",\"width\":593,\"height\":374,\"caption\":\"Eco Supplements\"},\"image\":{\"@id\":\"https:\\\/\\\/ecosupplements.be\\\/fr\\\/#\\\/schema\\\/logo\\\/image\\\/\"}}]}<\/script>\n<meta property=\"product:brand\" content=\"NOW Foods\" \/>\n<meta property=\"product:price:amount\" content=\"20.34\" \/>\n<meta property=\"product:price:currency\" content=\"EUR\" \/>\n<meta property=\"og:availability\" content=\"instock\" \/>\n<meta property=\"product:availability\" content=\"instock\" \/>\n<meta property=\"product:retailer_item_id\" content=\"733739030863\" \/>\n<meta property=\"product:condition\" content=\"new\" \/>\n<!-- \/ Yoast SEO Premium plugin. -->","yoast_head_json":{"title":"Poudre de peptides de collag\u00e8ne - 227g - ECO Supplements","description":"Wij hebben een ruime keuze aan producten van Poudre de peptides de collag\u00e8ne - 227g . Winkel bij Eco Supplements altijd gratis verzending boven 100\u20ac","robots":{"index":"index","follow":"follow","max-snippet":"max-snippet:-1","max-image-preview":"max-image-preview:large","max-video-preview":"max-video-preview:-1"},"canonical":"https:\/\/ecosupplements.be\/fr\/produit\/poudre-de-peptides-de-collagene-227g\/","og_locale":"fr_FR","og_type":"article","og_title":"Poudre de peptides de collag\u00e8ne - 227g","og_description":"Wij hebben een ruime keuze aan producten van Poudre de peptides de collag\u00e8ne - 227g . Winkel bij Eco Supplements altijd gratis verzending boven 100\u20ac","og_url":"https:\/\/ecosupplements.be\/fr\/produit\/poudre-de-peptides-de-collagene-227g\/","og_site_name":"ECO Supplements","article_modified_time":"2025-08-27T10:36:15+00:00","og_image":[{"width":750,"height":750,"url":"https:\/\/ecosupplements.be\/wp-content\/uploads\/2025\/08\/NOW-Foods-Collagen-Peptides-Powder-227g-1.jpg","type":"image\/jpeg"}],"twitter_card":"summary_large_image","twitter_misc":{"Prix":"20.34&nbsp;&euro;","Disponibilit\u00e9":"En stock"},"schema":{"@context":"https:\/\/schema.org","@graph":[{"@type":["WebPage","ItemPage"],"@id":"https:\/\/ecosupplements.be\/fr\/produit\/poudre-de-peptides-de-collagene-227g\/","url":"https:\/\/ecosupplements.be\/fr\/produit\/poudre-de-peptides-de-collagene-227g\/","name":"Poudre de peptides de collag\u00e8ne - 227g - ECO Supplements","isPartOf":{"@id":"https:\/\/ecosupplements.be\/fr\/#website"},"primaryImageOfPage":{"@id":"https:\/\/ecosupplements.be\/fr\/produit\/poudre-de-peptides-de-collagene-227g\/#primaryimage"},"image":{"@id":"https:\/\/ecosupplements.be\/fr\/produit\/poudre-de-peptides-de-collagene-227g\/#primaryimage"},"thumbnailUrl":"https:\/\/ecosupplements.be\/wp-content\/uploads\/2025\/08\/NOW-Foods-Collagen-Peptides-Powder-227g-1.jpg","datePublished":"2022-06-28T09:22:14+00:00","dateModified":"2025-08-27T10:36:15+00:00","description":"Wij hebben een ruime keuze aan producten van Poudre de peptides de collag\u00e8ne - 227g . Winkel bij Eco Supplements altijd gratis verzending boven 100\u20ac","breadcrumb":{"@id":"https:\/\/ecosupplements.be\/fr\/produit\/poudre-de-peptides-de-collagene-227g\/#breadcrumb"},"inLanguage":"fr-FR","potentialAction":[{"@type":"ReadAction","target":["https:\/\/ecosupplements.be\/fr\/produit\/poudre-de-peptides-de-collagene-227g\/"]}]},{"@type":"ImageObject","inLanguage":"fr-FR","@id":"https:\/\/ecosupplements.be\/fr\/produit\/poudre-de-peptides-de-collagene-227g\/#primaryimage","url":"https:\/\/ecosupplements.be\/wp-content\/uploads\/2025\/08\/NOW-Foods-Collagen-Peptides-Powder-227g-1.jpg","contentUrl":"https:\/\/ecosupplements.be\/wp-content\/uploads\/2025\/08\/NOW-Foods-Collagen-Peptides-Powder-227g-1.jpg","width":750,"height":750},{"@type":"BreadcrumbList","@id":"https:\/\/ecosupplements.be\/fr\/produit\/poudre-de-peptides-de-collagene-227g\/#breadcrumb","itemListElement":[{"@type":"ListItem","position":1,"name":"Home","item":"https:\/\/ecosupplements.be\/fr\/"},{"@type":"ListItem","position":2,"name":"Boutique","item":"https:\/\/ecosupplements.be\/fr\/boutique\/"},{"@type":"ListItem","position":3,"name":"Poudre de peptides de collag\u00e8ne &#8211; 227g"}]},{"@type":"WebSite","@id":"https:\/\/ecosupplements.be\/fr\/#website","url":"https:\/\/ecosupplements.be\/fr\/","name":"ECO Supplements","description":"Eco Supplements - Gezonde supplementen","publisher":{"@id":"https:\/\/ecosupplements.be\/fr\/#organization"},"potentialAction":[{"@type":"SearchAction","target":{"@type":"EntryPoint","urlTemplate":"https:\/\/ecosupplements.be\/fr\/?s={search_term_string}"},"query-input":{"@type":"PropertyValueSpecification","valueRequired":true,"valueName":"search_term_string"}}],"inLanguage":"fr-FR"},{"@type":"Organization","@id":"https:\/\/ecosupplements.be\/fr\/#organization","name":"Eco Supplements","url":"https:\/\/ecosupplements.be\/fr\/","logo":{"@type":"ImageObject","inLanguage":"fr-FR","@id":"https:\/\/ecosupplements.be\/fr\/#\/schema\/logo\/image\/","url":"https:\/\/ecosupplements.be\/wp-content\/uploads\/2022\/06\/ecosupplement-family.png","contentUrl":"https:\/\/ecosupplements.be\/wp-content\/uploads\/2022\/06\/ecosupplement-family.png","width":593,"height":374,"caption":"Eco Supplements"},"image":{"@id":"https:\/\/ecosupplements.be\/fr\/#\/schema\/logo\/image\/"}}]},"product_brand":"NOW Foods","product_price_amount":"20.34","product_price_currency":"EUR","og_availability":"instock","product_availability":"instock","product_retailer_item_id":"733739030863","product_condition":"new"},"_links":{"self":[{"href":"https:\/\/ecosupplements.be\/fr\/wp-json\/wp\/v2\/product\/281668","targetHints":{"allow":["GET"]}}],"collection":[{"href":"https:\/\/ecosupplements.be\/fr\/wp-json\/wp\/v2\/product"}],"about":[{"href":"https:\/\/ecosupplements.be\/fr\/wp-json\/wp\/v2\/types\/product"}],"replies":[{"embeddable":true,"href":"https:\/\/ecosupplements.be\/fr\/wp-json\/wp\/v2\/comments?post=281668"}],"wp:featuredmedia":[{"embeddable":true,"href":"https:\/\/ecosupplements.be\/fr\/wp-json\/wp\/v2\/media\/249720"}],"wp:attachment":[{"href":"https:\/\/ecosupplements.be\/fr\/wp-json\/wp\/v2\/media?parent=281668"}],"wp:term":[{"taxonomy":"product_brand","embeddable":true,"href":"https:\/\/ecosupplements.be\/fr\/wp-json\/wp\/v2\/product_brand?post=281668"},{"taxonomy":"product_cat","embeddable":true,"href":"https:\/\/ecosupplements.be\/fr\/wp-json\/wp\/v2\/product_cat?post=281668"},{"taxonomy":"product_tag","embeddable":true,"href":"https:\/\/ecosupplements.be\/fr\/wp-json\/wp\/v2\/product_tag?post=281668"}],"curies":[{"name":"wp","href":"https:\/\/api.w.org\/{rel}","templated":true}]}}