{"id":281683,"date":"2022-06-28T10:22:14","date_gmt":"2022-06-28T09:22:14","guid":{"rendered":"https:\/\/ecosupplements.be\/product\/coq10-avec-selenium-et-vitamine-e-50mg-50-softgels\/"},"modified":"2025-08-27T11:37:27","modified_gmt":"2025-08-27T10:37:27","slug":"coq10-avec-selenium-et-vitamine-e-50mg-50-softgels","status":"publish","type":"product","link":"https:\/\/ecosupplements.be\/fr\/produit\/coq10-avec-selenium-et-vitamine-e-50mg-50-softgels\/","title":{"rendered":"CoQ10 avec S\u00e9l\u00e9nium et Vitamine E, 50mg &#8211; 50 softgels"},"content":{"rendered":"<h1 style=\"text-align: center\">NOW Foods &#8211; CoQ10 avec s\u00e9l\u00e9nium et vitamine E<\/h1>\n<h3 style=\"text-align: center\">Sant\u00e9 cardiovasculaire<\/h3>\n<p>&#8211; Soutient la production d&#8217;\u00e9nergie,<br \/>\n&#8211; Avec du s\u00e9l\u00e9nium et de la vitamine E.<\/p>\n<p>La coenzyme Q10 (CoQ10) est un compos\u00e9 de type vitamine qui joue un r\u00f4le central dans la production d&#8217;\u00e9nergie cellulaire. La CoQ10 est pr\u00e9sente dans tout le corps, mais elle est particuli\u00e8rement concentr\u00e9e dans le c\u0153ur, le foie et les reins, et il a \u00e9t\u00e9 constat\u00e9 que sa production diminue avec l&#8217;\u00e2ge. Le CoQ10 travaille avec la vitamine E comme un puissant pi\u00e9geur de radicaux libres dans les membranes cellulaires, ainsi que dans les vaisseaux sanguins. Des ann\u00e9es de recherche scientifique ont montr\u00e9 que le CoQ10 aide \u00e0 maintenir un c\u0153ur et un syst\u00e8me vasculaire en bonne sant\u00e9.<\/p>\n<p>NOW utilise uniquement la forme naturelle, tout-trans, de la CoQ10.<\/p>\n<p><img decoding=\"async\" src=\"https:\/\/ecosupplements.be\/wp-content\/uploads\/2025\/08\/gluten-free-1.png\" title=\"Sans gluten\" alt=\"Gluten free\"><\/p>\n","protected":false},"excerpt":{"rendered":"<p>NOW Foods &#8211; CoQ10 avec s\u00e9l\u00e9nium et vitamine E Sant\u00e9 cardiovasculaire &#8211; Soutient la production d&#8217;\u00e9nergie, &#8211; Avec du s\u00e9l\u00e9nium et de la vitamine E. La coenzyme Q10 (CoQ10) est un compos\u00e9 de type vitamine qui joue un r\u00f4le central dans la production d&#8217;\u00e9nergie cellulaire. La CoQ10 est pr\u00e9sente dans tout le corps, mais elle [&#8230;]\n","protected":false},"featured_media":249805,"comment_status":"open","ping_status":"open","template":"","meta":[],"product_brand":[4733,4734],"product_cat":[5098,5052,5053],"product_tag":[],"class_list":{"0":"post-281683","1":"product","2":"type-product","3":"status-publish","4":"has-post-thumbnail","6":"product_brand-now-foods-2","7":"product_brand-nownow-foods-2","8":"product_cat-antioxydants","9":"product_cat-sante-et-bien-etre","10":"product_cat-vitamines-et-mineraux","12":"first","13":"instock","14":"taxable","15":"shipping-taxable","16":"purchasable","17":"product-type-simple"},"yoast_head":"<!-- This site is optimized with the Yoast SEO Premium plugin v27.3 (Yoast SEO v27.3) - https:\/\/yoast.com\/product\/yoast-seo-premium-wordpress\/ -->\n<title>CoQ10 avec S\u00e9l\u00e9nium et Vitamine E, 50mg - 50 softgels - ECO Supplements<\/title>\n<meta name=\"description\" content=\"Wij hebben een ruime keuze aan producten van CoQ10 avec S\u00e9l\u00e9nium et Vitamine E, 50mg - 50 softgels . Winkel bij Eco Supplements altijd gratis verzending boven 100\u20ac\" \/>\n<meta name=\"robots\" content=\"index, follow, max-snippet:-1, max-image-preview:large, max-video-preview:-1\" \/>\n<link rel=\"canonical\" href=\"https:\/\/ecosupplements.be\/fr\/produit\/coq10-avec-selenium-et-vitamine-e-50mg-50-softgels\/\" \/>\n<meta property=\"og:locale\" content=\"fr_FR\" \/>\n<meta property=\"og:type\" content=\"article\" \/>\n<meta property=\"og:title\" content=\"CoQ10 avec S\u00e9l\u00e9nium et Vitamine E, 50mg - 50 softgels\" \/>\n<meta property=\"og:description\" content=\"Wij hebben een ruime keuze aan producten van CoQ10 avec S\u00e9l\u00e9nium et Vitamine E, 50mg - 50 softgels . Winkel bij Eco Supplements altijd gratis verzending boven 100\u20ac\" \/>\n<meta property=\"og:url\" content=\"https:\/\/ecosupplements.be\/fr\/produit\/coq10-avec-selenium-et-vitamine-e-50mg-50-softgels\/\" \/>\n<meta property=\"og:site_name\" content=\"ECO Supplements\" \/>\n<meta property=\"article:modified_time\" content=\"2025-08-27T10:37:27+00:00\" \/>\n<meta property=\"og:image\" content=\"https:\/\/ecosupplements.be\/wp-content\/uploads\/2025\/08\/NOW-Foods-CoQ10-with-Selenium-Vitamin-E-50mg-50-softgels-1.jpg\" \/>\n\t<meta property=\"og:image:width\" content=\"750\" \/>\n\t<meta property=\"og:image:height\" content=\"750\" \/>\n\t<meta property=\"og:image:type\" content=\"image\/jpeg\" \/>\n<meta name=\"twitter:card\" content=\"summary_large_image\" \/>\n<meta name=\"twitter:label1\" content=\"Prix\" \/>\n\t<meta name=\"twitter:data1\" content=\"12.74&nbsp;&euro;\" \/>\n\t<meta name=\"twitter:label2\" content=\"Disponibilit\u00e9\" \/>\n\t<meta name=\"twitter:data2\" content=\"En stock\" \/>\n<script type=\"application\/ld+json\" class=\"yoast-schema-graph\">{\"@context\":\"https:\\\/\\\/schema.org\",\"@graph\":[{\"@type\":[\"WebPage\",\"ItemPage\"],\"@id\":\"https:\\\/\\\/ecosupplements.be\\\/fr\\\/produit\\\/coq10-avec-selenium-et-vitamine-e-50mg-50-softgels\\\/\",\"url\":\"https:\\\/\\\/ecosupplements.be\\\/fr\\\/produit\\\/coq10-avec-selenium-et-vitamine-e-50mg-50-softgels\\\/\",\"name\":\"CoQ10 avec S\u00e9l\u00e9nium et Vitamine E, 50mg - 50 softgels - ECO Supplements\",\"isPartOf\":{\"@id\":\"https:\\\/\\\/ecosupplements.be\\\/fr\\\/#website\"},\"primaryImageOfPage\":{\"@id\":\"https:\\\/\\\/ecosupplements.be\\\/fr\\\/produit\\\/coq10-avec-selenium-et-vitamine-e-50mg-50-softgels\\\/#primaryimage\"},\"image\":{\"@id\":\"https:\\\/\\\/ecosupplements.be\\\/fr\\\/produit\\\/coq10-avec-selenium-et-vitamine-e-50mg-50-softgels\\\/#primaryimage\"},\"thumbnailUrl\":\"https:\\\/\\\/ecosupplements.be\\\/wp-content\\\/uploads\\\/2025\\\/08\\\/NOW-Foods-CoQ10-with-Selenium-Vitamin-E-50mg-50-softgels-1.jpg\",\"datePublished\":\"2022-06-28T09:22:14+00:00\",\"dateModified\":\"2025-08-27T10:37:27+00:00\",\"description\":\"Wij hebben een ruime keuze aan producten van CoQ10 avec S\u00e9l\u00e9nium et Vitamine E, 50mg - 50 softgels . Winkel bij Eco Supplements altijd gratis verzending boven 100\u20ac\",\"breadcrumb\":{\"@id\":\"https:\\\/\\\/ecosupplements.be\\\/fr\\\/produit\\\/coq10-avec-selenium-et-vitamine-e-50mg-50-softgels\\\/#breadcrumb\"},\"inLanguage\":\"fr-FR\",\"potentialAction\":[{\"@type\":\"ReadAction\",\"target\":[\"https:\\\/\\\/ecosupplements.be\\\/fr\\\/produit\\\/coq10-avec-selenium-et-vitamine-e-50mg-50-softgels\\\/\"]}]},{\"@type\":\"ImageObject\",\"inLanguage\":\"fr-FR\",\"@id\":\"https:\\\/\\\/ecosupplements.be\\\/fr\\\/produit\\\/coq10-avec-selenium-et-vitamine-e-50mg-50-softgels\\\/#primaryimage\",\"url\":\"https:\\\/\\\/ecosupplements.be\\\/wp-content\\\/uploads\\\/2025\\\/08\\\/NOW-Foods-CoQ10-with-Selenium-Vitamin-E-50mg-50-softgels-1.jpg\",\"contentUrl\":\"https:\\\/\\\/ecosupplements.be\\\/wp-content\\\/uploads\\\/2025\\\/08\\\/NOW-Foods-CoQ10-with-Selenium-Vitamin-E-50mg-50-softgels-1.jpg\",\"width\":750,\"height\":750},{\"@type\":\"BreadcrumbList\",\"@id\":\"https:\\\/\\\/ecosupplements.be\\\/fr\\\/produit\\\/coq10-avec-selenium-et-vitamine-e-50mg-50-softgels\\\/#breadcrumb\",\"itemListElement\":[{\"@type\":\"ListItem\",\"position\":1,\"name\":\"Home\",\"item\":\"https:\\\/\\\/ecosupplements.be\\\/fr\\\/\"},{\"@type\":\"ListItem\",\"position\":2,\"name\":\"Boutique\",\"item\":\"https:\\\/\\\/ecosupplements.be\\\/fr\\\/boutique\\\/\"},{\"@type\":\"ListItem\",\"position\":3,\"name\":\"CoQ10 avec S\u00e9l\u00e9nium et Vitamine E, 50mg &#8211; 50 softgels\"}]},{\"@type\":\"WebSite\",\"@id\":\"https:\\\/\\\/ecosupplements.be\\\/fr\\\/#website\",\"url\":\"https:\\\/\\\/ecosupplements.be\\\/fr\\\/\",\"name\":\"ECO Supplements\",\"description\":\"Eco Supplements - Gezonde supplementen\",\"publisher\":{\"@id\":\"https:\\\/\\\/ecosupplements.be\\\/fr\\\/#organization\"},\"potentialAction\":[{\"@type\":\"SearchAction\",\"target\":{\"@type\":\"EntryPoint\",\"urlTemplate\":\"https:\\\/\\\/ecosupplements.be\\\/fr\\\/?s={search_term_string}\"},\"query-input\":{\"@type\":\"PropertyValueSpecification\",\"valueRequired\":true,\"valueName\":\"search_term_string\"}}],\"inLanguage\":\"fr-FR\"},{\"@type\":\"Organization\",\"@id\":\"https:\\\/\\\/ecosupplements.be\\\/fr\\\/#organization\",\"name\":\"Eco Supplements\",\"url\":\"https:\\\/\\\/ecosupplements.be\\\/fr\\\/\",\"logo\":{\"@type\":\"ImageObject\",\"inLanguage\":\"fr-FR\",\"@id\":\"https:\\\/\\\/ecosupplements.be\\\/fr\\\/#\\\/schema\\\/logo\\\/image\\\/\",\"url\":\"https:\\\/\\\/ecosupplements.be\\\/wp-content\\\/uploads\\\/2022\\\/06\\\/ecosupplement-family.png\",\"contentUrl\":\"https:\\\/\\\/ecosupplements.be\\\/wp-content\\\/uploads\\\/2022\\\/06\\\/ecosupplement-family.png\",\"width\":593,\"height\":374,\"caption\":\"Eco Supplements\"},\"image\":{\"@id\":\"https:\\\/\\\/ecosupplements.be\\\/fr\\\/#\\\/schema\\\/logo\\\/image\\\/\"}}]}<\/script>\n<meta property=\"product:brand\" content=\"NOW Foods\" \/>\n<meta property=\"product:price:amount\" content=\"12.74\" \/>\n<meta property=\"product:price:currency\" content=\"EUR\" \/>\n<meta property=\"og:availability\" content=\"instock\" \/>\n<meta property=\"product:availability\" content=\"instock\" \/>\n<meta property=\"product:retailer_item_id\" content=\"733739031921\" \/>\n<meta property=\"product:condition\" content=\"new\" \/>\n<!-- \/ Yoast SEO Premium plugin. -->","yoast_head_json":{"title":"CoQ10 avec S\u00e9l\u00e9nium et Vitamine E, 50mg - 50 softgels - ECO Supplements","description":"Wij hebben een ruime keuze aan producten van CoQ10 avec S\u00e9l\u00e9nium et Vitamine E, 50mg - 50 softgels . Winkel bij Eco Supplements altijd gratis verzending boven 100\u20ac","robots":{"index":"index","follow":"follow","max-snippet":"max-snippet:-1","max-image-preview":"max-image-preview:large","max-video-preview":"max-video-preview:-1"},"canonical":"https:\/\/ecosupplements.be\/fr\/produit\/coq10-avec-selenium-et-vitamine-e-50mg-50-softgels\/","og_locale":"fr_FR","og_type":"article","og_title":"CoQ10 avec S\u00e9l\u00e9nium et Vitamine E, 50mg - 50 softgels","og_description":"Wij hebben een ruime keuze aan producten van CoQ10 avec S\u00e9l\u00e9nium et Vitamine E, 50mg - 50 softgels . Winkel bij Eco Supplements altijd gratis verzending boven 100\u20ac","og_url":"https:\/\/ecosupplements.be\/fr\/produit\/coq10-avec-selenium-et-vitamine-e-50mg-50-softgels\/","og_site_name":"ECO Supplements","article_modified_time":"2025-08-27T10:37:27+00:00","og_image":[{"width":750,"height":750,"url":"https:\/\/ecosupplements.be\/wp-content\/uploads\/2025\/08\/NOW-Foods-CoQ10-with-Selenium-Vitamin-E-50mg-50-softgels-1.jpg","type":"image\/jpeg"}],"twitter_card":"summary_large_image","twitter_misc":{"Prix":"12.74&nbsp;&euro;","Disponibilit\u00e9":"En stock"},"schema":{"@context":"https:\/\/schema.org","@graph":[{"@type":["WebPage","ItemPage"],"@id":"https:\/\/ecosupplements.be\/fr\/produit\/coq10-avec-selenium-et-vitamine-e-50mg-50-softgels\/","url":"https:\/\/ecosupplements.be\/fr\/produit\/coq10-avec-selenium-et-vitamine-e-50mg-50-softgels\/","name":"CoQ10 avec S\u00e9l\u00e9nium et Vitamine E, 50mg - 50 softgels - ECO Supplements","isPartOf":{"@id":"https:\/\/ecosupplements.be\/fr\/#website"},"primaryImageOfPage":{"@id":"https:\/\/ecosupplements.be\/fr\/produit\/coq10-avec-selenium-et-vitamine-e-50mg-50-softgels\/#primaryimage"},"image":{"@id":"https:\/\/ecosupplements.be\/fr\/produit\/coq10-avec-selenium-et-vitamine-e-50mg-50-softgels\/#primaryimage"},"thumbnailUrl":"https:\/\/ecosupplements.be\/wp-content\/uploads\/2025\/08\/NOW-Foods-CoQ10-with-Selenium-Vitamin-E-50mg-50-softgels-1.jpg","datePublished":"2022-06-28T09:22:14+00:00","dateModified":"2025-08-27T10:37:27+00:00","description":"Wij hebben een ruime keuze aan producten van CoQ10 avec S\u00e9l\u00e9nium et Vitamine E, 50mg - 50 softgels . Winkel bij Eco Supplements altijd gratis verzending boven 100\u20ac","breadcrumb":{"@id":"https:\/\/ecosupplements.be\/fr\/produit\/coq10-avec-selenium-et-vitamine-e-50mg-50-softgels\/#breadcrumb"},"inLanguage":"fr-FR","potentialAction":[{"@type":"ReadAction","target":["https:\/\/ecosupplements.be\/fr\/produit\/coq10-avec-selenium-et-vitamine-e-50mg-50-softgels\/"]}]},{"@type":"ImageObject","inLanguage":"fr-FR","@id":"https:\/\/ecosupplements.be\/fr\/produit\/coq10-avec-selenium-et-vitamine-e-50mg-50-softgels\/#primaryimage","url":"https:\/\/ecosupplements.be\/wp-content\/uploads\/2025\/08\/NOW-Foods-CoQ10-with-Selenium-Vitamin-E-50mg-50-softgels-1.jpg","contentUrl":"https:\/\/ecosupplements.be\/wp-content\/uploads\/2025\/08\/NOW-Foods-CoQ10-with-Selenium-Vitamin-E-50mg-50-softgels-1.jpg","width":750,"height":750},{"@type":"BreadcrumbList","@id":"https:\/\/ecosupplements.be\/fr\/produit\/coq10-avec-selenium-et-vitamine-e-50mg-50-softgels\/#breadcrumb","itemListElement":[{"@type":"ListItem","position":1,"name":"Home","item":"https:\/\/ecosupplements.be\/fr\/"},{"@type":"ListItem","position":2,"name":"Boutique","item":"https:\/\/ecosupplements.be\/fr\/boutique\/"},{"@type":"ListItem","position":3,"name":"CoQ10 avec S\u00e9l\u00e9nium et Vitamine E, 50mg &#8211; 50 softgels"}]},{"@type":"WebSite","@id":"https:\/\/ecosupplements.be\/fr\/#website","url":"https:\/\/ecosupplements.be\/fr\/","name":"ECO Supplements","description":"Eco Supplements - Gezonde supplementen","publisher":{"@id":"https:\/\/ecosupplements.be\/fr\/#organization"},"potentialAction":[{"@type":"SearchAction","target":{"@type":"EntryPoint","urlTemplate":"https:\/\/ecosupplements.be\/fr\/?s={search_term_string}"},"query-input":{"@type":"PropertyValueSpecification","valueRequired":true,"valueName":"search_term_string"}}],"inLanguage":"fr-FR"},{"@type":"Organization","@id":"https:\/\/ecosupplements.be\/fr\/#organization","name":"Eco Supplements","url":"https:\/\/ecosupplements.be\/fr\/","logo":{"@type":"ImageObject","inLanguage":"fr-FR","@id":"https:\/\/ecosupplements.be\/fr\/#\/schema\/logo\/image\/","url":"https:\/\/ecosupplements.be\/wp-content\/uploads\/2022\/06\/ecosupplement-family.png","contentUrl":"https:\/\/ecosupplements.be\/wp-content\/uploads\/2022\/06\/ecosupplement-family.png","width":593,"height":374,"caption":"Eco Supplements"},"image":{"@id":"https:\/\/ecosupplements.be\/fr\/#\/schema\/logo\/image\/"}}]},"product_brand":"NOW Foods","product_price_amount":"12.74","product_price_currency":"EUR","og_availability":"instock","product_availability":"instock","product_retailer_item_id":"733739031921","product_condition":"new"},"_links":{"self":[{"href":"https:\/\/ecosupplements.be\/fr\/wp-json\/wp\/v2\/product\/281683","targetHints":{"allow":["GET"]}}],"collection":[{"href":"https:\/\/ecosupplements.be\/fr\/wp-json\/wp\/v2\/product"}],"about":[{"href":"https:\/\/ecosupplements.be\/fr\/wp-json\/wp\/v2\/types\/product"}],"replies":[{"embeddable":true,"href":"https:\/\/ecosupplements.be\/fr\/wp-json\/wp\/v2\/comments?post=281683"}],"wp:featuredmedia":[{"embeddable":true,"href":"https:\/\/ecosupplements.be\/fr\/wp-json\/wp\/v2\/media\/249805"}],"wp:attachment":[{"href":"https:\/\/ecosupplements.be\/fr\/wp-json\/wp\/v2\/media?parent=281683"}],"wp:term":[{"taxonomy":"product_brand","embeddable":true,"href":"https:\/\/ecosupplements.be\/fr\/wp-json\/wp\/v2\/product_brand?post=281683"},{"taxonomy":"product_cat","embeddable":true,"href":"https:\/\/ecosupplements.be\/fr\/wp-json\/wp\/v2\/product_cat?post=281683"},{"taxonomy":"product_tag","embeddable":true,"href":"https:\/\/ecosupplements.be\/fr\/wp-json\/wp\/v2\/product_tag?post=281683"}],"curies":[{"name":"wp","href":"https:\/\/api.w.org\/{rel}","templated":true}]}}