{"id":281812,"date":"2022-06-28T10:24:16","date_gmt":"2022-06-28T09:24:16","guid":{"rendered":"https:\/\/ecosupplements.be\/product\/kre-alkalyn-creatine-120-caps\/"},"modified":"2025-08-27T11:47:00","modified_gmt":"2025-08-27T10:47:00","slug":"kre-alkalyn-creatine-120-caps","status":"publish","type":"product","link":"https:\/\/ecosupplements.be\/fr\/produit\/kre-alkalyn-creatine-120-caps\/","title":{"rendered":"Kre-Alkalyn Creatine &#8211; 120 caps"},"content":{"rendered":"<h1 style=\"text-align: center;\">NOW Foods &#8211; Cr\u00e9atine Kre-Alkalyn<\/h1>\n<p>Cr\u00e9atine tamponn\u00e9e, au pH stable, brevet\u00e9e<br \/>\nPas de chargement, pas de cycle, pas de ballonnement<br \/>\nFavorise la croissance musculaire<br \/>\n1500 mg par 2 Capsules<br \/>\nKre-Alkalyn est une forme de cr\u00e9atine qui atteint les cellules musculaires \u00e0 sa force et sa puret\u00e9 maximales. Cette formule brevet\u00e9e au pH tamponn\u00e9 est stable tout au long du tractus gastro-intestinal, ce qui peut emp\u00eacher sa d\u00e9gradation et lui permettre de p\u00e9n\u00e9trer dans le tissu musculaire \u00e0 pleine puissance, \u00e9liminant ainsi efficacement les troubles gastriques, les gaz et les ballonnements inconfortables qui sont associ\u00e9s \u00e0 d&#8217;autres suppl\u00e9ments de cr\u00e9atine. La cr\u00e9atine elle-m\u00eame est naturellement produite dans le corps et est compos\u00e9e de trois acides amin\u00e9s essentiels : la m\u00e9thionine, l&#8217;arginine et la glycine. En tant que source d&#8217;\u00e9nergie essentielle pour le tissu musculaire, la cr\u00e9atine soutient intrins\u00e8quement la croissance musculaire, tout en alimentant l&#8217;\u00e9nergie et en soutenant les performances optimales pendant les exercices et les entra\u00eenements intensifs. Il a \u00e9galement \u00e9t\u00e9 d\u00e9montr\u00e9 que la cr\u00e9atine soutient l&#8217;acuit\u00e9 mentale ainsi que l&#8217;endurance et la force musculaires tout en favorisant une composition corporelle saine, vous donnant ainsi les r\u00e9sultats que tous les individus actifs d\u00e9sirent.<\/p>\n<p><img decoding=\"async\" src=\"https:\/\/ecosupplements.be\/wp-content\/uploads\/2025\/08\/gluten-free-1.png\" title=\"Sans gluten\" alt=\"Gluten free\"><img decoding=\"async\" src=\"https:\/\/ecosupplements.be\/wp-content\/uploads\/2025\/08\/non-gmo-1.png\" title=\"Non-OGM\" alt=\"Non-GMO\"><img decoding=\"async\" src=\"https:\/\/ecosupplements.be\/wp-content\/uploads\/2025\/08\/sugar-free-1.png\" title=\"Sans sucre\" alt=\"Sugar free\"><\/p>\n","protected":false},"excerpt":{"rendered":"<p>NOW Foods &#8211; Cr\u00e9atine Kre-Alkalyn Cr\u00e9atine tamponn\u00e9e, au pH stable, brevet\u00e9e Pas de chargement, pas de cycle, pas de ballonnement Favorise la croissance musculaire 1500 mg par 2 Capsules Kre-Alkalyn est une forme de cr\u00e9atine qui atteint les cellules musculaires \u00e0 sa force et sa puret\u00e9 maximales. Cette formule brevet\u00e9e au pH tamponn\u00e9 est stable [&#8230;]\n","protected":false},"featured_media":251124,"comment_status":"open","ping_status":"open","template":"","meta":[],"product_brand":[4733],"product_cat":[5048,5224,5054,5055,5141,5207],"product_tag":[5069],"class_list":{"0":"post-281812","1":"product","2":"type-product","3":"status-publish","4":"has-post-thumbnail","6":"product_brand-now-foods-2","7":"product_cat-aptitude","8":"product_cat-creatine-kre-alkalyn","9":"product_cat-nourriture-saine","10":"product_cat-produits-vegetaliens","11":"product_cat-supplement-de-creatine","12":"product_cat-supplements-de-creatine","13":"product_tag-topeco-2","15":"first","16":"instock","17":"taxable","18":"shipping-taxable","19":"purchasable","20":"product-type-simple"},"yoast_head":"<!-- This site is optimized with the Yoast SEO Premium plugin v27.3 (Yoast SEO v27.3) - https:\/\/yoast.com\/product\/yoast-seo-premium-wordpress\/ -->\n<title>Kre-Alkalyn Creatine - 120 caps - ECO Supplements<\/title>\n<meta name=\"description\" content=\"Wij hebben een ruime keuze aan producten van Kre-Alkalyn Creatine - 120 caps . Winkel bij Eco Supplements altijd gratis verzending boven 100\u20ac\" \/>\n<meta name=\"robots\" content=\"index, follow, max-snippet:-1, max-image-preview:large, max-video-preview:-1\" \/>\n<link rel=\"canonical\" href=\"https:\/\/ecosupplements.be\/fr\/produit\/kre-alkalyn-creatine-120-caps\/\" \/>\n<meta property=\"og:locale\" content=\"fr_FR\" \/>\n<meta property=\"og:type\" content=\"article\" \/>\n<meta property=\"og:title\" content=\"Kre-Alkalyn Creatine - 120 caps\" \/>\n<meta property=\"og:description\" content=\"Wij hebben een ruime keuze aan producten van Kre-Alkalyn Creatine - 120 caps . Winkel bij Eco Supplements altijd gratis verzending boven 100\u20ac\" \/>\n<meta property=\"og:url\" content=\"https:\/\/ecosupplements.be\/fr\/produit\/kre-alkalyn-creatine-120-caps\/\" \/>\n<meta property=\"og:site_name\" content=\"ECO Supplements\" \/>\n<meta property=\"article:modified_time\" content=\"2025-08-27T10:47:00+00:00\" \/>\n<meta property=\"og:image\" content=\"https:\/\/ecosupplements.be\/wp-content\/uploads\/2025\/08\/NOW-Foods-Kre-Alkalyn-Creatine-120-caps-1.jpg\" \/>\n\t<meta property=\"og:image:width\" content=\"750\" \/>\n\t<meta property=\"og:image:height\" content=\"750\" \/>\n\t<meta property=\"og:image:type\" content=\"image\/jpeg\" \/>\n<meta name=\"twitter:card\" content=\"summary_large_image\" \/>\n<meta name=\"twitter:label1\" content=\"Prix\" \/>\n\t<meta name=\"twitter:data1\" content=\"26.49&nbsp;&euro;\" \/>\n\t<meta name=\"twitter:label2\" content=\"Disponibilit\u00e9\" \/>\n\t<meta name=\"twitter:data2\" content=\"En stock\" \/>\n<script type=\"application\/ld+json\" class=\"yoast-schema-graph\">{\"@context\":\"https:\\\/\\\/schema.org\",\"@graph\":[{\"@type\":[\"WebPage\",\"ItemPage\"],\"@id\":\"https:\\\/\\\/ecosupplements.be\\\/fr\\\/produit\\\/kre-alkalyn-creatine-120-caps\\\/\",\"url\":\"https:\\\/\\\/ecosupplements.be\\\/fr\\\/produit\\\/kre-alkalyn-creatine-120-caps\\\/\",\"name\":\"Kre-Alkalyn Creatine - 120 caps - ECO Supplements\",\"isPartOf\":{\"@id\":\"https:\\\/\\\/ecosupplements.be\\\/fr\\\/#website\"},\"primaryImageOfPage\":{\"@id\":\"https:\\\/\\\/ecosupplements.be\\\/fr\\\/produit\\\/kre-alkalyn-creatine-120-caps\\\/#primaryimage\"},\"image\":{\"@id\":\"https:\\\/\\\/ecosupplements.be\\\/fr\\\/produit\\\/kre-alkalyn-creatine-120-caps\\\/#primaryimage\"},\"thumbnailUrl\":\"https:\\\/\\\/ecosupplements.be\\\/wp-content\\\/uploads\\\/2025\\\/08\\\/NOW-Foods-Kre-Alkalyn-Creatine-120-caps-1.jpg\",\"datePublished\":\"2022-06-28T09:24:16+00:00\",\"dateModified\":\"2025-08-27T10:47:00+00:00\",\"description\":\"Wij hebben een ruime keuze aan producten van Kre-Alkalyn Creatine - 120 caps . Winkel bij Eco Supplements altijd gratis verzending boven 100\u20ac\",\"breadcrumb\":{\"@id\":\"https:\\\/\\\/ecosupplements.be\\\/fr\\\/produit\\\/kre-alkalyn-creatine-120-caps\\\/#breadcrumb\"},\"inLanguage\":\"fr-FR\",\"potentialAction\":[{\"@type\":\"ReadAction\",\"target\":[\"https:\\\/\\\/ecosupplements.be\\\/fr\\\/produit\\\/kre-alkalyn-creatine-120-caps\\\/\"]}]},{\"@type\":\"ImageObject\",\"inLanguage\":\"fr-FR\",\"@id\":\"https:\\\/\\\/ecosupplements.be\\\/fr\\\/produit\\\/kre-alkalyn-creatine-120-caps\\\/#primaryimage\",\"url\":\"https:\\\/\\\/ecosupplements.be\\\/wp-content\\\/uploads\\\/2025\\\/08\\\/NOW-Foods-Kre-Alkalyn-Creatine-120-caps-1.jpg\",\"contentUrl\":\"https:\\\/\\\/ecosupplements.be\\\/wp-content\\\/uploads\\\/2025\\\/08\\\/NOW-Foods-Kre-Alkalyn-Creatine-120-caps-1.jpg\",\"width\":750,\"height\":750},{\"@type\":\"BreadcrumbList\",\"@id\":\"https:\\\/\\\/ecosupplements.be\\\/fr\\\/produit\\\/kre-alkalyn-creatine-120-caps\\\/#breadcrumb\",\"itemListElement\":[{\"@type\":\"ListItem\",\"position\":1,\"name\":\"Home\",\"item\":\"https:\\\/\\\/ecosupplements.be\\\/fr\\\/\"},{\"@type\":\"ListItem\",\"position\":2,\"name\":\"Boutique\",\"item\":\"https:\\\/\\\/ecosupplements.be\\\/fr\\\/boutique\\\/\"},{\"@type\":\"ListItem\",\"position\":3,\"name\":\"Kre-Alkalyn Creatine &#8211; 120 caps\"}]},{\"@type\":\"WebSite\",\"@id\":\"https:\\\/\\\/ecosupplements.be\\\/fr\\\/#website\",\"url\":\"https:\\\/\\\/ecosupplements.be\\\/fr\\\/\",\"name\":\"ECO Supplements\",\"description\":\"Eco Supplements - Gezonde supplementen\",\"publisher\":{\"@id\":\"https:\\\/\\\/ecosupplements.be\\\/fr\\\/#organization\"},\"potentialAction\":[{\"@type\":\"SearchAction\",\"target\":{\"@type\":\"EntryPoint\",\"urlTemplate\":\"https:\\\/\\\/ecosupplements.be\\\/fr\\\/?s={search_term_string}\"},\"query-input\":{\"@type\":\"PropertyValueSpecification\",\"valueRequired\":true,\"valueName\":\"search_term_string\"}}],\"inLanguage\":\"fr-FR\"},{\"@type\":\"Organization\",\"@id\":\"https:\\\/\\\/ecosupplements.be\\\/fr\\\/#organization\",\"name\":\"Eco Supplements\",\"url\":\"https:\\\/\\\/ecosupplements.be\\\/fr\\\/\",\"logo\":{\"@type\":\"ImageObject\",\"inLanguage\":\"fr-FR\",\"@id\":\"https:\\\/\\\/ecosupplements.be\\\/fr\\\/#\\\/schema\\\/logo\\\/image\\\/\",\"url\":\"https:\\\/\\\/ecosupplements.be\\\/wp-content\\\/uploads\\\/2022\\\/06\\\/ecosupplement-family.png\",\"contentUrl\":\"https:\\\/\\\/ecosupplements.be\\\/wp-content\\\/uploads\\\/2022\\\/06\\\/ecosupplement-family.png\",\"width\":593,\"height\":374,\"caption\":\"Eco Supplements\"},\"image\":{\"@id\":\"https:\\\/\\\/ecosupplements.be\\\/fr\\\/#\\\/schema\\\/logo\\\/image\\\/\"}}]}<\/script>\n<meta property=\"product:brand\" content=\"NOW Foods\" \/>\n<meta property=\"product:price:amount\" content=\"26.49\" \/>\n<meta property=\"product:price:currency\" content=\"EUR\" \/>\n<meta property=\"og:availability\" content=\"instock\" \/>\n<meta property=\"product:availability\" content=\"instock\" \/>\n<meta property=\"product:retailer_item_id\" content=\"733739020550\" \/>\n<meta property=\"product:condition\" content=\"new\" \/>\n<!-- \/ Yoast SEO Premium plugin. -->","yoast_head_json":{"title":"Kre-Alkalyn Creatine - 120 caps - ECO Supplements","description":"Wij hebben een ruime keuze aan producten van Kre-Alkalyn Creatine - 120 caps . Winkel bij Eco Supplements altijd gratis verzending boven 100\u20ac","robots":{"index":"index","follow":"follow","max-snippet":"max-snippet:-1","max-image-preview":"max-image-preview:large","max-video-preview":"max-video-preview:-1"},"canonical":"https:\/\/ecosupplements.be\/fr\/produit\/kre-alkalyn-creatine-120-caps\/","og_locale":"fr_FR","og_type":"article","og_title":"Kre-Alkalyn Creatine - 120 caps","og_description":"Wij hebben een ruime keuze aan producten van Kre-Alkalyn Creatine - 120 caps . Winkel bij Eco Supplements altijd gratis verzending boven 100\u20ac","og_url":"https:\/\/ecosupplements.be\/fr\/produit\/kre-alkalyn-creatine-120-caps\/","og_site_name":"ECO Supplements","article_modified_time":"2025-08-27T10:47:00+00:00","og_image":[{"width":750,"height":750,"url":"https:\/\/ecosupplements.be\/wp-content\/uploads\/2025\/08\/NOW-Foods-Kre-Alkalyn-Creatine-120-caps-1.jpg","type":"image\/jpeg"}],"twitter_card":"summary_large_image","twitter_misc":{"Prix":"26.49&nbsp;&euro;","Disponibilit\u00e9":"En stock"},"schema":{"@context":"https:\/\/schema.org","@graph":[{"@type":["WebPage","ItemPage"],"@id":"https:\/\/ecosupplements.be\/fr\/produit\/kre-alkalyn-creatine-120-caps\/","url":"https:\/\/ecosupplements.be\/fr\/produit\/kre-alkalyn-creatine-120-caps\/","name":"Kre-Alkalyn Creatine - 120 caps - ECO Supplements","isPartOf":{"@id":"https:\/\/ecosupplements.be\/fr\/#website"},"primaryImageOfPage":{"@id":"https:\/\/ecosupplements.be\/fr\/produit\/kre-alkalyn-creatine-120-caps\/#primaryimage"},"image":{"@id":"https:\/\/ecosupplements.be\/fr\/produit\/kre-alkalyn-creatine-120-caps\/#primaryimage"},"thumbnailUrl":"https:\/\/ecosupplements.be\/wp-content\/uploads\/2025\/08\/NOW-Foods-Kre-Alkalyn-Creatine-120-caps-1.jpg","datePublished":"2022-06-28T09:24:16+00:00","dateModified":"2025-08-27T10:47:00+00:00","description":"Wij hebben een ruime keuze aan producten van Kre-Alkalyn Creatine - 120 caps . Winkel bij Eco Supplements altijd gratis verzending boven 100\u20ac","breadcrumb":{"@id":"https:\/\/ecosupplements.be\/fr\/produit\/kre-alkalyn-creatine-120-caps\/#breadcrumb"},"inLanguage":"fr-FR","potentialAction":[{"@type":"ReadAction","target":["https:\/\/ecosupplements.be\/fr\/produit\/kre-alkalyn-creatine-120-caps\/"]}]},{"@type":"ImageObject","inLanguage":"fr-FR","@id":"https:\/\/ecosupplements.be\/fr\/produit\/kre-alkalyn-creatine-120-caps\/#primaryimage","url":"https:\/\/ecosupplements.be\/wp-content\/uploads\/2025\/08\/NOW-Foods-Kre-Alkalyn-Creatine-120-caps-1.jpg","contentUrl":"https:\/\/ecosupplements.be\/wp-content\/uploads\/2025\/08\/NOW-Foods-Kre-Alkalyn-Creatine-120-caps-1.jpg","width":750,"height":750},{"@type":"BreadcrumbList","@id":"https:\/\/ecosupplements.be\/fr\/produit\/kre-alkalyn-creatine-120-caps\/#breadcrumb","itemListElement":[{"@type":"ListItem","position":1,"name":"Home","item":"https:\/\/ecosupplements.be\/fr\/"},{"@type":"ListItem","position":2,"name":"Boutique","item":"https:\/\/ecosupplements.be\/fr\/boutique\/"},{"@type":"ListItem","position":3,"name":"Kre-Alkalyn Creatine &#8211; 120 caps"}]},{"@type":"WebSite","@id":"https:\/\/ecosupplements.be\/fr\/#website","url":"https:\/\/ecosupplements.be\/fr\/","name":"ECO Supplements","description":"Eco Supplements - Gezonde supplementen","publisher":{"@id":"https:\/\/ecosupplements.be\/fr\/#organization"},"potentialAction":[{"@type":"SearchAction","target":{"@type":"EntryPoint","urlTemplate":"https:\/\/ecosupplements.be\/fr\/?s={search_term_string}"},"query-input":{"@type":"PropertyValueSpecification","valueRequired":true,"valueName":"search_term_string"}}],"inLanguage":"fr-FR"},{"@type":"Organization","@id":"https:\/\/ecosupplements.be\/fr\/#organization","name":"Eco Supplements","url":"https:\/\/ecosupplements.be\/fr\/","logo":{"@type":"ImageObject","inLanguage":"fr-FR","@id":"https:\/\/ecosupplements.be\/fr\/#\/schema\/logo\/image\/","url":"https:\/\/ecosupplements.be\/wp-content\/uploads\/2022\/06\/ecosupplement-family.png","contentUrl":"https:\/\/ecosupplements.be\/wp-content\/uploads\/2022\/06\/ecosupplement-family.png","width":593,"height":374,"caption":"Eco Supplements"},"image":{"@id":"https:\/\/ecosupplements.be\/fr\/#\/schema\/logo\/image\/"}}]},"product_brand":"NOW Foods","product_price_amount":"26.49","product_price_currency":"EUR","og_availability":"instock","product_availability":"instock","product_retailer_item_id":"733739020550","product_condition":"new"},"_links":{"self":[{"href":"https:\/\/ecosupplements.be\/fr\/wp-json\/wp\/v2\/product\/281812","targetHints":{"allow":["GET"]}}],"collection":[{"href":"https:\/\/ecosupplements.be\/fr\/wp-json\/wp\/v2\/product"}],"about":[{"href":"https:\/\/ecosupplements.be\/fr\/wp-json\/wp\/v2\/types\/product"}],"replies":[{"embeddable":true,"href":"https:\/\/ecosupplements.be\/fr\/wp-json\/wp\/v2\/comments?post=281812"}],"wp:featuredmedia":[{"embeddable":true,"href":"https:\/\/ecosupplements.be\/fr\/wp-json\/wp\/v2\/media\/251124"}],"wp:attachment":[{"href":"https:\/\/ecosupplements.be\/fr\/wp-json\/wp\/v2\/media?parent=281812"}],"wp:term":[{"taxonomy":"product_brand","embeddable":true,"href":"https:\/\/ecosupplements.be\/fr\/wp-json\/wp\/v2\/product_brand?post=281812"},{"taxonomy":"product_cat","embeddable":true,"href":"https:\/\/ecosupplements.be\/fr\/wp-json\/wp\/v2\/product_cat?post=281812"},{"taxonomy":"product_tag","embeddable":true,"href":"https:\/\/ecosupplements.be\/fr\/wp-json\/wp\/v2\/product_tag?post=281812"}],"curies":[{"name":"wp","href":"https:\/\/api.w.org\/{rel}","templated":true}]}}