{"id":281934,"date":"2022-06-28T10:25:11","date_gmt":"2022-06-28T09:25:11","guid":{"rendered":"https:\/\/ecosupplements.be\/product\/nac-avec-selenium-et-molybdene-600mg-250-vcaps\/"},"modified":"2025-08-27T11:55:31","modified_gmt":"2025-08-27T10:55:31","slug":"nac-avec-selenium-et-molybdene-600mg-250-vcaps","status":"publish","type":"product","link":"https:\/\/ecosupplements.be\/fr\/produit\/nac-avec-selenium-et-molybdene-600mg-250-vcaps\/","title":{"rendered":"NAC avec S\u00e9l\u00e9nium et Molybd\u00e8ne, 600mg &#8211; 250 vcaps"},"content":{"rendered":"<h1 style=\"text-align: center;\">NOW Foods &#8211; NAC avec s\u00e9l\u00e9nium et molybd\u00e8ne<\/h1>\n<p>Avec du s\u00e9l\u00e9nium et du molybd\u00e8ne<br \/>\nMaintien de la sant\u00e9 cellulaire<br \/>\nLa N-ac\u00e9tyl-cyst\u00e9ine (NAC) est une forme stable de l&#8217;acide amin\u00e9 non essentiel L-cyst\u00e9ine. C&#8217;est un acide amin\u00e9 contenant du soufre qui agit comme un stabilisateur pour la formation des structures prot\u00e9iques, et qui est \u00e9galement n\u00e9cessaire \u00e0 la formation du glutathion. Le molybd\u00e8ne et le s\u00e9l\u00e9nium sont des oligo-\u00e9l\u00e9ments essentiels qui facilitent la production de plusieurs enzymes importantes.<\/p>\n<p><img decoding=\"async\" src=\"https:\/\/ecosupplements.be\/wp-content\/uploads\/2025\/08\/gluten-free-1.png\" title=\"Sans gluten\" alt=\"Gluten free\"><img decoding=\"async\" src=\"https:\/\/ecosupplements.be\/wp-content\/uploads\/2025\/08\/non-gmo-1.png\" title=\"Non-OGM\" alt=\"Non-GMO\"><img decoding=\"async\" src=\"https:\/\/ecosupplements.be\/wp-content\/uploads\/2025\/08\/vegan-1.png\" title=\"Vegan\" alt=\"Vegan\"><img decoding=\"async\" src=\"https:\/\/ecosupplements.be\/wp-content\/uploads\/2025\/08\/vegetarian-1.png\" title=\"V\u00e9g\u00e9tarien\" alt=\"Vegetarian\"><\/p>\n","protected":false},"excerpt":{"rendered":"<p>NOW Foods &#8211; NAC avec s\u00e9l\u00e9nium et molybd\u00e8ne Avec du s\u00e9l\u00e9nium et du molybd\u00e8ne Maintien de la sant\u00e9 cellulaire La N-ac\u00e9tyl-cyst\u00e9ine (NAC) est une forme stable de l&#8217;acide amin\u00e9 non essentiel L-cyst\u00e9ine. C&#8217;est un acide amin\u00e9 contenant du soufre qui agit comme un stabilisateur pour la formation des structures prot\u00e9iques, et qui est \u00e9galement n\u00e9cessaire [&#8230;]\n","protected":false},"featured_media":251753,"comment_status":"open","ping_status":"open","template":"","meta":[],"product_brand":[4733,4734],"product_cat":[5067,5111,5048,5052,5053],"product_tag":[5069],"class_list":{"0":"post-281934","1":"product","2":"type-product","3":"status-publish","4":"has-post-thumbnail","6":"product_brand-now-foods-2","7":"product_brand-nownow-foods-2","8":"product_cat-acides-amines-et-bcaa","9":"product_cat-acides-amines-et-bcaas","10":"product_cat-aptitude","11":"product_cat-sante-et-bien-etre","12":"product_cat-vitamines-et-mineraux","13":"product_tag-topeco-2","15":"first","16":"instock","17":"taxable","18":"shipping-taxable","19":"purchasable","20":"product-type-simple"},"yoast_head":"<!-- This site is optimized with the Yoast SEO Premium plugin v27.3 (Yoast SEO v27.3) - https:\/\/yoast.com\/product\/yoast-seo-premium-wordpress\/ -->\n<title>NAC avec S\u00e9l\u00e9nium et Molybd\u00e8ne, 600mg - 250 vcaps - ECO Supplements<\/title>\n<meta name=\"description\" content=\"Wij hebben een ruime keuze aan producten van NAC avec S\u00e9l\u00e9nium et Molybd\u00e8ne, 600mg - 250 vcaps . Winkel bij Eco Supplements altijd gratis verzending boven 100\u20ac\" \/>\n<meta name=\"robots\" content=\"index, follow, max-snippet:-1, max-image-preview:large, max-video-preview:-1\" \/>\n<link rel=\"canonical\" href=\"https:\/\/ecosupplements.be\/fr\/produit\/nac-avec-selenium-et-molybdene-600mg-250-vcaps\/\" \/>\n<meta property=\"og:locale\" content=\"fr_FR\" \/>\n<meta property=\"og:type\" content=\"article\" \/>\n<meta property=\"og:title\" content=\"NAC avec S\u00e9l\u00e9nium et Molybd\u00e8ne, 600mg - 250 vcaps\" \/>\n<meta property=\"og:description\" content=\"Wij hebben een ruime keuze aan producten van NAC avec S\u00e9l\u00e9nium et Molybd\u00e8ne, 600mg - 250 vcaps . Winkel bij Eco Supplements altijd gratis verzending boven 100\u20ac\" \/>\n<meta property=\"og:url\" content=\"https:\/\/ecosupplements.be\/fr\/produit\/nac-avec-selenium-et-molybdene-600mg-250-vcaps\/\" \/>\n<meta property=\"og:site_name\" content=\"ECO Supplements\" \/>\n<meta property=\"article:modified_time\" content=\"2025-08-27T10:55:31+00:00\" \/>\n<meta property=\"og:image\" content=\"https:\/\/ecosupplements.be\/wp-content\/uploads\/2025\/08\/NAC-met-Selenium-Molybdeen-600mg-250-vcaps.jpg\" \/>\n\t<meta property=\"og:image:width\" content=\"500\" \/>\n\t<meta property=\"og:image:height\" content=\"500\" \/>\n\t<meta property=\"og:image:type\" content=\"image\/jpeg\" \/>\n<meta name=\"twitter:card\" content=\"summary_large_image\" \/>\n<meta name=\"twitter:label1\" content=\"Prix\" \/>\n\t<meta name=\"twitter:data1\" content=\"42.82&nbsp;&euro;\" \/>\n\t<meta name=\"twitter:label2\" content=\"Disponibilit\u00e9\" \/>\n\t<meta name=\"twitter:data2\" content=\"En stock\" \/>\n<script type=\"application\/ld+json\" class=\"yoast-schema-graph\">{\"@context\":\"https:\\\/\\\/schema.org\",\"@graph\":[{\"@type\":[\"WebPage\",\"ItemPage\"],\"@id\":\"https:\\\/\\\/ecosupplements.be\\\/fr\\\/produit\\\/nac-avec-selenium-et-molybdene-600mg-250-vcaps\\\/\",\"url\":\"https:\\\/\\\/ecosupplements.be\\\/fr\\\/produit\\\/nac-avec-selenium-et-molybdene-600mg-250-vcaps\\\/\",\"name\":\"NAC avec S\u00e9l\u00e9nium et Molybd\u00e8ne, 600mg - 250 vcaps - ECO Supplements\",\"isPartOf\":{\"@id\":\"https:\\\/\\\/ecosupplements.be\\\/fr\\\/#website\"},\"primaryImageOfPage\":{\"@id\":\"https:\\\/\\\/ecosupplements.be\\\/fr\\\/produit\\\/nac-avec-selenium-et-molybdene-600mg-250-vcaps\\\/#primaryimage\"},\"image\":{\"@id\":\"https:\\\/\\\/ecosupplements.be\\\/fr\\\/produit\\\/nac-avec-selenium-et-molybdene-600mg-250-vcaps\\\/#primaryimage\"},\"thumbnailUrl\":\"https:\\\/\\\/ecosupplements.be\\\/wp-content\\\/uploads\\\/2025\\\/08\\\/NAC-met-Selenium-Molybdeen-600mg-250-vcaps.jpg\",\"datePublished\":\"2022-06-28T09:25:11+00:00\",\"dateModified\":\"2025-08-27T10:55:31+00:00\",\"description\":\"Wij hebben een ruime keuze aan producten van NAC avec S\u00e9l\u00e9nium et Molybd\u00e8ne, 600mg - 250 vcaps . Winkel bij Eco Supplements altijd gratis verzending boven 100\u20ac\",\"breadcrumb\":{\"@id\":\"https:\\\/\\\/ecosupplements.be\\\/fr\\\/produit\\\/nac-avec-selenium-et-molybdene-600mg-250-vcaps\\\/#breadcrumb\"},\"inLanguage\":\"fr-FR\",\"potentialAction\":[{\"@type\":\"ReadAction\",\"target\":[\"https:\\\/\\\/ecosupplements.be\\\/fr\\\/produit\\\/nac-avec-selenium-et-molybdene-600mg-250-vcaps\\\/\"]}]},{\"@type\":\"ImageObject\",\"inLanguage\":\"fr-FR\",\"@id\":\"https:\\\/\\\/ecosupplements.be\\\/fr\\\/produit\\\/nac-avec-selenium-et-molybdene-600mg-250-vcaps\\\/#primaryimage\",\"url\":\"https:\\\/\\\/ecosupplements.be\\\/wp-content\\\/uploads\\\/2025\\\/08\\\/NAC-met-Selenium-Molybdeen-600mg-250-vcaps.jpg\",\"contentUrl\":\"https:\\\/\\\/ecosupplements.be\\\/wp-content\\\/uploads\\\/2025\\\/08\\\/NAC-met-Selenium-Molybdeen-600mg-250-vcaps.jpg\",\"width\":500,\"height\":500},{\"@type\":\"BreadcrumbList\",\"@id\":\"https:\\\/\\\/ecosupplements.be\\\/fr\\\/produit\\\/nac-avec-selenium-et-molybdene-600mg-250-vcaps\\\/#breadcrumb\",\"itemListElement\":[{\"@type\":\"ListItem\",\"position\":1,\"name\":\"Home\",\"item\":\"https:\\\/\\\/ecosupplements.be\\\/fr\\\/\"},{\"@type\":\"ListItem\",\"position\":2,\"name\":\"Boutique\",\"item\":\"https:\\\/\\\/ecosupplements.be\\\/fr\\\/boutique\\\/\"},{\"@type\":\"ListItem\",\"position\":3,\"name\":\"NAC avec S\u00e9l\u00e9nium et Molybd\u00e8ne, 600mg &#8211; 250 vcaps\"}]},{\"@type\":\"WebSite\",\"@id\":\"https:\\\/\\\/ecosupplements.be\\\/fr\\\/#website\",\"url\":\"https:\\\/\\\/ecosupplements.be\\\/fr\\\/\",\"name\":\"ECO Supplements\",\"description\":\"Eco Supplements - Gezonde supplementen\",\"publisher\":{\"@id\":\"https:\\\/\\\/ecosupplements.be\\\/fr\\\/#organization\"},\"potentialAction\":[{\"@type\":\"SearchAction\",\"target\":{\"@type\":\"EntryPoint\",\"urlTemplate\":\"https:\\\/\\\/ecosupplements.be\\\/fr\\\/?s={search_term_string}\"},\"query-input\":{\"@type\":\"PropertyValueSpecification\",\"valueRequired\":true,\"valueName\":\"search_term_string\"}}],\"inLanguage\":\"fr-FR\"},{\"@type\":\"Organization\",\"@id\":\"https:\\\/\\\/ecosupplements.be\\\/fr\\\/#organization\",\"name\":\"Eco Supplements\",\"url\":\"https:\\\/\\\/ecosupplements.be\\\/fr\\\/\",\"logo\":{\"@type\":\"ImageObject\",\"inLanguage\":\"fr-FR\",\"@id\":\"https:\\\/\\\/ecosupplements.be\\\/fr\\\/#\\\/schema\\\/logo\\\/image\\\/\",\"url\":\"https:\\\/\\\/ecosupplements.be\\\/wp-content\\\/uploads\\\/2022\\\/06\\\/ecosupplement-family.png\",\"contentUrl\":\"https:\\\/\\\/ecosupplements.be\\\/wp-content\\\/uploads\\\/2022\\\/06\\\/ecosupplement-family.png\",\"width\":593,\"height\":374,\"caption\":\"Eco Supplements\"},\"image\":{\"@id\":\"https:\\\/\\\/ecosupplements.be\\\/fr\\\/#\\\/schema\\\/logo\\\/image\\\/\"}}]}<\/script>\n<meta property=\"product:brand\" content=\"NOW Foods\" \/>\n<meta property=\"product:price:amount\" content=\"42.82\" \/>\n<meta property=\"product:price:currency\" content=\"EUR\" \/>\n<meta property=\"og:availability\" content=\"instock\" \/>\n<meta property=\"product:availability\" content=\"instock\" \/>\n<meta property=\"product:retailer_item_id\" content=\"733739000866\" \/>\n<meta property=\"product:condition\" content=\"new\" \/>\n<!-- \/ Yoast SEO Premium plugin. -->","yoast_head_json":{"title":"NAC avec S\u00e9l\u00e9nium et Molybd\u00e8ne, 600mg - 250 vcaps - ECO Supplements","description":"Wij hebben een ruime keuze aan producten van NAC avec S\u00e9l\u00e9nium et Molybd\u00e8ne, 600mg - 250 vcaps . Winkel bij Eco Supplements altijd gratis verzending boven 100\u20ac","robots":{"index":"index","follow":"follow","max-snippet":"max-snippet:-1","max-image-preview":"max-image-preview:large","max-video-preview":"max-video-preview:-1"},"canonical":"https:\/\/ecosupplements.be\/fr\/produit\/nac-avec-selenium-et-molybdene-600mg-250-vcaps\/","og_locale":"fr_FR","og_type":"article","og_title":"NAC avec S\u00e9l\u00e9nium et Molybd\u00e8ne, 600mg - 250 vcaps","og_description":"Wij hebben een ruime keuze aan producten van NAC avec S\u00e9l\u00e9nium et Molybd\u00e8ne, 600mg - 250 vcaps . Winkel bij Eco Supplements altijd gratis verzending boven 100\u20ac","og_url":"https:\/\/ecosupplements.be\/fr\/produit\/nac-avec-selenium-et-molybdene-600mg-250-vcaps\/","og_site_name":"ECO Supplements","article_modified_time":"2025-08-27T10:55:31+00:00","og_image":[{"width":500,"height":500,"url":"https:\/\/ecosupplements.be\/wp-content\/uploads\/2025\/08\/NAC-met-Selenium-Molybdeen-600mg-250-vcaps.jpg","type":"image\/jpeg"}],"twitter_card":"summary_large_image","twitter_misc":{"Prix":"42.82&nbsp;&euro;","Disponibilit\u00e9":"En stock"},"schema":{"@context":"https:\/\/schema.org","@graph":[{"@type":["WebPage","ItemPage"],"@id":"https:\/\/ecosupplements.be\/fr\/produit\/nac-avec-selenium-et-molybdene-600mg-250-vcaps\/","url":"https:\/\/ecosupplements.be\/fr\/produit\/nac-avec-selenium-et-molybdene-600mg-250-vcaps\/","name":"NAC avec S\u00e9l\u00e9nium et Molybd\u00e8ne, 600mg - 250 vcaps - ECO Supplements","isPartOf":{"@id":"https:\/\/ecosupplements.be\/fr\/#website"},"primaryImageOfPage":{"@id":"https:\/\/ecosupplements.be\/fr\/produit\/nac-avec-selenium-et-molybdene-600mg-250-vcaps\/#primaryimage"},"image":{"@id":"https:\/\/ecosupplements.be\/fr\/produit\/nac-avec-selenium-et-molybdene-600mg-250-vcaps\/#primaryimage"},"thumbnailUrl":"https:\/\/ecosupplements.be\/wp-content\/uploads\/2025\/08\/NAC-met-Selenium-Molybdeen-600mg-250-vcaps.jpg","datePublished":"2022-06-28T09:25:11+00:00","dateModified":"2025-08-27T10:55:31+00:00","description":"Wij hebben een ruime keuze aan producten van NAC avec S\u00e9l\u00e9nium et Molybd\u00e8ne, 600mg - 250 vcaps . Winkel bij Eco Supplements altijd gratis verzending boven 100\u20ac","breadcrumb":{"@id":"https:\/\/ecosupplements.be\/fr\/produit\/nac-avec-selenium-et-molybdene-600mg-250-vcaps\/#breadcrumb"},"inLanguage":"fr-FR","potentialAction":[{"@type":"ReadAction","target":["https:\/\/ecosupplements.be\/fr\/produit\/nac-avec-selenium-et-molybdene-600mg-250-vcaps\/"]}]},{"@type":"ImageObject","inLanguage":"fr-FR","@id":"https:\/\/ecosupplements.be\/fr\/produit\/nac-avec-selenium-et-molybdene-600mg-250-vcaps\/#primaryimage","url":"https:\/\/ecosupplements.be\/wp-content\/uploads\/2025\/08\/NAC-met-Selenium-Molybdeen-600mg-250-vcaps.jpg","contentUrl":"https:\/\/ecosupplements.be\/wp-content\/uploads\/2025\/08\/NAC-met-Selenium-Molybdeen-600mg-250-vcaps.jpg","width":500,"height":500},{"@type":"BreadcrumbList","@id":"https:\/\/ecosupplements.be\/fr\/produit\/nac-avec-selenium-et-molybdene-600mg-250-vcaps\/#breadcrumb","itemListElement":[{"@type":"ListItem","position":1,"name":"Home","item":"https:\/\/ecosupplements.be\/fr\/"},{"@type":"ListItem","position":2,"name":"Boutique","item":"https:\/\/ecosupplements.be\/fr\/boutique\/"},{"@type":"ListItem","position":3,"name":"NAC avec S\u00e9l\u00e9nium et Molybd\u00e8ne, 600mg &#8211; 250 vcaps"}]},{"@type":"WebSite","@id":"https:\/\/ecosupplements.be\/fr\/#website","url":"https:\/\/ecosupplements.be\/fr\/","name":"ECO Supplements","description":"Eco Supplements - Gezonde supplementen","publisher":{"@id":"https:\/\/ecosupplements.be\/fr\/#organization"},"potentialAction":[{"@type":"SearchAction","target":{"@type":"EntryPoint","urlTemplate":"https:\/\/ecosupplements.be\/fr\/?s={search_term_string}"},"query-input":{"@type":"PropertyValueSpecification","valueRequired":true,"valueName":"search_term_string"}}],"inLanguage":"fr-FR"},{"@type":"Organization","@id":"https:\/\/ecosupplements.be\/fr\/#organization","name":"Eco Supplements","url":"https:\/\/ecosupplements.be\/fr\/","logo":{"@type":"ImageObject","inLanguage":"fr-FR","@id":"https:\/\/ecosupplements.be\/fr\/#\/schema\/logo\/image\/","url":"https:\/\/ecosupplements.be\/wp-content\/uploads\/2022\/06\/ecosupplement-family.png","contentUrl":"https:\/\/ecosupplements.be\/wp-content\/uploads\/2022\/06\/ecosupplement-family.png","width":593,"height":374,"caption":"Eco Supplements"},"image":{"@id":"https:\/\/ecosupplements.be\/fr\/#\/schema\/logo\/image\/"}}]},"product_brand":"NOW Foods","product_price_amount":"42.82","product_price_currency":"EUR","og_availability":"instock","product_availability":"instock","product_retailer_item_id":"733739000866","product_condition":"new"},"_links":{"self":[{"href":"https:\/\/ecosupplements.be\/fr\/wp-json\/wp\/v2\/product\/281934","targetHints":{"allow":["GET"]}}],"collection":[{"href":"https:\/\/ecosupplements.be\/fr\/wp-json\/wp\/v2\/product"}],"about":[{"href":"https:\/\/ecosupplements.be\/fr\/wp-json\/wp\/v2\/types\/product"}],"replies":[{"embeddable":true,"href":"https:\/\/ecosupplements.be\/fr\/wp-json\/wp\/v2\/comments?post=281934"}],"wp:featuredmedia":[{"embeddable":true,"href":"https:\/\/ecosupplements.be\/fr\/wp-json\/wp\/v2\/media\/251753"}],"wp:attachment":[{"href":"https:\/\/ecosupplements.be\/fr\/wp-json\/wp\/v2\/media?parent=281934"}],"wp:term":[{"taxonomy":"product_brand","embeddable":true,"href":"https:\/\/ecosupplements.be\/fr\/wp-json\/wp\/v2\/product_brand?post=281934"},{"taxonomy":"product_cat","embeddable":true,"href":"https:\/\/ecosupplements.be\/fr\/wp-json\/wp\/v2\/product_cat?post=281934"},{"taxonomy":"product_tag","embeddable":true,"href":"https:\/\/ecosupplements.be\/fr\/wp-json\/wp\/v2\/product_tag?post=281934"}],"curies":[{"name":"wp","href":"https:\/\/api.w.org\/{rel}","templated":true}]}}