{"id":282008,"date":"2022-06-28T10:25:43","date_gmt":"2022-06-28T09:25:43","guid":{"rendered":"https:\/\/ecosupplements.be\/product\/complexe-de-proteines-vegetales-vanille-cremeuse-907g\/"},"modified":"2025-08-27T12:00:26","modified_gmt":"2025-08-27T11:00:26","slug":"complexe-de-proteines-vegetales-vanille-cremeuse-907g","status":"publish","type":"product","link":"https:\/\/ecosupplements.be\/fr\/produit\/complexe-de-proteines-vegetales-vanille-cremeuse-907g\/","title":{"rendered":"Complexe de prot\u00e9ines v\u00e9g\u00e9tales, Vanille cr\u00e9meuse &#8211; 907g"},"content":{"rendered":"<h1 style=\"text-align: center\">NOW Foods &#8211; Complexe de prot\u00e9ines v\u00e9g\u00e9tales<\/h1>\n<p>Si vous \u00eates un v\u00e9g\u00e9tarien ou un v\u00e9g\u00e9talien actif, vous savez combien il peut \u00eatre difficile de trouver une poudre de prot\u00e9ines v\u00e9g\u00e9tariennes de qualit\u00e9 sup\u00e9rieure. NOW Sports Plant Protein Complex est sp\u00e9cifiquement formul\u00e9 pour r\u00e9pondre \u00e0 vos besoins avec un m\u00e9lange de prot\u00e9ines v\u00e9g\u00e9taliennes non OGM provenant de sources de pois, de riz brun, de chanvre et de quinoa. Chaque portion d&#8217;une mesure fournit 22 grammes de prot\u00e9ines, et contient g\u00e9n\u00e9ralement environ 3 900 mg d&#8217;acides amin\u00e9s \u00e0 cha\u00eene ramifi\u00e9e et 1 800 mg de L-Arginine. Naturellement sucr\u00e9 avec du Xylitol et de l&#8217;extrait de Stevia BetterStevia, NOW Sports Plant Protein Complex est le produit prot\u00e9in\u00e9 id\u00e9al pour votre style de vie v\u00e9g\u00e9tarien actif.<\/p>\n<p><img decoding=\"async\" src=\"https:\/\/ecosupplements.be\/wp-content\/uploads\/2025\/08\/gluten-free-1.png\" title=\"Sans gluten\" alt=\"Gluten free\"><img decoding=\"async\" src=\"https:\/\/ecosupplements.be\/wp-content\/uploads\/2025\/08\/non-gmo-1.png\" title=\"Non-OGM\" alt=\"Non-GMO\"><img decoding=\"async\" src=\"https:\/\/ecosupplements.be\/wp-content\/uploads\/2025\/08\/sugar-free-1.png\" title=\"Sans sucre\" alt=\"Sugar free\"><img decoding=\"async\" src=\"https:\/\/ecosupplements.be\/wp-content\/uploads\/2025\/08\/vegan-1.png\" title=\"Vegan\" alt=\"Vegan\"><img decoding=\"async\" src=\"https:\/\/ecosupplements.be\/wp-content\/uploads\/2025\/08\/vegetarian-1.png\" title=\"V\u00e9g\u00e9tarien\" alt=\"Vegetarian\"><\/p>\n","protected":false},"excerpt":{"rendered":"<p>NOW Foods &#8211; Complexe de prot\u00e9ines v\u00e9g\u00e9tales Si vous \u00eates un v\u00e9g\u00e9tarien ou un v\u00e9g\u00e9talien actif, vous savez combien il peut \u00eatre difficile de trouver une poudre de prot\u00e9ines v\u00e9g\u00e9tariennes de qualit\u00e9 sup\u00e9rieure. NOW Sports Plant Protein Complex est sp\u00e9cifiquement formul\u00e9 pour r\u00e9pondre \u00e0 vos besoins avec un m\u00e9lange de prot\u00e9ines v\u00e9g\u00e9taliennes non OGM provenant [&#8230;]\n","protected":false},"featured_media":252143,"comment_status":"open","ping_status":"open","template":"","meta":[],"product_brand":[4733],"product_cat":[5048,5054,5055,5056,5057,5052,5053],"product_tag":[5069],"class_list":{"0":"post-282008","1":"product","2":"type-product","3":"status-publish","4":"has-post-thumbnail","6":"product_brand-now-foods-2","7":"product_cat-aptitude","8":"product_cat-nourriture-saine","9":"product_cat-produits-vegetaliens","10":"product_cat-proteine","11":"product_cat-proteines","12":"product_cat-sante-et-bien-etre","13":"product_cat-vitamines-et-mineraux","14":"product_tag-topeco-2","16":"first","17":"instock","18":"taxable","19":"shipping-taxable","20":"purchasable","21":"product-type-simple"},"yoast_head":"<!-- This site is optimized with the Yoast SEO Premium plugin v27.3 (Yoast SEO v27.3) - https:\/\/yoast.com\/product\/yoast-seo-premium-wordpress\/ -->\n<title>Complexe de prot\u00e9ines v\u00e9g\u00e9tales, Vanille cr\u00e9meuse - 907g - ECO Supplements<\/title>\n<meta name=\"description\" content=\"Wij hebben een ruime keuze aan producten van Complexe de prot\u00e9ines v\u00e9g\u00e9tales, Vanille cr\u00e9meuse - 907g . Winkel bij Eco Supplements altijd gratis verzending boven 100\u20ac\" \/>\n<meta name=\"robots\" content=\"index, follow, max-snippet:-1, max-image-preview:large, max-video-preview:-1\" \/>\n<link rel=\"canonical\" href=\"https:\/\/ecosupplements.be\/fr\/produit\/complexe-de-proteines-vegetales-vanille-cremeuse-907g\/\" \/>\n<meta property=\"og:locale\" content=\"fr_FR\" \/>\n<meta property=\"og:type\" content=\"article\" \/>\n<meta property=\"og:title\" content=\"Complexe de prot\u00e9ines v\u00e9g\u00e9tales, Vanille cr\u00e9meuse - 907g\" \/>\n<meta property=\"og:description\" content=\"Wij hebben een ruime keuze aan producten van Complexe de prot\u00e9ines v\u00e9g\u00e9tales, Vanille cr\u00e9meuse - 907g . Winkel bij Eco Supplements altijd gratis verzending boven 100\u20ac\" \/>\n<meta property=\"og:url\" content=\"https:\/\/ecosupplements.be\/fr\/produit\/complexe-de-proteines-vegetales-vanille-cremeuse-907g\/\" \/>\n<meta property=\"og:site_name\" content=\"ECO Supplements\" \/>\n<meta property=\"article:modified_time\" content=\"2025-08-27T11:00:26+00:00\" \/>\n<meta property=\"og:image\" content=\"https:\/\/ecosupplements.be\/wp-content\/uploads\/2025\/08\/NOW-Foods-Plant-Protein-Complex-Creamy-Vanilla-907g-1.jpg\" \/>\n\t<meta property=\"og:image:width\" content=\"750\" \/>\n\t<meta property=\"og:image:height\" content=\"750\" \/>\n\t<meta property=\"og:image:type\" content=\"image\/jpeg\" \/>\n<meta name=\"twitter:card\" content=\"summary_large_image\" \/>\n<meta name=\"twitter:label1\" content=\"Prix\" \/>\n\t<meta name=\"twitter:data1\" content=\"55.58&nbsp;&euro;\" \/>\n\t<meta name=\"twitter:label2\" content=\"Disponibilit\u00e9\" \/>\n\t<meta name=\"twitter:data2\" content=\"En stock\" \/>\n<script type=\"application\/ld+json\" class=\"yoast-schema-graph\">{\"@context\":\"https:\\\/\\\/schema.org\",\"@graph\":[{\"@type\":[\"WebPage\",\"ItemPage\"],\"@id\":\"https:\\\/\\\/ecosupplements.be\\\/fr\\\/produit\\\/complexe-de-proteines-vegetales-vanille-cremeuse-907g\\\/\",\"url\":\"https:\\\/\\\/ecosupplements.be\\\/fr\\\/produit\\\/complexe-de-proteines-vegetales-vanille-cremeuse-907g\\\/\",\"name\":\"Complexe de prot\u00e9ines v\u00e9g\u00e9tales, Vanille cr\u00e9meuse - 907g - ECO Supplements\",\"isPartOf\":{\"@id\":\"https:\\\/\\\/ecosupplements.be\\\/fr\\\/#website\"},\"primaryImageOfPage\":{\"@id\":\"https:\\\/\\\/ecosupplements.be\\\/fr\\\/produit\\\/complexe-de-proteines-vegetales-vanille-cremeuse-907g\\\/#primaryimage\"},\"image\":{\"@id\":\"https:\\\/\\\/ecosupplements.be\\\/fr\\\/produit\\\/complexe-de-proteines-vegetales-vanille-cremeuse-907g\\\/#primaryimage\"},\"thumbnailUrl\":\"https:\\\/\\\/ecosupplements.be\\\/wp-content\\\/uploads\\\/2025\\\/08\\\/NOW-Foods-Plant-Protein-Complex-Creamy-Vanilla-907g-1.jpg\",\"datePublished\":\"2022-06-28T09:25:43+00:00\",\"dateModified\":\"2025-08-27T11:00:26+00:00\",\"description\":\"Wij hebben een ruime keuze aan producten van Complexe de prot\u00e9ines v\u00e9g\u00e9tales, Vanille cr\u00e9meuse - 907g . Winkel bij Eco Supplements altijd gratis verzending boven 100\u20ac\",\"breadcrumb\":{\"@id\":\"https:\\\/\\\/ecosupplements.be\\\/fr\\\/produit\\\/complexe-de-proteines-vegetales-vanille-cremeuse-907g\\\/#breadcrumb\"},\"inLanguage\":\"fr-FR\",\"potentialAction\":[{\"@type\":\"ReadAction\",\"target\":[\"https:\\\/\\\/ecosupplements.be\\\/fr\\\/produit\\\/complexe-de-proteines-vegetales-vanille-cremeuse-907g\\\/\"]}]},{\"@type\":\"ImageObject\",\"inLanguage\":\"fr-FR\",\"@id\":\"https:\\\/\\\/ecosupplements.be\\\/fr\\\/produit\\\/complexe-de-proteines-vegetales-vanille-cremeuse-907g\\\/#primaryimage\",\"url\":\"https:\\\/\\\/ecosupplements.be\\\/wp-content\\\/uploads\\\/2025\\\/08\\\/NOW-Foods-Plant-Protein-Complex-Creamy-Vanilla-907g-1.jpg\",\"contentUrl\":\"https:\\\/\\\/ecosupplements.be\\\/wp-content\\\/uploads\\\/2025\\\/08\\\/NOW-Foods-Plant-Protein-Complex-Creamy-Vanilla-907g-1.jpg\",\"width\":750,\"height\":750},{\"@type\":\"BreadcrumbList\",\"@id\":\"https:\\\/\\\/ecosupplements.be\\\/fr\\\/produit\\\/complexe-de-proteines-vegetales-vanille-cremeuse-907g\\\/#breadcrumb\",\"itemListElement\":[{\"@type\":\"ListItem\",\"position\":1,\"name\":\"Home\",\"item\":\"https:\\\/\\\/ecosupplements.be\\\/fr\\\/\"},{\"@type\":\"ListItem\",\"position\":2,\"name\":\"Boutique\",\"item\":\"https:\\\/\\\/ecosupplements.be\\\/fr\\\/boutique\\\/\"},{\"@type\":\"ListItem\",\"position\":3,\"name\":\"Complexe de prot\u00e9ines v\u00e9g\u00e9tales, Vanille cr\u00e9meuse &#8211; 907g\"}]},{\"@type\":\"WebSite\",\"@id\":\"https:\\\/\\\/ecosupplements.be\\\/fr\\\/#website\",\"url\":\"https:\\\/\\\/ecosupplements.be\\\/fr\\\/\",\"name\":\"ECO Supplements\",\"description\":\"Eco Supplements - Gezonde supplementen\",\"publisher\":{\"@id\":\"https:\\\/\\\/ecosupplements.be\\\/fr\\\/#organization\"},\"potentialAction\":[{\"@type\":\"SearchAction\",\"target\":{\"@type\":\"EntryPoint\",\"urlTemplate\":\"https:\\\/\\\/ecosupplements.be\\\/fr\\\/?s={search_term_string}\"},\"query-input\":{\"@type\":\"PropertyValueSpecification\",\"valueRequired\":true,\"valueName\":\"search_term_string\"}}],\"inLanguage\":\"fr-FR\"},{\"@type\":\"Organization\",\"@id\":\"https:\\\/\\\/ecosupplements.be\\\/fr\\\/#organization\",\"name\":\"Eco Supplements\",\"url\":\"https:\\\/\\\/ecosupplements.be\\\/fr\\\/\",\"logo\":{\"@type\":\"ImageObject\",\"inLanguage\":\"fr-FR\",\"@id\":\"https:\\\/\\\/ecosupplements.be\\\/fr\\\/#\\\/schema\\\/logo\\\/image\\\/\",\"url\":\"https:\\\/\\\/ecosupplements.be\\\/wp-content\\\/uploads\\\/2022\\\/06\\\/ecosupplement-family.png\",\"contentUrl\":\"https:\\\/\\\/ecosupplements.be\\\/wp-content\\\/uploads\\\/2022\\\/06\\\/ecosupplement-family.png\",\"width\":593,\"height\":374,\"caption\":\"Eco Supplements\"},\"image\":{\"@id\":\"https:\\\/\\\/ecosupplements.be\\\/fr\\\/#\\\/schema\\\/logo\\\/image\\\/\"}}]}<\/script>\n<meta property=\"product:brand\" content=\"NOW Foods\" \/>\n<meta property=\"product:price:amount\" content=\"55.58\" \/>\n<meta property=\"product:price:currency\" content=\"EUR\" \/>\n<meta property=\"og:availability\" content=\"instock\" \/>\n<meta property=\"product:availability\" content=\"instock\" \/>\n<meta property=\"product:retailer_item_id\" content=\"733739021298\" \/>\n<meta property=\"product:condition\" content=\"new\" \/>\n<!-- \/ Yoast SEO Premium plugin. -->","yoast_head_json":{"title":"Complexe de prot\u00e9ines v\u00e9g\u00e9tales, Vanille cr\u00e9meuse - 907g - ECO Supplements","description":"Wij hebben een ruime keuze aan producten van Complexe de prot\u00e9ines v\u00e9g\u00e9tales, Vanille cr\u00e9meuse - 907g . Winkel bij Eco Supplements altijd gratis verzending boven 100\u20ac","robots":{"index":"index","follow":"follow","max-snippet":"max-snippet:-1","max-image-preview":"max-image-preview:large","max-video-preview":"max-video-preview:-1"},"canonical":"https:\/\/ecosupplements.be\/fr\/produit\/complexe-de-proteines-vegetales-vanille-cremeuse-907g\/","og_locale":"fr_FR","og_type":"article","og_title":"Complexe de prot\u00e9ines v\u00e9g\u00e9tales, Vanille cr\u00e9meuse - 907g","og_description":"Wij hebben een ruime keuze aan producten van Complexe de prot\u00e9ines v\u00e9g\u00e9tales, Vanille cr\u00e9meuse - 907g . Winkel bij Eco Supplements altijd gratis verzending boven 100\u20ac","og_url":"https:\/\/ecosupplements.be\/fr\/produit\/complexe-de-proteines-vegetales-vanille-cremeuse-907g\/","og_site_name":"ECO Supplements","article_modified_time":"2025-08-27T11:00:26+00:00","og_image":[{"width":750,"height":750,"url":"https:\/\/ecosupplements.be\/wp-content\/uploads\/2025\/08\/NOW-Foods-Plant-Protein-Complex-Creamy-Vanilla-907g-1.jpg","type":"image\/jpeg"}],"twitter_card":"summary_large_image","twitter_misc":{"Prix":"55.58&nbsp;&euro;","Disponibilit\u00e9":"En stock"},"schema":{"@context":"https:\/\/schema.org","@graph":[{"@type":["WebPage","ItemPage"],"@id":"https:\/\/ecosupplements.be\/fr\/produit\/complexe-de-proteines-vegetales-vanille-cremeuse-907g\/","url":"https:\/\/ecosupplements.be\/fr\/produit\/complexe-de-proteines-vegetales-vanille-cremeuse-907g\/","name":"Complexe de prot\u00e9ines v\u00e9g\u00e9tales, Vanille cr\u00e9meuse - 907g - ECO Supplements","isPartOf":{"@id":"https:\/\/ecosupplements.be\/fr\/#website"},"primaryImageOfPage":{"@id":"https:\/\/ecosupplements.be\/fr\/produit\/complexe-de-proteines-vegetales-vanille-cremeuse-907g\/#primaryimage"},"image":{"@id":"https:\/\/ecosupplements.be\/fr\/produit\/complexe-de-proteines-vegetales-vanille-cremeuse-907g\/#primaryimage"},"thumbnailUrl":"https:\/\/ecosupplements.be\/wp-content\/uploads\/2025\/08\/NOW-Foods-Plant-Protein-Complex-Creamy-Vanilla-907g-1.jpg","datePublished":"2022-06-28T09:25:43+00:00","dateModified":"2025-08-27T11:00:26+00:00","description":"Wij hebben een ruime keuze aan producten van Complexe de prot\u00e9ines v\u00e9g\u00e9tales, Vanille cr\u00e9meuse - 907g . Winkel bij Eco Supplements altijd gratis verzending boven 100\u20ac","breadcrumb":{"@id":"https:\/\/ecosupplements.be\/fr\/produit\/complexe-de-proteines-vegetales-vanille-cremeuse-907g\/#breadcrumb"},"inLanguage":"fr-FR","potentialAction":[{"@type":"ReadAction","target":["https:\/\/ecosupplements.be\/fr\/produit\/complexe-de-proteines-vegetales-vanille-cremeuse-907g\/"]}]},{"@type":"ImageObject","inLanguage":"fr-FR","@id":"https:\/\/ecosupplements.be\/fr\/produit\/complexe-de-proteines-vegetales-vanille-cremeuse-907g\/#primaryimage","url":"https:\/\/ecosupplements.be\/wp-content\/uploads\/2025\/08\/NOW-Foods-Plant-Protein-Complex-Creamy-Vanilla-907g-1.jpg","contentUrl":"https:\/\/ecosupplements.be\/wp-content\/uploads\/2025\/08\/NOW-Foods-Plant-Protein-Complex-Creamy-Vanilla-907g-1.jpg","width":750,"height":750},{"@type":"BreadcrumbList","@id":"https:\/\/ecosupplements.be\/fr\/produit\/complexe-de-proteines-vegetales-vanille-cremeuse-907g\/#breadcrumb","itemListElement":[{"@type":"ListItem","position":1,"name":"Home","item":"https:\/\/ecosupplements.be\/fr\/"},{"@type":"ListItem","position":2,"name":"Boutique","item":"https:\/\/ecosupplements.be\/fr\/boutique\/"},{"@type":"ListItem","position":3,"name":"Complexe de prot\u00e9ines v\u00e9g\u00e9tales, Vanille cr\u00e9meuse &#8211; 907g"}]},{"@type":"WebSite","@id":"https:\/\/ecosupplements.be\/fr\/#website","url":"https:\/\/ecosupplements.be\/fr\/","name":"ECO Supplements","description":"Eco Supplements - Gezonde supplementen","publisher":{"@id":"https:\/\/ecosupplements.be\/fr\/#organization"},"potentialAction":[{"@type":"SearchAction","target":{"@type":"EntryPoint","urlTemplate":"https:\/\/ecosupplements.be\/fr\/?s={search_term_string}"},"query-input":{"@type":"PropertyValueSpecification","valueRequired":true,"valueName":"search_term_string"}}],"inLanguage":"fr-FR"},{"@type":"Organization","@id":"https:\/\/ecosupplements.be\/fr\/#organization","name":"Eco Supplements","url":"https:\/\/ecosupplements.be\/fr\/","logo":{"@type":"ImageObject","inLanguage":"fr-FR","@id":"https:\/\/ecosupplements.be\/fr\/#\/schema\/logo\/image\/","url":"https:\/\/ecosupplements.be\/wp-content\/uploads\/2022\/06\/ecosupplement-family.png","contentUrl":"https:\/\/ecosupplements.be\/wp-content\/uploads\/2022\/06\/ecosupplement-family.png","width":593,"height":374,"caption":"Eco Supplements"},"image":{"@id":"https:\/\/ecosupplements.be\/fr\/#\/schema\/logo\/image\/"}}]},"product_brand":"NOW Foods","product_price_amount":"55.58","product_price_currency":"EUR","og_availability":"instock","product_availability":"instock","product_retailer_item_id":"733739021298","product_condition":"new"},"_links":{"self":[{"href":"https:\/\/ecosupplements.be\/fr\/wp-json\/wp\/v2\/product\/282008","targetHints":{"allow":["GET"]}}],"collection":[{"href":"https:\/\/ecosupplements.be\/fr\/wp-json\/wp\/v2\/product"}],"about":[{"href":"https:\/\/ecosupplements.be\/fr\/wp-json\/wp\/v2\/types\/product"}],"replies":[{"embeddable":true,"href":"https:\/\/ecosupplements.be\/fr\/wp-json\/wp\/v2\/comments?post=282008"}],"wp:featuredmedia":[{"embeddable":true,"href":"https:\/\/ecosupplements.be\/fr\/wp-json\/wp\/v2\/media\/252143"}],"wp:attachment":[{"href":"https:\/\/ecosupplements.be\/fr\/wp-json\/wp\/v2\/media?parent=282008"}],"wp:term":[{"taxonomy":"product_brand","embeddable":true,"href":"https:\/\/ecosupplements.be\/fr\/wp-json\/wp\/v2\/product_brand?post=282008"},{"taxonomy":"product_cat","embeddable":true,"href":"https:\/\/ecosupplements.be\/fr\/wp-json\/wp\/v2\/product_cat?post=282008"},{"taxonomy":"product_tag","embeddable":true,"href":"https:\/\/ecosupplements.be\/fr\/wp-json\/wp\/v2\/product_tag?post=282008"}],"curies":[{"name":"wp","href":"https:\/\/api.w.org\/{rel}","templated":true}]}}