{"id":282161,"date":"2022-06-28T10:26:55","date_gmt":"2022-06-28T09:26:55","guid":{"rendered":"https:\/\/ecosupplements.be\/product\/ultra-omega-3-dans-des-gelules-de-gelatine-de-poisson-180-gelules-de-poisson\/"},"modified":"2025-08-27T12:11:37","modified_gmt":"2025-08-27T11:11:37","slug":"ultra-omega-3-dans-des-gelules-de-gelatine-de-poisson-180-gelules-de-poisson","status":"publish","type":"product","link":"https:\/\/ecosupplements.be\/fr\/produit\/ultra-omega-3-dans-des-gelules-de-gelatine-de-poisson-180-gelules-de-poisson\/","title":{"rendered":"Ultra Om\u00e9ga-3 (dans des g\u00e9lules de g\u00e9latine de poisson) &#8211; 180 g\u00e9lules de poisson"},"content":{"rendered":"<h1 style=\"text-align: center;\">NOW Foods &#8211; Ultra Om\u00e9ga-3 (dans des g\u00e9lules de g\u00e9latine de poisson)<\/h1>\n<p>500 EPA \/ 250 DHA<br \/>\nEn g\u00e9latine de poisson Softgel<br \/>\n1 000 mg d&#8217;huile de poisson par softgel<br \/>\nDistill\u00e9 mol\u00e9culairement<br \/>\nSoutient la sant\u00e9 du cerveau<\/p>\n<p>Ce concentr\u00e9 d&#8217;huile de poisson est fabriqu\u00e9 selon des normes strictes de contr\u00f4le de la qualit\u00e9. Il est test\u00e9 pour \u00eatre exempt de niveaux potentiellement dangereux de contaminants tels que les PCB, les dioxines, le mercure et d&#8217;autres m\u00e9taux lourds. Ce produit utilise un softgel de g\u00e9latine de poisson offrant une alternative aux softgels de g\u00e9latine bovine et porcine.<\/p>\n<p>De la FDA : &#8220;Des recherches favorables mais non concluantes montrent que la consommation d&#8217;acides gras om\u00e9ga-3 EPA et DHA peut r\u00e9duire le risque de maladie coronarienne.&#8221;<\/p>\n<p><img decoding=\"async\" src=\"https:\/\/ecosupplements.be\/wp-content\/uploads\/2025\/08\/gluten-free-1.png\" title=\"Sans gluten\" alt=\"Gluten free\"><img decoding=\"async\" src=\"https:\/\/ecosupplements.be\/wp-content\/uploads\/2025\/08\/non-gmo-1.png\" title=\"Non-OGM\" alt=\"Non-GMO\"><\/p>\n","protected":false},"excerpt":{"rendered":"<p>NOW Foods &#8211; Ultra Om\u00e9ga-3 (dans des g\u00e9lules de g\u00e9latine de poisson) 500 EPA \/ 250 DHA En g\u00e9latine de poisson Softgel 1 000 mg d&#8217;huile de poisson par softgel Distill\u00e9 mol\u00e9culairement Soutient la sant\u00e9 du cerveau Ce concentr\u00e9 d&#8217;huile de poisson est fabriqu\u00e9 selon des normes strictes de contr\u00f4le de la qualit\u00e9. Il est [&#8230;]\n","protected":false},"featured_media":252908,"comment_status":"open","ping_status":"open","template":"","meta":[],"product_brand":[4733],"product_cat":[5102,5081,5082,5052,5053],"product_tag":[5071],"class_list":{"0":"post-282161","1":"product","2":"type-product","3":"status-publish","4":"has-post-thumbnail","6":"product_brand-now-foods-2","7":"product_cat-omega-et-huile-de-poisson","8":"product_cat-omegas-age-alc-huiles","9":"product_cat-omegas-efa-cla-huiles","10":"product_cat-sante-et-bien-etre","11":"product_cat-vitamines-et-mineraux","12":"product_tag-ecoplus-2","14":"first","15":"instock","16":"taxable","17":"shipping-taxable","18":"purchasable","19":"product-type-simple"},"yoast_head":"<!-- This site is optimized with the Yoast SEO Premium plugin v27.3 (Yoast SEO v27.3) - https:\/\/yoast.com\/product\/yoast-seo-premium-wordpress\/ -->\n<title>Ultra Om\u00e9ga-3 (dans des g\u00e9lules de g\u00e9latine de poisson) - 180 g\u00e9lules de poisson - ECO Supplements<\/title>\n<meta name=\"description\" content=\"Wij hebben een ruime keuze aan producten van Ultra Om\u00e9ga-3 (dans des g\u00e9lules de g\u00e9latine de poisson) - 180 g\u00e9lules de poisson . Winkel bij Eco Supplements altijd gratis verzending boven 100\u20ac\" \/>\n<meta name=\"robots\" content=\"index, follow, max-snippet:-1, max-image-preview:large, max-video-preview:-1\" \/>\n<link rel=\"canonical\" href=\"https:\/\/ecosupplements.be\/fr\/produit\/ultra-omega-3-dans-des-gelules-de-gelatine-de-poisson-180-gelules-de-poisson\/\" \/>\n<meta property=\"og:locale\" content=\"fr_FR\" \/>\n<meta property=\"og:type\" content=\"article\" \/>\n<meta property=\"og:title\" content=\"Ultra Om\u00e9ga-3 (dans des g\u00e9lules de g\u00e9latine de poisson) - 180 g\u00e9lules de poisson\" \/>\n<meta property=\"og:description\" content=\"Wij hebben een ruime keuze aan producten van Ultra Om\u00e9ga-3 (dans des g\u00e9lules de g\u00e9latine de poisson) - 180 g\u00e9lules de poisson . Winkel bij Eco Supplements altijd gratis verzending boven 100\u20ac\" \/>\n<meta property=\"og:url\" content=\"https:\/\/ecosupplements.be\/fr\/produit\/ultra-omega-3-dans-des-gelules-de-gelatine-de-poisson-180-gelules-de-poisson\/\" \/>\n<meta property=\"og:site_name\" content=\"ECO Supplements\" \/>\n<meta property=\"article:modified_time\" content=\"2025-08-27T11:11:37+00:00\" \/>\n<meta property=\"og:image\" content=\"https:\/\/ecosupplements.be\/wp-content\/uploads\/2025\/08\/NOW-Foods-Ultra-Omega-3-In-Fish-Gelatin-Softgels-180-fish-softgels-1.jpg\" \/>\n\t<meta property=\"og:image:width\" content=\"750\" \/>\n\t<meta property=\"og:image:height\" content=\"750\" \/>\n\t<meta property=\"og:image:type\" content=\"image\/jpeg\" \/>\n<meta name=\"twitter:card\" content=\"summary_large_image\" \/>\n<meta name=\"twitter:label1\" content=\"Prix\" \/>\n\t<meta name=\"twitter:data1\" content=\"49.79&nbsp;&euro;\" \/>\n\t<meta name=\"twitter:label2\" content=\"Disponibilit\u00e9\" \/>\n\t<meta name=\"twitter:data2\" content=\"En stock\" \/>\n<script type=\"application\/ld+json\" class=\"yoast-schema-graph\">{\"@context\":\"https:\\\/\\\/schema.org\",\"@graph\":[{\"@type\":[\"WebPage\",\"ItemPage\"],\"@id\":\"https:\\\/\\\/ecosupplements.be\\\/fr\\\/produit\\\/ultra-omega-3-dans-des-gelules-de-gelatine-de-poisson-180-gelules-de-poisson\\\/\",\"url\":\"https:\\\/\\\/ecosupplements.be\\\/fr\\\/produit\\\/ultra-omega-3-dans-des-gelules-de-gelatine-de-poisson-180-gelules-de-poisson\\\/\",\"name\":\"Ultra Om\u00e9ga-3 (dans des g\u00e9lules de g\u00e9latine de poisson) - 180 g\u00e9lules de poisson - ECO Supplements\",\"isPartOf\":{\"@id\":\"https:\\\/\\\/ecosupplements.be\\\/fr\\\/#website\"},\"primaryImageOfPage\":{\"@id\":\"https:\\\/\\\/ecosupplements.be\\\/fr\\\/produit\\\/ultra-omega-3-dans-des-gelules-de-gelatine-de-poisson-180-gelules-de-poisson\\\/#primaryimage\"},\"image\":{\"@id\":\"https:\\\/\\\/ecosupplements.be\\\/fr\\\/produit\\\/ultra-omega-3-dans-des-gelules-de-gelatine-de-poisson-180-gelules-de-poisson\\\/#primaryimage\"},\"thumbnailUrl\":\"https:\\\/\\\/ecosupplements.be\\\/wp-content\\\/uploads\\\/2025\\\/08\\\/NOW-Foods-Ultra-Omega-3-In-Fish-Gelatin-Softgels-180-fish-softgels-1.jpg\",\"datePublished\":\"2022-06-28T09:26:55+00:00\",\"dateModified\":\"2025-08-27T11:11:37+00:00\",\"description\":\"Wij hebben een ruime keuze aan producten van Ultra Om\u00e9ga-3 (dans des g\u00e9lules de g\u00e9latine de poisson) - 180 g\u00e9lules de poisson . Winkel bij Eco Supplements altijd gratis verzending boven 100\u20ac\",\"breadcrumb\":{\"@id\":\"https:\\\/\\\/ecosupplements.be\\\/fr\\\/produit\\\/ultra-omega-3-dans-des-gelules-de-gelatine-de-poisson-180-gelules-de-poisson\\\/#breadcrumb\"},\"inLanguage\":\"fr-FR\",\"potentialAction\":[{\"@type\":\"ReadAction\",\"target\":[\"https:\\\/\\\/ecosupplements.be\\\/fr\\\/produit\\\/ultra-omega-3-dans-des-gelules-de-gelatine-de-poisson-180-gelules-de-poisson\\\/\"]}]},{\"@type\":\"ImageObject\",\"inLanguage\":\"fr-FR\",\"@id\":\"https:\\\/\\\/ecosupplements.be\\\/fr\\\/produit\\\/ultra-omega-3-dans-des-gelules-de-gelatine-de-poisson-180-gelules-de-poisson\\\/#primaryimage\",\"url\":\"https:\\\/\\\/ecosupplements.be\\\/wp-content\\\/uploads\\\/2025\\\/08\\\/NOW-Foods-Ultra-Omega-3-In-Fish-Gelatin-Softgels-180-fish-softgels-1.jpg\",\"contentUrl\":\"https:\\\/\\\/ecosupplements.be\\\/wp-content\\\/uploads\\\/2025\\\/08\\\/NOW-Foods-Ultra-Omega-3-In-Fish-Gelatin-Softgels-180-fish-softgels-1.jpg\",\"width\":750,\"height\":750},{\"@type\":\"BreadcrumbList\",\"@id\":\"https:\\\/\\\/ecosupplements.be\\\/fr\\\/produit\\\/ultra-omega-3-dans-des-gelules-de-gelatine-de-poisson-180-gelules-de-poisson\\\/#breadcrumb\",\"itemListElement\":[{\"@type\":\"ListItem\",\"position\":1,\"name\":\"Home\",\"item\":\"https:\\\/\\\/ecosupplements.be\\\/fr\\\/\"},{\"@type\":\"ListItem\",\"position\":2,\"name\":\"Boutique\",\"item\":\"https:\\\/\\\/ecosupplements.be\\\/fr\\\/boutique\\\/\"},{\"@type\":\"ListItem\",\"position\":3,\"name\":\"Ultra Om\u00e9ga-3 (dans des g\u00e9lules de g\u00e9latine de poisson) &#8211; 180 g\u00e9lules de poisson\"}]},{\"@type\":\"WebSite\",\"@id\":\"https:\\\/\\\/ecosupplements.be\\\/fr\\\/#website\",\"url\":\"https:\\\/\\\/ecosupplements.be\\\/fr\\\/\",\"name\":\"ECO Supplements\",\"description\":\"Eco Supplements - Gezonde supplementen\",\"publisher\":{\"@id\":\"https:\\\/\\\/ecosupplements.be\\\/fr\\\/#organization\"},\"potentialAction\":[{\"@type\":\"SearchAction\",\"target\":{\"@type\":\"EntryPoint\",\"urlTemplate\":\"https:\\\/\\\/ecosupplements.be\\\/fr\\\/?s={search_term_string}\"},\"query-input\":{\"@type\":\"PropertyValueSpecification\",\"valueRequired\":true,\"valueName\":\"search_term_string\"}}],\"inLanguage\":\"fr-FR\"},{\"@type\":\"Organization\",\"@id\":\"https:\\\/\\\/ecosupplements.be\\\/fr\\\/#organization\",\"name\":\"Eco Supplements\",\"url\":\"https:\\\/\\\/ecosupplements.be\\\/fr\\\/\",\"logo\":{\"@type\":\"ImageObject\",\"inLanguage\":\"fr-FR\",\"@id\":\"https:\\\/\\\/ecosupplements.be\\\/fr\\\/#\\\/schema\\\/logo\\\/image\\\/\",\"url\":\"https:\\\/\\\/ecosupplements.be\\\/wp-content\\\/uploads\\\/2022\\\/06\\\/ecosupplement-family.png\",\"contentUrl\":\"https:\\\/\\\/ecosupplements.be\\\/wp-content\\\/uploads\\\/2022\\\/06\\\/ecosupplement-family.png\",\"width\":593,\"height\":374,\"caption\":\"Eco Supplements\"},\"image\":{\"@id\":\"https:\\\/\\\/ecosupplements.be\\\/fr\\\/#\\\/schema\\\/logo\\\/image\\\/\"}}]}<\/script>\n<meta property=\"product:brand\" content=\"NOW Foods\" \/>\n<meta property=\"product:price:amount\" content=\"49.79\" \/>\n<meta property=\"product:price:currency\" content=\"EUR\" \/>\n<meta property=\"og:availability\" content=\"instock\" \/>\n<meta property=\"product:availability\" content=\"instock\" \/>\n<meta property=\"product:retailer_item_id\" content=\"733739016652\" \/>\n<meta property=\"product:condition\" content=\"new\" \/>\n<!-- \/ Yoast SEO Premium plugin. -->","yoast_head_json":{"title":"Ultra Om\u00e9ga-3 (dans des g\u00e9lules de g\u00e9latine de poisson) - 180 g\u00e9lules de poisson - ECO Supplements","description":"Wij hebben een ruime keuze aan producten van Ultra Om\u00e9ga-3 (dans des g\u00e9lules de g\u00e9latine de poisson) - 180 g\u00e9lules de poisson . Winkel bij Eco Supplements altijd gratis verzending boven 100\u20ac","robots":{"index":"index","follow":"follow","max-snippet":"max-snippet:-1","max-image-preview":"max-image-preview:large","max-video-preview":"max-video-preview:-1"},"canonical":"https:\/\/ecosupplements.be\/fr\/produit\/ultra-omega-3-dans-des-gelules-de-gelatine-de-poisson-180-gelules-de-poisson\/","og_locale":"fr_FR","og_type":"article","og_title":"Ultra Om\u00e9ga-3 (dans des g\u00e9lules de g\u00e9latine de poisson) - 180 g\u00e9lules de poisson","og_description":"Wij hebben een ruime keuze aan producten van Ultra Om\u00e9ga-3 (dans des g\u00e9lules de g\u00e9latine de poisson) - 180 g\u00e9lules de poisson . Winkel bij Eco Supplements altijd gratis verzending boven 100\u20ac","og_url":"https:\/\/ecosupplements.be\/fr\/produit\/ultra-omega-3-dans-des-gelules-de-gelatine-de-poisson-180-gelules-de-poisson\/","og_site_name":"ECO Supplements","article_modified_time":"2025-08-27T11:11:37+00:00","og_image":[{"width":750,"height":750,"url":"https:\/\/ecosupplements.be\/wp-content\/uploads\/2025\/08\/NOW-Foods-Ultra-Omega-3-In-Fish-Gelatin-Softgels-180-fish-softgels-1.jpg","type":"image\/jpeg"}],"twitter_card":"summary_large_image","twitter_misc":{"Prix":"49.79&nbsp;&euro;","Disponibilit\u00e9":"En stock"},"schema":{"@context":"https:\/\/schema.org","@graph":[{"@type":["WebPage","ItemPage"],"@id":"https:\/\/ecosupplements.be\/fr\/produit\/ultra-omega-3-dans-des-gelules-de-gelatine-de-poisson-180-gelules-de-poisson\/","url":"https:\/\/ecosupplements.be\/fr\/produit\/ultra-omega-3-dans-des-gelules-de-gelatine-de-poisson-180-gelules-de-poisson\/","name":"Ultra Om\u00e9ga-3 (dans des g\u00e9lules de g\u00e9latine de poisson) - 180 g\u00e9lules de poisson - ECO Supplements","isPartOf":{"@id":"https:\/\/ecosupplements.be\/fr\/#website"},"primaryImageOfPage":{"@id":"https:\/\/ecosupplements.be\/fr\/produit\/ultra-omega-3-dans-des-gelules-de-gelatine-de-poisson-180-gelules-de-poisson\/#primaryimage"},"image":{"@id":"https:\/\/ecosupplements.be\/fr\/produit\/ultra-omega-3-dans-des-gelules-de-gelatine-de-poisson-180-gelules-de-poisson\/#primaryimage"},"thumbnailUrl":"https:\/\/ecosupplements.be\/wp-content\/uploads\/2025\/08\/NOW-Foods-Ultra-Omega-3-In-Fish-Gelatin-Softgels-180-fish-softgels-1.jpg","datePublished":"2022-06-28T09:26:55+00:00","dateModified":"2025-08-27T11:11:37+00:00","description":"Wij hebben een ruime keuze aan producten van Ultra Om\u00e9ga-3 (dans des g\u00e9lules de g\u00e9latine de poisson) - 180 g\u00e9lules de poisson . Winkel bij Eco Supplements altijd gratis verzending boven 100\u20ac","breadcrumb":{"@id":"https:\/\/ecosupplements.be\/fr\/produit\/ultra-omega-3-dans-des-gelules-de-gelatine-de-poisson-180-gelules-de-poisson\/#breadcrumb"},"inLanguage":"fr-FR","potentialAction":[{"@type":"ReadAction","target":["https:\/\/ecosupplements.be\/fr\/produit\/ultra-omega-3-dans-des-gelules-de-gelatine-de-poisson-180-gelules-de-poisson\/"]}]},{"@type":"ImageObject","inLanguage":"fr-FR","@id":"https:\/\/ecosupplements.be\/fr\/produit\/ultra-omega-3-dans-des-gelules-de-gelatine-de-poisson-180-gelules-de-poisson\/#primaryimage","url":"https:\/\/ecosupplements.be\/wp-content\/uploads\/2025\/08\/NOW-Foods-Ultra-Omega-3-In-Fish-Gelatin-Softgels-180-fish-softgels-1.jpg","contentUrl":"https:\/\/ecosupplements.be\/wp-content\/uploads\/2025\/08\/NOW-Foods-Ultra-Omega-3-In-Fish-Gelatin-Softgels-180-fish-softgels-1.jpg","width":750,"height":750},{"@type":"BreadcrumbList","@id":"https:\/\/ecosupplements.be\/fr\/produit\/ultra-omega-3-dans-des-gelules-de-gelatine-de-poisson-180-gelules-de-poisson\/#breadcrumb","itemListElement":[{"@type":"ListItem","position":1,"name":"Home","item":"https:\/\/ecosupplements.be\/fr\/"},{"@type":"ListItem","position":2,"name":"Boutique","item":"https:\/\/ecosupplements.be\/fr\/boutique\/"},{"@type":"ListItem","position":3,"name":"Ultra Om\u00e9ga-3 (dans des g\u00e9lules de g\u00e9latine de poisson) &#8211; 180 g\u00e9lules de poisson"}]},{"@type":"WebSite","@id":"https:\/\/ecosupplements.be\/fr\/#website","url":"https:\/\/ecosupplements.be\/fr\/","name":"ECO Supplements","description":"Eco Supplements - Gezonde supplementen","publisher":{"@id":"https:\/\/ecosupplements.be\/fr\/#organization"},"potentialAction":[{"@type":"SearchAction","target":{"@type":"EntryPoint","urlTemplate":"https:\/\/ecosupplements.be\/fr\/?s={search_term_string}"},"query-input":{"@type":"PropertyValueSpecification","valueRequired":true,"valueName":"search_term_string"}}],"inLanguage":"fr-FR"},{"@type":"Organization","@id":"https:\/\/ecosupplements.be\/fr\/#organization","name":"Eco Supplements","url":"https:\/\/ecosupplements.be\/fr\/","logo":{"@type":"ImageObject","inLanguage":"fr-FR","@id":"https:\/\/ecosupplements.be\/fr\/#\/schema\/logo\/image\/","url":"https:\/\/ecosupplements.be\/wp-content\/uploads\/2022\/06\/ecosupplement-family.png","contentUrl":"https:\/\/ecosupplements.be\/wp-content\/uploads\/2022\/06\/ecosupplement-family.png","width":593,"height":374,"caption":"Eco Supplements"},"image":{"@id":"https:\/\/ecosupplements.be\/fr\/#\/schema\/logo\/image\/"}}]},"product_brand":"NOW Foods","product_price_amount":"49.79","product_price_currency":"EUR","og_availability":"instock","product_availability":"instock","product_retailer_item_id":"733739016652","product_condition":"new"},"_links":{"self":[{"href":"https:\/\/ecosupplements.be\/fr\/wp-json\/wp\/v2\/product\/282161","targetHints":{"allow":["GET"]}}],"collection":[{"href":"https:\/\/ecosupplements.be\/fr\/wp-json\/wp\/v2\/product"}],"about":[{"href":"https:\/\/ecosupplements.be\/fr\/wp-json\/wp\/v2\/types\/product"}],"replies":[{"embeddable":true,"href":"https:\/\/ecosupplements.be\/fr\/wp-json\/wp\/v2\/comments?post=282161"}],"wp:featuredmedia":[{"embeddable":true,"href":"https:\/\/ecosupplements.be\/fr\/wp-json\/wp\/v2\/media\/252908"}],"wp:attachment":[{"href":"https:\/\/ecosupplements.be\/fr\/wp-json\/wp\/v2\/media?parent=282161"}],"wp:term":[{"taxonomy":"product_brand","embeddable":true,"href":"https:\/\/ecosupplements.be\/fr\/wp-json\/wp\/v2\/product_brand?post=282161"},{"taxonomy":"product_cat","embeddable":true,"href":"https:\/\/ecosupplements.be\/fr\/wp-json\/wp\/v2\/product_cat?post=282161"},{"taxonomy":"product_tag","embeddable":true,"href":"https:\/\/ecosupplements.be\/fr\/wp-json\/wp\/v2\/product_tag?post=282161"}],"curies":[{"name":"wp","href":"https:\/\/api.w.org\/{rel}","templated":true}]}}