{"id":282179,"date":"2022-06-28T10:27:03","date_gmt":"2022-06-28T09:27:03","guid":{"rendered":"https:\/\/ecosupplements.be\/product\/vitamine-b-12-avec-acide-folique-5000mcg-60-pastilles\/"},"modified":"2025-08-27T12:12:53","modified_gmt":"2025-08-27T11:12:53","slug":"vitamine-b-12-avec-acide-folique-5000mcg-60-pastilles","status":"publish","type":"product","link":"https:\/\/ecosupplements.be\/fr\/produit\/vitamine-b-12-avec-acide-folique-5000mcg-60-pastilles\/","title":{"rendered":"Vitamine B-12 avec acide folique, 5000mcg &#8211; 60 pastilles"},"content":{"rendered":"<h1 style=\"text-align: center;\">NOW Foods &#8211; Vitamine B-12 avec acide folique<\/h1>\n<p>&#8211; Essentiel pour la production d&#8217;\u00e9nergie,<br \/>\n&#8211; Avec de l&#8217;acide folique.<\/p>\n<p>La vitamine B-12 (cyanocobalamine) est une vitamine hydrosoluble n\u00e9cessaire au maintien d&#8217;un syst\u00e8me nerveux sain et \u00e0 la production d&#8217;\u00e9nergie \u00e0 partir des graisses et des prot\u00e9ines. La vitamine B-12 est \u00e9galement essentielle \u00e0 la synth\u00e8se de l&#8217;ADN pendant la division cellulaire et est donc particuli\u00e8rement importante pour les cellules qui se multiplient rapidement, comme les cellules sanguines. En outre, un apport ad\u00e9quat en vitamine B-12, ainsi qu&#8217;en acide folique et en vitamine B-6, est essentiel \u00e0 la conversion de l&#8217;homocyst\u00e9ine en m\u00e9thionine, favorisant ainsi la sant\u00e9 du syst\u00e8me cardiovasculaire. Bien que la B-12 soit stock\u00e9e dans le foie, les sources alimentaires sont uniquement d&#8217;origine animale (viande et produits laitiers). Par cons\u00e9quent, une suppl\u00e9mentation en B-12 peut \u00eatre particuli\u00e8rement importante pour les v\u00e9g\u00e9tariens stricts.<\/p>\n<p>Extrait du site Web de la FDA : &#8220;Dans le cadre d&#8217;un r\u00e9gime alimentaire \u00e9quilibr\u00e9, pauvre en graisses satur\u00e9es et en cholest\u00e9rol, la vitamine B12 peut r\u00e9duire le risque de maladie vasculaire. La FDA a \u00e9valu\u00e9 l&#8217;all\u00e9gation ci-dessus et a constat\u00e9 que, bien qu&#8217;il soit connu que les r\u00e9gimes pauvres en graisses satur\u00e9es et en cholest\u00e9rol r\u00e9duisent le risque de maladie cardiaque et d&#8217;autres maladies vasculaires, les preuves \u00e0 l&#8217;appui de l&#8217;all\u00e9gation ci-dessus ne sont pas concluantes.&#8221;<\/p>\n","protected":false},"excerpt":{"rendered":"<p>NOW Foods &#8211; Vitamine B-12 avec acide folique &#8211; Essentiel pour la production d&#8217;\u00e9nergie, &#8211; Avec de l&#8217;acide folique. La vitamine B-12 (cyanocobalamine) est une vitamine hydrosoluble n\u00e9cessaire au maintien d&#8217;un syst\u00e8me nerveux sain et \u00e0 la production d&#8217;\u00e9nergie \u00e0 partir des graisses et des prot\u00e9ines. La vitamine B-12 est \u00e9galement essentielle \u00e0 la synth\u00e8se [&#8230;]\n","protected":false},"featured_media":252998,"comment_status":"open","ping_status":"open","template":"","meta":[],"product_brand":[4733],"product_cat":[5117,5073,5053,5059],"product_tag":[],"class_list":{"0":"post-282179","1":"product","2":"type-product","3":"status-publish","4":"has-post-thumbnail","6":"product_brand-now-foods-2","7":"product_cat-folate","8":"product_cat-vitamine-b-vitamines-simples","9":"product_cat-vitamines-et-mineraux","10":"product_cat-vitamines-simples","12":"first","13":"instock","14":"taxable","15":"shipping-taxable","16":"purchasable","17":"product-type-simple"},"yoast_head":"<!-- This site is optimized with the Yoast SEO Premium plugin v27.3 (Yoast SEO v27.3) - https:\/\/yoast.com\/product\/yoast-seo-premium-wordpress\/ -->\n<title>Vitamine B-12 avec acide folique, 5000mcg - 60 pastilles - ECO Supplements<\/title>\n<meta name=\"description\" content=\"Wij hebben een ruime keuze aan producten van Vitamine B-12 avec acide folique, 5000mcg - 60 pastilles . Winkel bij Eco Supplements altijd gratis verzending boven 100\u20ac\" \/>\n<meta name=\"robots\" content=\"index, follow, max-snippet:-1, max-image-preview:large, max-video-preview:-1\" \/>\n<link rel=\"canonical\" href=\"https:\/\/ecosupplements.be\/fr\/produit\/vitamine-b-12-avec-acide-folique-5000mcg-60-pastilles\/\" \/>\n<meta property=\"og:locale\" content=\"fr_FR\" \/>\n<meta property=\"og:type\" content=\"article\" \/>\n<meta property=\"og:title\" content=\"Vitamine B-12 avec acide folique, 5000mcg - 60 pastilles\" \/>\n<meta property=\"og:description\" content=\"Wij hebben een ruime keuze aan producten van Vitamine B-12 avec acide folique, 5000mcg - 60 pastilles . Winkel bij Eco Supplements altijd gratis verzending boven 100\u20ac\" \/>\n<meta property=\"og:url\" content=\"https:\/\/ecosupplements.be\/fr\/produit\/vitamine-b-12-avec-acide-folique-5000mcg-60-pastilles\/\" \/>\n<meta property=\"og:site_name\" content=\"ECO Supplements\" \/>\n<meta property=\"article:modified_time\" content=\"2025-08-27T11:12:53+00:00\" \/>\n<meta property=\"og:image\" content=\"https:\/\/ecosupplements.be\/wp-content\/uploads\/2025\/08\/NOW-Foods-Vitamin-B-12-with-Folic-Acid-5000mcg-60-lozenges.jpeg\" \/>\n\t<meta property=\"og:image:width\" content=\"500\" \/>\n\t<meta property=\"og:image:height\" content=\"500\" \/>\n\t<meta property=\"og:image:type\" content=\"image\/webp\" \/>\n<meta name=\"twitter:card\" content=\"summary_large_image\" \/>\n<meta name=\"twitter:label1\" content=\"Prix\" \/>\n\t<meta name=\"twitter:data1\" content=\"11.42&nbsp;&euro;\" \/>\n\t<meta name=\"twitter:label2\" content=\"Disponibilit\u00e9\" \/>\n\t<meta name=\"twitter:data2\" content=\"En stock\" \/>\n<script type=\"application\/ld+json\" class=\"yoast-schema-graph\">{\"@context\":\"https:\\\/\\\/schema.org\",\"@graph\":[{\"@type\":[\"WebPage\",\"ItemPage\"],\"@id\":\"https:\\\/\\\/ecosupplements.be\\\/fr\\\/produit\\\/vitamine-b-12-avec-acide-folique-5000mcg-60-pastilles\\\/\",\"url\":\"https:\\\/\\\/ecosupplements.be\\\/fr\\\/produit\\\/vitamine-b-12-avec-acide-folique-5000mcg-60-pastilles\\\/\",\"name\":\"Vitamine B-12 avec acide folique, 5000mcg - 60 pastilles - ECO Supplements\",\"isPartOf\":{\"@id\":\"https:\\\/\\\/ecosupplements.be\\\/fr\\\/#website\"},\"primaryImageOfPage\":{\"@id\":\"https:\\\/\\\/ecosupplements.be\\\/fr\\\/produit\\\/vitamine-b-12-avec-acide-folique-5000mcg-60-pastilles\\\/#primaryimage\"},\"image\":{\"@id\":\"https:\\\/\\\/ecosupplements.be\\\/fr\\\/produit\\\/vitamine-b-12-avec-acide-folique-5000mcg-60-pastilles\\\/#primaryimage\"},\"thumbnailUrl\":\"https:\\\/\\\/ecosupplements.be\\\/wp-content\\\/uploads\\\/2025\\\/08\\\/NOW-Foods-Vitamin-B-12-with-Folic-Acid-5000mcg-60-lozenges-1.jpeg\",\"datePublished\":\"2022-06-28T09:27:03+00:00\",\"dateModified\":\"2025-08-27T11:12:53+00:00\",\"description\":\"Wij hebben een ruime keuze aan producten van Vitamine B-12 avec acide folique, 5000mcg - 60 pastilles . Winkel bij Eco Supplements altijd gratis verzending boven 100\u20ac\",\"breadcrumb\":{\"@id\":\"https:\\\/\\\/ecosupplements.be\\\/fr\\\/produit\\\/vitamine-b-12-avec-acide-folique-5000mcg-60-pastilles\\\/#breadcrumb\"},\"inLanguage\":\"fr-FR\",\"potentialAction\":[{\"@type\":\"ReadAction\",\"target\":[\"https:\\\/\\\/ecosupplements.be\\\/fr\\\/produit\\\/vitamine-b-12-avec-acide-folique-5000mcg-60-pastilles\\\/\"]}]},{\"@type\":\"ImageObject\",\"inLanguage\":\"fr-FR\",\"@id\":\"https:\\\/\\\/ecosupplements.be\\\/fr\\\/produit\\\/vitamine-b-12-avec-acide-folique-5000mcg-60-pastilles\\\/#primaryimage\",\"url\":\"https:\\\/\\\/ecosupplements.be\\\/wp-content\\\/uploads\\\/2025\\\/08\\\/NOW-Foods-Vitamin-B-12-with-Folic-Acid-5000mcg-60-lozenges-1.jpeg\",\"contentUrl\":\"https:\\\/\\\/ecosupplements.be\\\/wp-content\\\/uploads\\\/2025\\\/08\\\/NOW-Foods-Vitamin-B-12-with-Folic-Acid-5000mcg-60-lozenges-1.jpeg\",\"width\":500,\"height\":500},{\"@type\":\"BreadcrumbList\",\"@id\":\"https:\\\/\\\/ecosupplements.be\\\/fr\\\/produit\\\/vitamine-b-12-avec-acide-folique-5000mcg-60-pastilles\\\/#breadcrumb\",\"itemListElement\":[{\"@type\":\"ListItem\",\"position\":1,\"name\":\"Home\",\"item\":\"https:\\\/\\\/ecosupplements.be\\\/fr\\\/\"},{\"@type\":\"ListItem\",\"position\":2,\"name\":\"Boutique\",\"item\":\"https:\\\/\\\/ecosupplements.be\\\/fr\\\/boutique\\\/\"},{\"@type\":\"ListItem\",\"position\":3,\"name\":\"Vitamine B-12 avec acide folique, 5000mcg &#8211; 60 pastilles\"}]},{\"@type\":\"WebSite\",\"@id\":\"https:\\\/\\\/ecosupplements.be\\\/fr\\\/#website\",\"url\":\"https:\\\/\\\/ecosupplements.be\\\/fr\\\/\",\"name\":\"ECO Supplements\",\"description\":\"Eco Supplements - Gezonde supplementen\",\"publisher\":{\"@id\":\"https:\\\/\\\/ecosupplements.be\\\/fr\\\/#organization\"},\"potentialAction\":[{\"@type\":\"SearchAction\",\"target\":{\"@type\":\"EntryPoint\",\"urlTemplate\":\"https:\\\/\\\/ecosupplements.be\\\/fr\\\/?s={search_term_string}\"},\"query-input\":{\"@type\":\"PropertyValueSpecification\",\"valueRequired\":true,\"valueName\":\"search_term_string\"}}],\"inLanguage\":\"fr-FR\"},{\"@type\":\"Organization\",\"@id\":\"https:\\\/\\\/ecosupplements.be\\\/fr\\\/#organization\",\"name\":\"Eco Supplements\",\"url\":\"https:\\\/\\\/ecosupplements.be\\\/fr\\\/\",\"logo\":{\"@type\":\"ImageObject\",\"inLanguage\":\"fr-FR\",\"@id\":\"https:\\\/\\\/ecosupplements.be\\\/fr\\\/#\\\/schema\\\/logo\\\/image\\\/\",\"url\":\"https:\\\/\\\/ecosupplements.be\\\/wp-content\\\/uploads\\\/2022\\\/06\\\/ecosupplement-family.png\",\"contentUrl\":\"https:\\\/\\\/ecosupplements.be\\\/wp-content\\\/uploads\\\/2022\\\/06\\\/ecosupplement-family.png\",\"width\":593,\"height\":374,\"caption\":\"Eco Supplements\"},\"image\":{\"@id\":\"https:\\\/\\\/ecosupplements.be\\\/fr\\\/#\\\/schema\\\/logo\\\/image\\\/\"}}]}<\/script>\n<meta property=\"product:brand\" content=\"NOW Foods\" \/>\n<meta property=\"product:price:amount\" content=\"11.42\" \/>\n<meta property=\"product:price:currency\" content=\"EUR\" \/>\n<meta property=\"og:availability\" content=\"instock\" \/>\n<meta property=\"product:availability\" content=\"instock\" \/>\n<meta property=\"product:retailer_item_id\" content=\"733739004628\" \/>\n<meta property=\"product:condition\" content=\"new\" \/>\n<!-- \/ Yoast SEO Premium plugin. -->","yoast_head_json":{"title":"Vitamine B-12 avec acide folique, 5000mcg - 60 pastilles - ECO Supplements","description":"Wij hebben een ruime keuze aan producten van Vitamine B-12 avec acide folique, 5000mcg - 60 pastilles . Winkel bij Eco Supplements altijd gratis verzending boven 100\u20ac","robots":{"index":"index","follow":"follow","max-snippet":"max-snippet:-1","max-image-preview":"max-image-preview:large","max-video-preview":"max-video-preview:-1"},"canonical":"https:\/\/ecosupplements.be\/fr\/produit\/vitamine-b-12-avec-acide-folique-5000mcg-60-pastilles\/","og_locale":"fr_FR","og_type":"article","og_title":"Vitamine B-12 avec acide folique, 5000mcg - 60 pastilles","og_description":"Wij hebben een ruime keuze aan producten van Vitamine B-12 avec acide folique, 5000mcg - 60 pastilles . Winkel bij Eco Supplements altijd gratis verzending boven 100\u20ac","og_url":"https:\/\/ecosupplements.be\/fr\/produit\/vitamine-b-12-avec-acide-folique-5000mcg-60-pastilles\/","og_site_name":"ECO Supplements","article_modified_time":"2025-08-27T11:12:53+00:00","og_image":[{"width":500,"height":500,"url":"https:\/\/ecosupplements.be\/wp-content\/uploads\/2025\/08\/NOW-Foods-Vitamin-B-12-with-Folic-Acid-5000mcg-60-lozenges.jpeg","type":"image\/webp"}],"twitter_card":"summary_large_image","twitter_misc":{"Prix":"11.42&nbsp;&euro;","Disponibilit\u00e9":"En stock"},"schema":{"@context":"https:\/\/schema.org","@graph":[{"@type":["WebPage","ItemPage"],"@id":"https:\/\/ecosupplements.be\/fr\/produit\/vitamine-b-12-avec-acide-folique-5000mcg-60-pastilles\/","url":"https:\/\/ecosupplements.be\/fr\/produit\/vitamine-b-12-avec-acide-folique-5000mcg-60-pastilles\/","name":"Vitamine B-12 avec acide folique, 5000mcg - 60 pastilles - ECO Supplements","isPartOf":{"@id":"https:\/\/ecosupplements.be\/fr\/#website"},"primaryImageOfPage":{"@id":"https:\/\/ecosupplements.be\/fr\/produit\/vitamine-b-12-avec-acide-folique-5000mcg-60-pastilles\/#primaryimage"},"image":{"@id":"https:\/\/ecosupplements.be\/fr\/produit\/vitamine-b-12-avec-acide-folique-5000mcg-60-pastilles\/#primaryimage"},"thumbnailUrl":"https:\/\/ecosupplements.be\/wp-content\/uploads\/2025\/08\/NOW-Foods-Vitamin-B-12-with-Folic-Acid-5000mcg-60-lozenges-1.jpeg","datePublished":"2022-06-28T09:27:03+00:00","dateModified":"2025-08-27T11:12:53+00:00","description":"Wij hebben een ruime keuze aan producten van Vitamine B-12 avec acide folique, 5000mcg - 60 pastilles . Winkel bij Eco Supplements altijd gratis verzending boven 100\u20ac","breadcrumb":{"@id":"https:\/\/ecosupplements.be\/fr\/produit\/vitamine-b-12-avec-acide-folique-5000mcg-60-pastilles\/#breadcrumb"},"inLanguage":"fr-FR","potentialAction":[{"@type":"ReadAction","target":["https:\/\/ecosupplements.be\/fr\/produit\/vitamine-b-12-avec-acide-folique-5000mcg-60-pastilles\/"]}]},{"@type":"ImageObject","inLanguage":"fr-FR","@id":"https:\/\/ecosupplements.be\/fr\/produit\/vitamine-b-12-avec-acide-folique-5000mcg-60-pastilles\/#primaryimage","url":"https:\/\/ecosupplements.be\/wp-content\/uploads\/2025\/08\/NOW-Foods-Vitamin-B-12-with-Folic-Acid-5000mcg-60-lozenges-1.jpeg","contentUrl":"https:\/\/ecosupplements.be\/wp-content\/uploads\/2025\/08\/NOW-Foods-Vitamin-B-12-with-Folic-Acid-5000mcg-60-lozenges-1.jpeg","width":500,"height":500},{"@type":"BreadcrumbList","@id":"https:\/\/ecosupplements.be\/fr\/produit\/vitamine-b-12-avec-acide-folique-5000mcg-60-pastilles\/#breadcrumb","itemListElement":[{"@type":"ListItem","position":1,"name":"Home","item":"https:\/\/ecosupplements.be\/fr\/"},{"@type":"ListItem","position":2,"name":"Boutique","item":"https:\/\/ecosupplements.be\/fr\/boutique\/"},{"@type":"ListItem","position":3,"name":"Vitamine B-12 avec acide folique, 5000mcg &#8211; 60 pastilles"}]},{"@type":"WebSite","@id":"https:\/\/ecosupplements.be\/fr\/#website","url":"https:\/\/ecosupplements.be\/fr\/","name":"ECO Supplements","description":"Eco Supplements - Gezonde supplementen","publisher":{"@id":"https:\/\/ecosupplements.be\/fr\/#organization"},"potentialAction":[{"@type":"SearchAction","target":{"@type":"EntryPoint","urlTemplate":"https:\/\/ecosupplements.be\/fr\/?s={search_term_string}"},"query-input":{"@type":"PropertyValueSpecification","valueRequired":true,"valueName":"search_term_string"}}],"inLanguage":"fr-FR"},{"@type":"Organization","@id":"https:\/\/ecosupplements.be\/fr\/#organization","name":"Eco Supplements","url":"https:\/\/ecosupplements.be\/fr\/","logo":{"@type":"ImageObject","inLanguage":"fr-FR","@id":"https:\/\/ecosupplements.be\/fr\/#\/schema\/logo\/image\/","url":"https:\/\/ecosupplements.be\/wp-content\/uploads\/2022\/06\/ecosupplement-family.png","contentUrl":"https:\/\/ecosupplements.be\/wp-content\/uploads\/2022\/06\/ecosupplement-family.png","width":593,"height":374,"caption":"Eco Supplements"},"image":{"@id":"https:\/\/ecosupplements.be\/fr\/#\/schema\/logo\/image\/"}}]},"product_brand":"NOW Foods","product_price_amount":"11.42","product_price_currency":"EUR","og_availability":"instock","product_availability":"instock","product_retailer_item_id":"733739004628","product_condition":"new"},"_links":{"self":[{"href":"https:\/\/ecosupplements.be\/fr\/wp-json\/wp\/v2\/product\/282179","targetHints":{"allow":["GET"]}}],"collection":[{"href":"https:\/\/ecosupplements.be\/fr\/wp-json\/wp\/v2\/product"}],"about":[{"href":"https:\/\/ecosupplements.be\/fr\/wp-json\/wp\/v2\/types\/product"}],"replies":[{"embeddable":true,"href":"https:\/\/ecosupplements.be\/fr\/wp-json\/wp\/v2\/comments?post=282179"}],"wp:featuredmedia":[{"embeddable":true,"href":"https:\/\/ecosupplements.be\/fr\/wp-json\/wp\/v2\/media\/252998"}],"wp:attachment":[{"href":"https:\/\/ecosupplements.be\/fr\/wp-json\/wp\/v2\/media?parent=282179"}],"wp:term":[{"taxonomy":"product_brand","embeddable":true,"href":"https:\/\/ecosupplements.be\/fr\/wp-json\/wp\/v2\/product_brand?post=282179"},{"taxonomy":"product_cat","embeddable":true,"href":"https:\/\/ecosupplements.be\/fr\/wp-json\/wp\/v2\/product_cat?post=282179"},{"taxonomy":"product_tag","embeddable":true,"href":"https:\/\/ecosupplements.be\/fr\/wp-json\/wp\/v2\/product_tag?post=282179"}],"curies":[{"name":"wp","href":"https:\/\/api.w.org\/{rel}","templated":true}]}}