{"id":282182,"date":"2022-06-28T10:27:03","date_gmt":"2022-06-28T09:27:03","guid":{"rendered":"https:\/\/ecosupplements.be\/product\/vitamine-b-12-energie-instantanee-75-sachets\/"},"modified":"2025-08-27T12:13:00","modified_gmt":"2025-08-27T11:13:00","slug":"vitamine-b-12-energie-instantanee-75-sachets","status":"publish","type":"product","link":"https:\/\/ecosupplements.be\/fr\/produit\/vitamine-b-12-energie-instantanee-75-sachets\/","title":{"rendered":"Vitamine B-12, \u00c9nergie instantan\u00e9e &#8211; 75 sachets"},"content":{"rendered":"<h1 style=\"text-align: center;\">NOW Foods &#8211; Vitamine B-12<\/h1>\n<h3 style=\"text-align: center;\">\u00c9nergie instantan\u00e9e B-12<\/h3>\n<p>NOW Vitamin B-12 Instant Energy est le moyen id\u00e9al pour rester alerte et plein d&#8217;\u00e9nergie, quelle que soit la situation. Ces sachets pratiques et \u00e0 action rapide sont parfaits en voyage ou pour des raisons de commodit\u00e9. <\/p>\n<p> Qui a besoin de NOW B-12 Instant Energy ? <\/p>\n<p> &#8211; Professionnels et parents occup\u00e9s<br \/>\n &#8211; \u00c9tudiants<br \/>\n &#8211; Personnes physiquement actives<br \/>\n &#8211; Athl\u00e8tes de comp\u00e9tition<br \/>\n &#8211; V\u00e9g\u00e9tariens<br \/>\n &#8211; Femmes enceintes et m\u00e8res allaitantes<br \/>\n &#8211; Toute personne ayant besoin d&#8217;un coup de pouce instantan\u00e9 ! <\/p>\n<p>Alors que les vies deviennent plus occup\u00e9es, il en va de m\u00eame pour la demande d&#8217;un bon m\u00e9lange de nutriments soutenant l&#8217;\u00e9nergie et l&#8217;humeur. NOW B-12 Instant Energy combine trois formes de B-12 pour une utilisation maximale par l&#8217;organisme. Cette formule parfaitement \u00e9quilibr\u00e9e permet de rester bien nourri en fournissant un m\u00e9lange des compos\u00e9s les plus b\u00e9n\u00e9fiques dans une formule facile \u00e0 utiliser. Avec des nutriments synergiques tels que le chrome, la cr\u00e9atine et six autres vitamines B, NOW B-12 Instant Energy peut vous donner l&#8217;\u00e9tincelle dont vous avez besoin, peu importe o\u00f9 la vie vous m\u00e8ne. <\/p>\n<p>Avec NOW Vitamin B-12 Instant Energy, il est plus facile que jamais d&#8217;obtenir le B-12 dont votre corps a besoin pour rester vif, concentr\u00e9 et bien nourri tout au long de chaque journ\u00e9e charg\u00e9e. Chaque sachet pratique contient un total de 2000 mcg (provenant de trois formes) de B-12 \u00e0 action rapide, ainsi que d&#8217;autres nutriments essentiels qui peuvent vous aider \u00e0 rester au sommet de votre jeu, tous les jours !<\/p>\n<p><img decoding=\"async\" src=\"https:\/\/ecosupplements.be\/wp-content\/uploads\/2025\/08\/gluten-free-1.png\" title=\"Sans gluten\" alt=\"Gluten free\"><img decoding=\"async\" src=\"https:\/\/ecosupplements.be\/wp-content\/uploads\/2025\/08\/vegan-1.png\" title=\"Vegan\" alt=\"Vegan\"><img decoding=\"async\" src=\"https:\/\/ecosupplements.be\/wp-content\/uploads\/2025\/08\/vegetarian-1.png\" title=\"V\u00e9g\u00e9tarien\" alt=\"Vegetarian\"><\/p>\n","protected":false},"excerpt":{"rendered":"<p>NOW Foods &#8211; Vitamine B-12 \u00c9nergie instantan\u00e9e B-12 NOW Vitamin B-12 Instant Energy est le moyen id\u00e9al pour rester alerte et plein d&#8217;\u00e9nergie, quelle que soit la situation. Ces sachets pratiques et \u00e0 action rapide sont parfaits en voyage ou pour des raisons de commodit\u00e9. Qui a besoin de NOW B-12 Instant Energy ? &#8211; [&#8230;]\n","protected":false},"featured_media":253011,"comment_status":"open","ping_status":"open","template":"","meta":[],"product_brand":[4733],"product_cat":[5048,5052,5141,5073,5053,5059],"product_tag":[],"class_list":{"0":"post-282182","1":"product","2":"type-product","3":"status-publish","4":"has-post-thumbnail","6":"product_brand-now-foods-2","7":"product_cat-aptitude","8":"product_cat-sante-et-bien-etre","9":"product_cat-supplement-de-creatine","10":"product_cat-vitamine-b-vitamines-simples","11":"product_cat-vitamines-et-mineraux","12":"product_cat-vitamines-simples","14":"first","15":"instock","16":"taxable","17":"shipping-taxable","18":"purchasable","19":"product-type-simple"},"yoast_head":"<!-- This site is optimized with the Yoast SEO Premium plugin v27.3 (Yoast SEO v27.3) - https:\/\/yoast.com\/product\/yoast-seo-premium-wordpress\/ -->\n<title>Vitamine B-12, \u00c9nergie instantan\u00e9e - 75 sachets - ECO Supplements<\/title>\n<meta name=\"description\" content=\"Wij hebben een ruime keuze aan producten van Vitamine B-12, \u00c9nergie instantan\u00e9e - 75 sachets . Winkel bij Eco Supplements altijd gratis verzending boven 100\u20ac\" \/>\n<meta name=\"robots\" content=\"index, follow, max-snippet:-1, max-image-preview:large, max-video-preview:-1\" \/>\n<link rel=\"canonical\" href=\"https:\/\/ecosupplements.be\/fr\/produit\/vitamine-b-12-energie-instantanee-75-sachets\/\" \/>\n<meta property=\"og:locale\" content=\"fr_FR\" \/>\n<meta property=\"og:type\" content=\"article\" \/>\n<meta property=\"og:title\" content=\"Vitamine B-12, \u00c9nergie instantan\u00e9e - 75 sachets\" \/>\n<meta property=\"og:description\" content=\"Wij hebben een ruime keuze aan producten van Vitamine B-12, \u00c9nergie instantan\u00e9e - 75 sachets . Winkel bij Eco Supplements altijd gratis verzending boven 100\u20ac\" \/>\n<meta property=\"og:url\" content=\"https:\/\/ecosupplements.be\/fr\/produit\/vitamine-b-12-energie-instantanee-75-sachets\/\" \/>\n<meta property=\"og:site_name\" content=\"ECO Supplements\" \/>\n<meta property=\"article:modified_time\" content=\"2025-08-27T11:13:00+00:00\" \/>\n<meta property=\"og:image\" content=\"https:\/\/ecosupplements.be\/wp-content\/uploads\/2025\/08\/NOW-Foods-Vitamin-B-12-75-packets-2.jpg\" \/>\n\t<meta property=\"og:image:width\" content=\"750\" \/>\n\t<meta property=\"og:image:height\" content=\"750\" \/>\n\t<meta property=\"og:image:type\" content=\"image\/jpeg\" \/>\n<meta name=\"twitter:card\" content=\"summary_large_image\" \/>\n<meta name=\"twitter:label1\" content=\"Prix\" \/>\n\t<meta name=\"twitter:data1\" content=\"17.87&nbsp;&euro;\" \/>\n\t<meta name=\"twitter:label2\" content=\"Disponibilit\u00e9\" \/>\n\t<meta name=\"twitter:data2\" content=\"En stock\" \/>\n<script type=\"application\/ld+json\" class=\"yoast-schema-graph\">{\"@context\":\"https:\\\/\\\/schema.org\",\"@graph\":[{\"@type\":[\"WebPage\",\"ItemPage\"],\"@id\":\"https:\\\/\\\/ecosupplements.be\\\/fr\\\/produit\\\/vitamine-b-12-energie-instantanee-75-sachets\\\/\",\"url\":\"https:\\\/\\\/ecosupplements.be\\\/fr\\\/produit\\\/vitamine-b-12-energie-instantanee-75-sachets\\\/\",\"name\":\"Vitamine B-12, \u00c9nergie instantan\u00e9e - 75 sachets - ECO Supplements\",\"isPartOf\":{\"@id\":\"https:\\\/\\\/ecosupplements.be\\\/fr\\\/#website\"},\"primaryImageOfPage\":{\"@id\":\"https:\\\/\\\/ecosupplements.be\\\/fr\\\/produit\\\/vitamine-b-12-energie-instantanee-75-sachets\\\/#primaryimage\"},\"image\":{\"@id\":\"https:\\\/\\\/ecosupplements.be\\\/fr\\\/produit\\\/vitamine-b-12-energie-instantanee-75-sachets\\\/#primaryimage\"},\"thumbnailUrl\":\"https:\\\/\\\/ecosupplements.be\\\/wp-content\\\/uploads\\\/2025\\\/08\\\/NOW-Foods-Vitamin-B-12-75-packets-2.jpg\",\"datePublished\":\"2022-06-28T09:27:03+00:00\",\"dateModified\":\"2025-08-27T11:13:00+00:00\",\"description\":\"Wij hebben een ruime keuze aan producten van Vitamine B-12, \u00c9nergie instantan\u00e9e - 75 sachets . Winkel bij Eco Supplements altijd gratis verzending boven 100\u20ac\",\"breadcrumb\":{\"@id\":\"https:\\\/\\\/ecosupplements.be\\\/fr\\\/produit\\\/vitamine-b-12-energie-instantanee-75-sachets\\\/#breadcrumb\"},\"inLanguage\":\"fr-FR\",\"potentialAction\":[{\"@type\":\"ReadAction\",\"target\":[\"https:\\\/\\\/ecosupplements.be\\\/fr\\\/produit\\\/vitamine-b-12-energie-instantanee-75-sachets\\\/\"]}]},{\"@type\":\"ImageObject\",\"inLanguage\":\"fr-FR\",\"@id\":\"https:\\\/\\\/ecosupplements.be\\\/fr\\\/produit\\\/vitamine-b-12-energie-instantanee-75-sachets\\\/#primaryimage\",\"url\":\"https:\\\/\\\/ecosupplements.be\\\/wp-content\\\/uploads\\\/2025\\\/08\\\/NOW-Foods-Vitamin-B-12-75-packets-2.jpg\",\"contentUrl\":\"https:\\\/\\\/ecosupplements.be\\\/wp-content\\\/uploads\\\/2025\\\/08\\\/NOW-Foods-Vitamin-B-12-75-packets-2.jpg\",\"width\":750,\"height\":750},{\"@type\":\"BreadcrumbList\",\"@id\":\"https:\\\/\\\/ecosupplements.be\\\/fr\\\/produit\\\/vitamine-b-12-energie-instantanee-75-sachets\\\/#breadcrumb\",\"itemListElement\":[{\"@type\":\"ListItem\",\"position\":1,\"name\":\"Home\",\"item\":\"https:\\\/\\\/ecosupplements.be\\\/fr\\\/\"},{\"@type\":\"ListItem\",\"position\":2,\"name\":\"Boutique\",\"item\":\"https:\\\/\\\/ecosupplements.be\\\/fr\\\/boutique\\\/\"},{\"@type\":\"ListItem\",\"position\":3,\"name\":\"Vitamine B-12, \u00c9nergie instantan\u00e9e &#8211; 75 sachets\"}]},{\"@type\":\"WebSite\",\"@id\":\"https:\\\/\\\/ecosupplements.be\\\/fr\\\/#website\",\"url\":\"https:\\\/\\\/ecosupplements.be\\\/fr\\\/\",\"name\":\"ECO Supplements\",\"description\":\"Eco Supplements - Gezonde supplementen\",\"publisher\":{\"@id\":\"https:\\\/\\\/ecosupplements.be\\\/fr\\\/#organization\"},\"potentialAction\":[{\"@type\":\"SearchAction\",\"target\":{\"@type\":\"EntryPoint\",\"urlTemplate\":\"https:\\\/\\\/ecosupplements.be\\\/fr\\\/?s={search_term_string}\"},\"query-input\":{\"@type\":\"PropertyValueSpecification\",\"valueRequired\":true,\"valueName\":\"search_term_string\"}}],\"inLanguage\":\"fr-FR\"},{\"@type\":\"Organization\",\"@id\":\"https:\\\/\\\/ecosupplements.be\\\/fr\\\/#organization\",\"name\":\"Eco Supplements\",\"url\":\"https:\\\/\\\/ecosupplements.be\\\/fr\\\/\",\"logo\":{\"@type\":\"ImageObject\",\"inLanguage\":\"fr-FR\",\"@id\":\"https:\\\/\\\/ecosupplements.be\\\/fr\\\/#\\\/schema\\\/logo\\\/image\\\/\",\"url\":\"https:\\\/\\\/ecosupplements.be\\\/wp-content\\\/uploads\\\/2022\\\/06\\\/ecosupplement-family.png\",\"contentUrl\":\"https:\\\/\\\/ecosupplements.be\\\/wp-content\\\/uploads\\\/2022\\\/06\\\/ecosupplement-family.png\",\"width\":593,\"height\":374,\"caption\":\"Eco Supplements\"},\"image\":{\"@id\":\"https:\\\/\\\/ecosupplements.be\\\/fr\\\/#\\\/schema\\\/logo\\\/image\\\/\"}}]}<\/script>\n<meta property=\"product:brand\" content=\"NOW Foods\" \/>\n<meta property=\"product:price:amount\" content=\"17.87\" \/>\n<meta property=\"product:price:currency\" content=\"EUR\" \/>\n<meta property=\"og:availability\" content=\"instock\" \/>\n<meta property=\"product:availability\" content=\"instock\" \/>\n<meta property=\"product:retailer_item_id\" content=\"733739004970\" \/>\n<meta property=\"product:condition\" content=\"new\" \/>\n<!-- \/ Yoast SEO Premium plugin. -->","yoast_head_json":{"title":"Vitamine B-12, \u00c9nergie instantan\u00e9e - 75 sachets - ECO Supplements","description":"Wij hebben een ruime keuze aan producten van Vitamine B-12, \u00c9nergie instantan\u00e9e - 75 sachets . Winkel bij Eco Supplements altijd gratis verzending boven 100\u20ac","robots":{"index":"index","follow":"follow","max-snippet":"max-snippet:-1","max-image-preview":"max-image-preview:large","max-video-preview":"max-video-preview:-1"},"canonical":"https:\/\/ecosupplements.be\/fr\/produit\/vitamine-b-12-energie-instantanee-75-sachets\/","og_locale":"fr_FR","og_type":"article","og_title":"Vitamine B-12, \u00c9nergie instantan\u00e9e - 75 sachets","og_description":"Wij hebben een ruime keuze aan producten van Vitamine B-12, \u00c9nergie instantan\u00e9e - 75 sachets . Winkel bij Eco Supplements altijd gratis verzending boven 100\u20ac","og_url":"https:\/\/ecosupplements.be\/fr\/produit\/vitamine-b-12-energie-instantanee-75-sachets\/","og_site_name":"ECO Supplements","article_modified_time":"2025-08-27T11:13:00+00:00","og_image":[{"width":750,"height":750,"url":"https:\/\/ecosupplements.be\/wp-content\/uploads\/2025\/08\/NOW-Foods-Vitamin-B-12-75-packets-2.jpg","type":"image\/jpeg"}],"twitter_card":"summary_large_image","twitter_misc":{"Prix":"17.87&nbsp;&euro;","Disponibilit\u00e9":"En stock"},"schema":{"@context":"https:\/\/schema.org","@graph":[{"@type":["WebPage","ItemPage"],"@id":"https:\/\/ecosupplements.be\/fr\/produit\/vitamine-b-12-energie-instantanee-75-sachets\/","url":"https:\/\/ecosupplements.be\/fr\/produit\/vitamine-b-12-energie-instantanee-75-sachets\/","name":"Vitamine B-12, \u00c9nergie instantan\u00e9e - 75 sachets - ECO Supplements","isPartOf":{"@id":"https:\/\/ecosupplements.be\/fr\/#website"},"primaryImageOfPage":{"@id":"https:\/\/ecosupplements.be\/fr\/produit\/vitamine-b-12-energie-instantanee-75-sachets\/#primaryimage"},"image":{"@id":"https:\/\/ecosupplements.be\/fr\/produit\/vitamine-b-12-energie-instantanee-75-sachets\/#primaryimage"},"thumbnailUrl":"https:\/\/ecosupplements.be\/wp-content\/uploads\/2025\/08\/NOW-Foods-Vitamin-B-12-75-packets-2.jpg","datePublished":"2022-06-28T09:27:03+00:00","dateModified":"2025-08-27T11:13:00+00:00","description":"Wij hebben een ruime keuze aan producten van Vitamine B-12, \u00c9nergie instantan\u00e9e - 75 sachets . Winkel bij Eco Supplements altijd gratis verzending boven 100\u20ac","breadcrumb":{"@id":"https:\/\/ecosupplements.be\/fr\/produit\/vitamine-b-12-energie-instantanee-75-sachets\/#breadcrumb"},"inLanguage":"fr-FR","potentialAction":[{"@type":"ReadAction","target":["https:\/\/ecosupplements.be\/fr\/produit\/vitamine-b-12-energie-instantanee-75-sachets\/"]}]},{"@type":"ImageObject","inLanguage":"fr-FR","@id":"https:\/\/ecosupplements.be\/fr\/produit\/vitamine-b-12-energie-instantanee-75-sachets\/#primaryimage","url":"https:\/\/ecosupplements.be\/wp-content\/uploads\/2025\/08\/NOW-Foods-Vitamin-B-12-75-packets-2.jpg","contentUrl":"https:\/\/ecosupplements.be\/wp-content\/uploads\/2025\/08\/NOW-Foods-Vitamin-B-12-75-packets-2.jpg","width":750,"height":750},{"@type":"BreadcrumbList","@id":"https:\/\/ecosupplements.be\/fr\/produit\/vitamine-b-12-energie-instantanee-75-sachets\/#breadcrumb","itemListElement":[{"@type":"ListItem","position":1,"name":"Home","item":"https:\/\/ecosupplements.be\/fr\/"},{"@type":"ListItem","position":2,"name":"Boutique","item":"https:\/\/ecosupplements.be\/fr\/boutique\/"},{"@type":"ListItem","position":3,"name":"Vitamine B-12, \u00c9nergie instantan\u00e9e &#8211; 75 sachets"}]},{"@type":"WebSite","@id":"https:\/\/ecosupplements.be\/fr\/#website","url":"https:\/\/ecosupplements.be\/fr\/","name":"ECO Supplements","description":"Eco Supplements - Gezonde supplementen","publisher":{"@id":"https:\/\/ecosupplements.be\/fr\/#organization"},"potentialAction":[{"@type":"SearchAction","target":{"@type":"EntryPoint","urlTemplate":"https:\/\/ecosupplements.be\/fr\/?s={search_term_string}"},"query-input":{"@type":"PropertyValueSpecification","valueRequired":true,"valueName":"search_term_string"}}],"inLanguage":"fr-FR"},{"@type":"Organization","@id":"https:\/\/ecosupplements.be\/fr\/#organization","name":"Eco Supplements","url":"https:\/\/ecosupplements.be\/fr\/","logo":{"@type":"ImageObject","inLanguage":"fr-FR","@id":"https:\/\/ecosupplements.be\/fr\/#\/schema\/logo\/image\/","url":"https:\/\/ecosupplements.be\/wp-content\/uploads\/2022\/06\/ecosupplement-family.png","contentUrl":"https:\/\/ecosupplements.be\/wp-content\/uploads\/2022\/06\/ecosupplement-family.png","width":593,"height":374,"caption":"Eco Supplements"},"image":{"@id":"https:\/\/ecosupplements.be\/fr\/#\/schema\/logo\/image\/"}}]},"product_brand":"NOW Foods","product_price_amount":"17.87","product_price_currency":"EUR","og_availability":"instock","product_availability":"instock","product_retailer_item_id":"733739004970","product_condition":"new"},"_links":{"self":[{"href":"https:\/\/ecosupplements.be\/fr\/wp-json\/wp\/v2\/product\/282182","targetHints":{"allow":["GET"]}}],"collection":[{"href":"https:\/\/ecosupplements.be\/fr\/wp-json\/wp\/v2\/product"}],"about":[{"href":"https:\/\/ecosupplements.be\/fr\/wp-json\/wp\/v2\/types\/product"}],"replies":[{"embeddable":true,"href":"https:\/\/ecosupplements.be\/fr\/wp-json\/wp\/v2\/comments?post=282182"}],"wp:featuredmedia":[{"embeddable":true,"href":"https:\/\/ecosupplements.be\/fr\/wp-json\/wp\/v2\/media\/253011"}],"wp:attachment":[{"href":"https:\/\/ecosupplements.be\/fr\/wp-json\/wp\/v2\/media?parent=282182"}],"wp:term":[{"taxonomy":"product_brand","embeddable":true,"href":"https:\/\/ecosupplements.be\/fr\/wp-json\/wp\/v2\/product_brand?post=282182"},{"taxonomy":"product_cat","embeddable":true,"href":"https:\/\/ecosupplements.be\/fr\/wp-json\/wp\/v2\/product_cat?post=282182"},{"taxonomy":"product_tag","embeddable":true,"href":"https:\/\/ecosupplements.be\/fr\/wp-json\/wp\/v2\/product_tag?post=282182"}],"curies":[{"name":"wp","href":"https:\/\/api.w.org\/{rel}","templated":true}]}}