{"id":282192,"date":"2022-06-28T10:27:10","date_gmt":"2022-06-28T09:27:10","guid":{"rendered":"https:\/\/ecosupplements.be\/product\/complexe-de-vitamine-c-1000-tamponne-avec-250mg-de-bioflavonoides-90-comprimes\/"},"modified":"2025-08-27T12:13:53","modified_gmt":"2025-08-27T11:13:53","slug":"complexe-de-vitamine-c-1000-tamponne-avec-250mg-de-bioflavonoides-90-comprimes","status":"publish","type":"product","link":"https:\/\/ecosupplements.be\/fr\/produit\/complexe-de-vitamine-c-1000-tamponne-avec-250mg-de-bioflavonoides-90-comprimes\/","title":{"rendered":"Complexe de vitamine C-1000 &#8211; tamponn\u00e9 avec 250mg de bioflavono\u00efdes &#8211; 90 comprim\u00e9s"},"content":{"rendered":"<h1 style=\"text-align: center;\">NOW Foods &#8211; Complexe de vitamine C-1000<\/h1>\n<p>Avec 250 mg de bioflavono\u00efdes<br \/>\nLa vitamine C est un nutriment hydrosoluble bien connu pour son r\u00f4le vital dans le syst\u00e8me immunitaire. La vitamine C est \u00e9galement n\u00e9cessaire \u00e0 la production de collag\u00e8ne (une prot\u00e9ine structurelle du tissu conjonctif) et est donc importante pour la sant\u00e9 de la peau, des os et des articulations. La vitamine C est n\u00e9cessaire au m\u00e9tabolisme des acides amin\u00e9s, \u00e0 la synth\u00e8se des neurotransmetteurs et \u00e0 l&#8217;utilisation de nombreux nutriments, comme l&#8217;acide folique et le fer. C&#8217;est \u00e9galement un antioxydant tr\u00e8s efficace qui peut prot\u00e9ger les cellules et les mol\u00e9cules de l&#8217;organisme des dommages caus\u00e9s par les radicaux libres et les mol\u00e9cules d&#8217;oxyg\u00e8ne r\u00e9actives g\u00e9n\u00e9r\u00e9s au cours du m\u00e9tabolisme normal et de l&#8217;exposition aux facteurs de stress environnementaux. Ce produit fournit de l&#8217;ascorbate de calcium, une forme tamponn\u00e9e de vitamine C qui est biodisponible et non acide ; il est enrichi de bioflavono\u00efdes, qui agissent en synergie avec la vitamine C.<br \/>\nCertaines preuves scientifiques sugg\u00e8rent que la consommation de vitamines antioxydantes peut r\u00e9duire le risque de certaines formes de cancer. Cependant, la FDA a d\u00e9termin\u00e9 que ces preuves sont limit\u00e9es et non concluantes.<\/p>\n<p><img decoding=\"async\" src=\"https:\/\/ecosupplements.be\/wp-content\/uploads\/2025\/08\/gluten-free-1.png\" title=\"Sans gluten\" alt=\"Gluten free\"><img decoding=\"async\" src=\"https:\/\/ecosupplements.be\/wp-content\/uploads\/2025\/08\/non-gmo-1.png\" title=\"Non-OGM\" alt=\"Non-GMO\"><img decoding=\"async\" src=\"https:\/\/ecosupplements.be\/wp-content\/uploads\/2025\/08\/vegan-1.png\" title=\"Vegan\" alt=\"Vegan\"><img decoding=\"async\" src=\"https:\/\/ecosupplements.be\/wp-content\/uploads\/2025\/08\/vegetarian-1.png\" title=\"V\u00e9g\u00e9tarien\" alt=\"Vegetarian\"><\/p>\n","protected":false},"excerpt":{"rendered":"<p>NOW Foods &#8211; Complexe de vitamine C-1000 Avec 250 mg de bioflavono\u00efdes La vitamine C est un nutriment hydrosoluble bien connu pour son r\u00f4le vital dans le syst\u00e8me immunitaire. La vitamine C est \u00e9galement n\u00e9cessaire \u00e0 la production de collag\u00e8ne (une prot\u00e9ine structurelle du tissu conjonctif) et est donc importante pour la sant\u00e9 de la [&#8230;]\n","protected":false},"featured_media":253071,"comment_status":"open","ping_status":"open","template":"","meta":[],"product_brand":[4733,4734],"product_cat":[5063,5053,5059],"product_tag":[],"class_list":{"0":"post-282192","1":"product","2":"type-product","3":"status-publish","4":"has-post-thumbnail","6":"product_brand-now-foods-2","7":"product_brand-nownow-foods-2","8":"product_cat-vitamine-c-vitamines-simples","9":"product_cat-vitamines-et-mineraux","10":"product_cat-vitamines-simples","12":"first","13":"instock","14":"taxable","15":"shipping-taxable","16":"purchasable","17":"product-type-simple"},"yoast_head":"<!-- This site is optimized with the Yoast SEO Premium plugin v27.5 (Yoast SEO v27.5) - https:\/\/yoast.com\/product\/yoast-seo-premium-wordpress\/ -->\n<title>Complexe de vitamine C-1000 - tamponn\u00e9 avec 250mg de bioflavono\u00efdes - 90 comprim\u00e9s - ECO Supplements<\/title>\n<meta name=\"description\" content=\"Wij hebben een ruime keuze aan producten van Complexe de vitamine C-1000 - tamponn\u00e9 avec 250mg de bioflavono\u00efdes - 90 comprim\u00e9s . Winkel bij Eco Supplements altijd gratis verzending boven 100\u20ac\" \/>\n<meta name=\"robots\" content=\"index, follow, max-snippet:-1, max-image-preview:large, max-video-preview:-1\" \/>\n<link rel=\"canonical\" href=\"https:\/\/ecosupplements.be\/fr\/produit\/complexe-de-vitamine-c-1000-tamponne-avec-250mg-de-bioflavonoides-90-comprimes\/\" \/>\n<meta property=\"og:locale\" content=\"fr_FR\" \/>\n<meta property=\"og:type\" content=\"article\" \/>\n<meta property=\"og:title\" content=\"Complexe de vitamine C-1000 - tamponn\u00e9 avec 250mg de bioflavono\u00efdes - 90 comprim\u00e9s\" \/>\n<meta property=\"og:description\" content=\"Wij hebben een ruime keuze aan producten van Complexe de vitamine C-1000 - tamponn\u00e9 avec 250mg de bioflavono\u00efdes - 90 comprim\u00e9s . Winkel bij Eco Supplements altijd gratis verzending boven 100\u20ac\" \/>\n<meta property=\"og:url\" content=\"https:\/\/ecosupplements.be\/fr\/produit\/complexe-de-vitamine-c-1000-tamponne-avec-250mg-de-bioflavonoides-90-comprimes\/\" \/>\n<meta property=\"og:site_name\" content=\"ECO Supplements\" \/>\n<meta property=\"article:modified_time\" content=\"2025-08-27T11:13:53+00:00\" \/>\n<meta property=\"og:image\" content=\"https:\/\/ecosupplements.be\/wp-content\/uploads\/2025\/08\/NOW-Foods-Vitamin-C-1000-Complex-90-tablets-1.jpg\" \/>\n\t<meta property=\"og:image:width\" content=\"750\" \/>\n\t<meta property=\"og:image:height\" content=\"750\" \/>\n\t<meta property=\"og:image:type\" content=\"image\/jpeg\" \/>\n<meta name=\"twitter:card\" content=\"summary_large_image\" \/>\n<meta name=\"twitter:label1\" content=\"Prix\" \/>\n\t<meta name=\"twitter:data1\" content=\"17.99&nbsp;&euro;\" \/>\n\t<meta name=\"twitter:label2\" content=\"Disponibilit\u00e9\" \/>\n\t<meta name=\"twitter:data2\" content=\"En stock\" \/>\n<script type=\"application\/ld+json\" class=\"yoast-schema-graph\">{\"@context\":\"https:\\\/\\\/schema.org\",\"@graph\":[{\"@type\":[\"WebPage\",\"ItemPage\"],\"@id\":\"https:\\\/\\\/ecosupplements.be\\\/fr\\\/produit\\\/complexe-de-vitamine-c-1000-tamponne-avec-250mg-de-bioflavonoides-90-comprimes\\\/\",\"url\":\"https:\\\/\\\/ecosupplements.be\\\/fr\\\/produit\\\/complexe-de-vitamine-c-1000-tamponne-avec-250mg-de-bioflavonoides-90-comprimes\\\/\",\"name\":\"Complexe de vitamine C-1000 - tamponn\u00e9 avec 250mg de bioflavono\u00efdes - 90 comprim\u00e9s - ECO Supplements\",\"isPartOf\":{\"@id\":\"https:\\\/\\\/ecosupplements.be\\\/fr\\\/#website\"},\"primaryImageOfPage\":{\"@id\":\"https:\\\/\\\/ecosupplements.be\\\/fr\\\/produit\\\/complexe-de-vitamine-c-1000-tamponne-avec-250mg-de-bioflavonoides-90-comprimes\\\/#primaryimage\"},\"image\":{\"@id\":\"https:\\\/\\\/ecosupplements.be\\\/fr\\\/produit\\\/complexe-de-vitamine-c-1000-tamponne-avec-250mg-de-bioflavonoides-90-comprimes\\\/#primaryimage\"},\"thumbnailUrl\":\"https:\\\/\\\/ecosupplements.be\\\/wp-content\\\/uploads\\\/2025\\\/08\\\/NOW-Foods-Vitamin-C-1000-Complex-90-tablets-1.jpg\",\"datePublished\":\"2022-06-28T09:27:10+00:00\",\"dateModified\":\"2025-08-27T11:13:53+00:00\",\"description\":\"Wij hebben een ruime keuze aan producten van Complexe de vitamine C-1000 - tamponn\u00e9 avec 250mg de bioflavono\u00efdes - 90 comprim\u00e9s . Winkel bij Eco Supplements altijd gratis verzending boven 100\u20ac\",\"breadcrumb\":{\"@id\":\"https:\\\/\\\/ecosupplements.be\\\/fr\\\/produit\\\/complexe-de-vitamine-c-1000-tamponne-avec-250mg-de-bioflavonoides-90-comprimes\\\/#breadcrumb\"},\"inLanguage\":\"fr-FR\",\"potentialAction\":[{\"@type\":\"ReadAction\",\"target\":[\"https:\\\/\\\/ecosupplements.be\\\/fr\\\/produit\\\/complexe-de-vitamine-c-1000-tamponne-avec-250mg-de-bioflavonoides-90-comprimes\\\/\"]}]},{\"@type\":\"ImageObject\",\"inLanguage\":\"fr-FR\",\"@id\":\"https:\\\/\\\/ecosupplements.be\\\/fr\\\/produit\\\/complexe-de-vitamine-c-1000-tamponne-avec-250mg-de-bioflavonoides-90-comprimes\\\/#primaryimage\",\"url\":\"https:\\\/\\\/ecosupplements.be\\\/wp-content\\\/uploads\\\/2025\\\/08\\\/NOW-Foods-Vitamin-C-1000-Complex-90-tablets-1.jpg\",\"contentUrl\":\"https:\\\/\\\/ecosupplements.be\\\/wp-content\\\/uploads\\\/2025\\\/08\\\/NOW-Foods-Vitamin-C-1000-Complex-90-tablets-1.jpg\",\"width\":750,\"height\":750},{\"@type\":\"BreadcrumbList\",\"@id\":\"https:\\\/\\\/ecosupplements.be\\\/fr\\\/produit\\\/complexe-de-vitamine-c-1000-tamponne-avec-250mg-de-bioflavonoides-90-comprimes\\\/#breadcrumb\",\"itemListElement\":[{\"@type\":\"ListItem\",\"position\":1,\"name\":\"Home\",\"item\":\"https:\\\/\\\/ecosupplements.be\\\/fr\\\/\"},{\"@type\":\"ListItem\",\"position\":2,\"name\":\"Boutique\",\"item\":\"https:\\\/\\\/ecosupplements.be\\\/fr\\\/boutique\\\/\"},{\"@type\":\"ListItem\",\"position\":3,\"name\":\"Complexe de vitamine C-1000 &#8211; tamponn\u00e9 avec 250mg de bioflavono\u00efdes &#8211; 90 comprim\u00e9s\"}]},{\"@type\":\"WebSite\",\"@id\":\"https:\\\/\\\/ecosupplements.be\\\/fr\\\/#website\",\"url\":\"https:\\\/\\\/ecosupplements.be\\\/fr\\\/\",\"name\":\"ECO Supplements\",\"description\":\"Eco Supplements - Gezonde supplementen\",\"publisher\":{\"@id\":\"https:\\\/\\\/ecosupplements.be\\\/fr\\\/#organization\"},\"potentialAction\":[{\"@type\":\"SearchAction\",\"target\":{\"@type\":\"EntryPoint\",\"urlTemplate\":\"https:\\\/\\\/ecosupplements.be\\\/fr\\\/?s={search_term_string}\"},\"query-input\":{\"@type\":\"PropertyValueSpecification\",\"valueRequired\":true,\"valueName\":\"search_term_string\"}}],\"inLanguage\":\"fr-FR\"},{\"@type\":\"Organization\",\"@id\":\"https:\\\/\\\/ecosupplements.be\\\/fr\\\/#organization\",\"name\":\"Eco Supplements\",\"url\":\"https:\\\/\\\/ecosupplements.be\\\/fr\\\/\",\"logo\":{\"@type\":\"ImageObject\",\"inLanguage\":\"fr-FR\",\"@id\":\"https:\\\/\\\/ecosupplements.be\\\/fr\\\/#\\\/schema\\\/logo\\\/image\\\/\",\"url\":\"https:\\\/\\\/ecosupplements.be\\\/wp-content\\\/uploads\\\/2022\\\/06\\\/ecosupplement-family.png\",\"contentUrl\":\"https:\\\/\\\/ecosupplements.be\\\/wp-content\\\/uploads\\\/2022\\\/06\\\/ecosupplement-family.png\",\"width\":593,\"height\":374,\"caption\":\"Eco Supplements\"},\"image\":{\"@id\":\"https:\\\/\\\/ecosupplements.be\\\/fr\\\/#\\\/schema\\\/logo\\\/image\\\/\"}}]}<\/script>\n<meta property=\"product:brand\" content=\"NOW Foods\" \/>\n<meta property=\"product:price:amount\" content=\"17.99\" \/>\n<meta property=\"product:price:currency\" content=\"EUR\" \/>\n<meta property=\"og:availability\" content=\"instock\" \/>\n<meta property=\"product:availability\" content=\"instock\" \/>\n<meta property=\"product:retailer_item_id\" content=\"733739007001\" \/>\n<meta property=\"product:condition\" content=\"new\" \/>\n<!-- \/ Yoast SEO Premium plugin. -->","yoast_head_json":{"title":"Complexe de vitamine C-1000 - tamponn\u00e9 avec 250mg de bioflavono\u00efdes - 90 comprim\u00e9s - ECO Supplements","description":"Wij hebben een ruime keuze aan producten van Complexe de vitamine C-1000 - tamponn\u00e9 avec 250mg de bioflavono\u00efdes - 90 comprim\u00e9s . Winkel bij Eco Supplements altijd gratis verzending boven 100\u20ac","robots":{"index":"index","follow":"follow","max-snippet":"max-snippet:-1","max-image-preview":"max-image-preview:large","max-video-preview":"max-video-preview:-1"},"canonical":"https:\/\/ecosupplements.be\/fr\/produit\/complexe-de-vitamine-c-1000-tamponne-avec-250mg-de-bioflavonoides-90-comprimes\/","og_locale":"fr_FR","og_type":"article","og_title":"Complexe de vitamine C-1000 - tamponn\u00e9 avec 250mg de bioflavono\u00efdes - 90 comprim\u00e9s","og_description":"Wij hebben een ruime keuze aan producten van Complexe de vitamine C-1000 - tamponn\u00e9 avec 250mg de bioflavono\u00efdes - 90 comprim\u00e9s . Winkel bij Eco Supplements altijd gratis verzending boven 100\u20ac","og_url":"https:\/\/ecosupplements.be\/fr\/produit\/complexe-de-vitamine-c-1000-tamponne-avec-250mg-de-bioflavonoides-90-comprimes\/","og_site_name":"ECO Supplements","article_modified_time":"2025-08-27T11:13:53+00:00","og_image":[{"width":750,"height":750,"url":"https:\/\/ecosupplements.be\/wp-content\/uploads\/2025\/08\/NOW-Foods-Vitamin-C-1000-Complex-90-tablets-1.jpg","type":"image\/jpeg"}],"twitter_card":"summary_large_image","twitter_misc":{"Prix":"17.99&nbsp;&euro;","Disponibilit\u00e9":"En stock"},"schema":{"@context":"https:\/\/schema.org","@graph":[{"@type":["WebPage","ItemPage"],"@id":"https:\/\/ecosupplements.be\/fr\/produit\/complexe-de-vitamine-c-1000-tamponne-avec-250mg-de-bioflavonoides-90-comprimes\/","url":"https:\/\/ecosupplements.be\/fr\/produit\/complexe-de-vitamine-c-1000-tamponne-avec-250mg-de-bioflavonoides-90-comprimes\/","name":"Complexe de vitamine C-1000 - tamponn\u00e9 avec 250mg de bioflavono\u00efdes - 90 comprim\u00e9s - ECO Supplements","isPartOf":{"@id":"https:\/\/ecosupplements.be\/fr\/#website"},"primaryImageOfPage":{"@id":"https:\/\/ecosupplements.be\/fr\/produit\/complexe-de-vitamine-c-1000-tamponne-avec-250mg-de-bioflavonoides-90-comprimes\/#primaryimage"},"image":{"@id":"https:\/\/ecosupplements.be\/fr\/produit\/complexe-de-vitamine-c-1000-tamponne-avec-250mg-de-bioflavonoides-90-comprimes\/#primaryimage"},"thumbnailUrl":"https:\/\/ecosupplements.be\/wp-content\/uploads\/2025\/08\/NOW-Foods-Vitamin-C-1000-Complex-90-tablets-1.jpg","datePublished":"2022-06-28T09:27:10+00:00","dateModified":"2025-08-27T11:13:53+00:00","description":"Wij hebben een ruime keuze aan producten van Complexe de vitamine C-1000 - tamponn\u00e9 avec 250mg de bioflavono\u00efdes - 90 comprim\u00e9s . Winkel bij Eco Supplements altijd gratis verzending boven 100\u20ac","breadcrumb":{"@id":"https:\/\/ecosupplements.be\/fr\/produit\/complexe-de-vitamine-c-1000-tamponne-avec-250mg-de-bioflavonoides-90-comprimes\/#breadcrumb"},"inLanguage":"fr-FR","potentialAction":[{"@type":"ReadAction","target":["https:\/\/ecosupplements.be\/fr\/produit\/complexe-de-vitamine-c-1000-tamponne-avec-250mg-de-bioflavonoides-90-comprimes\/"]}]},{"@type":"ImageObject","inLanguage":"fr-FR","@id":"https:\/\/ecosupplements.be\/fr\/produit\/complexe-de-vitamine-c-1000-tamponne-avec-250mg-de-bioflavonoides-90-comprimes\/#primaryimage","url":"https:\/\/ecosupplements.be\/wp-content\/uploads\/2025\/08\/NOW-Foods-Vitamin-C-1000-Complex-90-tablets-1.jpg","contentUrl":"https:\/\/ecosupplements.be\/wp-content\/uploads\/2025\/08\/NOW-Foods-Vitamin-C-1000-Complex-90-tablets-1.jpg","width":750,"height":750},{"@type":"BreadcrumbList","@id":"https:\/\/ecosupplements.be\/fr\/produit\/complexe-de-vitamine-c-1000-tamponne-avec-250mg-de-bioflavonoides-90-comprimes\/#breadcrumb","itemListElement":[{"@type":"ListItem","position":1,"name":"Home","item":"https:\/\/ecosupplements.be\/fr\/"},{"@type":"ListItem","position":2,"name":"Boutique","item":"https:\/\/ecosupplements.be\/fr\/boutique\/"},{"@type":"ListItem","position":3,"name":"Complexe de vitamine C-1000 &#8211; tamponn\u00e9 avec 250mg de bioflavono\u00efdes &#8211; 90 comprim\u00e9s"}]},{"@type":"WebSite","@id":"https:\/\/ecosupplements.be\/fr\/#website","url":"https:\/\/ecosupplements.be\/fr\/","name":"ECO Supplements","description":"Eco Supplements - Gezonde supplementen","publisher":{"@id":"https:\/\/ecosupplements.be\/fr\/#organization"},"potentialAction":[{"@type":"SearchAction","target":{"@type":"EntryPoint","urlTemplate":"https:\/\/ecosupplements.be\/fr\/?s={search_term_string}"},"query-input":{"@type":"PropertyValueSpecification","valueRequired":true,"valueName":"search_term_string"}}],"inLanguage":"fr-FR"},{"@type":"Organization","@id":"https:\/\/ecosupplements.be\/fr\/#organization","name":"Eco Supplements","url":"https:\/\/ecosupplements.be\/fr\/","logo":{"@type":"ImageObject","inLanguage":"fr-FR","@id":"https:\/\/ecosupplements.be\/fr\/#\/schema\/logo\/image\/","url":"https:\/\/ecosupplements.be\/wp-content\/uploads\/2022\/06\/ecosupplement-family.png","contentUrl":"https:\/\/ecosupplements.be\/wp-content\/uploads\/2022\/06\/ecosupplement-family.png","width":593,"height":374,"caption":"Eco Supplements"},"image":{"@id":"https:\/\/ecosupplements.be\/fr\/#\/schema\/logo\/image\/"}}]},"product_brand":"NOW Foods","product_price_amount":"17.99","product_price_currency":"EUR","og_availability":"instock","product_availability":"instock","product_retailer_item_id":"733739007001","product_condition":"new"},"_links":{"self":[{"href":"https:\/\/ecosupplements.be\/fr\/wp-json\/wp\/v2\/product\/282192","targetHints":{"allow":["GET"]}}],"collection":[{"href":"https:\/\/ecosupplements.be\/fr\/wp-json\/wp\/v2\/product"}],"about":[{"href":"https:\/\/ecosupplements.be\/fr\/wp-json\/wp\/v2\/types\/product"}],"replies":[{"embeddable":true,"href":"https:\/\/ecosupplements.be\/fr\/wp-json\/wp\/v2\/comments?post=282192"}],"wp:featuredmedia":[{"embeddable":true,"href":"https:\/\/ecosupplements.be\/fr\/wp-json\/wp\/v2\/media\/253071"}],"wp:attachment":[{"href":"https:\/\/ecosupplements.be\/fr\/wp-json\/wp\/v2\/media?parent=282192"}],"wp:term":[{"taxonomy":"product_brand","embeddable":true,"href":"https:\/\/ecosupplements.be\/fr\/wp-json\/wp\/v2\/product_brand?post=282192"},{"taxonomy":"product_cat","embeddable":true,"href":"https:\/\/ecosupplements.be\/fr\/wp-json\/wp\/v2\/product_cat?post=282192"},{"taxonomy":"product_tag","embeddable":true,"href":"https:\/\/ecosupplements.be\/fr\/wp-json\/wp\/v2\/product_tag?post=282192"}],"curies":[{"name":"wp","href":"https:\/\/api.w.org\/{rel}","templated":true}]}}