{"id":282205,"date":"2022-06-28T10:27:16","date_gmt":"2022-06-28T09:27:16","guid":{"rendered":"https:\/\/ecosupplements.be\/product\/creme-a-la-vitamine-d-3-118-ml\/"},"modified":"2025-08-27T12:14:49","modified_gmt":"2025-08-27T11:14:49","slug":"creme-a-la-vitamine-d-3-118-ml","status":"publish","type":"product","link":"https:\/\/ecosupplements.be\/fr\/produit\/creme-a-la-vitamine-d-3-118-ml\/","title":{"rendered":"Cr\u00e8me \u00e0 la vitamine D-3 &#8211; 118 ml."},"content":{"rendered":"<h1 style=\"text-align: center;\">NOW Foods &#8211; Cr\u00e8me de vitamine D-3<\/h1>\n<p>&#8211; 1 000 UI par gramme<br \/>\n&#8211; Hydratation Intense<br \/>\n&#8211; Nourrit la peau<br \/>\n&#8211; Vitamine D-3 haute puissance<br \/>\n&#8211; Sans paraben<\/p>\n<p>Condition : Peau s\u00e8che ayant besoin d&#8217;une hydratation quotidienne intense pour renouveler et maintenir un \u00e9quilibre sain entre l&#8217;eau et l&#8217;huile.<br \/>\ncomme des cellules \u00e9pidermiques saines.<\/p>\n<p>Solution : La cr\u00e8me Vitamin D-3 offre un renouvellement complet de l&#8217;hydratation gr\u00e2ce \u00e0 un rapport soigneusement \u00e9quilibr\u00e9 de nutriments b\u00e9n\u00e9fiques. Un seul gramme de cr\u00e8me Vitamin D-3, soit l&#8217;\u00e9quivalent d&#8217;un quart de cuill\u00e8re \u00e0 caf\u00e9, comprend 1000 UI de vitamine D-3<br \/>\n(l&#8217;\u00e9quivalent d&#8217;une softgel typique) pour aider \u00e0 apaiser la peau s\u00e8che et craquel\u00e9e, 500 UI de vitamine A pour aider \u00e0 rajeunir votre<br \/>\nla peau gr\u00e2ce \u00e0 ses bienfaits antioxydants, et 50 UI de vitamine E pour aider \u00e0 renouveler en douceur et naturellement la peau endommag\u00e9e. Vous obtenez tout cela en une seule application, ce qui peut aider votre peau \u00e0 retrouver sa sant\u00e9 et son \u00e9clat.<\/p>\n<p>Cr\u00e8me de vitamine D-3 Ingr\u00e9dients :<br \/>\nEau d\u00e9sionis\u00e9e, gel de feuilles d&#8217;Aloe Vera (Aloe barbadensis) (certifi\u00e9 biologique), st\u00e9arate de glyc\u00e9ryle SE, beurre de karit\u00e9, d-alpha tocoph\u00e9rol (vitamine E), alcool c\u00e9t\u00e9arylique\/glucoside c\u00e9t\u00e9arylique, triglyc\u00e9ride caprylique\/caprique, Aquaxyl, glyc\u00e9rine v\u00e9g\u00e9tale, alcool st\u00e9arylique, alcool c\u00e9t\u00e9arylique, alcool c\u00e9tylique, palmitate de c\u00e9tyle, phospholipides (provenant de la l\u00e9cithine de soja), Glucose\/Glucose Oxidase\/Lactoperoxidase (conservateur naturel), B\u00e9ta\u00efne Anhydre (Trim\u00e9thylglycine) (TMG), Huile de Jojoba, Huile de Graine de Meadowfoam, Cholecalciferol (Vitamine D-3), Sodium Hyaluronate (Acide Hyaluronique), phosphate d&#8217;ascorbyle sodique (vitamine C), palmitate de r\u00e9tinyle (vitamine A), d-panth\u00e9nol, squalane, ar\u00f4me d&#8217;orange satsuma, l\u00e9cithine de soja hydroxyl\u00e9e, gomme scl\u00e9rotique, sorbate de potassium et acide citrique. Sans gluten.<\/p>\n<p>Cr\u00e8me de vitamine D-3 Utilisation recommand\u00e9e :<br \/>\nPour garder une peau bien nourrie, saine et hydrat\u00e9e, appliquez quotidiennement 1\/4 de cuill\u00e8re \u00e0 caf\u00e9 sur la peau.<\/p>\n<p><img decoding=\"async\" src=\"https:\/\/ecosupplements.be\/wp-content\/uploads\/2025\/08\/gluten-free-1.png\" title=\"Sans gluten\" alt=\"Gluten free\"><\/p>\n","protected":false},"excerpt":{"rendered":"<p>NOW Foods &#8211; Cr\u00e8me de vitamine D-3 &#8211; 1 000 UI par gramme &#8211; Hydratation Intense &#8211; Nourrit la peau &#8211; Vitamine D-3 haute puissance &#8211; Sans paraben Condition : Peau s\u00e8che ayant besoin d&#8217;une hydratation quotidienne intense pour renouveler et maintenir un \u00e9quilibre sain entre l&#8217;eau et l&#8217;huile. comme des cellules \u00e9pidermiques saines. Solution [&#8230;]\n","protected":false},"featured_media":253144,"comment_status":"open","ping_status":"open","template":"","meta":[],"product_brand":[4733],"product_cat":[5114,5053],"product_tag":[],"class_list":{"0":"post-282205","1":"product","2":"type-product","3":"status-publish","4":"has-post-thumbnail","6":"product_brand-now-foods-2","7":"product_cat-beaute","8":"product_cat-vitamines-et-mineraux","10":"first","11":"instock","12":"taxable","13":"shipping-taxable","14":"purchasable","15":"product-type-simple"},"yoast_head":"<!-- This site is optimized with the Yoast SEO Premium plugin v27.3 (Yoast SEO v27.3) - https:\/\/yoast.com\/product\/yoast-seo-premium-wordpress\/ -->\n<title>Cr\u00e8me \u00e0 la vitamine D-3 - 118 ml. - ECO Supplements<\/title>\n<meta name=\"description\" content=\"Wij hebben een ruime keuze aan producten van Cr\u00e8me \u00e0 la vitamine D-3 - 118 ml. . Winkel bij Eco Supplements altijd gratis verzending boven 100\u20ac\" \/>\n<meta name=\"robots\" content=\"index, follow, max-snippet:-1, max-image-preview:large, max-video-preview:-1\" \/>\n<link rel=\"canonical\" href=\"https:\/\/ecosupplements.be\/fr\/produit\/creme-a-la-vitamine-d-3-118-ml\/\" \/>\n<meta property=\"og:locale\" content=\"fr_FR\" \/>\n<meta property=\"og:type\" content=\"article\" \/>\n<meta property=\"og:title\" content=\"Cr\u00e8me \u00e0 la vitamine D-3 - 118 ml.\" \/>\n<meta property=\"og:description\" content=\"Wij hebben een ruime keuze aan producten van Cr\u00e8me \u00e0 la vitamine D-3 - 118 ml. . Winkel bij Eco Supplements altijd gratis verzending boven 100\u20ac\" \/>\n<meta property=\"og:url\" content=\"https:\/\/ecosupplements.be\/fr\/produit\/creme-a-la-vitamine-d-3-118-ml\/\" \/>\n<meta property=\"og:site_name\" content=\"ECO Supplements\" \/>\n<meta property=\"article:modified_time\" content=\"2025-08-27T11:14:49+00:00\" \/>\n<meta property=\"og:image\" content=\"https:\/\/ecosupplements.be\/wp-content\/uploads\/2025\/08\/NOW-Foods-Vitamin-D-3-Cream-118-ml-1.jpg\" \/>\n\t<meta property=\"og:image:width\" content=\"500\" \/>\n\t<meta property=\"og:image:height\" content=\"500\" \/>\n\t<meta property=\"og:image:type\" content=\"image\/jpeg\" \/>\n<meta name=\"twitter:card\" content=\"summary_large_image\" \/>\n<meta name=\"twitter:label1\" content=\"Prix\" \/>\n\t<meta name=\"twitter:data1\" content=\"10.97&nbsp;&euro;\" \/>\n\t<meta name=\"twitter:label2\" content=\"Disponibilit\u00e9\" \/>\n\t<meta name=\"twitter:data2\" content=\"En stock\" \/>\n<script type=\"application\/ld+json\" class=\"yoast-schema-graph\">{\"@context\":\"https:\\\/\\\/schema.org\",\"@graph\":[{\"@type\":[\"WebPage\",\"ItemPage\"],\"@id\":\"https:\\\/\\\/ecosupplements.be\\\/fr\\\/produit\\\/creme-a-la-vitamine-d-3-118-ml\\\/\",\"url\":\"https:\\\/\\\/ecosupplements.be\\\/fr\\\/produit\\\/creme-a-la-vitamine-d-3-118-ml\\\/\",\"name\":\"Cr\u00e8me \u00e0 la vitamine D-3 - 118 ml. - ECO Supplements\",\"isPartOf\":{\"@id\":\"https:\\\/\\\/ecosupplements.be\\\/fr\\\/#website\"},\"primaryImageOfPage\":{\"@id\":\"https:\\\/\\\/ecosupplements.be\\\/fr\\\/produit\\\/creme-a-la-vitamine-d-3-118-ml\\\/#primaryimage\"},\"image\":{\"@id\":\"https:\\\/\\\/ecosupplements.be\\\/fr\\\/produit\\\/creme-a-la-vitamine-d-3-118-ml\\\/#primaryimage\"},\"thumbnailUrl\":\"https:\\\/\\\/ecosupplements.be\\\/wp-content\\\/uploads\\\/2025\\\/08\\\/NOW-Foods-Vitamin-D-3-Cream-118-ml-1.jpg\",\"datePublished\":\"2022-06-28T09:27:16+00:00\",\"dateModified\":\"2025-08-27T11:14:49+00:00\",\"description\":\"Wij hebben een ruime keuze aan producten van Cr\u00e8me \u00e0 la vitamine D-3 - 118 ml. . Winkel bij Eco Supplements altijd gratis verzending boven 100\u20ac\",\"breadcrumb\":{\"@id\":\"https:\\\/\\\/ecosupplements.be\\\/fr\\\/produit\\\/creme-a-la-vitamine-d-3-118-ml\\\/#breadcrumb\"},\"inLanguage\":\"fr-FR\",\"potentialAction\":[{\"@type\":\"ReadAction\",\"target\":[\"https:\\\/\\\/ecosupplements.be\\\/fr\\\/produit\\\/creme-a-la-vitamine-d-3-118-ml\\\/\"]}]},{\"@type\":\"ImageObject\",\"inLanguage\":\"fr-FR\",\"@id\":\"https:\\\/\\\/ecosupplements.be\\\/fr\\\/produit\\\/creme-a-la-vitamine-d-3-118-ml\\\/#primaryimage\",\"url\":\"https:\\\/\\\/ecosupplements.be\\\/wp-content\\\/uploads\\\/2025\\\/08\\\/NOW-Foods-Vitamin-D-3-Cream-118-ml-1.jpg\",\"contentUrl\":\"https:\\\/\\\/ecosupplements.be\\\/wp-content\\\/uploads\\\/2025\\\/08\\\/NOW-Foods-Vitamin-D-3-Cream-118-ml-1.jpg\",\"width\":500,\"height\":500},{\"@type\":\"BreadcrumbList\",\"@id\":\"https:\\\/\\\/ecosupplements.be\\\/fr\\\/produit\\\/creme-a-la-vitamine-d-3-118-ml\\\/#breadcrumb\",\"itemListElement\":[{\"@type\":\"ListItem\",\"position\":1,\"name\":\"Home\",\"item\":\"https:\\\/\\\/ecosupplements.be\\\/fr\\\/\"},{\"@type\":\"ListItem\",\"position\":2,\"name\":\"Boutique\",\"item\":\"https:\\\/\\\/ecosupplements.be\\\/fr\\\/boutique\\\/\"},{\"@type\":\"ListItem\",\"position\":3,\"name\":\"Cr\u00e8me \u00e0 la vitamine D-3 &#8211; 118 ml.\"}]},{\"@type\":\"WebSite\",\"@id\":\"https:\\\/\\\/ecosupplements.be\\\/fr\\\/#website\",\"url\":\"https:\\\/\\\/ecosupplements.be\\\/fr\\\/\",\"name\":\"ECO Supplements\",\"description\":\"Eco Supplements - Gezonde supplementen\",\"publisher\":{\"@id\":\"https:\\\/\\\/ecosupplements.be\\\/fr\\\/#organization\"},\"potentialAction\":[{\"@type\":\"SearchAction\",\"target\":{\"@type\":\"EntryPoint\",\"urlTemplate\":\"https:\\\/\\\/ecosupplements.be\\\/fr\\\/?s={search_term_string}\"},\"query-input\":{\"@type\":\"PropertyValueSpecification\",\"valueRequired\":true,\"valueName\":\"search_term_string\"}}],\"inLanguage\":\"fr-FR\"},{\"@type\":\"Organization\",\"@id\":\"https:\\\/\\\/ecosupplements.be\\\/fr\\\/#organization\",\"name\":\"Eco Supplements\",\"url\":\"https:\\\/\\\/ecosupplements.be\\\/fr\\\/\",\"logo\":{\"@type\":\"ImageObject\",\"inLanguage\":\"fr-FR\",\"@id\":\"https:\\\/\\\/ecosupplements.be\\\/fr\\\/#\\\/schema\\\/logo\\\/image\\\/\",\"url\":\"https:\\\/\\\/ecosupplements.be\\\/wp-content\\\/uploads\\\/2022\\\/06\\\/ecosupplement-family.png\",\"contentUrl\":\"https:\\\/\\\/ecosupplements.be\\\/wp-content\\\/uploads\\\/2022\\\/06\\\/ecosupplement-family.png\",\"width\":593,\"height\":374,\"caption\":\"Eco Supplements\"},\"image\":{\"@id\":\"https:\\\/\\\/ecosupplements.be\\\/fr\\\/#\\\/schema\\\/logo\\\/image\\\/\"}}]}<\/script>\n<meta property=\"product:brand\" content=\"NOW Foods\" \/>\n<meta property=\"product:price:amount\" content=\"10.97\" \/>\n<meta property=\"product:price:currency\" content=\"EUR\" \/>\n<meta property=\"og:availability\" content=\"instock\" \/>\n<meta property=\"product:availability\" content=\"instock\" \/>\n<meta property=\"product:retailer_item_id\" content=\"733739081988\" \/>\n<meta property=\"product:condition\" content=\"new\" \/>\n<!-- \/ Yoast SEO Premium plugin. -->","yoast_head_json":{"title":"Cr\u00e8me \u00e0 la vitamine D-3 - 118 ml. - ECO Supplements","description":"Wij hebben een ruime keuze aan producten van Cr\u00e8me \u00e0 la vitamine D-3 - 118 ml. . Winkel bij Eco Supplements altijd gratis verzending boven 100\u20ac","robots":{"index":"index","follow":"follow","max-snippet":"max-snippet:-1","max-image-preview":"max-image-preview:large","max-video-preview":"max-video-preview:-1"},"canonical":"https:\/\/ecosupplements.be\/fr\/produit\/creme-a-la-vitamine-d-3-118-ml\/","og_locale":"fr_FR","og_type":"article","og_title":"Cr\u00e8me \u00e0 la vitamine D-3 - 118 ml.","og_description":"Wij hebben een ruime keuze aan producten van Cr\u00e8me \u00e0 la vitamine D-3 - 118 ml. . Winkel bij Eco Supplements altijd gratis verzending boven 100\u20ac","og_url":"https:\/\/ecosupplements.be\/fr\/produit\/creme-a-la-vitamine-d-3-118-ml\/","og_site_name":"ECO Supplements","article_modified_time":"2025-08-27T11:14:49+00:00","og_image":[{"width":500,"height":500,"url":"https:\/\/ecosupplements.be\/wp-content\/uploads\/2025\/08\/NOW-Foods-Vitamin-D-3-Cream-118-ml-1.jpg","type":"image\/jpeg"}],"twitter_card":"summary_large_image","twitter_misc":{"Prix":"10.97&nbsp;&euro;","Disponibilit\u00e9":"En stock"},"schema":{"@context":"https:\/\/schema.org","@graph":[{"@type":["WebPage","ItemPage"],"@id":"https:\/\/ecosupplements.be\/fr\/produit\/creme-a-la-vitamine-d-3-118-ml\/","url":"https:\/\/ecosupplements.be\/fr\/produit\/creme-a-la-vitamine-d-3-118-ml\/","name":"Cr\u00e8me \u00e0 la vitamine D-3 - 118 ml. - ECO Supplements","isPartOf":{"@id":"https:\/\/ecosupplements.be\/fr\/#website"},"primaryImageOfPage":{"@id":"https:\/\/ecosupplements.be\/fr\/produit\/creme-a-la-vitamine-d-3-118-ml\/#primaryimage"},"image":{"@id":"https:\/\/ecosupplements.be\/fr\/produit\/creme-a-la-vitamine-d-3-118-ml\/#primaryimage"},"thumbnailUrl":"https:\/\/ecosupplements.be\/wp-content\/uploads\/2025\/08\/NOW-Foods-Vitamin-D-3-Cream-118-ml-1.jpg","datePublished":"2022-06-28T09:27:16+00:00","dateModified":"2025-08-27T11:14:49+00:00","description":"Wij hebben een ruime keuze aan producten van Cr\u00e8me \u00e0 la vitamine D-3 - 118 ml. . Winkel bij Eco Supplements altijd gratis verzending boven 100\u20ac","breadcrumb":{"@id":"https:\/\/ecosupplements.be\/fr\/produit\/creme-a-la-vitamine-d-3-118-ml\/#breadcrumb"},"inLanguage":"fr-FR","potentialAction":[{"@type":"ReadAction","target":["https:\/\/ecosupplements.be\/fr\/produit\/creme-a-la-vitamine-d-3-118-ml\/"]}]},{"@type":"ImageObject","inLanguage":"fr-FR","@id":"https:\/\/ecosupplements.be\/fr\/produit\/creme-a-la-vitamine-d-3-118-ml\/#primaryimage","url":"https:\/\/ecosupplements.be\/wp-content\/uploads\/2025\/08\/NOW-Foods-Vitamin-D-3-Cream-118-ml-1.jpg","contentUrl":"https:\/\/ecosupplements.be\/wp-content\/uploads\/2025\/08\/NOW-Foods-Vitamin-D-3-Cream-118-ml-1.jpg","width":500,"height":500},{"@type":"BreadcrumbList","@id":"https:\/\/ecosupplements.be\/fr\/produit\/creme-a-la-vitamine-d-3-118-ml\/#breadcrumb","itemListElement":[{"@type":"ListItem","position":1,"name":"Home","item":"https:\/\/ecosupplements.be\/fr\/"},{"@type":"ListItem","position":2,"name":"Boutique","item":"https:\/\/ecosupplements.be\/fr\/boutique\/"},{"@type":"ListItem","position":3,"name":"Cr\u00e8me \u00e0 la vitamine D-3 &#8211; 118 ml."}]},{"@type":"WebSite","@id":"https:\/\/ecosupplements.be\/fr\/#website","url":"https:\/\/ecosupplements.be\/fr\/","name":"ECO Supplements","description":"Eco Supplements - Gezonde supplementen","publisher":{"@id":"https:\/\/ecosupplements.be\/fr\/#organization"},"potentialAction":[{"@type":"SearchAction","target":{"@type":"EntryPoint","urlTemplate":"https:\/\/ecosupplements.be\/fr\/?s={search_term_string}"},"query-input":{"@type":"PropertyValueSpecification","valueRequired":true,"valueName":"search_term_string"}}],"inLanguage":"fr-FR"},{"@type":"Organization","@id":"https:\/\/ecosupplements.be\/fr\/#organization","name":"Eco Supplements","url":"https:\/\/ecosupplements.be\/fr\/","logo":{"@type":"ImageObject","inLanguage":"fr-FR","@id":"https:\/\/ecosupplements.be\/fr\/#\/schema\/logo\/image\/","url":"https:\/\/ecosupplements.be\/wp-content\/uploads\/2022\/06\/ecosupplement-family.png","contentUrl":"https:\/\/ecosupplements.be\/wp-content\/uploads\/2022\/06\/ecosupplement-family.png","width":593,"height":374,"caption":"Eco Supplements"},"image":{"@id":"https:\/\/ecosupplements.be\/fr\/#\/schema\/logo\/image\/"}}]},"product_brand":"NOW Foods","product_price_amount":"10.97","product_price_currency":"EUR","og_availability":"instock","product_availability":"instock","product_retailer_item_id":"733739081988","product_condition":"new"},"_links":{"self":[{"href":"https:\/\/ecosupplements.be\/fr\/wp-json\/wp\/v2\/product\/282205","targetHints":{"allow":["GET"]}}],"collection":[{"href":"https:\/\/ecosupplements.be\/fr\/wp-json\/wp\/v2\/product"}],"about":[{"href":"https:\/\/ecosupplements.be\/fr\/wp-json\/wp\/v2\/types\/product"}],"replies":[{"embeddable":true,"href":"https:\/\/ecosupplements.be\/fr\/wp-json\/wp\/v2\/comments?post=282205"}],"wp:featuredmedia":[{"embeddable":true,"href":"https:\/\/ecosupplements.be\/fr\/wp-json\/wp\/v2\/media\/253144"}],"wp:attachment":[{"href":"https:\/\/ecosupplements.be\/fr\/wp-json\/wp\/v2\/media?parent=282205"}],"wp:term":[{"taxonomy":"product_brand","embeddable":true,"href":"https:\/\/ecosupplements.be\/fr\/wp-json\/wp\/v2\/product_brand?post=282205"},{"taxonomy":"product_cat","embeddable":true,"href":"https:\/\/ecosupplements.be\/fr\/wp-json\/wp\/v2\/product_cat?post=282205"},{"taxonomy":"product_tag","embeddable":true,"href":"https:\/\/ecosupplements.be\/fr\/wp-json\/wp\/v2\/product_tag?post=282205"}],"curies":[{"name":"wp","href":"https:\/\/api.w.org\/{rel}","templated":true}]}}