{"id":282263,"date":"2024-03-09T13:53:00","date_gmt":"2024-03-09T12:53:00","guid":{"rendered":"https:\/\/ecosupplements.be\/product\/chela-mag-b6-forte-60-caps\/"},"modified":"2025-08-27T12:18:14","modified_gmt":"2025-08-27T11:18:14","slug":"chela-mag-b6-forte-60-caps","status":"publish","type":"product","link":"https:\/\/ecosupplements.be\/fr\/produit\/chela-mag-b6-forte-60-caps\/","title":{"rendered":"Chela-Mag B6, Forte &#8211; 60 caps"},"content":{"rendered":"<h1 style=\"text-align: center\">Olimp &#8211; Sant\u00e9 &#8211; Chela-Mag B6<\/h1>\n<p>Chela-Mag-B6 est un compl\u00e9ment alimentaire contenant du magn\u00e9sium sous forme de ch\u00e9late d&#8217;acide amin\u00e9 ALBION, enrichi en vitamine B6.<\/p>\n<p>Pourquoi le magn\u00e9sium est-il si important pour notre organisme ?<br \/>\nLe magn\u00e9sium, class\u00e9 dans le groupe des macromin\u00e9raux, les composants n\u00e9cessaires \u00e0 la vie quotidienne en quantit\u00e9s importantes, est souvent appel\u00e9 l&#8217;\u00e9l\u00e9ment de la vie et de l&#8217;\u00e9nergie. De nombreuses \u00e9tudes scientifiques ont confirm\u00e9 qu&#8217;il est l&#8217;un des quatre cations les plus importants pour le bon fonctionnement de notre organisme. Le magn\u00e9sium est un min\u00e9ral \u00e9l\u00e9mentaire essentiel au maintien de l&#8217;hom\u00e9ostasie, c&#8217;est-\u00e0-dire l&#8217;\u00e9quilibre biochimique de notre corps. Cet \u00e9l\u00e9ment participe \u00e0 plus de 300 r\u00e9actions enzymatiques qui ont lieu chaque jour dans nos cellules. L&#8217;une de ses fonctions les plus importantes est la participation \u00e0 la synth\u00e8se du carburant cellulaire. Sans la pr\u00e9sence d&#8217;une quantit\u00e9 appropri\u00e9e de magn\u00e9sium, la production d&#8217;\u00e9nergie indispensable au fonctionnement quotidien de l&#8217;organisme se fait de mani\u00e8re inefficace. C&#8217;est pourquoi nous nous sentons toujours fatigu\u00e9s, lorsque nous manquons de magn\u00e9sium. En outre, ce min\u00e9ral participe au transport actif de divers composants \u00e0 travers les membranes cellulaires ; il contribue notamment \u00e0 maintenir le bon \u00e9quilibre entre le sodium et le calcium. Le magn\u00e9sium est un \u00e9l\u00e9ment essentiel \u00e0 l&#8217;action quotidienne de nos muscles et au bon fonctionnement du syst\u00e8me nerveux. Ce min\u00e9ral contribue \u00e9galement au bon fonctionnement du c\u0153ur et de l&#8217;ensemble du syst\u00e8me circulatoire.<\/p>\n<p>Comment peut se manifester une carence en magn\u00e9sium ?<br \/>\nLa carence en cet \u00e9l\u00e9ment est un probl\u00e8me tr\u00e8s courant qui touche pratiquement la moiti\u00e9 de la population. Avec le d\u00e9veloppement de la civilisation et la pollution progressive de l&#8217;environnement, avec un mode de vie trop intensif, la carence en magn\u00e9sium appara\u00eet progressivement et s&#8217;aggrave avec le temps. En outre, de nombreux facteurs peuvent intensifier la perte de cet \u00e9l\u00e9ment dans l&#8217;organisme. Il s&#8217;agit principalement du stress, omnipr\u00e9sent dans notre vie professionnelle et priv\u00e9e, de l&#8217;abus d&#8217;alcool, du tabagisme et de la consommation de grandes quantit\u00e9s de caf\u00e9. Malheureusement, notre alimentation est souvent trop pauvre en magn\u00e9sium et ne fournit pas la quantit\u00e9 ad\u00e9quate de ce pr\u00e9cieux min\u00e9ral.<\/p>\n<p>Pourquoi Chela-Mag B6 ?<br \/>\nLe suppl\u00e9ment de magn\u00e9sium de haute qualit\u00e9 compl\u00e9tant les carences, r\u00e9compens\u00e9 par la M\u00e9daille d&#8217;Or ALBION, le Prix des Professeurs de Pharmacie 2009 et l&#8217;Embl\u00e8me International de la Qualit\u00e9 d&#8217;Or 2009. Le produit exceptionnel et innovant contenant le ch\u00e9late d&#8217;acide amin\u00e9 de magn\u00e9sium ALBION de haute bioaccessibilit\u00e9 et d&#8217;efficacit\u00e9 confirm\u00e9e dans des \u00e9tudes cliniques. Les formes non organiques de magn\u00e9sium sont mal absorb\u00e9es ; de plus, elles fixent l&#8217;eau dans les intestins et peuvent entra\u00eener des diarrh\u00e9es. Apr\u00e8s avoir \u00e9t\u00e9 aval\u00e9s, les sels de magn\u00e9sium se d\u00e9composent en ions charg\u00e9s qui s&#8217;efforcent de se neutraliser le plus rapidement possible ; seule leur partie n\u00e9gligeable est li\u00e9e sur le chemin de la ch\u00e9lation naturelle peu efficace et est absorb\u00e9e dans l&#8217;intestin. Le ch\u00e9late d&#8217;acide amin\u00e9 de magn\u00e9sium ALBION ne se d\u00e9compose pas en ions et n&#8217;est absorb\u00e9 que lorsqu&#8217;il atteint l&#8217;intestin gr\u00eale. Toute la particule du ch\u00e9late d&#8217;acide amin\u00e9 de magn\u00e9sium est transport\u00e9e vers les cellules ayant besoin de magn\u00e9sium et son exc\u00e8s \u00e9ventuel est \u00e9limin\u00e9 sans aucun dommage pour l&#8217;organisme.<\/p>\n<p>Pour qui Chela-Mag B6 est-il recommand\u00e9 ?<br \/>\n Les personnes particuli\u00e8rement expos\u00e9es \u00e0 une carence en magn\u00e9sium dans l&#8217;organisme sont celles qui :<br \/>\n&#8211; Mener une vie intensive<br \/>\n&#8211; sont expos\u00e9s \u00e0 un stress excessif<br \/>\n&#8211; Sont physiquement actifs<br \/>\n&#8211; Boire du caf\u00e9 et des quantit\u00e9s mod\u00e9r\u00e9es \u00e0 importantes d&#8217;alcool<br \/>\n&#8211; Fum\u00e9e<\/p>\n<p>Les maladies des personnes \u00e2g\u00e9es telles que : l&#8217;insuffisance circulatoire, l&#8217;hypertension ou le diab\u00e8te augmentent le besoin de cet \u00e9l\u00e9ment. La suppl\u00e9mentation doit \u00eatre prise en consid\u00e9ration par les personnes suivant un r\u00e9gime d\u00e9s\u00e9quilibr\u00e9 relativement pauvre en calories.<\/p>\n","protected":false},"excerpt":{"rendered":"<p>Olimp &#8211; Sant\u00e9 &#8211; Chela-Mag B6 Chela-Mag-B6 est un compl\u00e9ment alimentaire contenant du magn\u00e9sium sous forme de ch\u00e9late d&#8217;acide amin\u00e9 ALBION, enrichi en vitamine B6. Pourquoi le magn\u00e9sium est-il si important pour notre organisme ? Le magn\u00e9sium, class\u00e9 dans le groupe des macromin\u00e9raux, les composants n\u00e9cessaires \u00e0 la vie quotidienne en quantit\u00e9s importantes, est souvent [&#8230;]\n","protected":false},"featured_media":234697,"comment_status":"open","ping_status":"open","template":"","meta":[],"product_brand":[4753],"product_cat":[5167,5064,5073,5053,5059],"product_tag":[],"class_list":{"0":"post-282263","1":"product","2":"type-product","3":"status-publish","4":"has-post-thumbnail","6":"product_brand-olimp-nutrition-2","7":"product_cat-b6-vitamine-b-vitamines-simples","8":"product_cat-mineraux-simples","9":"product_cat-vitamine-b-vitamines-simples","10":"product_cat-vitamines-et-mineraux","11":"product_cat-vitamines-simples","13":"first","14":"instock","15":"taxable","16":"shipping-taxable","17":"purchasable","18":"product-type-simple"},"yoast_head":"<!-- This site is optimized with the Yoast SEO Premium plugin v27.5 (Yoast SEO v27.5) - https:\/\/yoast.com\/product\/yoast-seo-premium-wordpress\/ -->\n<title>Chela-Mag B6, Forte - 60 caps - ECO Supplements<\/title>\n<meta name=\"description\" content=\"Wij hebben een ruime keuze aan producten van Chela-Mag B6, Forte - 60 caps . Winkel bij Eco Supplements altijd gratis verzending boven 100\u20ac\" \/>\n<meta name=\"robots\" content=\"index, follow, max-snippet:-1, max-image-preview:large, max-video-preview:-1\" \/>\n<link rel=\"canonical\" href=\"https:\/\/ecosupplements.be\/fr\/produit\/chela-mag-b6-forte-60-caps\/\" \/>\n<meta property=\"og:locale\" content=\"fr_FR\" \/>\n<meta property=\"og:type\" content=\"article\" \/>\n<meta property=\"og:title\" content=\"Chela-Mag B6, Forte - 60 caps\" \/>\n<meta property=\"og:description\" content=\"Wij hebben een ruime keuze aan producten van Chela-Mag B6, Forte - 60 caps . Winkel bij Eco Supplements altijd gratis verzending boven 100\u20ac\" \/>\n<meta property=\"og:url\" content=\"https:\/\/ecosupplements.be\/fr\/produit\/chela-mag-b6-forte-60-caps\/\" \/>\n<meta property=\"og:site_name\" content=\"ECO Supplements\" \/>\n<meta property=\"article:modified_time\" content=\"2025-08-27T11:18:14+00:00\" \/>\n<meta property=\"og:image\" content=\"https:\/\/ecosupplements.be\/wp-content\/uploads\/2025\/08\/Olimp-Nutrition-Chela-Mag-B6-Forte-60-caps.jpeg\" \/>\n\t<meta property=\"og:image:width\" content=\"500\" \/>\n\t<meta property=\"og:image:height\" content=\"500\" \/>\n\t<meta property=\"og:image:type\" content=\"image\/webp\" \/>\n<meta name=\"twitter:card\" content=\"summary_large_image\" \/>\n<meta name=\"twitter:label1\" content=\"Prix\" \/>\n\t<meta name=\"twitter:data1\" content=\"16.84&nbsp;&euro;\" \/>\n\t<meta name=\"twitter:label2\" content=\"Disponibilit\u00e9\" \/>\n\t<meta name=\"twitter:data2\" content=\"En stock\" \/>\n<script type=\"application\/ld+json\" class=\"yoast-schema-graph\">{\"@context\":\"https:\\\/\\\/schema.org\",\"@graph\":[{\"@type\":[\"WebPage\",\"ItemPage\"],\"@id\":\"https:\\\/\\\/ecosupplements.be\\\/fr\\\/produit\\\/chela-mag-b6-forte-60-caps\\\/\",\"url\":\"https:\\\/\\\/ecosupplements.be\\\/fr\\\/produit\\\/chela-mag-b6-forte-60-caps\\\/\",\"name\":\"Chela-Mag B6, Forte - 60 caps - ECO Supplements\",\"isPartOf\":{\"@id\":\"https:\\\/\\\/ecosupplements.be\\\/fr\\\/#website\"},\"primaryImageOfPage\":{\"@id\":\"https:\\\/\\\/ecosupplements.be\\\/fr\\\/produit\\\/chela-mag-b6-forte-60-caps\\\/#primaryimage\"},\"image\":{\"@id\":\"https:\\\/\\\/ecosupplements.be\\\/fr\\\/produit\\\/chela-mag-b6-forte-60-caps\\\/#primaryimage\"},\"thumbnailUrl\":\"https:\\\/\\\/ecosupplements.be\\\/wp-content\\\/uploads\\\/2025\\\/08\\\/Olimp-Nutrition-Chela-Mag-B6-Forte-60-caps.jpeg\",\"datePublished\":\"2024-03-09T12:53:00+00:00\",\"dateModified\":\"2025-08-27T11:18:14+00:00\",\"description\":\"Wij hebben een ruime keuze aan producten van Chela-Mag B6, Forte - 60 caps . Winkel bij Eco Supplements altijd gratis verzending boven 100\u20ac\",\"breadcrumb\":{\"@id\":\"https:\\\/\\\/ecosupplements.be\\\/fr\\\/produit\\\/chela-mag-b6-forte-60-caps\\\/#breadcrumb\"},\"inLanguage\":\"fr-FR\",\"potentialAction\":[{\"@type\":\"ReadAction\",\"target\":[\"https:\\\/\\\/ecosupplements.be\\\/fr\\\/produit\\\/chela-mag-b6-forte-60-caps\\\/\"]}]},{\"@type\":\"ImageObject\",\"inLanguage\":\"fr-FR\",\"@id\":\"https:\\\/\\\/ecosupplements.be\\\/fr\\\/produit\\\/chela-mag-b6-forte-60-caps\\\/#primaryimage\",\"url\":\"https:\\\/\\\/ecosupplements.be\\\/wp-content\\\/uploads\\\/2025\\\/08\\\/Olimp-Nutrition-Chela-Mag-B6-Forte-60-caps.jpeg\",\"contentUrl\":\"https:\\\/\\\/ecosupplements.be\\\/wp-content\\\/uploads\\\/2025\\\/08\\\/Olimp-Nutrition-Chela-Mag-B6-Forte-60-caps.jpeg\",\"width\":500,\"height\":500},{\"@type\":\"BreadcrumbList\",\"@id\":\"https:\\\/\\\/ecosupplements.be\\\/fr\\\/produit\\\/chela-mag-b6-forte-60-caps\\\/#breadcrumb\",\"itemListElement\":[{\"@type\":\"ListItem\",\"position\":1,\"name\":\"Home\",\"item\":\"https:\\\/\\\/ecosupplements.be\\\/fr\\\/\"},{\"@type\":\"ListItem\",\"position\":2,\"name\":\"Boutique\",\"item\":\"https:\\\/\\\/ecosupplements.be\\\/fr\\\/boutique\\\/\"},{\"@type\":\"ListItem\",\"position\":3,\"name\":\"Chela-Mag B6, Forte &#8211; 60 caps\"}]},{\"@type\":\"WebSite\",\"@id\":\"https:\\\/\\\/ecosupplements.be\\\/fr\\\/#website\",\"url\":\"https:\\\/\\\/ecosupplements.be\\\/fr\\\/\",\"name\":\"ECO Supplements\",\"description\":\"Eco Supplements - Gezonde supplementen\",\"publisher\":{\"@id\":\"https:\\\/\\\/ecosupplements.be\\\/fr\\\/#organization\"},\"potentialAction\":[{\"@type\":\"SearchAction\",\"target\":{\"@type\":\"EntryPoint\",\"urlTemplate\":\"https:\\\/\\\/ecosupplements.be\\\/fr\\\/?s={search_term_string}\"},\"query-input\":{\"@type\":\"PropertyValueSpecification\",\"valueRequired\":true,\"valueName\":\"search_term_string\"}}],\"inLanguage\":\"fr-FR\"},{\"@type\":\"Organization\",\"@id\":\"https:\\\/\\\/ecosupplements.be\\\/fr\\\/#organization\",\"name\":\"Eco Supplements\",\"url\":\"https:\\\/\\\/ecosupplements.be\\\/fr\\\/\",\"logo\":{\"@type\":\"ImageObject\",\"inLanguage\":\"fr-FR\",\"@id\":\"https:\\\/\\\/ecosupplements.be\\\/fr\\\/#\\\/schema\\\/logo\\\/image\\\/\",\"url\":\"https:\\\/\\\/ecosupplements.be\\\/wp-content\\\/uploads\\\/2022\\\/06\\\/ecosupplement-family.png\",\"contentUrl\":\"https:\\\/\\\/ecosupplements.be\\\/wp-content\\\/uploads\\\/2022\\\/06\\\/ecosupplement-family.png\",\"width\":593,\"height\":374,\"caption\":\"Eco Supplements\"},\"image\":{\"@id\":\"https:\\\/\\\/ecosupplements.be\\\/fr\\\/#\\\/schema\\\/logo\\\/image\\\/\"}}]}<\/script>\n<meta property=\"product:brand\" content=\"Olimp Nutrition\" \/>\n<meta property=\"product:price:amount\" content=\"16.84\" \/>\n<meta property=\"product:price:currency\" content=\"EUR\" \/>\n<meta property=\"og:availability\" content=\"instock\" \/>\n<meta property=\"product:availability\" content=\"instock\" \/>\n<meta property=\"product:retailer_item_id\" content=\"5901330022685\" \/>\n<meta property=\"product:condition\" content=\"new\" \/>\n<!-- \/ Yoast SEO Premium plugin. -->","yoast_head_json":{"title":"Chela-Mag B6, Forte - 60 caps - ECO Supplements","description":"Wij hebben een ruime keuze aan producten van Chela-Mag B6, Forte - 60 caps . Winkel bij Eco Supplements altijd gratis verzending boven 100\u20ac","robots":{"index":"index","follow":"follow","max-snippet":"max-snippet:-1","max-image-preview":"max-image-preview:large","max-video-preview":"max-video-preview:-1"},"canonical":"https:\/\/ecosupplements.be\/fr\/produit\/chela-mag-b6-forte-60-caps\/","og_locale":"fr_FR","og_type":"article","og_title":"Chela-Mag B6, Forte - 60 caps","og_description":"Wij hebben een ruime keuze aan producten van Chela-Mag B6, Forte - 60 caps . Winkel bij Eco Supplements altijd gratis verzending boven 100\u20ac","og_url":"https:\/\/ecosupplements.be\/fr\/produit\/chela-mag-b6-forte-60-caps\/","og_site_name":"ECO Supplements","article_modified_time":"2025-08-27T11:18:14+00:00","og_image":[{"width":500,"height":500,"url":"https:\/\/ecosupplements.be\/wp-content\/uploads\/2025\/08\/Olimp-Nutrition-Chela-Mag-B6-Forte-60-caps.jpeg","type":"image\/webp"}],"twitter_card":"summary_large_image","twitter_misc":{"Prix":"16.84&nbsp;&euro;","Disponibilit\u00e9":"En stock"},"schema":{"@context":"https:\/\/schema.org","@graph":[{"@type":["WebPage","ItemPage"],"@id":"https:\/\/ecosupplements.be\/fr\/produit\/chela-mag-b6-forte-60-caps\/","url":"https:\/\/ecosupplements.be\/fr\/produit\/chela-mag-b6-forte-60-caps\/","name":"Chela-Mag B6, Forte - 60 caps - ECO Supplements","isPartOf":{"@id":"https:\/\/ecosupplements.be\/fr\/#website"},"primaryImageOfPage":{"@id":"https:\/\/ecosupplements.be\/fr\/produit\/chela-mag-b6-forte-60-caps\/#primaryimage"},"image":{"@id":"https:\/\/ecosupplements.be\/fr\/produit\/chela-mag-b6-forte-60-caps\/#primaryimage"},"thumbnailUrl":"https:\/\/ecosupplements.be\/wp-content\/uploads\/2025\/08\/Olimp-Nutrition-Chela-Mag-B6-Forte-60-caps.jpeg","datePublished":"2024-03-09T12:53:00+00:00","dateModified":"2025-08-27T11:18:14+00:00","description":"Wij hebben een ruime keuze aan producten van Chela-Mag B6, Forte - 60 caps . Winkel bij Eco Supplements altijd gratis verzending boven 100\u20ac","breadcrumb":{"@id":"https:\/\/ecosupplements.be\/fr\/produit\/chela-mag-b6-forte-60-caps\/#breadcrumb"},"inLanguage":"fr-FR","potentialAction":[{"@type":"ReadAction","target":["https:\/\/ecosupplements.be\/fr\/produit\/chela-mag-b6-forte-60-caps\/"]}]},{"@type":"ImageObject","inLanguage":"fr-FR","@id":"https:\/\/ecosupplements.be\/fr\/produit\/chela-mag-b6-forte-60-caps\/#primaryimage","url":"https:\/\/ecosupplements.be\/wp-content\/uploads\/2025\/08\/Olimp-Nutrition-Chela-Mag-B6-Forte-60-caps.jpeg","contentUrl":"https:\/\/ecosupplements.be\/wp-content\/uploads\/2025\/08\/Olimp-Nutrition-Chela-Mag-B6-Forte-60-caps.jpeg","width":500,"height":500},{"@type":"BreadcrumbList","@id":"https:\/\/ecosupplements.be\/fr\/produit\/chela-mag-b6-forte-60-caps\/#breadcrumb","itemListElement":[{"@type":"ListItem","position":1,"name":"Home","item":"https:\/\/ecosupplements.be\/fr\/"},{"@type":"ListItem","position":2,"name":"Boutique","item":"https:\/\/ecosupplements.be\/fr\/boutique\/"},{"@type":"ListItem","position":3,"name":"Chela-Mag B6, Forte &#8211; 60 caps"}]},{"@type":"WebSite","@id":"https:\/\/ecosupplements.be\/fr\/#website","url":"https:\/\/ecosupplements.be\/fr\/","name":"ECO Supplements","description":"Eco Supplements - Gezonde supplementen","publisher":{"@id":"https:\/\/ecosupplements.be\/fr\/#organization"},"potentialAction":[{"@type":"SearchAction","target":{"@type":"EntryPoint","urlTemplate":"https:\/\/ecosupplements.be\/fr\/?s={search_term_string}"},"query-input":{"@type":"PropertyValueSpecification","valueRequired":true,"valueName":"search_term_string"}}],"inLanguage":"fr-FR"},{"@type":"Organization","@id":"https:\/\/ecosupplements.be\/fr\/#organization","name":"Eco Supplements","url":"https:\/\/ecosupplements.be\/fr\/","logo":{"@type":"ImageObject","inLanguage":"fr-FR","@id":"https:\/\/ecosupplements.be\/fr\/#\/schema\/logo\/image\/","url":"https:\/\/ecosupplements.be\/wp-content\/uploads\/2022\/06\/ecosupplement-family.png","contentUrl":"https:\/\/ecosupplements.be\/wp-content\/uploads\/2022\/06\/ecosupplement-family.png","width":593,"height":374,"caption":"Eco Supplements"},"image":{"@id":"https:\/\/ecosupplements.be\/fr\/#\/schema\/logo\/image\/"}}]},"product_brand":"Olimp Nutrition","product_price_amount":"16.84","product_price_currency":"EUR","og_availability":"instock","product_availability":"instock","product_retailer_item_id":"5901330022685","product_condition":"new"},"_links":{"self":[{"href":"https:\/\/ecosupplements.be\/fr\/wp-json\/wp\/v2\/product\/282263","targetHints":{"allow":["GET"]}}],"collection":[{"href":"https:\/\/ecosupplements.be\/fr\/wp-json\/wp\/v2\/product"}],"about":[{"href":"https:\/\/ecosupplements.be\/fr\/wp-json\/wp\/v2\/types\/product"}],"replies":[{"embeddable":true,"href":"https:\/\/ecosupplements.be\/fr\/wp-json\/wp\/v2\/comments?post=282263"}],"wp:featuredmedia":[{"embeddable":true,"href":"https:\/\/ecosupplements.be\/fr\/wp-json\/wp\/v2\/media\/234697"}],"wp:attachment":[{"href":"https:\/\/ecosupplements.be\/fr\/wp-json\/wp\/v2\/media?parent=282263"}],"wp:term":[{"taxonomy":"product_brand","embeddable":true,"href":"https:\/\/ecosupplements.be\/fr\/wp-json\/wp\/v2\/product_brand?post=282263"},{"taxonomy":"product_cat","embeddable":true,"href":"https:\/\/ecosupplements.be\/fr\/wp-json\/wp\/v2\/product_cat?post=282263"},{"taxonomy":"product_tag","embeddable":true,"href":"https:\/\/ecosupplements.be\/fr\/wp-json\/wp\/v2\/product_tag?post=282263"}],"curies":[{"name":"wp","href":"https:\/\/api.w.org\/{rel}","templated":true}]}}