{"id":282267,"date":"2024-03-09T13:53:25","date_gmt":"2024-03-09T12:53:25","guid":{"rendered":"https:\/\/ecosupplements.be\/product\/daa-xtreme-prolact-block-60-comprimes\/"},"modified":"2025-08-27T12:18:23","modified_gmt":"2025-08-27T11:18:23","slug":"daa-xtreme-prolact-block-60-comprimes","status":"publish","type":"product","link":"https:\/\/ecosupplements.be\/fr\/produit\/daa-xtreme-prolact-block-60-comprimes\/","title":{"rendered":"DAA Xtreme Prolact-Block &#8211; 60 comprim\u00e9s"},"content":{"rendered":"<h1 style=\"text-align: center\">Olimp Nutrition &#8211; DAA Xtreme Prolact-Block<\/h1>\n<p>Un inhibiteur de prolactine dans un booster de st\u00e9rone &#8211; c&#8217;est quelque chose de compl\u00e8tement nouveau !<\/p>\n<p>Il y a plusieurs ann\u00e9es, les experts des Laboratoires Olimp ont cess\u00e9 de concevoir des compl\u00e9ments alimentaires visant \u00e0 augmenter la production interne de st\u00e9rone affectant l&#8217;organisme en utilisant un seul m\u00e9canisme biochimique. Au fur et \u00e0 mesure que la science se d\u00e9veloppe et que les exigences des athl\u00e8tes professionnels concernant la qualit\u00e9 des produits continuent d&#8217;augmenter (il est maintenant exig\u00e9 qu&#8217;en plus d&#8217;augmenter le niveau de st\u00e9rone, les produits neutralisent les effets n\u00e9fastes des concentrations \u00e9lev\u00e9es d&#8217;\u0153strog\u00e8nes et de prolactine), tout le potentiel actuellement offert par des substances actives totalement l\u00e9gales et s\u00fbres a \u00e9t\u00e9 mis en \u0153uvre dans un produit avanc\u00e9 stimulant la production de st\u00e9rone &#8211; le DAA Xtreme PROLACT-BLOCK. Dans le m\u00eame temps, il s&#8217;agit \u00e9galement d&#8217;une alternative viable aux produits extr\u00eamement nocifs de type st\u00e9ro\u00efdes anabolisants-androg\u00e8nes.<\/p>\n<p>De nos jours, pratiquement tous les sports bas\u00e9s sur la force ou la vitesse et les entra\u00eenements de force, \u00e9tablissent un lien direct entre les r\u00e9sultats des entra\u00eenements et le niveau de st\u00e9rone du corps.<\/p>\n<p>DAA Xtreme PROLACT-BLOCK est une panac\u00e9e pour la graisse excessive pendant les cycles de masse lourde !<\/p>\n<p>Malheureusement, un inconv\u00e9nient commun des produits visant \u00e0 augmenter le niveau d&#8217;androg\u00e8ne masculin est l&#8217;augmentation simultan\u00e9e du niveau d&#8217;\u0153strog\u00e8ne (l&#8217;augmentation de l&#8217;activit\u00e9 de l&#8217;enzyme aromatase), qui \u00e0 son tour stimule la s\u00e9cr\u00e9tion de prolactine par l&#8217;hypophyse. Leur effet peut donc \u00eatre compar\u00e9 \u00e0 une \u00e9p\u00e9e \u00e0 double tranchant, qui, dans l&#8217;ensemble, apporte plus de pertes que de gains, surtout chez les personnes sensibles \u00e0 la prolactine ou \u00e0 sa production accrue g\u00e9n\u00e9tiquement d\u00e9termin\u00e9e, encore intensifi\u00e9e par la consommation de T-boosters populaires de type plus ancien.<\/p>\n<p>S&#8217;il y a un risque que vous apparteniez au groupe de personnes ayant un niveau \u00e9lev\u00e9 de prolactine d\u00e9termin\u00e9 g\u00e9n\u00e9tiquement, DAA Xtreme PROLACT-BLOCK est parfait pour vous !<\/p>\n<p>Les cons\u00e9quences n\u00e9gatives d&#8217;un taux \u00e9lev\u00e9 de prolactine peuvent inclure, en particulier, une r\u00e9duction du taux de st\u00e9rone chez les hommes(1), ceci en raison de la r\u00e9duction de la s\u00e9cr\u00e9tion des hormones gonadotrophines (LH, FSH) par la r\u00e9duction du taux de GnRH(2). Cela peut conduire \u00e0 un dysfonctionnement \u00e9rectile ainsi qu&#8217;\u00e0 un hypogonadisme permanent, sans parler d&#8217;une r\u00e9duction imm\u00e9diate du taux de st\u00e9rone, de la libido, de la d\u00e9t\u00e9rioration de l&#8217;humeur, des capacit\u00e9s et du taux de r\u00e9g\u00e9n\u00e9ration de la condition physique et, par cons\u00e9quent, des progr\u00e8s de l&#8217;entra\u00eenement.<\/p>\n<p>Le nouveau concept de composition du &#8220;T-booster&#8221; innovant, cr\u00e9\u00e9 dans les laboratoires ultramodernes d&#8217;Olympus Labs, englobe de mani\u00e8re holistique l&#8217;induction de la synth\u00e8se interne de st\u00e9rone dans le corps masculin, en supposant une biosynth\u00e8se minimale et\/ou la r\u00e9duction de l&#8217;impact n\u00e9gatif des hormones, telles que, entre autres, l&#8217;\u0153strog\u00e8ne et la prolactine, sur les athl\u00e8tes, \u00e9tablissant ainsi de nouvelles tendances dans la production de boosters de st\u00e9rone efficaces et physiologiquement optimis\u00e9s en termes d&#8217;efficacit\u00e9 de l&#8217;exercice sportif.<\/p>\n<p>Olimp Sport Nutrition a d\u00e9velopp\u00e9 un nouveau concept pour la composition des T-boosters, qui a \u00e9t\u00e9 mis en \u0153uvre dans le DAA Xtreme PROLACT-BLOCK !<\/p>\n<p>Comment \u00e7a marche : fonctionnellement le DAA Xtreme PROLACT-BLOCK affecte le corps par la pr\u00e9sence d&#8217;acide D-aspartique (DAA), qui se trouve naturellement dans nos cellules endocrines, les glandes surr\u00e9nales, le pancr\u00e9as, la thyro\u00efde, la parathyro\u00efde et en grande partie dans l&#8217;hypophyse et les testicules. La plus forte concentration de cet acide amin\u00e9 a \u00e9t\u00e9 trouv\u00e9e dans le plasma sanguin veineux des testicules, les cellules parenchymateuses, les tubules s\u00e9minif\u00e8res et le liquide interstitiel testiculaire(3). La participation du DAA aux m\u00e9canismes r\u00e9gulant la production de st\u00e9rone favorisant le d\u00e9veloppement de la masse musculaire n&#8217;a \u00e9t\u00e9 d\u00e9crite que ces derni\u00e8res ann\u00e9es. On a observ\u00e9 que l&#8217;acide D-aspartique lib\u00e8re la GnRH de l&#8217;hypothalamus, l&#8217;hormone lut\u00e9inisante (LH) et l&#8217;hormone de croissance (GH) de l&#8217;hypophyse, et la st\u00e9rone des testicules(4).<\/p>\n<p>Les \u00e9tudes sur l&#8217;homme confirment incontestablement l&#8217;efficacit\u00e9 des DAA purs. Mais Olimp Sport Nutrition offre quelque chose de plus<\/p>\n<p>En 2009, des \u00e9tudes ont \u00e9t\u00e9 men\u00e9es(3), au cours desquelles l&#8217;impact du DAA (3,12g\/jour) sur les niveaux de st\u00e9rone et de LH chez des hommes en bonne sant\u00e9 a \u00e9t\u00e9 analys\u00e9. L&#8217;exp\u00e9rience a dur\u00e9 12 jours et a clairement montr\u00e9 l&#8217;efficacit\u00e9 du DAA analys\u00e9. Le niveau de st\u00e9rone a augment\u00e9 de 43% et celui de LH de 33%. De plus, apr\u00e8s l&#8217;arr\u00eat de la suppl\u00e9mentation en acide D-aspartique, la persistance des niveaux \u00e9lev\u00e9s de LH et de st\u00e9rone a \u00e9t\u00e9 observ\u00e9e (voir tableau ci-dessous). Dans le groupe placebo, aucun changement significatif n&#8217;a \u00e9t\u00e9 observ\u00e9.<\/p>\n<p>Des effets aussi marqu\u00e9s ont \u00e9t\u00e9 obtenus avec une dose quotidienne de DAA de 3,12g. Olimp Sport Nutrition est all\u00e9 plus loin en proposant une dose quotidienne de 3200mg de DAA de qualit\u00e9 pharmaceutique \u00e0 un groupe de personnes parmi les plus exigeantes qui s&#8217;efforcent d&#8217;am\u00e9liorer la quantit\u00e9 et la qualit\u00e9 de la masse musculaire ainsi que les performances physiques.<\/p>\n<p>Connaissant parfaitement tous les effets de la dose de DAA, les chercheurs du d\u00e9partement de recherche et d\u00e9veloppement d&#8217;Olimp Sport Nutrition ont d\u00e9cid\u00e9 de limiter efficacement les cons\u00e9quences possibles d&#8217;une s\u00e9cr\u00e9tion \u00e9lev\u00e9e de prolactine ind\u00e9sirable. La simplicit\u00e9 ainsi que la s\u00e9curit\u00e9 et l&#8217;ing\u00e9niosit\u00e9 de la solution r\u00e9sident dans le fait que des compos\u00e9s simples, \u00e0 savoir la vitamine B6, la vitamine E et le zinc (5, 6, 7) ont \u00e9t\u00e9 utilis\u00e9s comme inhibiteurs de cette hormone dans des rapports de poids appropri\u00e9s \u00e9troitement orient\u00e9s vers les personnes pr\u00e9sentant une production interne accrue de st\u00e9rone. De cette fa\u00e7on, l&#8217;effet d\u00e9vastateur de la prolactine sur la masse musculaire, l&#8217;\u00e9quilibre endocrinien, la libido et la capacit\u00e9 d&#8217;exercice a \u00e9t\u00e9 r\u00e9duit au minimum, faisant en m\u00eame temps du DAA Xtreme PROLACT-BLOCK un excellent produit pour les personnes ayant une sensibilit\u00e9 g\u00e9n\u00e9tiquement d\u00e9termin\u00e9e \u00e0 la prolactine, des probl\u00e8mes permanents pour obtenir une silhouette maigre, sculpt\u00e9e et muscl\u00e9e, souvent inconscientes des causes factuelles de leurs \u00e9checs dans leurs efforts de di\u00e9t\u00e9tique et d&#8217;entra\u00eenement.<\/p>\n<p>Le fait que l&#8217;acide D-aspartique ait un effet positif sur la fertilit\u00e9, en am\u00e9liorant le volume et la motilit\u00e9 des spermatozo\u00efdes(8), n&#8217;est pas sans signification \u00e0 l&#8217;heure o\u00f9 la r\u00e9duction de la fertilit\u00e9 masculine dans la population g\u00e9n\u00e9rale devient une question de sant\u00e9 de premi\u00e8re importance.<\/p>\n<p>DAA Xtreme PROLACT-BLOCK signifie S\u00c9CURIT\u00c9 ABSOLUE &#8211; vous pouvez cesser la suppl\u00e9mentation \u00e0 tout moment sans cons\u00e9quences, comme un d\u00e9s\u00e9quilibre endocrinien.<\/p>\n<p>DAA Xtreme PROLACT-BLOCK cr\u00e9\u00e9 par Olimp Sport Nutrition vous offre une opportunit\u00e9 unique d&#8217;augmenter la production de st\u00e9rone, tout en r\u00e9duisant les cons\u00e9quences n\u00e9gatives potentielles de la sensibilit\u00e9 du corps \u00e0 la cascade hormonale r\u00e9sultant de niveaux \u00e9lev\u00e9s d&#8217;androg\u00e8nes.<\/p>\n","protected":false},"excerpt":{"rendered":"<p>Olimp Nutrition &#8211; DAA Xtreme Prolact-Block Un inhibiteur de prolactine dans un booster de st\u00e9rone &#8211; c&#8217;est quelque chose de compl\u00e8tement nouveau ! Il y a plusieurs ann\u00e9es, les experts des Laboratoires Olimp ont cess\u00e9 de concevoir des compl\u00e9ments alimentaires visant \u00e0 augmenter la production interne de st\u00e9rone affectant l&#8217;organisme en utilisant un seul m\u00e9canisme [&#8230;]\n","protected":false},"featured_media":234717,"comment_status":"open","ping_status":"open","template":"","meta":[],"product_brand":[4753],"product_cat":[5048,5228,5142,5177,5079],"product_tag":[],"class_list":{"0":"post-282267","1":"product","2":"type-product","3":"status-publish","4":"has-post-thumbnail","6":"product_brand-olimp-nutrition-2","7":"product_cat-aptitude","8":"product_cat-daa","9":"product_cat-nouveaux-produits","10":"product_cat-soutien-naturel-a-la-sterone","11":"product_cat-support-en-t-naturel","13":"first","14":"instock","15":"taxable","16":"shipping-taxable","17":"purchasable","18":"product-type-simple"},"yoast_head":"<!-- This site is optimized with the Yoast SEO Premium plugin v27.3 (Yoast SEO v27.3) - https:\/\/yoast.com\/product\/yoast-seo-premium-wordpress\/ -->\n<title>DAA Xtreme Prolact-Block - 60 comprim\u00e9s - ECO Supplements<\/title>\n<meta name=\"description\" content=\"Wij hebben een ruime keuze aan producten van DAA Xtreme Prolact-Block - 60 comprim\u00e9s . Winkel bij Eco Supplements altijd gratis verzending boven 100\u20ac\" \/>\n<meta name=\"robots\" content=\"index, follow, max-snippet:-1, max-image-preview:large, max-video-preview:-1\" \/>\n<link rel=\"canonical\" href=\"https:\/\/ecosupplements.be\/fr\/produit\/daa-xtreme-prolact-block-60-comprimes\/\" \/>\n<meta property=\"og:locale\" content=\"fr_FR\" \/>\n<meta property=\"og:type\" content=\"article\" \/>\n<meta property=\"og:title\" content=\"DAA Xtreme Prolact-Block - 60 comprim\u00e9s\" \/>\n<meta property=\"og:description\" content=\"Wij hebben een ruime keuze aan producten van DAA Xtreme Prolact-Block - 60 comprim\u00e9s . Winkel bij Eco Supplements altijd gratis verzending boven 100\u20ac\" \/>\n<meta property=\"og:url\" content=\"https:\/\/ecosupplements.be\/fr\/produit\/daa-xtreme-prolact-block-60-comprimes\/\" \/>\n<meta property=\"og:site_name\" content=\"ECO Supplements\" \/>\n<meta property=\"article:modified_time\" content=\"2025-08-27T11:18:23+00:00\" \/>\n<meta property=\"og:image\" content=\"https:\/\/ecosupplements.be\/wp-content\/uploads\/2025\/08\/Olimp-Nutrition-DAA-Xtreme-Prolact-Block-60-tabs.jpg\" \/>\n\t<meta property=\"og:image:width\" content=\"500\" \/>\n\t<meta property=\"og:image:height\" content=\"500\" \/>\n\t<meta property=\"og:image:type\" content=\"image\/jpeg\" \/>\n<meta name=\"twitter:card\" content=\"summary_large_image\" \/>\n<meta name=\"twitter:label1\" content=\"Prix\" \/>\n\t<meta name=\"twitter:data1\" content=\"18.15&nbsp;&euro;\" \/>\n\t<meta name=\"twitter:label2\" content=\"Disponibilit\u00e9\" \/>\n\t<meta name=\"twitter:data2\" content=\"En stock\" \/>\n<script type=\"application\/ld+json\" class=\"yoast-schema-graph\">{\"@context\":\"https:\\\/\\\/schema.org\",\"@graph\":[{\"@type\":[\"WebPage\",\"ItemPage\"],\"@id\":\"https:\\\/\\\/ecosupplements.be\\\/fr\\\/produit\\\/daa-xtreme-prolact-block-60-comprimes\\\/\",\"url\":\"https:\\\/\\\/ecosupplements.be\\\/fr\\\/produit\\\/daa-xtreme-prolact-block-60-comprimes\\\/\",\"name\":\"DAA Xtreme Prolact-Block - 60 comprim\u00e9s - ECO Supplements\",\"isPartOf\":{\"@id\":\"https:\\\/\\\/ecosupplements.be\\\/fr\\\/#website\"},\"primaryImageOfPage\":{\"@id\":\"https:\\\/\\\/ecosupplements.be\\\/fr\\\/produit\\\/daa-xtreme-prolact-block-60-comprimes\\\/#primaryimage\"},\"image\":{\"@id\":\"https:\\\/\\\/ecosupplements.be\\\/fr\\\/produit\\\/daa-xtreme-prolact-block-60-comprimes\\\/#primaryimage\"},\"thumbnailUrl\":\"https:\\\/\\\/ecosupplements.be\\\/wp-content\\\/uploads\\\/2025\\\/08\\\/Olimp-Nutrition-DAA-Xtreme-Prolact-Block-60-tabs.jpg\",\"datePublished\":\"2024-03-09T12:53:25+00:00\",\"dateModified\":\"2025-08-27T11:18:23+00:00\",\"description\":\"Wij hebben een ruime keuze aan producten van DAA Xtreme Prolact-Block - 60 comprim\u00e9s . Winkel bij Eco Supplements altijd gratis verzending boven 100\u20ac\",\"breadcrumb\":{\"@id\":\"https:\\\/\\\/ecosupplements.be\\\/fr\\\/produit\\\/daa-xtreme-prolact-block-60-comprimes\\\/#breadcrumb\"},\"inLanguage\":\"fr-FR\",\"potentialAction\":[{\"@type\":\"ReadAction\",\"target\":[\"https:\\\/\\\/ecosupplements.be\\\/fr\\\/produit\\\/daa-xtreme-prolact-block-60-comprimes\\\/\"]}]},{\"@type\":\"ImageObject\",\"inLanguage\":\"fr-FR\",\"@id\":\"https:\\\/\\\/ecosupplements.be\\\/fr\\\/produit\\\/daa-xtreme-prolact-block-60-comprimes\\\/#primaryimage\",\"url\":\"https:\\\/\\\/ecosupplements.be\\\/wp-content\\\/uploads\\\/2025\\\/08\\\/Olimp-Nutrition-DAA-Xtreme-Prolact-Block-60-tabs.jpg\",\"contentUrl\":\"https:\\\/\\\/ecosupplements.be\\\/wp-content\\\/uploads\\\/2025\\\/08\\\/Olimp-Nutrition-DAA-Xtreme-Prolact-Block-60-tabs.jpg\",\"width\":500,\"height\":500},{\"@type\":\"BreadcrumbList\",\"@id\":\"https:\\\/\\\/ecosupplements.be\\\/fr\\\/produit\\\/daa-xtreme-prolact-block-60-comprimes\\\/#breadcrumb\",\"itemListElement\":[{\"@type\":\"ListItem\",\"position\":1,\"name\":\"Home\",\"item\":\"https:\\\/\\\/ecosupplements.be\\\/fr\\\/\"},{\"@type\":\"ListItem\",\"position\":2,\"name\":\"Boutique\",\"item\":\"https:\\\/\\\/ecosupplements.be\\\/fr\\\/boutique\\\/\"},{\"@type\":\"ListItem\",\"position\":3,\"name\":\"DAA Xtreme Prolact-Block &#8211; 60 comprim\u00e9s\"}]},{\"@type\":\"WebSite\",\"@id\":\"https:\\\/\\\/ecosupplements.be\\\/fr\\\/#website\",\"url\":\"https:\\\/\\\/ecosupplements.be\\\/fr\\\/\",\"name\":\"ECO Supplements\",\"description\":\"Eco Supplements - Gezonde supplementen\",\"publisher\":{\"@id\":\"https:\\\/\\\/ecosupplements.be\\\/fr\\\/#organization\"},\"potentialAction\":[{\"@type\":\"SearchAction\",\"target\":{\"@type\":\"EntryPoint\",\"urlTemplate\":\"https:\\\/\\\/ecosupplements.be\\\/fr\\\/?s={search_term_string}\"},\"query-input\":{\"@type\":\"PropertyValueSpecification\",\"valueRequired\":true,\"valueName\":\"search_term_string\"}}],\"inLanguage\":\"fr-FR\"},{\"@type\":\"Organization\",\"@id\":\"https:\\\/\\\/ecosupplements.be\\\/fr\\\/#organization\",\"name\":\"Eco Supplements\",\"url\":\"https:\\\/\\\/ecosupplements.be\\\/fr\\\/\",\"logo\":{\"@type\":\"ImageObject\",\"inLanguage\":\"fr-FR\",\"@id\":\"https:\\\/\\\/ecosupplements.be\\\/fr\\\/#\\\/schema\\\/logo\\\/image\\\/\",\"url\":\"https:\\\/\\\/ecosupplements.be\\\/wp-content\\\/uploads\\\/2022\\\/06\\\/ecosupplement-family.png\",\"contentUrl\":\"https:\\\/\\\/ecosupplements.be\\\/wp-content\\\/uploads\\\/2022\\\/06\\\/ecosupplement-family.png\",\"width\":593,\"height\":374,\"caption\":\"Eco Supplements\"},\"image\":{\"@id\":\"https:\\\/\\\/ecosupplements.be\\\/fr\\\/#\\\/schema\\\/logo\\\/image\\\/\"}}]}<\/script>\n<meta property=\"product:brand\" content=\"Olimp Nutrition\" \/>\n<meta property=\"product:price:amount\" content=\"18.15\" \/>\n<meta property=\"product:price:currency\" content=\"EUR\" \/>\n<meta property=\"og:availability\" content=\"instock\" \/>\n<meta property=\"product:availability\" content=\"instock\" \/>\n<meta property=\"product:retailer_item_id\" content=\"5901330042263\" \/>\n<meta property=\"product:condition\" content=\"new\" \/>\n<!-- \/ Yoast SEO Premium plugin. -->","yoast_head_json":{"title":"DAA Xtreme Prolact-Block - 60 comprim\u00e9s - ECO Supplements","description":"Wij hebben een ruime keuze aan producten van DAA Xtreme Prolact-Block - 60 comprim\u00e9s . Winkel bij Eco Supplements altijd gratis verzending boven 100\u20ac","robots":{"index":"index","follow":"follow","max-snippet":"max-snippet:-1","max-image-preview":"max-image-preview:large","max-video-preview":"max-video-preview:-1"},"canonical":"https:\/\/ecosupplements.be\/fr\/produit\/daa-xtreme-prolact-block-60-comprimes\/","og_locale":"fr_FR","og_type":"article","og_title":"DAA Xtreme Prolact-Block - 60 comprim\u00e9s","og_description":"Wij hebben een ruime keuze aan producten van DAA Xtreme Prolact-Block - 60 comprim\u00e9s . Winkel bij Eco Supplements altijd gratis verzending boven 100\u20ac","og_url":"https:\/\/ecosupplements.be\/fr\/produit\/daa-xtreme-prolact-block-60-comprimes\/","og_site_name":"ECO Supplements","article_modified_time":"2025-08-27T11:18:23+00:00","og_image":[{"width":500,"height":500,"url":"https:\/\/ecosupplements.be\/wp-content\/uploads\/2025\/08\/Olimp-Nutrition-DAA-Xtreme-Prolact-Block-60-tabs.jpg","type":"image\/jpeg"}],"twitter_card":"summary_large_image","twitter_misc":{"Prix":"18.15&nbsp;&euro;","Disponibilit\u00e9":"En stock"},"schema":{"@context":"https:\/\/schema.org","@graph":[{"@type":["WebPage","ItemPage"],"@id":"https:\/\/ecosupplements.be\/fr\/produit\/daa-xtreme-prolact-block-60-comprimes\/","url":"https:\/\/ecosupplements.be\/fr\/produit\/daa-xtreme-prolact-block-60-comprimes\/","name":"DAA Xtreme Prolact-Block - 60 comprim\u00e9s - ECO Supplements","isPartOf":{"@id":"https:\/\/ecosupplements.be\/fr\/#website"},"primaryImageOfPage":{"@id":"https:\/\/ecosupplements.be\/fr\/produit\/daa-xtreme-prolact-block-60-comprimes\/#primaryimage"},"image":{"@id":"https:\/\/ecosupplements.be\/fr\/produit\/daa-xtreme-prolact-block-60-comprimes\/#primaryimage"},"thumbnailUrl":"https:\/\/ecosupplements.be\/wp-content\/uploads\/2025\/08\/Olimp-Nutrition-DAA-Xtreme-Prolact-Block-60-tabs.jpg","datePublished":"2024-03-09T12:53:25+00:00","dateModified":"2025-08-27T11:18:23+00:00","description":"Wij hebben een ruime keuze aan producten van DAA Xtreme Prolact-Block - 60 comprim\u00e9s . Winkel bij Eco Supplements altijd gratis verzending boven 100\u20ac","breadcrumb":{"@id":"https:\/\/ecosupplements.be\/fr\/produit\/daa-xtreme-prolact-block-60-comprimes\/#breadcrumb"},"inLanguage":"fr-FR","potentialAction":[{"@type":"ReadAction","target":["https:\/\/ecosupplements.be\/fr\/produit\/daa-xtreme-prolact-block-60-comprimes\/"]}]},{"@type":"ImageObject","inLanguage":"fr-FR","@id":"https:\/\/ecosupplements.be\/fr\/produit\/daa-xtreme-prolact-block-60-comprimes\/#primaryimage","url":"https:\/\/ecosupplements.be\/wp-content\/uploads\/2025\/08\/Olimp-Nutrition-DAA-Xtreme-Prolact-Block-60-tabs.jpg","contentUrl":"https:\/\/ecosupplements.be\/wp-content\/uploads\/2025\/08\/Olimp-Nutrition-DAA-Xtreme-Prolact-Block-60-tabs.jpg","width":500,"height":500},{"@type":"BreadcrumbList","@id":"https:\/\/ecosupplements.be\/fr\/produit\/daa-xtreme-prolact-block-60-comprimes\/#breadcrumb","itemListElement":[{"@type":"ListItem","position":1,"name":"Home","item":"https:\/\/ecosupplements.be\/fr\/"},{"@type":"ListItem","position":2,"name":"Boutique","item":"https:\/\/ecosupplements.be\/fr\/boutique\/"},{"@type":"ListItem","position":3,"name":"DAA Xtreme Prolact-Block &#8211; 60 comprim\u00e9s"}]},{"@type":"WebSite","@id":"https:\/\/ecosupplements.be\/fr\/#website","url":"https:\/\/ecosupplements.be\/fr\/","name":"ECO Supplements","description":"Eco Supplements - Gezonde supplementen","publisher":{"@id":"https:\/\/ecosupplements.be\/fr\/#organization"},"potentialAction":[{"@type":"SearchAction","target":{"@type":"EntryPoint","urlTemplate":"https:\/\/ecosupplements.be\/fr\/?s={search_term_string}"},"query-input":{"@type":"PropertyValueSpecification","valueRequired":true,"valueName":"search_term_string"}}],"inLanguage":"fr-FR"},{"@type":"Organization","@id":"https:\/\/ecosupplements.be\/fr\/#organization","name":"Eco Supplements","url":"https:\/\/ecosupplements.be\/fr\/","logo":{"@type":"ImageObject","inLanguage":"fr-FR","@id":"https:\/\/ecosupplements.be\/fr\/#\/schema\/logo\/image\/","url":"https:\/\/ecosupplements.be\/wp-content\/uploads\/2022\/06\/ecosupplement-family.png","contentUrl":"https:\/\/ecosupplements.be\/wp-content\/uploads\/2022\/06\/ecosupplement-family.png","width":593,"height":374,"caption":"Eco Supplements"},"image":{"@id":"https:\/\/ecosupplements.be\/fr\/#\/schema\/logo\/image\/"}}]},"product_brand":"Olimp Nutrition","product_price_amount":"18.15","product_price_currency":"EUR","og_availability":"instock","product_availability":"instock","product_retailer_item_id":"5901330042263","product_condition":"new"},"_links":{"self":[{"href":"https:\/\/ecosupplements.be\/fr\/wp-json\/wp\/v2\/product\/282267","targetHints":{"allow":["GET"]}}],"collection":[{"href":"https:\/\/ecosupplements.be\/fr\/wp-json\/wp\/v2\/product"}],"about":[{"href":"https:\/\/ecosupplements.be\/fr\/wp-json\/wp\/v2\/types\/product"}],"replies":[{"embeddable":true,"href":"https:\/\/ecosupplements.be\/fr\/wp-json\/wp\/v2\/comments?post=282267"}],"wp:featuredmedia":[{"embeddable":true,"href":"https:\/\/ecosupplements.be\/fr\/wp-json\/wp\/v2\/media\/234717"}],"wp:attachment":[{"href":"https:\/\/ecosupplements.be\/fr\/wp-json\/wp\/v2\/media?parent=282267"}],"wp:term":[{"taxonomy":"product_brand","embeddable":true,"href":"https:\/\/ecosupplements.be\/fr\/wp-json\/wp\/v2\/product_brand?post=282267"},{"taxonomy":"product_cat","embeddable":true,"href":"https:\/\/ecosupplements.be\/fr\/wp-json\/wp\/v2\/product_cat?post=282267"},{"taxonomy":"product_tag","embeddable":true,"href":"https:\/\/ecosupplements.be\/fr\/wp-json\/wp\/v2\/product_tag?post=282267"}],"curies":[{"name":"wp","href":"https:\/\/api.w.org\/{rel}","templated":true}]}}