{"id":282269,"date":"2024-03-09T13:53:31","date_gmt":"2024-03-09T12:53:31","guid":{"rendered":"https:\/\/ecosupplements.be\/product\/detoxeed-pro-60-caps-ean-5901330082658\/"},"modified":"2025-08-27T12:18:31","modified_gmt":"2025-08-27T11:18:31","slug":"detoxeed-pro-60-caps-ean-5901330082658","status":"publish","type":"product","link":"https:\/\/ecosupplements.be\/fr\/produit\/detoxeed-pro-60-caps-ean-5901330082658\/","title":{"rendered":"Detoxeed-Pro &#8211; 60 caps (EAN 5901330082658)"},"content":{"rendered":"<h1 style=\"text-align: center;\">Olimp Nutrition &#8211; Detoxeed-Pro<\/h1>\n<p>Essayez Detoxeed-Pro, un produit complexe qui soutient la protection du foie et les propri\u00e9t\u00e9s antioxydantes !<br \/>\nQu&#8217;est-ce qui rend Detoxeed-Pro sp\u00e9cial ?<br \/>\n&#8211; forme brevet\u00e9e de VitaCholine<br \/>\n&#8211; ingr\u00e9dients naturels<br \/>\n&#8211; extraits de plantes standardis\u00e9s<br \/>\n&#8211; seulement 2 comprim\u00e9s par jour<br \/>\n&#8211; suppl\u00e9mentation compl\u00e8te sur 30 jours<br \/>\n&#8211; chaque lot d&#8217;ingr\u00e9dients de mati\u00e8res premi\u00e8res et chaque produit sont soumis \u00e0 des tests pharmaceutiques et de laboratoire.<br \/>\nVotre foie est le deuxi\u00e8me organe le plus occup\u00e9 de votre corps ! Il est temps de le soutenir, surtout lors d&#8217;un effort physique intense. Nous avons certainement quelque chose pour vous !<br \/>\nDetoxeed-Pro est un compl\u00e9ment alimentaire sous forme de capsules, contenant une formule avanc\u00e9e d&#8217;ingr\u00e9dients v\u00e9g\u00e9taux compos\u00e9e d&#8217;extraits de : chardon marie, artichaut, ortie commune, grande canneberge, rhizome de curcuma et poivre noir, compl\u00e9t\u00e9s par de la choline et de la spiruline.<br \/>\nLa choline, l&#8217;extrait de chardon-marie et l&#8217;extrait d&#8217;artichaut contribuent au bon fonctionnement du foie.<br \/>\nLa spiruline est une source d&#8217;antioxydants.<br \/>\nTandis que l&#8217;extrait de poivre noir facilite l&#8217;absorption des nutriments et augmente l&#8217;efficacit\u00e9 des autres ingr\u00e9dients \u00e0 base de plantes.<br \/>\nCette formule complexe, aux propri\u00e9t\u00e9s anti-oxydation, aidera \u00e0 maintenir l&#8217;\u00e9tat b\u00e9n\u00e9fique du foie.<br \/>\nDetoxeed-Pro est compos\u00e9 exclusivement d&#8217;ingr\u00e9dients naturels, uniquement d&#8217;extraits de plantes standardis\u00e9s et de notre forme brevet\u00e9e VitaCholine. Tous ces ingr\u00e9dients sont soumis \u00e0 des tests en laboratoire et cr\u00e9\u00e9s en qualit\u00e9 pharmaceutique !<br \/>\nIl s&#8217;agit d&#8217;une suppl\u00e9mentation compl\u00e8te de 30 jours. La dose recommand\u00e9e de Detoxeed-Pro est de seulement 2 capsules par jour !<\/p>\n","protected":false},"excerpt":{"rendered":"<p>Olimp Nutrition &#8211; Detoxeed-Pro Essayez Detoxeed-Pro, un produit complexe qui soutient la protection du foie et les propri\u00e9t\u00e9s antioxydantes ! Qu&#8217;est-ce qui rend Detoxeed-Pro sp\u00e9cial ? &#8211; forme brevet\u00e9e de VitaCholine &#8211; ingr\u00e9dients naturels &#8211; extraits de plantes standardis\u00e9s &#8211; seulement 2 comprim\u00e9s par jour &#8211; suppl\u00e9mentation compl\u00e8te sur 30 jours &#8211; chaque lot d&#8217;ingr\u00e9dients [&#8230;]\n","protected":false},"featured_media":264715,"comment_status":"open","ping_status":"open","template":"","meta":[],"product_brand":[4753],"product_cat":[5070,5087,5052],"product_tag":[],"class_list":{"0":"post-282269","1":"product","2":"type-product","3":"status-publish","4":"has-post-thumbnail","6":"product_brand-olimp-nutrition-2","7":"product_cat-non-classe","8":"product_cat-sante-digestive-fibres","9":"product_cat-sante-et-bien-etre","11":"first","12":"instock","13":"taxable","14":"shipping-taxable","15":"purchasable","16":"product-type-simple"},"yoast_head":"<!-- This site is optimized with the Yoast SEO Premium plugin v27.3 (Yoast SEO v27.3) - https:\/\/yoast.com\/product\/yoast-seo-premium-wordpress\/ -->\n<title>Detoxeed-Pro - 60 caps (EAN 5901330082658) - ECO Supplements<\/title>\n<meta name=\"description\" content=\"Wij hebben een ruime keuze aan producten van Detoxeed-Pro - 60 caps (EAN 5901330082658) . Winkel bij Eco Supplements altijd gratis verzending boven 100\u20ac\" \/>\n<meta name=\"robots\" content=\"index, follow, max-snippet:-1, max-image-preview:large, max-video-preview:-1\" \/>\n<link rel=\"canonical\" href=\"https:\/\/ecosupplements.be\/fr\/produit\/detoxeed-pro-60-caps-ean-5901330082658\/\" \/>\n<meta property=\"og:locale\" content=\"fr_FR\" \/>\n<meta property=\"og:type\" content=\"article\" \/>\n<meta property=\"og:title\" content=\"Detoxeed-Pro - 60 caps (EAN 5901330082658)\" \/>\n<meta property=\"og:description\" content=\"Wij hebben een ruime keuze aan producten van Detoxeed-Pro - 60 caps (EAN 5901330082658) . Winkel bij Eco Supplements altijd gratis verzending boven 100\u20ac\" \/>\n<meta property=\"og:url\" content=\"https:\/\/ecosupplements.be\/fr\/produit\/detoxeed-pro-60-caps-ean-5901330082658\/\" \/>\n<meta property=\"og:site_name\" content=\"ECO Supplements\" \/>\n<meta property=\"article:modified_time\" content=\"2025-08-27T11:18:31+00:00\" \/>\n<meta property=\"og:image\" content=\"https:\/\/ecosupplements.be\/wp-content\/uploads\/2025\/08\/Detoxeed-Pro-60-caps-EAN-5901330082658.jpg\" \/>\n\t<meta property=\"og:image:width\" content=\"600\" \/>\n\t<meta property=\"og:image:height\" content=\"362\" \/>\n\t<meta property=\"og:image:type\" content=\"image\/jpeg\" \/>\n<meta name=\"twitter:card\" content=\"summary_large_image\" \/>\n<meta name=\"twitter:label1\" content=\"Prix\" \/>\n\t<meta name=\"twitter:data1\" content=\"12.96&nbsp;&euro;\" \/>\n\t<meta name=\"twitter:label2\" content=\"Disponibilit\u00e9\" \/>\n\t<meta name=\"twitter:data2\" content=\"En stock\" \/>\n<script type=\"application\/ld+json\" class=\"yoast-schema-graph\">{\"@context\":\"https:\\\/\\\/schema.org\",\"@graph\":[{\"@type\":[\"WebPage\",\"ItemPage\"],\"@id\":\"https:\\\/\\\/ecosupplements.be\\\/fr\\\/produit\\\/detoxeed-pro-60-caps-ean-5901330082658\\\/\",\"url\":\"https:\\\/\\\/ecosupplements.be\\\/fr\\\/produit\\\/detoxeed-pro-60-caps-ean-5901330082658\\\/\",\"name\":\"Detoxeed-Pro - 60 caps (EAN 5901330082658) - ECO Supplements\",\"isPartOf\":{\"@id\":\"https:\\\/\\\/ecosupplements.be\\\/fr\\\/#website\"},\"primaryImageOfPage\":{\"@id\":\"https:\\\/\\\/ecosupplements.be\\\/fr\\\/produit\\\/detoxeed-pro-60-caps-ean-5901330082658\\\/#primaryimage\"},\"image\":{\"@id\":\"https:\\\/\\\/ecosupplements.be\\\/fr\\\/produit\\\/detoxeed-pro-60-caps-ean-5901330082658\\\/#primaryimage\"},\"thumbnailUrl\":\"https:\\\/\\\/ecosupplements.be\\\/wp-content\\\/uploads\\\/2025\\\/08\\\/Detoxeed-Pro-60-caps-EAN-5901330082658-1.jpg\",\"datePublished\":\"2024-03-09T12:53:31+00:00\",\"dateModified\":\"2025-08-27T11:18:31+00:00\",\"description\":\"Wij hebben een ruime keuze aan producten van Detoxeed-Pro - 60 caps (EAN 5901330082658) . Winkel bij Eco Supplements altijd gratis verzending boven 100\u20ac\",\"breadcrumb\":{\"@id\":\"https:\\\/\\\/ecosupplements.be\\\/fr\\\/produit\\\/detoxeed-pro-60-caps-ean-5901330082658\\\/#breadcrumb\"},\"inLanguage\":\"fr-FR\",\"potentialAction\":[{\"@type\":\"ReadAction\",\"target\":[\"https:\\\/\\\/ecosupplements.be\\\/fr\\\/produit\\\/detoxeed-pro-60-caps-ean-5901330082658\\\/\"]}]},{\"@type\":\"ImageObject\",\"inLanguage\":\"fr-FR\",\"@id\":\"https:\\\/\\\/ecosupplements.be\\\/fr\\\/produit\\\/detoxeed-pro-60-caps-ean-5901330082658\\\/#primaryimage\",\"url\":\"https:\\\/\\\/ecosupplements.be\\\/wp-content\\\/uploads\\\/2025\\\/08\\\/Detoxeed-Pro-60-caps-EAN-5901330082658-1.jpg\",\"contentUrl\":\"https:\\\/\\\/ecosupplements.be\\\/wp-content\\\/uploads\\\/2025\\\/08\\\/Detoxeed-Pro-60-caps-EAN-5901330082658-1.jpg\",\"width\":600,\"height\":362},{\"@type\":\"BreadcrumbList\",\"@id\":\"https:\\\/\\\/ecosupplements.be\\\/fr\\\/produit\\\/detoxeed-pro-60-caps-ean-5901330082658\\\/#breadcrumb\",\"itemListElement\":[{\"@type\":\"ListItem\",\"position\":1,\"name\":\"Home\",\"item\":\"https:\\\/\\\/ecosupplements.be\\\/fr\\\/\"},{\"@type\":\"ListItem\",\"position\":2,\"name\":\"Boutique\",\"item\":\"https:\\\/\\\/ecosupplements.be\\\/fr\\\/boutique\\\/\"},{\"@type\":\"ListItem\",\"position\":3,\"name\":\"Detoxeed-Pro &#8211; 60 caps (EAN 5901330082658)\"}]},{\"@type\":\"WebSite\",\"@id\":\"https:\\\/\\\/ecosupplements.be\\\/fr\\\/#website\",\"url\":\"https:\\\/\\\/ecosupplements.be\\\/fr\\\/\",\"name\":\"ECO Supplements\",\"description\":\"Eco Supplements - Gezonde supplementen\",\"publisher\":{\"@id\":\"https:\\\/\\\/ecosupplements.be\\\/fr\\\/#organization\"},\"potentialAction\":[{\"@type\":\"SearchAction\",\"target\":{\"@type\":\"EntryPoint\",\"urlTemplate\":\"https:\\\/\\\/ecosupplements.be\\\/fr\\\/?s={search_term_string}\"},\"query-input\":{\"@type\":\"PropertyValueSpecification\",\"valueRequired\":true,\"valueName\":\"search_term_string\"}}],\"inLanguage\":\"fr-FR\"},{\"@type\":\"Organization\",\"@id\":\"https:\\\/\\\/ecosupplements.be\\\/fr\\\/#organization\",\"name\":\"Eco Supplements\",\"url\":\"https:\\\/\\\/ecosupplements.be\\\/fr\\\/\",\"logo\":{\"@type\":\"ImageObject\",\"inLanguage\":\"fr-FR\",\"@id\":\"https:\\\/\\\/ecosupplements.be\\\/fr\\\/#\\\/schema\\\/logo\\\/image\\\/\",\"url\":\"https:\\\/\\\/ecosupplements.be\\\/wp-content\\\/uploads\\\/2022\\\/06\\\/ecosupplement-family.png\",\"contentUrl\":\"https:\\\/\\\/ecosupplements.be\\\/wp-content\\\/uploads\\\/2022\\\/06\\\/ecosupplement-family.png\",\"width\":593,\"height\":374,\"caption\":\"Eco Supplements\"},\"image\":{\"@id\":\"https:\\\/\\\/ecosupplements.be\\\/fr\\\/#\\\/schema\\\/logo\\\/image\\\/\"}}]}<\/script>\n<meta property=\"product:brand\" content=\"Olimp Nutrition\" \/>\n<meta property=\"product:price:amount\" content=\"12.96\" \/>\n<meta property=\"product:price:currency\" content=\"EUR\" \/>\n<meta property=\"og:availability\" content=\"instock\" \/>\n<meta property=\"product:availability\" content=\"instock\" \/>\n<meta property=\"product:retailer_item_id\" content=\"5901330082658\" \/>\n<meta property=\"product:condition\" content=\"new\" \/>\n<!-- \/ Yoast SEO Premium plugin. -->","yoast_head_json":{"title":"Detoxeed-Pro - 60 caps (EAN 5901330082658) - ECO Supplements","description":"Wij hebben een ruime keuze aan producten van Detoxeed-Pro - 60 caps (EAN 5901330082658) . Winkel bij Eco Supplements altijd gratis verzending boven 100\u20ac","robots":{"index":"index","follow":"follow","max-snippet":"max-snippet:-1","max-image-preview":"max-image-preview:large","max-video-preview":"max-video-preview:-1"},"canonical":"https:\/\/ecosupplements.be\/fr\/produit\/detoxeed-pro-60-caps-ean-5901330082658\/","og_locale":"fr_FR","og_type":"article","og_title":"Detoxeed-Pro - 60 caps (EAN 5901330082658)","og_description":"Wij hebben een ruime keuze aan producten van Detoxeed-Pro - 60 caps (EAN 5901330082658) . Winkel bij Eco Supplements altijd gratis verzending boven 100\u20ac","og_url":"https:\/\/ecosupplements.be\/fr\/produit\/detoxeed-pro-60-caps-ean-5901330082658\/","og_site_name":"ECO Supplements","article_modified_time":"2025-08-27T11:18:31+00:00","og_image":[{"width":600,"height":362,"url":"https:\/\/ecosupplements.be\/wp-content\/uploads\/2025\/08\/Detoxeed-Pro-60-caps-EAN-5901330082658.jpg","type":"image\/jpeg"}],"twitter_card":"summary_large_image","twitter_misc":{"Prix":"12.96&nbsp;&euro;","Disponibilit\u00e9":"En stock"},"schema":{"@context":"https:\/\/schema.org","@graph":[{"@type":["WebPage","ItemPage"],"@id":"https:\/\/ecosupplements.be\/fr\/produit\/detoxeed-pro-60-caps-ean-5901330082658\/","url":"https:\/\/ecosupplements.be\/fr\/produit\/detoxeed-pro-60-caps-ean-5901330082658\/","name":"Detoxeed-Pro - 60 caps (EAN 5901330082658) - ECO Supplements","isPartOf":{"@id":"https:\/\/ecosupplements.be\/fr\/#website"},"primaryImageOfPage":{"@id":"https:\/\/ecosupplements.be\/fr\/produit\/detoxeed-pro-60-caps-ean-5901330082658\/#primaryimage"},"image":{"@id":"https:\/\/ecosupplements.be\/fr\/produit\/detoxeed-pro-60-caps-ean-5901330082658\/#primaryimage"},"thumbnailUrl":"https:\/\/ecosupplements.be\/wp-content\/uploads\/2025\/08\/Detoxeed-Pro-60-caps-EAN-5901330082658-1.jpg","datePublished":"2024-03-09T12:53:31+00:00","dateModified":"2025-08-27T11:18:31+00:00","description":"Wij hebben een ruime keuze aan producten van Detoxeed-Pro - 60 caps (EAN 5901330082658) . Winkel bij Eco Supplements altijd gratis verzending boven 100\u20ac","breadcrumb":{"@id":"https:\/\/ecosupplements.be\/fr\/produit\/detoxeed-pro-60-caps-ean-5901330082658\/#breadcrumb"},"inLanguage":"fr-FR","potentialAction":[{"@type":"ReadAction","target":["https:\/\/ecosupplements.be\/fr\/produit\/detoxeed-pro-60-caps-ean-5901330082658\/"]}]},{"@type":"ImageObject","inLanguage":"fr-FR","@id":"https:\/\/ecosupplements.be\/fr\/produit\/detoxeed-pro-60-caps-ean-5901330082658\/#primaryimage","url":"https:\/\/ecosupplements.be\/wp-content\/uploads\/2025\/08\/Detoxeed-Pro-60-caps-EAN-5901330082658-1.jpg","contentUrl":"https:\/\/ecosupplements.be\/wp-content\/uploads\/2025\/08\/Detoxeed-Pro-60-caps-EAN-5901330082658-1.jpg","width":600,"height":362},{"@type":"BreadcrumbList","@id":"https:\/\/ecosupplements.be\/fr\/produit\/detoxeed-pro-60-caps-ean-5901330082658\/#breadcrumb","itemListElement":[{"@type":"ListItem","position":1,"name":"Home","item":"https:\/\/ecosupplements.be\/fr\/"},{"@type":"ListItem","position":2,"name":"Boutique","item":"https:\/\/ecosupplements.be\/fr\/boutique\/"},{"@type":"ListItem","position":3,"name":"Detoxeed-Pro &#8211; 60 caps (EAN 5901330082658)"}]},{"@type":"WebSite","@id":"https:\/\/ecosupplements.be\/fr\/#website","url":"https:\/\/ecosupplements.be\/fr\/","name":"ECO Supplements","description":"Eco Supplements - Gezonde supplementen","publisher":{"@id":"https:\/\/ecosupplements.be\/fr\/#organization"},"potentialAction":[{"@type":"SearchAction","target":{"@type":"EntryPoint","urlTemplate":"https:\/\/ecosupplements.be\/fr\/?s={search_term_string}"},"query-input":{"@type":"PropertyValueSpecification","valueRequired":true,"valueName":"search_term_string"}}],"inLanguage":"fr-FR"},{"@type":"Organization","@id":"https:\/\/ecosupplements.be\/fr\/#organization","name":"Eco Supplements","url":"https:\/\/ecosupplements.be\/fr\/","logo":{"@type":"ImageObject","inLanguage":"fr-FR","@id":"https:\/\/ecosupplements.be\/fr\/#\/schema\/logo\/image\/","url":"https:\/\/ecosupplements.be\/wp-content\/uploads\/2022\/06\/ecosupplement-family.png","contentUrl":"https:\/\/ecosupplements.be\/wp-content\/uploads\/2022\/06\/ecosupplement-family.png","width":593,"height":374,"caption":"Eco Supplements"},"image":{"@id":"https:\/\/ecosupplements.be\/fr\/#\/schema\/logo\/image\/"}}]},"product_brand":"Olimp Nutrition","product_price_amount":"12.96","product_price_currency":"EUR","og_availability":"instock","product_availability":"instock","product_retailer_item_id":"5901330082658","product_condition":"new"},"_links":{"self":[{"href":"https:\/\/ecosupplements.be\/fr\/wp-json\/wp\/v2\/product\/282269","targetHints":{"allow":["GET"]}}],"collection":[{"href":"https:\/\/ecosupplements.be\/fr\/wp-json\/wp\/v2\/product"}],"about":[{"href":"https:\/\/ecosupplements.be\/fr\/wp-json\/wp\/v2\/types\/product"}],"replies":[{"embeddable":true,"href":"https:\/\/ecosupplements.be\/fr\/wp-json\/wp\/v2\/comments?post=282269"}],"wp:featuredmedia":[{"embeddable":true,"href":"https:\/\/ecosupplements.be\/fr\/wp-json\/wp\/v2\/media\/264715"}],"wp:attachment":[{"href":"https:\/\/ecosupplements.be\/fr\/wp-json\/wp\/v2\/media?parent=282269"}],"wp:term":[{"taxonomy":"product_brand","embeddable":true,"href":"https:\/\/ecosupplements.be\/fr\/wp-json\/wp\/v2\/product_brand?post=282269"},{"taxonomy":"product_cat","embeddable":true,"href":"https:\/\/ecosupplements.be\/fr\/wp-json\/wp\/v2\/product_cat?post=282269"},{"taxonomy":"product_tag","embeddable":true,"href":"https:\/\/ecosupplements.be\/fr\/wp-json\/wp\/v2\/product_tag?post=282269"}],"curies":[{"name":"wp","href":"https:\/\/api.w.org\/{rel}","templated":true}]}}