{"id":282270,"date":"2024-03-09T13:53:36","date_gmt":"2024-03-09T12:53:36","guid":{"rendered":"https:\/\/ecosupplements.be\/product\/endugen-60-caps\/"},"modified":"2025-08-27T12:18:33","modified_gmt":"2025-08-27T11:18:33","slug":"endugen-60-caps","status":"publish","type":"product","link":"https:\/\/ecosupplements.be\/fr\/produit\/endugen-60-caps\/","title":{"rendered":"Endugen &#8211; 60 caps"},"content":{"rendered":"<h1 style=\"text-align: center;\">Olimp &#8211; Suppl\u00e9ments &#8211; Endugen<\/h1>\n<p>ENDUGEN &#8211; VOULEZ-VOUS \u00caTRE PR\u00c9PAR\u00c9 POUR LES COMP\u00c9TITIONS LES PLUS DIFFICILES ?<br \/>\nCONSULTEZ ENDUGEN !<br \/>\nEn analysant l&#8217;activit\u00e9 physique des athl\u00e8tes d&#8217;endurance professionnels et des personnes qui pratiquent des sports d&#8217;endurance r\u00e9cr\u00e9atifs, nous constatons que cet effort physique est de nature tr\u00e8s variable : les d\u00e9marrages dynamiques, les changements de direction rapides, les freinages et acc\u00e9l\u00e9rations brusques, ainsi que le fait de couvrir de plus longues distances \u00e0 diff\u00e9rentes vitesses au cours d&#8217;un m\u00eame entra\u00eenement s&#8217;entrem\u00ealent et donnent lieu \u00e0 un entra\u00eenement de haute intensit\u00e9. Dans ces conditions, les m\u00e9canismes ana\u00e9robies d&#8217;obtention d&#8217;\u00e9nergie sont compl\u00e9t\u00e9s par des conversions a\u00e9robies, qui constituent globalement la source dominante d&#8217;\u00e9nergie g\u00e9n\u00e9r\u00e9e par le corps aux fins de l&#8217;effort physique. Par cons\u00e9quent, un compl\u00e9ment alimentaire correctement \u00e9quilibr\u00e9 devrait inclure des pr\u00e9parations de haute qualit\u00e9 pour les athl\u00e8tes d&#8217;endurance, qui assurent un haut niveau d&#8217;efficacit\u00e9 des processus de g\u00e9n\u00e9ration d&#8217;\u00e9nergie a\u00e9robie et ana\u00e9robie.<br \/>\nSENTEZ LA DIFF\u00c9RENCE, FAITES CONFIANCE \u00c0 LA PLUS HAUTE QUALIT\u00c9 !<br \/>\nENDUGEN est d\u00e9finitivement un de ces produits.<br \/>\nSes ingr\u00e9dients ont \u00e9t\u00e9 compil\u00e9s en groupes caract\u00e9ris\u00e9s par une synergie d&#8217;activit\u00e9, qui.. :<br \/>\nAssurer des conditions stables du milieu intracellulaire et soutenir les m\u00e9canismes qui emp\u00eachent la diminution du pH r\u00e9sultant de la production de quantit\u00e9s consid\u00e9rables d&#8217;acide lactique pendant l&#8217;effort physique. Les ions protoniques acides peuvent limiter \u00e0 la fois la production d&#8217;ATP et son transport \u00e0 proximit\u00e9 des myofibrilles, nuisant ainsi \u00e0 l&#8217;efficacit\u00e9 du m\u00e9canisme de g\u00e9n\u00e9ration d&#8217;\u00e9nergie ana\u00e9robie. La b\u00eata-alanine, le bicarbonate de sodium et le chlorure de potassium de l&#8217;acide phosphorique (V) inclus dans ENDUGEN aident \u00e0 maintenir le pH stable des cellules et de l&#8217;ensemble de l&#8217;organisme et contribuent donc \u00e0 l&#8217;am\u00e9lioration de la capacit\u00e9 d&#8217;effort des athl\u00e8tes qui le choisissent. Ils ont un impact positif sur les m\u00e9canismes de g\u00e9n\u00e9ration d&#8217;\u00e9nergie a\u00e9robie qui sont bas\u00e9s sur l&#8217;utilisation des acides gras libres trouv\u00e9s dans les d\u00e9p\u00f4ts de graisse de r\u00e9serve du corps. Des recherches ont montr\u00e9 que l&#8217;augmentation de la capacit\u00e9 d&#8217;exercice ana\u00e9robie peut \u00eatre provoqu\u00e9e par la L-arginine (incluse dans ENDUGEN sous la forme de L-arginine \u03b1-c\u00e9toglutarate (2, 3)) ou l&#8217;extrait de ginseng cor\u00e9en (4, 5). La capsa\u00efcine (6) et la caf\u00e9ine pure et la caf\u00e9ine \u00e0 lib\u00e9ration prolong\u00e9e, pr\u00e9sentes dans l&#8217;extrait de guarana, peuvent \u00e9galement am\u00e9liorer l&#8217;endurance pendant l&#8217;activit\u00e9 physique. Ils soutiennent le fonctionnement du syst\u00e8me nerveux et aident \u00e0 maintenir une vitesse \u00e9lev\u00e9e des signaux c\u00e9r\u00e9braux, tout en retardant la fatigue. Des recherches ont prouv\u00e9 (7, 8), que ces propri\u00e9t\u00e9s se retrouvent dans la taurine, qui est \u00e9galement incluse dans ENDUGEN. Elle combine son activit\u00e9 de mani\u00e8re synergique avec d&#8217;autres ingr\u00e9dients qui ont \u00e9galement des effets similaires, \u00e0 savoir le magn\u00e9sium (sous forme de ch\u00e9late d&#8217;acide amin\u00e9 Albion), la vitamine B2, la niacine et les vitamines B6 et B12.<br \/>\nENDUGEN Une composition d&#8217;extraits de plantes soigneusement s\u00e9lectionn\u00e9s, enrichie d&#8217;une dose puissante de b\u00eata-alanine et de bicarbonate de sodium &#8211; des ingr\u00e9dients utilis\u00e9s depuis longtemps dans des produits exclusifs, qui am\u00e9liorent l&#8217;endurance et la consommation maximale d&#8217;oxyg\u00e8ne (VO2max). Ce produit est recommand\u00e9 aux athl\u00e8tes les plus exigeants, en particulier aux comp\u00e9titeurs de sports d&#8217;endurance dont l&#8217;excellente performance physique fait la diff\u00e9rence entre la d\u00e9faite et la victoire. Le produit doit \u00eatre utilis\u00e9 avant et pendant les \u00e9preuves sportives tr\u00e8s \u00e9prouvantes et pendant les entra\u00eenements plus intensifs (camps d&#8217;entra\u00eenement, boot camps, s\u00e9ances de formation).<br \/>\nENDUGEN &#8211; D\u00c9COUVREZ LES V\u00c9RITABLES POSSIBILIT\u00c9S DE VOTRE CORPS !<\/p>\n","protected":false},"excerpt":{"rendered":"<p>Olimp &#8211; Suppl\u00e9ments &#8211; Endugen ENDUGEN &#8211; VOULEZ-VOUS \u00caTRE PR\u00c9PAR\u00c9 POUR LES COMP\u00c9TITIONS LES PLUS DIFFICILES ? CONSULTEZ ENDUGEN ! En analysant l&#8217;activit\u00e9 physique des athl\u00e8tes d&#8217;endurance professionnels et des personnes qui pratiquent des sports d&#8217;endurance r\u00e9cr\u00e9atifs, nous constatons que cet effort physique est de nature tr\u00e8s variable : les d\u00e9marrages dynamiques, les changements de [&#8230;]\n","protected":false},"featured_media":264718,"comment_status":"open","ping_status":"open","template":"","meta":[],"product_brand":[4753],"product_cat":[5178,5138,5052,5053],"product_tag":[],"class_list":{"0":"post-282270","1":"product","2":"type-product","3":"status-publish","4":"has-post-thumbnail","6":"product_brand-olimp-nutrition-2","7":"product_cat-avant-et-apres-lentrainement","8":"product_cat-endurance","9":"product_cat-sante-et-bien-etre","10":"product_cat-vitamines-et-mineraux","12":"first","13":"instock","14":"taxable","15":"shipping-taxable","16":"purchasable","17":"product-type-simple"},"yoast_head":"<!-- This site is optimized with the Yoast SEO Premium plugin v27.5 (Yoast SEO v27.5) - https:\/\/yoast.com\/product\/yoast-seo-premium-wordpress\/ -->\n<title>Endugen - 60 caps - ECO Supplements<\/title>\n<meta name=\"description\" content=\"Wij hebben een ruime keuze aan producten van Endugen - 60 caps . Winkel bij Eco Supplements altijd gratis verzending boven 100\u20ac\" \/>\n<meta name=\"robots\" content=\"index, follow, max-snippet:-1, max-image-preview:large, max-video-preview:-1\" \/>\n<link rel=\"canonical\" href=\"https:\/\/ecosupplements.be\/fr\/produit\/endugen-60-caps\/\" \/>\n<meta property=\"og:locale\" content=\"fr_FR\" \/>\n<meta property=\"og:type\" content=\"article\" \/>\n<meta property=\"og:title\" content=\"Endugen - 60 caps\" \/>\n<meta property=\"og:description\" content=\"Wij hebben een ruime keuze aan producten van Endugen - 60 caps . Winkel bij Eco Supplements altijd gratis verzending boven 100\u20ac\" \/>\n<meta property=\"og:url\" content=\"https:\/\/ecosupplements.be\/fr\/produit\/endugen-60-caps\/\" \/>\n<meta property=\"og:site_name\" content=\"ECO Supplements\" \/>\n<meta property=\"article:modified_time\" content=\"2025-08-27T11:18:33+00:00\" \/>\n<meta property=\"og:image\" content=\"https:\/\/ecosupplements.be\/wp-content\/uploads\/2025\/08\/Olimp-Nutrition-Endugen-60-caps.jpg\" \/>\n\t<meta property=\"og:image:width\" content=\"750\" \/>\n\t<meta property=\"og:image:height\" content=\"750\" \/>\n\t<meta property=\"og:image:type\" content=\"image\/jpeg\" \/>\n<meta name=\"twitter:card\" content=\"summary_large_image\" \/>\n<meta name=\"twitter:label1\" content=\"Prix\" \/>\n\t<meta name=\"twitter:data1\" content=\"11.69&nbsp;&euro;\" \/>\n\t<meta name=\"twitter:label2\" content=\"Disponibilit\u00e9\" \/>\n\t<meta name=\"twitter:data2\" content=\"En stock\" \/>\n<script type=\"application\/ld+json\" class=\"yoast-schema-graph\">{\"@context\":\"https:\\\/\\\/schema.org\",\"@graph\":[{\"@type\":[\"WebPage\",\"ItemPage\"],\"@id\":\"https:\\\/\\\/ecosupplements.be\\\/fr\\\/produit\\\/endugen-60-caps\\\/\",\"url\":\"https:\\\/\\\/ecosupplements.be\\\/fr\\\/produit\\\/endugen-60-caps\\\/\",\"name\":\"Endugen - 60 caps - ECO Supplements\",\"isPartOf\":{\"@id\":\"https:\\\/\\\/ecosupplements.be\\\/fr\\\/#website\"},\"primaryImageOfPage\":{\"@id\":\"https:\\\/\\\/ecosupplements.be\\\/fr\\\/produit\\\/endugen-60-caps\\\/#primaryimage\"},\"image\":{\"@id\":\"https:\\\/\\\/ecosupplements.be\\\/fr\\\/produit\\\/endugen-60-caps\\\/#primaryimage\"},\"thumbnailUrl\":\"https:\\\/\\\/ecosupplements.be\\\/wp-content\\\/uploads\\\/2025\\\/08\\\/Endugen-60-caps.jpg\",\"datePublished\":\"2024-03-09T12:53:36+00:00\",\"dateModified\":\"2025-08-27T11:18:33+00:00\",\"description\":\"Wij hebben een ruime keuze aan producten van Endugen - 60 caps . Winkel bij Eco Supplements altijd gratis verzending boven 100\u20ac\",\"breadcrumb\":{\"@id\":\"https:\\\/\\\/ecosupplements.be\\\/fr\\\/produit\\\/endugen-60-caps\\\/#breadcrumb\"},\"inLanguage\":\"fr-FR\",\"potentialAction\":[{\"@type\":\"ReadAction\",\"target\":[\"https:\\\/\\\/ecosupplements.be\\\/fr\\\/produit\\\/endugen-60-caps\\\/\"]}]},{\"@type\":\"ImageObject\",\"inLanguage\":\"fr-FR\",\"@id\":\"https:\\\/\\\/ecosupplements.be\\\/fr\\\/produit\\\/endugen-60-caps\\\/#primaryimage\",\"url\":\"https:\\\/\\\/ecosupplements.be\\\/wp-content\\\/uploads\\\/2025\\\/08\\\/Endugen-60-caps.jpg\",\"contentUrl\":\"https:\\\/\\\/ecosupplements.be\\\/wp-content\\\/uploads\\\/2025\\\/08\\\/Endugen-60-caps.jpg\",\"width\":1026,\"height\":627},{\"@type\":\"BreadcrumbList\",\"@id\":\"https:\\\/\\\/ecosupplements.be\\\/fr\\\/produit\\\/endugen-60-caps\\\/#breadcrumb\",\"itemListElement\":[{\"@type\":\"ListItem\",\"position\":1,\"name\":\"Home\",\"item\":\"https:\\\/\\\/ecosupplements.be\\\/fr\\\/\"},{\"@type\":\"ListItem\",\"position\":2,\"name\":\"Boutique\",\"item\":\"https:\\\/\\\/ecosupplements.be\\\/fr\\\/boutique\\\/\"},{\"@type\":\"ListItem\",\"position\":3,\"name\":\"Endugen &#8211; 60 caps\"}]},{\"@type\":\"WebSite\",\"@id\":\"https:\\\/\\\/ecosupplements.be\\\/fr\\\/#website\",\"url\":\"https:\\\/\\\/ecosupplements.be\\\/fr\\\/\",\"name\":\"ECO Supplements\",\"description\":\"Eco Supplements - Gezonde supplementen\",\"publisher\":{\"@id\":\"https:\\\/\\\/ecosupplements.be\\\/fr\\\/#organization\"},\"potentialAction\":[{\"@type\":\"SearchAction\",\"target\":{\"@type\":\"EntryPoint\",\"urlTemplate\":\"https:\\\/\\\/ecosupplements.be\\\/fr\\\/?s={search_term_string}\"},\"query-input\":{\"@type\":\"PropertyValueSpecification\",\"valueRequired\":true,\"valueName\":\"search_term_string\"}}],\"inLanguage\":\"fr-FR\"},{\"@type\":\"Organization\",\"@id\":\"https:\\\/\\\/ecosupplements.be\\\/fr\\\/#organization\",\"name\":\"Eco Supplements\",\"url\":\"https:\\\/\\\/ecosupplements.be\\\/fr\\\/\",\"logo\":{\"@type\":\"ImageObject\",\"inLanguage\":\"fr-FR\",\"@id\":\"https:\\\/\\\/ecosupplements.be\\\/fr\\\/#\\\/schema\\\/logo\\\/image\\\/\",\"url\":\"https:\\\/\\\/ecosupplements.be\\\/wp-content\\\/uploads\\\/2022\\\/06\\\/ecosupplement-family.png\",\"contentUrl\":\"https:\\\/\\\/ecosupplements.be\\\/wp-content\\\/uploads\\\/2022\\\/06\\\/ecosupplement-family.png\",\"width\":593,\"height\":374,\"caption\":\"Eco Supplements\"},\"image\":{\"@id\":\"https:\\\/\\\/ecosupplements.be\\\/fr\\\/#\\\/schema\\\/logo\\\/image\\\/\"}}]}<\/script>\n<meta property=\"product:brand\" content=\"Olimp Nutrition\" \/>\n<meta property=\"product:price:amount\" content=\"11.69\" \/>\n<meta property=\"product:price:currency\" content=\"EUR\" \/>\n<meta property=\"og:availability\" content=\"instock\" \/>\n<meta property=\"product:availability\" content=\"instock\" \/>\n<meta property=\"product:retailer_item_id\" content=\"5901330057380\" \/>\n<meta property=\"product:condition\" content=\"new\" \/>\n<!-- \/ Yoast SEO Premium plugin. -->","yoast_head_json":{"title":"Endugen - 60 caps - ECO Supplements","description":"Wij hebben een ruime keuze aan producten van Endugen - 60 caps . Winkel bij Eco Supplements altijd gratis verzending boven 100\u20ac","robots":{"index":"index","follow":"follow","max-snippet":"max-snippet:-1","max-image-preview":"max-image-preview:large","max-video-preview":"max-video-preview:-1"},"canonical":"https:\/\/ecosupplements.be\/fr\/produit\/endugen-60-caps\/","og_locale":"fr_FR","og_type":"article","og_title":"Endugen - 60 caps","og_description":"Wij hebben een ruime keuze aan producten van Endugen - 60 caps . Winkel bij Eco Supplements altijd gratis verzending boven 100\u20ac","og_url":"https:\/\/ecosupplements.be\/fr\/produit\/endugen-60-caps\/","og_site_name":"ECO Supplements","article_modified_time":"2025-08-27T11:18:33+00:00","og_image":[{"width":750,"height":750,"url":"https:\/\/ecosupplements.be\/wp-content\/uploads\/2025\/08\/Olimp-Nutrition-Endugen-60-caps.jpg","type":"image\/jpeg"}],"twitter_card":"summary_large_image","twitter_misc":{"Prix":"11.69&nbsp;&euro;","Disponibilit\u00e9":"En stock"},"schema":{"@context":"https:\/\/schema.org","@graph":[{"@type":["WebPage","ItemPage"],"@id":"https:\/\/ecosupplements.be\/fr\/produit\/endugen-60-caps\/","url":"https:\/\/ecosupplements.be\/fr\/produit\/endugen-60-caps\/","name":"Endugen - 60 caps - ECO Supplements","isPartOf":{"@id":"https:\/\/ecosupplements.be\/fr\/#website"},"primaryImageOfPage":{"@id":"https:\/\/ecosupplements.be\/fr\/produit\/endugen-60-caps\/#primaryimage"},"image":{"@id":"https:\/\/ecosupplements.be\/fr\/produit\/endugen-60-caps\/#primaryimage"},"thumbnailUrl":"https:\/\/ecosupplements.be\/wp-content\/uploads\/2025\/08\/Endugen-60-caps.jpg","datePublished":"2024-03-09T12:53:36+00:00","dateModified":"2025-08-27T11:18:33+00:00","description":"Wij hebben een ruime keuze aan producten van Endugen - 60 caps . Winkel bij Eco Supplements altijd gratis verzending boven 100\u20ac","breadcrumb":{"@id":"https:\/\/ecosupplements.be\/fr\/produit\/endugen-60-caps\/#breadcrumb"},"inLanguage":"fr-FR","potentialAction":[{"@type":"ReadAction","target":["https:\/\/ecosupplements.be\/fr\/produit\/endugen-60-caps\/"]}]},{"@type":"ImageObject","inLanguage":"fr-FR","@id":"https:\/\/ecosupplements.be\/fr\/produit\/endugen-60-caps\/#primaryimage","url":"https:\/\/ecosupplements.be\/wp-content\/uploads\/2025\/08\/Endugen-60-caps.jpg","contentUrl":"https:\/\/ecosupplements.be\/wp-content\/uploads\/2025\/08\/Endugen-60-caps.jpg","width":1026,"height":627},{"@type":"BreadcrumbList","@id":"https:\/\/ecosupplements.be\/fr\/produit\/endugen-60-caps\/#breadcrumb","itemListElement":[{"@type":"ListItem","position":1,"name":"Home","item":"https:\/\/ecosupplements.be\/fr\/"},{"@type":"ListItem","position":2,"name":"Boutique","item":"https:\/\/ecosupplements.be\/fr\/boutique\/"},{"@type":"ListItem","position":3,"name":"Endugen &#8211; 60 caps"}]},{"@type":"WebSite","@id":"https:\/\/ecosupplements.be\/fr\/#website","url":"https:\/\/ecosupplements.be\/fr\/","name":"ECO Supplements","description":"Eco Supplements - Gezonde supplementen","publisher":{"@id":"https:\/\/ecosupplements.be\/fr\/#organization"},"potentialAction":[{"@type":"SearchAction","target":{"@type":"EntryPoint","urlTemplate":"https:\/\/ecosupplements.be\/fr\/?s={search_term_string}"},"query-input":{"@type":"PropertyValueSpecification","valueRequired":true,"valueName":"search_term_string"}}],"inLanguage":"fr-FR"},{"@type":"Organization","@id":"https:\/\/ecosupplements.be\/fr\/#organization","name":"Eco Supplements","url":"https:\/\/ecosupplements.be\/fr\/","logo":{"@type":"ImageObject","inLanguage":"fr-FR","@id":"https:\/\/ecosupplements.be\/fr\/#\/schema\/logo\/image\/","url":"https:\/\/ecosupplements.be\/wp-content\/uploads\/2022\/06\/ecosupplement-family.png","contentUrl":"https:\/\/ecosupplements.be\/wp-content\/uploads\/2022\/06\/ecosupplement-family.png","width":593,"height":374,"caption":"Eco Supplements"},"image":{"@id":"https:\/\/ecosupplements.be\/fr\/#\/schema\/logo\/image\/"}}]},"product_brand":"Olimp Nutrition","product_price_amount":"11.69","product_price_currency":"EUR","og_availability":"instock","product_availability":"instock","product_retailer_item_id":"5901330057380","product_condition":"new"},"_links":{"self":[{"href":"https:\/\/ecosupplements.be\/fr\/wp-json\/wp\/v2\/product\/282270","targetHints":{"allow":["GET"]}}],"collection":[{"href":"https:\/\/ecosupplements.be\/fr\/wp-json\/wp\/v2\/product"}],"about":[{"href":"https:\/\/ecosupplements.be\/fr\/wp-json\/wp\/v2\/types\/product"}],"replies":[{"embeddable":true,"href":"https:\/\/ecosupplements.be\/fr\/wp-json\/wp\/v2\/comments?post=282270"}],"wp:featuredmedia":[{"embeddable":true,"href":"https:\/\/ecosupplements.be\/fr\/wp-json\/wp\/v2\/media\/264718"}],"wp:attachment":[{"href":"https:\/\/ecosupplements.be\/fr\/wp-json\/wp\/v2\/media?parent=282270"}],"wp:term":[{"taxonomy":"product_brand","embeddable":true,"href":"https:\/\/ecosupplements.be\/fr\/wp-json\/wp\/v2\/product_brand?post=282270"},{"taxonomy":"product_cat","embeddable":true,"href":"https:\/\/ecosupplements.be\/fr\/wp-json\/wp\/v2\/product_cat?post=282270"},{"taxonomy":"product_tag","embeddable":true,"href":"https:\/\/ecosupplements.be\/fr\/wp-json\/wp\/v2\/product_tag?post=282270"}],"curies":[{"name":"wp","href":"https:\/\/api.w.org\/{rel}","templated":true}]}}