{"id":282296,"date":"2022-06-28T10:28:08","date_gmt":"2022-06-28T09:28:08","guid":{"rendered":"https:\/\/ecosupplements.be\/product\/colostrum-immuno-800mg-120-caps\/"},"modified":"2025-08-27T12:19:52","modified_gmt":"2025-08-27T11:19:52","slug":"colostrum-immuno-800mg-120-caps","status":"publish","type":"product","link":"https:\/\/ecosupplements.be\/fr\/produit\/colostrum-immuno-800mg-120-caps\/","title":{"rendered":"Colostrum Immuno, 800mg &#8211; 120 caps"},"content":{"rendered":"<h1 style=\"text-align: center;\">Osavi &#8211; Colostrum Immuno<\/h1>\n<p>Compl\u00e9ment alimentaire sous forme de capsule dure contenant du Colostrum bovinum standardis\u00e9 pour les immunoglobulines G et du zinc sous forme de gluconate de zinc.&nbsp;<br \/>\nMaintenir votre syst\u00e8me immunitaire en bon \u00e9tat de marche est la cl\u00e9 d&#8217;un mode de vie sain. De nombreux facteurs y contribuent, et cela inclut l&#8217;obtention des bons nutriments. Nous pouvons y parvenir gr\u00e2ce \u00e0 notre alimentation, mais il est parfois difficile d&#8217;obtenir les nutriments dont nous avons besoin, parmi lesquels le zinc. Le colostrum bovinum peut \u00e9galement contribuer \u00e0 maintenir un syst\u00e8me immunitaire sain.&nbsp;<br \/>\nLe zinc a une longue liste d&#8217;utilisations dans le corps. Il contribue aux fonctions cognitives, \u00e0 la fertilit\u00e9 et \u00e0 la reproduction, \u00e0 la sant\u00e9 des os, des ongles, des cheveux et de la peau. Il est \u00e9galement impliqu\u00e9 dans la synth\u00e8se de l&#8217;ADN et le m\u00e9tabolisme des glucides et des graisses. Le colostrum bovinum peut \u00e9galement contribuer \u00e0 maintenir un syst\u00e8me immunitaire sain. Notre compl\u00e9ment associe le zinc au colostrum bovinum, qui est le premier lait que les vaches produisent lorsqu&#8217;elles mettent bas. Il contient ce que l&#8217;on appelle des anticorps. Les immunoglobulines (IgG) qui sont importantes pour combattre les infections bact\u00e9riennes et virales. C&#8217;est \u00e9galement un \u00e9l\u00e9ment cl\u00e9 de l&#8217;immunit\u00e9.&nbsp;<br \/>\n&nbsp;Notre compl\u00e9ment Colostrum Immuno contient une forme active de zinc, du gluconate de zinc et du colostrum bovinum qui a \u00e9t\u00e9 standardis\u00e9 pour les immunoglobulines G. Deux g\u00e9lules par jour seulement constituent un moyen facile de contribuer \u00e0 renforcer le syst\u00e8me immunitaire avec 800 mg de colostrum et 15 mg de zinc. Elles ne contiennent \u00e9galement que des charges naturelles, de l&#8217;inuline et de la L-leucine et conviennent aux v\u00e9g\u00e9tariens.<br \/>\nPourquoi une personne aurait-elle int\u00e9r\u00eat \u00e0 se suppl\u00e9menter avec Colostrum Immuno 800 mg ?<br \/>\n&#8211; Le colostrum bovinum contient des immunoglobulines G qui prot\u00e8gent l&#8217;organisme contre les infections.<br \/>\n&#8211; Le zinc contribue au fonctionnement normal du syst\u00e8me immunitaire.<br \/>\n&#8211; Le zinc contribue \u00e0 la protection des cellules contre le stress oxydatif.<br \/>\n&#8211; Le zinc contribue au m\u00e9tabolisme normal des macronutriments.<br \/>\n&#8211; Le zinc contribue au maintien de la normalit\u00e9 des os, de la peau, des cheveux et des ongles.<br \/>\nQuelle est la particularit\u00e9 des g\u00e9lules Colostrum Immuno 800 mg ?<br \/>\n&#8211; Contient du Colostrum bovinum standardis\u00e9 pour les immunoglobulines G min. 18% de masse s\u00e8che.<br \/>\n&#8211; Contient du zinc sous la forme organique hautement absorbable &#8211; le gluconate de zinc.<br \/>\n&#8211; \u00c9tiquette propre &#8211; pas d&#8217;additifs inutiles.<br \/>\n&#8211; Convient aux v\u00e9g\u00e9tariens.&nbsp;<br \/>\n&#8211; Emballage en BioPET (30% du plastique provient de la canne \u00e0 sucre).<\/p>\n<p><img decoding=\"async\" src=\"https:\/\/ecosupplements.be\/wp-content\/uploads\/2025\/08\/gluten-free-1.png\" title=\"Sans gluten\" alt=\"Gluten free\"><img decoding=\"async\" src=\"https:\/\/ecosupplements.be\/wp-content\/uploads\/2025\/08\/non-gmo-1.png\" title=\"Non-OGM\" alt=\"Non-GMO\"><\/p>\n","protected":false},"excerpt":{"rendered":"<p>Osavi &#8211; Colostrum Immuno Compl\u00e9ment alimentaire sous forme de capsule dure contenant du Colostrum bovinum standardis\u00e9 pour les immunoglobulines G et du zinc sous forme de gluconate de zinc.&nbsp; Maintenir votre syst\u00e8me immunitaire en bon \u00e9tat de marche est la cl\u00e9 d&#8217;un mode de vie sain. De nombreux facteurs y contribuent, et cela inclut l&#8217;obtention [&#8230;]\n","protected":false},"featured_media":253484,"comment_status":"open","ping_status":"open","template":"","meta":[],"product_brand":[4756],"product_cat":[5052,5123,5124],"product_tag":[5069],"class_list":{"0":"post-282296","1":"product","2":"type-product","3":"status-publish","4":"has-post-thumbnail","6":"product_brand-osavi-2","7":"product_cat-sante-et-bien-etre","8":"product_cat-soutien-du-systeme-immunitaire","9":"product_cat-systeme-immunitaire","10":"product_tag-topeco-2","12":"first","13":"instock","14":"taxable","15":"shipping-taxable","16":"purchasable","17":"product-type-simple"},"yoast_head":"<!-- This site is optimized with the Yoast SEO Premium plugin v27.5 (Yoast SEO v27.5) - https:\/\/yoast.com\/product\/yoast-seo-premium-wordpress\/ -->\n<title>Colostrum Immuno, 800mg - 120 caps - ECO Supplements<\/title>\n<meta name=\"description\" content=\"Wij hebben een ruime keuze aan producten van Colostrum Immuno, 800mg - 120 caps . Winkel bij Eco Supplements altijd gratis verzending boven 100\u20ac\" \/>\n<meta name=\"robots\" content=\"index, follow, max-snippet:-1, max-image-preview:large, max-video-preview:-1\" \/>\n<link rel=\"canonical\" href=\"https:\/\/ecosupplements.be\/fr\/produit\/colostrum-immuno-800mg-120-caps\/\" \/>\n<meta property=\"og:locale\" content=\"fr_FR\" \/>\n<meta property=\"og:type\" content=\"article\" \/>\n<meta property=\"og:title\" content=\"Colostrum Immuno, 800mg - 120 caps\" \/>\n<meta property=\"og:description\" content=\"Wij hebben een ruime keuze aan producten van Colostrum Immuno, 800mg - 120 caps . Winkel bij Eco Supplements altijd gratis verzending boven 100\u20ac\" \/>\n<meta property=\"og:url\" content=\"https:\/\/ecosupplements.be\/fr\/produit\/colostrum-immuno-800mg-120-caps\/\" \/>\n<meta property=\"og:site_name\" content=\"ECO Supplements\" \/>\n<meta property=\"article:modified_time\" content=\"2025-08-27T11:19:52+00:00\" \/>\n<meta property=\"og:image\" content=\"https:\/\/ecosupplements.be\/wp-content\/uploads\/2025\/08\/Osavi-Colostrum-Immuno-800mg-120-caps-1.jpg\" \/>\n\t<meta property=\"og:image:width\" content=\"750\" \/>\n\t<meta property=\"og:image:height\" content=\"750\" \/>\n\t<meta property=\"og:image:type\" content=\"image\/jpeg\" \/>\n<meta name=\"twitter:card\" content=\"summary_large_image\" \/>\n<meta name=\"twitter:label1\" content=\"Prix\" \/>\n\t<meta name=\"twitter:data1\" content=\"19.05&nbsp;&euro;\" \/>\n\t<meta name=\"twitter:label2\" content=\"Disponibilit\u00e9\" \/>\n\t<meta name=\"twitter:data2\" content=\"En stock\" \/>\n<script type=\"application\/ld+json\" class=\"yoast-schema-graph\">{\"@context\":\"https:\\\/\\\/schema.org\",\"@graph\":[{\"@type\":[\"WebPage\",\"ItemPage\"],\"@id\":\"https:\\\/\\\/ecosupplements.be\\\/fr\\\/produit\\\/colostrum-immuno-800mg-120-caps\\\/\",\"url\":\"https:\\\/\\\/ecosupplements.be\\\/fr\\\/produit\\\/colostrum-immuno-800mg-120-caps\\\/\",\"name\":\"Colostrum Immuno, 800mg - 120 caps - ECO Supplements\",\"isPartOf\":{\"@id\":\"https:\\\/\\\/ecosupplements.be\\\/fr\\\/#website\"},\"primaryImageOfPage\":{\"@id\":\"https:\\\/\\\/ecosupplements.be\\\/fr\\\/produit\\\/colostrum-immuno-800mg-120-caps\\\/#primaryimage\"},\"image\":{\"@id\":\"https:\\\/\\\/ecosupplements.be\\\/fr\\\/produit\\\/colostrum-immuno-800mg-120-caps\\\/#primaryimage\"},\"thumbnailUrl\":\"https:\\\/\\\/ecosupplements.be\\\/wp-content\\\/uploads\\\/2025\\\/08\\\/Osavi-Colostrum-Immuno-800mg-120-caps-1.jpg\",\"datePublished\":\"2022-06-28T09:28:08+00:00\",\"dateModified\":\"2025-08-27T11:19:52+00:00\",\"description\":\"Wij hebben een ruime keuze aan producten van Colostrum Immuno, 800mg - 120 caps . Winkel bij Eco Supplements altijd gratis verzending boven 100\u20ac\",\"breadcrumb\":{\"@id\":\"https:\\\/\\\/ecosupplements.be\\\/fr\\\/produit\\\/colostrum-immuno-800mg-120-caps\\\/#breadcrumb\"},\"inLanguage\":\"fr-FR\",\"potentialAction\":[{\"@type\":\"ReadAction\",\"target\":[\"https:\\\/\\\/ecosupplements.be\\\/fr\\\/produit\\\/colostrum-immuno-800mg-120-caps\\\/\"]}]},{\"@type\":\"ImageObject\",\"inLanguage\":\"fr-FR\",\"@id\":\"https:\\\/\\\/ecosupplements.be\\\/fr\\\/produit\\\/colostrum-immuno-800mg-120-caps\\\/#primaryimage\",\"url\":\"https:\\\/\\\/ecosupplements.be\\\/wp-content\\\/uploads\\\/2025\\\/08\\\/Osavi-Colostrum-Immuno-800mg-120-caps-1.jpg\",\"contentUrl\":\"https:\\\/\\\/ecosupplements.be\\\/wp-content\\\/uploads\\\/2025\\\/08\\\/Osavi-Colostrum-Immuno-800mg-120-caps-1.jpg\",\"width\":750,\"height\":750},{\"@type\":\"BreadcrumbList\",\"@id\":\"https:\\\/\\\/ecosupplements.be\\\/fr\\\/produit\\\/colostrum-immuno-800mg-120-caps\\\/#breadcrumb\",\"itemListElement\":[{\"@type\":\"ListItem\",\"position\":1,\"name\":\"Home\",\"item\":\"https:\\\/\\\/ecosupplements.be\\\/fr\\\/\"},{\"@type\":\"ListItem\",\"position\":2,\"name\":\"Boutique\",\"item\":\"https:\\\/\\\/ecosupplements.be\\\/fr\\\/boutique\\\/\"},{\"@type\":\"ListItem\",\"position\":3,\"name\":\"Colostrum Immuno, 800mg &#8211; 120 caps\"}]},{\"@type\":\"WebSite\",\"@id\":\"https:\\\/\\\/ecosupplements.be\\\/fr\\\/#website\",\"url\":\"https:\\\/\\\/ecosupplements.be\\\/fr\\\/\",\"name\":\"ECO Supplements\",\"description\":\"Eco Supplements - Gezonde supplementen\",\"publisher\":{\"@id\":\"https:\\\/\\\/ecosupplements.be\\\/fr\\\/#organization\"},\"potentialAction\":[{\"@type\":\"SearchAction\",\"target\":{\"@type\":\"EntryPoint\",\"urlTemplate\":\"https:\\\/\\\/ecosupplements.be\\\/fr\\\/?s={search_term_string}\"},\"query-input\":{\"@type\":\"PropertyValueSpecification\",\"valueRequired\":true,\"valueName\":\"search_term_string\"}}],\"inLanguage\":\"fr-FR\"},{\"@type\":\"Organization\",\"@id\":\"https:\\\/\\\/ecosupplements.be\\\/fr\\\/#organization\",\"name\":\"Eco Supplements\",\"url\":\"https:\\\/\\\/ecosupplements.be\\\/fr\\\/\",\"logo\":{\"@type\":\"ImageObject\",\"inLanguage\":\"fr-FR\",\"@id\":\"https:\\\/\\\/ecosupplements.be\\\/fr\\\/#\\\/schema\\\/logo\\\/image\\\/\",\"url\":\"https:\\\/\\\/ecosupplements.be\\\/wp-content\\\/uploads\\\/2022\\\/06\\\/ecosupplement-family.png\",\"contentUrl\":\"https:\\\/\\\/ecosupplements.be\\\/wp-content\\\/uploads\\\/2022\\\/06\\\/ecosupplement-family.png\",\"width\":593,\"height\":374,\"caption\":\"Eco Supplements\"},\"image\":{\"@id\":\"https:\\\/\\\/ecosupplements.be\\\/fr\\\/#\\\/schema\\\/logo\\\/image\\\/\"}}]}<\/script>\n<meta property=\"product:brand\" content=\"Osavi\" \/>\n<meta property=\"product:price:amount\" content=\"19.05\" \/>\n<meta property=\"product:price:currency\" content=\"EUR\" \/>\n<meta property=\"og:availability\" content=\"instock\" \/>\n<meta property=\"product:availability\" content=\"instock\" \/>\n<meta property=\"product:retailer_item_id\" content=\"5904139920893\" \/>\n<meta property=\"product:condition\" content=\"new\" \/>\n<!-- \/ Yoast SEO Premium plugin. -->","yoast_head_json":{"title":"Colostrum Immuno, 800mg - 120 caps - ECO Supplements","description":"Wij hebben een ruime keuze aan producten van Colostrum Immuno, 800mg - 120 caps . Winkel bij Eco Supplements altijd gratis verzending boven 100\u20ac","robots":{"index":"index","follow":"follow","max-snippet":"max-snippet:-1","max-image-preview":"max-image-preview:large","max-video-preview":"max-video-preview:-1"},"canonical":"https:\/\/ecosupplements.be\/fr\/produit\/colostrum-immuno-800mg-120-caps\/","og_locale":"fr_FR","og_type":"article","og_title":"Colostrum Immuno, 800mg - 120 caps","og_description":"Wij hebben een ruime keuze aan producten van Colostrum Immuno, 800mg - 120 caps . Winkel bij Eco Supplements altijd gratis verzending boven 100\u20ac","og_url":"https:\/\/ecosupplements.be\/fr\/produit\/colostrum-immuno-800mg-120-caps\/","og_site_name":"ECO Supplements","article_modified_time":"2025-08-27T11:19:52+00:00","og_image":[{"width":750,"height":750,"url":"https:\/\/ecosupplements.be\/wp-content\/uploads\/2025\/08\/Osavi-Colostrum-Immuno-800mg-120-caps-1.jpg","type":"image\/jpeg"}],"twitter_card":"summary_large_image","twitter_misc":{"Prix":"19.05&nbsp;&euro;","Disponibilit\u00e9":"En stock"},"schema":{"@context":"https:\/\/schema.org","@graph":[{"@type":["WebPage","ItemPage"],"@id":"https:\/\/ecosupplements.be\/fr\/produit\/colostrum-immuno-800mg-120-caps\/","url":"https:\/\/ecosupplements.be\/fr\/produit\/colostrum-immuno-800mg-120-caps\/","name":"Colostrum Immuno, 800mg - 120 caps - ECO Supplements","isPartOf":{"@id":"https:\/\/ecosupplements.be\/fr\/#website"},"primaryImageOfPage":{"@id":"https:\/\/ecosupplements.be\/fr\/produit\/colostrum-immuno-800mg-120-caps\/#primaryimage"},"image":{"@id":"https:\/\/ecosupplements.be\/fr\/produit\/colostrum-immuno-800mg-120-caps\/#primaryimage"},"thumbnailUrl":"https:\/\/ecosupplements.be\/wp-content\/uploads\/2025\/08\/Osavi-Colostrum-Immuno-800mg-120-caps-1.jpg","datePublished":"2022-06-28T09:28:08+00:00","dateModified":"2025-08-27T11:19:52+00:00","description":"Wij hebben een ruime keuze aan producten van Colostrum Immuno, 800mg - 120 caps . Winkel bij Eco Supplements altijd gratis verzending boven 100\u20ac","breadcrumb":{"@id":"https:\/\/ecosupplements.be\/fr\/produit\/colostrum-immuno-800mg-120-caps\/#breadcrumb"},"inLanguage":"fr-FR","potentialAction":[{"@type":"ReadAction","target":["https:\/\/ecosupplements.be\/fr\/produit\/colostrum-immuno-800mg-120-caps\/"]}]},{"@type":"ImageObject","inLanguage":"fr-FR","@id":"https:\/\/ecosupplements.be\/fr\/produit\/colostrum-immuno-800mg-120-caps\/#primaryimage","url":"https:\/\/ecosupplements.be\/wp-content\/uploads\/2025\/08\/Osavi-Colostrum-Immuno-800mg-120-caps-1.jpg","contentUrl":"https:\/\/ecosupplements.be\/wp-content\/uploads\/2025\/08\/Osavi-Colostrum-Immuno-800mg-120-caps-1.jpg","width":750,"height":750},{"@type":"BreadcrumbList","@id":"https:\/\/ecosupplements.be\/fr\/produit\/colostrum-immuno-800mg-120-caps\/#breadcrumb","itemListElement":[{"@type":"ListItem","position":1,"name":"Home","item":"https:\/\/ecosupplements.be\/fr\/"},{"@type":"ListItem","position":2,"name":"Boutique","item":"https:\/\/ecosupplements.be\/fr\/boutique\/"},{"@type":"ListItem","position":3,"name":"Colostrum Immuno, 800mg &#8211; 120 caps"}]},{"@type":"WebSite","@id":"https:\/\/ecosupplements.be\/fr\/#website","url":"https:\/\/ecosupplements.be\/fr\/","name":"ECO Supplements","description":"Eco Supplements - Gezonde supplementen","publisher":{"@id":"https:\/\/ecosupplements.be\/fr\/#organization"},"potentialAction":[{"@type":"SearchAction","target":{"@type":"EntryPoint","urlTemplate":"https:\/\/ecosupplements.be\/fr\/?s={search_term_string}"},"query-input":{"@type":"PropertyValueSpecification","valueRequired":true,"valueName":"search_term_string"}}],"inLanguage":"fr-FR"},{"@type":"Organization","@id":"https:\/\/ecosupplements.be\/fr\/#organization","name":"Eco Supplements","url":"https:\/\/ecosupplements.be\/fr\/","logo":{"@type":"ImageObject","inLanguage":"fr-FR","@id":"https:\/\/ecosupplements.be\/fr\/#\/schema\/logo\/image\/","url":"https:\/\/ecosupplements.be\/wp-content\/uploads\/2022\/06\/ecosupplement-family.png","contentUrl":"https:\/\/ecosupplements.be\/wp-content\/uploads\/2022\/06\/ecosupplement-family.png","width":593,"height":374,"caption":"Eco Supplements"},"image":{"@id":"https:\/\/ecosupplements.be\/fr\/#\/schema\/logo\/image\/"}}]},"product_brand":"Osavi","product_price_amount":"19.05","product_price_currency":"EUR","og_availability":"instock","product_availability":"instock","product_retailer_item_id":"5904139920893","product_condition":"new"},"_links":{"self":[{"href":"https:\/\/ecosupplements.be\/fr\/wp-json\/wp\/v2\/product\/282296","targetHints":{"allow":["GET"]}}],"collection":[{"href":"https:\/\/ecosupplements.be\/fr\/wp-json\/wp\/v2\/product"}],"about":[{"href":"https:\/\/ecosupplements.be\/fr\/wp-json\/wp\/v2\/types\/product"}],"replies":[{"embeddable":true,"href":"https:\/\/ecosupplements.be\/fr\/wp-json\/wp\/v2\/comments?post=282296"}],"wp:featuredmedia":[{"embeddable":true,"href":"https:\/\/ecosupplements.be\/fr\/wp-json\/wp\/v2\/media\/253484"}],"wp:attachment":[{"href":"https:\/\/ecosupplements.be\/fr\/wp-json\/wp\/v2\/media?parent=282296"}],"wp:term":[{"taxonomy":"product_brand","embeddable":true,"href":"https:\/\/ecosupplements.be\/fr\/wp-json\/wp\/v2\/product_brand?post=282296"},{"taxonomy":"product_cat","embeddable":true,"href":"https:\/\/ecosupplements.be\/fr\/wp-json\/wp\/v2\/product_cat?post=282296"},{"taxonomy":"product_tag","embeddable":true,"href":"https:\/\/ecosupplements.be\/fr\/wp-json\/wp\/v2\/product_tag?post=282296"}],"curies":[{"name":"wp","href":"https:\/\/api.w.org\/{rel}","templated":true}]}}