{"id":282310,"date":"2022-06-28T10:28:16","date_gmt":"2022-06-28T09:28:16","guid":{"rendered":"https:\/\/ecosupplements.be\/product\/spray-oral-multivitamine-coq10-orange-25-ml\/"},"modified":"2025-08-27T12:20:52","modified_gmt":"2025-08-27T11:20:52","slug":"spray-oral-multivitamine-coq10-orange-25-ml","status":"publish","type":"product","link":"https:\/\/ecosupplements.be\/fr\/produit\/spray-oral-multivitamine-coq10-orange-25-ml\/","title":{"rendered":"Spray oral multivitamin\u00e9 CoQ10, Orange &#8211; 25 ml."},"content":{"rendered":"<h1 style=\"text-align: center;\">Osavi &#8211; Spray oral multivitamin\u00e9 CoQ10<\/h1>\n<p>Compl\u00e9ment alimentaire sous forme de spray oral contenant un m\u00e9lange sp\u00e9cial de vitamines essentielles et de Q10Vital\u00ae- une coenzyme Q10 hautement biodisponible.  Multivitamin CoQ10 a \u00e9t\u00e9 cr\u00e9\u00e9 pour aider \u00e0 compl\u00e9ter une alimentation saine et soutenir votre mode de vie. Le spray oral est enrichi d&#8217;un ar\u00f4me naturel d&#8217;orange assurant un go\u00fbt agr\u00e9able. Chaque portion du d\u00e9licieux spray \u00e0 l&#8217;orange contient de la coenzyme Q10, des vitamines A, D3, E, C et huit vitamines B. La coenzyme Q10, \u00e9galement appel\u00e9e &#8220;fontaine de jouvence&#8221;, participe au processus de production d&#8217;\u00e9nergie dans les cellules.<br \/>\nPourquoi une personne aurait-elle int\u00e9r\u00eat \u00e0 se suppl\u00e9menter en CoQ10 multivitaminique ?<br \/>\n&#8211; Les vitamines C, B6, B12, la thiamine, la riboflavine, la niacine, l&#8217;acide folique, la biotine et l&#8217;acide pantoth\u00e9nique favorisent un bon m\u00e9tabolisme \u00e9nerg\u00e9tique.<br \/>\n&#8211; Les vitamines A, D, C, B6, B12 et l&#8217;acide folique soutiennent le travail du syst\u00e8me immunitaire.<br \/>\n&#8211; La vitamine E et la riboflavine prot\u00e8gent les cellules du stress oxydatif.<br \/>\nQuelle est la particularit\u00e9 du spray Multivitamin avec CoQ10 ?<br \/>\n&#8211; Une nouvelle forme de suppl\u00e9mentation.<br \/>\n&#8211; Un mois d&#8217;approvisionnement dans une petite bouteille pratique.<br \/>\n&#8211; Contient huit vitamines B, de la vitamine A, D3, E, C et de la coenzyme Q10Vital\u00ae hydrosoluble.<br \/>\n&#8211; Avec xylitol et ar\u00f4me naturel d&#8217;orange.<br \/>\n&#8211; Facile \u00e0 utiliser : vous n&#8217;avez pas besoin de le prendre avec un verre d&#8217;eau ou de le dissoudre, ce qui le rend facile pour les personnes qui ont des probl\u00e8mes de d\u00e9glutition &#8211; plus de capsules ou de comprim\u00e9s !<\/p>\n<p><img decoding=\"async\" src=\"https:\/\/ecosupplements.be\/wp-content\/uploads\/2025\/08\/gluten-free-1.png\" title=\"Sans gluten\" alt=\"Gluten free\"><img decoding=\"async\" src=\"https:\/\/ecosupplements.be\/wp-content\/uploads\/2025\/08\/non-gmo-1.png\" title=\"Non-OGM\" alt=\"Non-GMO\"><img decoding=\"async\" src=\"https:\/\/ecosupplements.be\/wp-content\/uploads\/2025\/08\/vegetarian-1.png\" title=\"V\u00e9g\u00e9tarien\" alt=\"Vegetarian\"><\/p>\n","protected":false},"excerpt":{"rendered":"<p>Osavi &#8211; Spray oral multivitamin\u00e9 CoQ10 Compl\u00e9ment alimentaire sous forme de spray oral contenant un m\u00e9lange sp\u00e9cial de vitamines essentielles et de Q10Vital\u00ae- une coenzyme Q10 hautement biodisponible. Multivitamin CoQ10 a \u00e9t\u00e9 cr\u00e9\u00e9 pour aider \u00e0 compl\u00e9ter une alimentation saine et soutenir votre mode de vie. Le spray oral est enrichi d&#8217;un ar\u00f4me naturel d&#8217;orange [&#8230;]\n","protected":false},"featured_media":253552,"comment_status":"open","ping_status":"open","template":"","meta":[],"product_brand":[4756],"product_cat":[5062,5052,5053],"product_tag":[5069],"class_list":{"0":"post-282310","1":"product","2":"type-product","3":"status-publish","4":"has-post-thumbnail","6":"product_brand-osavi-2","7":"product_cat-multivitamines","8":"product_cat-sante-et-bien-etre","9":"product_cat-vitamines-et-mineraux","10":"product_tag-topeco-2","12":"first","13":"instock","14":"taxable","15":"shipping-taxable","16":"purchasable","17":"product-type-simple"},"yoast_head":"<!-- This site is optimized with the Yoast SEO Premium plugin v27.3 (Yoast SEO v27.3) - https:\/\/yoast.com\/product\/yoast-seo-premium-wordpress\/ -->\n<title>Spray oral multivitamin\u00e9 CoQ10, Orange - 25 ml. - ECO Supplements<\/title>\n<meta name=\"description\" content=\"Wij hebben een ruime keuze aan producten van Spray oral multivitamin\u00e9 CoQ10, Orange - 25 ml. . Winkel bij Eco Supplements altijd gratis verzending boven 100\u20ac\" \/>\n<meta name=\"robots\" content=\"index, follow, max-snippet:-1, max-image-preview:large, max-video-preview:-1\" \/>\n<link rel=\"canonical\" href=\"https:\/\/ecosupplements.be\/fr\/produit\/spray-oral-multivitamine-coq10-orange-25-ml\/\" \/>\n<meta property=\"og:locale\" content=\"fr_FR\" \/>\n<meta property=\"og:type\" content=\"article\" \/>\n<meta property=\"og:title\" content=\"Spray oral multivitamin\u00e9 CoQ10, Orange - 25 ml.\" \/>\n<meta property=\"og:description\" content=\"Wij hebben een ruime keuze aan producten van Spray oral multivitamin\u00e9 CoQ10, Orange - 25 ml. . Winkel bij Eco Supplements altijd gratis verzending boven 100\u20ac\" \/>\n<meta property=\"og:url\" content=\"https:\/\/ecosupplements.be\/fr\/produit\/spray-oral-multivitamine-coq10-orange-25-ml\/\" \/>\n<meta property=\"og:site_name\" content=\"ECO Supplements\" \/>\n<meta property=\"article:modified_time\" content=\"2025-08-27T11:20:52+00:00\" \/>\n<meta property=\"og:image\" content=\"https:\/\/ecosupplements.be\/wp-content\/uploads\/2025\/08\/Multivitamin-CoQ10-Oral-Spray-Orange-25-ml-1.jpg\" \/>\n\t<meta property=\"og:image:width\" content=\"750\" \/>\n\t<meta property=\"og:image:height\" content=\"750\" \/>\n\t<meta property=\"og:image:type\" content=\"image\/jpeg\" \/>\n<meta name=\"twitter:card\" content=\"summary_large_image\" \/>\n<meta name=\"twitter:label1\" content=\"Prix\" \/>\n\t<meta name=\"twitter:data1\" content=\"10.49&nbsp;&euro;\" \/>\n\t<meta name=\"twitter:label2\" content=\"Disponibilit\u00e9\" \/>\n\t<meta name=\"twitter:data2\" content=\"En stock\" \/>\n<script type=\"application\/ld+json\" class=\"yoast-schema-graph\">{\"@context\":\"https:\\\/\\\/schema.org\",\"@graph\":[{\"@type\":[\"WebPage\",\"ItemPage\"],\"@id\":\"https:\\\/\\\/ecosupplements.be\\\/fr\\\/produit\\\/spray-oral-multivitamine-coq10-orange-25-ml\\\/\",\"url\":\"https:\\\/\\\/ecosupplements.be\\\/fr\\\/produit\\\/spray-oral-multivitamine-coq10-orange-25-ml\\\/\",\"name\":\"Spray oral multivitamin\u00e9 CoQ10, Orange - 25 ml. - ECO Supplements\",\"isPartOf\":{\"@id\":\"https:\\\/\\\/ecosupplements.be\\\/fr\\\/#website\"},\"primaryImageOfPage\":{\"@id\":\"https:\\\/\\\/ecosupplements.be\\\/fr\\\/produit\\\/spray-oral-multivitamine-coq10-orange-25-ml\\\/#primaryimage\"},\"image\":{\"@id\":\"https:\\\/\\\/ecosupplements.be\\\/fr\\\/produit\\\/spray-oral-multivitamine-coq10-orange-25-ml\\\/#primaryimage\"},\"thumbnailUrl\":\"https:\\\/\\\/ecosupplements.be\\\/wp-content\\\/uploads\\\/2025\\\/08\\\/Multivitamin-CoQ10-Oral-Spray-Orange-25-ml-1.jpg\",\"datePublished\":\"2022-06-28T09:28:16+00:00\",\"dateModified\":\"2025-08-27T11:20:52+00:00\",\"description\":\"Wij hebben een ruime keuze aan producten van Spray oral multivitamin\u00e9 CoQ10, Orange - 25 ml. . Winkel bij Eco Supplements altijd gratis verzending boven 100\u20ac\",\"breadcrumb\":{\"@id\":\"https:\\\/\\\/ecosupplements.be\\\/fr\\\/produit\\\/spray-oral-multivitamine-coq10-orange-25-ml\\\/#breadcrumb\"},\"inLanguage\":\"fr-FR\",\"potentialAction\":[{\"@type\":\"ReadAction\",\"target\":[\"https:\\\/\\\/ecosupplements.be\\\/fr\\\/produit\\\/spray-oral-multivitamine-coq10-orange-25-ml\\\/\"]}]},{\"@type\":\"ImageObject\",\"inLanguage\":\"fr-FR\",\"@id\":\"https:\\\/\\\/ecosupplements.be\\\/fr\\\/produit\\\/spray-oral-multivitamine-coq10-orange-25-ml\\\/#primaryimage\",\"url\":\"https:\\\/\\\/ecosupplements.be\\\/wp-content\\\/uploads\\\/2025\\\/08\\\/Multivitamin-CoQ10-Oral-Spray-Orange-25-ml-1.jpg\",\"contentUrl\":\"https:\\\/\\\/ecosupplements.be\\\/wp-content\\\/uploads\\\/2025\\\/08\\\/Multivitamin-CoQ10-Oral-Spray-Orange-25-ml-1.jpg\",\"width\":750,\"height\":750},{\"@type\":\"BreadcrumbList\",\"@id\":\"https:\\\/\\\/ecosupplements.be\\\/fr\\\/produit\\\/spray-oral-multivitamine-coq10-orange-25-ml\\\/#breadcrumb\",\"itemListElement\":[{\"@type\":\"ListItem\",\"position\":1,\"name\":\"Home\",\"item\":\"https:\\\/\\\/ecosupplements.be\\\/fr\\\/\"},{\"@type\":\"ListItem\",\"position\":2,\"name\":\"Boutique\",\"item\":\"https:\\\/\\\/ecosupplements.be\\\/fr\\\/boutique\\\/\"},{\"@type\":\"ListItem\",\"position\":3,\"name\":\"Spray oral multivitamin\u00e9 CoQ10, Orange &#8211; 25 ml.\"}]},{\"@type\":\"WebSite\",\"@id\":\"https:\\\/\\\/ecosupplements.be\\\/fr\\\/#website\",\"url\":\"https:\\\/\\\/ecosupplements.be\\\/fr\\\/\",\"name\":\"ECO Supplements\",\"description\":\"Eco Supplements - Gezonde supplementen\",\"publisher\":{\"@id\":\"https:\\\/\\\/ecosupplements.be\\\/fr\\\/#organization\"},\"potentialAction\":[{\"@type\":\"SearchAction\",\"target\":{\"@type\":\"EntryPoint\",\"urlTemplate\":\"https:\\\/\\\/ecosupplements.be\\\/fr\\\/?s={search_term_string}\"},\"query-input\":{\"@type\":\"PropertyValueSpecification\",\"valueRequired\":true,\"valueName\":\"search_term_string\"}}],\"inLanguage\":\"fr-FR\"},{\"@type\":\"Organization\",\"@id\":\"https:\\\/\\\/ecosupplements.be\\\/fr\\\/#organization\",\"name\":\"Eco Supplements\",\"url\":\"https:\\\/\\\/ecosupplements.be\\\/fr\\\/\",\"logo\":{\"@type\":\"ImageObject\",\"inLanguage\":\"fr-FR\",\"@id\":\"https:\\\/\\\/ecosupplements.be\\\/fr\\\/#\\\/schema\\\/logo\\\/image\\\/\",\"url\":\"https:\\\/\\\/ecosupplements.be\\\/wp-content\\\/uploads\\\/2022\\\/06\\\/ecosupplement-family.png\",\"contentUrl\":\"https:\\\/\\\/ecosupplements.be\\\/wp-content\\\/uploads\\\/2022\\\/06\\\/ecosupplement-family.png\",\"width\":593,\"height\":374,\"caption\":\"Eco Supplements\"},\"image\":{\"@id\":\"https:\\\/\\\/ecosupplements.be\\\/fr\\\/#\\\/schema\\\/logo\\\/image\\\/\"}}]}<\/script>\n<meta property=\"product:brand\" content=\"Osavi\" \/>\n<meta property=\"product:price:amount\" content=\"10.49\" \/>\n<meta property=\"product:price:currency\" content=\"EUR\" \/>\n<meta property=\"og:availability\" content=\"instock\" \/>\n<meta property=\"product:availability\" content=\"instock\" \/>\n<meta property=\"product:retailer_item_id\" content=\"5904139920565\" \/>\n<meta property=\"product:condition\" content=\"new\" \/>\n<!-- \/ Yoast SEO Premium plugin. -->","yoast_head_json":{"title":"Spray oral multivitamin\u00e9 CoQ10, Orange - 25 ml. - ECO Supplements","description":"Wij hebben een ruime keuze aan producten van Spray oral multivitamin\u00e9 CoQ10, Orange - 25 ml. . Winkel bij Eco Supplements altijd gratis verzending boven 100\u20ac","robots":{"index":"index","follow":"follow","max-snippet":"max-snippet:-1","max-image-preview":"max-image-preview:large","max-video-preview":"max-video-preview:-1"},"canonical":"https:\/\/ecosupplements.be\/fr\/produit\/spray-oral-multivitamine-coq10-orange-25-ml\/","og_locale":"fr_FR","og_type":"article","og_title":"Spray oral multivitamin\u00e9 CoQ10, Orange - 25 ml.","og_description":"Wij hebben een ruime keuze aan producten van Spray oral multivitamin\u00e9 CoQ10, Orange - 25 ml. . Winkel bij Eco Supplements altijd gratis verzending boven 100\u20ac","og_url":"https:\/\/ecosupplements.be\/fr\/produit\/spray-oral-multivitamine-coq10-orange-25-ml\/","og_site_name":"ECO Supplements","article_modified_time":"2025-08-27T11:20:52+00:00","og_image":[{"width":750,"height":750,"url":"https:\/\/ecosupplements.be\/wp-content\/uploads\/2025\/08\/Multivitamin-CoQ10-Oral-Spray-Orange-25-ml-1.jpg","type":"image\/jpeg"}],"twitter_card":"summary_large_image","twitter_misc":{"Prix":"10.49&nbsp;&euro;","Disponibilit\u00e9":"En stock"},"schema":{"@context":"https:\/\/schema.org","@graph":[{"@type":["WebPage","ItemPage"],"@id":"https:\/\/ecosupplements.be\/fr\/produit\/spray-oral-multivitamine-coq10-orange-25-ml\/","url":"https:\/\/ecosupplements.be\/fr\/produit\/spray-oral-multivitamine-coq10-orange-25-ml\/","name":"Spray oral multivitamin\u00e9 CoQ10, Orange - 25 ml. - ECO Supplements","isPartOf":{"@id":"https:\/\/ecosupplements.be\/fr\/#website"},"primaryImageOfPage":{"@id":"https:\/\/ecosupplements.be\/fr\/produit\/spray-oral-multivitamine-coq10-orange-25-ml\/#primaryimage"},"image":{"@id":"https:\/\/ecosupplements.be\/fr\/produit\/spray-oral-multivitamine-coq10-orange-25-ml\/#primaryimage"},"thumbnailUrl":"https:\/\/ecosupplements.be\/wp-content\/uploads\/2025\/08\/Multivitamin-CoQ10-Oral-Spray-Orange-25-ml-1.jpg","datePublished":"2022-06-28T09:28:16+00:00","dateModified":"2025-08-27T11:20:52+00:00","description":"Wij hebben een ruime keuze aan producten van Spray oral multivitamin\u00e9 CoQ10, Orange - 25 ml. . Winkel bij Eco Supplements altijd gratis verzending boven 100\u20ac","breadcrumb":{"@id":"https:\/\/ecosupplements.be\/fr\/produit\/spray-oral-multivitamine-coq10-orange-25-ml\/#breadcrumb"},"inLanguage":"fr-FR","potentialAction":[{"@type":"ReadAction","target":["https:\/\/ecosupplements.be\/fr\/produit\/spray-oral-multivitamine-coq10-orange-25-ml\/"]}]},{"@type":"ImageObject","inLanguage":"fr-FR","@id":"https:\/\/ecosupplements.be\/fr\/produit\/spray-oral-multivitamine-coq10-orange-25-ml\/#primaryimage","url":"https:\/\/ecosupplements.be\/wp-content\/uploads\/2025\/08\/Multivitamin-CoQ10-Oral-Spray-Orange-25-ml-1.jpg","contentUrl":"https:\/\/ecosupplements.be\/wp-content\/uploads\/2025\/08\/Multivitamin-CoQ10-Oral-Spray-Orange-25-ml-1.jpg","width":750,"height":750},{"@type":"BreadcrumbList","@id":"https:\/\/ecosupplements.be\/fr\/produit\/spray-oral-multivitamine-coq10-orange-25-ml\/#breadcrumb","itemListElement":[{"@type":"ListItem","position":1,"name":"Home","item":"https:\/\/ecosupplements.be\/fr\/"},{"@type":"ListItem","position":2,"name":"Boutique","item":"https:\/\/ecosupplements.be\/fr\/boutique\/"},{"@type":"ListItem","position":3,"name":"Spray oral multivitamin\u00e9 CoQ10, Orange &#8211; 25 ml."}]},{"@type":"WebSite","@id":"https:\/\/ecosupplements.be\/fr\/#website","url":"https:\/\/ecosupplements.be\/fr\/","name":"ECO Supplements","description":"Eco Supplements - Gezonde supplementen","publisher":{"@id":"https:\/\/ecosupplements.be\/fr\/#organization"},"potentialAction":[{"@type":"SearchAction","target":{"@type":"EntryPoint","urlTemplate":"https:\/\/ecosupplements.be\/fr\/?s={search_term_string}"},"query-input":{"@type":"PropertyValueSpecification","valueRequired":true,"valueName":"search_term_string"}}],"inLanguage":"fr-FR"},{"@type":"Organization","@id":"https:\/\/ecosupplements.be\/fr\/#organization","name":"Eco Supplements","url":"https:\/\/ecosupplements.be\/fr\/","logo":{"@type":"ImageObject","inLanguage":"fr-FR","@id":"https:\/\/ecosupplements.be\/fr\/#\/schema\/logo\/image\/","url":"https:\/\/ecosupplements.be\/wp-content\/uploads\/2022\/06\/ecosupplement-family.png","contentUrl":"https:\/\/ecosupplements.be\/wp-content\/uploads\/2022\/06\/ecosupplement-family.png","width":593,"height":374,"caption":"Eco Supplements"},"image":{"@id":"https:\/\/ecosupplements.be\/fr\/#\/schema\/logo\/image\/"}}]},"product_brand":"Osavi","product_price_amount":"10.49","product_price_currency":"EUR","og_availability":"instock","product_availability":"instock","product_retailer_item_id":"5904139920565","product_condition":"new"},"_links":{"self":[{"href":"https:\/\/ecosupplements.be\/fr\/wp-json\/wp\/v2\/product\/282310","targetHints":{"allow":["GET"]}}],"collection":[{"href":"https:\/\/ecosupplements.be\/fr\/wp-json\/wp\/v2\/product"}],"about":[{"href":"https:\/\/ecosupplements.be\/fr\/wp-json\/wp\/v2\/types\/product"}],"replies":[{"embeddable":true,"href":"https:\/\/ecosupplements.be\/fr\/wp-json\/wp\/v2\/comments?post=282310"}],"wp:featuredmedia":[{"embeddable":true,"href":"https:\/\/ecosupplements.be\/fr\/wp-json\/wp\/v2\/media\/253552"}],"wp:attachment":[{"href":"https:\/\/ecosupplements.be\/fr\/wp-json\/wp\/v2\/media?parent=282310"}],"wp:term":[{"taxonomy":"product_brand","embeddable":true,"href":"https:\/\/ecosupplements.be\/fr\/wp-json\/wp\/v2\/product_brand?post=282310"},{"taxonomy":"product_cat","embeddable":true,"href":"https:\/\/ecosupplements.be\/fr\/wp-json\/wp\/v2\/product_cat?post=282310"},{"taxonomy":"product_tag","embeddable":true,"href":"https:\/\/ecosupplements.be\/fr\/wp-json\/wp\/v2\/product_tag?post=282310"}],"curies":[{"name":"wp","href":"https:\/\/api.w.org\/{rel}","templated":true}]}}