{"id":282325,"date":"2022-06-28T10:28:25","date_gmt":"2022-06-28T09:28:25","guid":{"rendered":"https:\/\/ecosupplements.be\/product\/potassium-300mg-90-gelules-vegetales\/"},"modified":"2025-08-27T12:22:04","modified_gmt":"2025-08-27T11:22:04","slug":"potassium-300mg-90-gelules-vegetales","status":"publish","type":"product","link":"https:\/\/ecosupplements.be\/fr\/produit\/potassium-300mg-90-gelules-vegetales\/","title":{"rendered":"Potassium, 300mg &#8211; 90 g\u00e9lules v\u00e9g\u00e9tales"},"content":{"rendered":"<h1 style=\"text-align: center;\">Osavi &#8211; Potassium<\/h1>\n<p>Compl\u00e9ment alimentaire sous forme de capsule dure contenant du potassium sous la forme organique hautement absorbable &#8211; citrate de potassium. Le niveau optimal de potassium est n\u00e9cessaire au fonctionnement normal des organes.&nbsp;<br \/>\nIl existe quelques faits int\u00e9ressants sur les ions potassium, notamment le fait qu&#8217;il s&#8217;agisse d&#8217;un \u00e9lectrolyte. Les \u00e9lectrolytes conduisent les impulsions \u00e9lectriques dans notre corps, ce qui contribue \u00e0 son bon fonctionnement. Essentiellement, ils produisent l&#8217;\u00e9nergie dont nous avons besoin au niveau cellulaire pour nous permettre de rester en forme et en bonne sant\u00e9. Ils sont n\u00e9cessaires aux fonctions qui s&#8217;\u00e9tendent sur les muscles, les nerfs et l&#8217;osmose. Ensemble, ces actions permettent \u00e0 notre corps de rester en bonne sant\u00e9.<br \/>\nUn deuxi\u00e8me point int\u00e9ressant est que notre corps ne produit pas de potassium, nous devons donc l&#8217;obtenir de notre alimentation. Les avantages du potassium sont notamment de contribuer \u00e0 notre syst\u00e8me nerveux, \u00e0 la fonction musculaire et \u00e0 la pression sanguine. Si votre alimentation est d\u00e9ficiente en potassium, vous pouvez la compl\u00e9ter par un compl\u00e9ment alimentaire.&nbsp;<br \/>\nNotre compl\u00e9ment a \u00e9t\u00e9 con\u00e7u pour soutenir le bon fonctionnement de l&#8217;organisme en lui fournissant une portion quotidienne de 300 mg de ce pr\u00e9cieux \u00e9l\u00e9ment. Chaque capsule contient un sel organique hautement absorbable &#8211; le citrate de potassium. Le produit convient \u00e9galement aux v\u00e9g\u00e9tariens et aux v\u00e9g\u00e9taliens.<br \/>\nPourquoi une personne aurait-elle int\u00e9r\u00eat \u00e0 se suppl\u00e9menter en Potassium 300 mg ?<br \/>\n&#8211; Le potassium contribue au fonctionnement normal du syst\u00e8me nerveux<br \/>\n&#8211; Le potassium contribue \u00e0 une fonction musculaire normale<br \/>\n&#8211; Le potassium contribue au maintien d&#8217;une pression sanguine normale<br \/>\nQuelle est la particularit\u00e9 des g\u00e9lules Potassium 300 mg ?<br \/>\n&#8211; Contient du potassium sous la forme organique hautement absorbable &#8211; citrate de potassium&nbsp;<br \/>\n&#8211; \u00c9tiquette propre &#8211; pas d&#8217;additifs inutiles.<br \/>\n&#8211; Convient aux v\u00e9g\u00e9tariens et aux v\u00e9g\u00e9taliens.&nbsp;<br \/>\n&#8211; Emballage en BioPET (30% du plastique provient de la canne \u00e0 sucre).<\/p>\n<p><img decoding=\"async\" src=\"https:\/\/ecosupplements.be\/wp-content\/uploads\/2025\/08\/gluten-free-1.png\" title=\"Sans gluten\" alt=\"Gluten free\"><img decoding=\"async\" src=\"https:\/\/ecosupplements.be\/wp-content\/uploads\/2025\/08\/non-gmo-1.png\" title=\"Non-OGM\" alt=\"Non-GMO\"><img decoding=\"async\" src=\"https:\/\/ecosupplements.be\/wp-content\/uploads\/2025\/08\/vegan-1.png\" title=\"Vegan\" alt=\"Vegan\"><img decoding=\"async\" src=\"https:\/\/ecosupplements.be\/wp-content\/uploads\/2025\/08\/vegetarian-1.png\" title=\"V\u00e9g\u00e9tarien\" alt=\"Vegetarian\"><\/p>\n","protected":false},"excerpt":{"rendered":"<p>Osavi &#8211; Potassium Compl\u00e9ment alimentaire sous forme de capsule dure contenant du potassium sous la forme organique hautement absorbable &#8211; citrate de potassium. Le niveau optimal de potassium est n\u00e9cessaire au fonctionnement normal des organes.&nbsp; Il existe quelques faits int\u00e9ressants sur les ions potassium, notamment le fait qu&#8217;il s&#8217;agisse d&#8217;un \u00e9lectrolyte. Les \u00e9lectrolytes conduisent les [&#8230;]\n","protected":false},"featured_media":253631,"comment_status":"open","ping_status":"open","template":"","meta":[],"product_brand":[4756],"product_cat":[5064,5054,5232,5055,5052,5053],"product_tag":[],"class_list":{"0":"post-282325","1":"product","2":"type-product","3":"status-publish","4":"has-post-thumbnail","6":"product_brand-osavi-2","7":"product_cat-mineraux-simples","8":"product_cat-nourriture-saine","9":"product_cat-potassium-mineraux-simples","10":"product_cat-produits-vegetaliens","11":"product_cat-sante-et-bien-etre","12":"product_cat-vitamines-et-mineraux","14":"first","15":"instock","16":"taxable","17":"shipping-taxable","18":"purchasable","19":"product-type-simple"},"yoast_head":"<!-- This site is optimized with the Yoast SEO Premium plugin v27.3 (Yoast SEO v27.3) - https:\/\/yoast.com\/product\/yoast-seo-premium-wordpress\/ -->\n<title>Potassium, 300mg - 90 g\u00e9lules v\u00e9g\u00e9tales - ECO Supplements<\/title>\n<meta name=\"description\" content=\"Wij hebben een ruime keuze aan producten van Potassium, 300mg - 90 g\u00e9lules v\u00e9g\u00e9tales . Winkel bij Eco Supplements altijd gratis verzending boven 100\u20ac\" \/>\n<meta name=\"robots\" content=\"index, follow, max-snippet:-1, max-image-preview:large, max-video-preview:-1\" \/>\n<link rel=\"canonical\" href=\"https:\/\/ecosupplements.be\/fr\/produit\/potassium-300mg-90-gelules-vegetales\/\" \/>\n<meta property=\"og:locale\" content=\"fr_FR\" \/>\n<meta property=\"og:type\" content=\"article\" \/>\n<meta property=\"og:title\" content=\"Potassium, 300mg - 90 g\u00e9lules v\u00e9g\u00e9tales\" \/>\n<meta property=\"og:description\" content=\"Wij hebben een ruime keuze aan producten van Potassium, 300mg - 90 g\u00e9lules v\u00e9g\u00e9tales . Winkel bij Eco Supplements altijd gratis verzending boven 100\u20ac\" \/>\n<meta property=\"og:url\" content=\"https:\/\/ecosupplements.be\/fr\/produit\/potassium-300mg-90-gelules-vegetales\/\" \/>\n<meta property=\"og:site_name\" content=\"ECO Supplements\" \/>\n<meta property=\"article:modified_time\" content=\"2025-08-27T11:22:04+00:00\" \/>\n<meta property=\"og:image\" content=\"https:\/\/ecosupplements.be\/wp-content\/uploads\/2025\/08\/Potassium-300mg-90-vegan-caps-1.jpg\" \/>\n\t<meta property=\"og:image:width\" content=\"750\" \/>\n\t<meta property=\"og:image:height\" content=\"750\" \/>\n\t<meta property=\"og:image:type\" content=\"image\/jpeg\" \/>\n<meta name=\"twitter:card\" content=\"summary_large_image\" \/>\n<meta name=\"twitter:label1\" content=\"Prix\" \/>\n\t<meta name=\"twitter:data1\" content=\"6.93&nbsp;&euro;\" \/>\n\t<meta name=\"twitter:label2\" content=\"Disponibilit\u00e9\" \/>\n\t<meta name=\"twitter:data2\" content=\"En stock\" \/>\n<script type=\"application\/ld+json\" class=\"yoast-schema-graph\">{\"@context\":\"https:\\\/\\\/schema.org\",\"@graph\":[{\"@type\":[\"WebPage\",\"ItemPage\"],\"@id\":\"https:\\\/\\\/ecosupplements.be\\\/fr\\\/produit\\\/potassium-300mg-90-gelules-vegetales\\\/\",\"url\":\"https:\\\/\\\/ecosupplements.be\\\/fr\\\/produit\\\/potassium-300mg-90-gelules-vegetales\\\/\",\"name\":\"Potassium, 300mg - 90 g\u00e9lules v\u00e9g\u00e9tales - ECO Supplements\",\"isPartOf\":{\"@id\":\"https:\\\/\\\/ecosupplements.be\\\/fr\\\/#website\"},\"primaryImageOfPage\":{\"@id\":\"https:\\\/\\\/ecosupplements.be\\\/fr\\\/produit\\\/potassium-300mg-90-gelules-vegetales\\\/#primaryimage\"},\"image\":{\"@id\":\"https:\\\/\\\/ecosupplements.be\\\/fr\\\/produit\\\/potassium-300mg-90-gelules-vegetales\\\/#primaryimage\"},\"thumbnailUrl\":\"https:\\\/\\\/ecosupplements.be\\\/wp-content\\\/uploads\\\/2025\\\/08\\\/Potassium-300mg-90-vegan-caps-1.jpg\",\"datePublished\":\"2022-06-28T09:28:25+00:00\",\"dateModified\":\"2025-08-27T11:22:04+00:00\",\"description\":\"Wij hebben een ruime keuze aan producten van Potassium, 300mg - 90 g\u00e9lules v\u00e9g\u00e9tales . Winkel bij Eco Supplements altijd gratis verzending boven 100\u20ac\",\"breadcrumb\":{\"@id\":\"https:\\\/\\\/ecosupplements.be\\\/fr\\\/produit\\\/potassium-300mg-90-gelules-vegetales\\\/#breadcrumb\"},\"inLanguage\":\"fr-FR\",\"potentialAction\":[{\"@type\":\"ReadAction\",\"target\":[\"https:\\\/\\\/ecosupplements.be\\\/fr\\\/produit\\\/potassium-300mg-90-gelules-vegetales\\\/\"]}]},{\"@type\":\"ImageObject\",\"inLanguage\":\"fr-FR\",\"@id\":\"https:\\\/\\\/ecosupplements.be\\\/fr\\\/produit\\\/potassium-300mg-90-gelules-vegetales\\\/#primaryimage\",\"url\":\"https:\\\/\\\/ecosupplements.be\\\/wp-content\\\/uploads\\\/2025\\\/08\\\/Potassium-300mg-90-vegan-caps-1.jpg\",\"contentUrl\":\"https:\\\/\\\/ecosupplements.be\\\/wp-content\\\/uploads\\\/2025\\\/08\\\/Potassium-300mg-90-vegan-caps-1.jpg\",\"width\":750,\"height\":750},{\"@type\":\"BreadcrumbList\",\"@id\":\"https:\\\/\\\/ecosupplements.be\\\/fr\\\/produit\\\/potassium-300mg-90-gelules-vegetales\\\/#breadcrumb\",\"itemListElement\":[{\"@type\":\"ListItem\",\"position\":1,\"name\":\"Home\",\"item\":\"https:\\\/\\\/ecosupplements.be\\\/fr\\\/\"},{\"@type\":\"ListItem\",\"position\":2,\"name\":\"Boutique\",\"item\":\"https:\\\/\\\/ecosupplements.be\\\/fr\\\/boutique\\\/\"},{\"@type\":\"ListItem\",\"position\":3,\"name\":\"Potassium, 300mg &#8211; 90 g\u00e9lules v\u00e9g\u00e9tales\"}]},{\"@type\":\"WebSite\",\"@id\":\"https:\\\/\\\/ecosupplements.be\\\/fr\\\/#website\",\"url\":\"https:\\\/\\\/ecosupplements.be\\\/fr\\\/\",\"name\":\"ECO Supplements\",\"description\":\"Eco Supplements - Gezonde supplementen\",\"publisher\":{\"@id\":\"https:\\\/\\\/ecosupplements.be\\\/fr\\\/#organization\"},\"potentialAction\":[{\"@type\":\"SearchAction\",\"target\":{\"@type\":\"EntryPoint\",\"urlTemplate\":\"https:\\\/\\\/ecosupplements.be\\\/fr\\\/?s={search_term_string}\"},\"query-input\":{\"@type\":\"PropertyValueSpecification\",\"valueRequired\":true,\"valueName\":\"search_term_string\"}}],\"inLanguage\":\"fr-FR\"},{\"@type\":\"Organization\",\"@id\":\"https:\\\/\\\/ecosupplements.be\\\/fr\\\/#organization\",\"name\":\"Eco Supplements\",\"url\":\"https:\\\/\\\/ecosupplements.be\\\/fr\\\/\",\"logo\":{\"@type\":\"ImageObject\",\"inLanguage\":\"fr-FR\",\"@id\":\"https:\\\/\\\/ecosupplements.be\\\/fr\\\/#\\\/schema\\\/logo\\\/image\\\/\",\"url\":\"https:\\\/\\\/ecosupplements.be\\\/wp-content\\\/uploads\\\/2022\\\/06\\\/ecosupplement-family.png\",\"contentUrl\":\"https:\\\/\\\/ecosupplements.be\\\/wp-content\\\/uploads\\\/2022\\\/06\\\/ecosupplement-family.png\",\"width\":593,\"height\":374,\"caption\":\"Eco Supplements\"},\"image\":{\"@id\":\"https:\\\/\\\/ecosupplements.be\\\/fr\\\/#\\\/schema\\\/logo\\\/image\\\/\"}}]}<\/script>\n<meta property=\"product:brand\" content=\"Osavi\" \/>\n<meta property=\"product:price:amount\" content=\"6.93\" \/>\n<meta property=\"product:price:currency\" content=\"EUR\" \/>\n<meta property=\"og:availability\" content=\"instock\" \/>\n<meta property=\"product:availability\" content=\"instock\" \/>\n<meta property=\"product:retailer_item_id\" content=\"5904139920954\" \/>\n<meta property=\"product:condition\" content=\"new\" \/>\n<!-- \/ Yoast SEO Premium plugin. -->","yoast_head_json":{"title":"Potassium, 300mg - 90 g\u00e9lules v\u00e9g\u00e9tales - ECO Supplements","description":"Wij hebben een ruime keuze aan producten van Potassium, 300mg - 90 g\u00e9lules v\u00e9g\u00e9tales . Winkel bij Eco Supplements altijd gratis verzending boven 100\u20ac","robots":{"index":"index","follow":"follow","max-snippet":"max-snippet:-1","max-image-preview":"max-image-preview:large","max-video-preview":"max-video-preview:-1"},"canonical":"https:\/\/ecosupplements.be\/fr\/produit\/potassium-300mg-90-gelules-vegetales\/","og_locale":"fr_FR","og_type":"article","og_title":"Potassium, 300mg - 90 g\u00e9lules v\u00e9g\u00e9tales","og_description":"Wij hebben een ruime keuze aan producten van Potassium, 300mg - 90 g\u00e9lules v\u00e9g\u00e9tales . Winkel bij Eco Supplements altijd gratis verzending boven 100\u20ac","og_url":"https:\/\/ecosupplements.be\/fr\/produit\/potassium-300mg-90-gelules-vegetales\/","og_site_name":"ECO Supplements","article_modified_time":"2025-08-27T11:22:04+00:00","og_image":[{"width":750,"height":750,"url":"https:\/\/ecosupplements.be\/wp-content\/uploads\/2025\/08\/Potassium-300mg-90-vegan-caps-1.jpg","type":"image\/jpeg"}],"twitter_card":"summary_large_image","twitter_misc":{"Prix":"6.93&nbsp;&euro;","Disponibilit\u00e9":"En stock"},"schema":{"@context":"https:\/\/schema.org","@graph":[{"@type":["WebPage","ItemPage"],"@id":"https:\/\/ecosupplements.be\/fr\/produit\/potassium-300mg-90-gelules-vegetales\/","url":"https:\/\/ecosupplements.be\/fr\/produit\/potassium-300mg-90-gelules-vegetales\/","name":"Potassium, 300mg - 90 g\u00e9lules v\u00e9g\u00e9tales - ECO Supplements","isPartOf":{"@id":"https:\/\/ecosupplements.be\/fr\/#website"},"primaryImageOfPage":{"@id":"https:\/\/ecosupplements.be\/fr\/produit\/potassium-300mg-90-gelules-vegetales\/#primaryimage"},"image":{"@id":"https:\/\/ecosupplements.be\/fr\/produit\/potassium-300mg-90-gelules-vegetales\/#primaryimage"},"thumbnailUrl":"https:\/\/ecosupplements.be\/wp-content\/uploads\/2025\/08\/Potassium-300mg-90-vegan-caps-1.jpg","datePublished":"2022-06-28T09:28:25+00:00","dateModified":"2025-08-27T11:22:04+00:00","description":"Wij hebben een ruime keuze aan producten van Potassium, 300mg - 90 g\u00e9lules v\u00e9g\u00e9tales . Winkel bij Eco Supplements altijd gratis verzending boven 100\u20ac","breadcrumb":{"@id":"https:\/\/ecosupplements.be\/fr\/produit\/potassium-300mg-90-gelules-vegetales\/#breadcrumb"},"inLanguage":"fr-FR","potentialAction":[{"@type":"ReadAction","target":["https:\/\/ecosupplements.be\/fr\/produit\/potassium-300mg-90-gelules-vegetales\/"]}]},{"@type":"ImageObject","inLanguage":"fr-FR","@id":"https:\/\/ecosupplements.be\/fr\/produit\/potassium-300mg-90-gelules-vegetales\/#primaryimage","url":"https:\/\/ecosupplements.be\/wp-content\/uploads\/2025\/08\/Potassium-300mg-90-vegan-caps-1.jpg","contentUrl":"https:\/\/ecosupplements.be\/wp-content\/uploads\/2025\/08\/Potassium-300mg-90-vegan-caps-1.jpg","width":750,"height":750},{"@type":"BreadcrumbList","@id":"https:\/\/ecosupplements.be\/fr\/produit\/potassium-300mg-90-gelules-vegetales\/#breadcrumb","itemListElement":[{"@type":"ListItem","position":1,"name":"Home","item":"https:\/\/ecosupplements.be\/fr\/"},{"@type":"ListItem","position":2,"name":"Boutique","item":"https:\/\/ecosupplements.be\/fr\/boutique\/"},{"@type":"ListItem","position":3,"name":"Potassium, 300mg &#8211; 90 g\u00e9lules v\u00e9g\u00e9tales"}]},{"@type":"WebSite","@id":"https:\/\/ecosupplements.be\/fr\/#website","url":"https:\/\/ecosupplements.be\/fr\/","name":"ECO Supplements","description":"Eco Supplements - Gezonde supplementen","publisher":{"@id":"https:\/\/ecosupplements.be\/fr\/#organization"},"potentialAction":[{"@type":"SearchAction","target":{"@type":"EntryPoint","urlTemplate":"https:\/\/ecosupplements.be\/fr\/?s={search_term_string}"},"query-input":{"@type":"PropertyValueSpecification","valueRequired":true,"valueName":"search_term_string"}}],"inLanguage":"fr-FR"},{"@type":"Organization","@id":"https:\/\/ecosupplements.be\/fr\/#organization","name":"Eco Supplements","url":"https:\/\/ecosupplements.be\/fr\/","logo":{"@type":"ImageObject","inLanguage":"fr-FR","@id":"https:\/\/ecosupplements.be\/fr\/#\/schema\/logo\/image\/","url":"https:\/\/ecosupplements.be\/wp-content\/uploads\/2022\/06\/ecosupplement-family.png","contentUrl":"https:\/\/ecosupplements.be\/wp-content\/uploads\/2022\/06\/ecosupplement-family.png","width":593,"height":374,"caption":"Eco Supplements"},"image":{"@id":"https:\/\/ecosupplements.be\/fr\/#\/schema\/logo\/image\/"}}]},"product_brand":"Osavi","product_price_amount":"6.93","product_price_currency":"EUR","og_availability":"instock","product_availability":"instock","product_retailer_item_id":"5904139920954","product_condition":"new"},"_links":{"self":[{"href":"https:\/\/ecosupplements.be\/fr\/wp-json\/wp\/v2\/product\/282325","targetHints":{"allow":["GET"]}}],"collection":[{"href":"https:\/\/ecosupplements.be\/fr\/wp-json\/wp\/v2\/product"}],"about":[{"href":"https:\/\/ecosupplements.be\/fr\/wp-json\/wp\/v2\/types\/product"}],"replies":[{"embeddable":true,"href":"https:\/\/ecosupplements.be\/fr\/wp-json\/wp\/v2\/comments?post=282325"}],"wp:featuredmedia":[{"embeddable":true,"href":"https:\/\/ecosupplements.be\/fr\/wp-json\/wp\/v2\/media\/253631"}],"wp:attachment":[{"href":"https:\/\/ecosupplements.be\/fr\/wp-json\/wp\/v2\/media?parent=282325"}],"wp:term":[{"taxonomy":"product_brand","embeddable":true,"href":"https:\/\/ecosupplements.be\/fr\/wp-json\/wp\/v2\/product_brand?post=282325"},{"taxonomy":"product_cat","embeddable":true,"href":"https:\/\/ecosupplements.be\/fr\/wp-json\/wp\/v2\/product_cat?post=282325"},{"taxonomy":"product_tag","embeddable":true,"href":"https:\/\/ecosupplements.be\/fr\/wp-json\/wp\/v2\/product_tag?post=282325"}],"curies":[{"name":"wp","href":"https:\/\/api.w.org\/{rel}","templated":true}]}}