{"id":282326,"date":"2022-06-28T10:28:25","date_gmt":"2022-06-28T09:28:25","guid":{"rendered":"https:\/\/ecosupplements.be\/product\/selenium-200mcg-180-gelules-vegetaliennes\/"},"modified":"2025-08-27T12:22:09","modified_gmt":"2025-08-27T11:22:09","slug":"selenium-200mcg-180-gelules-vegetaliennes","status":"publish","type":"product","link":"https:\/\/ecosupplements.be\/fr\/produit\/selenium-200mcg-180-gelules-vegetaliennes\/","title":{"rendered":"S\u00e9l\u00e9nium, 200mcg &#8211; 180 g\u00e9lules v\u00e9g\u00e9taliennes"},"content":{"rendered":"<h1 style=\"text-align: center;\">Osavi &#8211; S\u00e9l\u00e9nium<\/h1>\n<p>Compl\u00e9ment alimentaire sous forme de capsule dure contenant du s\u00e9l\u00e9nium sous forme de L-s\u00e9l\u00e9nom\u00e9thionine hautement absorbable. Le s\u00e9l\u00e9nium est un oligo-\u00e9l\u00e9ment min\u00e9ral extr\u00eamement important, qui contribue entre autres \u00e0 la fonction normale de la thyro\u00efde.&nbsp;<br \/>\nLe s\u00e9l\u00e9nium est un min\u00e9ral qui joue un r\u00f4le important dans la sant\u00e9 et le bien-\u00eatre. Ses bienfaits peuvent \u00eatre observ\u00e9s au niveau du syst\u00e8me immunitaire, des cheveux et des ongles, entre autres zones du corps. Le s\u00e9l\u00e9nium est un oligo-\u00e9l\u00e9ment min\u00e9ral extr\u00eamement important, qui contribue entre autres \u00e0 la fonction normale de la thyro\u00efde, mais qui peut \u00e9galement contribuer \u00e0 la spermatogen\u00e8se, au syst\u00e8me immunitaire et \u00e9galement \u00e0 la r\u00e9duction du stress oxydatif, en contr\u00f4lant le nombre de radicaux libres.<br \/>\nPour ces raisons, notre corps ne peut pas fonctionner sans lui, il est donc utile de savoir si nous en consommons suffisamment. R\u00e9fl\u00e9chir \u00e0 votre alimentation pour voir si vous consommez des aliments riches en ce min\u00e9ral est une bonne premi\u00e8re \u00e9tape. Il s&#8217;agit notamment des viandes maigres, du thon, des \u0153ufs, des haricots et de certaines noix comme les noix du Br\u00e9sil.&nbsp;&nbsp;&nbsp;&nbsp;<br \/>\nCertains facteurs peuvent r\u00e9duire l&#8217;apport quotidien en s\u00e9l\u00e9nium, notamment les choix et les exclusions alimentaires. Dans ce cas, la prise d&#8217;un compl\u00e9ment peut augmenter la dose quotidienne recommand\u00e9e et aider \u00e0 g\u00e9rer l&#8217;apport. Notre capsule d&#8217;un jour est con\u00e7ue \u00e0 cet effet, et elle convient aux v\u00e9g\u00e9tariens et aux v\u00e9g\u00e9taliens. Elle contient du s\u00e9l\u00e9nium sous une forme d&#8217;acide amin\u00e9 hautement absorbable : L-s\u00e9l\u00e9nom\u00e9thionine. Une capsule fournit 200 \u03bcg de ce pr\u00e9cieux \u00e9l\u00e9ment.<br \/>\nPourquoi une personne aurait-elle int\u00e9r\u00eat \u00e0 se suppl\u00e9menter en s\u00e9l\u00e9nium 200 \u03bcg ?<br \/>\n&#8211; Le s\u00e9l\u00e9nium contribue au fonctionnement normal du syst\u00e8me immunitaire.<br \/>\n&#8211; Le s\u00e9l\u00e9nium contribue au maintien de cheveux et d&#8217;ongles normaux.<br \/>\n&#8211; Le s\u00e9l\u00e9nium contribue \u00e0 la protection des cellules contre le stress oxydatif.<br \/>\n&#8211; Le s\u00e9l\u00e9nium contribue \u00e0 la fonction normale de la thyro\u00efde.<br \/>\n&#8211; Le s\u00e9l\u00e9nium contribue \u00e0 une spermatogen\u00e8se normale.<br \/>\nQuelle est la particularit\u00e9 des capsules Selenium 200 \u03bcg ?<br \/>\n&#8211; Contient du s\u00e9l\u00e9nium sous la forme organique hautement absorbable &#8211; L-s\u00e9l\u00e9nom\u00e9thionie.<br \/>\n&#8211; \u00c9tiquette propre &#8211; pas d&#8217;additifs inutiles.<br \/>\n&#8211; Convient aux v\u00e9g\u00e9tariens et aux v\u00e9g\u00e9taliens.&nbsp;<br \/>\n&#8211; Emballage en BioPET (30% du plastique provient de la canne \u00e0 sucre).<\/p>\n<p><img decoding=\"async\" src=\"https:\/\/ecosupplements.be\/wp-content\/uploads\/2025\/08\/gluten-free-1.png\" title=\"Sans gluten\" alt=\"Gluten free\"><img decoding=\"async\" src=\"https:\/\/ecosupplements.be\/wp-content\/uploads\/2025\/08\/non-gmo-1.png\" title=\"Non-OGM\" alt=\"Non-GMO\"><img decoding=\"async\" src=\"https:\/\/ecosupplements.be\/wp-content\/uploads\/2025\/08\/vegan-1.png\" title=\"Vegan\" alt=\"Vegan\"><img decoding=\"async\" src=\"https:\/\/ecosupplements.be\/wp-content\/uploads\/2025\/08\/vegetarian-1.png\" title=\"V\u00e9g\u00e9tarien\" alt=\"Vegetarian\"><\/p>\n","protected":false},"excerpt":{"rendered":"<p>Osavi &#8211; S\u00e9l\u00e9nium Compl\u00e9ment alimentaire sous forme de capsule dure contenant du s\u00e9l\u00e9nium sous forme de L-s\u00e9l\u00e9nom\u00e9thionine hautement absorbable. Le s\u00e9l\u00e9nium est un oligo-\u00e9l\u00e9ment min\u00e9ral extr\u00eamement important, qui contribue entre autres \u00e0 la fonction normale de la thyro\u00efde.&nbsp; Le s\u00e9l\u00e9nium est un min\u00e9ral qui joue un r\u00f4le important dans la sant\u00e9 et le bien-\u00eatre. Ses [&#8230;]\n","protected":false},"featured_media":253634,"comment_status":"open","ping_status":"open","template":"","meta":[],"product_brand":[4756],"product_cat":[5089,5064,5054,5055,5052,5091,5053],"product_tag":[],"class_list":{"0":"post-282326","1":"product","2":"type-product","3":"status-publish","4":"has-post-thumbnail","6":"product_brand-osavi-2","7":"product_cat-complements-alimentaires-pour-femmes","8":"product_cat-mineraux-simples","9":"product_cat-nourriture-saine","10":"product_cat-produits-vegetaliens","11":"product_cat-sante-et-bien-etre","12":"product_cat-selenium-mineraux-simples","13":"product_cat-vitamines-et-mineraux","15":"first","16":"instock","17":"taxable","18":"shipping-taxable","19":"purchasable","20":"product-type-simple"},"yoast_head":"<!-- This site is optimized with the Yoast SEO Premium plugin v27.3 (Yoast SEO v27.3) - https:\/\/yoast.com\/product\/yoast-seo-premium-wordpress\/ -->\n<title>S\u00e9l\u00e9nium, 200mcg - 180 g\u00e9lules v\u00e9g\u00e9taliennes - ECO Supplements<\/title>\n<meta name=\"description\" content=\"Wij hebben een ruime keuze aan producten van S\u00e9l\u00e9nium, 200mcg - 180 g\u00e9lules v\u00e9g\u00e9taliennes . Winkel bij Eco Supplements altijd gratis verzending boven 100\u20ac\" \/>\n<meta name=\"robots\" content=\"index, follow, max-snippet:-1, max-image-preview:large, max-video-preview:-1\" \/>\n<link rel=\"canonical\" href=\"https:\/\/ecosupplements.be\/fr\/produit\/selenium-200mcg-180-gelules-vegetaliennes\/\" \/>\n<meta property=\"og:locale\" content=\"fr_FR\" \/>\n<meta property=\"og:type\" content=\"article\" \/>\n<meta property=\"og:title\" content=\"S\u00e9l\u00e9nium, 200mcg - 180 g\u00e9lules v\u00e9g\u00e9taliennes\" \/>\n<meta property=\"og:description\" content=\"Wij hebben een ruime keuze aan producten van S\u00e9l\u00e9nium, 200mcg - 180 g\u00e9lules v\u00e9g\u00e9taliennes . Winkel bij Eco Supplements altijd gratis verzending boven 100\u20ac\" \/>\n<meta property=\"og:url\" content=\"https:\/\/ecosupplements.be\/fr\/produit\/selenium-200mcg-180-gelules-vegetaliennes\/\" \/>\n<meta property=\"og:site_name\" content=\"ECO Supplements\" \/>\n<meta property=\"article:modified_time\" content=\"2025-08-27T11:22:09+00:00\" \/>\n<meta property=\"og:image\" content=\"https:\/\/ecosupplements.be\/wp-content\/uploads\/2025\/08\/Selenium-200mcg-180-vegan-caps-1.jpg\" \/>\n\t<meta property=\"og:image:width\" content=\"750\" \/>\n\t<meta property=\"og:image:height\" content=\"750\" \/>\n\t<meta property=\"og:image:type\" content=\"image\/jpeg\" \/>\n<meta name=\"twitter:card\" content=\"summary_large_image\" \/>\n<meta name=\"twitter:label1\" content=\"Prix\" \/>\n\t<meta name=\"twitter:data1\" content=\"14.97&nbsp;&euro;\" \/>\n\t<meta name=\"twitter:label2\" content=\"Disponibilit\u00e9\" \/>\n\t<meta name=\"twitter:data2\" content=\"En stock\" \/>\n<script type=\"application\/ld+json\" class=\"yoast-schema-graph\">{\"@context\":\"https:\\\/\\\/schema.org\",\"@graph\":[{\"@type\":[\"WebPage\",\"ItemPage\"],\"@id\":\"https:\\\/\\\/ecosupplements.be\\\/fr\\\/produit\\\/selenium-200mcg-180-gelules-vegetaliennes\\\/\",\"url\":\"https:\\\/\\\/ecosupplements.be\\\/fr\\\/produit\\\/selenium-200mcg-180-gelules-vegetaliennes\\\/\",\"name\":\"S\u00e9l\u00e9nium, 200mcg - 180 g\u00e9lules v\u00e9g\u00e9taliennes - ECO Supplements\",\"isPartOf\":{\"@id\":\"https:\\\/\\\/ecosupplements.be\\\/fr\\\/#website\"},\"primaryImageOfPage\":{\"@id\":\"https:\\\/\\\/ecosupplements.be\\\/fr\\\/produit\\\/selenium-200mcg-180-gelules-vegetaliennes\\\/#primaryimage\"},\"image\":{\"@id\":\"https:\\\/\\\/ecosupplements.be\\\/fr\\\/produit\\\/selenium-200mcg-180-gelules-vegetaliennes\\\/#primaryimage\"},\"thumbnailUrl\":\"https:\\\/\\\/ecosupplements.be\\\/wp-content\\\/uploads\\\/2025\\\/08\\\/Selenium-200mcg-180-vegan-caps-1.jpg\",\"datePublished\":\"2022-06-28T09:28:25+00:00\",\"dateModified\":\"2025-08-27T11:22:09+00:00\",\"description\":\"Wij hebben een ruime keuze aan producten van S\u00e9l\u00e9nium, 200mcg - 180 g\u00e9lules v\u00e9g\u00e9taliennes . Winkel bij Eco Supplements altijd gratis verzending boven 100\u20ac\",\"breadcrumb\":{\"@id\":\"https:\\\/\\\/ecosupplements.be\\\/fr\\\/produit\\\/selenium-200mcg-180-gelules-vegetaliennes\\\/#breadcrumb\"},\"inLanguage\":\"fr-FR\",\"potentialAction\":[{\"@type\":\"ReadAction\",\"target\":[\"https:\\\/\\\/ecosupplements.be\\\/fr\\\/produit\\\/selenium-200mcg-180-gelules-vegetaliennes\\\/\"]}]},{\"@type\":\"ImageObject\",\"inLanguage\":\"fr-FR\",\"@id\":\"https:\\\/\\\/ecosupplements.be\\\/fr\\\/produit\\\/selenium-200mcg-180-gelules-vegetaliennes\\\/#primaryimage\",\"url\":\"https:\\\/\\\/ecosupplements.be\\\/wp-content\\\/uploads\\\/2025\\\/08\\\/Selenium-200mcg-180-vegan-caps-1.jpg\",\"contentUrl\":\"https:\\\/\\\/ecosupplements.be\\\/wp-content\\\/uploads\\\/2025\\\/08\\\/Selenium-200mcg-180-vegan-caps-1.jpg\",\"width\":750,\"height\":750},{\"@type\":\"BreadcrumbList\",\"@id\":\"https:\\\/\\\/ecosupplements.be\\\/fr\\\/produit\\\/selenium-200mcg-180-gelules-vegetaliennes\\\/#breadcrumb\",\"itemListElement\":[{\"@type\":\"ListItem\",\"position\":1,\"name\":\"Home\",\"item\":\"https:\\\/\\\/ecosupplements.be\\\/fr\\\/\"},{\"@type\":\"ListItem\",\"position\":2,\"name\":\"Boutique\",\"item\":\"https:\\\/\\\/ecosupplements.be\\\/fr\\\/boutique\\\/\"},{\"@type\":\"ListItem\",\"position\":3,\"name\":\"S\u00e9l\u00e9nium, 200mcg &#8211; 180 g\u00e9lules v\u00e9g\u00e9taliennes\"}]},{\"@type\":\"WebSite\",\"@id\":\"https:\\\/\\\/ecosupplements.be\\\/fr\\\/#website\",\"url\":\"https:\\\/\\\/ecosupplements.be\\\/fr\\\/\",\"name\":\"ECO Supplements\",\"description\":\"Eco Supplements - Gezonde supplementen\",\"publisher\":{\"@id\":\"https:\\\/\\\/ecosupplements.be\\\/fr\\\/#organization\"},\"potentialAction\":[{\"@type\":\"SearchAction\",\"target\":{\"@type\":\"EntryPoint\",\"urlTemplate\":\"https:\\\/\\\/ecosupplements.be\\\/fr\\\/?s={search_term_string}\"},\"query-input\":{\"@type\":\"PropertyValueSpecification\",\"valueRequired\":true,\"valueName\":\"search_term_string\"}}],\"inLanguage\":\"fr-FR\"},{\"@type\":\"Organization\",\"@id\":\"https:\\\/\\\/ecosupplements.be\\\/fr\\\/#organization\",\"name\":\"Eco Supplements\",\"url\":\"https:\\\/\\\/ecosupplements.be\\\/fr\\\/\",\"logo\":{\"@type\":\"ImageObject\",\"inLanguage\":\"fr-FR\",\"@id\":\"https:\\\/\\\/ecosupplements.be\\\/fr\\\/#\\\/schema\\\/logo\\\/image\\\/\",\"url\":\"https:\\\/\\\/ecosupplements.be\\\/wp-content\\\/uploads\\\/2022\\\/06\\\/ecosupplement-family.png\",\"contentUrl\":\"https:\\\/\\\/ecosupplements.be\\\/wp-content\\\/uploads\\\/2022\\\/06\\\/ecosupplement-family.png\",\"width\":593,\"height\":374,\"caption\":\"Eco Supplements\"},\"image\":{\"@id\":\"https:\\\/\\\/ecosupplements.be\\\/fr\\\/#\\\/schema\\\/logo\\\/image\\\/\"}}]}<\/script>\n<meta property=\"product:brand\" content=\"Osavi\" \/>\n<meta property=\"product:price:amount\" content=\"14.97\" \/>\n<meta property=\"product:price:currency\" content=\"EUR\" \/>\n<meta property=\"og:availability\" content=\"instock\" \/>\n<meta property=\"product:availability\" content=\"instock\" \/>\n<meta property=\"product:retailer_item_id\" content=\"5904139921012\" \/>\n<meta property=\"product:condition\" content=\"new\" \/>\n<!-- \/ Yoast SEO Premium plugin. -->","yoast_head_json":{"title":"S\u00e9l\u00e9nium, 200mcg - 180 g\u00e9lules v\u00e9g\u00e9taliennes - ECO Supplements","description":"Wij hebben een ruime keuze aan producten van S\u00e9l\u00e9nium, 200mcg - 180 g\u00e9lules v\u00e9g\u00e9taliennes . Winkel bij Eco Supplements altijd gratis verzending boven 100\u20ac","robots":{"index":"index","follow":"follow","max-snippet":"max-snippet:-1","max-image-preview":"max-image-preview:large","max-video-preview":"max-video-preview:-1"},"canonical":"https:\/\/ecosupplements.be\/fr\/produit\/selenium-200mcg-180-gelules-vegetaliennes\/","og_locale":"fr_FR","og_type":"article","og_title":"S\u00e9l\u00e9nium, 200mcg - 180 g\u00e9lules v\u00e9g\u00e9taliennes","og_description":"Wij hebben een ruime keuze aan producten van S\u00e9l\u00e9nium, 200mcg - 180 g\u00e9lules v\u00e9g\u00e9taliennes . Winkel bij Eco Supplements altijd gratis verzending boven 100\u20ac","og_url":"https:\/\/ecosupplements.be\/fr\/produit\/selenium-200mcg-180-gelules-vegetaliennes\/","og_site_name":"ECO Supplements","article_modified_time":"2025-08-27T11:22:09+00:00","og_image":[{"width":750,"height":750,"url":"https:\/\/ecosupplements.be\/wp-content\/uploads\/2025\/08\/Selenium-200mcg-180-vegan-caps-1.jpg","type":"image\/jpeg"}],"twitter_card":"summary_large_image","twitter_misc":{"Prix":"14.97&nbsp;&euro;","Disponibilit\u00e9":"En stock"},"schema":{"@context":"https:\/\/schema.org","@graph":[{"@type":["WebPage","ItemPage"],"@id":"https:\/\/ecosupplements.be\/fr\/produit\/selenium-200mcg-180-gelules-vegetaliennes\/","url":"https:\/\/ecosupplements.be\/fr\/produit\/selenium-200mcg-180-gelules-vegetaliennes\/","name":"S\u00e9l\u00e9nium, 200mcg - 180 g\u00e9lules v\u00e9g\u00e9taliennes - ECO Supplements","isPartOf":{"@id":"https:\/\/ecosupplements.be\/fr\/#website"},"primaryImageOfPage":{"@id":"https:\/\/ecosupplements.be\/fr\/produit\/selenium-200mcg-180-gelules-vegetaliennes\/#primaryimage"},"image":{"@id":"https:\/\/ecosupplements.be\/fr\/produit\/selenium-200mcg-180-gelules-vegetaliennes\/#primaryimage"},"thumbnailUrl":"https:\/\/ecosupplements.be\/wp-content\/uploads\/2025\/08\/Selenium-200mcg-180-vegan-caps-1.jpg","datePublished":"2022-06-28T09:28:25+00:00","dateModified":"2025-08-27T11:22:09+00:00","description":"Wij hebben een ruime keuze aan producten van S\u00e9l\u00e9nium, 200mcg - 180 g\u00e9lules v\u00e9g\u00e9taliennes . Winkel bij Eco Supplements altijd gratis verzending boven 100\u20ac","breadcrumb":{"@id":"https:\/\/ecosupplements.be\/fr\/produit\/selenium-200mcg-180-gelules-vegetaliennes\/#breadcrumb"},"inLanguage":"fr-FR","potentialAction":[{"@type":"ReadAction","target":["https:\/\/ecosupplements.be\/fr\/produit\/selenium-200mcg-180-gelules-vegetaliennes\/"]}]},{"@type":"ImageObject","inLanguage":"fr-FR","@id":"https:\/\/ecosupplements.be\/fr\/produit\/selenium-200mcg-180-gelules-vegetaliennes\/#primaryimage","url":"https:\/\/ecosupplements.be\/wp-content\/uploads\/2025\/08\/Selenium-200mcg-180-vegan-caps-1.jpg","contentUrl":"https:\/\/ecosupplements.be\/wp-content\/uploads\/2025\/08\/Selenium-200mcg-180-vegan-caps-1.jpg","width":750,"height":750},{"@type":"BreadcrumbList","@id":"https:\/\/ecosupplements.be\/fr\/produit\/selenium-200mcg-180-gelules-vegetaliennes\/#breadcrumb","itemListElement":[{"@type":"ListItem","position":1,"name":"Home","item":"https:\/\/ecosupplements.be\/fr\/"},{"@type":"ListItem","position":2,"name":"Boutique","item":"https:\/\/ecosupplements.be\/fr\/boutique\/"},{"@type":"ListItem","position":3,"name":"S\u00e9l\u00e9nium, 200mcg &#8211; 180 g\u00e9lules v\u00e9g\u00e9taliennes"}]},{"@type":"WebSite","@id":"https:\/\/ecosupplements.be\/fr\/#website","url":"https:\/\/ecosupplements.be\/fr\/","name":"ECO Supplements","description":"Eco Supplements - Gezonde supplementen","publisher":{"@id":"https:\/\/ecosupplements.be\/fr\/#organization"},"potentialAction":[{"@type":"SearchAction","target":{"@type":"EntryPoint","urlTemplate":"https:\/\/ecosupplements.be\/fr\/?s={search_term_string}"},"query-input":{"@type":"PropertyValueSpecification","valueRequired":true,"valueName":"search_term_string"}}],"inLanguage":"fr-FR"},{"@type":"Organization","@id":"https:\/\/ecosupplements.be\/fr\/#organization","name":"Eco Supplements","url":"https:\/\/ecosupplements.be\/fr\/","logo":{"@type":"ImageObject","inLanguage":"fr-FR","@id":"https:\/\/ecosupplements.be\/fr\/#\/schema\/logo\/image\/","url":"https:\/\/ecosupplements.be\/wp-content\/uploads\/2022\/06\/ecosupplement-family.png","contentUrl":"https:\/\/ecosupplements.be\/wp-content\/uploads\/2022\/06\/ecosupplement-family.png","width":593,"height":374,"caption":"Eco Supplements"},"image":{"@id":"https:\/\/ecosupplements.be\/fr\/#\/schema\/logo\/image\/"}}]},"product_brand":"Osavi","product_price_amount":"14.97","product_price_currency":"EUR","og_availability":"instock","product_availability":"instock","product_retailer_item_id":"5904139921012","product_condition":"new"},"_links":{"self":[{"href":"https:\/\/ecosupplements.be\/fr\/wp-json\/wp\/v2\/product\/282326","targetHints":{"allow":["GET"]}}],"collection":[{"href":"https:\/\/ecosupplements.be\/fr\/wp-json\/wp\/v2\/product"}],"about":[{"href":"https:\/\/ecosupplements.be\/fr\/wp-json\/wp\/v2\/types\/product"}],"replies":[{"embeddable":true,"href":"https:\/\/ecosupplements.be\/fr\/wp-json\/wp\/v2\/comments?post=282326"}],"wp:featuredmedia":[{"embeddable":true,"href":"https:\/\/ecosupplements.be\/fr\/wp-json\/wp\/v2\/media\/253634"}],"wp:attachment":[{"href":"https:\/\/ecosupplements.be\/fr\/wp-json\/wp\/v2\/media?parent=282326"}],"wp:term":[{"taxonomy":"product_brand","embeddable":true,"href":"https:\/\/ecosupplements.be\/fr\/wp-json\/wp\/v2\/product_brand?post=282326"},{"taxonomy":"product_cat","embeddable":true,"href":"https:\/\/ecosupplements.be\/fr\/wp-json\/wp\/v2\/product_cat?post=282326"},{"taxonomy":"product_tag","embeddable":true,"href":"https:\/\/ecosupplements.be\/fr\/wp-json\/wp\/v2\/product_tag?post=282326"}],"curies":[{"name":"wp","href":"https:\/\/api.w.org\/{rel}","templated":true}]}}