{"id":282330,"date":"2022-06-28T10:28:25","date_gmt":"2022-06-28T09:28:25","guid":{"rendered":"https:\/\/ecosupplements.be\/product\/spray-oral-de-vitamine-d3-k2-menthe-poivree-25-ml\/"},"modified":"2025-08-27T12:22:28","modified_gmt":"2025-08-27T11:22:28","slug":"spray-oral-de-vitamine-d3-k2-menthe-poivree-25-ml","status":"publish","type":"product","link":"https:\/\/ecosupplements.be\/fr\/produit\/spray-oral-de-vitamine-d3-k2-menthe-poivree-25-ml\/","title":{"rendered":"Spray oral de vitamine D3 + K2, menthe poivr\u00e9e &#8211; 25 ml."},"content":{"rendered":"<h1 style=\"text-align: center;\">Osavi &#8211; Vitamine D3 + K2 en spray oral<\/h1>\n<p>Compl\u00e9ment alimentaire sous forme de spray oral contenant de la vitamine D3 (chol\u00e9calcif\u00e9rol) et de la vitamine K2 (m\u00e9naquinone-7). Ces deux vitamines sont essentielles pour garder nos dents et nos os en bonne sant\u00e9. Votre corps a besoin de ces vitamines en quantit\u00e9s correctes pour rester en forme et en bonne sant\u00e9. Vous trouvez ces deux vitamines dans notre spray oral. Une portion fournit 1000 UI de vitamine D3 et 15 \u00b5g de vitamine K2.  Notre formule contient du xylitol et un ar\u00f4me naturel de menthe poivr\u00e9e, ce qui garantit un go\u00fbt agr\u00e9able.<br \/>\nEn quoi un suppl\u00e9ment pourrait-il vous \u00eatre b\u00e9n\u00e9fique ?<br \/>\nEn raison de la fa\u00e7on dont nous obtenons les vitamines D3 et K2, il ne sera peut-\u00eatre pas aussi facile que de modifier une ou deux choses pour obtenir la bonne quantit\u00e9 chaque jour. Une exposition limit\u00e9e \u00e0 la lumi\u00e8re du soleil ou des choix et besoins alimentaires pourraient tout simplement rendre la t\u00e2che trop difficile. Si c&#8217;est le cas, un suppl\u00e9ment de vitamine D3 et K2 de haute qualit\u00e9 peut vous aider. Notre spray oral pratique est propos\u00e9 dans une saveur naturelle de menthe poivr\u00e9e, et vous n&#8217;avez besoin que d&#8217;une seule pulv\u00e9risation sous la langue par jour.<br \/>\nPourquoi une personne aurait-elle int\u00e9r\u00eat \u00e0 se suppl\u00e9menter en vitamine D3+K2 ?<br \/>\n&#8211; La vitamine D et la vitamine K contribuent au maintien d&#8217;une ossature normale.&nbsp;<br \/>\n&#8211; La vitamine D contribue \u00e0 l&#8217;entretien de dents normales.<br \/>\n&#8211; La vitamine D contribue au fonctionnement normal du syst\u00e8me immunitaire.&nbsp;<br \/>\n&#8211; La vitamine D contribue au maintien d&#8217;une fonction musculaire normale.<br \/>\n&#8211; La vitamine D joue un r\u00f4le dans le processus de division cellulaire.<br \/>\n&#8211; La vitamine D contribue \u00e0 un taux de calcium sanguin normal.<br \/>\n&#8211; La vitamine K contribue \u00e0 la coagulation normale du sang.<br \/>\nQuelle est la particularit\u00e9 du spray Vitamine D3+K2 ?<br \/>\n&#8211; Une nouvelle forme de suppl\u00e9mentation.<br \/>\n&#8211; Confortable, petit paquet et en m\u00eame temps suffisant, m\u00eame 4 mois d&#8217;utilisation.<br \/>\n&#8211; Contient de la m\u00e9naquinone-7 (MK-7), forme hautement absorbable de la vitamine K2 et de la vitamine D3 d&#8217;origine naturelle (chol\u00e9calcif\u00e9rol).<br \/>\n&#8211; Avec xylitol et ar\u00f4me naturel de menthe poivr\u00e9e.<br \/>\n&#8211; Facile \u00e0 utiliser : vous n&#8217;avez pas besoin de le prendre avec un verre d&#8217;eau ou de le dissoudre, une application confortable pour les personnes qui ont des probl\u00e8mes de d\u00e9glutition &#8211; plus de g\u00e9lules ou de comprim\u00e9s !<\/p>\n<p><img decoding=\"async\" src=\"https:\/\/ecosupplements.be\/wp-content\/uploads\/2025\/08\/gluten-free-1.png\" title=\"Sans gluten\" alt=\"Gluten free\"><img decoding=\"async\" src=\"https:\/\/ecosupplements.be\/wp-content\/uploads\/2025\/08\/non-gmo-1.png\" title=\"Non-OGM\" alt=\"Non-GMO\"><img decoding=\"async\" src=\"https:\/\/ecosupplements.be\/wp-content\/uploads\/2025\/08\/sugar-free-1.png\" title=\"Sans sucre\" alt=\"Sugar free\"><img decoding=\"async\" src=\"https:\/\/ecosupplements.be\/wp-content\/uploads\/2025\/08\/vegetarian-1.png\" title=\"V\u00e9g\u00e9tarien\" alt=\"Vegetarian\"><\/p>\n","protected":false},"excerpt":{"rendered":"<p>Osavi &#8211; Vitamine D3 + K2 en spray oral Compl\u00e9ment alimentaire sous forme de spray oral contenant de la vitamine D3 (chol\u00e9calcif\u00e9rol) et de la vitamine K2 (m\u00e9naquinone-7). Ces deux vitamines sont essentielles pour garder nos dents et nos os en bonne sant\u00e9. Votre corps a besoin de ces vitamines en quantit\u00e9s correctes pour rester [&#8230;]\n","protected":false},"featured_media":253670,"comment_status":"open","ping_status":"open","template":"","meta":[],"product_brand":[4756],"product_cat":[5061,5052,5060,5053,5059],"product_tag":[],"class_list":{"0":"post-282330","1":"product","2":"type-product","3":"status-publish","4":"has-post-thumbnail","6":"product_brand-osavi-2","7":"product_cat-d3-vitamine-d-vitamines-simples","8":"product_cat-sante-et-bien-etre","9":"product_cat-vitamine-d-vitamines-simples","10":"product_cat-vitamines-et-mineraux","11":"product_cat-vitamines-simples","13":"first","14":"instock","15":"sale","16":"taxable","17":"shipping-taxable","18":"purchasable","19":"product-type-simple"},"yoast_head":"<!-- This site is optimized with the Yoast SEO Premium plugin v27.5 (Yoast SEO v27.5) - https:\/\/yoast.com\/product\/yoast-seo-premium-wordpress\/ -->\n<title>Spray oral de vitamine D3 + K2, menthe poivr\u00e9e - 25 ml. - ECO Supplements<\/title>\n<meta name=\"description\" content=\"Wij hebben een ruime keuze aan producten van Spray oral de vitamine D3 + K2, menthe poivr\u00e9e - 25 ml. . Winkel bij Eco Supplements altijd gratis verzending boven 100\u20ac\" \/>\n<meta name=\"robots\" content=\"index, follow, max-snippet:-1, max-image-preview:large, max-video-preview:-1\" \/>\n<link rel=\"canonical\" href=\"https:\/\/ecosupplements.be\/fr\/produit\/spray-oral-de-vitamine-d3-k2-menthe-poivree-25-ml\/\" \/>\n<meta property=\"og:locale\" content=\"fr_FR\" \/>\n<meta property=\"og:type\" content=\"article\" \/>\n<meta property=\"og:title\" content=\"Spray oral de vitamine D3 + K2, menthe poivr\u00e9e - 25 ml.\" \/>\n<meta property=\"og:description\" content=\"Wij hebben een ruime keuze aan producten van Spray oral de vitamine D3 + K2, menthe poivr\u00e9e - 25 ml. . Winkel bij Eco Supplements altijd gratis verzending boven 100\u20ac\" \/>\n<meta property=\"og:url\" content=\"https:\/\/ecosupplements.be\/fr\/produit\/spray-oral-de-vitamine-d3-k2-menthe-poivree-25-ml\/\" \/>\n<meta property=\"og:site_name\" content=\"ECO Supplements\" \/>\n<meta property=\"article:modified_time\" content=\"2025-08-27T11:22:28+00:00\" \/>\n<meta property=\"og:image\" content=\"https:\/\/ecosupplements.be\/wp-content\/uploads\/2025\/08\/Vitamin-D3-K2-Oral-Spray-Peppermint-25-ml-1.jpg\" \/>\n\t<meta property=\"og:image:width\" content=\"750\" \/>\n\t<meta property=\"og:image:height\" content=\"750\" \/>\n\t<meta property=\"og:image:type\" content=\"image\/jpeg\" \/>\n<meta name=\"twitter:card\" content=\"summary_large_image\" \/>\n<meta name=\"twitter:label1\" content=\"Prix\" \/>\n\t<meta name=\"twitter:data1\" content=\"10.36&nbsp;&euro;\" \/>\n\t<meta name=\"twitter:label2\" content=\"Disponibilit\u00e9\" \/>\n\t<meta name=\"twitter:data2\" content=\"En stock\" \/>\n<script type=\"application\/ld+json\" class=\"yoast-schema-graph\">{\"@context\":\"https:\\\/\\\/schema.org\",\"@graph\":[{\"@type\":[\"WebPage\",\"ItemPage\"],\"@id\":\"https:\\\/\\\/ecosupplements.be\\\/fr\\\/produit\\\/spray-oral-de-vitamine-d3-k2-menthe-poivree-25-ml\\\/\",\"url\":\"https:\\\/\\\/ecosupplements.be\\\/fr\\\/produit\\\/spray-oral-de-vitamine-d3-k2-menthe-poivree-25-ml\\\/\",\"name\":\"Spray oral de vitamine D3 + K2, menthe poivr\u00e9e - 25 ml. - ECO Supplements\",\"isPartOf\":{\"@id\":\"https:\\\/\\\/ecosupplements.be\\\/fr\\\/#website\"},\"primaryImageOfPage\":{\"@id\":\"https:\\\/\\\/ecosupplements.be\\\/fr\\\/produit\\\/spray-oral-de-vitamine-d3-k2-menthe-poivree-25-ml\\\/#primaryimage\"},\"image\":{\"@id\":\"https:\\\/\\\/ecosupplements.be\\\/fr\\\/produit\\\/spray-oral-de-vitamine-d3-k2-menthe-poivree-25-ml\\\/#primaryimage\"},\"thumbnailUrl\":\"https:\\\/\\\/ecosupplements.be\\\/wp-content\\\/uploads\\\/2025\\\/08\\\/Vitamin-D3-K2-Oral-Spray-Peppermint-25-ml-1.jpg\",\"datePublished\":\"2022-06-28T09:28:25+00:00\",\"dateModified\":\"2025-08-27T11:22:28+00:00\",\"description\":\"Wij hebben een ruime keuze aan producten van Spray oral de vitamine D3 + K2, menthe poivr\u00e9e - 25 ml. . Winkel bij Eco Supplements altijd gratis verzending boven 100\u20ac\",\"breadcrumb\":{\"@id\":\"https:\\\/\\\/ecosupplements.be\\\/fr\\\/produit\\\/spray-oral-de-vitamine-d3-k2-menthe-poivree-25-ml\\\/#breadcrumb\"},\"inLanguage\":\"fr-FR\",\"potentialAction\":[{\"@type\":\"ReadAction\",\"target\":[\"https:\\\/\\\/ecosupplements.be\\\/fr\\\/produit\\\/spray-oral-de-vitamine-d3-k2-menthe-poivree-25-ml\\\/\"]}]},{\"@type\":\"ImageObject\",\"inLanguage\":\"fr-FR\",\"@id\":\"https:\\\/\\\/ecosupplements.be\\\/fr\\\/produit\\\/spray-oral-de-vitamine-d3-k2-menthe-poivree-25-ml\\\/#primaryimage\",\"url\":\"https:\\\/\\\/ecosupplements.be\\\/wp-content\\\/uploads\\\/2025\\\/08\\\/Vitamin-D3-K2-Oral-Spray-Peppermint-25-ml-1.jpg\",\"contentUrl\":\"https:\\\/\\\/ecosupplements.be\\\/wp-content\\\/uploads\\\/2025\\\/08\\\/Vitamin-D3-K2-Oral-Spray-Peppermint-25-ml-1.jpg\",\"width\":750,\"height\":750},{\"@type\":\"BreadcrumbList\",\"@id\":\"https:\\\/\\\/ecosupplements.be\\\/fr\\\/produit\\\/spray-oral-de-vitamine-d3-k2-menthe-poivree-25-ml\\\/#breadcrumb\",\"itemListElement\":[{\"@type\":\"ListItem\",\"position\":1,\"name\":\"Home\",\"item\":\"https:\\\/\\\/ecosupplements.be\\\/fr\\\/\"},{\"@type\":\"ListItem\",\"position\":2,\"name\":\"Boutique\",\"item\":\"https:\\\/\\\/ecosupplements.be\\\/fr\\\/boutique\\\/\"},{\"@type\":\"ListItem\",\"position\":3,\"name\":\"Spray oral de vitamine D3 + K2, menthe poivr\u00e9e &#8211; 25 ml.\"}]},{\"@type\":\"WebSite\",\"@id\":\"https:\\\/\\\/ecosupplements.be\\\/fr\\\/#website\",\"url\":\"https:\\\/\\\/ecosupplements.be\\\/fr\\\/\",\"name\":\"ECO Supplements\",\"description\":\"Eco Supplements - Gezonde supplementen\",\"publisher\":{\"@id\":\"https:\\\/\\\/ecosupplements.be\\\/fr\\\/#organization\"},\"potentialAction\":[{\"@type\":\"SearchAction\",\"target\":{\"@type\":\"EntryPoint\",\"urlTemplate\":\"https:\\\/\\\/ecosupplements.be\\\/fr\\\/?s={search_term_string}\"},\"query-input\":{\"@type\":\"PropertyValueSpecification\",\"valueRequired\":true,\"valueName\":\"search_term_string\"}}],\"inLanguage\":\"fr-FR\"},{\"@type\":\"Organization\",\"@id\":\"https:\\\/\\\/ecosupplements.be\\\/fr\\\/#organization\",\"name\":\"Eco Supplements\",\"url\":\"https:\\\/\\\/ecosupplements.be\\\/fr\\\/\",\"logo\":{\"@type\":\"ImageObject\",\"inLanguage\":\"fr-FR\",\"@id\":\"https:\\\/\\\/ecosupplements.be\\\/fr\\\/#\\\/schema\\\/logo\\\/image\\\/\",\"url\":\"https:\\\/\\\/ecosupplements.be\\\/wp-content\\\/uploads\\\/2022\\\/06\\\/ecosupplement-family.png\",\"contentUrl\":\"https:\\\/\\\/ecosupplements.be\\\/wp-content\\\/uploads\\\/2022\\\/06\\\/ecosupplement-family.png\",\"width\":593,\"height\":374,\"caption\":\"Eco Supplements\"},\"image\":{\"@id\":\"https:\\\/\\\/ecosupplements.be\\\/fr\\\/#\\\/schema\\\/logo\\\/image\\\/\"}}]}<\/script>\n<meta property=\"product:brand\" content=\"Osavi\" \/>\n<meta property=\"product:price:amount\" content=\"10.36\" \/>\n<meta property=\"product:price:currency\" content=\"EUR\" \/>\n<meta property=\"og:availability\" content=\"instock\" \/>\n<meta property=\"product:availability\" content=\"instock\" \/>\n<meta property=\"product:retailer_item_id\" content=\"5904139920589\" \/>\n<meta property=\"product:condition\" content=\"new\" \/>\n<!-- \/ Yoast SEO Premium plugin. -->","yoast_head_json":{"title":"Spray oral de vitamine D3 + K2, menthe poivr\u00e9e - 25 ml. - ECO Supplements","description":"Wij hebben een ruime keuze aan producten van Spray oral de vitamine D3 + K2, menthe poivr\u00e9e - 25 ml. . Winkel bij Eco Supplements altijd gratis verzending boven 100\u20ac","robots":{"index":"index","follow":"follow","max-snippet":"max-snippet:-1","max-image-preview":"max-image-preview:large","max-video-preview":"max-video-preview:-1"},"canonical":"https:\/\/ecosupplements.be\/fr\/produit\/spray-oral-de-vitamine-d3-k2-menthe-poivree-25-ml\/","og_locale":"fr_FR","og_type":"article","og_title":"Spray oral de vitamine D3 + K2, menthe poivr\u00e9e - 25 ml.","og_description":"Wij hebben een ruime keuze aan producten van Spray oral de vitamine D3 + K2, menthe poivr\u00e9e - 25 ml. . Winkel bij Eco Supplements altijd gratis verzending boven 100\u20ac","og_url":"https:\/\/ecosupplements.be\/fr\/produit\/spray-oral-de-vitamine-d3-k2-menthe-poivree-25-ml\/","og_site_name":"ECO Supplements","article_modified_time":"2025-08-27T11:22:28+00:00","og_image":[{"width":750,"height":750,"url":"https:\/\/ecosupplements.be\/wp-content\/uploads\/2025\/08\/Vitamin-D3-K2-Oral-Spray-Peppermint-25-ml-1.jpg","type":"image\/jpeg"}],"twitter_card":"summary_large_image","twitter_misc":{"Prix":"10.36&nbsp;&euro;","Disponibilit\u00e9":"En stock"},"schema":{"@context":"https:\/\/schema.org","@graph":[{"@type":["WebPage","ItemPage"],"@id":"https:\/\/ecosupplements.be\/fr\/produit\/spray-oral-de-vitamine-d3-k2-menthe-poivree-25-ml\/","url":"https:\/\/ecosupplements.be\/fr\/produit\/spray-oral-de-vitamine-d3-k2-menthe-poivree-25-ml\/","name":"Spray oral de vitamine D3 + K2, menthe poivr\u00e9e - 25 ml. - ECO Supplements","isPartOf":{"@id":"https:\/\/ecosupplements.be\/fr\/#website"},"primaryImageOfPage":{"@id":"https:\/\/ecosupplements.be\/fr\/produit\/spray-oral-de-vitamine-d3-k2-menthe-poivree-25-ml\/#primaryimage"},"image":{"@id":"https:\/\/ecosupplements.be\/fr\/produit\/spray-oral-de-vitamine-d3-k2-menthe-poivree-25-ml\/#primaryimage"},"thumbnailUrl":"https:\/\/ecosupplements.be\/wp-content\/uploads\/2025\/08\/Vitamin-D3-K2-Oral-Spray-Peppermint-25-ml-1.jpg","datePublished":"2022-06-28T09:28:25+00:00","dateModified":"2025-08-27T11:22:28+00:00","description":"Wij hebben een ruime keuze aan producten van Spray oral de vitamine D3 + K2, menthe poivr\u00e9e - 25 ml. . Winkel bij Eco Supplements altijd gratis verzending boven 100\u20ac","breadcrumb":{"@id":"https:\/\/ecosupplements.be\/fr\/produit\/spray-oral-de-vitamine-d3-k2-menthe-poivree-25-ml\/#breadcrumb"},"inLanguage":"fr-FR","potentialAction":[{"@type":"ReadAction","target":["https:\/\/ecosupplements.be\/fr\/produit\/spray-oral-de-vitamine-d3-k2-menthe-poivree-25-ml\/"]}]},{"@type":"ImageObject","inLanguage":"fr-FR","@id":"https:\/\/ecosupplements.be\/fr\/produit\/spray-oral-de-vitamine-d3-k2-menthe-poivree-25-ml\/#primaryimage","url":"https:\/\/ecosupplements.be\/wp-content\/uploads\/2025\/08\/Vitamin-D3-K2-Oral-Spray-Peppermint-25-ml-1.jpg","contentUrl":"https:\/\/ecosupplements.be\/wp-content\/uploads\/2025\/08\/Vitamin-D3-K2-Oral-Spray-Peppermint-25-ml-1.jpg","width":750,"height":750},{"@type":"BreadcrumbList","@id":"https:\/\/ecosupplements.be\/fr\/produit\/spray-oral-de-vitamine-d3-k2-menthe-poivree-25-ml\/#breadcrumb","itemListElement":[{"@type":"ListItem","position":1,"name":"Home","item":"https:\/\/ecosupplements.be\/fr\/"},{"@type":"ListItem","position":2,"name":"Boutique","item":"https:\/\/ecosupplements.be\/fr\/boutique\/"},{"@type":"ListItem","position":3,"name":"Spray oral de vitamine D3 + K2, menthe poivr\u00e9e &#8211; 25 ml."}]},{"@type":"WebSite","@id":"https:\/\/ecosupplements.be\/fr\/#website","url":"https:\/\/ecosupplements.be\/fr\/","name":"ECO Supplements","description":"Eco Supplements - Gezonde supplementen","publisher":{"@id":"https:\/\/ecosupplements.be\/fr\/#organization"},"potentialAction":[{"@type":"SearchAction","target":{"@type":"EntryPoint","urlTemplate":"https:\/\/ecosupplements.be\/fr\/?s={search_term_string}"},"query-input":{"@type":"PropertyValueSpecification","valueRequired":true,"valueName":"search_term_string"}}],"inLanguage":"fr-FR"},{"@type":"Organization","@id":"https:\/\/ecosupplements.be\/fr\/#organization","name":"Eco Supplements","url":"https:\/\/ecosupplements.be\/fr\/","logo":{"@type":"ImageObject","inLanguage":"fr-FR","@id":"https:\/\/ecosupplements.be\/fr\/#\/schema\/logo\/image\/","url":"https:\/\/ecosupplements.be\/wp-content\/uploads\/2022\/06\/ecosupplement-family.png","contentUrl":"https:\/\/ecosupplements.be\/wp-content\/uploads\/2022\/06\/ecosupplement-family.png","width":593,"height":374,"caption":"Eco Supplements"},"image":{"@id":"https:\/\/ecosupplements.be\/fr\/#\/schema\/logo\/image\/"}}]},"product_brand":"Osavi","product_price_amount":"10.36","product_price_currency":"EUR","og_availability":"instock","product_availability":"instock","product_retailer_item_id":"5904139920589","product_condition":"new"},"_links":{"self":[{"href":"https:\/\/ecosupplements.be\/fr\/wp-json\/wp\/v2\/product\/282330","targetHints":{"allow":["GET"]}}],"collection":[{"href":"https:\/\/ecosupplements.be\/fr\/wp-json\/wp\/v2\/product"}],"about":[{"href":"https:\/\/ecosupplements.be\/fr\/wp-json\/wp\/v2\/types\/product"}],"replies":[{"embeddable":true,"href":"https:\/\/ecosupplements.be\/fr\/wp-json\/wp\/v2\/comments?post=282330"}],"wp:featuredmedia":[{"embeddable":true,"href":"https:\/\/ecosupplements.be\/fr\/wp-json\/wp\/v2\/media\/253670"}],"wp:attachment":[{"href":"https:\/\/ecosupplements.be\/fr\/wp-json\/wp\/v2\/media?parent=282330"}],"wp:term":[{"taxonomy":"product_brand","embeddable":true,"href":"https:\/\/ecosupplements.be\/fr\/wp-json\/wp\/v2\/product_brand?post=282330"},{"taxonomy":"product_cat","embeddable":true,"href":"https:\/\/ecosupplements.be\/fr\/wp-json\/wp\/v2\/product_cat?post=282330"},{"taxonomy":"product_tag","embeddable":true,"href":"https:\/\/ecosupplements.be\/fr\/wp-json\/wp\/v2\/product_tag?post=282330"}],"curies":[{"name":"wp","href":"https:\/\/api.w.org\/{rel}","templated":true}]}}