{"id":282336,"date":"2022-06-28T10:28:33","date_gmt":"2022-06-28T09:28:33","guid":{"rendered":"https:\/\/ecosupplements.be\/product\/vitamine-d3-4000iu-120-softgels\/"},"modified":"2025-08-27T12:22:50","modified_gmt":"2025-08-27T11:22:50","slug":"vitamine-d3-4000iu-120-softgels","status":"publish","type":"product","link":"https:\/\/ecosupplements.be\/fr\/produit\/vitamine-d3-4000iu-120-softgels\/","title":{"rendered":"Vitamine D3, 4000IU &#8211; 120 softgels"},"content":{"rendered":"<h1 style=\"text-align: center;\">Osavi &#8211; Vitamine D3<\/h1>\n<p>Capsule de compl\u00e9ment alimentaire en softgel contenant de la vitamine D3 (chol\u00e9calcif\u00e9rol) dissoute dans de l&#8217;huile MCT de noix de coco. Quali\u00ae-D est une forme stable et biodisponible de vitamine D3, d\u00e9riv\u00e9e naturellement de la lanoline.<br \/>\nNotre corps a besoin de vitamine D pour rester en bonne sant\u00e9. Il existe de nombreuses fa\u00e7ons d&#8217;obtenir votre apport quotidien en vitamine D, notamment par notre alimentation et la lumi\u00e8re du soleil. Vous pouvez \u00e9galement l&#8217;augmenter gr\u00e2ce \u00e0 des compl\u00e9ments alimentaires. Il existe diff\u00e9rentes concentrations de suppl\u00e9ments de vitamine D. Notre Vitamine D3 contient 4000 UI, vous donnant 2000% de la VNR d&#8217;une personne moyenne.<br \/>\nVotre corps utilise la vitamine D pour soutenir une s\u00e9rie de fonctions. Globalement, des niveaux corrects de vitamine D contribuent \u00e0 votre sant\u00e9 et \u00e0 votre bien-\u00eatre. C&#8217;est l&#8217;un de ces nutriments essentiels qui nous permet de rester en forme et actifs. Elle aide notamment le corps \u00e0 maintenir la sant\u00e9 des os, des muscles et des dents. La vitamine D contribue \u00e9galement au fonctionnement normal du syst\u00e8me immunitaire, au processus de division cellulaire et \u00e0 l&#8217;absorption et l&#8217;utilisation du calcium et du phosphore, deux nutriments vitaux pour notre organisme.&nbsp;<br \/>\nNous avons tous besoin d&#8217;un apport suffisant en vitamine D, mais il peut \u00eatre difficile de maintenir le bon niveau par le seul biais de l&#8217;alimentation. En fonction de votre corps et de votre mode de vie, vous aurez peut-\u00eatre besoin d&#8217;un peu d&#8217;aide pour augmenter votre apport. Les personnes \u00e2g\u00e9es de plus de 75 ans sont particuli\u00e8rement sujettes \u00e0 une carence en vitamine D. C&#8217;est pourquoi il est recommand\u00e9 qu&#8217;elles prennent de la vitamine D en doses accrues tout au long de l&#8217;ann\u00e9e. Une quantit\u00e9 appropri\u00e9e de vitamine D augmente la densit\u00e9 osseuse et r\u00e9duit le risque de chutes et de fractures. Notre suppl\u00e9ment de vitamine D max strength vous aide \u00e0 y parvenir facilement. Un seul gel mou par jour est tout ce dont vous avez besoin.<br \/>\nPourquoi une personne aurait-elle int\u00e9r\u00eat \u00e0 se suppl\u00e9menter en vitamine D3 4000 UI ?<br \/>\n&#8211; La vitamine D contribue au fonctionnement normal du syst\u00e8me immunitaire.<br \/>\n&#8211; La vitamine D contribue au maintien d&#8217;os et de dents normaux.<br \/>\n&#8211; La vitamine D contribue au maintien d&#8217;une fonction musculaire normale.<br \/>\n&#8211; La vitamine D contribue \u00e0 l&#8217;absorption\/utilisation normale du calcium et du phosphore<br \/>\n&#8211; La vitamine D contribue \u00e0 un taux de calcium sanguin normal.<br \/>\n&#8211; La vitamine D joue un r\u00f4le dans le processus de division cellulaire.<br \/>\nQu&#8217;est-ce que les softgels Vitamin D3 4000 IU ont de sp\u00e9cial ?<br \/>\n&#8211; Contient du Quali\u00ae-D, une forme stable et biodisponible de vitamine D3 d\u00e9riv\u00e9e naturellement de la lanoline.<br \/>\n&#8211; L&#8217;huile MCT contenue dans le suppl\u00e9ment est obtenue uniquement \u00e0 partir de l&#8217;huile produite \u00e0 partir du fruit du cocotier Cocos nucifera.<br \/>\n&#8211; Sous forme de capsules molles faciles \u00e0 avaler.<br \/>\n&#8211; 4000 UI de vitamine D3 dans une capsule.<br \/>\n&#8211; Bouteille en BioPET (30% du plastique provient de la canne \u00e0 sucre).<\/p>\n<p><img decoding=\"async\" src=\"https:\/\/ecosupplements.be\/wp-content\/uploads\/2025\/08\/gluten-free-1.png\" title=\"Sans gluten\" alt=\"Gluten free\"><img decoding=\"async\" src=\"https:\/\/ecosupplements.be\/wp-content\/uploads\/2025\/08\/non-gmo-1.png\" title=\"Non-OGM\" alt=\"Non-GMO\"><img decoding=\"async\" src=\"https:\/\/ecosupplements.be\/wp-content\/uploads\/2025\/08\/sugar-free-1.png\" title=\"Sans sucre\" alt=\"Sugar free\"><\/p>\n","protected":false},"excerpt":{"rendered":"<p>Osavi &#8211; Vitamine D3 Capsule de compl\u00e9ment alimentaire en softgel contenant de la vitamine D3 (chol\u00e9calcif\u00e9rol) dissoute dans de l&#8217;huile MCT de noix de coco. Quali\u00ae-D est une forme stable et biodisponible de vitamine D3, d\u00e9riv\u00e9e naturellement de la lanoline. Notre corps a besoin de vitamine D pour rester en bonne sant\u00e9. Il existe de [&#8230;]\n","protected":false},"featured_media":253699,"comment_status":"open","ping_status":"open","template":"","meta":[],"product_brand":[4756],"product_cat":[5061,5060,5053,5059],"product_tag":[],"class_list":{"0":"post-282336","1":"product","2":"type-product","3":"status-publish","4":"has-post-thumbnail","6":"product_brand-osavi-2","7":"product_cat-d3-vitamine-d-vitamines-simples","8":"product_cat-vitamine-d-vitamines-simples","9":"product_cat-vitamines-et-mineraux","10":"product_cat-vitamines-simples","12":"first","13":"instock","14":"taxable","15":"shipping-taxable","16":"purchasable","17":"product-type-simple"},"yoast_head":"<!-- This site is optimized with the Yoast SEO Premium plugin v27.3 (Yoast SEO v27.3) - https:\/\/yoast.com\/product\/yoast-seo-premium-wordpress\/ -->\n<title>Vitamine D3, 4000IU - 120 softgels - ECO Supplements<\/title>\n<meta name=\"description\" content=\"Wij hebben een ruime keuze aan producten van Vitamine D3, 4000IU - 120 softgels . Winkel bij Eco Supplements altijd gratis verzending boven 100\u20ac\" \/>\n<meta name=\"robots\" content=\"index, follow, max-snippet:-1, max-image-preview:large, max-video-preview:-1\" \/>\n<link rel=\"canonical\" href=\"https:\/\/ecosupplements.be\/fr\/produit\/vitamine-d3-4000iu-120-softgels\/\" \/>\n<meta property=\"og:locale\" content=\"fr_FR\" \/>\n<meta property=\"og:type\" content=\"article\" \/>\n<meta property=\"og:title\" content=\"Vitamine D3, 4000IU - 120 softgels\" \/>\n<meta property=\"og:description\" content=\"Wij hebben een ruime keuze aan producten van Vitamine D3, 4000IU - 120 softgels . Winkel bij Eco Supplements altijd gratis verzending boven 100\u20ac\" \/>\n<meta property=\"og:url\" content=\"https:\/\/ecosupplements.be\/fr\/produit\/vitamine-d3-4000iu-120-softgels\/\" \/>\n<meta property=\"og:site_name\" content=\"ECO Supplements\" \/>\n<meta property=\"article:modified_time\" content=\"2025-08-27T11:22:50+00:00\" \/>\n<meta property=\"og:image\" content=\"https:\/\/ecosupplements.be\/wp-content\/uploads\/2025\/08\/Vitamin-D3-4000IU-120-softgels-1.jpg\" \/>\n\t<meta property=\"og:image:width\" content=\"750\" \/>\n\t<meta property=\"og:image:height\" content=\"750\" \/>\n\t<meta property=\"og:image:type\" content=\"image\/jpeg\" \/>\n<meta name=\"twitter:card\" content=\"summary_large_image\" \/>\n<meta name=\"twitter:label1\" content=\"Prix\" \/>\n\t<meta name=\"twitter:data1\" content=\"10.56&nbsp;&euro;\" \/>\n\t<meta name=\"twitter:label2\" content=\"Disponibilit\u00e9\" \/>\n\t<meta name=\"twitter:data2\" content=\"En stock\" \/>\n<script type=\"application\/ld+json\" class=\"yoast-schema-graph\">{\"@context\":\"https:\\\/\\\/schema.org\",\"@graph\":[{\"@type\":[\"WebPage\",\"ItemPage\"],\"@id\":\"https:\\\/\\\/ecosupplements.be\\\/fr\\\/produit\\\/vitamine-d3-4000iu-120-softgels\\\/\",\"url\":\"https:\\\/\\\/ecosupplements.be\\\/fr\\\/produit\\\/vitamine-d3-4000iu-120-softgels\\\/\",\"name\":\"Vitamine D3, 4000IU - 120 softgels - ECO Supplements\",\"isPartOf\":{\"@id\":\"https:\\\/\\\/ecosupplements.be\\\/fr\\\/#website\"},\"primaryImageOfPage\":{\"@id\":\"https:\\\/\\\/ecosupplements.be\\\/fr\\\/produit\\\/vitamine-d3-4000iu-120-softgels\\\/#primaryimage\"},\"image\":{\"@id\":\"https:\\\/\\\/ecosupplements.be\\\/fr\\\/produit\\\/vitamine-d3-4000iu-120-softgels\\\/#primaryimage\"},\"thumbnailUrl\":\"https:\\\/\\\/ecosupplements.be\\\/wp-content\\\/uploads\\\/2025\\\/08\\\/Vitamin-D3-4000IU-120-softgels-1.jpg\",\"datePublished\":\"2022-06-28T09:28:33+00:00\",\"dateModified\":\"2025-08-27T11:22:50+00:00\",\"description\":\"Wij hebben een ruime keuze aan producten van Vitamine D3, 4000IU - 120 softgels . Winkel bij Eco Supplements altijd gratis verzending boven 100\u20ac\",\"breadcrumb\":{\"@id\":\"https:\\\/\\\/ecosupplements.be\\\/fr\\\/produit\\\/vitamine-d3-4000iu-120-softgels\\\/#breadcrumb\"},\"inLanguage\":\"fr-FR\",\"potentialAction\":[{\"@type\":\"ReadAction\",\"target\":[\"https:\\\/\\\/ecosupplements.be\\\/fr\\\/produit\\\/vitamine-d3-4000iu-120-softgels\\\/\"]}]},{\"@type\":\"ImageObject\",\"inLanguage\":\"fr-FR\",\"@id\":\"https:\\\/\\\/ecosupplements.be\\\/fr\\\/produit\\\/vitamine-d3-4000iu-120-softgels\\\/#primaryimage\",\"url\":\"https:\\\/\\\/ecosupplements.be\\\/wp-content\\\/uploads\\\/2025\\\/08\\\/Vitamin-D3-4000IU-120-softgels-1.jpg\",\"contentUrl\":\"https:\\\/\\\/ecosupplements.be\\\/wp-content\\\/uploads\\\/2025\\\/08\\\/Vitamin-D3-4000IU-120-softgels-1.jpg\",\"width\":750,\"height\":750},{\"@type\":\"BreadcrumbList\",\"@id\":\"https:\\\/\\\/ecosupplements.be\\\/fr\\\/produit\\\/vitamine-d3-4000iu-120-softgels\\\/#breadcrumb\",\"itemListElement\":[{\"@type\":\"ListItem\",\"position\":1,\"name\":\"Home\",\"item\":\"https:\\\/\\\/ecosupplements.be\\\/fr\\\/\"},{\"@type\":\"ListItem\",\"position\":2,\"name\":\"Boutique\",\"item\":\"https:\\\/\\\/ecosupplements.be\\\/fr\\\/boutique\\\/\"},{\"@type\":\"ListItem\",\"position\":3,\"name\":\"Vitamine D3, 4000IU &#8211; 120 softgels\"}]},{\"@type\":\"WebSite\",\"@id\":\"https:\\\/\\\/ecosupplements.be\\\/fr\\\/#website\",\"url\":\"https:\\\/\\\/ecosupplements.be\\\/fr\\\/\",\"name\":\"ECO Supplements\",\"description\":\"Eco Supplements - Gezonde supplementen\",\"publisher\":{\"@id\":\"https:\\\/\\\/ecosupplements.be\\\/fr\\\/#organization\"},\"potentialAction\":[{\"@type\":\"SearchAction\",\"target\":{\"@type\":\"EntryPoint\",\"urlTemplate\":\"https:\\\/\\\/ecosupplements.be\\\/fr\\\/?s={search_term_string}\"},\"query-input\":{\"@type\":\"PropertyValueSpecification\",\"valueRequired\":true,\"valueName\":\"search_term_string\"}}],\"inLanguage\":\"fr-FR\"},{\"@type\":\"Organization\",\"@id\":\"https:\\\/\\\/ecosupplements.be\\\/fr\\\/#organization\",\"name\":\"Eco Supplements\",\"url\":\"https:\\\/\\\/ecosupplements.be\\\/fr\\\/\",\"logo\":{\"@type\":\"ImageObject\",\"inLanguage\":\"fr-FR\",\"@id\":\"https:\\\/\\\/ecosupplements.be\\\/fr\\\/#\\\/schema\\\/logo\\\/image\\\/\",\"url\":\"https:\\\/\\\/ecosupplements.be\\\/wp-content\\\/uploads\\\/2022\\\/06\\\/ecosupplement-family.png\",\"contentUrl\":\"https:\\\/\\\/ecosupplements.be\\\/wp-content\\\/uploads\\\/2022\\\/06\\\/ecosupplement-family.png\",\"width\":593,\"height\":374,\"caption\":\"Eco Supplements\"},\"image\":{\"@id\":\"https:\\\/\\\/ecosupplements.be\\\/fr\\\/#\\\/schema\\\/logo\\\/image\\\/\"}}]}<\/script>\n<meta property=\"product:brand\" content=\"Osavi\" \/>\n<meta property=\"product:price:amount\" content=\"10.56\" \/>\n<meta property=\"product:price:currency\" content=\"EUR\" \/>\n<meta property=\"og:availability\" content=\"instock\" \/>\n<meta property=\"product:availability\" content=\"instock\" \/>\n<meta property=\"product:retailer_item_id\" content=\"5904139920503\" \/>\n<meta property=\"product:condition\" content=\"new\" \/>\n<!-- \/ Yoast SEO Premium plugin. -->","yoast_head_json":{"title":"Vitamine D3, 4000IU - 120 softgels - ECO Supplements","description":"Wij hebben een ruime keuze aan producten van Vitamine D3, 4000IU - 120 softgels . Winkel bij Eco Supplements altijd gratis verzending boven 100\u20ac","robots":{"index":"index","follow":"follow","max-snippet":"max-snippet:-1","max-image-preview":"max-image-preview:large","max-video-preview":"max-video-preview:-1"},"canonical":"https:\/\/ecosupplements.be\/fr\/produit\/vitamine-d3-4000iu-120-softgels\/","og_locale":"fr_FR","og_type":"article","og_title":"Vitamine D3, 4000IU - 120 softgels","og_description":"Wij hebben een ruime keuze aan producten van Vitamine D3, 4000IU - 120 softgels . Winkel bij Eco Supplements altijd gratis verzending boven 100\u20ac","og_url":"https:\/\/ecosupplements.be\/fr\/produit\/vitamine-d3-4000iu-120-softgels\/","og_site_name":"ECO Supplements","article_modified_time":"2025-08-27T11:22:50+00:00","og_image":[{"width":750,"height":750,"url":"https:\/\/ecosupplements.be\/wp-content\/uploads\/2025\/08\/Vitamin-D3-4000IU-120-softgels-1.jpg","type":"image\/jpeg"}],"twitter_card":"summary_large_image","twitter_misc":{"Prix":"10.56&nbsp;&euro;","Disponibilit\u00e9":"En stock"},"schema":{"@context":"https:\/\/schema.org","@graph":[{"@type":["WebPage","ItemPage"],"@id":"https:\/\/ecosupplements.be\/fr\/produit\/vitamine-d3-4000iu-120-softgels\/","url":"https:\/\/ecosupplements.be\/fr\/produit\/vitamine-d3-4000iu-120-softgels\/","name":"Vitamine D3, 4000IU - 120 softgels - ECO Supplements","isPartOf":{"@id":"https:\/\/ecosupplements.be\/fr\/#website"},"primaryImageOfPage":{"@id":"https:\/\/ecosupplements.be\/fr\/produit\/vitamine-d3-4000iu-120-softgels\/#primaryimage"},"image":{"@id":"https:\/\/ecosupplements.be\/fr\/produit\/vitamine-d3-4000iu-120-softgels\/#primaryimage"},"thumbnailUrl":"https:\/\/ecosupplements.be\/wp-content\/uploads\/2025\/08\/Vitamin-D3-4000IU-120-softgels-1.jpg","datePublished":"2022-06-28T09:28:33+00:00","dateModified":"2025-08-27T11:22:50+00:00","description":"Wij hebben een ruime keuze aan producten van Vitamine D3, 4000IU - 120 softgels . Winkel bij Eco Supplements altijd gratis verzending boven 100\u20ac","breadcrumb":{"@id":"https:\/\/ecosupplements.be\/fr\/produit\/vitamine-d3-4000iu-120-softgels\/#breadcrumb"},"inLanguage":"fr-FR","potentialAction":[{"@type":"ReadAction","target":["https:\/\/ecosupplements.be\/fr\/produit\/vitamine-d3-4000iu-120-softgels\/"]}]},{"@type":"ImageObject","inLanguage":"fr-FR","@id":"https:\/\/ecosupplements.be\/fr\/produit\/vitamine-d3-4000iu-120-softgels\/#primaryimage","url":"https:\/\/ecosupplements.be\/wp-content\/uploads\/2025\/08\/Vitamin-D3-4000IU-120-softgels-1.jpg","contentUrl":"https:\/\/ecosupplements.be\/wp-content\/uploads\/2025\/08\/Vitamin-D3-4000IU-120-softgels-1.jpg","width":750,"height":750},{"@type":"BreadcrumbList","@id":"https:\/\/ecosupplements.be\/fr\/produit\/vitamine-d3-4000iu-120-softgels\/#breadcrumb","itemListElement":[{"@type":"ListItem","position":1,"name":"Home","item":"https:\/\/ecosupplements.be\/fr\/"},{"@type":"ListItem","position":2,"name":"Boutique","item":"https:\/\/ecosupplements.be\/fr\/boutique\/"},{"@type":"ListItem","position":3,"name":"Vitamine D3, 4000IU &#8211; 120 softgels"}]},{"@type":"WebSite","@id":"https:\/\/ecosupplements.be\/fr\/#website","url":"https:\/\/ecosupplements.be\/fr\/","name":"ECO Supplements","description":"Eco Supplements - Gezonde supplementen","publisher":{"@id":"https:\/\/ecosupplements.be\/fr\/#organization"},"potentialAction":[{"@type":"SearchAction","target":{"@type":"EntryPoint","urlTemplate":"https:\/\/ecosupplements.be\/fr\/?s={search_term_string}"},"query-input":{"@type":"PropertyValueSpecification","valueRequired":true,"valueName":"search_term_string"}}],"inLanguage":"fr-FR"},{"@type":"Organization","@id":"https:\/\/ecosupplements.be\/fr\/#organization","name":"Eco Supplements","url":"https:\/\/ecosupplements.be\/fr\/","logo":{"@type":"ImageObject","inLanguage":"fr-FR","@id":"https:\/\/ecosupplements.be\/fr\/#\/schema\/logo\/image\/","url":"https:\/\/ecosupplements.be\/wp-content\/uploads\/2022\/06\/ecosupplement-family.png","contentUrl":"https:\/\/ecosupplements.be\/wp-content\/uploads\/2022\/06\/ecosupplement-family.png","width":593,"height":374,"caption":"Eco Supplements"},"image":{"@id":"https:\/\/ecosupplements.be\/fr\/#\/schema\/logo\/image\/"}}]},"product_brand":"Osavi","product_price_amount":"10.56","product_price_currency":"EUR","og_availability":"instock","product_availability":"instock","product_retailer_item_id":"5904139920503","product_condition":"new"},"_links":{"self":[{"href":"https:\/\/ecosupplements.be\/fr\/wp-json\/wp\/v2\/product\/282336","targetHints":{"allow":["GET"]}}],"collection":[{"href":"https:\/\/ecosupplements.be\/fr\/wp-json\/wp\/v2\/product"}],"about":[{"href":"https:\/\/ecosupplements.be\/fr\/wp-json\/wp\/v2\/types\/product"}],"replies":[{"embeddable":true,"href":"https:\/\/ecosupplements.be\/fr\/wp-json\/wp\/v2\/comments?post=282336"}],"wp:featuredmedia":[{"embeddable":true,"href":"https:\/\/ecosupplements.be\/fr\/wp-json\/wp\/v2\/media\/253699"}],"wp:attachment":[{"href":"https:\/\/ecosupplements.be\/fr\/wp-json\/wp\/v2\/media?parent=282336"}],"wp:term":[{"taxonomy":"product_brand","embeddable":true,"href":"https:\/\/ecosupplements.be\/fr\/wp-json\/wp\/v2\/product_brand?post=282336"},{"taxonomy":"product_cat","embeddable":true,"href":"https:\/\/ecosupplements.be\/fr\/wp-json\/wp\/v2\/product_cat?post=282336"},{"taxonomy":"product_tag","embeddable":true,"href":"https:\/\/ecosupplements.be\/fr\/wp-json\/wp\/v2\/product_tag?post=282336"}],"curies":[{"name":"wp","href":"https:\/\/api.w.org\/{rel}","templated":true}]}}